{"id":2441,"date":"2025-03-21T09:49:30","date_gmt":"2025-03-21T09:49:30","guid":{"rendered":"https:\/\/hengxingmachinery.com\/?page_id=2441"},"modified":"2025-03-21T09:49:32","modified_gmt":"2025-03-21T09:49:32","slug":"vertical-shaft-impact-crushers","status":"publish","type":"page","link":"https:\/\/hengxingmachinery.com\/fr\/vertical-shaft-impact-crushers\/","title":{"rendered":"1-1. Concasseur \u00e0 percussion \u00e0 arbre vertical"},"content":{"rendered":"<div class=\"gb-container gb-container-45165f5a\">\n<div class=\"gb-container gb-container-c2652eb4\">\n\n<h1 class=\"gb-headline gb-headline-62a8b2cc gb-headline-text\">Concasseur \u00e0 percussion \u00e0 arbre vertical<\/h1>\n\n<\/div>\n<\/div>\n\n<div class=\"gb-container gb-container-519cf624\">\n<div class=\"gb-container gb-container-71ca071e\">\n<div class=\"gb-grid-wrapper gb-grid-wrapper-8a5f0688\">\n<div class=\"gb-grid-column gb-grid-column-1e99b1c2\"><div class=\"gb-container gb-container-1e99b1c2\">\n\n<figure class=\"gb-block-image gb-block-image-e4eaba54\"><img decoding=\"async\" width=\"665\" height=\"545\" class=\"gb-image gb-image-e4eaba54\" src=\"https:\/\/hengxingmachinery.com\/wp-content\/uploads\/2025\/03\/vsi-crusher-major-sale.jpg\" alt=\"\" title=\"vsi-crusher-major-sale\" srcset=\"https:\/\/hengxingmachinery.com\/wp-content\/uploads\/2025\/03\/vsi-crusher-major-sale.jpg 665w, https:\/\/hengxingmachinery.com\/wp-content\/uploads\/2025\/03\/vsi-crusher-major-sale-300x246.jpg 300w, https:\/\/hengxingmachinery.com\/wp-content\/uploads\/2025\/03\/vsi-crusher-major-sale-15x12.jpg 15w\" sizes=\"(max-width: 665px) 100vw, 665px\" \/><\/figure>\n\n<\/div><\/div>\n\n<div class=\"gb-grid-column gb-grid-column-bcae065b\"><div class=\"gb-container gb-container-bcae065b\">\n\n<p>Le concasseur \u00e0 percussion vertical produit des agr\u00e9gats de sable et de gravier pour les autoroutes, les chemins de fer \u00e0 grande vitesse, les b\u00e2timents de grande hauteur, les travaux municipaux, la construction de barrages hydro\u00e9lectriques et les centrales \u00e0 b\u00e9ton. C'est un \u00e9quipement dans le domaine de la fabrication de sable artificiel et du fa\u00e7onnage des pierres.<\/p>\n\n\n\n<p><strong><mark style=\"background-color:rgba(0, 0, 0, 0)\" class=\"has-inline-color has-global-color-8-color\">Capacit\u00e9 de production :<\/mark><\/strong> 12-360 t\/h<\/p>\n\n\n\n<p><strong><mark style=\"background-color:rgba(0, 0, 0, 0)\" class=\"has-inline-color has-global-color-8-color\">Taille du flux :<\/mark><\/strong> \u226435-\u226460 mm<\/p>\n\n\n\n<p><strong><mark style=\"background-color:rgba(0, 0, 0, 0)\" class=\"has-inline-color has-global-color-8-color\">Domaine d'application :<\/mark><\/strong> Large gamme d'applications dans divers minerais, ciment, mat\u00e9riaux r\u00e9fractaires, abrasifs, granit, marbre, calcaire, feldspath, etc.<\/p>\n\n\n<div class=\"gb-container gb-container-256e15f1\">\n\n<a class=\"gb-button gb-button-e8b73d89 gb-button-text\" href=\"#popmake-622\">Obtenez un devis gratuit maintenant<\/a>\n\n<\/div>\n<\/div><\/div>\n<\/div>\n<\/div>\n<\/div>\n\n<div class=\"gb-container gb-container-3a930c38\">\n<div class=\"gb-container gb-container-8a36e90a\">\n\n<h2 class=\"gb-headline gb-headline-a5d3273c gb-headline-text\">Application du concasseur \u00e0 percussion \u00e0 arbre vertical<\/h2>\n\n\n\n<p>Le concasseur \u00e0 percussion vertical est le principal \u00e9quipement de production de la ligne de production de sable, \u00e9galement appel\u00e9 machine \u00e0 sable. <\/p>\n\n\n\n<p>Les concasseurs \u00e0 percussion \u00e0 arbre vertical sont largement utilis\u00e9s pour le concassage moyen et fin (fabrication de sable) de divers mat\u00e9riaux durs et cassants tels que diverses roches, abrasifs, mat\u00e9riaux r\u00e9fractaires, clinker de ciment, pierre de quartz, minerai de fer, agr\u00e9gats de b\u00e9ton, etc. Ils sont particuli\u00e8rement adapt\u00e9s au sable de construction et au sable et gravier pour les travaux routiers.<\/p>\n\n\n<div class=\"gb-container gb-container-96208927\">\n\n<a class=\"gb-button gb-button-429870c5 gb-button-text\" href=\"#popmake-622\">Obtenez un devis gratuit maintenant<\/a>\n\n<\/div>\n<\/div>\n<\/div>\n\n<div class=\"gb-container gb-container-34fb53ef\">\n<div class=\"gb-container gb-container-23620b37\">\n\n<h2 class=\"gb-headline gb-headline-2e1f1f31 gb-headline-text\">Avantages du concasseur \u00e0 percussion \u00e0 arbre vertical<\/h2>\n\n\n\n<figure class=\"gb-block-image gb-block-image-f62cd9d6\"><img decoding=\"async\" width=\"800\" height=\"500\" class=\"gb-image gb-image-f62cd9d6\" src=\"https:\/\/hengxingmachinery.com\/wp-content\/uploads\/2025\/03\/vsi-crusher-features.jpg\" alt=\"\" title=\"vsi-crusher-features\" srcset=\"https:\/\/hengxingmachinery.com\/wp-content\/uploads\/2025\/03\/vsi-crusher-features.jpg 800w, https:\/\/hengxingmachinery.com\/wp-content\/uploads\/2025\/03\/vsi-crusher-features-300x188.jpg 300w, https:\/\/hengxingmachinery.com\/wp-content\/uploads\/2025\/03\/vsi-crusher-features-768x480.jpg 768w, https:\/\/hengxingmachinery.com\/wp-content\/uploads\/2025\/03\/vsi-crusher-features-18x12.jpg 18w\" sizes=\"(max-width: 800px) 100vw, 800px\" \/><\/figure>\n\n\n\n<p><strong>1. Bon effet de fabrication de sable<\/strong><\/p>\n\n\n\n<p>Adoptant le principe de \u201cpierre contre pierre\u201d et \u201cpierre contre fer\u201d, il poss\u00e8de les fonctions de fabrication de sable et de fa\u00e7onnage, avec des particules uniformes.<\/p>\n\n\n\n<p><strong>2. Respectueux de l'environnement<\/strong><\/p>\n\n\n\n<p>La machine \u00e0 sable pour galets de rivi\u00e8re adopte une structure de roue \u00e0 aubes \u00e0 chambre profonde, ce qui permet un d\u00e9bit de mat\u00e9riaux important et un rendement \u00e9lev\u00e9. Elle est \u00e9quip\u00e9e d'une circulation interne d'air automatique dans la chambre \u00e0 vortex, ce qui g\u00e9n\u00e8re un faible niveau de bruit et de poussi\u00e8re pendant le travail.<\/p>\n\n\n\n<p><strong>3. Maintenance pratique<\/strong><\/p>\n\n\n\n<p>La machine \u00e0 sable pour galets de rivi\u00e8re adopte une t\u00eate de projection combin\u00e9e. Il suffit de remplacer les pi\u00e8ces les plus us\u00e9es. L'ouverture par v\u00e9rin hydraulique facilite l'inspection par le client, simplifie la maintenance et r\u00e9duit les co\u00fbts.<\/p>\n\n\n<div class=\"gb-container gb-container-78b3fff4\">\n\n<a class=\"gb-button gb-button-fb2cbf2c gb-button-text\" href=\"#popmake-622\">Obtenez un devis gratuit maintenant<\/a>\n\n<\/div>\n<\/div>\n<\/div>\n\n<div class=\"gb-container gb-container-baa18b16\">\n<div class=\"gb-container gb-container-a306c147\">\n\n<h2 class=\"gb-headline gb-headline-779b50bd gb-headline-text\">Principe de fonctionnement du concasseur \u00e0 percussion \u00e0 arbre vertical<\/h2>\n\n\n\n<figure class=\"gb-block-image gb-block-image-c8885d26\"><img decoding=\"async\" width=\"800\" height=\"500\" class=\"gb-image gb-image-c8885d26\" src=\"https:\/\/hengxingmachinery.com\/wp-content\/uploads\/2025\/03\/vsi-crusher-working.jpg\" alt=\"\" title=\"vsi-crusher-working\" srcset=\"https:\/\/hengxingmachinery.com\/wp-content\/uploads\/2025\/03\/vsi-crusher-working.jpg 800w, https:\/\/hengxingmachinery.com\/wp-content\/uploads\/2025\/03\/vsi-crusher-working-300x188.jpg 300w, https:\/\/hengxingmachinery.com\/wp-content\/uploads\/2025\/03\/vsi-crusher-working-768x480.jpg 768w, https:\/\/hengxingmachinery.com\/wp-content\/uploads\/2025\/03\/vsi-crusher-working-18x12.jpg 18w\" sizes=\"(max-width: 800px) 100vw, 800px\" \/><\/figure>\n\n\n\n<p>Le principe de fonctionnement du concasseur \u00e0 percussion vertical repose sur le principe de \u201cpierre contre pierre\u201d. Il permet aux pierres de percuter, dans leur chute naturelle, d'autres pierres acc\u00e9l\u00e9r\u00e9es par la roue \u00e0 aubes, afin d'atteindre l'objectif de concassage. <\/p>\n\n\n\n<p>Lorsque la pierre acc\u00e9l\u00e9r\u00e9e entre en collision avec la pierre tombant naturellement, un vortex se forme, et une rupture secondaire se produit lors du mouvement de retour, ce qui r\u00e9duit consid\u00e9rablement l'usure de la plaque de contre-attaque de la machine pendant le fonctionnement.<\/p>\n\n\n\n<p>La pierre tombe directement de la partie sup\u00e9rieure de la machine sur la table de rotation \u00e0 haute vitesse. Sous l'action de la force centrifuge \u00e0 haute vitesse, elle entre en collision avec une autre partie des pierres cibles dispos\u00e9es autour de la table en forme de parapluie, g\u00e9n\u00e9rant un impact \u00e0 haute vitesse et un concassage \u00e0 haute densit\u00e9. <\/p>\n\n\n\n<p>Apr\u00e8s que les pierres se soient percut\u00e9es, un mouvement vortex se forme \u00e9galement entre la table de rotation et le carter, provoquant de multiples chocs, frottements et \u00e9clatements. Les mat\u00e9riaux sont ensuite \u00e9vacu\u00e9s directement par la partie inf\u00e9rieure. Un circuit ferm\u00e9 se forme pour des cycles multiples, et la granulom\u00e9trie requise est obtenue gr\u00e2ce au contr\u00f4le par l'\u00e9quipement de criblage.<\/p>\n\n\n<div class=\"gb-container gb-container-7cd8f807\">\n\n<a class=\"gb-button gb-button-5a69b89c gb-button-text\" href=\"#popmake-622\">Obtenez un devis gratuit maintenant<\/a>\n\n<\/div>\n<\/div>\n<\/div>\n\n<div class=\"gb-container gb-container-435ad261\">\n<div class=\"gb-container gb-container-7dc79cc4\">\n\n<h2 class=\"gb-headline gb-headline-6fe5dee2 gb-headline-text\">Sp\u00e9cifications du concasseur \u00e0 percussion \u00e0 arbre vertical<\/h2>\n\n\n\n<figure class=\"wp-block-table\"><table class=\"has-fixed-layout\"><tbody><tr><td colspan=\"2\">Mod\u00e8le<\/td><td>VSI7611<\/td><td>VSI8518<\/td><td>VSI9526<\/td><td>VSI1140<\/td><td>VSI1145<\/td><\/tr><tr><td rowspan=\"2\">Capacit\u00e9 (T\/H)<\/td><td>Alimentation centrale et annulaire<\/td><td>120-180<\/td><td>200-260<\/td><td>300-380<\/td><td>450-520<\/td><td>500-640<\/td><\/tr><tr><td>Alimentation centrale<\/td><td>60-90<\/td><td>100-130<\/td><td>150-190<\/td><td>225-260<\/td><td>250-360<\/td><\/tr><tr><td rowspan=\"2\">Taille d'alimentation optimale (MM)<\/td><td>Mat\u00e9riau tendre<\/td><td>35<\/td><td>40<\/td><td>45<\/td><td>50<\/td><td>50<\/td><\/tr><tr><td>Mat\u00e9riau dur<\/td><td>30<\/td><td>35<\/td><td>40<\/td><td>45<\/td><td>45<\/td><\/tr><tr><td colspan=\"2\">Vitesse de rotation (TR\/MIN)<\/td><td>1700-1890<\/td><td>1520-1690<\/td><td>1360-1510<\/td><td>1180-1310<\/td><td>1200-1390<\/td><\/tr><tr><td colspan=\"2\">Puissance pour moteur double (KW)<\/td><td>110<\/td><td>180<\/td><td>264<\/td><td>400<\/td><td>440<\/td><\/tr><tr><td colspan=\"2\">Dimensions L\u00d7l\u00d7H (MM)<\/td><td>3700\u00d72150\u00d72100<\/td><td>4140\u00d72280\u00d72425<\/td><td>4560\u00d72447\u00d72778<\/td><td>5000\u00d72700\u00d73300<\/td><td>5100\u00d72790\u00d73320<\/td><\/tr><tr><td colspan=\"2\">Poids (t)<\/td><td>11.8<\/td><td>14.5<\/td><td>17.8<\/td><td>25.6<\/td><td>26<\/td><\/tr><tr><td colspan=\"2\">Alimentation \u00e9lectrique<\/td><td colspan=\"5\">380V 50Hz<\/td><\/tr><tr><td colspan=\"2\">Capteur de vibration<\/td><td colspan=\"5\">Plage de surveillance : 0,1-20 MM\/S, r\u00e9glage continu<\/td><\/tr><tr><td rowspan=\"4\">Station hydraulique de lubrification<\/td><td>Puissance du moteur de la double pompe \u00e0 huile<\/td><td colspan=\"5\">2\u00d70.25 kW<\/td><\/tr><tr><td>Protection de s\u00e9curit\u00e9<\/td><td colspan=\"5\">Double pompe \u00e0 huile garantissant l'alimentation normale en huile ; arr\u00eat automatique en cas d'absence de pression d'huile ; refroidissement par eau ; pr\u00e9chauffage du moteur en hiver.<\/td><\/tr><tr><td>Surdimensions L\u00d7l\u00d7H (mm)<\/td><td colspan=\"5\">820\u00d7520\u00d71270<\/td><\/tr><tr><td>Puissance de chauffage du r\u00e9servoir d'huile<\/td><td colspan=\"5\">2KW<\/td><\/tr><\/tbody><\/table><\/figure>\n\n\n<div class=\"gb-container gb-container-263d9700\">\n\n<a class=\"gb-button gb-button-a4cbb7be gb-button-text\" href=\"#popmake-622\">Obtenez un devis gratuit maintenant<\/a>\n\n<\/div>\n<\/div>\n<\/div>","protected":false},"excerpt":{"rendered":"<p>Vertical shaft impact crusher Vertical shaft impact crusher application Vertical Impact crusher is the main production equipment of sand making production line, also known as sand making machine. Vertical shaft impact crushers are widely used for medium and fine crushing (sand making) of various hard and brittle materials such as various rocks, abrasives, refractory materials, &#8230; <\/p>\n<p class=\"read-more-container\"><a title=\"1-1. Concasseur \u00e0 percussion \u00e0 arbre vertical\" class=\"read-more button\" href=\"https:\/\/hengxingmachinery.com\/fr\/vertical-shaft-impact-crushers\/#more-2441\" aria-label=\"En savoir plus sur 1-1. Vertical shaft impact crusher\">Lire plus<\/a><\/p>","protected":false},"author":1,"featured_media":0,"parent":0,"menu_order":0,"comment_status":"closed","ping_status":"closed","template":"","meta":{"footnotes":""},"class_list":["post-2441","page","type-page","status-publish"],"yoast_head":"<!-- This site is optimized with the Yoast SEO plugin v27.4 - https:\/\/yoast.com\/product\/yoast-seo-wordpress\/ -->\n<title>1-1. Vertical shaft impact crusher - Hengxing Machinery<\/title>\n<meta name=\"robots\" content=\"index, follow, max-snippet:-1, max-image-preview:large, max-video-preview:-1\" \/>\n<link rel=\"canonical\" href=\"https:\/\/hengxingmachinery.com\/fr\/vertical-shaft-impact-crushers\/\" \/>\n<meta property=\"og:locale\" content=\"fr_FR\" \/>\n<meta property=\"og:type\" content=\"article\" \/>\n<meta property=\"og:title\" content=\"1-1. Vertical shaft impact crusher - Hengxing Machinery\" \/>\n<meta property=\"og:description\" content=\"Vertical shaft impact crusher Vertical shaft impact crusher application Vertical Impact crusher is the main production equipment of sand making production line, also known as sand making machine. Vertical shaft impact crushers are widely used for medium and fine crushing (sand making) of various hard and brittle materials such as various rocks, abrasives, refractory materials, ... Lire plus\" \/>\n<meta property=\"og:url\" content=\"https:\/\/hengxingmachinery.com\/fr\/vertical-shaft-impact-crushers\/\" \/>\n<meta property=\"og:site_name\" content=\"Hengxing Machinery\" \/>\n<meta property=\"article:modified_time\" content=\"2025-03-21T09:49:32+00:00\" \/>\n<meta property=\"og:image\" content=\"https:\/\/hengxingmachinery.com\/wp-content\/uploads\/2025\/03\/vsi-crusher-major-sale.jpg\" \/>\n<meta name=\"twitter:card\" content=\"summary_large_image\" \/>\n<meta name=\"twitter:label1\" content=\"Dur\u00e9e de lecture estim\u00e9e\" \/>\n\t<meta name=\"twitter:data1\" content=\"4 minutes\" \/>\n<script type=\"application\/ld+json\" class=\"yoast-schema-graph\">{\"@context\":\"https:\\\/\\\/schema.org\",\"@graph\":[{\"@type\":\"WebPage\",\"@id\":\"https:\\\/\\\/hengxingmachinery.com\\\/vertical-shaft-impact-crushers\\\/\",\"url\":\"https:\\\/\\\/hengxingmachinery.com\\\/vertical-shaft-impact-crushers\\\/\",\"name\":\"1-1. Vertical shaft impact crusher - Hengxing Machinery\",\"isPartOf\":{\"@id\":\"https:\\\/\\\/hengxingmachinery.com\\\/#website\"},\"primaryImageOfPage\":{\"@id\":\"https:\\\/\\\/hengxingmachinery.com\\\/vertical-shaft-impact-crushers\\\/#primaryimage\"},\"image\":{\"@id\":\"https:\\\/\\\/hengxingmachinery.com\\\/vertical-shaft-impact-crushers\\\/#primaryimage\"},\"thumbnailUrl\":\"https:\\\/\\\/hengxingmachinery.com\\\/wp-content\\\/uploads\\\/2025\\\/03\\\/vsi-crusher-major-sale.jpg\",\"datePublished\":\"2025-03-21T09:49:30+00:00\",\"dateModified\":\"2025-03-21T09:49:32+00:00\",\"breadcrumb\":{\"@id\":\"https:\\\/\\\/hengxingmachinery.com\\\/vertical-shaft-impact-crushers\\\/#breadcrumb\"},\"inLanguage\":\"fr-FR\",\"potentialAction\":[{\"@type\":\"ReadAction\",\"target\":[\"https:\\\/\\\/hengxingmachinery.com\\\/vertical-shaft-impact-crushers\\\/\"]}]},{\"@type\":\"ImageObject\",\"inLanguage\":\"fr-FR\",\"@id\":\"https:\\\/\\\/hengxingmachinery.com\\\/vertical-shaft-impact-crushers\\\/#primaryimage\",\"url\":\"https:\\\/\\\/hengxingmachinery.com\\\/wp-content\\\/uploads\\\/2025\\\/03\\\/vsi-crusher-major-sale.jpg\",\"contentUrl\":\"https:\\\/\\\/hengxingmachinery.com\\\/wp-content\\\/uploads\\\/2025\\\/03\\\/vsi-crusher-major-sale.jpg\"},{\"@type\":\"BreadcrumbList\",\"@id\":\"https:\\\/\\\/hengxingmachinery.com\\\/vertical-shaft-impact-crushers\\\/#breadcrumb\",\"itemListElement\":[{\"@type\":\"ListItem\",\"position\":1,\"name\":\"Home\",\"item\":\"https:\\\/\\\/hengxingmachinery.com\\\/\"},{\"@type\":\"ListItem\",\"position\":2,\"name\":\"1-1. Vertical shaft impact crusher\"}]},{\"@type\":\"WebSite\",\"@id\":\"https:\\\/\\\/hengxingmachinery.com\\\/#website\",\"url\":\"https:\\\/\\\/hengxingmachinery.com\\\/\",\"name\":\"Hengxing Machinery\",\"description\":\"Leading Manufacturer of All Sorts of Mining Machinery\",\"publisher\":{\"@id\":\"https:\\\/\\\/hengxingmachinery.com\\\/#organization\"},\"potentialAction\":[{\"@type\":\"SearchAction\",\"target\":{\"@type\":\"EntryPoint\",\"urlTemplate\":\"https:\\\/\\\/hengxingmachinery.com\\\/?s={search_term_string}\"},\"query-input\":{\"@type\":\"PropertyValueSpecification\",\"valueRequired\":true,\"valueName\":\"search_term_string\"}}],\"inLanguage\":\"fr-FR\"},{\"@type\":\"Organization\",\"@id\":\"https:\\\/\\\/hengxingmachinery.com\\\/#organization\",\"name\":\"Hengxing Machinery\",\"url\":\"https:\\\/\\\/hengxingmachinery.com\\\/\",\"logo\":{\"@type\":\"ImageObject\",\"inLanguage\":\"fr-FR\",\"@id\":\"https:\\\/\\\/hengxingmachinery.com\\\/#\\\/schema\\\/logo\\\/image\\\/\",\"url\":\"https:\\\/\\\/hengxingmachinery.com\\\/wp-content\\\/uploads\\\/2024\\\/12\\\/logo.png\",\"contentUrl\":\"https:\\\/\\\/hengxingmachinery.com\\\/wp-content\\\/uploads\\\/2024\\\/12\\\/logo.png\",\"width\":400,\"height\":260,\"caption\":\"Hengxing Machinery\"},\"image\":{\"@id\":\"https:\\\/\\\/hengxingmachinery.com\\\/#\\\/schema\\\/logo\\\/image\\\/\"}}]}<\/script>\n<!-- \/ Yoast SEO plugin. -->","yoast_head_json":{"title":"1-1. Concasseur \u00e0 percussion \u00e0 arbre vertical - Hengxing Machinery","robots":{"index":"index","follow":"follow","max-snippet":"max-snippet:-1","max-image-preview":"max-image-preview:large","max-video-preview":"max-video-preview:-1"},"canonical":"https:\/\/hengxingmachinery.com\/fr\/vertical-shaft-impact-crushers\/","og_locale":"fr_FR","og_type":"article","og_title":"1-1. Vertical shaft impact crusher - Hengxing Machinery","og_description":"Vertical shaft impact crusher Vertical shaft impact crusher application Vertical Impact crusher is the main production equipment of sand making production line, also known as sand making machine. Vertical shaft impact crushers are widely used for medium and fine crushing (sand making) of various hard and brittle materials such as various rocks, abrasives, refractory materials, ... Lire plus","og_url":"https:\/\/hengxingmachinery.com\/fr\/vertical-shaft-impact-crushers\/","og_site_name":"Hengxing Machinery","article_modified_time":"2025-03-21T09:49:32+00:00","og_image":[{"url":"https:\/\/hengxingmachinery.com\/wp-content\/uploads\/2025\/03\/vsi-crusher-major-sale.jpg","type":"","width":"","height":""}],"twitter_card":"summary_large_image","twitter_misc":{"Dur\u00e9e de lecture estim\u00e9e":"4 minutes"},"schema":{"@context":"https:\/\/schema.org","@graph":[{"@type":"WebPage","@id":"https:\/\/hengxingmachinery.com\/vertical-shaft-impact-crushers\/","url":"https:\/\/hengxingmachinery.com\/vertical-shaft-impact-crushers\/","name":"1-1. Concasseur \u00e0 percussion \u00e0 arbre vertical - Hengxing Machinery","isPartOf":{"@id":"https:\/\/hengxingmachinery.com\/#website"},"primaryImageOfPage":{"@id":"https:\/\/hengxingmachinery.com\/vertical-shaft-impact-crushers\/#primaryimage"},"image":{"@id":"https:\/\/hengxingmachinery.com\/vertical-shaft-impact-crushers\/#primaryimage"},"thumbnailUrl":"https:\/\/hengxingmachinery.com\/wp-content\/uploads\/2025\/03\/vsi-crusher-major-sale.jpg","datePublished":"2025-03-21T09:49:30+00:00","dateModified":"2025-03-21T09:49:32+00:00","breadcrumb":{"@id":"https:\/\/hengxingmachinery.com\/vertical-shaft-impact-crushers\/#breadcrumb"},"inLanguage":"fr-FR","potentialAction":[{"@type":"ReadAction","target":["https:\/\/hengxingmachinery.com\/vertical-shaft-impact-crushers\/"]}]},{"@type":"ImageObject","inLanguage":"fr-FR","@id":"https:\/\/hengxingmachinery.com\/vertical-shaft-impact-crushers\/#primaryimage","url":"https:\/\/hengxingmachinery.com\/wp-content\/uploads\/2025\/03\/vsi-crusher-major-sale.jpg","contentUrl":"https:\/\/hengxingmachinery.com\/wp-content\/uploads\/2025\/03\/vsi-crusher-major-sale.jpg"},{"@type":"BreadcrumbList","@id":"https:\/\/hengxingmachinery.com\/vertical-shaft-impact-crushers\/#breadcrumb","itemListElement":[{"@type":"ListItem","position":1,"name":"Home","item":"https:\/\/hengxingmachinery.com\/"},{"@type":"ListItem","position":2,"name":"1-1. Vertical shaft impact crusher"}]},{"@type":"WebSite","@id":"https:\/\/hengxingmachinery.com\/#website","url":"https:\/\/hengxingmachinery.com\/","name":"Machines Hengxing","description":"Fabricant leader de toutes sortes de machines mini\u00e8res","publisher":{"@id":"https:\/\/hengxingmachinery.com\/#organization"},"potentialAction":[{"@type":"SearchAction","target":{"@type":"EntryPoint","urlTemplate":"https:\/\/hengxingmachinery.com\/?s={search_term_string}"},"query-input":{"@type":"PropertyValueSpecification","valueRequired":true,"valueName":"search_term_string"}}],"inLanguage":"fr-FR"},{"@type":"Organization","@id":"https:\/\/hengxingmachinery.com\/#organization","name":"Machines Hengxing","url":"https:\/\/hengxingmachinery.com\/","logo":{"@type":"ImageObject","inLanguage":"fr-FR","@id":"https:\/\/hengxingmachinery.com\/#\/schema\/logo\/image\/","url":"https:\/\/hengxingmachinery.com\/wp-content\/uploads\/2024\/12\/logo.png","contentUrl":"https:\/\/hengxingmachinery.com\/wp-content\/uploads\/2024\/12\/logo.png","width":400,"height":260,"caption":"Hengxing Machinery"},"image":{"@id":"https:\/\/hengxingmachinery.com\/#\/schema\/logo\/image\/"}}]}},"_links":{"self":[{"href":"https:\/\/hengxingmachinery.com\/fr\/wp-json\/wp\/v2\/pages\/2441","targetHints":{"allow":["GET"]}}],"collection":[{"href":"https:\/\/hengxingmachinery.com\/fr\/wp-json\/wp\/v2\/pages"}],"about":[{"href":"https:\/\/hengxingmachinery.com\/fr\/wp-json\/wp\/v2\/types\/page"}],"author":[{"embeddable":true,"href":"https:\/\/hengxingmachinery.com\/fr\/wp-json\/wp\/v2\/users\/1"}],"replies":[{"embeddable":true,"href":"https:\/\/hengxingmachinery.com\/fr\/wp-json\/wp\/v2\/comments?post=2441"}],"version-history":[{"count":2,"href":"https:\/\/hengxingmachinery.com\/fr\/wp-json\/wp\/v2\/pages\/2441\/revisions"}],"predecessor-version":[{"id":2630,"href":"https:\/\/hengxingmachinery.com\/fr\/wp-json\/wp\/v2\/pages\/2441\/revisions\/2630"}],"wp:attachment":[{"href":"https:\/\/hengxingmachinery.com\/fr\/wp-json\/wp\/v2\/media?parent=2441"}],"curies":[{"name":"wp","href":"https:\/\/api.w.org\/{rel}","templated":true}]}}