{"id":2442,"date":"2025-03-21T09:55:30","date_gmt":"2025-03-21T09:55:30","guid":{"rendered":"https:\/\/hengxingmachinery.com\/?page_id=2442"},"modified":"2025-03-21T09:55:31","modified_gmt":"2025-03-21T09:55:31","slug":"double-teeth-roller-crushers","status":"publish","type":"page","link":"https:\/\/hengxingmachinery.com\/fr\/double-teeth-roller-crushers\/","title":{"rendered":"1-1. Concasseur \u00e0 rouleaux \u00e0 double dents"},"content":{"rendered":"<div class=\"gb-container gb-container-45165f5a\">\n<div class=\"gb-container gb-container-c2652eb4\">\n\n<h1 class=\"gb-headline gb-headline-62a8b2cc gb-headline-text\">Concasseur \u00e0 double dents \u00e0 rouleaux<\/h1>\n\n<\/div>\n<\/div>\n\n<div class=\"gb-container gb-container-519cf624\">\n<div class=\"gb-container gb-container-71ca071e\">\n<div class=\"gb-grid-wrapper gb-grid-wrapper-8a5f0688\">\n<div class=\"gb-grid-column gb-grid-column-1e99b1c2\"><div class=\"gb-container gb-container-1e99b1c2\">\n\n<figure class=\"gb-block-image gb-block-image-e4eaba54\"><img decoding=\"async\" width=\"665\" height=\"545\" class=\"gb-image gb-image-e4eaba54\" src=\"https:\/\/hengxingmachinery.com\/wp-content\/uploads\/2025\/03\/double-teeth-roller-crusher-sale.jpg\" alt=\"\" title=\"vente-concasseur-double-cylindre-dent\u00e9\" srcset=\"https:\/\/hengxingmachinery.com\/wp-content\/uploads\/2025\/03\/double-teeth-roller-crusher-sale.jpg 665w, https:\/\/hengxingmachinery.com\/wp-content\/uploads\/2025\/03\/double-teeth-roller-crusher-sale-300x246.jpg 300w, https:\/\/hengxingmachinery.com\/wp-content\/uploads\/2025\/03\/double-teeth-roller-crusher-sale-15x12.jpg 15w\" sizes=\"(max-width: 665px) 100vw, 665px\" \/><\/figure>\n\n<\/div><\/div>\n\n<div class=\"gb-grid-column gb-grid-column-bcae065b\"><div class=\"gb-container gb-container-bcae065b\">\n\n<p><strong><mark style=\"background-color:rgba(0, 0, 0, 0)\" class=\"has-inline-color has-global-color-8-color\">Taille d&#039;alimentation :<\/mark><\/strong> 200-1150 mm<\/p>\n\n\n\n<p><strong><mark style=\"background-color:rgba(0, 0, 0, 0)\" class=\"has-inline-color has-global-color-8-color\">Capacit\u00e9 de production :<\/mark><\/strong> 30-300 t\/h<\/p>\n\n\n\n<p><strong><mark style=\"background-color:rgba(0, 0, 0, 0)\" class=\"has-inline-color has-global-color-8-color\">Granulom\u00e9trie de d\u00e9charge :<\/mark><\/strong> 15-200 mm<\/p>\n\n\n\n<p><strong><mark style=\"background-color:rgba(0, 0, 0, 0)\" class=\"has-inline-color has-global-color-8-color\">Mat\u00e9riaux applicables :<\/mark><\/strong> Charbon, charbon bitumineux, anthracite, lignite, agglom\u00e9r\u00e9, coke, laitier, schiste, gangue de charbon, gangue, calcaire, etc.<\/p>\n\n\n\n<p><strong><mark style=\"background-color:rgba(0, 0, 0, 0)\" class=\"has-inline-color has-global-color-8-color\">Domaine d'application :<\/mark><\/strong> Convient aux industries du charbon, de la m\u00e9tallurgie, des mines, de la chimie, des mat\u00e9riaux de construction et autres, et particuli\u00e8rement adapt\u00e9 au concassage du charbon brut (y compris la gangue) dans les grandes mines de charbon ou les usines de pr\u00e9paration du charbon.<\/p>\n\n\n<div class=\"gb-container gb-container-256e15f1\">\n\n<a class=\"gb-button gb-button-e8b73d89 gb-button-text\" href=\"#popmake-622\">Obtenez un devis gratuit maintenant<\/a>\n\n<\/div>\n<\/div><\/div>\n<\/div>\n<\/div>\n<\/div>\n\n<div class=\"gb-container gb-container-3a930c38\">\n<div class=\"gb-container gb-container-8a36e90a\">\n\n<h2 class=\"gb-headline gb-headline-a5d3273c gb-headline-text\">Application du concasseur \u00e0 deux cylindres dent\u00e9s<\/h2>\n\n\n\n<p>Le concasseur \u00e0 deux cylindres dent\u00e9s a des applications \u00e9tendues dans les industries mini\u00e8res, des mat\u00e9riaux de construction, chimiques, m\u00e9tallurgiques, etc. Le concasseur \u00e0 cylindres peut effectuer le concassage secondaire et fin de mat\u00e9riaux de duret\u00e9 moyenne ou moyenne-inf\u00e9rieure, tels que les min\u00e9raux, les roches, le coke, le charbon, le laitier, etc. Selon les besoins, les cylindres peuvent \u00eatre lisses ou dent\u00e9s.<\/p>\n\n\n<div class=\"gb-container gb-container-96208927\">\n\n<a class=\"gb-button gb-button-429870c5 gb-button-text\" href=\"#popmake-622\">Obtenez un devis gratuit maintenant<\/a>\n\n<\/div>\n<\/div>\n<\/div>\n\n<div class=\"gb-container gb-container-a7cff402\">\n<div class=\"gb-container gb-container-55200cb7\">\n\n<h2 class=\"gb-headline gb-headline-db95bb1f gb-headline-text\">Principe de fonctionnement du concasseur \u00e0 deux cylindres dent\u00e9s<\/h2>\n\n\n\n<figure class=\"gb-block-image gb-block-image-4f30f5c4\"><img decoding=\"async\" width=\"665\" height=\"545\" class=\"gb-image gb-image-4f30f5c4\" src=\"https:\/\/hengxingmachinery.com\/wp-content\/uploads\/2025\/03\/double-teeth-roller-working.jpg\" alt=\"\" title=\"fonctionnement-concasseur-double-cylindre-dent\u00e9\" srcset=\"https:\/\/hengxingmachinery.com\/wp-content\/uploads\/2025\/03\/double-teeth-roller-working.jpg 665w, https:\/\/hengxingmachinery.com\/wp-content\/uploads\/2025\/03\/double-teeth-roller-working-300x246.jpg 300w, https:\/\/hengxingmachinery.com\/wp-content\/uploads\/2025\/03\/double-teeth-roller-working-15x12.jpg 15w\" sizes=\"(max-width: 665px) 100vw, 665px\" \/><\/figure>\n\n\n\n<p>Les particules sont entra\u00een\u00e9es dans l'espace entre les cylindres par leur mouvement rotatif, et un angle de friction se forme entre les cylindres et la particule, appel\u00e9 angle de pincement. Les deux cylindres forcent la particule entre leurs surfaces rotatives dans la zone d'espacement de plus en plus r\u00e9duite, et celle-ci se fracture sous l'effet des forces de compression exerc\u00e9es par les cylindres rotatifs.<\/p>\n\n\n<div class=\"gb-container gb-container-06064b35\">\n\n<a class=\"gb-button gb-button-a30441ca gb-button-text\" href=\"#popmake-622\">Obtenez un devis gratuit maintenant<\/a>\n\n<\/div>\n<\/div>\n<\/div>\n\n<div class=\"gb-container gb-container-4a0cf1f0\">\n<div class=\"gb-container gb-container-c65cee30\">\n\n<h2 class=\"gb-headline gb-headline-5876c5d4 gb-headline-text\">Principales caract\u00e9ristiques du concasseur \u00e0 deux cylindres dent\u00e9s<\/h2>\n\n\n\n<figure class=\"gb-block-image gb-block-image-8be78fc4\"><img decoding=\"async\" width=\"800\" height=\"500\" class=\"gb-image gb-image-8be78fc4\" src=\"https:\/\/hengxingmachinery.com\/wp-content\/uploads\/2025\/03\/double-teeth-roller-feature.jpg\" alt=\"\" title=\"caract\u00e9ristiques-concasseur-double-cylindre-dent\u00e9\" srcset=\"https:\/\/hengxingmachinery.com\/wp-content\/uploads\/2025\/03\/double-teeth-roller-feature.jpg 800w, https:\/\/hengxingmachinery.com\/wp-content\/uploads\/2025\/03\/double-teeth-roller-feature-300x188.jpg 300w, https:\/\/hengxingmachinery.com\/wp-content\/uploads\/2025\/03\/double-teeth-roller-feature-768x480.jpg 768w, https:\/\/hengxingmachinery.com\/wp-content\/uploads\/2025\/03\/double-teeth-roller-feature-18x12.jpg 18w\" sizes=\"(max-width: 800px) 100vw, 800px\" \/><\/figure>\n\n\n\n<p>1. Structure compacte, performances fiables<\/p>\n\n\n\n<p>2. Faible niveau sonore et rendement \u00e9lev\u00e9<\/p>\n\n\n\n<p>3. Installation facile ne n\u00e9cessitant qu'une fondation simple<\/p>\n\n\n\n<p>4. R\u00e9glage ais\u00e9 de la pression et de la granulom\u00e9trie, et possibilit\u00e9 de fabrication sur mesure selon les demandes du client<\/p>\n\n\n\n<p>5. Auto-protection : les pi\u00e8ces ne peuvent \u00eatre endommag\u00e9es lorsque des mat\u00e9riaux durs, tels que des m\u00e9taux, p\u00e9n\u00e8trent dans la chambre de concassage<\/p>\n\n\n\n<p>6. Faible taux d'usure et entretien facile<\/p>\n\n\n<div class=\"gb-container gb-container-537619be\">\n\n<a class=\"gb-button gb-button-214e6771 gb-button-text\" href=\"#popmake-622\">Obtenez un devis gratuit maintenant<\/a>\n\n<\/div>\n<\/div>\n<\/div>\n\n<div class=\"gb-container gb-container-435ad261\">\n<div class=\"gb-container gb-container-7dc79cc4\">\n\n<h2 class=\"gb-headline gb-headline-6fe5dee2 gb-headline-text\">Sp\u00e9cifications du concasseur \u00e0 deux cylindres dent\u00e9s<\/h2>\n\n\n\n<figure class=\"wp-block-table\"><table class=\"has-fixed-layout\"><tbody><tr><td>Mod\u00e8le<\/td><td>Diam\u00e8tre du cylindre (mm)<\/td><td>Longueur du cylindre (mm)<\/td><td>Taille d'alimentation maximale (mm)<\/td><td>Taille de sortie (mm)<\/td><td>Capacit\u00e9 (t\/h)<\/td><td>Puissance du moteur (kW)<\/td><td>Poids total (t)<\/td><td>Dimensions hors-tout (L \u00d7 l \u00d7 H) (mm)<\/td><\/tr><tr><td>2PGC600\u00d7500<\/td><td>600<\/td><td>500<\/td><td>200-450<\/td><td>15-100<\/td><td>30-60<\/td><td>4P 11\u00d72<\/td><td>3800<\/td><td>2450\u00d71800\u00d7950<\/td><\/tr><tr><td>2PGC600\u00d7800<\/td><td>600<\/td><td>750<\/td><td>300-600<\/td><td>20-120<\/td><td>60-100<\/td><td>4P 18.5\u00d72<\/td><td>7200<\/td><td>4500\u00d71900\u00d71350<\/td><\/tr><tr><td>2PGC800\u00d71000<\/td><td>800<\/td><td>1000<\/td><td>500-800<\/td><td>30-150<\/td><td>100-160<\/td><td>4P 22\u00d72<\/td><td>12600<\/td><td>2550\u00d72050\u00d71100<\/td><\/tr><tr><td>2PGC1000\u00d71000<\/td><td>1000<\/td><td>1000<\/td><td>700-950<\/td><td>30-200<\/td><td>150-200<\/td><td>6P 45\u00d72<\/td><td>18800<\/td><td>2780\u00d74100\u00d71550<\/td><\/tr><tr><td>2PGC1200\u00d71200<\/td><td>1200<\/td><td>1200<\/td><td>800-1050<\/td><td>30-200<\/td><td>180-250<\/td><td>6P 55\u00d72<\/td><td>29500<\/td><td>2780\u00d73200\u00d71980<\/td><\/tr><tr><td>2PGC1500\u00d71200<\/td><td>1500<\/td><td>1200<\/td><td>1000-1150<\/td><td>30-200<\/td><td>200-300<\/td><td>6P 75\u00d72<\/td><td>38600<\/td><td>8010\u00d74500\u00d72050<\/td><\/tr><\/tbody><\/table><\/figure>\n\n\n<div class=\"gb-container gb-container-263d9700\">\n\n<a class=\"gb-button gb-button-a4cbb7be gb-button-text\" href=\"#popmake-622\">Obtenez un devis gratuit maintenant<\/a>\n\n<\/div>\n<\/div>\n<\/div>","protected":false},"excerpt":{"rendered":"<p>Double teeth roller crusher Double teeth roller crusher application The double-teeth roller crusher has wide applications in the industries of mining, building materials, chemical industry, metallurgy, etc. The roller crusher can do secondary and fine crushing of materials with middle hardness or middle minus hardness, such as minerals, rocks, coke, coal, slag, etc. Depending on &#8230; <\/p>\n<p class=\"read-more-container\"><a title=\"1-1. Concasseur \u00e0 rouleaux \u00e0 double dents\" class=\"read-more button\" href=\"https:\/\/hengxingmachinery.com\/fr\/double-teeth-roller-crushers\/#more-2442\" aria-label=\"En savoir plus sur 1-1. Double teeth roller crusher\">Lire plus<\/a><\/p>","protected":false},"author":1,"featured_media":0,"parent":0,"menu_order":0,"comment_status":"closed","ping_status":"closed","template":"","meta":{"footnotes":""},"class_list":["post-2442","page","type-page","status-publish"],"yoast_head":"<!-- This site is optimized with the Yoast SEO plugin v27.4 - https:\/\/yoast.com\/product\/yoast-seo-wordpress\/ -->\n<title>1-1. Double teeth roller crusher - Hengxing Machinery<\/title>\n<meta name=\"robots\" content=\"index, follow, max-snippet:-1, max-image-preview:large, max-video-preview:-1\" \/>\n<link rel=\"canonical\" href=\"https:\/\/hengxingmachinery.com\/fr\/double-teeth-roller-crushers\/\" \/>\n<meta property=\"og:locale\" content=\"fr_FR\" \/>\n<meta property=\"og:type\" content=\"article\" \/>\n<meta property=\"og:title\" content=\"1-1. Double teeth roller crusher - Hengxing Machinery\" \/>\n<meta property=\"og:description\" content=\"Double teeth roller crusher Double teeth roller crusher application The double-teeth roller crusher has wide applications in the industries of mining, building materials, chemical industry, metallurgy, etc. The roller crusher can do secondary and fine crushing of materials with middle hardness or middle minus hardness, such as minerals, rocks, coke, coal, slag, etc. Depending on ... Lire plus\" \/>\n<meta property=\"og:url\" content=\"https:\/\/hengxingmachinery.com\/fr\/double-teeth-roller-crushers\/\" \/>\n<meta property=\"og:site_name\" content=\"Hengxing Machinery\" \/>\n<meta property=\"article:modified_time\" content=\"2025-03-21T09:55:31+00:00\" \/>\n<meta property=\"og:image\" content=\"https:\/\/hengxingmachinery.com\/wp-content\/uploads\/2025\/03\/double-teeth-roller-crusher-sale.jpg\" \/>\n<meta name=\"twitter:card\" content=\"summary_large_image\" \/>\n<meta name=\"twitter:label1\" content=\"Dur\u00e9e de lecture estim\u00e9e\" \/>\n\t<meta name=\"twitter:data1\" content=\"3 minutes\" \/>\n<script type=\"application\/ld+json\" class=\"yoast-schema-graph\">{\"@context\":\"https:\\\/\\\/schema.org\",\"@graph\":[{\"@type\":\"WebPage\",\"@id\":\"https:\\\/\\\/hengxingmachinery.com\\\/double-teeth-roller-crushers\\\/\",\"url\":\"https:\\\/\\\/hengxingmachinery.com\\\/double-teeth-roller-crushers\\\/\",\"name\":\"1-1. Double teeth roller crusher - Hengxing Machinery\",\"isPartOf\":{\"@id\":\"https:\\\/\\\/hengxingmachinery.com\\\/#website\"},\"primaryImageOfPage\":{\"@id\":\"https:\\\/\\\/hengxingmachinery.com\\\/double-teeth-roller-crushers\\\/#primaryimage\"},\"image\":{\"@id\":\"https:\\\/\\\/hengxingmachinery.com\\\/double-teeth-roller-crushers\\\/#primaryimage\"},\"thumbnailUrl\":\"https:\\\/\\\/hengxingmachinery.com\\\/wp-content\\\/uploads\\\/2025\\\/03\\\/double-teeth-roller-crusher-sale.jpg\",\"datePublished\":\"2025-03-21T09:55:30+00:00\",\"dateModified\":\"2025-03-21T09:55:31+00:00\",\"breadcrumb\":{\"@id\":\"https:\\\/\\\/hengxingmachinery.com\\\/double-teeth-roller-crushers\\\/#breadcrumb\"},\"inLanguage\":\"fr-FR\",\"potentialAction\":[{\"@type\":\"ReadAction\",\"target\":[\"https:\\\/\\\/hengxingmachinery.com\\\/double-teeth-roller-crushers\\\/\"]}]},{\"@type\":\"ImageObject\",\"inLanguage\":\"fr-FR\",\"@id\":\"https:\\\/\\\/hengxingmachinery.com\\\/double-teeth-roller-crushers\\\/#primaryimage\",\"url\":\"https:\\\/\\\/hengxingmachinery.com\\\/wp-content\\\/uploads\\\/2025\\\/03\\\/double-teeth-roller-crusher-sale.jpg\",\"contentUrl\":\"https:\\\/\\\/hengxingmachinery.com\\\/wp-content\\\/uploads\\\/2025\\\/03\\\/double-teeth-roller-crusher-sale.jpg\"},{\"@type\":\"BreadcrumbList\",\"@id\":\"https:\\\/\\\/hengxingmachinery.com\\\/double-teeth-roller-crushers\\\/#breadcrumb\",\"itemListElement\":[{\"@type\":\"ListItem\",\"position\":1,\"name\":\"Home\",\"item\":\"https:\\\/\\\/hengxingmachinery.com\\\/\"},{\"@type\":\"ListItem\",\"position\":2,\"name\":\"1-1. Double teeth roller crusher\"}]},{\"@type\":\"WebSite\",\"@id\":\"https:\\\/\\\/hengxingmachinery.com\\\/#website\",\"url\":\"https:\\\/\\\/hengxingmachinery.com\\\/\",\"name\":\"Hengxing Machinery\",\"description\":\"Leading Manufacturer of All Sorts of Mining Machinery\",\"publisher\":{\"@id\":\"https:\\\/\\\/hengxingmachinery.com\\\/#organization\"},\"potentialAction\":[{\"@type\":\"SearchAction\",\"target\":{\"@type\":\"EntryPoint\",\"urlTemplate\":\"https:\\\/\\\/hengxingmachinery.com\\\/?s={search_term_string}\"},\"query-input\":{\"@type\":\"PropertyValueSpecification\",\"valueRequired\":true,\"valueName\":\"search_term_string\"}}],\"inLanguage\":\"fr-FR\"},{\"@type\":\"Organization\",\"@id\":\"https:\\\/\\\/hengxingmachinery.com\\\/#organization\",\"name\":\"Hengxing Machinery\",\"url\":\"https:\\\/\\\/hengxingmachinery.com\\\/\",\"logo\":{\"@type\":\"ImageObject\",\"inLanguage\":\"fr-FR\",\"@id\":\"https:\\\/\\\/hengxingmachinery.com\\\/#\\\/schema\\\/logo\\\/image\\\/\",\"url\":\"https:\\\/\\\/hengxingmachinery.com\\\/wp-content\\\/uploads\\\/2024\\\/12\\\/logo.png\",\"contentUrl\":\"https:\\\/\\\/hengxingmachinery.com\\\/wp-content\\\/uploads\\\/2024\\\/12\\\/logo.png\",\"width\":400,\"height\":260,\"caption\":\"Hengxing Machinery\"},\"image\":{\"@id\":\"https:\\\/\\\/hengxingmachinery.com\\\/#\\\/schema\\\/logo\\\/image\\\/\"}}]}<\/script>\n<!-- \/ Yoast SEO plugin. -->","yoast_head_json":{"title":"1-1. Concasseur \u00e0 rouleaux \u00e0 double dents - Hengxing Machinery","robots":{"index":"index","follow":"follow","max-snippet":"max-snippet:-1","max-image-preview":"max-image-preview:large","max-video-preview":"max-video-preview:-1"},"canonical":"https:\/\/hengxingmachinery.com\/fr\/double-teeth-roller-crushers\/","og_locale":"fr_FR","og_type":"article","og_title":"1-1. Double teeth roller crusher - Hengxing Machinery","og_description":"Double teeth roller crusher Double teeth roller crusher application The double-teeth roller crusher has wide applications in the industries of mining, building materials, chemical industry, metallurgy, etc. The roller crusher can do secondary and fine crushing of materials with middle hardness or middle minus hardness, such as minerals, rocks, coke, coal, slag, etc. Depending on ... Lire plus","og_url":"https:\/\/hengxingmachinery.com\/fr\/double-teeth-roller-crushers\/","og_site_name":"Hengxing Machinery","article_modified_time":"2025-03-21T09:55:31+00:00","og_image":[{"url":"https:\/\/hengxingmachinery.com\/wp-content\/uploads\/2025\/03\/double-teeth-roller-crusher-sale.jpg","type":"","width":"","height":""}],"twitter_card":"summary_large_image","twitter_misc":{"Dur\u00e9e de lecture estim\u00e9e":"3 minutes"},"schema":{"@context":"https:\/\/schema.org","@graph":[{"@type":"WebPage","@id":"https:\/\/hengxingmachinery.com\/double-teeth-roller-crushers\/","url":"https:\/\/hengxingmachinery.com\/double-teeth-roller-crushers\/","name":"1-1. Concasseur \u00e0 rouleaux \u00e0 double dents - Hengxing Machinery","isPartOf":{"@id":"https:\/\/hengxingmachinery.com\/#website"},"primaryImageOfPage":{"@id":"https:\/\/hengxingmachinery.com\/double-teeth-roller-crushers\/#primaryimage"},"image":{"@id":"https:\/\/hengxingmachinery.com\/double-teeth-roller-crushers\/#primaryimage"},"thumbnailUrl":"https:\/\/hengxingmachinery.com\/wp-content\/uploads\/2025\/03\/double-teeth-roller-crusher-sale.jpg","datePublished":"2025-03-21T09:55:30+00:00","dateModified":"2025-03-21T09:55:31+00:00","breadcrumb":{"@id":"https:\/\/hengxingmachinery.com\/double-teeth-roller-crushers\/#breadcrumb"},"inLanguage":"fr-FR","potentialAction":[{"@type":"ReadAction","target":["https:\/\/hengxingmachinery.com\/double-teeth-roller-crushers\/"]}]},{"@type":"ImageObject","inLanguage":"fr-FR","@id":"https:\/\/hengxingmachinery.com\/double-teeth-roller-crushers\/#primaryimage","url":"https:\/\/hengxingmachinery.com\/wp-content\/uploads\/2025\/03\/double-teeth-roller-crusher-sale.jpg","contentUrl":"https:\/\/hengxingmachinery.com\/wp-content\/uploads\/2025\/03\/double-teeth-roller-crusher-sale.jpg"},{"@type":"BreadcrumbList","@id":"https:\/\/hengxingmachinery.com\/double-teeth-roller-crushers\/#breadcrumb","itemListElement":[{"@type":"ListItem","position":1,"name":"Home","item":"https:\/\/hengxingmachinery.com\/"},{"@type":"ListItem","position":2,"name":"1-1. Double teeth roller crusher"}]},{"@type":"WebSite","@id":"https:\/\/hengxingmachinery.com\/#website","url":"https:\/\/hengxingmachinery.com\/","name":"Machines Hengxing","description":"Fabricant leader de toutes sortes de machines mini\u00e8res","publisher":{"@id":"https:\/\/hengxingmachinery.com\/#organization"},"potentialAction":[{"@type":"SearchAction","target":{"@type":"EntryPoint","urlTemplate":"https:\/\/hengxingmachinery.com\/?s={search_term_string}"},"query-input":{"@type":"PropertyValueSpecification","valueRequired":true,"valueName":"search_term_string"}}],"inLanguage":"fr-FR"},{"@type":"Organization","@id":"https:\/\/hengxingmachinery.com\/#organization","name":"Machines Hengxing","url":"https:\/\/hengxingmachinery.com\/","logo":{"@type":"ImageObject","inLanguage":"fr-FR","@id":"https:\/\/hengxingmachinery.com\/#\/schema\/logo\/image\/","url":"https:\/\/hengxingmachinery.com\/wp-content\/uploads\/2024\/12\/logo.png","contentUrl":"https:\/\/hengxingmachinery.com\/wp-content\/uploads\/2024\/12\/logo.png","width":400,"height":260,"caption":"Hengxing Machinery"},"image":{"@id":"https:\/\/hengxingmachinery.com\/#\/schema\/logo\/image\/"}}]}},"_links":{"self":[{"href":"https:\/\/hengxingmachinery.com\/fr\/wp-json\/wp\/v2\/pages\/2442","targetHints":{"allow":["GET"]}}],"collection":[{"href":"https:\/\/hengxingmachinery.com\/fr\/wp-json\/wp\/v2\/pages"}],"about":[{"href":"https:\/\/hengxingmachinery.com\/fr\/wp-json\/wp\/v2\/types\/page"}],"author":[{"embeddable":true,"href":"https:\/\/hengxingmachinery.com\/fr\/wp-json\/wp\/v2\/users\/1"}],"replies":[{"embeddable":true,"href":"https:\/\/hengxingmachinery.com\/fr\/wp-json\/wp\/v2\/comments?post=2442"}],"version-history":[{"count":4,"href":"https:\/\/hengxingmachinery.com\/fr\/wp-json\/wp\/v2\/pages\/2442\/revisions"}],"predecessor-version":[{"id":2636,"href":"https:\/\/hengxingmachinery.com\/fr\/wp-json\/wp\/v2\/pages\/2442\/revisions\/2636"}],"wp:attachment":[{"href":"https:\/\/hengxingmachinery.com\/fr\/wp-json\/wp\/v2\/media?parent=2442"}],"curies":[{"name":"wp","href":"https:\/\/api.w.org\/{rel}","templated":true}]}}