{"id":2443,"date":"2025-03-21T09:58:21","date_gmt":"2025-03-21T09:58:21","guid":{"rendered":"https:\/\/hengxingmachinery.com\/?page_id=2443"},"modified":"2025-03-21T09:58:38","modified_gmt":"2025-03-21T09:58:38","slug":"double-roller-crushers","status":"publish","type":"page","link":"https:\/\/hengxingmachinery.com\/fr\/double-roller-crushers\/","title":{"rendered":"1-1. Concasseur \u00e0 double rouleaux"},"content":{"rendered":"<div class=\"gb-container gb-container-45165f5a\">\n<div class=\"gb-container gb-container-c2652eb4\">\n\n<h1 class=\"gb-headline gb-headline-62a8b2cc gb-headline-text\">Broyeurs \u00e0 double rouleau<\/h1>\n\n<\/div>\n<\/div>\n\n<div class=\"gb-container gb-container-519cf624\">\n<div class=\"gb-container gb-container-71ca071e\">\n<div class=\"gb-grid-wrapper gb-grid-wrapper-8a5f0688\">\n<div class=\"gb-grid-column gb-grid-column-1e99b1c2\"><div class=\"gb-container gb-container-1e99b1c2\">\n\n<figure class=\"gb-block-image gb-block-image-e4eaba54\"><img decoding=\"async\" width=\"665\" height=\"545\" class=\"gb-image gb-image-e4eaba54\" src=\"https:\/\/hengxingmachinery.com\/wp-content\/uploads\/2025\/03\/double-roller-crusher-major-sale.jpg\" alt=\"\" title=\"concasseur-double-rouleau-vente-principale\" srcset=\"https:\/\/hengxingmachinery.com\/wp-content\/uploads\/2025\/03\/double-roller-crusher-major-sale.jpg 665w, https:\/\/hengxingmachinery.com\/wp-content\/uploads\/2025\/03\/double-roller-crusher-major-sale-300x246.jpg 300w, https:\/\/hengxingmachinery.com\/wp-content\/uploads\/2025\/03\/double-roller-crusher-major-sale-15x12.jpg 15w\" sizes=\"(max-width: 665px) 100vw, 665px\" \/><\/figure>\n\n<\/div><\/div>\n\n<div class=\"gb-grid-column gb-grid-column-bcae065b\"><div class=\"gb-container gb-container-bcae065b\">\n\n<p><strong><mark style=\"background-color:rgba(0, 0, 0, 0)\" class=\"has-inline-color has-global-color-8-color\">Capacit\u00e9 de production :<\/mark><\/strong> 5-100 t\/h<\/p>\n\n\n\n<p><strong><mark style=\"background-color:rgba(0, 0, 0, 0)\" class=\"has-inline-color has-global-color-8-color\">Taille du flux :<\/mark><\/strong> \u226425-\u2264100 mm<\/p>\n\n\n\n<p><strong><mark style=\"background-color:rgba(0, 0, 0, 0)\" class=\"has-inline-color has-global-color-8-color\">Domaine d'application :<\/mark><\/strong> Large utilisation dans divers minerais, tels que le granit, le marbre, le calcaire, le feldspath, la pierre d'ardoise, etc. Peut \u00e9galement \u00eatre utilis\u00e9 pour les op\u00e9rations de concassage fin du charbon.<\/p>\n\n\n\n<p><strong><mark style=\"background-color:rgba(0, 0, 0, 0)\" class=\"has-inline-color has-global-color-8-color\">Mat\u00e9riaux applicables :<\/mark><\/strong> Calcaire, charbon, coke, clinker, granit, basalte, ciment, brique, tuile, mat\u00e9riaux de construction, etc.<\/p>\n\n\n<div class=\"gb-container gb-container-256e15f1\">\n\n<a class=\"gb-button gb-button-e8b73d89 gb-button-text\" href=\"#popmake-622\">Obtenez un devis gratuit maintenant<\/a>\n\n<\/div>\n<\/div><\/div>\n<\/div>\n<\/div>\n<\/div>\n\n<div class=\"gb-container gb-container-3a930c38\">\n<div class=\"gb-container gb-container-8a36e90a\">\n\n<h2 class=\"gb-headline gb-headline-a5d3273c gb-headline-text\">Application du concasseur \u00e0 double rouleau<\/h2>\n\n\n\n<p>Le concasseur \u00e0 double rouleau convient au concassage grossier et interm\u00e9diaire de mat\u00e9riaux fragiles dans des industries telles que le ciment, l'industrie chimique, l'\u00e9lectricit\u00e9, les mines, les mat\u00e9riaux de construction et la m\u00e9tallurgie. La granulom\u00e9trie du mat\u00e9riau d'entr\u00e9e est importante, la taille des particules du produit de sortie peut \u00eatre contr\u00f4l\u00e9e, et il est possible de d\u00e9truire efficacement les mat\u00e9riaux dont la r\u00e9sistance \u00e0 la compression est inf\u00e9rieure \u00e0 160 MPa.<\/p>\n\n\n\n<p>Le concasseur \u00e0 double rouleau est principalement utilis\u00e9 pour le concassage secondaire et fin de mat\u00e9riaux \u00e0 duret\u00e9 douce ou moyenne comme le charbon, le coke, le calcaire, etc.<\/p>\n\n\n<div class=\"gb-container gb-container-96208927\">\n\n<a class=\"gb-button gb-button-429870c5 gb-button-text\" href=\"#popmake-622\">Obtenez un devis gratuit maintenant<\/a>\n\n<\/div>\n<\/div>\n<\/div>\n\n<div class=\"gb-container gb-container-aa4e8293\">\n<div class=\"gb-container gb-container-d731c8a8\">\n\n<h2 class=\"gb-headline gb-headline-b1b3d445 gb-headline-text\">Caract\u00e9ristiques du concasseur \u00e0 double rouleau<\/h2>\n\n\n\n<figure class=\"gb-block-image gb-block-image-3ac1bf7d\"><img decoding=\"async\" width=\"800\" height=\"500\" class=\"gb-image gb-image-3ac1bf7d\" src=\"https:\/\/hengxingmachinery.com\/wp-content\/uploads\/2025\/03\/double-roller-feature.jpg\" alt=\"\" title=\"caracteristiques-double-rouleau\" srcset=\"https:\/\/hengxingmachinery.com\/wp-content\/uploads\/2025\/03\/double-roller-feature.jpg 800w, https:\/\/hengxingmachinery.com\/wp-content\/uploads\/2025\/03\/double-roller-feature-300x188.jpg 300w, https:\/\/hengxingmachinery.com\/wp-content\/uploads\/2025\/03\/double-roller-feature-768x480.jpg 768w, https:\/\/hengxingmachinery.com\/wp-content\/uploads\/2025\/03\/double-roller-feature-18x12.jpg 18w\" sizes=\"(max-width: 800px) 100vw, 800px\" \/><\/figure>\n\n\n\n<p>1. Structure compacte, faible bruit et haute efficacit\u00e9 ;<\/p>\n\n\n\n<p>2. Installation facile ne n\u00e9cessitant qu'une fondation simple ;<\/p>\n\n\n\n<p>3. R\u00e9glage ais\u00e9 de la pression et de la granulom\u00e9trie.<\/p>\n\n\n\n<p>4. Auto-protection : les pi\u00e8ces ne sont pas endommag\u00e9es lorsque des mat\u00e9riaux durs tels que des m\u00e9taux p\u00e9n\u00e8trent dans la chambre de concassage ;<\/p>\n\n\n\n<p>5. Maintenance \u00e0 faible co\u00fbt et entretien facile.<\/p>\n\n\n<div class=\"gb-container gb-container-4a6c515d\">\n\n<a class=\"gb-button gb-button-9036eb8c gb-button-text\" href=\"#popmake-622\">Obtenez un devis gratuit maintenant<\/a>\n\n<\/div>\n<\/div>\n\n<div class=\"gb-container gb-container-7cdb7ff3\">\n\n<h2 class=\"gb-headline gb-headline-83524595 gb-headline-text\">Principe de fonctionnement du concasseur \u00e0 double rouleau<\/h2>\n\n\n\n<figure class=\"gb-block-image gb-block-image-aa17454b\"><img decoding=\"async\" width=\"800\" height=\"500\" class=\"gb-image gb-image-aa17454b\" src=\"https:\/\/hengxingmachinery.com\/wp-content\/uploads\/2025\/03\/double-roller-working.jpg\" alt=\"\" title=\"fonctionnement-double-rouleau\" srcset=\"https:\/\/hengxingmachinery.com\/wp-content\/uploads\/2025\/03\/double-roller-working.jpg 800w, https:\/\/hengxingmachinery.com\/wp-content\/uploads\/2025\/03\/double-roller-working-300x188.jpg 300w, https:\/\/hengxingmachinery.com\/wp-content\/uploads\/2025\/03\/double-roller-working-768x480.jpg 768w, https:\/\/hengxingmachinery.com\/wp-content\/uploads\/2025\/03\/double-roller-working-18x12.jpg 18w\" sizes=\"(max-width: 800px) 100vw, 800px\" \/><\/figure>\n\n\n\n<p>Les mat\u00e9riaux \u00e0 concasser tombent de la tr\u00e9mie d'alimentation dans l'espace entre les deux rouleaux. Apr\u00e8s avoir \u00e9t\u00e9 comprim\u00e9s et broy\u00e9s, les produits finaux tombent naturellement. <\/p>\n\n\n\n<p>Lorsque des mat\u00e9riaux trop durs ou non concassables sont pr\u00e9sents, les rouleaux du concasseur se r\u00e9tractent automatiquement sous l'effet d'un v\u00e9rin hydraulique ou d'un ressort, augmentant l'\u00e9cart entre les rouleaux, permettant ainsi aux mat\u00e9riaux trop durs ou non concassables de tomber. Cela prot\u00e8ge la machine contre les dommages. <\/p>\n\n\n\n<p>Il existe un certain espace entre les deux rouleaux qui tournent en sens inverse. La granulom\u00e9trie maximale de d\u00e9charge des produits finaux peut \u00eatre contr\u00f4l\u00e9e en modifiant cet espace. <\/p>\n\n\n\n<p>Le concasseur \u00e0 double rouleau fragmente les mat\u00e9riaux gr\u00e2ce \u00e0 deux rouleaux cylindriques tournant en sens inverse, tandis que le concasseur \u00e0 quatre rouleaux le fait gr\u00e2ce \u00e0 deux paires de rouleaux cylindriques tournant en sens inverse.<\/p>\n\n\n<div class=\"gb-container gb-container-c18fb3b0\">\n\n<a class=\"gb-button gb-button-3b66cbf0 gb-button-text\" href=\"#popmake-622\">Obtenez un devis gratuit maintenant<\/a>\n\n<\/div>\n<\/div>\n<\/div>\n\n<div class=\"gb-container gb-container-435ad261\">\n<div class=\"gb-container gb-container-7dc79cc4\">\n\n<h2 class=\"gb-headline gb-headline-6fe5dee2 gb-headline-text\">Sp\u00e9cifications du concasseur \u00e0 double rouleau<\/h2>\n\n\n\n<figure class=\"wp-block-table\"><table class=\"has-fixed-layout\"><tbody><tr><td>Mod\u00e8le<\/td><td>Taille d'alimentation (mm)<\/td><td>Taille de sortie (mm)<\/td><td>Capacit\u00e9 (t\/h)<\/td><td>Puissance du moteur (kW)<\/td><td>Poids (t)<\/td><td>Dimensions globales (mm)<\/td><\/tr><tr><td>2PG400*250<\/td><td>&lt;35<\/td><td>&lt;2-8<\/td><td>2-10<\/td><td>2*5.5<\/td><td>1.5<\/td><td>2110*870*810<\/td><\/tr><tr><td>2PG610*400<\/td><td>&lt;65<\/td><td>&lt;2-20<\/td><td>5-20<\/td><td>2*15<\/td><td>3.9<\/td><td>3510*1420*1030<\/td><\/tr><tr><td>2PG750*500<\/td><td>&lt;75<\/td><td>&lt;2-25<\/td><td>10-40<\/td><td>2*18.5<\/td><td>9.5<\/td><td>4210*1630*1260<\/td><\/tr><tr><td>2PG800*600<\/td><td>&lt;80<\/td><td>&lt;2-25<\/td><td>12-45<\/td><td>2*22<\/td><td>10.8<\/td><td>4505-1780*1320<\/td><\/tr><tr><td>2PG1000*700<\/td><td>&lt;100<\/td><td>&lt;3-30<\/td><td>20-65<\/td><td>2*30<\/td><td>14.9<\/td><td>5310*2175*1595<\/td><\/tr><tr><td>2PG1200*800<\/td><td>&lt;120<\/td><td>&lt;3-35<\/td><td>35-80<\/td><td>2*37<\/td><td>25.5<\/td><td>6290*2270*1870<\/td><\/tr><tr><td>2PG1500*800<\/td><td>&lt;130<\/td><td>&lt;3-45<\/td><td>50-120<\/td><td>2*75<\/td><td>33.7<\/td><td>7460*2410*2290<\/td><\/tr><tr><td>2PG1600*1000<\/td><td>&lt;150<\/td><td>&lt;3-50<\/td><td>60-140<\/td><td>2*90<\/td><td>42<\/td><td>8220*2680*2475<\/td><\/tr><\/tbody><\/table><\/figure>\n\n\n<div class=\"gb-container gb-container-263d9700\">\n\n<a class=\"gb-button gb-button-a4cbb7be gb-button-text\" href=\"#popmake-622\">Obtenez un devis gratuit maintenant<\/a>\n\n<\/div>\n<\/div>\n<\/div>","protected":false},"excerpt":{"rendered":"<p>Double roller crushers Double roller crusher application Double roller crusher is suitable for rough and intermediate crushing of brittle materials in such industries as cement, chemical industry, electric power, mine, building materials and metallurgy. The grain size of the input material is large, the particle size of the output product can be controlled, and it &#8230; <\/p>\n<p class=\"read-more-container\"><a title=\"1-1. Concasseur \u00e0 double rouleaux\" class=\"read-more button\" href=\"https:\/\/hengxingmachinery.com\/fr\/double-roller-crushers\/#more-2443\" aria-label=\"En savoir plus sur 1-1. Double roller crusher\">Lire plus<\/a><\/p>","protected":false},"author":1,"featured_media":0,"parent":0,"menu_order":0,"comment_status":"closed","ping_status":"closed","template":"","meta":{"footnotes":""},"class_list":["post-2443","page","type-page","status-publish"],"yoast_head":"<!-- This site is optimized with the Yoast SEO plugin v27.4 - https:\/\/yoast.com\/product\/yoast-seo-wordpress\/ -->\n<title>1-1. Double roller crusher - Hengxing Machinery<\/title>\n<meta name=\"robots\" content=\"index, follow, max-snippet:-1, max-image-preview:large, max-video-preview:-1\" \/>\n<link rel=\"canonical\" href=\"https:\/\/hengxingmachinery.com\/fr\/double-roller-crushers\/\" \/>\n<meta property=\"og:locale\" content=\"fr_FR\" \/>\n<meta property=\"og:type\" content=\"article\" \/>\n<meta property=\"og:title\" content=\"1-1. Double roller crusher - Hengxing Machinery\" \/>\n<meta property=\"og:description\" content=\"Double roller crushers Double roller crusher application Double roller crusher is suitable for rough and intermediate crushing of brittle materials in such industries as cement, chemical industry, electric power, mine, building materials and metallurgy. The grain size of the input material is large, the particle size of the output product can be controlled, and it ... Lire plus\" \/>\n<meta property=\"og:url\" content=\"https:\/\/hengxingmachinery.com\/fr\/double-roller-crushers\/\" \/>\n<meta property=\"og:site_name\" content=\"Hengxing Machinery\" \/>\n<meta property=\"article:modified_time\" content=\"2025-03-21T09:58:38+00:00\" \/>\n<meta property=\"og:image\" content=\"https:\/\/hengxingmachinery.com\/wp-content\/uploads\/2025\/03\/double-roller-crusher-major-sale.jpg\" \/>\n<meta name=\"twitter:card\" content=\"summary_large_image\" \/>\n<meta name=\"twitter:label1\" content=\"Dur\u00e9e de lecture estim\u00e9e\" \/>\n\t<meta name=\"twitter:data1\" content=\"3 minutes\" \/>\n<script type=\"application\/ld+json\" class=\"yoast-schema-graph\">{\"@context\":\"https:\\\/\\\/schema.org\",\"@graph\":[{\"@type\":\"WebPage\",\"@id\":\"https:\\\/\\\/hengxingmachinery.com\\\/double-roller-crushers\\\/\",\"url\":\"https:\\\/\\\/hengxingmachinery.com\\\/double-roller-crushers\\\/\",\"name\":\"1-1. Double roller crusher - Hengxing Machinery\",\"isPartOf\":{\"@id\":\"https:\\\/\\\/hengxingmachinery.com\\\/#website\"},\"primaryImageOfPage\":{\"@id\":\"https:\\\/\\\/hengxingmachinery.com\\\/double-roller-crushers\\\/#primaryimage\"},\"image\":{\"@id\":\"https:\\\/\\\/hengxingmachinery.com\\\/double-roller-crushers\\\/#primaryimage\"},\"thumbnailUrl\":\"https:\\\/\\\/hengxingmachinery.com\\\/wp-content\\\/uploads\\\/2025\\\/03\\\/double-roller-crusher-major-sale.jpg\",\"datePublished\":\"2025-03-21T09:58:21+00:00\",\"dateModified\":\"2025-03-21T09:58:38+00:00\",\"breadcrumb\":{\"@id\":\"https:\\\/\\\/hengxingmachinery.com\\\/double-roller-crushers\\\/#breadcrumb\"},\"inLanguage\":\"fr-FR\",\"potentialAction\":[{\"@type\":\"ReadAction\",\"target\":[\"https:\\\/\\\/hengxingmachinery.com\\\/double-roller-crushers\\\/\"]}]},{\"@type\":\"ImageObject\",\"inLanguage\":\"fr-FR\",\"@id\":\"https:\\\/\\\/hengxingmachinery.com\\\/double-roller-crushers\\\/#primaryimage\",\"url\":\"https:\\\/\\\/hengxingmachinery.com\\\/wp-content\\\/uploads\\\/2025\\\/03\\\/double-roller-crusher-major-sale.jpg\",\"contentUrl\":\"https:\\\/\\\/hengxingmachinery.com\\\/wp-content\\\/uploads\\\/2025\\\/03\\\/double-roller-crusher-major-sale.jpg\"},{\"@type\":\"BreadcrumbList\",\"@id\":\"https:\\\/\\\/hengxingmachinery.com\\\/double-roller-crushers\\\/#breadcrumb\",\"itemListElement\":[{\"@type\":\"ListItem\",\"position\":1,\"name\":\"Home\",\"item\":\"https:\\\/\\\/hengxingmachinery.com\\\/\"},{\"@type\":\"ListItem\",\"position\":2,\"name\":\"1-1. Double roller crusher\"}]},{\"@type\":\"WebSite\",\"@id\":\"https:\\\/\\\/hengxingmachinery.com\\\/#website\",\"url\":\"https:\\\/\\\/hengxingmachinery.com\\\/\",\"name\":\"Hengxing Machinery\",\"description\":\"Leading Manufacturer of All Sorts of Mining Machinery\",\"publisher\":{\"@id\":\"https:\\\/\\\/hengxingmachinery.com\\\/#organization\"},\"potentialAction\":[{\"@type\":\"SearchAction\",\"target\":{\"@type\":\"EntryPoint\",\"urlTemplate\":\"https:\\\/\\\/hengxingmachinery.com\\\/?s={search_term_string}\"},\"query-input\":{\"@type\":\"PropertyValueSpecification\",\"valueRequired\":true,\"valueName\":\"search_term_string\"}}],\"inLanguage\":\"fr-FR\"},{\"@type\":\"Organization\",\"@id\":\"https:\\\/\\\/hengxingmachinery.com\\\/#organization\",\"name\":\"Hengxing Machinery\",\"url\":\"https:\\\/\\\/hengxingmachinery.com\\\/\",\"logo\":{\"@type\":\"ImageObject\",\"inLanguage\":\"fr-FR\",\"@id\":\"https:\\\/\\\/hengxingmachinery.com\\\/#\\\/schema\\\/logo\\\/image\\\/\",\"url\":\"https:\\\/\\\/hengxingmachinery.com\\\/wp-content\\\/uploads\\\/2024\\\/12\\\/logo.png\",\"contentUrl\":\"https:\\\/\\\/hengxingmachinery.com\\\/wp-content\\\/uploads\\\/2024\\\/12\\\/logo.png\",\"width\":400,\"height\":260,\"caption\":\"Hengxing Machinery\"},\"image\":{\"@id\":\"https:\\\/\\\/hengxingmachinery.com\\\/#\\\/schema\\\/logo\\\/image\\\/\"}}]}<\/script>\n<!-- \/ Yoast SEO plugin. -->","yoast_head_json":{"title":"1-1. Concasseur \u00e0 double rouleaux - Hengxing Machinery","robots":{"index":"index","follow":"follow","max-snippet":"max-snippet:-1","max-image-preview":"max-image-preview:large","max-video-preview":"max-video-preview:-1"},"canonical":"https:\/\/hengxingmachinery.com\/fr\/double-roller-crushers\/","og_locale":"fr_FR","og_type":"article","og_title":"1-1. Double roller crusher - Hengxing Machinery","og_description":"Double roller crushers Double roller crusher application Double roller crusher is suitable for rough and intermediate crushing of brittle materials in such industries as cement, chemical industry, electric power, mine, building materials and metallurgy. The grain size of the input material is large, the particle size of the output product can be controlled, and it ... Lire plus","og_url":"https:\/\/hengxingmachinery.com\/fr\/double-roller-crushers\/","og_site_name":"Hengxing Machinery","article_modified_time":"2025-03-21T09:58:38+00:00","og_image":[{"url":"https:\/\/hengxingmachinery.com\/wp-content\/uploads\/2025\/03\/double-roller-crusher-major-sale.jpg","type":"","width":"","height":""}],"twitter_card":"summary_large_image","twitter_misc":{"Dur\u00e9e de lecture estim\u00e9e":"3 minutes"},"schema":{"@context":"https:\/\/schema.org","@graph":[{"@type":"WebPage","@id":"https:\/\/hengxingmachinery.com\/double-roller-crushers\/","url":"https:\/\/hengxingmachinery.com\/double-roller-crushers\/","name":"1-1. Concasseur \u00e0 double rouleaux - Hengxing Machinery","isPartOf":{"@id":"https:\/\/hengxingmachinery.com\/#website"},"primaryImageOfPage":{"@id":"https:\/\/hengxingmachinery.com\/double-roller-crushers\/#primaryimage"},"image":{"@id":"https:\/\/hengxingmachinery.com\/double-roller-crushers\/#primaryimage"},"thumbnailUrl":"https:\/\/hengxingmachinery.com\/wp-content\/uploads\/2025\/03\/double-roller-crusher-major-sale.jpg","datePublished":"2025-03-21T09:58:21+00:00","dateModified":"2025-03-21T09:58:38+00:00","breadcrumb":{"@id":"https:\/\/hengxingmachinery.com\/double-roller-crushers\/#breadcrumb"},"inLanguage":"fr-FR","potentialAction":[{"@type":"ReadAction","target":["https:\/\/hengxingmachinery.com\/double-roller-crushers\/"]}]},{"@type":"ImageObject","inLanguage":"fr-FR","@id":"https:\/\/hengxingmachinery.com\/double-roller-crushers\/#primaryimage","url":"https:\/\/hengxingmachinery.com\/wp-content\/uploads\/2025\/03\/double-roller-crusher-major-sale.jpg","contentUrl":"https:\/\/hengxingmachinery.com\/wp-content\/uploads\/2025\/03\/double-roller-crusher-major-sale.jpg"},{"@type":"BreadcrumbList","@id":"https:\/\/hengxingmachinery.com\/double-roller-crushers\/#breadcrumb","itemListElement":[{"@type":"ListItem","position":1,"name":"Home","item":"https:\/\/hengxingmachinery.com\/"},{"@type":"ListItem","position":2,"name":"1-1. Double roller crusher"}]},{"@type":"WebSite","@id":"https:\/\/hengxingmachinery.com\/#website","url":"https:\/\/hengxingmachinery.com\/","name":"Machines Hengxing","description":"Fabricant leader de toutes sortes de machines mini\u00e8res","publisher":{"@id":"https:\/\/hengxingmachinery.com\/#organization"},"potentialAction":[{"@type":"SearchAction","target":{"@type":"EntryPoint","urlTemplate":"https:\/\/hengxingmachinery.com\/?s={search_term_string}"},"query-input":{"@type":"PropertyValueSpecification","valueRequired":true,"valueName":"search_term_string"}}],"inLanguage":"fr-FR"},{"@type":"Organization","@id":"https:\/\/hengxingmachinery.com\/#organization","name":"Machines Hengxing","url":"https:\/\/hengxingmachinery.com\/","logo":{"@type":"ImageObject","inLanguage":"fr-FR","@id":"https:\/\/hengxingmachinery.com\/#\/schema\/logo\/image\/","url":"https:\/\/hengxingmachinery.com\/wp-content\/uploads\/2024\/12\/logo.png","contentUrl":"https:\/\/hengxingmachinery.com\/wp-content\/uploads\/2024\/12\/logo.png","width":400,"height":260,"caption":"Hengxing Machinery"},"image":{"@id":"https:\/\/hengxingmachinery.com\/#\/schema\/logo\/image\/"}}]}},"_links":{"self":[{"href":"https:\/\/hengxingmachinery.com\/fr\/wp-json\/wp\/v2\/pages\/2443","targetHints":{"allow":["GET"]}}],"collection":[{"href":"https:\/\/hengxingmachinery.com\/fr\/wp-json\/wp\/v2\/pages"}],"about":[{"href":"https:\/\/hengxingmachinery.com\/fr\/wp-json\/wp\/v2\/types\/page"}],"author":[{"embeddable":true,"href":"https:\/\/hengxingmachinery.com\/fr\/wp-json\/wp\/v2\/users\/1"}],"replies":[{"embeddable":true,"href":"https:\/\/hengxingmachinery.com\/fr\/wp-json\/wp\/v2\/comments?post=2443"}],"version-history":[{"count":4,"href":"https:\/\/hengxingmachinery.com\/fr\/wp-json\/wp\/v2\/pages\/2443\/revisions"}],"predecessor-version":[{"id":2652,"href":"https:\/\/hengxingmachinery.com\/fr\/wp-json\/wp\/v2\/pages\/2443\/revisions\/2652"}],"wp:attachment":[{"href":"https:\/\/hengxingmachinery.com\/fr\/wp-json\/wp\/v2\/media?parent=2443"}],"curies":[{"name":"wp","href":"https:\/\/api.w.org\/{rel}","templated":true}]}}