{"id":2445,"date":"2025-03-21T10:03:38","date_gmt":"2025-03-21T10:03:38","guid":{"rendered":"https:\/\/hengxingmachinery.com\/?page_id=2445"},"modified":"2025-03-21T10:03:39","modified_gmt":"2025-03-21T10:03:39","slug":"vertical-compound-crushers","status":"publish","type":"page","link":"https:\/\/hengxingmachinery.com\/fr\/vertical-compound-crushers\/","title":{"rendered":"1-1. Concasseur compos\u00e9 vertical"},"content":{"rendered":"<div class=\"gb-container gb-container-45165f5a\">\n<div class=\"gb-container gb-container-c2652eb4\">\n\n<h1 class=\"gb-headline gb-headline-62a8b2cc gb-headline-text\">Concasseur compos\u00e9 vertical<\/h1>\n\n<\/div>\n<\/div>\n\n<div class=\"gb-container gb-container-519cf624\">\n<div class=\"gb-container gb-container-71ca071e\">\n<div class=\"gb-grid-wrapper gb-grid-wrapper-8a5f0688\">\n<div class=\"gb-grid-column gb-grid-column-1e99b1c2\"><div class=\"gb-container gb-container-1e99b1c2\">\n\n<figure class=\"gb-block-image gb-block-image-e4eaba54\"><img decoding=\"async\" width=\"665\" height=\"545\" class=\"gb-image gb-image-e4eaba54\" src=\"https:\/\/hengxingmachinery.com\/wp-content\/uploads\/2025\/03\/vertical-compound-crusher-major-sale.jpg\" alt=\"\" title=\"concasseur-compose-vertical-vente-principale\" srcset=\"https:\/\/hengxingmachinery.com\/wp-content\/uploads\/2025\/03\/vertical-compound-crusher-major-sale.jpg 665w, https:\/\/hengxingmachinery.com\/wp-content\/uploads\/2025\/03\/vertical-compound-crusher-major-sale-300x246.jpg 300w, https:\/\/hengxingmachinery.com\/wp-content\/uploads\/2025\/03\/vertical-compound-crusher-major-sale-15x12.jpg 15w\" sizes=\"(max-width: 665px) 100vw, 665px\" \/><\/figure>\n\n<\/div><\/div>\n\n<div class=\"gb-grid-column gb-grid-column-bcae065b\"><div class=\"gb-container gb-container-bcae065b\">\n\n<p><strong><mark style=\"background-color:rgba(0, 0, 0, 0)\" class=\"has-inline-color has-global-color-8-color\">Taille du flux :<\/mark><\/strong> 50-100 mm<\/p>\n\n\n\n<p><strong><mark style=\"background-color:rgba(0, 0, 0, 0)\" class=\"has-inline-color has-global-color-8-color\">Capacit\u00e9 de production :<\/mark><\/strong> 5-100t\/h<\/p>\n\n\n\n<p><strong><mark style=\"background-color:rgba(0, 0, 0, 0)\" class=\"has-inline-color has-global-color-8-color\">Granulom\u00e9trie de d\u00e9charge :<\/mark><\/strong> 0-5 mm<\/p>\n\n\n\n<p><strong><mark style=\"background-color:rgba(0, 0, 0, 0)\" class=\"has-inline-color has-global-color-8-color\">Mat\u00e9riaux applicables :<\/mark><\/strong> Galets de rivi\u00e8re, granit, basalte, minerai de fer, calcaire, quartz, d\u00e9chets de construction, etc.<\/p>\n\n\n\n<p><strong><mark style=\"background-color:rgba(0, 0, 0, 0)\" class=\"has-inline-color has-global-color-8-color\">Domaine d'application :<\/mark><\/strong> Large utilisation dans les industries de traitement des min\u00e9raux, charbon, mat\u00e9riaux de construction, produits chimiques, mat\u00e9riaux r\u00e9fractaires, m\u00e9tallurgie, ciment, verre, c\u00e9ramique, \u00e9lectricit\u00e9 et autres.<\/p>\n\n\n<div class=\"gb-container gb-container-256e15f1\">\n\n<a class=\"gb-button gb-button-e8b73d89 gb-button-text\" href=\"#popmake-622\">Obtenez un devis gratuit maintenant<\/a>\n\n<\/div>\n<\/div><\/div>\n<\/div>\n<\/div>\n<\/div>\n\n<div class=\"gb-container gb-container-3a930c38\">\n<div class=\"gb-container gb-container-8a36e90a\">\n\n<h2 class=\"gb-headline gb-headline-a5d3273c gb-headline-text\">Application du concasseur compos\u00e9 vertical<\/h2>\n\n\n\n<p>Ce concasseur compos\u00e9 vertical est largement utilis\u00e9 pour toutes sortes de minerais, ciment, mat\u00e9riaux r\u00e9fractaires, clinker d'alumine, mati\u00e8res premi\u00e8res du verre et mat\u00e9riaux durs et tr\u00e8s durs, dans le domaine du broyage fin. Il est plus particuli\u00e8rement employ\u00e9 dans la production de sable m\u00e9canique, la fragmentation de pierres et de scories m\u00e9tallurgiques, offrant une efficacit\u00e9 de production sup\u00e9rieure par rapport aux autres types de concasseurs.<\/p>\n\n\n<div class=\"gb-container gb-container-96208927\">\n\n<a class=\"gb-button gb-button-429870c5 gb-button-text\" href=\"#popmake-622\">Obtenez un devis gratuit maintenant<\/a>\n\n<\/div>\n<\/div>\n\n<div class=\"gb-container gb-container-29b1d348\">\n\n<h2 class=\"gb-headline gb-headline-76542ccb gb-headline-text\">Avantages du concasseur compos\u00e9 vertical<\/h2>\n\n\n\n<figure class=\"gb-block-image gb-block-image-d6cef4a0\"><img decoding=\"async\" width=\"800\" height=\"500\" class=\"gb-image gb-image-d6cef4a0\" src=\"https:\/\/hengxingmachinery.com\/wp-content\/uploads\/2025\/03\/vertical-compound-crusher-feature.jpg\" alt=\"\" title=\"concasseur-compose-vertical-caracteristiques\" srcset=\"https:\/\/hengxingmachinery.com\/wp-content\/uploads\/2025\/03\/vertical-compound-crusher-feature.jpg 800w, https:\/\/hengxingmachinery.com\/wp-content\/uploads\/2025\/03\/vertical-compound-crusher-feature-300x188.jpg 300w, https:\/\/hengxingmachinery.com\/wp-content\/uploads\/2025\/03\/vertical-compound-crusher-feature-768x480.jpg 768w, https:\/\/hengxingmachinery.com\/wp-content\/uploads\/2025\/03\/vertical-compound-crusher-feature-18x12.jpg 18w\" sizes=\"(max-width: 800px) 100vw, 800px\" \/><\/figure>\n\n\n\n<p>Les mat\u00e9riaux tombent dans le rotor \u00e0 haute vitesse depuis la partie sup\u00e9rieure de la machine ; sous l'effet de la force centrifuge, ils entrent en collision violente avec d'autres mat\u00e9riaux en forme de parapluie circulant autour du rotor. Apr\u00e8s des impacts mutiples, ils sont \u00e9vacu\u00e9s par le fond, formant un circuit ferm\u00e9 avec de multiples cycles, jusqu'\u00e0 atteindre la granulom\u00e9trie requise gr\u00e2ce au contr\u00f4le par \u00e9quipement de criblage.<\/p>\n\n\n<div class=\"gb-container gb-container-f8e635c1\">\n\n<a class=\"gb-button gb-button-3f3a8585 gb-button-text\" href=\"#popmake-622\">Obtenez un devis gratuit maintenant<\/a>\n\n<\/div>\n<\/div>\n\n<div class=\"gb-container gb-container-90491455\">\n\n<h2 class=\"gb-headline gb-headline-c2d1e9f2 gb-headline-text\">Principe de fonctionnement du concasseur compos\u00e9 vertical<\/h2>\n\n\n\n<figure class=\"gb-block-image gb-block-image-c38aeceb\"><img decoding=\"async\" width=\"800\" height=\"500\" class=\"gb-image gb-image-c38aeceb\" src=\"https:\/\/hengxingmachinery.com\/wp-content\/uploads\/2025\/03\/vertical-compound-crusher-working.jpg\" alt=\"\" title=\"concasseur-compose-vertical-fonctionnement\" srcset=\"https:\/\/hengxingmachinery.com\/wp-content\/uploads\/2025\/03\/vertical-compound-crusher-working.jpg 800w, https:\/\/hengxingmachinery.com\/wp-content\/uploads\/2025\/03\/vertical-compound-crusher-working-300x188.jpg 300w, https:\/\/hengxingmachinery.com\/wp-content\/uploads\/2025\/03\/vertical-compound-crusher-working-768x480.jpg 768w, https:\/\/hengxingmachinery.com\/wp-content\/uploads\/2025\/03\/vertical-compound-crusher-working-18x12.jpg 18w\" sizes=\"(max-width: 800px) 100vw, 800px\" \/><\/figure>\n\n\n\n<p class=\"gb-headline gb-headline-6d9ee796 gb-headline-text\">1. Structure simple et rationnelle, co\u00fbts d'exploitation r\u00e9duits, usure moindre.<\/p>\n\n\n\n<p class=\"gb-headline gb-headline-0eb138cc gb-headline-text\">2. Taux de concassage \u00e9lev\u00e9, \u00e9conomie d'\u00e9nergie.<\/p>\n\n\n\n<p class=\"gb-headline gb-headline-bb1b30a7 gb-headline-text\">3. Assure \u00e0 la fois le concassage fin et le broyage grossier.<\/p>\n\n\n\n<p class=\"gb-headline gb-headline-9318951e gb-headline-text\">4. Faible sensibilit\u00e9 \u00e0 l'humidit\u00e9 des mat\u00e9riaux, pouvant atteindre environ 8%.<\/p>\n\n\n\n<p class=\"gb-headline gb-headline-450e9d89 gb-headline-text\">5. Niveau sonore inf\u00e9rieur \u00e0 75 d\u00e9cibels (dB), pollution r\u00e9duite par les poussi\u00e8res.<\/p>\n\n\n\n<p class=\"gb-headline gb-headline-a0561435 gb-headline-text\">6. Adapt\u00e9 au concassage de mat\u00e9riaux durs et semi-durs.<\/p>\n\n\n\n<p class=\"gb-headline gb-headline-aff65ce0 gb-headline-text\">7. Produits de forme cubique, densit\u00e9 d'empilement \u00e9lev\u00e9e, faible pollution par le fer.<\/p>\n\n\n\n<p class=\"gb-headline gb-headline-383abfb5 gb-headline-text\">8. Usure limit\u00e9e des rev\u00eatements du rotor, entretien facile.<\/p>\n\n\n<div class=\"gb-container gb-container-b75941b1\">\n\n<a class=\"gb-button gb-button-89dee1b9 gb-button-text\" href=\"#popmake-622\">Obtenez un devis gratuit maintenant<\/a>\n\n<\/div>\n<\/div>\n<\/div>\n\n<div class=\"gb-container gb-container-435ad261\">\n<div class=\"gb-container gb-container-7dc79cc4\">\n\n<h2 class=\"gb-headline gb-headline-6fe5dee2 gb-headline-text\">Sp\u00e9cifications du concasseur compos\u00e9 vertical<\/h2>\n\n\n\n<figure class=\"wp-block-table\"><table class=\"has-fixed-layout\"><tbody><tr><td>Mod\u00e8le<\/td><td>Diam\u00e8tre du rotor (mm)<\/td><td>Hauteur du cylindre (mm)<\/td><td>Vitesse de rotation de l'arbre principal (tr\/min)<\/td><td>Taille d'alimentation (mm)<\/td><td>Taille de d\u00e9charge (mm)<\/td><td>Capacit\u00e9 (t\/h)<\/td><td>Puissance du moteur (kW)<\/td><td>Dimensions (L x l x H mm)<\/td><td>Poids (t)<\/td><\/tr><tr><td>800<\/td><td>650<\/td><td>800<\/td><td>1350<\/td><td>50<\/td><td>0-5<\/td><td>5-15<\/td><td>30<\/td><td>2200*860*1980<\/td><td>2.3<\/td><\/tr><tr><td>1000<\/td><td>800<\/td><td>850<\/td><td>970<\/td><td>70<\/td><td>0-5<\/td><td>10-30<\/td><td>55<\/td><td>2700*1160*2000<\/td><td>4.5<\/td><\/tr><tr><td>1250<\/td><td>1000<\/td><td>850<\/td><td>740<\/td><td>100<\/td><td>0-5<\/td><td>20-60<\/td><td>75<\/td><td>2800*1400*2730<\/td><td>9.7<\/td><\/tr><tr><td>1500<\/td><td>1250<\/td><td>1000<\/td><td>650<\/td><td>100<\/td><td>0-5<\/td><td>30-80<\/td><td>110<\/td><td>3350*2100*2800<\/td><td>18.1<\/td><\/tr><tr><td>1750<\/td><td>1560<\/td><td>1410<\/td><td>600<\/td><td>100<\/td><td>0-5<\/td><td>40-100<\/td><td>132<\/td><td>3100*1900*2300<\/td><td>26.6<\/td><\/tr><\/tbody><\/table><\/figure>\n\n\n<div class=\"gb-container gb-container-263d9700\">\n\n<a class=\"gb-button gb-button-a4cbb7be gb-button-text\" href=\"#popmake-622\">Obtenez un devis gratuit maintenant<\/a>\n\n<\/div>\n<\/div>\n<\/div>","protected":false},"excerpt":{"rendered":"<p>Vertical compound crusher Vertical compound crusher application This vertical compound crusher is widely used in all kinds of ores, cement, refractories, alumina clinker, glass raw materials and high hard, hard materials, fine in the field. In the mechanism building sand, stone and breaking of metallurgical slag is more widespread use, compared with other types of &#8230; <\/p>\n<p class=\"read-more-container\"><a title=\"1-1. Concasseur compos\u00e9 vertical\" class=\"read-more button\" href=\"https:\/\/hengxingmachinery.com\/fr\/vertical-compound-crushers\/#more-2445\" aria-label=\"En savoir plus sur 1-1. Vertical compound crusher\">Lire plus<\/a><\/p>","protected":false},"author":1,"featured_media":0,"parent":0,"menu_order":0,"comment_status":"closed","ping_status":"closed","template":"","meta":{"footnotes":""},"class_list":["post-2445","page","type-page","status-publish"],"yoast_head":"<!-- This site is optimized with the Yoast SEO plugin v27.4 - https:\/\/yoast.com\/product\/yoast-seo-wordpress\/ -->\n<title>1-1. Vertical compound crusher - Hengxing Machinery<\/title>\n<meta name=\"robots\" content=\"index, follow, max-snippet:-1, max-image-preview:large, max-video-preview:-1\" \/>\n<link rel=\"canonical\" href=\"https:\/\/hengxingmachinery.com\/fr\/vertical-compound-crushers\/\" \/>\n<meta property=\"og:locale\" content=\"fr_FR\" \/>\n<meta property=\"og:type\" content=\"article\" \/>\n<meta property=\"og:title\" content=\"1-1. Vertical compound crusher - Hengxing Machinery\" \/>\n<meta property=\"og:description\" content=\"Vertical compound crusher Vertical compound crusher application This vertical compound crusher is widely used in all kinds of ores, cement, refractories, alumina clinker, glass raw materials and high hard, hard materials, fine in the field. In the mechanism building sand, stone and breaking of metallurgical slag is more widespread use, compared with other types of ... Lire plus\" \/>\n<meta property=\"og:url\" content=\"https:\/\/hengxingmachinery.com\/fr\/vertical-compound-crushers\/\" \/>\n<meta property=\"og:site_name\" content=\"Hengxing Machinery\" \/>\n<meta property=\"article:modified_time\" content=\"2025-03-21T10:03:39+00:00\" \/>\n<meta property=\"og:image\" content=\"https:\/\/hengxingmachinery.com\/wp-content\/uploads\/2025\/03\/vertical-compound-crusher-major-sale.jpg\" \/>\n<meta name=\"twitter:card\" content=\"summary_large_image\" \/>\n<meta name=\"twitter:label1\" content=\"Dur\u00e9e de lecture estim\u00e9e\" \/>\n\t<meta name=\"twitter:data1\" content=\"3 minutes\" \/>\n<script type=\"application\/ld+json\" class=\"yoast-schema-graph\">{\"@context\":\"https:\\\/\\\/schema.org\",\"@graph\":[{\"@type\":\"WebPage\",\"@id\":\"https:\\\/\\\/hengxingmachinery.com\\\/vertical-compound-crushers\\\/\",\"url\":\"https:\\\/\\\/hengxingmachinery.com\\\/vertical-compound-crushers\\\/\",\"name\":\"1-1. Vertical compound crusher - Hengxing Machinery\",\"isPartOf\":{\"@id\":\"https:\\\/\\\/hengxingmachinery.com\\\/#website\"},\"primaryImageOfPage\":{\"@id\":\"https:\\\/\\\/hengxingmachinery.com\\\/vertical-compound-crushers\\\/#primaryimage\"},\"image\":{\"@id\":\"https:\\\/\\\/hengxingmachinery.com\\\/vertical-compound-crushers\\\/#primaryimage\"},\"thumbnailUrl\":\"https:\\\/\\\/hengxingmachinery.com\\\/wp-content\\\/uploads\\\/2025\\\/03\\\/vertical-compound-crusher-major-sale.jpg\",\"datePublished\":\"2025-03-21T10:03:38+00:00\",\"dateModified\":\"2025-03-21T10:03:39+00:00\",\"breadcrumb\":{\"@id\":\"https:\\\/\\\/hengxingmachinery.com\\\/vertical-compound-crushers\\\/#breadcrumb\"},\"inLanguage\":\"fr-FR\",\"potentialAction\":[{\"@type\":\"ReadAction\",\"target\":[\"https:\\\/\\\/hengxingmachinery.com\\\/vertical-compound-crushers\\\/\"]}]},{\"@type\":\"ImageObject\",\"inLanguage\":\"fr-FR\",\"@id\":\"https:\\\/\\\/hengxingmachinery.com\\\/vertical-compound-crushers\\\/#primaryimage\",\"url\":\"https:\\\/\\\/hengxingmachinery.com\\\/wp-content\\\/uploads\\\/2025\\\/03\\\/vertical-compound-crusher-major-sale.jpg\",\"contentUrl\":\"https:\\\/\\\/hengxingmachinery.com\\\/wp-content\\\/uploads\\\/2025\\\/03\\\/vertical-compound-crusher-major-sale.jpg\"},{\"@type\":\"BreadcrumbList\",\"@id\":\"https:\\\/\\\/hengxingmachinery.com\\\/vertical-compound-crushers\\\/#breadcrumb\",\"itemListElement\":[{\"@type\":\"ListItem\",\"position\":1,\"name\":\"Home\",\"item\":\"https:\\\/\\\/hengxingmachinery.com\\\/\"},{\"@type\":\"ListItem\",\"position\":2,\"name\":\"1-1. Vertical compound crusher\"}]},{\"@type\":\"WebSite\",\"@id\":\"https:\\\/\\\/hengxingmachinery.com\\\/#website\",\"url\":\"https:\\\/\\\/hengxingmachinery.com\\\/\",\"name\":\"Hengxing Machinery\",\"description\":\"Leading Manufacturer of All Sorts of Mining Machinery\",\"publisher\":{\"@id\":\"https:\\\/\\\/hengxingmachinery.com\\\/#organization\"},\"potentialAction\":[{\"@type\":\"SearchAction\",\"target\":{\"@type\":\"EntryPoint\",\"urlTemplate\":\"https:\\\/\\\/hengxingmachinery.com\\\/?s={search_term_string}\"},\"query-input\":{\"@type\":\"PropertyValueSpecification\",\"valueRequired\":true,\"valueName\":\"search_term_string\"}}],\"inLanguage\":\"fr-FR\"},{\"@type\":\"Organization\",\"@id\":\"https:\\\/\\\/hengxingmachinery.com\\\/#organization\",\"name\":\"Hengxing Machinery\",\"url\":\"https:\\\/\\\/hengxingmachinery.com\\\/\",\"logo\":{\"@type\":\"ImageObject\",\"inLanguage\":\"fr-FR\",\"@id\":\"https:\\\/\\\/hengxingmachinery.com\\\/#\\\/schema\\\/logo\\\/image\\\/\",\"url\":\"https:\\\/\\\/hengxingmachinery.com\\\/wp-content\\\/uploads\\\/2024\\\/12\\\/logo.png\",\"contentUrl\":\"https:\\\/\\\/hengxingmachinery.com\\\/wp-content\\\/uploads\\\/2024\\\/12\\\/logo.png\",\"width\":400,\"height\":260,\"caption\":\"Hengxing Machinery\"},\"image\":{\"@id\":\"https:\\\/\\\/hengxingmachinery.com\\\/#\\\/schema\\\/logo\\\/image\\\/\"}}]}<\/script>\n<!-- \/ Yoast SEO plugin. -->","yoast_head_json":{"title":"1-1. Concasseur compos\u00e9 vertical - Hengxing Machinery","robots":{"index":"index","follow":"follow","max-snippet":"max-snippet:-1","max-image-preview":"max-image-preview:large","max-video-preview":"max-video-preview:-1"},"canonical":"https:\/\/hengxingmachinery.com\/fr\/vertical-compound-crushers\/","og_locale":"fr_FR","og_type":"article","og_title":"1-1. Vertical compound crusher - Hengxing Machinery","og_description":"Vertical compound crusher Vertical compound crusher application This vertical compound crusher is widely used in all kinds of ores, cement, refractories, alumina clinker, glass raw materials and high hard, hard materials, fine in the field. In the mechanism building sand, stone and breaking of metallurgical slag is more widespread use, compared with other types of ... Lire plus","og_url":"https:\/\/hengxingmachinery.com\/fr\/vertical-compound-crushers\/","og_site_name":"Hengxing Machinery","article_modified_time":"2025-03-21T10:03:39+00:00","og_image":[{"url":"https:\/\/hengxingmachinery.com\/wp-content\/uploads\/2025\/03\/vertical-compound-crusher-major-sale.jpg","type":"","width":"","height":""}],"twitter_card":"summary_large_image","twitter_misc":{"Dur\u00e9e de lecture estim\u00e9e":"3 minutes"},"schema":{"@context":"https:\/\/schema.org","@graph":[{"@type":"WebPage","@id":"https:\/\/hengxingmachinery.com\/vertical-compound-crushers\/","url":"https:\/\/hengxingmachinery.com\/vertical-compound-crushers\/","name":"1-1. Concasseur compos\u00e9 vertical - Hengxing Machinery","isPartOf":{"@id":"https:\/\/hengxingmachinery.com\/#website"},"primaryImageOfPage":{"@id":"https:\/\/hengxingmachinery.com\/vertical-compound-crushers\/#primaryimage"},"image":{"@id":"https:\/\/hengxingmachinery.com\/vertical-compound-crushers\/#primaryimage"},"thumbnailUrl":"https:\/\/hengxingmachinery.com\/wp-content\/uploads\/2025\/03\/vertical-compound-crusher-major-sale.jpg","datePublished":"2025-03-21T10:03:38+00:00","dateModified":"2025-03-21T10:03:39+00:00","breadcrumb":{"@id":"https:\/\/hengxingmachinery.com\/vertical-compound-crushers\/#breadcrumb"},"inLanguage":"fr-FR","potentialAction":[{"@type":"ReadAction","target":["https:\/\/hengxingmachinery.com\/vertical-compound-crushers\/"]}]},{"@type":"ImageObject","inLanguage":"fr-FR","@id":"https:\/\/hengxingmachinery.com\/vertical-compound-crushers\/#primaryimage","url":"https:\/\/hengxingmachinery.com\/wp-content\/uploads\/2025\/03\/vertical-compound-crusher-major-sale.jpg","contentUrl":"https:\/\/hengxingmachinery.com\/wp-content\/uploads\/2025\/03\/vertical-compound-crusher-major-sale.jpg"},{"@type":"BreadcrumbList","@id":"https:\/\/hengxingmachinery.com\/vertical-compound-crushers\/#breadcrumb","itemListElement":[{"@type":"ListItem","position":1,"name":"Home","item":"https:\/\/hengxingmachinery.com\/"},{"@type":"ListItem","position":2,"name":"1-1. Vertical compound crusher"}]},{"@type":"WebSite","@id":"https:\/\/hengxingmachinery.com\/#website","url":"https:\/\/hengxingmachinery.com\/","name":"Machines Hengxing","description":"Fabricant leader de toutes sortes de machines mini\u00e8res","publisher":{"@id":"https:\/\/hengxingmachinery.com\/#organization"},"potentialAction":[{"@type":"SearchAction","target":{"@type":"EntryPoint","urlTemplate":"https:\/\/hengxingmachinery.com\/?s={search_term_string}"},"query-input":{"@type":"PropertyValueSpecification","valueRequired":true,"valueName":"search_term_string"}}],"inLanguage":"fr-FR"},{"@type":"Organization","@id":"https:\/\/hengxingmachinery.com\/#organization","name":"Machines Hengxing","url":"https:\/\/hengxingmachinery.com\/","logo":{"@type":"ImageObject","inLanguage":"fr-FR","@id":"https:\/\/hengxingmachinery.com\/#\/schema\/logo\/image\/","url":"https:\/\/hengxingmachinery.com\/wp-content\/uploads\/2024\/12\/logo.png","contentUrl":"https:\/\/hengxingmachinery.com\/wp-content\/uploads\/2024\/12\/logo.png","width":400,"height":260,"caption":"Hengxing Machinery"},"image":{"@id":"https:\/\/hengxingmachinery.com\/#\/schema\/logo\/image\/"}}]}},"_links":{"self":[{"href":"https:\/\/hengxingmachinery.com\/fr\/wp-json\/wp\/v2\/pages\/2445","targetHints":{"allow":["GET"]}}],"collection":[{"href":"https:\/\/hengxingmachinery.com\/fr\/wp-json\/wp\/v2\/pages"}],"about":[{"href":"https:\/\/hengxingmachinery.com\/fr\/wp-json\/wp\/v2\/types\/page"}],"author":[{"embeddable":true,"href":"https:\/\/hengxingmachinery.com\/fr\/wp-json\/wp\/v2\/users\/1"}],"replies":[{"embeddable":true,"href":"https:\/\/hengxingmachinery.com\/fr\/wp-json\/wp\/v2\/comments?post=2445"}],"version-history":[{"count":2,"href":"https:\/\/hengxingmachinery.com\/fr\/wp-json\/wp\/v2\/pages\/2445\/revisions"}],"predecessor-version":[{"id":2663,"href":"https:\/\/hengxingmachinery.com\/fr\/wp-json\/wp\/v2\/pages\/2445\/revisions\/2663"}],"wp:attachment":[{"href":"https:\/\/hengxingmachinery.com\/fr\/wp-json\/wp\/v2\/media?parent=2445"}],"curies":[{"name":"wp","href":"https:\/\/api.w.org\/{rel}","templated":true}]}}