{"id":2446,"date":"2025-03-21T10:06:31","date_gmt":"2025-03-21T10:06:31","guid":{"rendered":"https:\/\/hengxingmachinery.com\/?page_id=2446"},"modified":"2025-03-21T10:06:32","modified_gmt":"2025-03-21T10:06:32","slug":"vertical-plate-hammer-combination-crushers","status":"publish","type":"page","link":"https:\/\/hengxingmachinery.com\/fr\/vertical-plate-hammer-combination-crushers\/","title":{"rendered":"1-1. Concasseur combin\u00e9 \u00e0 marteau plaque vertical"},"content":{"rendered":"<div class=\"gb-container gb-container-45165f5a\">\n<div class=\"gb-container gb-container-c2652eb4\">\n\n<h1 class=\"gb-headline gb-headline-62a8b2cc gb-headline-text\">Concasseur combin\u00e9 \u00e0 marteaux plats verticaux<\/h1>\n\n<\/div>\n<\/div>\n\n<div class=\"gb-container gb-container-519cf624\">\n<div class=\"gb-container gb-container-71ca071e\">\n<div class=\"gb-grid-wrapper gb-grid-wrapper-8a5f0688\">\n<div class=\"gb-grid-column gb-grid-column-1e99b1c2\"><div class=\"gb-container gb-container-1e99b1c2\">\n\n<figure class=\"gb-block-image gb-block-image-e4eaba54\"><img decoding=\"async\" width=\"665\" height=\"545\" class=\"gb-image gb-image-e4eaba54\" src=\"https:\/\/hengxingmachinery.com\/wp-content\/uploads\/2025\/03\/vertical-plate-hammer-crusher-feature.jpg\" alt=\"\" title=\"caract\u00e9ristique-du-concasseur-\u00e0-marteaux-vertical\" srcset=\"https:\/\/hengxingmachinery.com\/wp-content\/uploads\/2025\/03\/vertical-plate-hammer-crusher-feature.jpg 665w, https:\/\/hengxingmachinery.com\/wp-content\/uploads\/2025\/03\/vertical-plate-hammer-crusher-feature-300x246.jpg 300w, https:\/\/hengxingmachinery.com\/wp-content\/uploads\/2025\/03\/vertical-plate-hammer-crusher-feature-15x12.jpg 15w\" sizes=\"(max-width: 665px) 100vw, 665px\" \/><\/figure>\n\n<\/div><\/div>\n\n<div class=\"gb-grid-column gb-grid-column-bcae065b\"><div class=\"gb-container gb-container-bcae065b\">\n\n<p>Le concasseur combin\u00e9 \u00e0 marteaux \u00e0 arbre vertical est un nouveau produit de concassage fin et un type d'\u00e9quipement de fabrication de sable \u00e0 marteaux.<\/p>\n\n\n\n<p><strong>Le concasseur combin\u00e9 \u00e0 marteaux lourd \u00e0 arbre vertical, \u00e9galement appel\u00e9 machine \u00e0 sable \u00e0 arbre vertical, est utilis\u00e9 pour broyer divers minerais de duret\u00e9 moyenne et peut \u00eatre employ\u00e9 dans les industries mini\u00e8re, m\u00e9tallurgique, des r\u00e9fractaires, du ciment, du charbon, du verre, de la c\u00e9ramique, de l'\u00e9nergie et autres. <\/strong><\/p>\n\n\n\n<p>Le concasseur combin\u00e9 \u00e0 marteaux lourd \u00e0 arbre vertical pr\u00e9sente les caract\u00e9ristiques suivantes : un grand rapport de concassage, une granulom\u00e9trie de d\u00e9charge ajustable \u00e0 volont\u00e9, aucune influence de l'usure des marteaux et des blindages, pas de grille de calibrage, et une aptitude au concassage de mat\u00e9riaux \u00e0 forte teneur en eau et en boue sans risque de colmatage.<\/p>\n\n\n<div class=\"gb-container gb-container-256e15f1\">\n\n<a class=\"gb-button gb-button-e8b73d89 gb-button-text\" href=\"#popmake-622\">Obtenez un devis gratuit maintenant<\/a>\n\n<\/div>\n<\/div><\/div>\n<\/div>\n<\/div>\n<\/div>\n\n<div class=\"gb-container gb-container-3a930c38\">\n<div class=\"gb-container gb-container-8a36e90a\">\n\n<h2 class=\"gb-headline gb-headline-a5d3273c gb-headline-text\">Caract\u00e9ristiques du concasseur combin\u00e9 \u00e0 marteaux \u00e0 arbre vertical<\/h2>\n\n\n\n<figure class=\"gb-block-image gb-block-image-1c359176\"><img decoding=\"async\" width=\"800\" height=\"500\" class=\"gb-image gb-image-1c359176\" src=\"https:\/\/hengxingmachinery.com\/wp-content\/uploads\/2025\/03\/vertical-plate-hammer-crusher-design.jpg\" alt=\"\" title=\"conception-du-concasseur-\u00e0-marteaux-vertical\" srcset=\"https:\/\/hengxingmachinery.com\/wp-content\/uploads\/2025\/03\/vertical-plate-hammer-crusher-design.jpg 800w, https:\/\/hengxingmachinery.com\/wp-content\/uploads\/2025\/03\/vertical-plate-hammer-crusher-design-300x188.jpg 300w, https:\/\/hengxingmachinery.com\/wp-content\/uploads\/2025\/03\/vertical-plate-hammer-crusher-design-768x480.jpg 768w, https:\/\/hengxingmachinery.com\/wp-content\/uploads\/2025\/03\/vertical-plate-hammer-crusher-design-18x12.jpg 18w\" sizes=\"(max-width: 800px) 100vw, 800px\" \/><\/figure>\n\n\n\n<p>Le concasseur combin\u00e9 \u00e0 marteaux \u00e0 arbre vertical poss\u00e8de un grand rapport de concassage, ce qui le rend id\u00e9al pour le traitement des mat\u00e9riaux \u00e0 haute teneur en humidit\u00e9.<\/p>\n\n\n\n<p>La granulom\u00e9trie de d\u00e9charge peut \u00eatre ajust\u00e9e arbitrairement, et il n'y a pas de grille de calibrage. Les mat\u00e9riaux contenant une grande quantit\u00e9 de s\u00e9diments ne seront pas bloqu\u00e9s.<\/p>\n\n\n\n<p>Il pr\u00e9sente les caract\u00e9ristiques d'une efficacit\u00e9 de production \u00e9lev\u00e9e, d'une structure unique, d'un fonctionnement stable, d'un faible niveau sonore et d'une maintenance pratique.<\/p>\n\n\n<div class=\"gb-container gb-container-96208927\">\n\n<a class=\"gb-button gb-button-429870c5 gb-button-text\" href=\"#popmake-622\">Obtenez un devis gratuit maintenant<\/a>\n\n<\/div>\n<\/div>\n\n<div class=\"gb-container gb-container-0cef0bb9\">\n\n<h2 class=\"gb-headline gb-headline-5cd8e335 gb-headline-text\">Principe de fonctionnement du concasseur combin\u00e9 \u00e0 marteaux \u00e0 arbre vertical<\/h2>\n\n\n\n<figure class=\"gb-block-image gb-block-image-e98a3ecc\"><img decoding=\"async\" width=\"665\" height=\"545\" class=\"gb-image gb-image-e98a3ecc\" src=\"https:\/\/hengxingmachinery.com\/wp-content\/uploads\/2025\/03\/vertical-plate-hammer-crusher-working.jpg\" alt=\"\" title=\"fonctionnement-du-concasseur-\u00e0-marteaux-vertical\" srcset=\"https:\/\/hengxingmachinery.com\/wp-content\/uploads\/2025\/03\/vertical-plate-hammer-crusher-working.jpg 665w, https:\/\/hengxingmachinery.com\/wp-content\/uploads\/2025\/03\/vertical-plate-hammer-crusher-working-300x246.jpg 300w, https:\/\/hengxingmachinery.com\/wp-content\/uploads\/2025\/03\/vertical-plate-hammer-crusher-working-15x12.jpg 15w\" sizes=\"(max-width: 665px) 100vw, 665px\" \/><\/figure>\n\n\n\n<p>Le concasseur combin\u00e9 \u00e0 marteaux \u00e0 arbre vertical est compos\u00e9 d'un dispositif d'entra\u00eenement, d'un arbre principal, d'un cylindre, d'un couvercle sup\u00e9rieur et d'une base. Le moteur entra\u00eene l'arbre principal en rotation via une courroie trap\u00e9zo\u00efdale triangulaire. L'arbre principal est \u00e9quip\u00e9 de marteaux. <\/p>\n\n\n\n<p>Le mat\u00e9riau entre dans la machine par l'orifice d'alimentation sup\u00e9rieur et tombe par gravit\u00e9 ; il est ensuite continuellement concass\u00e9 par une s\u00e9rie d'impacts des marteaux en rotation \u00e0 haute vitesse, puis \u00e9vacu\u00e9 par l'orifice de d\u00e9charge inf\u00e9rieur.<\/p>\n\n\n<div class=\"gb-container gb-container-1a038443\">\n\n<a class=\"gb-button gb-button-90576b37 gb-button-text\" href=\"#popmake-622\">Obtenez un devis gratuit maintenant<\/a>\n\n<\/div>\n<\/div>\n<\/div>\n\n<div class=\"gb-container gb-container-435ad261\">\n<div class=\"gb-container gb-container-7dc79cc4\">\n\n<h2 class=\"gb-headline gb-headline-6fe5dee2 gb-headline-text\">Sp\u00e9cifications du concasseur combin\u00e9 \u00e0 marteaux \u00e0 arbre vertical<\/h2>\n\n\n\n<figure class=\"wp-block-table\"><table class=\"has-fixed-layout\"><tbody><tr><td>Mod\u00e8le<\/td><td>Diam\u00e8tre de la carcasse<br>(mm)<\/td><td>Volume de la cuve<br>(t\/h)<\/td><td>Taille d'alimentation<br>(mm)<\/td><td>Taille de sortie<br>(mm)<\/td><td>Pouvoir<br>(kW)<\/td><td>Dimensions globales<br>(L\u00d7l\u00d7H)<br>(mm)<\/td><\/tr><tr><td>PFL-750<\/td><td>\u03a6750<\/td><td>20<\/td><td>&lt;100<\/td><td>&lt;3-560-95%<\/td><td>30-37<\/td><td>2100\u00d71200\u00d71700<\/td><\/tr><tr><td>PFL-1000<\/td><td>\u03a61000<\/td><td>40<\/td><td>&lt; 120<\/td><td>&lt;3-560-95%<\/td><td>45-55<\/td><td>2600\u00d71400\u00d71900<\/td><\/tr><tr><td>PFL-1250<\/td><td>\u03a61250<\/td><td>70<\/td><td>&lt;150<\/td><td>&lt;3-560-95%<\/td><td>75-90<\/td><td>2800\u00d71600\u00d72100<\/td><\/tr><tr><td>PFL-1500<\/td><td>\u03a61500<\/td><td>100<\/td><td>&lt; 180<\/td><td>&lt;3-560-95%<\/td><td>110-132<\/td><td>3100\u00d71900\u00d72200<\/td><\/tr><tr><td>PFL-1750<\/td><td>\u03a61750<\/td><td>130<\/td><td>&lt;200<\/td><td>&lt;3-560-95%<\/td><td>160<\/td><td>3710\u00d72360\u00d72390<\/td><\/tr><tr><td>PFL-2000<\/td><td>\u03a62000<\/td><td>160<\/td><td>&lt;220<\/td><td>&lt;3-560-95%<\/td><td>185<\/td><td>4100\u00d72660\u00d72620<\/td><\/tr><\/tbody><\/table><\/figure>\n\n\n<div class=\"gb-container gb-container-263d9700\">\n\n<a class=\"gb-button gb-button-a4cbb7be gb-button-text\" href=\"#popmake-622\">Obtenez un devis gratuit maintenant<\/a>\n\n<\/div>\n<\/div>\n<\/div>","protected":false},"excerpt":{"rendered":"<p>Vertical plate hammer combination crusher Vertical plate hammer combination crusher features The vertical shaft Plate Hammer Combination crusher has a large crushing ratio, which is ideal for processing materials with high moisture content. The discharging particle size can be adjusted arbitrarily, and there is no screen bar setting. The material with a large amount of &#8230; <\/p>\n<p class=\"read-more-container\"><a title=\"1-1. Concasseur combin\u00e9 \u00e0 marteau plaque vertical\" class=\"read-more button\" href=\"https:\/\/hengxingmachinery.com\/fr\/vertical-plate-hammer-combination-crushers\/#more-2446\" aria-label=\"En savoir plus sur 1-1. Vertical plate hammer combination crusher\">Lire plus<\/a><\/p>","protected":false},"author":1,"featured_media":0,"parent":0,"menu_order":0,"comment_status":"closed","ping_status":"closed","template":"","meta":{"footnotes":""},"class_list":["post-2446","page","type-page","status-publish"],"yoast_head":"<!-- This site is optimized with the Yoast SEO plugin v27.4 - https:\/\/yoast.com\/product\/yoast-seo-wordpress\/ -->\n<title>1-1. Vertical plate hammer combination crusher - Hengxing Machinery<\/title>\n<meta name=\"robots\" content=\"index, follow, max-snippet:-1, max-image-preview:large, max-video-preview:-1\" \/>\n<link rel=\"canonical\" href=\"https:\/\/hengxingmachinery.com\/fr\/vertical-plate-hammer-combination-crushers\/\" \/>\n<meta property=\"og:locale\" content=\"fr_FR\" \/>\n<meta property=\"og:type\" content=\"article\" \/>\n<meta property=\"og:title\" content=\"1-1. Vertical plate hammer combination crusher - Hengxing Machinery\" \/>\n<meta property=\"og:description\" content=\"Vertical plate hammer combination crusher Vertical plate hammer combination crusher features The vertical shaft Plate Hammer Combination crusher has a large crushing ratio, which is ideal for processing materials with high moisture content. The discharging particle size can be adjusted arbitrarily, and there is no screen bar setting. The material with a large amount of ... Lire plus\" \/>\n<meta property=\"og:url\" content=\"https:\/\/hengxingmachinery.com\/fr\/vertical-plate-hammer-combination-crushers\/\" \/>\n<meta property=\"og:site_name\" content=\"Hengxing Machinery\" \/>\n<meta property=\"article:modified_time\" content=\"2025-03-21T10:06:32+00:00\" \/>\n<meta property=\"og:image\" content=\"https:\/\/hengxingmachinery.com\/wp-content\/uploads\/2025\/03\/vertical-plate-hammer-crusher-feature.jpg\" \/>\n<meta name=\"twitter:card\" content=\"summary_large_image\" \/>\n<meta name=\"twitter:label1\" content=\"Dur\u00e9e de lecture estim\u00e9e\" \/>\n\t<meta name=\"twitter:data1\" content=\"3 minutes\" \/>\n<script type=\"application\/ld+json\" class=\"yoast-schema-graph\">{\"@context\":\"https:\\\/\\\/schema.org\",\"@graph\":[{\"@type\":\"WebPage\",\"@id\":\"https:\\\/\\\/hengxingmachinery.com\\\/vertical-plate-hammer-combination-crushers\\\/\",\"url\":\"https:\\\/\\\/hengxingmachinery.com\\\/vertical-plate-hammer-combination-crushers\\\/\",\"name\":\"1-1. Vertical plate hammer combination crusher - Hengxing Machinery\",\"isPartOf\":{\"@id\":\"https:\\\/\\\/hengxingmachinery.com\\\/#website\"},\"primaryImageOfPage\":{\"@id\":\"https:\\\/\\\/hengxingmachinery.com\\\/vertical-plate-hammer-combination-crushers\\\/#primaryimage\"},\"image\":{\"@id\":\"https:\\\/\\\/hengxingmachinery.com\\\/vertical-plate-hammer-combination-crushers\\\/#primaryimage\"},\"thumbnailUrl\":\"https:\\\/\\\/hengxingmachinery.com\\\/wp-content\\\/uploads\\\/2025\\\/03\\\/vertical-plate-hammer-crusher-feature.jpg\",\"datePublished\":\"2025-03-21T10:06:31+00:00\",\"dateModified\":\"2025-03-21T10:06:32+00:00\",\"breadcrumb\":{\"@id\":\"https:\\\/\\\/hengxingmachinery.com\\\/vertical-plate-hammer-combination-crushers\\\/#breadcrumb\"},\"inLanguage\":\"fr-FR\",\"potentialAction\":[{\"@type\":\"ReadAction\",\"target\":[\"https:\\\/\\\/hengxingmachinery.com\\\/vertical-plate-hammer-combination-crushers\\\/\"]}]},{\"@type\":\"ImageObject\",\"inLanguage\":\"fr-FR\",\"@id\":\"https:\\\/\\\/hengxingmachinery.com\\\/vertical-plate-hammer-combination-crushers\\\/#primaryimage\",\"url\":\"https:\\\/\\\/hengxingmachinery.com\\\/wp-content\\\/uploads\\\/2025\\\/03\\\/vertical-plate-hammer-crusher-feature.jpg\",\"contentUrl\":\"https:\\\/\\\/hengxingmachinery.com\\\/wp-content\\\/uploads\\\/2025\\\/03\\\/vertical-plate-hammer-crusher-feature.jpg\"},{\"@type\":\"BreadcrumbList\",\"@id\":\"https:\\\/\\\/hengxingmachinery.com\\\/vertical-plate-hammer-combination-crushers\\\/#breadcrumb\",\"itemListElement\":[{\"@type\":\"ListItem\",\"position\":1,\"name\":\"Home\",\"item\":\"https:\\\/\\\/hengxingmachinery.com\\\/\"},{\"@type\":\"ListItem\",\"position\":2,\"name\":\"1-1. Vertical plate hammer combination crusher\"}]},{\"@type\":\"WebSite\",\"@id\":\"https:\\\/\\\/hengxingmachinery.com\\\/#website\",\"url\":\"https:\\\/\\\/hengxingmachinery.com\\\/\",\"name\":\"Hengxing Machinery\",\"description\":\"Leading Manufacturer of All Sorts of Mining Machinery\",\"publisher\":{\"@id\":\"https:\\\/\\\/hengxingmachinery.com\\\/#organization\"},\"potentialAction\":[{\"@type\":\"SearchAction\",\"target\":{\"@type\":\"EntryPoint\",\"urlTemplate\":\"https:\\\/\\\/hengxingmachinery.com\\\/?s={search_term_string}\"},\"query-input\":{\"@type\":\"PropertyValueSpecification\",\"valueRequired\":true,\"valueName\":\"search_term_string\"}}],\"inLanguage\":\"fr-FR\"},{\"@type\":\"Organization\",\"@id\":\"https:\\\/\\\/hengxingmachinery.com\\\/#organization\",\"name\":\"Hengxing Machinery\",\"url\":\"https:\\\/\\\/hengxingmachinery.com\\\/\",\"logo\":{\"@type\":\"ImageObject\",\"inLanguage\":\"fr-FR\",\"@id\":\"https:\\\/\\\/hengxingmachinery.com\\\/#\\\/schema\\\/logo\\\/image\\\/\",\"url\":\"https:\\\/\\\/hengxingmachinery.com\\\/wp-content\\\/uploads\\\/2024\\\/12\\\/logo.png\",\"contentUrl\":\"https:\\\/\\\/hengxingmachinery.com\\\/wp-content\\\/uploads\\\/2024\\\/12\\\/logo.png\",\"width\":400,\"height\":260,\"caption\":\"Hengxing Machinery\"},\"image\":{\"@id\":\"https:\\\/\\\/hengxingmachinery.com\\\/#\\\/schema\\\/logo\\\/image\\\/\"}}]}<\/script>\n<!-- \/ Yoast SEO plugin. -->","yoast_head_json":{"title":"1-1. Concasseur combin\u00e9 \u00e0 marteau \u00e0 plaque verticale - Hengxing Machinery","robots":{"index":"index","follow":"follow","max-snippet":"max-snippet:-1","max-image-preview":"max-image-preview:large","max-video-preview":"max-video-preview:-1"},"canonical":"https:\/\/hengxingmachinery.com\/fr\/vertical-plate-hammer-combination-crushers\/","og_locale":"fr_FR","og_type":"article","og_title":"1-1. Vertical plate hammer combination crusher - Hengxing Machinery","og_description":"Vertical plate hammer combination crusher Vertical plate hammer combination crusher features The vertical shaft Plate Hammer Combination crusher has a large crushing ratio, which is ideal for processing materials with high moisture content. The discharging particle size can be adjusted arbitrarily, and there is no screen bar setting. The material with a large amount of ... Lire plus","og_url":"https:\/\/hengxingmachinery.com\/fr\/vertical-plate-hammer-combination-crushers\/","og_site_name":"Hengxing Machinery","article_modified_time":"2025-03-21T10:06:32+00:00","og_image":[{"url":"https:\/\/hengxingmachinery.com\/wp-content\/uploads\/2025\/03\/vertical-plate-hammer-crusher-feature.jpg","type":"","width":"","height":""}],"twitter_card":"summary_large_image","twitter_misc":{"Dur\u00e9e de lecture estim\u00e9e":"3 minutes"},"schema":{"@context":"https:\/\/schema.org","@graph":[{"@type":"WebPage","@id":"https:\/\/hengxingmachinery.com\/vertical-plate-hammer-combination-crushers\/","url":"https:\/\/hengxingmachinery.com\/vertical-plate-hammer-combination-crushers\/","name":"1-1. Concasseur combin\u00e9 \u00e0 marteau \u00e0 plaque verticale - Hengxing Machinery","isPartOf":{"@id":"https:\/\/hengxingmachinery.com\/#website"},"primaryImageOfPage":{"@id":"https:\/\/hengxingmachinery.com\/vertical-plate-hammer-combination-crushers\/#primaryimage"},"image":{"@id":"https:\/\/hengxingmachinery.com\/vertical-plate-hammer-combination-crushers\/#primaryimage"},"thumbnailUrl":"https:\/\/hengxingmachinery.com\/wp-content\/uploads\/2025\/03\/vertical-plate-hammer-crusher-feature.jpg","datePublished":"2025-03-21T10:06:31+00:00","dateModified":"2025-03-21T10:06:32+00:00","breadcrumb":{"@id":"https:\/\/hengxingmachinery.com\/vertical-plate-hammer-combination-crushers\/#breadcrumb"},"inLanguage":"fr-FR","potentialAction":[{"@type":"ReadAction","target":["https:\/\/hengxingmachinery.com\/vertical-plate-hammer-combination-crushers\/"]}]},{"@type":"ImageObject","inLanguage":"fr-FR","@id":"https:\/\/hengxingmachinery.com\/vertical-plate-hammer-combination-crushers\/#primaryimage","url":"https:\/\/hengxingmachinery.com\/wp-content\/uploads\/2025\/03\/vertical-plate-hammer-crusher-feature.jpg","contentUrl":"https:\/\/hengxingmachinery.com\/wp-content\/uploads\/2025\/03\/vertical-plate-hammer-crusher-feature.jpg"},{"@type":"BreadcrumbList","@id":"https:\/\/hengxingmachinery.com\/vertical-plate-hammer-combination-crushers\/#breadcrumb","itemListElement":[{"@type":"ListItem","position":1,"name":"Home","item":"https:\/\/hengxingmachinery.com\/"},{"@type":"ListItem","position":2,"name":"1-1. Vertical plate hammer combination crusher"}]},{"@type":"WebSite","@id":"https:\/\/hengxingmachinery.com\/#website","url":"https:\/\/hengxingmachinery.com\/","name":"Machines Hengxing","description":"Fabricant leader de toutes sortes de machines mini\u00e8res","publisher":{"@id":"https:\/\/hengxingmachinery.com\/#organization"},"potentialAction":[{"@type":"SearchAction","target":{"@type":"EntryPoint","urlTemplate":"https:\/\/hengxingmachinery.com\/?s={search_term_string}"},"query-input":{"@type":"PropertyValueSpecification","valueRequired":true,"valueName":"search_term_string"}}],"inLanguage":"fr-FR"},{"@type":"Organization","@id":"https:\/\/hengxingmachinery.com\/#organization","name":"Machines Hengxing","url":"https:\/\/hengxingmachinery.com\/","logo":{"@type":"ImageObject","inLanguage":"fr-FR","@id":"https:\/\/hengxingmachinery.com\/#\/schema\/logo\/image\/","url":"https:\/\/hengxingmachinery.com\/wp-content\/uploads\/2024\/12\/logo.png","contentUrl":"https:\/\/hengxingmachinery.com\/wp-content\/uploads\/2024\/12\/logo.png","width":400,"height":260,"caption":"Hengxing Machinery"},"image":{"@id":"https:\/\/hengxingmachinery.com\/#\/schema\/logo\/image\/"}}]}},"_links":{"self":[{"href":"https:\/\/hengxingmachinery.com\/fr\/wp-json\/wp\/v2\/pages\/2446","targetHints":{"allow":["GET"]}}],"collection":[{"href":"https:\/\/hengxingmachinery.com\/fr\/wp-json\/wp\/v2\/pages"}],"about":[{"href":"https:\/\/hengxingmachinery.com\/fr\/wp-json\/wp\/v2\/types\/page"}],"author":[{"embeddable":true,"href":"https:\/\/hengxingmachinery.com\/fr\/wp-json\/wp\/v2\/users\/1"}],"replies":[{"embeddable":true,"href":"https:\/\/hengxingmachinery.com\/fr\/wp-json\/wp\/v2\/comments?post=2446"}],"version-history":[{"count":2,"href":"https:\/\/hengxingmachinery.com\/fr\/wp-json\/wp\/v2\/pages\/2446\/revisions"}],"predecessor-version":[{"id":2667,"href":"https:\/\/hengxingmachinery.com\/fr\/wp-json\/wp\/v2\/pages\/2446\/revisions\/2667"}],"wp:attachment":[{"href":"https:\/\/hengxingmachinery.com\/fr\/wp-json\/wp\/v2\/media?parent=2446"}],"curies":[{"name":"wp","href":"https:\/\/api.w.org\/{rel}","templated":true}]}}