{"id":2447,"date":"2025-03-21T10:09:28","date_gmt":"2025-03-21T10:09:28","guid":{"rendered":"https:\/\/hengxingmachinery.com\/?page_id=2447"},"modified":"2025-03-21T10:09:29","modified_gmt":"2025-03-21T10:09:29","slug":"spring-cone-crushers","status":"publish","type":"page","link":"https:\/\/hengxingmachinery.com\/fr\/spring-cone-crushers\/","title":{"rendered":"1-1. Concasseur \u00e0 c\u00f4ne \u00e0 ressort"},"content":{"rendered":"<div class=\"gb-container gb-container-45165f5a\">\n<div class=\"gb-container gb-container-c2652eb4\">\n\n<h1 class=\"gb-headline gb-headline-62a8b2cc gb-headline-text\">Concasseur \u00e0 c\u00f4ne \u00e0 ressort<\/h1>\n\n<\/div>\n<\/div>\n\n<div class=\"gb-container gb-container-519cf624\">\n<div class=\"gb-container gb-container-71ca071e\">\n<div class=\"gb-grid-wrapper gb-grid-wrapper-8a5f0688\">\n<div class=\"gb-grid-column gb-grid-column-1e99b1c2\"><div class=\"gb-container gb-container-1e99b1c2\">\n\n<figure class=\"gb-block-image gb-block-image-e4eaba54\"><img decoding=\"async\" width=\"665\" height=\"545\" class=\"gb-image gb-image-e4eaba54\" src=\"https:\/\/hengxingmachinery.com\/wp-content\/uploads\/2025\/03\/spring-cone-crusher-major-sale.jpg\" alt=\"\" title=\"concasseur-a-c\u00f4ne-ressort-vente-principale\" srcset=\"https:\/\/hengxingmachinery.com\/wp-content\/uploads\/2025\/03\/spring-cone-crusher-major-sale.jpg 665w, https:\/\/hengxingmachinery.com\/wp-content\/uploads\/2025\/03\/spring-cone-crusher-major-sale-300x246.jpg 300w, https:\/\/hengxingmachinery.com\/wp-content\/uploads\/2025\/03\/spring-cone-crusher-major-sale-15x12.jpg 15w\" sizes=\"(max-width: 665px) 100vw, 665px\" \/><\/figure>\n\n<\/div><\/div>\n\n<div class=\"gb-grid-column gb-grid-column-bcae065b\"><div class=\"gb-container gb-container-bcae065b\">\n\n<p><strong><mark style=\"background-color:rgba(0, 0, 0, 0)\" class=\"has-inline-color has-global-color-8-color\">Taille du flux :<\/mark><\/strong> 40-300 mm<\/p>\n\n\n\n<p><strong><mark style=\"background-color:rgba(0, 0, 0, 0)\" class=\"has-inline-color has-global-color-8-color\">Capacit\u00e9 de production :<\/mark><\/strong> 12-1000 t\/h<\/p>\n\n\n\n<p><strong><mark style=\"background-color:rgba(0, 0, 0, 0)\" class=\"has-inline-color has-global-color-8-color\">Domaine d'application :<\/mark><\/strong> Large utilisation dans les industries m\u00e9tallurgique, des mat\u00e9riaux de construction, des travaux routiers, chimique et des silicates. Le concasseur \u00e0 c\u00f4ne convient au concassage de divers minerais et roches de duret\u00e9 moyenne et sup\u00e9rieure.<\/p>\n\n\n<div class=\"gb-container gb-container-256e15f1\">\n\n<a class=\"gb-button gb-button-e8b73d89 gb-button-text\" href=\"#popmake-622\">Obtenez un devis gratuit maintenant<\/a>\n\n<\/div>\n<\/div><\/div>\n<\/div>\n<\/div>\n<\/div>\n\n<div class=\"gb-container gb-container-3a930c38\">\n<div class=\"gb-container gb-container-8a36e90a\">\n\n<h2 class=\"gb-headline gb-headline-a5d3273c gb-headline-text\">Application du concasseur \u00e0 c\u00f4ne \u00e0 ressort<\/h2>\n\n\n\n<p>Le concasseur \u00e0 c\u00f4ne \u00e0 ressort est largement utilis\u00e9 dans les industries des carri\u00e8res et mini\u00e8re, m\u00e9tallurgique, de la construction, des mat\u00e9riaux de construction, chimique et des silicates. Il peut \u00eatre utilis\u00e9 comme \u00e9quipement de concassage secondaire, tertiaire ou quaternaire, et peut concasser des mat\u00e9riaux de duret\u00e9 moyenne et sup\u00e9rieure, tels que les minerais de fer, les minerais de cuivre, le calcaire, le quartz, le granite, etc. <\/p>\n\n\n\n<p>Le type standard (PYB) est appliqu\u00e9 au concassage secondaire ; le type moyen (PYZ) et le type \u00e0 t\u00eate courte (PYD) sont appliqu\u00e9s au concassage fin.<\/p>\n\n\n<div class=\"gb-container gb-container-96208927\">\n\n<a class=\"gb-button gb-button-429870c5 gb-button-text\" href=\"#popmake-622\">Obtenez un devis gratuit maintenant<\/a>\n\n<\/div>\n<\/div>\n\n<div class=\"gb-container gb-container-5eefac9e\">\n\n<h2 class=\"gb-headline gb-headline-62c3d979 gb-headline-text\">Caract\u00e9ristiques du concasseur \u00e0 c\u00f4ne \u00e0 ressort<\/h2>\n\n\n\n<figure class=\"gb-block-image gb-block-image-9c080403\"><img decoding=\"async\" width=\"665\" height=\"545\" class=\"gb-image gb-image-9c080403\" src=\"https:\/\/hengxingmachinery.com\/wp-content\/uploads\/2025\/03\/spring-cone-crusher-working.jpg\" alt=\"\" title=\"concasseur-a-c\u00f4ne-ressort-fonctionnement\" srcset=\"https:\/\/hengxingmachinery.com\/wp-content\/uploads\/2025\/03\/spring-cone-crusher-working.jpg 665w, https:\/\/hengxingmachinery.com\/wp-content\/uploads\/2025\/03\/spring-cone-crusher-working-300x246.jpg 300w, https:\/\/hengxingmachinery.com\/wp-content\/uploads\/2025\/03\/spring-cone-crusher-working-15x12.jpg 15w\" sizes=\"(max-width: 665px) 100vw, 665px\" \/><\/figure>\n\n\n\n<p>1. Force de concassage \u00e9lev\u00e9e ; Haute efficacit\u00e9 ; Grande capacit\u00e9 de concassage ;<\/p>\n\n\n\n<p>2. Faible co\u00fbt d'exploitation et de maintenance, r\u00e9glage facile ;<\/p>\n\n\n\n<p>3. S\u00e9lection des pi\u00e8ces de rechange et conception structurelle rationnelles, prolongeant la dur\u00e9e de vie ;<\/p>\n\n\n\n<p>4. R\u00e9duction des temps d'arr\u00eat ;<\/p>\n\n\n\n<p>5. Diff\u00e9rents types de chambres de concassage pour r\u00e9pondre aux exigences vari\u00e9es des clients.<\/p>\n\n\n\n<p>6. Rapport de r\u00e9duction \u00e9lev\u00e9, haute performance, faible consommation d'\u00e9nergie et produits de granulom\u00e9trie uniforme.<\/p>\n\n\n<div class=\"gb-container gb-container-852abc29\">\n\n<a class=\"gb-button gb-button-cd1fa2f3 gb-button-text\" href=\"#popmake-622\">Obtenez un devis gratuit maintenant<\/a>\n\n<\/div>\n<\/div>\n\n<div class=\"gb-container gb-container-5be6e6e3\">\n\n<h2 class=\"gb-headline gb-headline-43338239 gb-headline-text\">Principe de fonctionnement du concasseur \u00e0 c\u00f4ne \u00e0 ressort<\/h2>\n\n\n\n<figure class=\"gb-block-image gb-block-image-57f981e6\"><img decoding=\"async\" width=\"665\" height=\"545\" class=\"gb-image gb-image-57f981e6\" src=\"https:\/\/hengxingmachinery.com\/wp-content\/uploads\/2025\/03\/spring-cone-crusher-feature.jpg\" alt=\"\" title=\"concasseur-a-c\u00f4ne-ressort-caract\u00e9ristique\" srcset=\"https:\/\/hengxingmachinery.com\/wp-content\/uploads\/2025\/03\/spring-cone-crusher-feature.jpg 665w, https:\/\/hengxingmachinery.com\/wp-content\/uploads\/2025\/03\/spring-cone-crusher-feature-300x246.jpg 300w, https:\/\/hengxingmachinery.com\/wp-content\/uploads\/2025\/03\/spring-cone-crusher-feature-15x12.jpg 15w\" sizes=\"(max-width: 665px) 100vw, 665px\" \/><\/figure>\n\n\n\n<p>Lorsque le concasseur \u00e0 c\u00f4ne \u00e0 ressort fonctionne, le moteur entra\u00eene la rotation de la manchon excentrique via la transmission, et le c\u00f4ne mobile tourne et oscille sous le mouvement forc\u00e9 de l'arbre excentrique. <\/p>\n\n\n\n<p>Le c\u00f4ne mobile se rapproche de la section du c\u00f4ne fixe pour former la chambre de concassage. Le mat\u00e9riau est broy\u00e9 par les multiples compressions et impacts entre le c\u00f4ne mobile et le c\u00f4ne fixe. <\/p>\n\n\n\n<p>Lorsque le c\u00f4ne mobile s'\u00e9loigne de la section, le mat\u00e9riau, concass\u00e9 \u00e0 la taille requise, tombe sous son propre poids et est \u00e9vacu\u00e9 par le fond du c\u00f4ne.<\/p>\n\n\n<div class=\"gb-container gb-container-d703eeb9\">\n\n<a class=\"gb-button gb-button-fabf1ece gb-button-text\" href=\"#popmake-622\">Obtenez un devis gratuit maintenant<\/a>\n\n<\/div>\n<\/div>\n<\/div>\n\n<div class=\"gb-container gb-container-435ad261\">\n<div class=\"gb-container gb-container-7dc79cc4\">\n\n<h2 class=\"gb-headline gb-headline-6fe5dee2 gb-headline-text\">Sp\u00e9cifications du concasseur \u00e0 c\u00f4ne \u00e0 ressort<\/h2>\n\n\n\n<figure class=\"wp-block-table\"><table class=\"has-fixed-layout\"><tbody><tr><td>Mod\u00e8le<\/td><td>Diam\u00e8tre du c\u00f4ne de concassage (mm)<\/td><td>Taille d'alimentation (mm)<\/td><td>Plage de r\u00e9glage de l'ouverture de d\u00e9charge (mm)<\/td><td>Capacit\u00e9 (t\/h)<\/td><td>Puissance (kW)<\/td><\/tr><tr><td>PYB600<\/td><td>\u03a6600<\/td><td>\u2264 75<\/td><td>12-25<\/td><td>15-25<\/td><td>30<\/td><\/tr><tr><td>PYD600<\/td><td>\u03a6600<\/td><td>\u2264 35<\/td><td>3-13<\/td><td>5-23<\/td><td>30<\/td><\/tr><tr><td>PYB900<\/td><td>\u03a6900<\/td><td>\u2264 115<\/td><td>15-50<\/td><td>50-90<\/td><td>55<\/td><\/tr><tr><td>PYZ900<\/td><td>\u03a6900<\/td><td>\u2264 60<\/td><td>5-20<\/td><td>20-65<\/td><td>55<\/td><\/tr><tr><td>PYD900<\/td><td>\u03a6900<\/td><td>\u2264 50<\/td><td>3-13<\/td><td>15-50<\/td><td>55<\/td><\/tr><tr><td>PYB1200<\/td><td>\u03a61200<\/td><td>\u2264 145<\/td><td>20-50<\/td><td>110-168<\/td><td>110<\/td><\/tr><tr><td>PYZ1200<\/td><td>\u03a61200<\/td><td>\u2264 100<\/td><td>8-25<\/td><td>42-135<\/td><td>110<\/td><\/tr><tr><td>PYD1200<\/td><td>\u03a61200<\/td><td>\u2264 50<\/td><td>3-15<\/td><td>18-105<\/td><td>110<\/td><\/tr><tr><td>PYB1750<\/td><td>\u03a61750<\/td><td>\u2264 215<\/td><td>25-50<\/td><td>280-480<\/td><td>160<\/td><\/tr><tr><td>PYZ1750<\/td><td>\u03a61750<\/td><td>\u2264 185<\/td><td>10-30<\/td><td>115-320<\/td><td>160<\/td><\/tr><tr><td>PYD1750<\/td><td>\u03a61750<\/td><td>\u2264 85<\/td><td>5-13<\/td><td>75-230<\/td><td>160<\/td><\/tr><tr><td>PYB2200<\/td><td>\u03a62200<\/td><td>\u2264 300<\/td><td>30-60<\/td><td>490-750<\/td><td>260-280<\/td><\/tr><tr><td>PYZ2200<\/td><td>\u03a62200<\/td><td>\u2264 230<\/td><td>10-30<\/td><td>200-580<\/td><td>260-280<\/td><\/tr><tr><td>PYD2200<\/td><td>\u03a62200<\/td><td>\u2264 100<\/td><td>5-15<\/td><td>120-340<\/td><td>260-280<\/td><\/tr><\/tbody><\/table><\/figure>\n\n\n<div class=\"gb-container gb-container-263d9700\">\n\n<a class=\"gb-button gb-button-a4cbb7be gb-button-text\" href=\"#popmake-622\">Obtenez un devis gratuit maintenant<\/a>\n\n<\/div>\n<\/div>\n<\/div>","protected":false},"excerpt":{"rendered":"<p>Concasseur \u00e0 c\u00f4ne \u00e0 ressort Application du concasseur \u00e0 c\u00f4ne \u00e0 ressort Le concasseur \u00e0 c\u00f4ne \u00e0 ressort est largement utilis\u00e9 dans les industries de carri\u00e8re et mini\u00e8re, la m\u00e9tallurgie, la construction de barres, les mat\u00e9riaux de construction, l'industrie chimique, l'industrie des silicates, etc. Il peut \u00eatre utilis\u00e9 comme \u00e9quipement de concassage secondaire, tertiaire ou quaternaire, et peut concasser des mat\u00e9riaux de duret\u00e9 moyenne et sup\u00e9rieure, tels que les minerais de fer, les minerais de cuivre, le calcaire, \u2026 <\/p>\n<p class=\"read-more-container\"><a title=\"1-1. Concasseur \u00e0 c\u00f4ne \u00e0 ressort\" class=\"read-more button\" href=\"https:\/\/hengxingmachinery.com\/fr\/spring-cone-crushers\/#more-2447\" aria-label=\"En savoir plus sur 1-1. Concasseur \u00e0 c\u00f4ne \u00e0 ressort\">Lire plus<\/a><\/p>","protected":false},"author":1,"featured_media":0,"parent":0,"menu_order":0,"comment_status":"closed","ping_status":"closed","template":"","meta":{"footnotes":""},"class_list":["post-2447","page","type-page","status-publish"],"yoast_head":"<!-- This site is optimized with the Yoast SEO plugin v27.4 - https:\/\/yoast.com\/product\/yoast-seo-wordpress\/ -->\n<title>1-1. Spring cone crusher - Hengxing Machinery<\/title>\n<meta name=\"robots\" content=\"index, follow, max-snippet:-1, max-image-preview:large, max-video-preview:-1\" \/>\n<link rel=\"canonical\" href=\"https:\/\/hengxingmachinery.com\/fr\/spring-cone-crushers\/\" \/>\n<meta property=\"og:locale\" content=\"fr_FR\" \/>\n<meta property=\"og:type\" content=\"article\" \/>\n<meta property=\"og:title\" content=\"1-1. Spring cone crusher - Hengxing Machinery\" \/>\n<meta property=\"og:description\" content=\"Spring cone crusher Spring cone crusher application Spring cone crusher is widely used in the quarrying and mining industry, metallurgical, rod construction, building material, chemical industry, silicate industry etc. It can be used as secondary, tertiary or quaternary crushing equipment, and can crush materials of above medium hardness, such as iron ores, copper ores, limestone, ... Lire plus\" \/>\n<meta property=\"og:url\" content=\"https:\/\/hengxingmachinery.com\/fr\/spring-cone-crushers\/\" \/>\n<meta property=\"og:site_name\" content=\"Hengxing Machinery\" \/>\n<meta property=\"article:modified_time\" content=\"2025-03-21T10:09:29+00:00\" \/>\n<meta property=\"og:image\" content=\"https:\/\/hengxingmachinery.com\/wp-content\/uploads\/2025\/03\/spring-cone-crusher-major-sale.jpg\" \/>\n<meta name=\"twitter:card\" content=\"summary_large_image\" \/>\n<meta name=\"twitter:label1\" content=\"Dur\u00e9e de lecture estim\u00e9e\" \/>\n\t<meta name=\"twitter:data1\" content=\"3 minutes\" \/>\n<script type=\"application\/ld+json\" class=\"yoast-schema-graph\">{\"@context\":\"https:\\\/\\\/schema.org\",\"@graph\":[{\"@type\":\"WebPage\",\"@id\":\"https:\\\/\\\/hengxingmachinery.com\\\/spring-cone-crushers\\\/\",\"url\":\"https:\\\/\\\/hengxingmachinery.com\\\/spring-cone-crushers\\\/\",\"name\":\"1-1. Spring cone crusher - Hengxing Machinery\",\"isPartOf\":{\"@id\":\"https:\\\/\\\/hengxingmachinery.com\\\/#website\"},\"primaryImageOfPage\":{\"@id\":\"https:\\\/\\\/hengxingmachinery.com\\\/spring-cone-crushers\\\/#primaryimage\"},\"image\":{\"@id\":\"https:\\\/\\\/hengxingmachinery.com\\\/spring-cone-crushers\\\/#primaryimage\"},\"thumbnailUrl\":\"https:\\\/\\\/hengxingmachinery.com\\\/wp-content\\\/uploads\\\/2025\\\/03\\\/spring-cone-crusher-major-sale.jpg\",\"datePublished\":\"2025-03-21T10:09:28+00:00\",\"dateModified\":\"2025-03-21T10:09:29+00:00\",\"breadcrumb\":{\"@id\":\"https:\\\/\\\/hengxingmachinery.com\\\/spring-cone-crushers\\\/#breadcrumb\"},\"inLanguage\":\"fr-FR\",\"potentialAction\":[{\"@type\":\"ReadAction\",\"target\":[\"https:\\\/\\\/hengxingmachinery.com\\\/spring-cone-crushers\\\/\"]}]},{\"@type\":\"ImageObject\",\"inLanguage\":\"fr-FR\",\"@id\":\"https:\\\/\\\/hengxingmachinery.com\\\/spring-cone-crushers\\\/#primaryimage\",\"url\":\"https:\\\/\\\/hengxingmachinery.com\\\/wp-content\\\/uploads\\\/2025\\\/03\\\/spring-cone-crusher-major-sale.jpg\",\"contentUrl\":\"https:\\\/\\\/hengxingmachinery.com\\\/wp-content\\\/uploads\\\/2025\\\/03\\\/spring-cone-crusher-major-sale.jpg\"},{\"@type\":\"BreadcrumbList\",\"@id\":\"https:\\\/\\\/hengxingmachinery.com\\\/spring-cone-crushers\\\/#breadcrumb\",\"itemListElement\":[{\"@type\":\"ListItem\",\"position\":1,\"name\":\"Home\",\"item\":\"https:\\\/\\\/hengxingmachinery.com\\\/\"},{\"@type\":\"ListItem\",\"position\":2,\"name\":\"1-1. Spring cone crusher\"}]},{\"@type\":\"WebSite\",\"@id\":\"https:\\\/\\\/hengxingmachinery.com\\\/#website\",\"url\":\"https:\\\/\\\/hengxingmachinery.com\\\/\",\"name\":\"Hengxing Machinery\",\"description\":\"Leading Manufacturer of All Sorts of Mining Machinery\",\"publisher\":{\"@id\":\"https:\\\/\\\/hengxingmachinery.com\\\/#organization\"},\"potentialAction\":[{\"@type\":\"SearchAction\",\"target\":{\"@type\":\"EntryPoint\",\"urlTemplate\":\"https:\\\/\\\/hengxingmachinery.com\\\/?s={search_term_string}\"},\"query-input\":{\"@type\":\"PropertyValueSpecification\",\"valueRequired\":true,\"valueName\":\"search_term_string\"}}],\"inLanguage\":\"fr-FR\"},{\"@type\":\"Organization\",\"@id\":\"https:\\\/\\\/hengxingmachinery.com\\\/#organization\",\"name\":\"Hengxing Machinery\",\"url\":\"https:\\\/\\\/hengxingmachinery.com\\\/\",\"logo\":{\"@type\":\"ImageObject\",\"inLanguage\":\"fr-FR\",\"@id\":\"https:\\\/\\\/hengxingmachinery.com\\\/#\\\/schema\\\/logo\\\/image\\\/\",\"url\":\"https:\\\/\\\/hengxingmachinery.com\\\/wp-content\\\/uploads\\\/2024\\\/12\\\/logo.png\",\"contentUrl\":\"https:\\\/\\\/hengxingmachinery.com\\\/wp-content\\\/uploads\\\/2024\\\/12\\\/logo.png\",\"width\":400,\"height\":260,\"caption\":\"Hengxing Machinery\"},\"image\":{\"@id\":\"https:\\\/\\\/hengxingmachinery.com\\\/#\\\/schema\\\/logo\\\/image\\\/\"}}]}<\/script>\n<!-- \/ Yoast SEO plugin. -->","yoast_head_json":{"title":"1-1. Concasseur \u00e0 c\u00f4ne de printemps - Hengxing Machinery","robots":{"index":"index","follow":"follow","max-snippet":"max-snippet:-1","max-image-preview":"max-image-preview:large","max-video-preview":"max-video-preview:-1"},"canonical":"https:\/\/hengxingmachinery.com\/fr\/spring-cone-crushers\/","og_locale":"fr_FR","og_type":"article","og_title":"1-1. Spring cone crusher - Hengxing Machinery","og_description":"Spring cone crusher Spring cone crusher application Spring cone crusher is widely used in the quarrying and mining industry, metallurgical, rod construction, building material, chemical industry, silicate industry etc. It can be used as secondary, tertiary or quaternary crushing equipment, and can crush materials of above medium hardness, such as iron ores, copper ores, limestone, ... Lire plus","og_url":"https:\/\/hengxingmachinery.com\/fr\/spring-cone-crushers\/","og_site_name":"Hengxing Machinery","article_modified_time":"2025-03-21T10:09:29+00:00","og_image":[{"url":"https:\/\/hengxingmachinery.com\/wp-content\/uploads\/2025\/03\/spring-cone-crusher-major-sale.jpg","type":"","width":"","height":""}],"twitter_card":"summary_large_image","twitter_misc":{"Dur\u00e9e de lecture estim\u00e9e":"3 minutes"},"schema":{"@context":"https:\/\/schema.org","@graph":[{"@type":"WebPage","@id":"https:\/\/hengxingmachinery.com\/spring-cone-crushers\/","url":"https:\/\/hengxingmachinery.com\/spring-cone-crushers\/","name":"1-1. Concasseur \u00e0 c\u00f4ne de printemps - Hengxing Machinery","isPartOf":{"@id":"https:\/\/hengxingmachinery.com\/#website"},"primaryImageOfPage":{"@id":"https:\/\/hengxingmachinery.com\/spring-cone-crushers\/#primaryimage"},"image":{"@id":"https:\/\/hengxingmachinery.com\/spring-cone-crushers\/#primaryimage"},"thumbnailUrl":"https:\/\/hengxingmachinery.com\/wp-content\/uploads\/2025\/03\/spring-cone-crusher-major-sale.jpg","datePublished":"2025-03-21T10:09:28+00:00","dateModified":"2025-03-21T10:09:29+00:00","breadcrumb":{"@id":"https:\/\/hengxingmachinery.com\/spring-cone-crushers\/#breadcrumb"},"inLanguage":"fr-FR","potentialAction":[{"@type":"ReadAction","target":["https:\/\/hengxingmachinery.com\/spring-cone-crushers\/"]}]},{"@type":"ImageObject","inLanguage":"fr-FR","@id":"https:\/\/hengxingmachinery.com\/spring-cone-crushers\/#primaryimage","url":"https:\/\/hengxingmachinery.com\/wp-content\/uploads\/2025\/03\/spring-cone-crusher-major-sale.jpg","contentUrl":"https:\/\/hengxingmachinery.com\/wp-content\/uploads\/2025\/03\/spring-cone-crusher-major-sale.jpg"},{"@type":"BreadcrumbList","@id":"https:\/\/hengxingmachinery.com\/spring-cone-crushers\/#breadcrumb","itemListElement":[{"@type":"ListItem","position":1,"name":"Home","item":"https:\/\/hengxingmachinery.com\/"},{"@type":"ListItem","position":2,"name":"1-1. Spring cone crusher"}]},{"@type":"WebSite","@id":"https:\/\/hengxingmachinery.com\/#website","url":"https:\/\/hengxingmachinery.com\/","name":"Machines Hengxing","description":"Fabricant leader de toutes sortes de machines mini\u00e8res","publisher":{"@id":"https:\/\/hengxingmachinery.com\/#organization"},"potentialAction":[{"@type":"SearchAction","target":{"@type":"EntryPoint","urlTemplate":"https:\/\/hengxingmachinery.com\/?s={search_term_string}"},"query-input":{"@type":"PropertyValueSpecification","valueRequired":true,"valueName":"search_term_string"}}],"inLanguage":"fr-FR"},{"@type":"Organization","@id":"https:\/\/hengxingmachinery.com\/#organization","name":"Machines Hengxing","url":"https:\/\/hengxingmachinery.com\/","logo":{"@type":"ImageObject","inLanguage":"fr-FR","@id":"https:\/\/hengxingmachinery.com\/#\/schema\/logo\/image\/","url":"https:\/\/hengxingmachinery.com\/wp-content\/uploads\/2024\/12\/logo.png","contentUrl":"https:\/\/hengxingmachinery.com\/wp-content\/uploads\/2024\/12\/logo.png","width":400,"height":260,"caption":"Hengxing Machinery"},"image":{"@id":"https:\/\/hengxingmachinery.com\/#\/schema\/logo\/image\/"}}]}},"_links":{"self":[{"href":"https:\/\/hengxingmachinery.com\/fr\/wp-json\/wp\/v2\/pages\/2447","targetHints":{"allow":["GET"]}}],"collection":[{"href":"https:\/\/hengxingmachinery.com\/fr\/wp-json\/wp\/v2\/pages"}],"about":[{"href":"https:\/\/hengxingmachinery.com\/fr\/wp-json\/wp\/v2\/types\/page"}],"author":[{"embeddable":true,"href":"https:\/\/hengxingmachinery.com\/fr\/wp-json\/wp\/v2\/users\/1"}],"replies":[{"embeddable":true,"href":"https:\/\/hengxingmachinery.com\/fr\/wp-json\/wp\/v2\/comments?post=2447"}],"version-history":[{"count":2,"href":"https:\/\/hengxingmachinery.com\/fr\/wp-json\/wp\/v2\/pages\/2447\/revisions"}],"predecessor-version":[{"id":2671,"href":"https:\/\/hengxingmachinery.com\/fr\/wp-json\/wp\/v2\/pages\/2447\/revisions\/2671"}],"wp:attachment":[{"href":"https:\/\/hengxingmachinery.com\/fr\/wp-json\/wp\/v2\/media?parent=2447"}],"curies":[{"name":"wp","href":"https:\/\/api.w.org\/{rel}","templated":true}]}}