{"id":2448,"date":"2025-03-21T10:12:26","date_gmt":"2025-03-21T10:12:26","guid":{"rendered":"https:\/\/hengxingmachinery.com\/?page_id=2448"},"modified":"2025-03-21T10:12:28","modified_gmt":"2025-03-21T10:12:28","slug":"hydraulic-cone-crushers","status":"publish","type":"page","link":"https:\/\/hengxingmachinery.com\/fr\/hydraulic-cone-crushers\/","title":{"rendered":"1-1. Concasseur \u00e0 c\u00f4ne hydraulique"},"content":{"rendered":"<div class=\"gb-container gb-container-45165f5a\">\n<div class=\"gb-container gb-container-c2652eb4\">\n\n<h1 class=\"gb-headline gb-headline-62a8b2cc gb-headline-text\">Concasseur \u00e0 c\u00f4ne hydraulique<\/h1>\n\n<\/div>\n<\/div>\n\n<div class=\"gb-container gb-container-519cf624\">\n<div class=\"gb-container gb-container-71ca071e\">\n<div class=\"gb-grid-wrapper gb-grid-wrapper-8a5f0688\">\n<div class=\"gb-grid-column gb-grid-column-1e99b1c2\"><div class=\"gb-container gb-container-1e99b1c2\">\n\n<figure class=\"gb-block-image gb-block-image-e4eaba54\"><img decoding=\"async\" width=\"665\" height=\"545\" class=\"gb-image gb-image-e4eaba54\" src=\"https:\/\/hengxingmachinery.com\/wp-content\/uploads\/2025\/03\/hydraulic-cone-crusher-major-sale.jpg\" alt=\"\" title=\"concasseur-a-c\u00f4ne-hydraulique-vente-principale\" srcset=\"https:\/\/hengxingmachinery.com\/wp-content\/uploads\/2025\/03\/hydraulic-cone-crusher-major-sale.jpg 665w, https:\/\/hengxingmachinery.com\/wp-content\/uploads\/2025\/03\/hydraulic-cone-crusher-major-sale-300x246.jpg 300w, https:\/\/hengxingmachinery.com\/wp-content\/uploads\/2025\/03\/hydraulic-cone-crusher-major-sale-15x12.jpg 15w\" sizes=\"(max-width: 665px) 100vw, 665px\" \/><\/figure>\n\n<\/div><\/div>\n\n<div class=\"gb-grid-column gb-grid-column-bcae065b\"><div class=\"gb-container gb-container-bcae065b\">\n\n<p><strong><mark style=\"background-color:rgba(0, 0, 0, 0)\" class=\"has-inline-color has-global-color-8-color\">Taille d&#039;alimentation :<\/mark><\/strong> \u2264300 mm<\/p>\n\n\n\n<p><strong><mark style=\"background-color:rgba(0, 0, 0, 0)\" class=\"has-inline-color has-global-color-8-color\">Capacit\u00e9 de traitement :<\/mark><\/strong> 30-860 t\/h<\/p>\n\n\n\n<p><strong><mark style=\"background-color:rgba(0, 0, 0, 0)\" class=\"has-inline-color has-global-color-8-color\">Mat\u00e9riaux applicables :<\/mark><\/strong> Divers minerais tels que galets de rivi\u00e8re, granit, basalte, minerai de fer, calcaire, quartzite, etc.<\/p>\n\n\n<div class=\"gb-container gb-container-256e15f1\">\n\n<a class=\"gb-button gb-button-e8b73d89 gb-button-text\" href=\"#popmake-622\">Obtenez un devis gratuit maintenant<\/a>\n\n<\/div>\n<\/div><\/div>\n<\/div>\n<\/div>\n<\/div>\n\n<div class=\"gb-container gb-container-3a930c38\">\n<div class=\"gb-container gb-container-8a36e90a\">\n\n<h2 class=\"gb-headline gb-headline-a5d3273c gb-headline-text\">Application du concasseur \u00e0 c\u00f4ne hydraulique<\/h2>\n\n\n\n<p>Le concasseur \u00e0 c\u00f4ne hydraulique est largement utilis\u00e9 dans les industries des carri\u00e8res et des mines, la m\u00e9tallurgie, la construction de barres, les mat\u00e9riaux de construction, l'industrie chimique et l'industrie des silicates, etc. Il peut \u00eatre utilis\u00e9 comme \u00e9quipement de concassage secondaire, tertiaire ou quaternaire, et peut concasser des mat\u00e9riaux de duret\u00e9 moyenne et sup\u00e9rieure, tels que les minerais de fer, les minerais de cuivre, le calcaire, le quartz, le granit, etc.<\/p>\n\n\n<div class=\"gb-container gb-container-96208927\">\n\n<a class=\"gb-button gb-button-429870c5 gb-button-text\" href=\"#popmake-622\">Obtenez un devis gratuit maintenant<\/a>\n\n<\/div>\n<\/div>\n<\/div>\n\n<div class=\"gb-container gb-container-d3efe003\">\n<div class=\"gb-container gb-container-bbc68219\">\n\n<h2 class=\"gb-headline gb-headline-6d10fef2 gb-headline-text\">Caract\u00e9ristiques du concasseur \u00e0 c\u00f4ne hydraulique<\/h2>\n\n\n\n<figure class=\"gb-block-image gb-block-image-47f3dec6\"><img decoding=\"async\" width=\"800\" height=\"500\" class=\"gb-image gb-image-47f3dec6\" src=\"https:\/\/hengxingmachinery.com\/wp-content\/uploads\/2025\/03\/hydraulic-cone-crusher-working.jpg\" alt=\"\" title=\"concasseur-a-c\u00f4ne-hydraulique-fonctionnement\" srcset=\"https:\/\/hengxingmachinery.com\/wp-content\/uploads\/2025\/03\/hydraulic-cone-crusher-working.jpg 800w, https:\/\/hengxingmachinery.com\/wp-content\/uploads\/2025\/03\/hydraulic-cone-crusher-working-300x188.jpg 300w, https:\/\/hengxingmachinery.com\/wp-content\/uploads\/2025\/03\/hydraulic-cone-crusher-working-768x480.jpg 768w, https:\/\/hengxingmachinery.com\/wp-content\/uploads\/2025\/03\/hydraulic-cone-crusher-working-18x12.jpg 18w\" sizes=\"(max-width: 800px) 100vw, 800px\" \/><\/figure>\n\n\n\n<p>1. Concassage multi-chambre, le concassage moyen et fin peut \u00eatre r\u00e9alis\u00e9 en rempla\u00e7ant le c\u00f4ne fixe.<\/p>\n\n\n\n<p>&nbsp;2. Le syst\u00e8me de lubrification \u00e0 l'huile am\u00e9liore la dur\u00e9e de vie<\/p>\n\n\n\n<p>&nbsp;3. Technologie hydraulique avanc\u00e9e, protection contre les surcharges et r\u00e9glage hydraulique r\u00e9alis\u00e9s<\/p>\n\n\n\n<p>&nbsp;4. Adoption du principe de concassage par stratification pour rendre la granulom\u00e9trie du produit fini plus uniforme et plus belle<\/p>\n\n\n\n<p>&nbsp;5. Peut supporter une force de concassage plus importante et une course plus grande, efficacit\u00e9 de concassage \u00e9lev\u00e9e<\/p>\n\n\n<div class=\"gb-container gb-container-ee49b30e\">\n\n<a class=\"gb-button gb-button-23f4ef1d gb-button-text\" href=\"#popmake-622\">Obtenez un devis gratuit maintenant<\/a>\n\n<\/div>\n<\/div>\n<\/div>\n\n<div class=\"gb-container gb-container-6c6b3d65\">\n<div class=\"gb-container gb-container-a962c81b\">\n\n<h2 class=\"gb-headline gb-headline-4d7a4059 gb-headline-text\">Principe de fonctionnement du concasseur \u00e0 c\u00f4ne hydraulique<\/h2>\n\n\n\n<figure class=\"gb-block-image gb-block-image-9851bebf\"><img decoding=\"async\" width=\"800\" height=\"500\" class=\"gb-image gb-image-9851bebf\" src=\"https:\/\/hengxingmachinery.com\/wp-content\/uploads\/2025\/03\/hydraulic-cone-crusher-features.jpg\" alt=\"\" title=\"concasseur-a-c\u00f4ne-hydraulique-caract\u00e9ristiques\" srcset=\"https:\/\/hengxingmachinery.com\/wp-content\/uploads\/2025\/03\/hydraulic-cone-crusher-features.jpg 800w, https:\/\/hengxingmachinery.com\/wp-content\/uploads\/2025\/03\/hydraulic-cone-crusher-features-300x188.jpg 300w, https:\/\/hengxingmachinery.com\/wp-content\/uploads\/2025\/03\/hydraulic-cone-crusher-features-768x480.jpg 768w, https:\/\/hengxingmachinery.com\/wp-content\/uploads\/2025\/03\/hydraulic-cone-crusher-features-18x12.jpg 18w\" sizes=\"(max-width: 800px) 100vw, 800px\" \/><\/figure>\n\n\n\n<p>Lorsque le concasseur \u00e0 c\u00f4ne hydraulique fonctionne, le moteur entra\u00eene la douille excentrique via un accouplement \u00e9lastique, un arbre de transmission et un couple d'engrenages coniques. <\/p>\n\n\n\n<p>L'axe du c\u00f4ne de concassage est contraint d'osciller par la douille excentrique, ce qui rapproche parfois le manteau du rev\u00eatement de bol, et parfois l'en \u00e9loigne. <\/p>\n\n\n\n<p>Les mati\u00e8res premi\u00e8res sont press\u00e9es, percut\u00e9es et finalement concass\u00e9es dans la chambre de concassage.<\/p>\n\n\n<div class=\"gb-container gb-container-0ffd071c\">\n\n<a class=\"gb-button gb-button-31bf0090 gb-button-text\" href=\"#popmake-622\">Obtenez un devis gratuit maintenant<\/a>\n\n<\/div>\n<\/div>\n<\/div>\n\n<div class=\"gb-container gb-container-435ad261\">\n<div class=\"gb-container gb-container-7dc79cc4\">\n\n<h2 class=\"gb-headline gb-headline-6fe5dee2 gb-headline-text\">Sp\u00e9cifications du concasseur \u00e0 c\u00f4ne hydraulique<\/h2>\n\n\n\n<figure class=\"wp-block-table\"><table class=\"has-fixed-layout\"><tbody><tr><td rowspan=\"2\">Mod\u00e8le<\/td><td rowspan=\"2\">Chambre<\/td><td colspan=\"2\">Type standard<\/td><td colspan=\"2\">Type t\u00eate courte<\/td><td rowspan=\"2\">Pouvoir<\/td><td rowspan=\"2\">Capacit\u00e9 de production<\/td><\/tr><tr><td>Taille d'alimentation (MM)<\/td><td>D\u00e9charge<br>Taille (MM)<\/td><td>Taille d'alimentation (MM)<\/td><td>D\u00e9charge<br>Taille (MM)<\/td><\/tr><tr><td rowspan=\"5\">HP200<\/td><td>Super \u00e9pais (BC)<\/td><td><\/td><td><\/td><td><\/td><td><\/td><td rowspan=\"5\">132-200<\/td><td rowspan=\"5\">90-250<\/td><\/tr><tr><td>\u00c9pais (C)<\/td><td>185&nbsp;<\/td><td>19&nbsp;<\/td><td>76&nbsp;<\/td><td>10&nbsp;<\/td><\/tr><tr><td>Moyen (M)<\/td><td>125&nbsp;<\/td><td>17&nbsp;<\/td><td>54&nbsp;<\/td><td>6&nbsp;<\/td><\/tr><tr><td>Fin (F)<\/td><td>95&nbsp;<\/td><td>13&nbsp;<\/td><td>23&nbsp;<\/td><td>6&nbsp;<\/td><\/tr><tr><td>Super fin (BF)<\/td><td><\/td><td><\/td><td>10&nbsp;<\/td><td>5&nbsp;<\/td><\/tr><tr><td rowspan=\"5\">HP300<\/td><td>Super \u00e9pais (BC)<\/td><td>230&nbsp;<\/td><td>25&nbsp;<\/td><td><\/td><td><\/td><td rowspan=\"5\">180-250<\/td><td rowspan=\"5\">110-440<\/td><\/tr><tr><td>\u00c9pais (C)<\/td><td>210&nbsp;<\/td><td>20&nbsp;<\/td><td>75&nbsp;<\/td><td>10&nbsp;<\/td><\/tr><tr><td>Moyen (M)<\/td><td>150&nbsp;<\/td><td>15&nbsp;<\/td><td>50&nbsp;<\/td><td>8&nbsp;<\/td><\/tr><tr><td>Fin (F)<\/td><td>105&nbsp;<\/td><td>10&nbsp;<\/td><td>20&nbsp;<\/td><td>6&nbsp;<\/td><\/tr><tr><td>Super fin (BF)<\/td><td><\/td><td><\/td><td>20&nbsp;<\/td><td>6&nbsp;<\/td><\/tr><tr><td rowspan=\"5\">HP400<\/td><td>Super \u00e9pais (BC)<\/td><td>295&nbsp;<\/td><td>30&nbsp;<\/td><td><\/td><td><\/td><td rowspan=\"5\">280-355<\/td><td rowspan=\"5\">140-630<\/td><\/tr><tr><td>\u00c9pais (C)<\/td><td>250&nbsp;<\/td><td>25&nbsp;<\/td><td>90&nbsp;<\/td><td>10&nbsp;<\/td><\/tr><tr><td>Moyen (M)<\/td><td>195&nbsp;<\/td><td>20&nbsp;<\/td><td>50&nbsp;<\/td><td>8&nbsp;<\/td><\/tr><tr><td>Fin (F)<\/td><td>110&nbsp;<\/td><td>14&nbsp;<\/td><td>40&nbsp;<\/td><td>6&nbsp;<\/td><\/tr><tr><td>Super fin (BF)<\/td><td><\/td><td><\/td><td>30&nbsp;<\/td><td>6&nbsp;<\/td><\/tr><tr><td rowspan=\"5\">HP500<\/td><td>Super \u00e9pais (BC)<\/td><td>330&nbsp;<\/td><td>30&nbsp;<\/td><td><\/td><td><\/td><td rowspan=\"5\">355-450<\/td><td rowspan=\"5\">175-790<\/td><\/tr><tr><td>\u00c9pais (C)<\/td><td>285&nbsp;<\/td><td>25&nbsp;<\/td><td>90&nbsp;<\/td><td>13&nbsp;<\/td><\/tr><tr><td>Moyen (M)<\/td><td>200&nbsp;<\/td><td>20&nbsp;<\/td><td>55&nbsp;<\/td><td>10&nbsp;<\/td><\/tr><tr><td>Fin (F)<\/td><td>133&nbsp;<\/td><td>16&nbsp;<\/td><td>40&nbsp;<\/td><td>8&nbsp;<\/td><\/tr><tr><td>Super fin (BF)<\/td><td><\/td><td><\/td><td>35&nbsp;<\/td><td>6&nbsp;<\/td><\/tr><tr><td rowspan=\"5\">HP800<\/td><td>Super \u00e9pais (BC)<\/td><td>353&nbsp;<\/td><td>32&nbsp;<\/td><td><\/td><td><\/td><td rowspan=\"5\">550-630<\/td><td rowspan=\"5\">260-<br>1200<\/td><\/tr><tr><td>\u00c9pais (C)<\/td><td>297&nbsp;<\/td><td>32&nbsp;<\/td><td>155&nbsp;<\/td><td>13&nbsp;<\/td><\/tr><tr><td>Moyen (M)<\/td><td>267&nbsp;<\/td><td>25&nbsp;<\/td><td>92&nbsp;<\/td><td>10&nbsp;<\/td><\/tr><tr><td>Fin (F)<\/td><td>219&nbsp;<\/td><td>16&nbsp;<\/td><td>33&nbsp;<\/td><td>6&nbsp;<\/td><\/tr><tr><td>Super fin (BF)<\/td><td><\/td><td><\/td><td><\/td><td><\/td><\/tr><\/tbody><\/table><\/figure>\n\n\n<div class=\"gb-container gb-container-263d9700\">\n\n<a class=\"gb-button gb-button-a4cbb7be gb-button-text\" href=\"#popmake-622\">Obtenez un devis gratuit maintenant<\/a>\n\n<\/div>\n<\/div>\n<\/div>","protected":false},"excerpt":{"rendered":"<p>Hydraulic cone crusher Hydraulic cone crusher application Hydraulic cone crusher is widely used in quarrying and mining industry, metallurgical, rod construction, building material, chemical industry and silicate industry etc. It can be used as secondary, tertiary or quaternary crushing equipment, and can crush materials of above medium hardness, such as iron ores, copper ores, limestone, &#8230; <\/p>\n<p class=\"read-more-container\"><a title=\"1-1. Concasseur \u00e0 c\u00f4ne hydraulique\" class=\"read-more button\" href=\"https:\/\/hengxingmachinery.com\/fr\/hydraulic-cone-crushers\/#more-2448\" aria-label=\"En savoir plus sur 1-1. Hydraulic cone crusher\">Lire plus<\/a><\/p>","protected":false},"author":1,"featured_media":0,"parent":0,"menu_order":0,"comment_status":"closed","ping_status":"closed","template":"","meta":{"footnotes":""},"class_list":["post-2448","page","type-page","status-publish"],"yoast_head":"<!-- This site is optimized with the Yoast SEO plugin v27.4 - https:\/\/yoast.com\/product\/yoast-seo-wordpress\/ -->\n<title>1-1. Hydraulic cone crusher - Hengxing Machinery<\/title>\n<meta name=\"robots\" content=\"index, follow, max-snippet:-1, max-image-preview:large, max-video-preview:-1\" \/>\n<link rel=\"canonical\" href=\"https:\/\/hengxingmachinery.com\/fr\/hydraulic-cone-crushers\/\" \/>\n<meta property=\"og:locale\" content=\"fr_FR\" \/>\n<meta property=\"og:type\" content=\"article\" \/>\n<meta property=\"og:title\" content=\"1-1. Hydraulic cone crusher - Hengxing Machinery\" \/>\n<meta property=\"og:description\" content=\"Hydraulic cone crusher Hydraulic cone crusher application Hydraulic cone crusher is widely used in quarrying and mining industry, metallurgical, rod construction, building material, chemical industry and silicate industry etc. It can be used as secondary, tertiary or quaternary crushing equipment, and can crush materials of above medium hardness, such as iron ores, copper ores, limestone, ... Lire plus\" \/>\n<meta property=\"og:url\" content=\"https:\/\/hengxingmachinery.com\/fr\/hydraulic-cone-crushers\/\" \/>\n<meta property=\"og:site_name\" content=\"Hengxing Machinery\" \/>\n<meta property=\"article:modified_time\" content=\"2025-03-21T10:12:28+00:00\" \/>\n<meta property=\"og:image\" content=\"https:\/\/hengxingmachinery.com\/wp-content\/uploads\/2025\/03\/hydraulic-cone-crusher-major-sale.jpg\" \/>\n<meta name=\"twitter:card\" content=\"summary_large_image\" \/>\n<meta name=\"twitter:label1\" content=\"Dur\u00e9e de lecture estim\u00e9e\" \/>\n\t<meta name=\"twitter:data1\" content=\"3 minutes\" \/>\n<script type=\"application\/ld+json\" class=\"yoast-schema-graph\">{\"@context\":\"https:\\\/\\\/schema.org\",\"@graph\":[{\"@type\":\"WebPage\",\"@id\":\"https:\\\/\\\/hengxingmachinery.com\\\/hydraulic-cone-crushers\\\/\",\"url\":\"https:\\\/\\\/hengxingmachinery.com\\\/hydraulic-cone-crushers\\\/\",\"name\":\"1-1. Hydraulic cone crusher - Hengxing Machinery\",\"isPartOf\":{\"@id\":\"https:\\\/\\\/hengxingmachinery.com\\\/#website\"},\"primaryImageOfPage\":{\"@id\":\"https:\\\/\\\/hengxingmachinery.com\\\/hydraulic-cone-crushers\\\/#primaryimage\"},\"image\":{\"@id\":\"https:\\\/\\\/hengxingmachinery.com\\\/hydraulic-cone-crushers\\\/#primaryimage\"},\"thumbnailUrl\":\"https:\\\/\\\/hengxingmachinery.com\\\/wp-content\\\/uploads\\\/2025\\\/03\\\/hydraulic-cone-crusher-major-sale.jpg\",\"datePublished\":\"2025-03-21T10:12:26+00:00\",\"dateModified\":\"2025-03-21T10:12:28+00:00\",\"breadcrumb\":{\"@id\":\"https:\\\/\\\/hengxingmachinery.com\\\/hydraulic-cone-crushers\\\/#breadcrumb\"},\"inLanguage\":\"fr-FR\",\"potentialAction\":[{\"@type\":\"ReadAction\",\"target\":[\"https:\\\/\\\/hengxingmachinery.com\\\/hydraulic-cone-crushers\\\/\"]}]},{\"@type\":\"ImageObject\",\"inLanguage\":\"fr-FR\",\"@id\":\"https:\\\/\\\/hengxingmachinery.com\\\/hydraulic-cone-crushers\\\/#primaryimage\",\"url\":\"https:\\\/\\\/hengxingmachinery.com\\\/wp-content\\\/uploads\\\/2025\\\/03\\\/hydraulic-cone-crusher-major-sale.jpg\",\"contentUrl\":\"https:\\\/\\\/hengxingmachinery.com\\\/wp-content\\\/uploads\\\/2025\\\/03\\\/hydraulic-cone-crusher-major-sale.jpg\"},{\"@type\":\"BreadcrumbList\",\"@id\":\"https:\\\/\\\/hengxingmachinery.com\\\/hydraulic-cone-crushers\\\/#breadcrumb\",\"itemListElement\":[{\"@type\":\"ListItem\",\"position\":1,\"name\":\"Home\",\"item\":\"https:\\\/\\\/hengxingmachinery.com\\\/\"},{\"@type\":\"ListItem\",\"position\":2,\"name\":\"1-1. Hydraulic cone crusher\"}]},{\"@type\":\"WebSite\",\"@id\":\"https:\\\/\\\/hengxingmachinery.com\\\/#website\",\"url\":\"https:\\\/\\\/hengxingmachinery.com\\\/\",\"name\":\"Hengxing Machinery\",\"description\":\"Leading Manufacturer of All Sorts of Mining Machinery\",\"publisher\":{\"@id\":\"https:\\\/\\\/hengxingmachinery.com\\\/#organization\"},\"potentialAction\":[{\"@type\":\"SearchAction\",\"target\":{\"@type\":\"EntryPoint\",\"urlTemplate\":\"https:\\\/\\\/hengxingmachinery.com\\\/?s={search_term_string}\"},\"query-input\":{\"@type\":\"PropertyValueSpecification\",\"valueRequired\":true,\"valueName\":\"search_term_string\"}}],\"inLanguage\":\"fr-FR\"},{\"@type\":\"Organization\",\"@id\":\"https:\\\/\\\/hengxingmachinery.com\\\/#organization\",\"name\":\"Hengxing Machinery\",\"url\":\"https:\\\/\\\/hengxingmachinery.com\\\/\",\"logo\":{\"@type\":\"ImageObject\",\"inLanguage\":\"fr-FR\",\"@id\":\"https:\\\/\\\/hengxingmachinery.com\\\/#\\\/schema\\\/logo\\\/image\\\/\",\"url\":\"https:\\\/\\\/hengxingmachinery.com\\\/wp-content\\\/uploads\\\/2024\\\/12\\\/logo.png\",\"contentUrl\":\"https:\\\/\\\/hengxingmachinery.com\\\/wp-content\\\/uploads\\\/2024\\\/12\\\/logo.png\",\"width\":400,\"height\":260,\"caption\":\"Hengxing Machinery\"},\"image\":{\"@id\":\"https:\\\/\\\/hengxingmachinery.com\\\/#\\\/schema\\\/logo\\\/image\\\/\"}}]}<\/script>\n<!-- \/ Yoast SEO plugin. -->","yoast_head_json":{"title":"1-1. Concasseur \u00e0 c\u00f4ne hydraulique - Hengxing Machinery","robots":{"index":"index","follow":"follow","max-snippet":"max-snippet:-1","max-image-preview":"max-image-preview:large","max-video-preview":"max-video-preview:-1"},"canonical":"https:\/\/hengxingmachinery.com\/fr\/hydraulic-cone-crushers\/","og_locale":"fr_FR","og_type":"article","og_title":"1-1. Hydraulic cone crusher - Hengxing Machinery","og_description":"Hydraulic cone crusher Hydraulic cone crusher application Hydraulic cone crusher is widely used in quarrying and mining industry, metallurgical, rod construction, building material, chemical industry and silicate industry etc. It can be used as secondary, tertiary or quaternary crushing equipment, and can crush materials of above medium hardness, such as iron ores, copper ores, limestone, ... Lire plus","og_url":"https:\/\/hengxingmachinery.com\/fr\/hydraulic-cone-crushers\/","og_site_name":"Hengxing Machinery","article_modified_time":"2025-03-21T10:12:28+00:00","og_image":[{"url":"https:\/\/hengxingmachinery.com\/wp-content\/uploads\/2025\/03\/hydraulic-cone-crusher-major-sale.jpg","type":"","width":"","height":""}],"twitter_card":"summary_large_image","twitter_misc":{"Dur\u00e9e de lecture estim\u00e9e":"3 minutes"},"schema":{"@context":"https:\/\/schema.org","@graph":[{"@type":"WebPage","@id":"https:\/\/hengxingmachinery.com\/hydraulic-cone-crushers\/","url":"https:\/\/hengxingmachinery.com\/hydraulic-cone-crushers\/","name":"1-1. Concasseur \u00e0 c\u00f4ne hydraulique - Hengxing Machinery","isPartOf":{"@id":"https:\/\/hengxingmachinery.com\/#website"},"primaryImageOfPage":{"@id":"https:\/\/hengxingmachinery.com\/hydraulic-cone-crushers\/#primaryimage"},"image":{"@id":"https:\/\/hengxingmachinery.com\/hydraulic-cone-crushers\/#primaryimage"},"thumbnailUrl":"https:\/\/hengxingmachinery.com\/wp-content\/uploads\/2025\/03\/hydraulic-cone-crusher-major-sale.jpg","datePublished":"2025-03-21T10:12:26+00:00","dateModified":"2025-03-21T10:12:28+00:00","breadcrumb":{"@id":"https:\/\/hengxingmachinery.com\/hydraulic-cone-crushers\/#breadcrumb"},"inLanguage":"fr-FR","potentialAction":[{"@type":"ReadAction","target":["https:\/\/hengxingmachinery.com\/hydraulic-cone-crushers\/"]}]},{"@type":"ImageObject","inLanguage":"fr-FR","@id":"https:\/\/hengxingmachinery.com\/hydraulic-cone-crushers\/#primaryimage","url":"https:\/\/hengxingmachinery.com\/wp-content\/uploads\/2025\/03\/hydraulic-cone-crusher-major-sale.jpg","contentUrl":"https:\/\/hengxingmachinery.com\/wp-content\/uploads\/2025\/03\/hydraulic-cone-crusher-major-sale.jpg"},{"@type":"BreadcrumbList","@id":"https:\/\/hengxingmachinery.com\/hydraulic-cone-crushers\/#breadcrumb","itemListElement":[{"@type":"ListItem","position":1,"name":"Home","item":"https:\/\/hengxingmachinery.com\/"},{"@type":"ListItem","position":2,"name":"1-1. Hydraulic cone crusher"}]},{"@type":"WebSite","@id":"https:\/\/hengxingmachinery.com\/#website","url":"https:\/\/hengxingmachinery.com\/","name":"Machines Hengxing","description":"Fabricant leader de toutes sortes de machines mini\u00e8res","publisher":{"@id":"https:\/\/hengxingmachinery.com\/#organization"},"potentialAction":[{"@type":"SearchAction","target":{"@type":"EntryPoint","urlTemplate":"https:\/\/hengxingmachinery.com\/?s={search_term_string}"},"query-input":{"@type":"PropertyValueSpecification","valueRequired":true,"valueName":"search_term_string"}}],"inLanguage":"fr-FR"},{"@type":"Organization","@id":"https:\/\/hengxingmachinery.com\/#organization","name":"Machines Hengxing","url":"https:\/\/hengxingmachinery.com\/","logo":{"@type":"ImageObject","inLanguage":"fr-FR","@id":"https:\/\/hengxingmachinery.com\/#\/schema\/logo\/image\/","url":"https:\/\/hengxingmachinery.com\/wp-content\/uploads\/2024\/12\/logo.png","contentUrl":"https:\/\/hengxingmachinery.com\/wp-content\/uploads\/2024\/12\/logo.png","width":400,"height":260,"caption":"Hengxing Machinery"},"image":{"@id":"https:\/\/hengxingmachinery.com\/#\/schema\/logo\/image\/"}}]}},"_links":{"self":[{"href":"https:\/\/hengxingmachinery.com\/fr\/wp-json\/wp\/v2\/pages\/2448","targetHints":{"allow":["GET"]}}],"collection":[{"href":"https:\/\/hengxingmachinery.com\/fr\/wp-json\/wp\/v2\/pages"}],"about":[{"href":"https:\/\/hengxingmachinery.com\/fr\/wp-json\/wp\/v2\/types\/page"}],"author":[{"embeddable":true,"href":"https:\/\/hengxingmachinery.com\/fr\/wp-json\/wp\/v2\/users\/1"}],"replies":[{"embeddable":true,"href":"https:\/\/hengxingmachinery.com\/fr\/wp-json\/wp\/v2\/comments?post=2448"}],"version-history":[{"count":2,"href":"https:\/\/hengxingmachinery.com\/fr\/wp-json\/wp\/v2\/pages\/2448\/revisions"}],"predecessor-version":[{"id":2675,"href":"https:\/\/hengxingmachinery.com\/fr\/wp-json\/wp\/v2\/pages\/2448\/revisions\/2675"}],"wp:attachment":[{"href":"https:\/\/hengxingmachinery.com\/fr\/wp-json\/wp\/v2\/media?parent=2448"}],"curies":[{"name":"wp","href":"https:\/\/api.w.org\/{rel}","templated":true}]}}