{"id":2449,"date":"2025-03-21T10:14:57","date_gmt":"2025-03-21T10:14:57","guid":{"rendered":"https:\/\/hengxingmachinery.com\/?page_id=2449"},"modified":"2025-03-21T10:14:58","modified_gmt":"2025-03-21T10:14:58","slug":"double-stage-cone-crushers","status":"publish","type":"page","link":"https:\/\/hengxingmachinery.com\/fr\/double-stage-cone-crushers\/","title":{"rendered":"1-1. Concasseur \u00e0 c\u00f4ne \u00e0 double \u00e9tage"},"content":{"rendered":"<div class=\"gb-container gb-container-45165f5a\">\n<div class=\"gb-container gb-container-c2652eb4\">\n\n<h1 class=\"gb-headline gb-headline-62a8b2cc gb-headline-text\">Concasseur \u00e0 c\u00f4ne \u00e0 double \u00e9tage<\/h1>\n\n<\/div>\n<\/div>\n\n<div class=\"gb-container gb-container-519cf624\">\n<div class=\"gb-container gb-container-71ca071e\">\n<div class=\"gb-grid-wrapper gb-grid-wrapper-8a5f0688\">\n<div class=\"gb-grid-column gb-grid-column-1e99b1c2\"><div class=\"gb-container gb-container-1e99b1c2\">\n\n<figure class=\"gb-block-image gb-block-image-e4eaba54\"><img decoding=\"async\" width=\"665\" height=\"545\" class=\"gb-image gb-image-e4eaba54\" src=\"https:\/\/hengxingmachinery.com\/wp-content\/uploads\/2025\/03\/double-stage-stone-crusher-sale.jpg\" alt=\"\" title=\"vente-concasseur-pierre-double-etage\" srcset=\"https:\/\/hengxingmachinery.com\/wp-content\/uploads\/2025\/03\/double-stage-stone-crusher-sale.jpg 665w, https:\/\/hengxingmachinery.com\/wp-content\/uploads\/2025\/03\/double-stage-stone-crusher-sale-300x246.jpg 300w, https:\/\/hengxingmachinery.com\/wp-content\/uploads\/2025\/03\/double-stage-stone-crusher-sale-15x12.jpg 15w\" sizes=\"(max-width: 665px) 100vw, 665px\" \/><\/figure>\n\n<\/div><\/div>\n\n<div class=\"gb-grid-column gb-grid-column-bcae065b\"><div class=\"gb-container gb-container-bcae065b\">\n\n<p><mark style=\"background-color:rgba(0, 0, 0, 0)\" class=\"has-inline-color has-global-color-8-color\"><strong>Capacit\u00e9 de production :<\/strong> <\/mark>20-180 t\/h<\/p>\n\n\n\n<p><strong><mark style=\"background-color:rgba(0, 0, 0, 0)\" class=\"has-inline-color has-global-color-8-color\">Taille du flux :<\/mark> <\/strong>\u2264100-\u2264200 mm<\/p>\n\n\n\n<p><strong><mark style=\"background-color:rgba(0, 0, 0, 0)\" class=\"has-inline-color has-global-color-8-color\">Domaine d'application :<\/mark> <\/strong>Cette machine est adapt\u00e9e au concassage de mat\u00e9riaux tels que la calcite, le calcaire, les m\u00e2chefers, les scories, les r\u00e9sidus de schiste, le gangue de charbon, les d\u00e9chets de construction, etc.<\/p>\n\n\n<div class=\"gb-container gb-container-256e15f1\">\n\n<a class=\"gb-button gb-button-e8b73d89 gb-button-text\" href=\"#popmake-622\">Obtenez un devis gratuit maintenant<\/a>\n\n<\/div>\n<\/div><\/div>\n<\/div>\n<\/div>\n<\/div>\n\n<div class=\"gb-container gb-container-3a930c38\">\n<div class=\"gb-container gb-container-8a36e90a\">\n\n<h2 class=\"gb-headline gb-headline-a5d3273c gb-headline-text\">Application du concasseur \u00e0 marteaux \u00e0 double \u00e9tage<\/h2>\n\n\n\n<figure class=\"gb-block-image gb-block-image-1c359176\"><img decoding=\"async\" width=\"800\" height=\"500\" class=\"gb-image gb-image-1c359176\" src=\"https:\/\/hengxingmachinery.com\/wp-content\/uploads\/2025\/03\/double-stage-stone-crusher-feature.jpg\" alt=\"\" title=\"caracteristiques-concasseur-pierre-double-etage\" srcset=\"https:\/\/hengxingmachinery.com\/wp-content\/uploads\/2025\/03\/double-stage-stone-crusher-feature.jpg 800w, https:\/\/hengxingmachinery.com\/wp-content\/uploads\/2025\/03\/double-stage-stone-crusher-feature-300x188.jpg 300w, https:\/\/hengxingmachinery.com\/wp-content\/uploads\/2025\/03\/double-stage-stone-crusher-feature-768x480.jpg 768w, https:\/\/hengxingmachinery.com\/wp-content\/uploads\/2025\/03\/double-stage-stone-crusher-feature-18x12.jpg 18w\" sizes=\"(max-width: 800px) 100vw, 800px\" \/><\/figure>\n\n\n\n<p>Le concasseur \u00e0 marteaux \u00e0 double \u00e9tage est largement utilis\u00e9 pour concasser la calcite, le calcaire, les briques de m\u00e2chefer, les scories, le schiste, le gangue, les d\u00e9chets de construction, etc. Cela a r\u00e9solu les probl\u00e8mes li\u00e9s \u00e0 l'utilisation du gangue et du m\u00e2chefer comme mat\u00e9riau d'addition dans les briques, comme combustible, ainsi qu'\u00e0 l'utilisation des roches st\u00e9riles et du schiste pour produire des briques standards ou creuses, notamment les difficult\u00e9s de concassage dues \u00e0 l'humidit\u00e9 des mat\u00e9riaux.<\/p>\n\n\n\n<p>Le concasseur \u00e0 marteaux \u00e0 double \u00e9tage est \u00e9galement appel\u00e9 concasseur \u00e0 marteaux ultra-fin \u00e0 double rotor. Il s'agit d'un nouveau type de concasseur de pierres. Cette machine surmonte les d\u00e9fauts des grilles de fond qui, en raison de la forte teneur en humidit\u00e9 des mati\u00e8res premi\u00e8res, entravent l'\u00e9vacuation. Elle offre une productivit\u00e9 \u00e9lev\u00e9e et un excellent effet de concassage.<\/p>\n\n\n<div class=\"gb-container gb-container-96208927\">\n\n<a class=\"gb-button gb-button-429870c5 gb-button-text\" href=\"#popmake-622\">Obtenez un devis gratuit maintenant<\/a>\n\n<\/div>\n<\/div>\n<\/div>\n\n<div class=\"gb-container gb-container-0a1ec955\">\n<div class=\"gb-container gb-container-b5c0e892\">\n\n<h2 class=\"gb-headline gb-headline-9bfd1cd1 gb-headline-text\">Caract\u00e9ristiques du concasseur \u00e0 marteaux \u00e0 double \u00e9tage<\/h2>\n\n\n\n<figure class=\"gb-block-image gb-block-image-a0d25f3b\"><img decoding=\"async\" width=\"800\" height=\"500\" class=\"gb-image gb-image-a0d25f3b\" src=\"https:\/\/hengxingmachinery.com\/wp-content\/uploads\/2025\/03\/double-stage-stone-crusher-working.jpg\" alt=\"\" title=\"fonctionnement-concasseur-pierre-double-etage\" srcset=\"https:\/\/hengxingmachinery.com\/wp-content\/uploads\/2025\/03\/double-stage-stone-crusher-working.jpg 800w, https:\/\/hengxingmachinery.com\/wp-content\/uploads\/2025\/03\/double-stage-stone-crusher-working-300x188.jpg 300w, https:\/\/hengxingmachinery.com\/wp-content\/uploads\/2025\/03\/double-stage-stone-crusher-working-768x480.jpg 768w, https:\/\/hengxingmachinery.com\/wp-content\/uploads\/2025\/03\/double-stage-stone-crusher-working-18x12.jpg 18w\" sizes=\"(max-width: 800px) 100vw, 800px\" \/><\/figure>\n\n\n\n<p>1. La chambre de concassage comporte deux syst\u00e8mes : un double concassage par percussion en deux \u00e9tages superpos\u00e9s, le concassage secondaire et le concassage fin \u00e9tant r\u00e9alis\u00e9s en une seule machine.<\/p>\n\n\n\n<p>2. La granulom\u00e9trie de d\u00e9charge est inf\u00e9rieure \u00e0 3 mm, dont plus de 90 % est inf\u00e9rieure \u00e0 2 mm, environ 60 % \u00e9tant sous forme pulv\u00e9rulente.<\/p>\n\n\n\n<p>3. Utilis\u00e9 dans les mines et les usines de concentration, il permet d'ajuster la granulom\u00e9trie, et est particuli\u00e8rement adapt\u00e9 \u00e0 la s\u00e9paration \u00e0 sec et \u00e0 la pr\u00e9-concentration, ainsi qu'\u00e0 l'\u00e9puration des st\u00e9riles pr\u00e9coces ; la s\u00e9lection de concentr\u00e9s grossiers pour le broyage peut augmenter la capacit\u00e9 de production du broyeur de plus de 60 %.<\/p>\n\n\n\n<p>4. Il peut produire un sable de construction id\u00e9al.<\/p>\n\n\n\n<p>5. Absence de grille de fond, pas de consommation d'\u00e9nergie r\u00e9active, pas d'usure inefficace, et aucun colmatage par les mat\u00e9riaux humides.<\/p>\n\n\n\n<p>6. Ouverture et fermeture hydrauliques du carter, facilitant le remplacement rapide et ais\u00e9 des marteaux.<\/p>\n\n\n<div class=\"gb-container gb-container-0b694f49\">\n\n<a class=\"gb-button gb-button-d7c85532 gb-button-text\" href=\"#popmake-622\">Obtenez un devis gratuit maintenant<\/a>\n\n<\/div>\n<\/div>\n<\/div>\n\n<div class=\"gb-container gb-container-435ad261\">\n<div class=\"gb-container gb-container-7dc79cc4\">\n\n<h2 class=\"gb-headline gb-headline-6fe5dee2 gb-headline-text\">Sp\u00e9cifications du concasseur de pierres \u00e0 double \u00e9tage<\/h2>\n\n\n\n<figure class=\"wp-block-table\"><table class=\"has-fixed-layout\"><tbody><tr><td>Mod\u00e8le<\/td><td>SCP 600\u00d7400<\/td><td>SCP 600\u00d7600<\/td><td>SCP 800\u00d7600<\/td><td>SCP 900\u00d7800<\/td><td>SCP 1000\u00d7800<\/td><\/tr><tr><td>(mm) Taille d'alimentation<\/td><td>\u2264100<\/td><td>\u2264150<\/td><td>\u2264200<\/td><td>\u2264260<\/td><td>\u2264400<\/td><\/tr><tr><td>&nbsp;Taille de sortie (mm)<\/td><td>\u22643 (plus de 90 % &lt;2 mm)<\/td><td>\u22643 (plus de 80 % &lt;2 mm)<\/td><td>\u22643 (plus de 80 % &lt;2 mm)<\/td><td>\u22643 (plus de 80 % &lt;2 mm)<\/td><td>\u22643 (plus de 80 % &lt;2 mm)<\/td><\/tr><tr><td>&nbsp;Capacit\u00e9 (t\/h)<\/td><td>15-25<\/td><td>15-30<\/td><td>50-70<\/td><td>50-90<\/td><td>60-120<\/td><\/tr><tr><td>Puissance du moteur (kW)<\/td><td>18.5+22<\/td><td>22+22<\/td><td>37+45<\/td><td>55+75<\/td><td>75+55<\/td><\/tr><\/tbody><\/table><\/figure>\n\n\n<div class=\"gb-container gb-container-263d9700\">\n\n<a class=\"gb-button gb-button-a4cbb7be gb-button-text\" href=\"#popmake-622\">Obtenez un devis gratuit maintenant<\/a>\n\n<\/div>\n<\/div>\n<\/div>","protected":false},"excerpt":{"rendered":"<p>Double stage cone crusher Double-stage hammer crusher application The double stage hammer crusher is widely used for crushing calcite, limestone, cinder brick, slag, shale, gangue, construction waste and so on. This solved the problems of using gangue and cinder as brick adding material ,in fuel and using waste rock, shale to produce standard brick,hollow brick &#8230; <\/p>\n<p class=\"read-more-container\"><a title=\"1-1. Concasseur \u00e0 c\u00f4ne \u00e0 double \u00e9tage\" class=\"read-more button\" href=\"https:\/\/hengxingmachinery.com\/fr\/double-stage-cone-crushers\/#more-2449\" aria-label=\"En savoir plus sur 1-1. Double stage cone crusher\">Lire plus<\/a><\/p>","protected":false},"author":1,"featured_media":0,"parent":0,"menu_order":0,"comment_status":"closed","ping_status":"closed","template":"","meta":{"footnotes":""},"class_list":["post-2449","page","type-page","status-publish"],"yoast_head":"<!-- This site is optimized with the Yoast SEO plugin v27.4 - https:\/\/yoast.com\/product\/yoast-seo-wordpress\/ -->\n<title>1-1. Double stage cone crusher - Hengxing Machinery<\/title>\n<meta name=\"robots\" content=\"index, follow, max-snippet:-1, max-image-preview:large, max-video-preview:-1\" \/>\n<link rel=\"canonical\" href=\"https:\/\/hengxingmachinery.com\/fr\/double-stage-cone-crushers\/\" \/>\n<meta property=\"og:locale\" content=\"fr_FR\" \/>\n<meta property=\"og:type\" content=\"article\" \/>\n<meta property=\"og:title\" content=\"1-1. Double stage cone crusher - Hengxing Machinery\" \/>\n<meta property=\"og:description\" content=\"Double stage cone crusher Double-stage hammer crusher application The double stage hammer crusher is widely used for crushing calcite, limestone, cinder brick, slag, shale, gangue, construction waste and so on. This solved the problems of using gangue and cinder as brick adding material ,in fuel and using waste rock, shale to produce standard brick,hollow brick ... Lire plus\" \/>\n<meta property=\"og:url\" content=\"https:\/\/hengxingmachinery.com\/fr\/double-stage-cone-crushers\/\" \/>\n<meta property=\"og:site_name\" content=\"Hengxing Machinery\" \/>\n<meta property=\"article:modified_time\" content=\"2025-03-21T10:14:58+00:00\" \/>\n<meta property=\"og:image\" content=\"https:\/\/hengxingmachinery.com\/wp-content\/uploads\/2025\/03\/double-stage-stone-crusher-sale.jpg\" \/>\n<meta name=\"twitter:card\" content=\"summary_large_image\" \/>\n<meta name=\"twitter:label1\" content=\"Dur\u00e9e de lecture estim\u00e9e\" \/>\n\t<meta name=\"twitter:data1\" content=\"3 minutes\" \/>\n<script type=\"application\/ld+json\" class=\"yoast-schema-graph\">{\"@context\":\"https:\\\/\\\/schema.org\",\"@graph\":[{\"@type\":\"WebPage\",\"@id\":\"https:\\\/\\\/hengxingmachinery.com\\\/double-stage-cone-crushers\\\/\",\"url\":\"https:\\\/\\\/hengxingmachinery.com\\\/double-stage-cone-crushers\\\/\",\"name\":\"1-1. Double stage cone crusher - Hengxing Machinery\",\"isPartOf\":{\"@id\":\"https:\\\/\\\/hengxingmachinery.com\\\/#website\"},\"primaryImageOfPage\":{\"@id\":\"https:\\\/\\\/hengxingmachinery.com\\\/double-stage-cone-crushers\\\/#primaryimage\"},\"image\":{\"@id\":\"https:\\\/\\\/hengxingmachinery.com\\\/double-stage-cone-crushers\\\/#primaryimage\"},\"thumbnailUrl\":\"https:\\\/\\\/hengxingmachinery.com\\\/wp-content\\\/uploads\\\/2025\\\/03\\\/double-stage-stone-crusher-sale.jpg\",\"datePublished\":\"2025-03-21T10:14:57+00:00\",\"dateModified\":\"2025-03-21T10:14:58+00:00\",\"breadcrumb\":{\"@id\":\"https:\\\/\\\/hengxingmachinery.com\\\/double-stage-cone-crushers\\\/#breadcrumb\"},\"inLanguage\":\"fr-FR\",\"potentialAction\":[{\"@type\":\"ReadAction\",\"target\":[\"https:\\\/\\\/hengxingmachinery.com\\\/double-stage-cone-crushers\\\/\"]}]},{\"@type\":\"ImageObject\",\"inLanguage\":\"fr-FR\",\"@id\":\"https:\\\/\\\/hengxingmachinery.com\\\/double-stage-cone-crushers\\\/#primaryimage\",\"url\":\"https:\\\/\\\/hengxingmachinery.com\\\/wp-content\\\/uploads\\\/2025\\\/03\\\/double-stage-stone-crusher-sale.jpg\",\"contentUrl\":\"https:\\\/\\\/hengxingmachinery.com\\\/wp-content\\\/uploads\\\/2025\\\/03\\\/double-stage-stone-crusher-sale.jpg\"},{\"@type\":\"BreadcrumbList\",\"@id\":\"https:\\\/\\\/hengxingmachinery.com\\\/double-stage-cone-crushers\\\/#breadcrumb\",\"itemListElement\":[{\"@type\":\"ListItem\",\"position\":1,\"name\":\"Home\",\"item\":\"https:\\\/\\\/hengxingmachinery.com\\\/\"},{\"@type\":\"ListItem\",\"position\":2,\"name\":\"1-1. Double stage cone crusher\"}]},{\"@type\":\"WebSite\",\"@id\":\"https:\\\/\\\/hengxingmachinery.com\\\/#website\",\"url\":\"https:\\\/\\\/hengxingmachinery.com\\\/\",\"name\":\"Hengxing Machinery\",\"description\":\"Leading Manufacturer of All Sorts of Mining Machinery\",\"publisher\":{\"@id\":\"https:\\\/\\\/hengxingmachinery.com\\\/#organization\"},\"potentialAction\":[{\"@type\":\"SearchAction\",\"target\":{\"@type\":\"EntryPoint\",\"urlTemplate\":\"https:\\\/\\\/hengxingmachinery.com\\\/?s={search_term_string}\"},\"query-input\":{\"@type\":\"PropertyValueSpecification\",\"valueRequired\":true,\"valueName\":\"search_term_string\"}}],\"inLanguage\":\"fr-FR\"},{\"@type\":\"Organization\",\"@id\":\"https:\\\/\\\/hengxingmachinery.com\\\/#organization\",\"name\":\"Hengxing Machinery\",\"url\":\"https:\\\/\\\/hengxingmachinery.com\\\/\",\"logo\":{\"@type\":\"ImageObject\",\"inLanguage\":\"fr-FR\",\"@id\":\"https:\\\/\\\/hengxingmachinery.com\\\/#\\\/schema\\\/logo\\\/image\\\/\",\"url\":\"https:\\\/\\\/hengxingmachinery.com\\\/wp-content\\\/uploads\\\/2024\\\/12\\\/logo.png\",\"contentUrl\":\"https:\\\/\\\/hengxingmachinery.com\\\/wp-content\\\/uploads\\\/2024\\\/12\\\/logo.png\",\"width\":400,\"height\":260,\"caption\":\"Hengxing Machinery\"},\"image\":{\"@id\":\"https:\\\/\\\/hengxingmachinery.com\\\/#\\\/schema\\\/logo\\\/image\\\/\"}}]}<\/script>\n<!-- \/ Yoast SEO plugin. -->","yoast_head_json":{"title":"1-1. Concasseur \u00e0 c\u00f4ne \u00e0 double \u00e9tage - Hengxing Machinery","robots":{"index":"index","follow":"follow","max-snippet":"max-snippet:-1","max-image-preview":"max-image-preview:large","max-video-preview":"max-video-preview:-1"},"canonical":"https:\/\/hengxingmachinery.com\/fr\/double-stage-cone-crushers\/","og_locale":"fr_FR","og_type":"article","og_title":"1-1. Double stage cone crusher - Hengxing Machinery","og_description":"Double stage cone crusher Double-stage hammer crusher application The double stage hammer crusher is widely used for crushing calcite, limestone, cinder brick, slag, shale, gangue, construction waste and so on. This solved the problems of using gangue and cinder as brick adding material ,in fuel and using waste rock, shale to produce standard brick,hollow brick ... Lire plus","og_url":"https:\/\/hengxingmachinery.com\/fr\/double-stage-cone-crushers\/","og_site_name":"Hengxing Machinery","article_modified_time":"2025-03-21T10:14:58+00:00","og_image":[{"url":"https:\/\/hengxingmachinery.com\/wp-content\/uploads\/2025\/03\/double-stage-stone-crusher-sale.jpg","type":"","width":"","height":""}],"twitter_card":"summary_large_image","twitter_misc":{"Dur\u00e9e de lecture estim\u00e9e":"3 minutes"},"schema":{"@context":"https:\/\/schema.org","@graph":[{"@type":"WebPage","@id":"https:\/\/hengxingmachinery.com\/double-stage-cone-crushers\/","url":"https:\/\/hengxingmachinery.com\/double-stage-cone-crushers\/","name":"1-1. Concasseur \u00e0 c\u00f4ne \u00e0 double \u00e9tage - Hengxing Machinery","isPartOf":{"@id":"https:\/\/hengxingmachinery.com\/#website"},"primaryImageOfPage":{"@id":"https:\/\/hengxingmachinery.com\/double-stage-cone-crushers\/#primaryimage"},"image":{"@id":"https:\/\/hengxingmachinery.com\/double-stage-cone-crushers\/#primaryimage"},"thumbnailUrl":"https:\/\/hengxingmachinery.com\/wp-content\/uploads\/2025\/03\/double-stage-stone-crusher-sale.jpg","datePublished":"2025-03-21T10:14:57+00:00","dateModified":"2025-03-21T10:14:58+00:00","breadcrumb":{"@id":"https:\/\/hengxingmachinery.com\/double-stage-cone-crushers\/#breadcrumb"},"inLanguage":"fr-FR","potentialAction":[{"@type":"ReadAction","target":["https:\/\/hengxingmachinery.com\/double-stage-cone-crushers\/"]}]},{"@type":"ImageObject","inLanguage":"fr-FR","@id":"https:\/\/hengxingmachinery.com\/double-stage-cone-crushers\/#primaryimage","url":"https:\/\/hengxingmachinery.com\/wp-content\/uploads\/2025\/03\/double-stage-stone-crusher-sale.jpg","contentUrl":"https:\/\/hengxingmachinery.com\/wp-content\/uploads\/2025\/03\/double-stage-stone-crusher-sale.jpg"},{"@type":"BreadcrumbList","@id":"https:\/\/hengxingmachinery.com\/double-stage-cone-crushers\/#breadcrumb","itemListElement":[{"@type":"ListItem","position":1,"name":"Home","item":"https:\/\/hengxingmachinery.com\/"},{"@type":"ListItem","position":2,"name":"1-1. Double stage cone crusher"}]},{"@type":"WebSite","@id":"https:\/\/hengxingmachinery.com\/#website","url":"https:\/\/hengxingmachinery.com\/","name":"Machines Hengxing","description":"Fabricant leader de toutes sortes de machines mini\u00e8res","publisher":{"@id":"https:\/\/hengxingmachinery.com\/#organization"},"potentialAction":[{"@type":"SearchAction","target":{"@type":"EntryPoint","urlTemplate":"https:\/\/hengxingmachinery.com\/?s={search_term_string}"},"query-input":{"@type":"PropertyValueSpecification","valueRequired":true,"valueName":"search_term_string"}}],"inLanguage":"fr-FR"},{"@type":"Organization","@id":"https:\/\/hengxingmachinery.com\/#organization","name":"Machines Hengxing","url":"https:\/\/hengxingmachinery.com\/","logo":{"@type":"ImageObject","inLanguage":"fr-FR","@id":"https:\/\/hengxingmachinery.com\/#\/schema\/logo\/image\/","url":"https:\/\/hengxingmachinery.com\/wp-content\/uploads\/2024\/12\/logo.png","contentUrl":"https:\/\/hengxingmachinery.com\/wp-content\/uploads\/2024\/12\/logo.png","width":400,"height":260,"caption":"Hengxing Machinery"},"image":{"@id":"https:\/\/hengxingmachinery.com\/#\/schema\/logo\/image\/"}}]}},"_links":{"self":[{"href":"https:\/\/hengxingmachinery.com\/fr\/wp-json\/wp\/v2\/pages\/2449","targetHints":{"allow":["GET"]}}],"collection":[{"href":"https:\/\/hengxingmachinery.com\/fr\/wp-json\/wp\/v2\/pages"}],"about":[{"href":"https:\/\/hengxingmachinery.com\/fr\/wp-json\/wp\/v2\/types\/page"}],"author":[{"embeddable":true,"href":"https:\/\/hengxingmachinery.com\/fr\/wp-json\/wp\/v2\/users\/1"}],"replies":[{"embeddable":true,"href":"https:\/\/hengxingmachinery.com\/fr\/wp-json\/wp\/v2\/comments?post=2449"}],"version-history":[{"count":2,"href":"https:\/\/hengxingmachinery.com\/fr\/wp-json\/wp\/v2\/pages\/2449\/revisions"}],"predecessor-version":[{"id":2679,"href":"https:\/\/hengxingmachinery.com\/fr\/wp-json\/wp\/v2\/pages\/2449\/revisions\/2679"}],"wp:attachment":[{"href":"https:\/\/hengxingmachinery.com\/fr\/wp-json\/wp\/v2\/media?parent=2449"}],"curies":[{"name":"wp","href":"https:\/\/api.w.org\/{rel}","templated":true}]}}