{"id":2473,"date":"2025-03-21T07:34:37","date_gmt":"2025-03-21T07:34:37","guid":{"rendered":"https:\/\/hengxingmachinery.com\/?page_id=2473"},"modified":"2025-03-21T07:34:38","modified_gmt":"2025-03-21T07:34:38","slug":"high-frequency-screen","status":"publish","type":"page","link":"https:\/\/hengxingmachinery.com\/fr\/high-frequency-screen\/","title":{"rendered":"4-1. Crible haute fr\u00e9quence"},"content":{"rendered":"<div class=\"gb-container gb-container-45165f5a\">\n<div class=\"gb-container gb-container-c2652eb4\">\n\n<h1 class=\"gb-headline gb-headline-62a8b2cc gb-headline-text\">\u00c9cran haute fr\u00e9quence<\/h1>\n\n<\/div>\n<\/div>\n\n<div class=\"gb-container gb-container-519cf624\">\n<div class=\"gb-container gb-container-71ca071e\">\n<div class=\"gb-grid-wrapper gb-grid-wrapper-8a5f0688\">\n<div class=\"gb-grid-column gb-grid-column-1e99b1c2\"><div class=\"gb-container gb-container-1e99b1c2\">\n\n<figure class=\"gb-block-image gb-block-image-e4eaba54\"><img decoding=\"async\" width=\"665\" height=\"545\" class=\"gb-image gb-image-e4eaba54\" src=\"https:\/\/hengxingmachinery.com\/wp-content\/uploads\/2025\/03\/high-frequency-screens.jpg\" alt=\"\" title=\"cribles \u00e0 haute fr\u00e9quence\" srcset=\"https:\/\/hengxingmachinery.com\/wp-content\/uploads\/2025\/03\/high-frequency-screens.jpg 665w, https:\/\/hengxingmachinery.com\/wp-content\/uploads\/2025\/03\/high-frequency-screens-300x246.jpg 300w, https:\/\/hengxingmachinery.com\/wp-content\/uploads\/2025\/03\/high-frequency-screens-15x12.jpg 15w\" sizes=\"(max-width: 665px) 100vw, 665px\" \/><\/figure>\n\n<\/div><\/div>\n\n<div class=\"gb-grid-column gb-grid-column-bcae065b\"><div class=\"gb-container gb-container-bcae065b\">\n\n<p><strong><mark style=\"background-color:rgba(0, 0, 0, 0)\" class=\"has-inline-color has-global-color-8-color\">Domaine d'application : <\/mark><\/strong><\/p>\n\n\n\n<p>Les cribles \u00e0 haute fr\u00e9quence sont largement utilis\u00e9s pour le criblage \u00e0 sec et humide, le classement et la d\u00e9shydratation de divers mat\u00e9riaux dans des industries telles que le traitement des min\u00e9raux, la pr\u00e9paration du charbon, l'industrie chimique, la fabrication de briques, l'alimentation, les produits pharmaceutiques, la production d'alcalis, les engrais, la papeterie et autres industries.<\/p>\n\n\n\n<p><\/p>\n\n\n\n<p><strong><mark style=\"background-color:rgba(0, 0, 0, 0)\" class=\"has-inline-color has-global-color-8-color\">Surface du crible \u00e0 haute fr\u00e9quence :<\/mark><\/strong> 4,5-8,1 m\u00b2<\/p>\n\n\n\n<p><strong><mark style=\"background-color:rgba(0, 0, 0, 0)\" class=\"has-inline-color has-global-color-8-color\">Capacit\u00e9 de production :<\/mark><\/strong> 15-48 t\/h<\/p>\n\n\n<div class=\"gb-container gb-container-256e15f1\">\n\n<a class=\"gb-button gb-button-e8b73d89 gb-button-text\" href=\"#popmake-622\">Obtenez un devis gratuit maintenant<\/a>\n\n<\/div>\n<\/div><\/div>\n<\/div>\n<\/div>\n<\/div>\n\n<div class=\"gb-container gb-container-c0200787\">\n<div class=\"gb-container gb-container-1d97c93d\">\n\n<h2 class=\"gb-headline gb-headline-3d5fa577 gb-headline-text\">Pr\u00e9sentation du crible \u00e0 haute fr\u00e9quence<\/h2>\n\n\n\n<figure class=\"gb-block-image gb-block-image-230c53d3\"><img decoding=\"async\" width=\"600\" height=\"500\" class=\"gb-image gb-image-230c53d3\" src=\"https:\/\/hengxingmachinery.com\/wp-content\/uploads\/2025\/03\/high-frequency-screen-for-sale-1.jpg\" alt=\"\" title=\"crible \u00e0 haute fr\u00e9quence \u00e0 vendre\" srcset=\"https:\/\/hengxingmachinery.com\/wp-content\/uploads\/2025\/03\/high-frequency-screen-for-sale-1.jpg 600w, https:\/\/hengxingmachinery.com\/wp-content\/uploads\/2025\/03\/high-frequency-screen-for-sale-1-300x250.jpg 300w, https:\/\/hengxingmachinery.com\/wp-content\/uploads\/2025\/03\/high-frequency-screen-for-sale-1-14x12.jpg 14w\" sizes=\"(max-width: 600px) 100vw, 600px\" \/><\/figure>\n\n\n\n<p><\/p>\n\n\n\n<p>Le crible haute fr\u00e9quence est \u00e9galement appel\u00e9 crible de classement. La machine de criblage est compos\u00e9e d'un excitateur de vibrations, d'un distributeur de pulpe, d'un ch\u00e2ssis de tamis, d'un cadre, d'un ressort de suspension et d'une toile de tamis. La machine de criblage est efficace, avec une faible amplitude et une haute fr\u00e9quence de criblage. <\/p>\n\n\n\n<p>Contrairement au principe des \u00e9quipements de criblage ordinaires, gr\u00e2ce \u00e0 l'utilisation d'une haute fr\u00e9quence, le crible haute fr\u00e9quence d\u00e9truit d'une part la tension superficielle de la pulpe et provoque l'oscillation \u00e0 haute vitesse des mat\u00e9riaux \u00e0 grains fins sur la surface du tamis, acc\u00e9l\u00e9rant ainsi la s\u00e9gr\u00e9gation et la s\u00e9paration des min\u00e9raux utiles \u00e0 haute densit\u00e9 (poids sp\u00e9cifique). <\/p>\n\n\n\n<p>Cet effet augmente la probabilit\u00e9 que les mat\u00e9riaux de taille inf\u00e9rieure \u00e0 la granulom\u00e9trie de s\u00e9paration entrent en contact avec les mailles du tamis. Cela cr\u00e9e de meilleures conditions de s\u00e9paration, permettant aux mat\u00e9riaux plus fins que la granulom\u00e9trie de s\u00e9paration, en particulier les particules lourdes et la pulpe de minerai, de passer \u00e0 travers le tamis et de devenir le produit sous-tamis.<\/p>\n\n\n<div class=\"gb-container gb-container-9eeb6cec\">\n\n<a class=\"gb-button gb-button-d1324b3c gb-button-text\" href=\"#popmake-622\">Obtenez un devis gratuit maintenant<\/a>\n\n<\/div>\n<\/div>\n<\/div>\n\n<div class=\"gb-container gb-container-aee62d46\">\n<div class=\"gb-container gb-container-95f2b668\">\n\n<h2 class=\"gb-headline gb-headline-c2d9453e gb-headline-text\">Caract\u00e9ristiques du crible \u00e0 haute fr\u00e9quence<\/h2>\n\n\n\n<figure class=\"gb-block-image gb-block-image-10dae308\"><img decoding=\"async\" width=\"694\" height=\"475\" class=\"gb-image gb-image-10dae308\" src=\"https:\/\/hengxingmachinery.com\/wp-content\/uploads\/2025\/03\/high-frequency-screen-1.jpg\" alt=\"\" title=\"crible \u00e0 haute fr\u00e9quence\" srcset=\"https:\/\/hengxingmachinery.com\/wp-content\/uploads\/2025\/03\/high-frequency-screen-1.jpg 694w, https:\/\/hengxingmachinery.com\/wp-content\/uploads\/2025\/03\/high-frequency-screen-1-300x205.jpg 300w, https:\/\/hengxingmachinery.com\/wp-content\/uploads\/2025\/03\/high-frequency-screen-1-18x12.jpg 18w\" sizes=\"(max-width: 694px) 100vw, 694px\" \/><\/figure>\n\n\n\n<p><\/p>\n\n\n\n<p>1. L'utilisation de toiles de criblage superpos\u00e9es augmente l'ouverture d'une seule couche, ce qui non seulement prolonge la dur\u00e9e de vie des toiles, mais a \u00e9galement un effet anti-colmatage et anti-abrasion.<\/p>\n\n\n\n<p>2. Le support \u00e0 ressort en caoutchouc du ch\u00e2ssis du crible \u00e0 haute fr\u00e9quence a un effet d'isolation des vibrations, d'absorption acoustique et de r\u00e9duction du bruit, et les vibrations de l'\u00e9quipement sont faibles.<\/p>\n\n\n\n<p>3. La haute fr\u00e9quence et la faible amplitude favorisent la s\u00e9paration et la stratification des mat\u00e9riaux fins et lourds pour acc\u00e9l\u00e9rer le criblage des mat\u00e9riaux.<\/p>\n\n\n\n<p>4. Grande capacit\u00e9 de traitement des mat\u00e9riaux et faible consommation d'\u00e9nergie.<\/p>\n\n\n<div class=\"gb-container gb-container-6884c2cc\">\n\n<a class=\"gb-button gb-button-70583696 gb-button-text\" href=\"#popmake-622\">Obtenez un devis gratuit maintenant<\/a>\n\n<\/div>\n<\/div>\n<\/div>\n\n<div class=\"gb-container gb-container-ebd718b6\">\n<div class=\"gb-container gb-container-5c75b960\">\n\n<h2 class=\"gb-headline gb-headline-98859344 gb-headline-text\">Principe de fonctionnement du crible \u00e0 haute fr\u00e9quence<\/h2>\n\n\n\n<p>La machine de criblage d\u00e9truit la tension superficielle de la pulpe et provoque l'oscillation \u00e0 haute vitesse des mat\u00e9riaux \u00e0 grains fins sur la surface du tamis, acc\u00e9l\u00e9rant la s\u00e9paration des min\u00e9raux utiles de plus grande densit\u00e9. Elle augmente \u00e9galement la probabilit\u00e9 que les mat\u00e9riaux inf\u00e9rieurs \u00e0 la taille de particule de s\u00e9paration entrent en contact avec les ouvertures du tamis, permettant ainsi aux particules plus petites que la taille de s\u00e9paration d'\u00eatre en contact avec le tamis. <\/p>\n\n\n\n<p>Le mat\u00e9riau, les particules de densit\u00e9 \u00e9lev\u00e9e et la pulpe min\u00e9rale traversent les mailles pour devenir le produit sous-tamis, r\u00e9alisant ainsi le tamisage.<\/p>\n\n\n<div class=\"gb-container gb-container-d6bbf16a\">\n\n<a class=\"gb-button gb-button-caa3f2bc gb-button-text\" href=\"#popmake-622\">Obtenez un devis gratuit maintenant<\/a>\n\n<\/div>\n<\/div>\n<\/div>\n\n<div class=\"gb-container gb-container-435ad261\">\n<div class=\"gb-container gb-container-7dc79cc4\">\n\n<h2 class=\"gb-headline gb-headline-6fe5dee2 gb-headline-text\">Sp\u00e9cifications du crible \u00e0 haute fr\u00e9quence<\/h2>\n\n\n\n<figure class=\"wp-block-table is-style-stripes\"><table class=\"has-fixed-layout\"><tbody><tr><td><strong>Mod\u00e8le<\/strong><\/td><td><strong>Surface de criblage (\u33a1)<\/strong><\/td><td><strong>Concentration (%)<\/strong><\/td><td><strong>Capacit\u00e9 (t\/h)<\/strong><\/td><td><strong>Puissance (kW)<\/strong><\/td><\/tr><tr><td>GPS-4<\/td><td>4.5<\/td><td>30-40<\/td><td>15-25<\/td><td>0.72<\/td><\/tr><tr><td>GPS-5<\/td><td>5.2<\/td><td>30-40<\/td><td>20-30<\/td><td>1.1<\/td><\/tr><tr><td>GPS-6<\/td><td>6<\/td><td>30-40<\/td><td>24-36<\/td><td>1.5<\/td><\/tr><tr><td>GPS-8<\/td><td>8.1<\/td><td>30-40<\/td><td>32-48<\/td><td>2.2<\/td><\/tr><\/tbody><\/table><\/figure>\n\n\n<div class=\"gb-container gb-container-263d9700\">\n\n<a class=\"gb-button gb-button-a4cbb7be gb-button-text\" href=\"#popmake-622\">Obtenez un devis gratuit maintenant<\/a>\n\n<\/div>\n<\/div>\n<\/div>","protected":false},"excerpt":{"rendered":"<p>High frequency screen Introduction of high frequency screen The high-frequency screen is also called the grading screen. The screening machine is composed of a vibration exciter, slurry distributor, screen frame, frame, suspension spring and screen mesh. The screening machine has high efficiency, small amplitude and high screening frequency. Different from the principle of ordinary screening &#8230; <\/p>\n<p class=\"read-more-container\"><a title=\"4-1. Crible haute fr\u00e9quence\" class=\"read-more button\" href=\"https:\/\/hengxingmachinery.com\/fr\/high-frequency-screen\/#more-2473\" aria-label=\"En savoir plus sur 4-1. High frequency screen\">Lire plus<\/a><\/p>","protected":false},"author":1,"featured_media":0,"parent":0,"menu_order":0,"comment_status":"closed","ping_status":"closed","template":"","meta":{"footnotes":""},"class_list":["post-2473","page","type-page","status-publish"],"yoast_head":"<!-- This site is optimized with the Yoast SEO plugin v27.4 - https:\/\/yoast.com\/product\/yoast-seo-wordpress\/ -->\n<title>4-1. High frequency screen - Hengxing Machinery<\/title>\n<meta name=\"robots\" content=\"index, follow, max-snippet:-1, max-image-preview:large, max-video-preview:-1\" \/>\n<link rel=\"canonical\" href=\"https:\/\/hengxingmachinery.com\/fr\/high-frequency-screen\/\" \/>\n<meta property=\"og:locale\" content=\"fr_FR\" \/>\n<meta property=\"og:type\" content=\"article\" \/>\n<meta property=\"og:title\" content=\"4-1. High frequency screen - Hengxing Machinery\" \/>\n<meta property=\"og:description\" content=\"High frequency screen Introduction of high frequency screen The high-frequency screen is also called the grading screen. The screening machine is composed of a vibration exciter, slurry distributor, screen frame, frame, suspension spring and screen mesh. The screening machine has high efficiency, small amplitude and high screening frequency. Different from the principle of ordinary screening ... Lire plus\" \/>\n<meta property=\"og:url\" content=\"https:\/\/hengxingmachinery.com\/fr\/high-frequency-screen\/\" \/>\n<meta property=\"og:site_name\" content=\"Hengxing Machinery\" \/>\n<meta property=\"article:modified_time\" content=\"2025-03-21T07:34:38+00:00\" \/>\n<meta property=\"og:image\" content=\"https:\/\/hengxingmachinery.com\/wp-content\/uploads\/2025\/03\/high-frequency-screens.jpg\" \/>\n<meta name=\"twitter:card\" content=\"summary_large_image\" \/>\n<meta name=\"twitter:label1\" content=\"Dur\u00e9e de lecture estim\u00e9e\" \/>\n\t<meta name=\"twitter:data1\" content=\"3 minutes\" \/>\n<script type=\"application\/ld+json\" class=\"yoast-schema-graph\">{\"@context\":\"https:\\\/\\\/schema.org\",\"@graph\":[{\"@type\":\"WebPage\",\"@id\":\"https:\\\/\\\/hengxingmachinery.com\\\/high-frequency-screen\\\/\",\"url\":\"https:\\\/\\\/hengxingmachinery.com\\\/high-frequency-screen\\\/\",\"name\":\"4-1. High frequency screen - Hengxing Machinery\",\"isPartOf\":{\"@id\":\"https:\\\/\\\/hengxingmachinery.com\\\/#website\"},\"primaryImageOfPage\":{\"@id\":\"https:\\\/\\\/hengxingmachinery.com\\\/high-frequency-screen\\\/#primaryimage\"},\"image\":{\"@id\":\"https:\\\/\\\/hengxingmachinery.com\\\/high-frequency-screen\\\/#primaryimage\"},\"thumbnailUrl\":\"https:\\\/\\\/hengxingmachinery.com\\\/wp-content\\\/uploads\\\/2025\\\/03\\\/high-frequency-screens.jpg\",\"datePublished\":\"2025-03-21T07:34:37+00:00\",\"dateModified\":\"2025-03-21T07:34:38+00:00\",\"breadcrumb\":{\"@id\":\"https:\\\/\\\/hengxingmachinery.com\\\/high-frequency-screen\\\/#breadcrumb\"},\"inLanguage\":\"fr-FR\",\"potentialAction\":[{\"@type\":\"ReadAction\",\"target\":[\"https:\\\/\\\/hengxingmachinery.com\\\/high-frequency-screen\\\/\"]}]},{\"@type\":\"ImageObject\",\"inLanguage\":\"fr-FR\",\"@id\":\"https:\\\/\\\/hengxingmachinery.com\\\/high-frequency-screen\\\/#primaryimage\",\"url\":\"https:\\\/\\\/hengxingmachinery.com\\\/wp-content\\\/uploads\\\/2025\\\/03\\\/high-frequency-screens.jpg\",\"contentUrl\":\"https:\\\/\\\/hengxingmachinery.com\\\/wp-content\\\/uploads\\\/2025\\\/03\\\/high-frequency-screens.jpg\"},{\"@type\":\"BreadcrumbList\",\"@id\":\"https:\\\/\\\/hengxingmachinery.com\\\/high-frequency-screen\\\/#breadcrumb\",\"itemListElement\":[{\"@type\":\"ListItem\",\"position\":1,\"name\":\"Home\",\"item\":\"https:\\\/\\\/hengxingmachinery.com\\\/\"},{\"@type\":\"ListItem\",\"position\":2,\"name\":\"4-1. High frequency screen\"}]},{\"@type\":\"WebSite\",\"@id\":\"https:\\\/\\\/hengxingmachinery.com\\\/#website\",\"url\":\"https:\\\/\\\/hengxingmachinery.com\\\/\",\"name\":\"Hengxing Machinery\",\"description\":\"Leading Manufacturer of All Sorts of Mining Machinery\",\"publisher\":{\"@id\":\"https:\\\/\\\/hengxingmachinery.com\\\/#organization\"},\"potentialAction\":[{\"@type\":\"SearchAction\",\"target\":{\"@type\":\"EntryPoint\",\"urlTemplate\":\"https:\\\/\\\/hengxingmachinery.com\\\/?s={search_term_string}\"},\"query-input\":{\"@type\":\"PropertyValueSpecification\",\"valueRequired\":true,\"valueName\":\"search_term_string\"}}],\"inLanguage\":\"fr-FR\"},{\"@type\":\"Organization\",\"@id\":\"https:\\\/\\\/hengxingmachinery.com\\\/#organization\",\"name\":\"Hengxing Machinery\",\"url\":\"https:\\\/\\\/hengxingmachinery.com\\\/\",\"logo\":{\"@type\":\"ImageObject\",\"inLanguage\":\"fr-FR\",\"@id\":\"https:\\\/\\\/hengxingmachinery.com\\\/#\\\/schema\\\/logo\\\/image\\\/\",\"url\":\"https:\\\/\\\/hengxingmachinery.com\\\/wp-content\\\/uploads\\\/2024\\\/12\\\/logo.png\",\"contentUrl\":\"https:\\\/\\\/hengxingmachinery.com\\\/wp-content\\\/uploads\\\/2024\\\/12\\\/logo.png\",\"width\":400,\"height\":260,\"caption\":\"Hengxing Machinery\"},\"image\":{\"@id\":\"https:\\\/\\\/hengxingmachinery.com\\\/#\\\/schema\\\/logo\\\/image\\\/\"}}]}<\/script>\n<!-- \/ Yoast SEO plugin. -->","yoast_head_json":{"title":"4-1. Crible haute fr\u00e9quence - Hengxing Machinery","robots":{"index":"index","follow":"follow","max-snippet":"max-snippet:-1","max-image-preview":"max-image-preview:large","max-video-preview":"max-video-preview:-1"},"canonical":"https:\/\/hengxingmachinery.com\/fr\/high-frequency-screen\/","og_locale":"fr_FR","og_type":"article","og_title":"4-1. High frequency screen - Hengxing Machinery","og_description":"High frequency screen Introduction of high frequency screen The high-frequency screen is also called the grading screen. The screening machine is composed of a vibration exciter, slurry distributor, screen frame, frame, suspension spring and screen mesh. The screening machine has high efficiency, small amplitude and high screening frequency. Different from the principle of ordinary screening ... Lire plus","og_url":"https:\/\/hengxingmachinery.com\/fr\/high-frequency-screen\/","og_site_name":"Hengxing Machinery","article_modified_time":"2025-03-21T07:34:38+00:00","og_image":[{"url":"https:\/\/hengxingmachinery.com\/wp-content\/uploads\/2025\/03\/high-frequency-screens.jpg","type":"","width":"","height":""}],"twitter_card":"summary_large_image","twitter_misc":{"Dur\u00e9e de lecture estim\u00e9e":"3 minutes"},"schema":{"@context":"https:\/\/schema.org","@graph":[{"@type":"WebPage","@id":"https:\/\/hengxingmachinery.com\/high-frequency-screen\/","url":"https:\/\/hengxingmachinery.com\/high-frequency-screen\/","name":"4-1. Crible haute fr\u00e9quence - Hengxing Machinery","isPartOf":{"@id":"https:\/\/hengxingmachinery.com\/#website"},"primaryImageOfPage":{"@id":"https:\/\/hengxingmachinery.com\/high-frequency-screen\/#primaryimage"},"image":{"@id":"https:\/\/hengxingmachinery.com\/high-frequency-screen\/#primaryimage"},"thumbnailUrl":"https:\/\/hengxingmachinery.com\/wp-content\/uploads\/2025\/03\/high-frequency-screens.jpg","datePublished":"2025-03-21T07:34:37+00:00","dateModified":"2025-03-21T07:34:38+00:00","breadcrumb":{"@id":"https:\/\/hengxingmachinery.com\/high-frequency-screen\/#breadcrumb"},"inLanguage":"fr-FR","potentialAction":[{"@type":"ReadAction","target":["https:\/\/hengxingmachinery.com\/high-frequency-screen\/"]}]},{"@type":"ImageObject","inLanguage":"fr-FR","@id":"https:\/\/hengxingmachinery.com\/high-frequency-screen\/#primaryimage","url":"https:\/\/hengxingmachinery.com\/wp-content\/uploads\/2025\/03\/high-frequency-screens.jpg","contentUrl":"https:\/\/hengxingmachinery.com\/wp-content\/uploads\/2025\/03\/high-frequency-screens.jpg"},{"@type":"BreadcrumbList","@id":"https:\/\/hengxingmachinery.com\/high-frequency-screen\/#breadcrumb","itemListElement":[{"@type":"ListItem","position":1,"name":"Home","item":"https:\/\/hengxingmachinery.com\/"},{"@type":"ListItem","position":2,"name":"4-1. High frequency screen"}]},{"@type":"WebSite","@id":"https:\/\/hengxingmachinery.com\/#website","url":"https:\/\/hengxingmachinery.com\/","name":"Machines Hengxing","description":"Fabricant leader de toutes sortes de machines mini\u00e8res","publisher":{"@id":"https:\/\/hengxingmachinery.com\/#organization"},"potentialAction":[{"@type":"SearchAction","target":{"@type":"EntryPoint","urlTemplate":"https:\/\/hengxingmachinery.com\/?s={search_term_string}"},"query-input":{"@type":"PropertyValueSpecification","valueRequired":true,"valueName":"search_term_string"}}],"inLanguage":"fr-FR"},{"@type":"Organization","@id":"https:\/\/hengxingmachinery.com\/#organization","name":"Machines Hengxing","url":"https:\/\/hengxingmachinery.com\/","logo":{"@type":"ImageObject","inLanguage":"fr-FR","@id":"https:\/\/hengxingmachinery.com\/#\/schema\/logo\/image\/","url":"https:\/\/hengxingmachinery.com\/wp-content\/uploads\/2024\/12\/logo.png","contentUrl":"https:\/\/hengxingmachinery.com\/wp-content\/uploads\/2024\/12\/logo.png","width":400,"height":260,"caption":"Hengxing Machinery"},"image":{"@id":"https:\/\/hengxingmachinery.com\/#\/schema\/logo\/image\/"}}]}},"_links":{"self":[{"href":"https:\/\/hengxingmachinery.com\/fr\/wp-json\/wp\/v2\/pages\/2473","targetHints":{"allow":["GET"]}}],"collection":[{"href":"https:\/\/hengxingmachinery.com\/fr\/wp-json\/wp\/v2\/pages"}],"about":[{"href":"https:\/\/hengxingmachinery.com\/fr\/wp-json\/wp\/v2\/types\/page"}],"author":[{"embeddable":true,"href":"https:\/\/hengxingmachinery.com\/fr\/wp-json\/wp\/v2\/users\/1"}],"replies":[{"embeddable":true,"href":"https:\/\/hengxingmachinery.com\/fr\/wp-json\/wp\/v2\/comments?post=2473"}],"version-history":[{"count":2,"href":"https:\/\/hengxingmachinery.com\/fr\/wp-json\/wp\/v2\/pages\/2473\/revisions"}],"predecessor-version":[{"id":2523,"href":"https:\/\/hengxingmachinery.com\/fr\/wp-json\/wp\/v2\/pages\/2473\/revisions\/2523"}],"wp:attachment":[{"href":"https:\/\/hengxingmachinery.com\/fr\/wp-json\/wp\/v2\/media?parent=2473"}],"curies":[{"name":"wp","href":"https:\/\/api.w.org\/{rel}","templated":true}]}}