{"id":2532,"date":"2025-03-21T08:42:49","date_gmt":"2025-03-21T08:42:49","guid":{"rendered":"https:\/\/hengxingmachinery.com\/?page_id=2532"},"modified":"2025-03-21T08:45:14","modified_gmt":"2025-03-21T08:45:14","slug":"leaching-tank","status":"publish","type":"page","link":"https:\/\/hengxingmachinery.com\/fr\/leaching-tank\/","title":{"rendered":"4-1. Cuve de lixiviation"},"content":{"rendered":"<div class=\"gb-container gb-container-45165f5a\">\n<div class=\"gb-container gb-container-c2652eb4\">\n\n<h1 class=\"gb-headline gb-headline-62a8b2cc gb-headline-text\">Cuve de lixiviation<\/h1>\n\n<\/div>\n<\/div>\n\n<div class=\"gb-container gb-container-519cf624\">\n<div class=\"gb-container gb-container-71ca071e\">\n<div class=\"gb-grid-wrapper gb-grid-wrapper-8a5f0688\">\n<div class=\"gb-grid-column gb-grid-column-1e99b1c2\"><div class=\"gb-container gb-container-1e99b1c2\">\n\n<figure class=\"gb-block-image gb-block-image-e4eaba54\"><img decoding=\"async\" width=\"665\" height=\"545\" class=\"gb-image gb-image-e4eaba54\" src=\"https:\/\/hengxingmachinery.com\/wp-content\/uploads\/2025\/03\/leaching-tank-for-sale.png\" alt=\"\" title=\"Cuve de lixiviation \u00e0 vendre\" srcset=\"https:\/\/hengxingmachinery.com\/wp-content\/uploads\/2025\/03\/leaching-tank-for-sale.png 665w, https:\/\/hengxingmachinery.com\/wp-content\/uploads\/2025\/03\/leaching-tank-for-sale-300x246.png 300w, https:\/\/hengxingmachinery.com\/wp-content\/uploads\/2025\/03\/leaching-tank-for-sale-15x12.png 15w\" sizes=\"(max-width: 665px) 100vw, 665px\" \/><\/figure>\n\n<\/div><\/div>\n\n<div class=\"gb-grid-column gb-grid-column-bcae065b\"><div class=\"gb-container gb-container-bcae065b\">\n\n<p><strong><mark style=\"background-color:rgba(0, 0, 0, 0)\" class=\"has-inline-color has-global-color-8-color\">Capacit\u00e9 de traitement : <\/mark><\/strong> 6-395 m\u00b3<\/p>\n\n\n\n<p><strong><mark style=\"background-color:rgba(0, 0, 0, 0)\" class=\"has-inline-color has-global-color-8-color\">Domaine d'application :<\/mark><\/strong> La cuve de lixiviation \u00e0 double turbine convient aux op\u00e9rations de m\u00e9lange telles que la lixiviation de l'or et l'adsorption, lorsque la densit\u00e9 est faible, la viscosit\u00e9 est basse, la vitesse de s\u00e9dimentation est lente, la granulom\u00e9trie du minerai est inf\u00e9rieure \u00e0 200 mesh pour plus de 90 %, et la concentration de la pulpe est inf\u00e9rieure \u00e0 45 %.<\/p>\n\n\n\n<p><\/p>\n\n\n\n<p><strong><mark style=\"background-color:rgba(0, 0, 0, 0)\" class=\"has-inline-color has-global-color-8-color\">Am\u00e9liorations du produit :<\/mark><\/strong> Turbine double couche, m\u00e9lange uniforme, faible consommation d'\u00e9nergie ; turbine encapsul\u00e9e, dur\u00e9e de vie longue ; alimentation en air multipoint, a\u00e9ration uniforme.<\/p>\n\n\n<div class=\"gb-container gb-container-256e15f1\">\n\n<a class=\"gb-button gb-button-e8b73d89 gb-button-text\" href=\"#popmake-622\">Obtenez un devis gratuit maintenant<\/a>\n\n<\/div>\n<\/div><\/div>\n<\/div>\n<\/div>\n<\/div>\n\n<div class=\"gb-container gb-container-aee62d46\">\n<div class=\"gb-container gb-container-95f2b668\">\n\n<h2 class=\"gb-headline gb-headline-c2d9453e gb-headline-text\">Caract\u00e9ristiques de la cuve de lixiviation<\/h2>\n\n\n\n<figure class=\"gb-block-image gb-block-image-10dae308\"><img decoding=\"async\" width=\"800\" height=\"600\" class=\"gb-image gb-image-10dae308\" src=\"https:\/\/hengxingmachinery.com\/wp-content\/uploads\/2025\/03\/leaching-tank-supplier.jpg\" alt=\"\" title=\"Fournisseur de cuves de lixiviation\" srcset=\"https:\/\/hengxingmachinery.com\/wp-content\/uploads\/2025\/03\/leaching-tank-supplier.jpg 800w, https:\/\/hengxingmachinery.com\/wp-content\/uploads\/2025\/03\/leaching-tank-supplier-300x225.jpg 300w, https:\/\/hengxingmachinery.com\/wp-content\/uploads\/2025\/03\/leaching-tank-supplier-768x576.jpg 768w, https:\/\/hengxingmachinery.com\/wp-content\/uploads\/2025\/03\/leaching-tank-supplier-16x12.jpg 16w\" sizes=\"(max-width: 800px) 100vw, 800px\" \/><\/figure>\n\n\n\n<p><\/p>\n\n\n\n<p>L'\u00e9coulement du minerai est r\u00e9gulier, la pulpe est uniform\u00e9ment m\u00e9lang\u00e9e et la consommation d'\u00e9nergie est faible.<\/p>\n\n\n\n<p>L'air entre dans la cuve via l'arbre creux de transmission et est agit\u00e9 par les pales, assurant une dispersion uniforme de l'air.<\/p>\n\n\n\n<p>Structure compacte et maintenance pratique.<\/p>\n\n\n\n<p>L'arbre creux assure une ventilation jusqu'\u00e0 l'extr\u00e9mit\u00e9 inf\u00e9rieure ; l'air entre dans la cuve par celui-ci, se disperse uniform\u00e9ment et produit de fines bulles.<\/p>\n\n\n\n<p>Deux nouvelles turbines sont utilis\u00e9es ; le diam\u00e8tre de la turbine dans la cuve de m\u00e9lange est important, la vitesse de rotation est faible et la consommation d'\u00e9nergie pour le m\u00e9lange est r\u00e9duite, ce qui limite l'abrasion du carbone.<\/p>\n\n\n\n<p>L'intensit\u00e9 de m\u00e9lange est mod\u00e9r\u00e9e, et la concentration de la pulpe ainsi que la distribution de finesse dans la cuve sont homog\u00e8nes, am\u00e9liorant ainsi le taux de lixiviation au cyanure et le taux d'adsorption du carbone.<\/p>\n\n\n\n<p>La turbine de la cuve de lixiviation est rev\u00eatue de caoutchouc r\u00e9sistant \u00e0 l'usure, sa vitesse est faible et sa dur\u00e9e de vie est longue.<\/p>\n\n\n<div class=\"gb-container gb-container-6884c2cc\">\n\n<a class=\"gb-button gb-button-70583696 gb-button-text\" href=\"#popmake-622\">Obtenez un devis gratuit maintenant<\/a>\n\n<\/div>\n<\/div>\n<\/div>\n\n<div class=\"gb-container gb-container-ebd718b6\">\n<div class=\"gb-container gb-container-5c75b960\">\n\n<h2 class=\"gb-headline gb-headline-98859344 gb-headline-text\">Principe de fonctionnement de la cuve de lixiviation<\/h2>\n\n\n\n<p>La cuve de lixiviation est agit\u00e9e par la double turbine, cr\u00e9ant un \u00e9coulement du haut vers le bas au centre, une diffusion \u00e0 travers la plaque d'amortissement p\u00e9riph\u00e9rique, et une alimentation en air \u00e0 l'extr\u00e9mit\u00e9 inf\u00e9rieure de l'arbre. L'air se m\u00e9lange \u00e0 la pulpe et circule vers le haut, formant un m\u00e9lange homog\u00e8ne en suspension.<\/p>\n\n\n<div class=\"gb-container gb-container-d6bbf16a\">\n\n<a class=\"gb-button gb-button-caa3f2bc gb-button-text\" href=\"#popmake-622\">Obtenez un devis gratuit maintenant<\/a>\n\n<\/div>\n<\/div>\n<\/div>\n\n<div class=\"gb-container gb-container-435ad261\">\n<div class=\"gb-container gb-container-7dc79cc4\">\n\n<h2 class=\"gb-headline gb-headline-6fe5dee2 gb-headline-text\">Sp\u00e9cifications de la cuve de lixiviation<\/h2>\n\n\n\n<figure class=\"wp-block-table is-style-stripes\"><table class=\"has-fixed-layout\"><tbody><tr><td><strong>Mod\u00e8le<\/strong><\/td><td><strong>Sp\u00e9cifications de la cuve.<br>(D x H) (mm)<\/strong><\/td><td><strong>Volume<br>utile<br>(m\u00b3)<\/strong><\/td><td><strong>Vitesse de rotation de la turbine (tr\/min)<\/strong><\/td><td><strong>Diam\u00e8tre de la turbine (mm)<\/strong><\/td><td><strong>Moteur<br>Mod\u00e8le<\/strong><\/td><td><strong>Moteur<br>Pouvoir<br>(kW)<\/strong><\/td><td><strong>Mod\u00e8le du r\u00e9ducteur<\/strong><\/td><td><strong>Cuve<br>Poids<br>(kg)<\/strong><\/td><td><strong>Total<br>Poids<br>(kg)<\/strong><\/td><\/tr><tr><td>SJ2.0X2.5<\/td><td>2000X2500<\/td><td>7.07<\/td><td>52<\/td><td>909<\/td><td>Y100L1-4<\/td><td>2.2<\/td><td>XLD2.2-4-29<\/td><td>1609<\/td><td>2144<\/td><\/tr><tr><td>SJ2.5X2.5<\/td><td>2500X2500<\/td><td>10.8<\/td><td>43<\/td><td>935<\/td><td>Y112M-4<\/td><td>4<\/td><td>XLD4-5-35<\/td><td>2159<\/td><td>2729<\/td><\/tr><tr><td>SJ2.5X3.15<\/td><td>2500X3150<\/td><td>13.92<\/td><td>52<\/td><td>935<\/td><td>Y100L1-4<\/td><td>2.2<\/td><td>XLD2.2-4-29<\/td><td>2398<\/td><td>3095<\/td><\/tr><tr><td>SJ3.0X3.0<\/td><td>3000X3000<\/td><td>19<\/td><td>43<\/td><td>1130<\/td><td>Y112M-4<\/td><td>4<\/td><td>XLD4-5-35<\/td><td>3480<\/td><td>4583<\/td><\/tr><tr><td>SJ3X3.15<\/td><td>3000X3150<\/td><td>20<\/td><td>43<\/td><td>1130<\/td><td>Y112M-4<\/td><td>4<\/td><td>XLD4-5-35<\/td><td>3480<\/td><td>4160.6<\/td><\/tr><tr><td>SJ3X3.5<\/td><td>3000X3500<\/td><td>22.97<\/td><td>43<\/td><td>1130<\/td><td>Y112M-4<\/td><td>4<\/td><td>XLD4-5-35<\/td><td>3211<\/td><td>4334.6<\/td><\/tr><tr><td>SJ3.15X3.55<\/td><td>3150X3550<\/td><td>25.73<\/td><td>43<\/td><td>1260<\/td><td>Y112M-4<\/td><td>4<\/td><td>XLD4-5-35<\/td><td>3433.5<\/td><td>4322.8<\/td><\/tr><tr><td>SJ3.5X3.5<\/td><td>3500X3500<\/td><td>31.3<\/td><td>52<\/td><td>1310<\/td><td>Y132S-4\/1310<\/td><td>5.5<\/td><td>XLD5.5-5-29<\/td><td>3480<\/td><td>5025<\/td><\/tr><tr><td>SJ3.5X4<\/td><td>3500X4000<\/td><td>35.6<\/td><td>52<\/td><td>1310<\/td><td>Y132S-4\/1310<\/td><td>5.5<\/td><td>XLD5.5-5-29<\/td><td>4230<\/td><td>5429<\/td><\/tr><tr><td>SJ3.55X4.0<\/td><td>3550X4000<\/td><td>36.8<\/td><td>43<\/td><td>1310<\/td><td>Y132S-4\/1310<\/td><td>4<\/td><td>XLD4-5-35<\/td><td>4260<\/td><td>5025<\/td><\/tr><tr><td>SJ3.7X4.2<\/td><td>3700X4200<\/td><td>42<\/td><td>42<\/td><td>1310<\/td><td>Y112M-4<\/td><td>4<\/td><td>XLD4-5-43<\/td><td>5266<\/td><td>6153<\/td><\/tr><tr><td>SJ4.0X4.5<\/td><td>4000 X4500<\/td><td>52.78<\/td><td>35<\/td><td>1750<\/td><td>Y132M-4<\/td><td>7.5<\/td><td>XLD7.5-7-43<\/td><td>6397<\/td><td>7569<\/td><\/tr><tr><td>SJ4.0X6<\/td><td>4000 X6000<\/td><td>71<\/td><td>33<\/td><td>1750<\/td><td>Y160M-4<\/td><td>11<\/td><td>GRF137-Y11-4P-44.65-M4<\/td><td>7681<\/td><td>9200<\/td><\/tr><tr><td>SJ4.5X5.0<\/td><td>4500 X5000<\/td><td>74.75<\/td><td>35<\/td><td>1750<\/td><td>Y132M-4<\/td><td>7.5<\/td><td>XLD7.5-7-43<\/td><td>8614<\/td><td>10864<\/td><\/tr><tr><td>SJ5.0X5.6<\/td><td>5000X5600<\/td><td>104.5<\/td><td>31<\/td><td>2046<\/td><td>Y160M-4<\/td><td>11<\/td><td>XLD11-8-47<\/td><td>8740<\/td><td>14291<\/td><\/tr><tr><td>SJ5.5X6.0<\/td><td>5500X6000<\/td><td>135.42<\/td><td>31<\/td><td>2100<\/td><td>Y160M-4<\/td><td>11<\/td><td>XLD11-8-47<\/td><td>12467<\/td><td>18745<\/td><\/tr><tr><td>SJ6.5X7.0<\/td><td>6500X7000<\/td><td>215<\/td><td>21<\/td><td>2400<\/td><td>Y180L-4<\/td><td>22<\/td><td>GRF147-Y22-4P-70.87<\/td><td>17890<\/td><td>25978<\/td><\/tr><tr><td>SJ7.0X7.5<\/td><td>7000 X7500<\/td><td>269<\/td><td>21<\/td><td>2400<\/td><td>Y200L2-6<\/td><td>22<\/td><td>XLD22-10-47<\/td><td>20505<\/td><td>29030<\/td><\/tr><tr><td>SJ7.5X8.0<\/td><td>7500 X8000<\/td><td>331<\/td><td>23<\/td><td>2900<\/td><td>Y200L2-6<\/td><td>22<\/td><td>BLD7-43-22L<\/td><td>22552<\/td><td>32796<\/td><\/tr><tr><td>SJ8.0X8.5<\/td><td>8000X8500<\/td><td>402<\/td><td>18.5<\/td><td>3300<\/td><td>Y250M-8<\/td><td>30<\/td><td>TPS315-3F<\/td><td>30559.5<\/td><td>42467.3<\/td><\/tr><tr><td>SJ8.5X9.0<\/td><td>8500X9000<\/td><td>480<\/td><td>18.5<\/td><td>3300<\/td><td>Y250M-8<\/td><td>30<\/td><td>TPS315-3F<\/td><td>34130<\/td><td>46623<\/td><\/tr><\/tbody><\/table><\/figure>\n\n\n<div class=\"gb-container gb-container-263d9700\">\n\n<a class=\"gb-button gb-button-a4cbb7be gb-button-text\" href=\"#popmake-622\">Obtenez un devis gratuit maintenant<\/a>\n\n<\/div>\n<\/div>\n<\/div>","protected":false},"excerpt":{"rendered":"<p>Leaching tank Leaching tank features The ore flow moves smoothly, the ore slurry is evenly mixed, and the power consumption is low. The air enters the groove through the hollow shaft of the transmission and is agitated by the blades, and the air is evenly dispersed. Compact structure and convenient maintenance. The hollow shaft is &#8230; <\/p>\n<p class=\"read-more-container\"><a title=\"4-1. Cuve de lixiviation\" class=\"read-more button\" href=\"https:\/\/hengxingmachinery.com\/fr\/leaching-tank\/#more-2532\" aria-label=\"En savoir plus sur 4-1. Leaching tank\">Lire plus<\/a><\/p>","protected":false},"author":1,"featured_media":0,"parent":0,"menu_order":0,"comment_status":"closed","ping_status":"closed","template":"","meta":{"footnotes":""},"class_list":["post-2532","page","type-page","status-publish"],"yoast_head":"<!-- This site is optimized with the Yoast SEO plugin v27.4 - https:\/\/yoast.com\/product\/yoast-seo-wordpress\/ -->\n<title>4-1. Leaching tank - Hengxing Machinery<\/title>\n<meta name=\"robots\" content=\"index, follow, max-snippet:-1, max-image-preview:large, max-video-preview:-1\" \/>\n<link rel=\"canonical\" href=\"https:\/\/hengxingmachinery.com\/fr\/leaching-tank\/\" \/>\n<meta property=\"og:locale\" content=\"fr_FR\" \/>\n<meta property=\"og:type\" content=\"article\" \/>\n<meta property=\"og:title\" content=\"4-1. Leaching tank - Hengxing Machinery\" \/>\n<meta property=\"og:description\" content=\"Leaching tank Leaching tank features The ore flow moves smoothly, the ore slurry is evenly mixed, and the power consumption is low. The air enters the groove through the hollow shaft of the transmission and is agitated by the blades, and the air is evenly dispersed. Compact structure and convenient maintenance. The hollow shaft is ... Lire plus\" \/>\n<meta property=\"og:url\" content=\"https:\/\/hengxingmachinery.com\/fr\/leaching-tank\/\" \/>\n<meta property=\"og:site_name\" content=\"Hengxing Machinery\" \/>\n<meta property=\"article:modified_time\" content=\"2025-03-21T08:45:14+00:00\" \/>\n<meta property=\"og:image\" content=\"https:\/\/hengxingmachinery.com\/wp-content\/uploads\/2025\/03\/leaching-tank-for-sale.png\" \/>\n<meta name=\"twitter:card\" content=\"summary_large_image\" \/>\n<meta name=\"twitter:label1\" content=\"Dur\u00e9e de lecture estim\u00e9e\" \/>\n\t<meta name=\"twitter:data1\" content=\"3 minutes\" \/>\n<script type=\"application\/ld+json\" class=\"yoast-schema-graph\">{\"@context\":\"https:\\\/\\\/schema.org\",\"@graph\":[{\"@type\":\"WebPage\",\"@id\":\"https:\\\/\\\/hengxingmachinery.com\\\/leaching-tank\\\/\",\"url\":\"https:\\\/\\\/hengxingmachinery.com\\\/leaching-tank\\\/\",\"name\":\"4-1. Leaching tank - Hengxing Machinery\",\"isPartOf\":{\"@id\":\"https:\\\/\\\/hengxingmachinery.com\\\/#website\"},\"primaryImageOfPage\":{\"@id\":\"https:\\\/\\\/hengxingmachinery.com\\\/leaching-tank\\\/#primaryimage\"},\"image\":{\"@id\":\"https:\\\/\\\/hengxingmachinery.com\\\/leaching-tank\\\/#primaryimage\"},\"thumbnailUrl\":\"https:\\\/\\\/hengxingmachinery.com\\\/wp-content\\\/uploads\\\/2025\\\/03\\\/leaching-tank-for-sale.png\",\"datePublished\":\"2025-03-21T08:42:49+00:00\",\"dateModified\":\"2025-03-21T08:45:14+00:00\",\"breadcrumb\":{\"@id\":\"https:\\\/\\\/hengxingmachinery.com\\\/leaching-tank\\\/#breadcrumb\"},\"inLanguage\":\"fr-FR\",\"potentialAction\":[{\"@type\":\"ReadAction\",\"target\":[\"https:\\\/\\\/hengxingmachinery.com\\\/leaching-tank\\\/\"]}]},{\"@type\":\"ImageObject\",\"inLanguage\":\"fr-FR\",\"@id\":\"https:\\\/\\\/hengxingmachinery.com\\\/leaching-tank\\\/#primaryimage\",\"url\":\"https:\\\/\\\/hengxingmachinery.com\\\/wp-content\\\/uploads\\\/2025\\\/03\\\/leaching-tank-for-sale.png\",\"contentUrl\":\"https:\\\/\\\/hengxingmachinery.com\\\/wp-content\\\/uploads\\\/2025\\\/03\\\/leaching-tank-for-sale.png\"},{\"@type\":\"BreadcrumbList\",\"@id\":\"https:\\\/\\\/hengxingmachinery.com\\\/leaching-tank\\\/#breadcrumb\",\"itemListElement\":[{\"@type\":\"ListItem\",\"position\":1,\"name\":\"Home\",\"item\":\"https:\\\/\\\/hengxingmachinery.com\\\/\"},{\"@type\":\"ListItem\",\"position\":2,\"name\":\"4-1. Leaching tank\"}]},{\"@type\":\"WebSite\",\"@id\":\"https:\\\/\\\/hengxingmachinery.com\\\/#website\",\"url\":\"https:\\\/\\\/hengxingmachinery.com\\\/\",\"name\":\"Hengxing Machinery\",\"description\":\"Leading Manufacturer of All Sorts of Mining Machinery\",\"publisher\":{\"@id\":\"https:\\\/\\\/hengxingmachinery.com\\\/#organization\"},\"potentialAction\":[{\"@type\":\"SearchAction\",\"target\":{\"@type\":\"EntryPoint\",\"urlTemplate\":\"https:\\\/\\\/hengxingmachinery.com\\\/?s={search_term_string}\"},\"query-input\":{\"@type\":\"PropertyValueSpecification\",\"valueRequired\":true,\"valueName\":\"search_term_string\"}}],\"inLanguage\":\"fr-FR\"},{\"@type\":\"Organization\",\"@id\":\"https:\\\/\\\/hengxingmachinery.com\\\/#organization\",\"name\":\"Hengxing Machinery\",\"url\":\"https:\\\/\\\/hengxingmachinery.com\\\/\",\"logo\":{\"@type\":\"ImageObject\",\"inLanguage\":\"fr-FR\",\"@id\":\"https:\\\/\\\/hengxingmachinery.com\\\/#\\\/schema\\\/logo\\\/image\\\/\",\"url\":\"https:\\\/\\\/hengxingmachinery.com\\\/wp-content\\\/uploads\\\/2024\\\/12\\\/logo.png\",\"contentUrl\":\"https:\\\/\\\/hengxingmachinery.com\\\/wp-content\\\/uploads\\\/2024\\\/12\\\/logo.png\",\"width\":400,\"height\":260,\"caption\":\"Hengxing Machinery\"},\"image\":{\"@id\":\"https:\\\/\\\/hengxingmachinery.com\\\/#\\\/schema\\\/logo\\\/image\\\/\"}}]}<\/script>\n<!-- \/ Yoast SEO plugin. -->","yoast_head_json":{"title":"4-1. Cuve de lixiviation - Hengxing Machinery","robots":{"index":"index","follow":"follow","max-snippet":"max-snippet:-1","max-image-preview":"max-image-preview:large","max-video-preview":"max-video-preview:-1"},"canonical":"https:\/\/hengxingmachinery.com\/fr\/leaching-tank\/","og_locale":"fr_FR","og_type":"article","og_title":"4-1. Leaching tank - Hengxing Machinery","og_description":"Leaching tank Leaching tank features The ore flow moves smoothly, the ore slurry is evenly mixed, and the power consumption is low. The air enters the groove through the hollow shaft of the transmission and is agitated by the blades, and the air is evenly dispersed. Compact structure and convenient maintenance. The hollow shaft is ... Lire plus","og_url":"https:\/\/hengxingmachinery.com\/fr\/leaching-tank\/","og_site_name":"Hengxing Machinery","article_modified_time":"2025-03-21T08:45:14+00:00","og_image":[{"url":"https:\/\/hengxingmachinery.com\/wp-content\/uploads\/2025\/03\/leaching-tank-for-sale.png","type":"","width":"","height":""}],"twitter_card":"summary_large_image","twitter_misc":{"Dur\u00e9e de lecture estim\u00e9e":"3 minutes"},"schema":{"@context":"https:\/\/schema.org","@graph":[{"@type":"WebPage","@id":"https:\/\/hengxingmachinery.com\/leaching-tank\/","url":"https:\/\/hengxingmachinery.com\/leaching-tank\/","name":"4-1. Cuve de lixiviation - Hengxing Machinery","isPartOf":{"@id":"https:\/\/hengxingmachinery.com\/#website"},"primaryImageOfPage":{"@id":"https:\/\/hengxingmachinery.com\/leaching-tank\/#primaryimage"},"image":{"@id":"https:\/\/hengxingmachinery.com\/leaching-tank\/#primaryimage"},"thumbnailUrl":"https:\/\/hengxingmachinery.com\/wp-content\/uploads\/2025\/03\/leaching-tank-for-sale.png","datePublished":"2025-03-21T08:42:49+00:00","dateModified":"2025-03-21T08:45:14+00:00","breadcrumb":{"@id":"https:\/\/hengxingmachinery.com\/leaching-tank\/#breadcrumb"},"inLanguage":"fr-FR","potentialAction":[{"@type":"ReadAction","target":["https:\/\/hengxingmachinery.com\/leaching-tank\/"]}]},{"@type":"ImageObject","inLanguage":"fr-FR","@id":"https:\/\/hengxingmachinery.com\/leaching-tank\/#primaryimage","url":"https:\/\/hengxingmachinery.com\/wp-content\/uploads\/2025\/03\/leaching-tank-for-sale.png","contentUrl":"https:\/\/hengxingmachinery.com\/wp-content\/uploads\/2025\/03\/leaching-tank-for-sale.png"},{"@type":"BreadcrumbList","@id":"https:\/\/hengxingmachinery.com\/leaching-tank\/#breadcrumb","itemListElement":[{"@type":"ListItem","position":1,"name":"Home","item":"https:\/\/hengxingmachinery.com\/"},{"@type":"ListItem","position":2,"name":"4-1. Leaching tank"}]},{"@type":"WebSite","@id":"https:\/\/hengxingmachinery.com\/#website","url":"https:\/\/hengxingmachinery.com\/","name":"Machines Hengxing","description":"Fabricant leader de toutes sortes de machines mini\u00e8res","publisher":{"@id":"https:\/\/hengxingmachinery.com\/#organization"},"potentialAction":[{"@type":"SearchAction","target":{"@type":"EntryPoint","urlTemplate":"https:\/\/hengxingmachinery.com\/?s={search_term_string}"},"query-input":{"@type":"PropertyValueSpecification","valueRequired":true,"valueName":"search_term_string"}}],"inLanguage":"fr-FR"},{"@type":"Organization","@id":"https:\/\/hengxingmachinery.com\/#organization","name":"Machines Hengxing","url":"https:\/\/hengxingmachinery.com\/","logo":{"@type":"ImageObject","inLanguage":"fr-FR","@id":"https:\/\/hengxingmachinery.com\/#\/schema\/logo\/image\/","url":"https:\/\/hengxingmachinery.com\/wp-content\/uploads\/2024\/12\/logo.png","contentUrl":"https:\/\/hengxingmachinery.com\/wp-content\/uploads\/2024\/12\/logo.png","width":400,"height":260,"caption":"Hengxing Machinery"},"image":{"@id":"https:\/\/hengxingmachinery.com\/#\/schema\/logo\/image\/"}}]}},"_links":{"self":[{"href":"https:\/\/hengxingmachinery.com\/fr\/wp-json\/wp\/v2\/pages\/2532","targetHints":{"allow":["GET"]}}],"collection":[{"href":"https:\/\/hengxingmachinery.com\/fr\/wp-json\/wp\/v2\/pages"}],"about":[{"href":"https:\/\/hengxingmachinery.com\/fr\/wp-json\/wp\/v2\/types\/page"}],"author":[{"embeddable":true,"href":"https:\/\/hengxingmachinery.com\/fr\/wp-json\/wp\/v2\/users\/1"}],"replies":[{"embeddable":true,"href":"https:\/\/hengxingmachinery.com\/fr\/wp-json\/wp\/v2\/comments?post=2532"}],"version-history":[{"count":3,"href":"https:\/\/hengxingmachinery.com\/fr\/wp-json\/wp\/v2\/pages\/2532\/revisions"}],"predecessor-version":[{"id":2574,"href":"https:\/\/hengxingmachinery.com\/fr\/wp-json\/wp\/v2\/pages\/2532\/revisions\/2574"}],"wp:attachment":[{"href":"https:\/\/hengxingmachinery.com\/fr\/wp-json\/wp\/v2\/media?parent=2532"}],"curies":[{"name":"wp","href":"https:\/\/api.w.org\/{rel}","templated":true}]}}