{"id":2533,"date":"2025-03-21T08:44:55","date_gmt":"2025-03-21T08:44:55","guid":{"rendered":"https:\/\/hengxingmachinery.com\/?page_id=2533"},"modified":"2025-03-21T08:52:30","modified_gmt":"2025-03-21T08:52:30","slug":"agitation-tank","status":"publish","type":"page","link":"https:\/\/hengxingmachinery.com\/fr\/agitation-tank\/","title":{"rendered":"4-1. Cuve d'agitation"},"content":{"rendered":"<div class=\"gb-container gb-container-45165f5a\">\n<div class=\"gb-container gb-container-c2652eb4\">\n\n<h1 class=\"gb-headline gb-headline-62a8b2cc gb-headline-text\">Cuve d&#039;agitation<\/h1>\n\n<\/div>\n<\/div>\n\n<div class=\"gb-container gb-container-519cf624\">\n<div class=\"gb-container gb-container-71ca071e\">\n<div class=\"gb-grid-wrapper gb-grid-wrapper-8a5f0688\">\n<div class=\"gb-grid-column gb-grid-column-1e99b1c2\"><div class=\"gb-container gb-container-1e99b1c2\">\n\n<figure class=\"gb-block-image gb-block-image-e4eaba54\"><img decoding=\"async\" width=\"665\" height=\"545\" class=\"gb-image gb-image-e4eaba54\" src=\"https:\/\/hengxingmachinery.com\/wp-content\/uploads\/2025\/03\/agitation-tank-for-sale.jpg\" alt=\"\" title=\"cuve d&#039;agitation \u00e0 vendre\" srcset=\"https:\/\/hengxingmachinery.com\/wp-content\/uploads\/2025\/03\/agitation-tank-for-sale.jpg 665w, https:\/\/hengxingmachinery.com\/wp-content\/uploads\/2025\/03\/agitation-tank-for-sale-300x246.jpg 300w, https:\/\/hengxingmachinery.com\/wp-content\/uploads\/2025\/03\/agitation-tank-for-sale-15x12.jpg 15w\" sizes=\"(max-width: 665px) 100vw, 665px\" \/><\/figure>\n\n<\/div><\/div>\n\n<div class=\"gb-grid-column gb-grid-column-bcae065b\"><div class=\"gb-container gb-container-bcae065b\">\n\n<p><\/p>\n\n\n\n<p><strong><mark style=\"background-color:rgba(0, 0, 0, 0)\" class=\"has-inline-color has-global-color-8-color\">Domaine d'application : <\/mark><\/strong><\/p>\n\n\n\n<p>Il est principalement utilis\u00e9 pour m\u00e9langer la pulpe de minerai avant l'op\u00e9ration de flottation, afin que le r\u00e9actif et la pulpe de minerai soient pleinement m\u00e9lang\u00e9s. Il peut \u00e9galement \u00eatre utilis\u00e9 pour le m\u00e9lange de pulpe dans les industries chimiques et des mat\u00e9riaux de construction, les usines de cyanuration, les stations d'\u00e9puration des eaux us\u00e9es et d'autres secteurs industriels.<\/p>\n\n\n\n<p><strong><mark style=\"background-color:rgba(0, 0, 0, 0)\" class=\"has-inline-color has-global-color-8-color\"><strong>Volume effectif (m\u00b3)<\/strong>:<\/mark><\/strong> 0.58-38<\/p>\n\n\n\n<p><strong><mark style=\"background-color:rgba(0, 0, 0, 0)\" class=\"has-inline-color has-global-color-8-color\"><strong>Diam\u00e8tre de la turbine (mm)<\/strong>:<\/mark><\/strong> 255-1000<\/p>\n\n\n<div class=\"gb-container gb-container-256e15f1\">\n\n<a class=\"gb-button gb-button-e8b73d89 gb-button-text\" href=\"#popmake-622\">Obtenez un devis gratuit maintenant<\/a>\n\n<\/div>\n<\/div><\/div>\n<\/div>\n<\/div>\n<\/div>\n\n<div class=\"gb-container gb-container-c0200787\">\n<div class=\"gb-container gb-container-1d97c93d\">\n\n<h2 class=\"gb-headline gb-headline-3d5fa577 gb-headline-text\">Pr\u00e9sentation de la cuve d'agitation<\/h2>\n\n\n\n<figure class=\"gb-block-image gb-block-image-230c53d3\"><img decoding=\"async\" width=\"800\" height=\"500\" class=\"gb-image gb-image-230c53d3\" src=\"https:\/\/hengxingmachinery.com\/wp-content\/uploads\/2025\/03\/agitation-tank-supplier.jpg\" alt=\"\" title=\"fournisseur de cuves d&#039;agitation\" srcset=\"https:\/\/hengxingmachinery.com\/wp-content\/uploads\/2025\/03\/agitation-tank-supplier.jpg 800w, https:\/\/hengxingmachinery.com\/wp-content\/uploads\/2025\/03\/agitation-tank-supplier-300x188.jpg 300w, https:\/\/hengxingmachinery.com\/wp-content\/uploads\/2025\/03\/agitation-tank-supplier-768x480.jpg 768w, https:\/\/hengxingmachinery.com\/wp-content\/uploads\/2025\/03\/agitation-tank-supplier-18x12.jpg 18w\" sizes=\"(max-width: 800px) 100vw, 800px\" \/><\/figure>\n\n\n\n<p><\/p>\n\n\n\n<p>Le crible haute fr\u00e9quence est \u00e9galement appel\u00e9 crible de classement. La machine de criblage est compos\u00e9e d'un excitateur de vibrations, d'un distributeur de pulpe, d'un ch\u00e2ssis de tamis, d'un cadre, d'un ressort de suspension et d'une toile de tamis. La machine de criblage est efficace, avec une faible amplitude et une haute fr\u00e9quence de criblage. <\/p>\n\n\n\n<p>Contrairement au principe des \u00e9quipements de criblage ordinaires, gr\u00e2ce \u00e0 l'utilisation d'une haute fr\u00e9quence, le crible haute fr\u00e9quence d\u00e9truit d'une part la tension superficielle de la pulpe et provoque l'oscillation \u00e0 haute vitesse des mat\u00e9riaux \u00e0 grains fins sur la surface du tamis, acc\u00e9l\u00e9rant ainsi la s\u00e9gr\u00e9gation et la s\u00e9paration des min\u00e9raux utiles \u00e0 haute densit\u00e9 (poids sp\u00e9cifique). <\/p>\n\n\n\n<p>Cet effet augmente la probabilit\u00e9 que les mat\u00e9riaux de taille inf\u00e9rieure \u00e0 la granulom\u00e9trie de s\u00e9paration entrent en contact avec les mailles du tamis. Cela cr\u00e9e de meilleures conditions de s\u00e9paration, permettant aux mat\u00e9riaux plus fins que la granulom\u00e9trie de s\u00e9paration, en particulier les particules lourdes et la pulpe de minerai, de passer \u00e0 travers le tamis et de devenir le produit sous-tamis.<\/p>\n\n\n<div class=\"gb-container gb-container-9eeb6cec\">\n\n<a class=\"gb-button gb-button-d1324b3c gb-button-text\" href=\"#popmake-622\">Obtenez un devis gratuit maintenant<\/a>\n\n<\/div>\n<\/div>\n<\/div>\n\n<div class=\"gb-container gb-container-aee62d46\">\n<div class=\"gb-container gb-container-95f2b668\">\n\n<h2 class=\"gb-headline gb-headline-c2d9453e gb-headline-text\">Caract\u00e9ristiques de la cuve d'agitation<\/h2>\n\n\n\n<p><\/p>\n\n\n\n<p><strong>1. Structure raisonnable<\/strong><\/p>\n\n\n\n<p>La cuve d'agitation a une structure compacte et une bonne \u00e9tanch\u00e9it\u00e9. Un d\u00e9flecteur de cendres est install\u00e9 \u00e0 l'entr\u00e9e de l'alimentation pour emp\u00eacher la remont\u00e9e de bu\u00e9e d'eau.<\/p>\n\n\n\n<p><strong>2. Haute performance de l'\u00e9quipement<\/strong><\/p>\n\n\n\n<p>Pendant le fonctionnement, le taux de cendres r\u00e9siduelles est faible, et la pr\u00e9sence d'un s\u00e9parateur d'eau au fond de la cuve garantit l'absence de zones mortes dans l'\u00e9quipement.<\/p>\n\n\n\n<p><strong>3. Grande capacit\u00e9 de production<\/strong><\/p>\n\n\n\n<p>Le tambour de m\u00e9lange minier est un \u00e9quipement avanc\u00e9, offrant une qualit\u00e9 de produit fini stable, un m\u00e9lange uniforme et une d\u00e9charge rapide.<\/p>\n\n\n<div class=\"gb-container gb-container-6884c2cc\">\n\n<a class=\"gb-button gb-button-70583696 gb-button-text\" href=\"#popmake-622\">Obtenez un devis gratuit maintenant<\/a>\n\n<\/div>\n<\/div>\n<\/div>\n\n<div class=\"gb-container gb-container-ebd718b6\">\n<div class=\"gb-container gb-container-5c75b960\">\n\n<h2 class=\"gb-headline gb-headline-98859344 gb-headline-text\">Principe de fonctionnement de la cuve d'agitation<\/h2>\n\n\n\n<figure class=\"gb-block-image gb-block-image-10dae308\"><img decoding=\"async\" width=\"900\" height=\"500\" class=\"gb-image gb-image-10dae308\" src=\"https:\/\/hengxingmachinery.com\/wp-content\/uploads\/2025\/03\/agitation-tank-working.jpg\" alt=\"\" title=\"fonctionnement de la cuve d&#039;agitation\" srcset=\"https:\/\/hengxingmachinery.com\/wp-content\/uploads\/2025\/03\/agitation-tank-working.jpg 900w, https:\/\/hengxingmachinery.com\/wp-content\/uploads\/2025\/03\/agitation-tank-working-300x167.jpg 300w, https:\/\/hengxingmachinery.com\/wp-content\/uploads\/2025\/03\/agitation-tank-working-768x427.jpg 768w, https:\/\/hengxingmachinery.com\/wp-content\/uploads\/2025\/03\/agitation-tank-working-18x10.jpg 18w\" sizes=\"(max-width: 900px) 100vw, 900px\" \/><\/figure>\n\n\n\n<p>La cuve d'agitation est compos\u00e9e d'un moteur, d'une turbine, d'un stator, d'un roulement et d'autres composants. Une turbine h\u00e9lico\u00efdale radiale \u00e0 circulation, avec un fond plat et un corps cylindrique, est utilis\u00e9e pour la m\u00e9thode de m\u00e9lange m\u00e9canique. Lorsque la cuve d'agitation fonctionne, le moteur entra\u00eene le dispositif de transmission par courroie trap\u00e9zo\u00efdale, qui met la turbine en rotation. <\/p>\n\n\n\n<p>La pulpe et le r\u00e9actif sont pleinement m\u00e9lang\u00e9s sous l'action d'agitation uniforme de la turbine, ce qui augmente le temps de r\u00e9action du r\u00e9actif sur la pulpe, am\u00e9liore la qualit\u00e9 de la r\u00e9action chimique et permet d'obtenir le mat\u00e9riau. Un m\u00e9lange et une agitation suffisants pr\u00e9parent les conditions n\u00e9cessaires \u00e0 l'\u00e9tape suivante de production par la machine de flottation.<\/p>\n\n\n<div class=\"gb-container gb-container-d6bbf16a\">\n\n<a class=\"gb-button gb-button-caa3f2bc gb-button-text\" href=\"#popmake-622\">Obtenez un devis gratuit maintenant<\/a>\n\n<\/div>\n<\/div>\n<\/div>\n\n<div class=\"gb-container gb-container-435ad261\">\n<div class=\"gb-container gb-container-7dc79cc4\">\n\n<h2 class=\"gb-headline gb-headline-6fe5dee2 gb-headline-text\">Sp\u00e9cifications de la cuve d'agitation<\/h2>\n\n\n\n<figure class=\"wp-block-table is-style-stripes\"><table class=\"has-fixed-layout\"><tbody><tr><td><strong>Mod\u00e8le\u00a0<\/strong><\/td><td><strong>Diam\u00e8tre int\u00e9rieur de la cuve<\/strong><br><strong>(mm)<\/strong><\/td><td><strong>Hauteur int\u00e9rieure de la cuve<\/strong><br><strong>(mm)<\/strong><\/td><td><strong>Volume effectif<\/strong><br><strong>(m\u00b3)<\/strong><\/td><td><strong>Vitesse de rotation de la turbine (tr\/min)<\/strong><br><strong>(tr\/min)<\/strong><\/td><td><strong>Diam\u00e8tre de la turbine<\/strong><br><strong>(mm)<\/strong><\/td><td><strong>Mod\u00e8le du moteur<\/strong><\/td><td><strong>Puissance du moteur<\/strong><br><strong>(kW)<\/strong><\/td><td><strong>Dimensions (L x l x H) mm<\/strong><\/td><td><strong>Poids<\/strong><br><strong>(t)<\/strong><\/td><\/tr><tr><td>XB-1000<\/td><td>1000<\/td><td>1000<\/td><td>0.58<\/td><td>530<\/td><td>255<\/td><td>Y100L-6<\/td><td>1.5<\/td><td>1173x1138x1491<\/td><td>1.0<\/td><\/tr><tr><td>XB-1200<\/td><td>1200<\/td><td>1200<\/td><td>1.4<\/td><td>340<\/td><td>400<\/td><td>Y132S-6<\/td><td>2.2<\/td><td>1354x1310x1742<\/td><td>1.1<\/td><\/tr><tr><td>XB-1500<\/td><td>1500<\/td><td>1500<\/td><td>2.2<\/td><td>320<\/td><td>400<\/td><td>Y132S-6<\/td><td>3<\/td><td>1656x1572x2171<\/td><td>1.2<\/td><\/tr><tr><td>XB-2000<\/td><td>2000<\/td><td>2000<\/td><td>5.6<\/td><td>290<\/td><td>550<\/td><td>Y132M2-6<\/td><td>5.5<\/td><td>2380x2162x2850<\/td><td>2.3<\/td><\/tr><tr><td>XB-2500<\/td><td>2500<\/td><td>2500<\/td><td>11.2<\/td><td>280<\/td><td>650<\/td><td>Y180L-6<\/td><td>15<\/td><td>3036x2716x3543<\/td><td>3.4<\/td><\/tr><tr><td>XB-3000<\/td><td>3000<\/td><td>3000<\/td><td>19.1<\/td><td>210<\/td><td>700<\/td><td>Y255S-8<\/td><td>18.5<\/td><td>3604x3216x4250<\/td><td>4.9<\/td><\/tr><tr><td>XB-3550<\/td><td>3550<\/td><td>3550<\/td><td>30<\/td><td>230<\/td><td>850<\/td><td>Y225M-8<\/td><td>22<\/td><td>3940x3766x5386<\/td><td>7.3<\/td><\/tr><tr><td>XB-4500<\/td><td>4550<\/td><td>4500<\/td><td>38<\/td><td>122<\/td><td>1000<\/td><td>Y280M-8<\/td><td>45<\/td><td>4720x4800x6600<\/td><td>9.7<\/td><\/tr><\/tbody><\/table><\/figure>\n\n\n<div class=\"gb-container gb-container-263d9700\">\n\n<a class=\"gb-button gb-button-a4cbb7be gb-button-text\" href=\"#popmake-622\">Obtenez un devis gratuit maintenant<\/a>\n\n<\/div>\n<\/div>\n<\/div>","protected":false},"excerpt":{"rendered":"<p>Agitation tank Introduction of agitation tank The high-frequency screen is also called the grading screen. The screening machine is composed of a vibration exciter, slurry distributor, screen frame, frame, suspension spring and screen mesh. The screening machine has high efficiency, small amplitude and high screening frequency. Different from the principle of ordinary screening equipment, because &#8230; <\/p>\n<p class=\"read-more-container\"><a title=\"4-1. Cuve d&#039;agitation\" class=\"read-more button\" href=\"https:\/\/hengxingmachinery.com\/fr\/agitation-tank\/#more-2533\" aria-label=\"En savoir plus sur 4-1. Agitation tank\">Lire plus<\/a><\/p>","protected":false},"author":1,"featured_media":0,"parent":0,"menu_order":0,"comment_status":"closed","ping_status":"closed","template":"","meta":{"footnotes":""},"class_list":["post-2533","page","type-page","status-publish"],"yoast_head":"<!-- This site is optimized with the Yoast SEO plugin v27.4 - https:\/\/yoast.com\/product\/yoast-seo-wordpress\/ -->\n<title>4-1. Agitation tank - Hengxing Machinery<\/title>\n<meta name=\"robots\" content=\"index, follow, max-snippet:-1, max-image-preview:large, max-video-preview:-1\" \/>\n<link rel=\"canonical\" href=\"https:\/\/hengxingmachinery.com\/fr\/agitation-tank\/\" \/>\n<meta property=\"og:locale\" content=\"fr_FR\" \/>\n<meta property=\"og:type\" content=\"article\" \/>\n<meta property=\"og:title\" content=\"4-1. Agitation tank - Hengxing Machinery\" \/>\n<meta property=\"og:description\" content=\"Agitation tank Introduction of agitation tank The high-frequency screen is also called the grading screen. The screening machine is composed of a vibration exciter, slurry distributor, screen frame, frame, suspension spring and screen mesh. The screening machine has high efficiency, small amplitude and high screening frequency. Different from the principle of ordinary screening equipment, because ... Lire plus\" \/>\n<meta property=\"og:url\" content=\"https:\/\/hengxingmachinery.com\/fr\/agitation-tank\/\" \/>\n<meta property=\"og:site_name\" content=\"Hengxing Machinery\" \/>\n<meta property=\"article:modified_time\" content=\"2025-03-21T08:52:30+00:00\" \/>\n<meta property=\"og:image\" content=\"https:\/\/hengxingmachinery.com\/wp-content\/uploads\/2025\/03\/agitation-tank-for-sale.jpg\" \/>\n<meta name=\"twitter:card\" content=\"summary_large_image\" \/>\n<meta name=\"twitter:label1\" content=\"Dur\u00e9e de lecture estim\u00e9e\" \/>\n\t<meta name=\"twitter:data1\" content=\"3 minutes\" \/>\n<script type=\"application\/ld+json\" class=\"yoast-schema-graph\">{\"@context\":\"https:\\\/\\\/schema.org\",\"@graph\":[{\"@type\":\"WebPage\",\"@id\":\"https:\\\/\\\/hengxingmachinery.com\\\/agitation-tank\\\/\",\"url\":\"https:\\\/\\\/hengxingmachinery.com\\\/agitation-tank\\\/\",\"name\":\"4-1. Agitation tank - Hengxing Machinery\",\"isPartOf\":{\"@id\":\"https:\\\/\\\/hengxingmachinery.com\\\/#website\"},\"primaryImageOfPage\":{\"@id\":\"https:\\\/\\\/hengxingmachinery.com\\\/agitation-tank\\\/#primaryimage\"},\"image\":{\"@id\":\"https:\\\/\\\/hengxingmachinery.com\\\/agitation-tank\\\/#primaryimage\"},\"thumbnailUrl\":\"https:\\\/\\\/hengxingmachinery.com\\\/wp-content\\\/uploads\\\/2025\\\/03\\\/agitation-tank-for-sale.jpg\",\"datePublished\":\"2025-03-21T08:44:55+00:00\",\"dateModified\":\"2025-03-21T08:52:30+00:00\",\"breadcrumb\":{\"@id\":\"https:\\\/\\\/hengxingmachinery.com\\\/agitation-tank\\\/#breadcrumb\"},\"inLanguage\":\"fr-FR\",\"potentialAction\":[{\"@type\":\"ReadAction\",\"target\":[\"https:\\\/\\\/hengxingmachinery.com\\\/agitation-tank\\\/\"]}]},{\"@type\":\"ImageObject\",\"inLanguage\":\"fr-FR\",\"@id\":\"https:\\\/\\\/hengxingmachinery.com\\\/agitation-tank\\\/#primaryimage\",\"url\":\"https:\\\/\\\/hengxingmachinery.com\\\/wp-content\\\/uploads\\\/2025\\\/03\\\/agitation-tank-for-sale.jpg\",\"contentUrl\":\"https:\\\/\\\/hengxingmachinery.com\\\/wp-content\\\/uploads\\\/2025\\\/03\\\/agitation-tank-for-sale.jpg\"},{\"@type\":\"BreadcrumbList\",\"@id\":\"https:\\\/\\\/hengxingmachinery.com\\\/agitation-tank\\\/#breadcrumb\",\"itemListElement\":[{\"@type\":\"ListItem\",\"position\":1,\"name\":\"Home\",\"item\":\"https:\\\/\\\/hengxingmachinery.com\\\/\"},{\"@type\":\"ListItem\",\"position\":2,\"name\":\"4-1. Agitation tank\"}]},{\"@type\":\"WebSite\",\"@id\":\"https:\\\/\\\/hengxingmachinery.com\\\/#website\",\"url\":\"https:\\\/\\\/hengxingmachinery.com\\\/\",\"name\":\"Hengxing Machinery\",\"description\":\"Leading Manufacturer of All Sorts of Mining Machinery\",\"publisher\":{\"@id\":\"https:\\\/\\\/hengxingmachinery.com\\\/#organization\"},\"potentialAction\":[{\"@type\":\"SearchAction\",\"target\":{\"@type\":\"EntryPoint\",\"urlTemplate\":\"https:\\\/\\\/hengxingmachinery.com\\\/?s={search_term_string}\"},\"query-input\":{\"@type\":\"PropertyValueSpecification\",\"valueRequired\":true,\"valueName\":\"search_term_string\"}}],\"inLanguage\":\"fr-FR\"},{\"@type\":\"Organization\",\"@id\":\"https:\\\/\\\/hengxingmachinery.com\\\/#organization\",\"name\":\"Hengxing Machinery\",\"url\":\"https:\\\/\\\/hengxingmachinery.com\\\/\",\"logo\":{\"@type\":\"ImageObject\",\"inLanguage\":\"fr-FR\",\"@id\":\"https:\\\/\\\/hengxingmachinery.com\\\/#\\\/schema\\\/logo\\\/image\\\/\",\"url\":\"https:\\\/\\\/hengxingmachinery.com\\\/wp-content\\\/uploads\\\/2024\\\/12\\\/logo.png\",\"contentUrl\":\"https:\\\/\\\/hengxingmachinery.com\\\/wp-content\\\/uploads\\\/2024\\\/12\\\/logo.png\",\"width\":400,\"height\":260,\"caption\":\"Hengxing Machinery\"},\"image\":{\"@id\":\"https:\\\/\\\/hengxingmachinery.com\\\/#\\\/schema\\\/logo\\\/image\\\/\"}}]}<\/script>\n<!-- \/ Yoast SEO plugin. -->","yoast_head_json":{"title":"4-1. R\u00e9servoir d'agitation - Hengxing Machinery","robots":{"index":"index","follow":"follow","max-snippet":"max-snippet:-1","max-image-preview":"max-image-preview:large","max-video-preview":"max-video-preview:-1"},"canonical":"https:\/\/hengxingmachinery.com\/fr\/agitation-tank\/","og_locale":"fr_FR","og_type":"article","og_title":"4-1. Agitation tank - Hengxing Machinery","og_description":"Agitation tank Introduction of agitation tank The high-frequency screen is also called the grading screen. The screening machine is composed of a vibration exciter, slurry distributor, screen frame, frame, suspension spring and screen mesh. The screening machine has high efficiency, small amplitude and high screening frequency. Different from the principle of ordinary screening equipment, because ... Lire plus","og_url":"https:\/\/hengxingmachinery.com\/fr\/agitation-tank\/","og_site_name":"Hengxing Machinery","article_modified_time":"2025-03-21T08:52:30+00:00","og_image":[{"url":"https:\/\/hengxingmachinery.com\/wp-content\/uploads\/2025\/03\/agitation-tank-for-sale.jpg","type":"","width":"","height":""}],"twitter_card":"summary_large_image","twitter_misc":{"Dur\u00e9e de lecture estim\u00e9e":"3 minutes"},"schema":{"@context":"https:\/\/schema.org","@graph":[{"@type":"WebPage","@id":"https:\/\/hengxingmachinery.com\/agitation-tank\/","url":"https:\/\/hengxingmachinery.com\/agitation-tank\/","name":"4-1. R\u00e9servoir d'agitation - Hengxing Machinery","isPartOf":{"@id":"https:\/\/hengxingmachinery.com\/#website"},"primaryImageOfPage":{"@id":"https:\/\/hengxingmachinery.com\/agitation-tank\/#primaryimage"},"image":{"@id":"https:\/\/hengxingmachinery.com\/agitation-tank\/#primaryimage"},"thumbnailUrl":"https:\/\/hengxingmachinery.com\/wp-content\/uploads\/2025\/03\/agitation-tank-for-sale.jpg","datePublished":"2025-03-21T08:44:55+00:00","dateModified":"2025-03-21T08:52:30+00:00","breadcrumb":{"@id":"https:\/\/hengxingmachinery.com\/agitation-tank\/#breadcrumb"},"inLanguage":"fr-FR","potentialAction":[{"@type":"ReadAction","target":["https:\/\/hengxingmachinery.com\/agitation-tank\/"]}]},{"@type":"ImageObject","inLanguage":"fr-FR","@id":"https:\/\/hengxingmachinery.com\/agitation-tank\/#primaryimage","url":"https:\/\/hengxingmachinery.com\/wp-content\/uploads\/2025\/03\/agitation-tank-for-sale.jpg","contentUrl":"https:\/\/hengxingmachinery.com\/wp-content\/uploads\/2025\/03\/agitation-tank-for-sale.jpg"},{"@type":"BreadcrumbList","@id":"https:\/\/hengxingmachinery.com\/agitation-tank\/#breadcrumb","itemListElement":[{"@type":"ListItem","position":1,"name":"Home","item":"https:\/\/hengxingmachinery.com\/"},{"@type":"ListItem","position":2,"name":"4-1. Agitation tank"}]},{"@type":"WebSite","@id":"https:\/\/hengxingmachinery.com\/#website","url":"https:\/\/hengxingmachinery.com\/","name":"Machines Hengxing","description":"Fabricant leader de toutes sortes de machines mini\u00e8res","publisher":{"@id":"https:\/\/hengxingmachinery.com\/#organization"},"potentialAction":[{"@type":"SearchAction","target":{"@type":"EntryPoint","urlTemplate":"https:\/\/hengxingmachinery.com\/?s={search_term_string}"},"query-input":{"@type":"PropertyValueSpecification","valueRequired":true,"valueName":"search_term_string"}}],"inLanguage":"fr-FR"},{"@type":"Organization","@id":"https:\/\/hengxingmachinery.com\/#organization","name":"Machines Hengxing","url":"https:\/\/hengxingmachinery.com\/","logo":{"@type":"ImageObject","inLanguage":"fr-FR","@id":"https:\/\/hengxingmachinery.com\/#\/schema\/logo\/image\/","url":"https:\/\/hengxingmachinery.com\/wp-content\/uploads\/2024\/12\/logo.png","contentUrl":"https:\/\/hengxingmachinery.com\/wp-content\/uploads\/2024\/12\/logo.png","width":400,"height":260,"caption":"Hengxing Machinery"},"image":{"@id":"https:\/\/hengxingmachinery.com\/#\/schema\/logo\/image\/"}}]}},"_links":{"self":[{"href":"https:\/\/hengxingmachinery.com\/fr\/wp-json\/wp\/v2\/pages\/2533","targetHints":{"allow":["GET"]}}],"collection":[{"href":"https:\/\/hengxingmachinery.com\/fr\/wp-json\/wp\/v2\/pages"}],"about":[{"href":"https:\/\/hengxingmachinery.com\/fr\/wp-json\/wp\/v2\/types\/page"}],"author":[{"embeddable":true,"href":"https:\/\/hengxingmachinery.com\/fr\/wp-json\/wp\/v2\/users\/1"}],"replies":[{"embeddable":true,"href":"https:\/\/hengxingmachinery.com\/fr\/wp-json\/wp\/v2\/comments?post=2533"}],"version-history":[{"count":4,"href":"https:\/\/hengxingmachinery.com\/fr\/wp-json\/wp\/v2\/pages\/2533\/revisions"}],"predecessor-version":[{"id":2583,"href":"https:\/\/hengxingmachinery.com\/fr\/wp-json\/wp\/v2\/pages\/2533\/revisions\/2583"}],"wp:attachment":[{"href":"https:\/\/hengxingmachinery.com\/fr\/wp-json\/wp\/v2\/media?parent=2533"}],"curies":[{"name":"wp","href":"https:\/\/api.w.org\/{rel}","templated":true}]}}