{"id":2534,"date":"2025-03-21T08:46:55","date_gmt":"2025-03-21T08:46:55","guid":{"rendered":"https:\/\/hengxingmachinery.com\/?page_id=2534"},"modified":"2025-03-21T08:46:56","modified_gmt":"2025-03-21T08:46:56","slug":"spiral-chute","status":"publish","type":"page","link":"https:\/\/hengxingmachinery.com\/fr\/spiral-chute\/","title":{"rendered":"4-1. Goulotte en spirale"},"content":{"rendered":"<div class=\"gb-container gb-container-45165f5a\">\n<div class=\"gb-container gb-container-c2652eb4\">\n\n<h1 class=\"gb-headline gb-headline-62a8b2cc gb-headline-text\">Goulotte en spirale<\/h1>\n\n<\/div>\n<\/div>\n\n<div class=\"gb-container gb-container-519cf624\">\n<div class=\"gb-container gb-container-71ca071e\">\n<div class=\"gb-grid-wrapper gb-grid-wrapper-8a5f0688\">\n<div class=\"gb-grid-column gb-grid-column-1e99b1c2\"><div class=\"gb-container gb-container-1e99b1c2\">\n\n<figure class=\"gb-block-image gb-block-image-e4eaba54\"><img decoding=\"async\" width=\"665\" height=\"545\" class=\"gb-image gb-image-e4eaba54\" src=\"https:\/\/hengxingmachinery.com\/wp-content\/uploads\/2025\/03\/spiral-chute-machine.jpg\" alt=\"\" title=\"machine \u00e0 goulotte en spirale\" srcset=\"https:\/\/hengxingmachinery.com\/wp-content\/uploads\/2025\/03\/spiral-chute-machine.jpg 665w, https:\/\/hengxingmachinery.com\/wp-content\/uploads\/2025\/03\/spiral-chute-machine-300x246.jpg 300w, https:\/\/hengxingmachinery.com\/wp-content\/uploads\/2025\/03\/spiral-chute-machine-15x12.jpg 15w\" sizes=\"(max-width: 665px) 100vw, 665px\" \/><\/figure>\n\n<\/div><\/div>\n\n<div class=\"gb-grid-column gb-grid-column-bcae065b\"><div class=\"gb-container gb-container-bcae065b\">\n\n<p>Une goulotte en spirale est le meilleur \u00e9quipement de concentration, particuli\u00e8rement pour la concentration de minerai sableux en bord de mer et de rivi\u00e8re. Elle est fabriqu\u00e9e en fibre de verre rev\u00eatue de polyur\u00e9thane r\u00e9sistant \u00e0 l'usure et d'un recouvrement en corindon. <\/p>\n\n\n\n<p>Ses avantages sont la l\u00e9g\u00e8ret\u00e9, l'\u00e9tanch\u00e9it\u00e9, la r\u00e9sistance \u00e0 la rouille, \u00e0 la corrosion et l'absence de bruit, convenant parfaitement \u00e0 diff\u00e9rentes tailles et grades de particules d'alimentation. Cette machine de s\u00e9paration est un s\u00e9parateur gravim\u00e9trique \u00e0 spirale. <\/p>\n\n\n\n<p>La pulpe produit une force centrifuge inertielle lors du mouvement rotatif, et avec l'aide de la gravit\u00e9 simultan\u00e9ment, cela favorise la zonation des min\u00e9raux l\u00e9gers et lourds dans la goulotte en spirale, et leur \u00e9vacuation continue respective.<\/p>\n\n\n\n<p><strong><mark style=\"background-color:rgba(0, 0, 0, 0)\" class=\"has-inline-color has-global-color-8-color\"><strong>Taille d'alimentation (mm)<\/strong>:<\/mark><\/strong> 0.02-0.4<\/p>\n\n\n\n<p><strong><mark style=\"background-color:rgba(0, 0, 0, 0)\" class=\"has-inline-color has-global-color-8-color\">Capacit\u00e9 de production :<\/mark><\/strong> 0.2-10 t\/h<\/p>\n\n\n<div class=\"gb-container gb-container-256e15f1\">\n\n<a class=\"gb-button gb-button-e8b73d89 gb-button-text\" href=\"#popmake-622\">Obtenez un devis gratuit maintenant<\/a>\n\n<\/div>\n<\/div><\/div>\n<\/div>\n<\/div>\n<\/div>\n\n<div class=\"gb-container gb-container-aee62d46\">\n<div class=\"gb-container gb-container-95f2b668\">\n\n<h2 class=\"gb-headline gb-headline-c2d9453e gb-headline-text\">Caract\u00e9ristiques de la goulotte en spirale<\/h2>\n\n\n\n<figure class=\"gb-block-image gb-block-image-10dae308\"><img decoding=\"async\" width=\"800\" height=\"500\" class=\"gb-image gb-image-10dae308\" src=\"https:\/\/hengxingmachinery.com\/wp-content\/uploads\/2025\/03\/spiral-chute-for-sale.jpg\" alt=\"\" title=\"goulotte en spirale \u00e0 vendre\" srcset=\"https:\/\/hengxingmachinery.com\/wp-content\/uploads\/2025\/03\/spiral-chute-for-sale.jpg 800w, https:\/\/hengxingmachinery.com\/wp-content\/uploads\/2025\/03\/spiral-chute-for-sale-300x188.jpg 300w, https:\/\/hengxingmachinery.com\/wp-content\/uploads\/2025\/03\/spiral-chute-for-sale-768x480.jpg 768w, https:\/\/hengxingmachinery.com\/wp-content\/uploads\/2025\/03\/spiral-chute-for-sale-18x12.jpg 18w\" sizes=\"(max-width: 800px) 100vw, 800px\" \/><\/figure>\n\n\n\n<p><\/p>\n\n\n\n<p>1. Structure raisonnable et faible encombrement.<\/p>\n\n\n\n<p>2. R\u00e9cup\u00e9ration \u00e9lev\u00e9e, haute efficacit\u00e9 et s\u00e9paration pr\u00e9cise.<\/p>\n\n\n\n<p>3. Aucune alimentation en \u00e9nergie requise.<\/p>\n\n\n\n<p>4. L\u00e9ger, anti-corrosion, r\u00e9sistant \u00e0 la rouille et \u00e0 l'usure.<\/p>\n\n\n\n<p>5. Installation simple et besoins de maintenance minimaux.<\/p>\n\n\n\n<p>6. Co\u00fbt d'exploitation faible et longue dur\u00e9e de vie.<\/p>\n\n\n\n<p>7. Fonctionnement fiable n\u00e9cessitant une attention minimale de l'op\u00e9rateur.<\/p>\n\n\n\n<p>8. Forte adaptabilit\u00e9 aux fluctuations du d\u00e9bit d'alimentation, de la densit\u00e9, de la taille et du grade.<\/p>\n\n\n\n<p>9. La surface du corindon cr\u00e9e une forte friction ; l'effet de concentration surpasse celui d'une surface en plastique.<\/p>\n\n\n<div class=\"gb-container gb-container-6884c2cc\">\n\n<a class=\"gb-button gb-button-70583696 gb-button-text\" href=\"#popmake-622\">Obtenez un devis gratuit maintenant<\/a>\n\n<\/div>\n<\/div>\n<\/div>\n\n<div class=\"gb-container gb-container-ebd718b6\">\n<div class=\"gb-container gb-container-5c75b960\">\n\n<h2 class=\"gb-headline gb-headline-98859344 gb-headline-text\">Principe de fonctionnement de la goulotte en spirale<\/h2>\n\n\n\n<p>\u00c9levez la goulotte en spirale et fixez-la en position appropri\u00e9e, la pompe \u00e0 sable transporte le minerai vers l'orifice d'alimentation, en ajoutant de l'eau pour ajuster la concentration de la pulpe. La pulpe tourbillonne naturellement de haut en bas et g\u00e9n\u00e8re une force centrifuge inertielle dans la vitesse d'\u00e9coulement inclin\u00e9 rotatif. Le minerai est s\u00e9par\u00e9 du sable par la gravit\u00e9 et la force centrifuge du tourbillon, selon la diff\u00e9rence de densit\u00e9 sp\u00e9cifique, de granulom\u00e9trie et de forme du minerai. Le concentr\u00e9 s'\u00e9coule dans la tr\u00e9mie \u00e0 concentr\u00e9 et est \u00e9vacu\u00e9 par la canalisation. Les r\u00e9sidus (sables st\u00e9riles) s'\u00e9coulent dans la tr\u00e9mie \u00e0 st\u00e9riles et sont achemin\u00e9s vers le bassin \u00e0 sable par la canalisation, puis \u00e9vacu\u00e9s par la pompe \u00e0 sable pour compl\u00e9ter l'ensemble du processus de valorisation.<\/p>\n\n\n<div class=\"gb-container gb-container-d6bbf16a\">\n\n<a class=\"gb-button gb-button-caa3f2bc gb-button-text\" href=\"#popmake-622\">Obtenez un devis gratuit maintenant<\/a>\n\n<\/div>\n<\/div>\n<\/div>\n\n<div class=\"gb-container gb-container-435ad261\">\n<div class=\"gb-container gb-container-7dc79cc4\">\n\n<h2 class=\"gb-headline gb-headline-6fe5dee2 gb-headline-text\">Sp\u00e9cifications de la goulotte en spirale<\/h2>\n\n\n\n<figure class=\"wp-block-table is-style-stripes\"><table class=\"has-fixed-layout\"><tbody><tr><td><strong>Mod\u00e8le<\/strong><\/td><td><strong>5LL-400<\/strong><\/td><td><strong>5LL-600<\/strong><\/td><td><strong>5LL-900<\/strong><\/td><td><strong>5LL-1200<\/strong><\/td><td><strong>5LL-1500<\/strong><\/td><td><strong>5LL-2000<\/strong><\/td><td><\/td><\/tr><tr><td><strong>Diam\u00e8tre de la spirale (mm)<\/strong><\/td><td>400<\/td><td>600<\/td><td>900<\/td><td>1200<\/td><td>1500<\/td><td>2000<\/td><td><\/td><\/tr><tr><td><strong>Pas de vis (mm)<\/strong><\/td><td>240\/180<\/td><td>450\/360<\/td><td>40405<\/td><td>720\/540<\/td><td>900<\/td><td>1200<\/td><td><\/td><\/tr><tr><td><strong>Taux de diam\u00e8tre<\/strong><\/td><td>0.45<\/td><td>0.4<\/td><td>0.4\/0.6<\/td><td>0.6<\/td><td>0.6<\/td><td>0.6<\/td><td><\/td><\/tr><tr><td><strong>Pente (\u00b0)<\/strong><\/td><td>9<\/td><td>9<\/td><td>9<\/td><td>9<\/td><td>9<\/td><td>9<\/td><td><\/td><\/tr><tr><td><strong>Nombre de filets<\/strong><\/td><td>1-2<\/td><td>1-2<\/td><td>2-3<\/td><td>2-4<\/td><td>2-4<\/td><td>2-4<\/td><td><\/td><\/tr><tr><td><strong>Nombre de tours<\/strong><\/td><td>5<\/td><td>5<\/td><td>5<\/td><td>5<\/td><td>5<\/td><td>4<\/td><td><\/td><\/tr><tr><td><strong>Taille d'alimentation (mm)<\/strong><\/td><td>0.02-0.2<\/td><td>0.02-0.2<\/td><td>0.03-0.3<\/td><td>0.03-0.3<\/td><td>0.03-0.3<\/td><td>0.04-0.4<\/td><td><\/td><\/tr><tr><td><strong>Densit\u00e9 d'alimentation (%)<\/strong><\/td><td>25-55<\/td><td>25-55<\/td><td>25-55<\/td><td>25-55<\/td><td>25-55<\/td><td>30-35<\/td><td><\/td><\/tr><tr><td><strong>Capacit\u00e9 (t\/h)<\/strong><\/td><td>0.2-0.5<\/td><td>0.8-1.2<\/td><td>2-3<\/td><td>4-6<\/td><td>6-8<\/td><td>7-10<\/td><td><\/td><\/tr><tr><td><strong>Taille limite<\/strong><strong>L*l*H (mm)<\/strong><strong><\/strong><\/td><td>460*460*1500<\/td><td>700*700*2600<\/td><td>1060*1060*4000<\/td><td>1360*1360*5230<\/td><td>1560*1560*5230<\/td><td>2120*2120*5230<\/td><td><\/td><\/tr><tr><td><strong>Poids (kg)<\/strong><\/td><td>50<\/td><td>150<\/td><td>400<\/td><td>600<\/td><td>800<\/td><td>900<\/td><\/tr><\/tbody><\/table><\/figure>\n\n\n<div class=\"gb-container gb-container-263d9700\">\n\n<a class=\"gb-button gb-button-a4cbb7be gb-button-text\" href=\"#popmake-622\">Obtenez un devis gratuit maintenant<\/a>\n\n<\/div>\n<\/div>\n<\/div>","protected":false},"excerpt":{"rendered":"<p>Spiral chute Spiral chute features 1. Reasonable structure and small occupation area. 2. High recovery, high efficiency, and precise separation. 3. Non-required power. 4. Light in weight, anti-corrosion, rust and wear-resistant. 5. Simple installation and Minimal maintenance requirements. 6. Low operating cost and long working life. 7. Reliable running with minimal operator attention. 8. Strong &#8230; <\/p>\n<p class=\"read-more-container\"><a title=\"4-1. Goulotte en spirale\" class=\"read-more button\" href=\"https:\/\/hengxingmachinery.com\/fr\/spiral-chute\/#more-2534\" aria-label=\"En savoir plus sur 4-1. Spiral chute\">Lire plus<\/a><\/p>","protected":false},"author":1,"featured_media":0,"parent":0,"menu_order":0,"comment_status":"closed","ping_status":"closed","template":"","meta":{"footnotes":""},"class_list":["post-2534","page","type-page","status-publish"],"yoast_head":"<!-- This site is optimized with the Yoast SEO plugin v27.4 - https:\/\/yoast.com\/product\/yoast-seo-wordpress\/ -->\n<title>4-1. Spiral chute - Hengxing Machinery<\/title>\n<meta name=\"robots\" content=\"index, follow, max-snippet:-1, max-image-preview:large, max-video-preview:-1\" \/>\n<link rel=\"canonical\" href=\"https:\/\/hengxingmachinery.com\/fr\/spiral-chute\/\" \/>\n<meta property=\"og:locale\" content=\"fr_FR\" \/>\n<meta property=\"og:type\" content=\"article\" \/>\n<meta property=\"og:title\" content=\"4-1. Spiral chute - Hengxing Machinery\" \/>\n<meta property=\"og:description\" content=\"Spiral chute Spiral chute features 1. Reasonable structure and small occupation area. 2. High recovery, high efficiency, and precise separation. 3. Non-required power. 4. Light in weight, anti-corrosion, rust and wear-resistant. 5. Simple installation and Minimal maintenance requirements. 6. Low operating cost and long working life. 7. Reliable running with minimal operator attention. 8. Strong ... Lire plus\" \/>\n<meta property=\"og:url\" content=\"https:\/\/hengxingmachinery.com\/fr\/spiral-chute\/\" \/>\n<meta property=\"og:site_name\" content=\"Hengxing Machinery\" \/>\n<meta property=\"article:modified_time\" content=\"2025-03-21T08:46:56+00:00\" \/>\n<meta property=\"og:image\" content=\"https:\/\/hengxingmachinery.com\/wp-content\/uploads\/2025\/03\/spiral-chute-machine.jpg\" \/>\n<meta name=\"twitter:card\" content=\"summary_large_image\" \/>\n<meta name=\"twitter:label1\" content=\"Dur\u00e9e de lecture estim\u00e9e\" \/>\n\t<meta name=\"twitter:data1\" content=\"3 minutes\" \/>\n<script type=\"application\/ld+json\" class=\"yoast-schema-graph\">{\"@context\":\"https:\\\/\\\/schema.org\",\"@graph\":[{\"@type\":\"WebPage\",\"@id\":\"https:\\\/\\\/hengxingmachinery.com\\\/spiral-chute\\\/\",\"url\":\"https:\\\/\\\/hengxingmachinery.com\\\/spiral-chute\\\/\",\"name\":\"4-1. Spiral chute - Hengxing Machinery\",\"isPartOf\":{\"@id\":\"https:\\\/\\\/hengxingmachinery.com\\\/#website\"},\"primaryImageOfPage\":{\"@id\":\"https:\\\/\\\/hengxingmachinery.com\\\/spiral-chute\\\/#primaryimage\"},\"image\":{\"@id\":\"https:\\\/\\\/hengxingmachinery.com\\\/spiral-chute\\\/#primaryimage\"},\"thumbnailUrl\":\"https:\\\/\\\/hengxingmachinery.com\\\/wp-content\\\/uploads\\\/2025\\\/03\\\/spiral-chute-machine.jpg\",\"datePublished\":\"2025-03-21T08:46:55+00:00\",\"dateModified\":\"2025-03-21T08:46:56+00:00\",\"breadcrumb\":{\"@id\":\"https:\\\/\\\/hengxingmachinery.com\\\/spiral-chute\\\/#breadcrumb\"},\"inLanguage\":\"fr-FR\",\"potentialAction\":[{\"@type\":\"ReadAction\",\"target\":[\"https:\\\/\\\/hengxingmachinery.com\\\/spiral-chute\\\/\"]}]},{\"@type\":\"ImageObject\",\"inLanguage\":\"fr-FR\",\"@id\":\"https:\\\/\\\/hengxingmachinery.com\\\/spiral-chute\\\/#primaryimage\",\"url\":\"https:\\\/\\\/hengxingmachinery.com\\\/wp-content\\\/uploads\\\/2025\\\/03\\\/spiral-chute-machine.jpg\",\"contentUrl\":\"https:\\\/\\\/hengxingmachinery.com\\\/wp-content\\\/uploads\\\/2025\\\/03\\\/spiral-chute-machine.jpg\"},{\"@type\":\"BreadcrumbList\",\"@id\":\"https:\\\/\\\/hengxingmachinery.com\\\/spiral-chute\\\/#breadcrumb\",\"itemListElement\":[{\"@type\":\"ListItem\",\"position\":1,\"name\":\"Home\",\"item\":\"https:\\\/\\\/hengxingmachinery.com\\\/\"},{\"@type\":\"ListItem\",\"position\":2,\"name\":\"4-1. Spiral chute\"}]},{\"@type\":\"WebSite\",\"@id\":\"https:\\\/\\\/hengxingmachinery.com\\\/#website\",\"url\":\"https:\\\/\\\/hengxingmachinery.com\\\/\",\"name\":\"Hengxing Machinery\",\"description\":\"Leading Manufacturer of All Sorts of Mining Machinery\",\"publisher\":{\"@id\":\"https:\\\/\\\/hengxingmachinery.com\\\/#organization\"},\"potentialAction\":[{\"@type\":\"SearchAction\",\"target\":{\"@type\":\"EntryPoint\",\"urlTemplate\":\"https:\\\/\\\/hengxingmachinery.com\\\/?s={search_term_string}\"},\"query-input\":{\"@type\":\"PropertyValueSpecification\",\"valueRequired\":true,\"valueName\":\"search_term_string\"}}],\"inLanguage\":\"fr-FR\"},{\"@type\":\"Organization\",\"@id\":\"https:\\\/\\\/hengxingmachinery.com\\\/#organization\",\"name\":\"Hengxing Machinery\",\"url\":\"https:\\\/\\\/hengxingmachinery.com\\\/\",\"logo\":{\"@type\":\"ImageObject\",\"inLanguage\":\"fr-FR\",\"@id\":\"https:\\\/\\\/hengxingmachinery.com\\\/#\\\/schema\\\/logo\\\/image\\\/\",\"url\":\"https:\\\/\\\/hengxingmachinery.com\\\/wp-content\\\/uploads\\\/2024\\\/12\\\/logo.png\",\"contentUrl\":\"https:\\\/\\\/hengxingmachinery.com\\\/wp-content\\\/uploads\\\/2024\\\/12\\\/logo.png\",\"width\":400,\"height\":260,\"caption\":\"Hengxing Machinery\"},\"image\":{\"@id\":\"https:\\\/\\\/hengxingmachinery.com\\\/#\\\/schema\\\/logo\\\/image\\\/\"}}]}<\/script>\n<!-- \/ Yoast SEO plugin. -->","yoast_head_json":{"title":"4-1. Goulotte en spirale - Hengxing Machinery","robots":{"index":"index","follow":"follow","max-snippet":"max-snippet:-1","max-image-preview":"max-image-preview:large","max-video-preview":"max-video-preview:-1"},"canonical":"https:\/\/hengxingmachinery.com\/fr\/spiral-chute\/","og_locale":"fr_FR","og_type":"article","og_title":"4-1. Spiral chute - Hengxing Machinery","og_description":"Spiral chute Spiral chute features 1. Reasonable structure and small occupation area. 2. High recovery, high efficiency, and precise separation. 3. Non-required power. 4. Light in weight, anti-corrosion, rust and wear-resistant. 5. Simple installation and Minimal maintenance requirements. 6. Low operating cost and long working life. 7. Reliable running with minimal operator attention. 8. Strong ... Lire plus","og_url":"https:\/\/hengxingmachinery.com\/fr\/spiral-chute\/","og_site_name":"Hengxing Machinery","article_modified_time":"2025-03-21T08:46:56+00:00","og_image":[{"url":"https:\/\/hengxingmachinery.com\/wp-content\/uploads\/2025\/03\/spiral-chute-machine.jpg","type":"","width":"","height":""}],"twitter_card":"summary_large_image","twitter_misc":{"Dur\u00e9e de lecture estim\u00e9e":"3 minutes"},"schema":{"@context":"https:\/\/schema.org","@graph":[{"@type":"WebPage","@id":"https:\/\/hengxingmachinery.com\/spiral-chute\/","url":"https:\/\/hengxingmachinery.com\/spiral-chute\/","name":"4-1. Goulotte en spirale - Hengxing Machinery","isPartOf":{"@id":"https:\/\/hengxingmachinery.com\/#website"},"primaryImageOfPage":{"@id":"https:\/\/hengxingmachinery.com\/spiral-chute\/#primaryimage"},"image":{"@id":"https:\/\/hengxingmachinery.com\/spiral-chute\/#primaryimage"},"thumbnailUrl":"https:\/\/hengxingmachinery.com\/wp-content\/uploads\/2025\/03\/spiral-chute-machine.jpg","datePublished":"2025-03-21T08:46:55+00:00","dateModified":"2025-03-21T08:46:56+00:00","breadcrumb":{"@id":"https:\/\/hengxingmachinery.com\/spiral-chute\/#breadcrumb"},"inLanguage":"fr-FR","potentialAction":[{"@type":"ReadAction","target":["https:\/\/hengxingmachinery.com\/spiral-chute\/"]}]},{"@type":"ImageObject","inLanguage":"fr-FR","@id":"https:\/\/hengxingmachinery.com\/spiral-chute\/#primaryimage","url":"https:\/\/hengxingmachinery.com\/wp-content\/uploads\/2025\/03\/spiral-chute-machine.jpg","contentUrl":"https:\/\/hengxingmachinery.com\/wp-content\/uploads\/2025\/03\/spiral-chute-machine.jpg"},{"@type":"BreadcrumbList","@id":"https:\/\/hengxingmachinery.com\/spiral-chute\/#breadcrumb","itemListElement":[{"@type":"ListItem","position":1,"name":"Home","item":"https:\/\/hengxingmachinery.com\/"},{"@type":"ListItem","position":2,"name":"4-1. Spiral chute"}]},{"@type":"WebSite","@id":"https:\/\/hengxingmachinery.com\/#website","url":"https:\/\/hengxingmachinery.com\/","name":"Machines Hengxing","description":"Fabricant leader de toutes sortes de machines mini\u00e8res","publisher":{"@id":"https:\/\/hengxingmachinery.com\/#organization"},"potentialAction":[{"@type":"SearchAction","target":{"@type":"EntryPoint","urlTemplate":"https:\/\/hengxingmachinery.com\/?s={search_term_string}"},"query-input":{"@type":"PropertyValueSpecification","valueRequired":true,"valueName":"search_term_string"}}],"inLanguage":"fr-FR"},{"@type":"Organization","@id":"https:\/\/hengxingmachinery.com\/#organization","name":"Machines Hengxing","url":"https:\/\/hengxingmachinery.com\/","logo":{"@type":"ImageObject","inLanguage":"fr-FR","@id":"https:\/\/hengxingmachinery.com\/#\/schema\/logo\/image\/","url":"https:\/\/hengxingmachinery.com\/wp-content\/uploads\/2024\/12\/logo.png","contentUrl":"https:\/\/hengxingmachinery.com\/wp-content\/uploads\/2024\/12\/logo.png","width":400,"height":260,"caption":"Hengxing Machinery"},"image":{"@id":"https:\/\/hengxingmachinery.com\/#\/schema\/logo\/image\/"}}]}},"_links":{"self":[{"href":"https:\/\/hengxingmachinery.com\/fr\/wp-json\/wp\/v2\/pages\/2534","targetHints":{"allow":["GET"]}}],"collection":[{"href":"https:\/\/hengxingmachinery.com\/fr\/wp-json\/wp\/v2\/pages"}],"about":[{"href":"https:\/\/hengxingmachinery.com\/fr\/wp-json\/wp\/v2\/types\/page"}],"author":[{"embeddable":true,"href":"https:\/\/hengxingmachinery.com\/fr\/wp-json\/wp\/v2\/users\/1"}],"replies":[{"embeddable":true,"href":"https:\/\/hengxingmachinery.com\/fr\/wp-json\/wp\/v2\/comments?post=2534"}],"version-history":[{"count":5,"href":"https:\/\/hengxingmachinery.com\/fr\/wp-json\/wp\/v2\/pages\/2534\/revisions"}],"predecessor-version":[{"id":2576,"href":"https:\/\/hengxingmachinery.com\/fr\/wp-json\/wp\/v2\/pages\/2534\/revisions\/2576"}],"wp:attachment":[{"href":"https:\/\/hengxingmachinery.com\/fr\/wp-json\/wp\/v2\/media?parent=2534"}],"curies":[{"name":"wp","href":"https:\/\/api.w.org\/{rel}","templated":true}]}}