{"id":2535,"date":"2025-03-21T08:48:47","date_gmt":"2025-03-21T08:48:47","guid":{"rendered":"https:\/\/hengxingmachinery.com\/?page_id=2535"},"modified":"2025-03-21T08:54:20","modified_gmt":"2025-03-21T08:54:20","slug":"thickeners","status":"publish","type":"page","link":"https:\/\/hengxingmachinery.com\/fr\/thickeners\/","title":{"rendered":"4-1. \u00c9paississeur"},"content":{"rendered":"<div class=\"gb-container gb-container-45165f5a\">\n<div class=\"gb-container gb-container-c2652eb4\">\n\n<h1 class=\"gb-headline gb-headline-62a8b2cc gb-headline-text\">\u00c9paississant<\/h1>\n\n<\/div>\n<\/div>\n\n<div class=\"gb-container gb-container-519cf624\">\n<div class=\"gb-container gb-container-71ca071e\">\n<div class=\"gb-grid-wrapper gb-grid-wrapper-8a5f0688\">\n<div class=\"gb-grid-column gb-grid-column-1e99b1c2\"><div class=\"gb-container gb-container-1e99b1c2\">\n\n<figure class=\"gb-block-image gb-block-image-e4eaba54\"><img decoding=\"async\" width=\"665\" height=\"545\" class=\"gb-image gb-image-e4eaba54\" src=\"https:\/\/hengxingmachinery.com\/wp-content\/uploads\/2025\/03\/thickener-for-sale.jpg\" alt=\"\" title=\"\u00e9paississeur \u00e0 vendre\" srcset=\"https:\/\/hengxingmachinery.com\/wp-content\/uploads\/2025\/03\/thickener-for-sale.jpg 665w, https:\/\/hengxingmachinery.com\/wp-content\/uploads\/2025\/03\/thickener-for-sale-300x246.jpg 300w, https:\/\/hengxingmachinery.com\/wp-content\/uploads\/2025\/03\/thickener-for-sale-15x12.jpg 15w\" sizes=\"(max-width: 665px) 100vw, 665px\" \/><\/figure>\n\n<\/div><\/div>\n\n<div class=\"gb-grid-column gb-grid-column-bcae065b\"><div class=\"gb-container gb-container-bcae065b\">\n\n<p><\/p>\n\n\n\n<p><strong><mark style=\"background-color:rgba(0, 0, 0, 0)\" class=\"has-inline-color has-global-color-8-color\">Mat\u00e9riaux applicables :<\/mark><\/strong> Mati\u00e8res charbonneuses, boues de minerai, eaux us\u00e9es, r\u00e9sidus industriels, etc.<\/p>\n\n\n\n<p><strong><mark style=\"background-color:rgba(0, 0, 0, 0)\" class=\"has-inline-color has-global-color-8-color\">Domaine d'application : <\/mark><\/strong>Convient au traitement de d\u00e9shydratation des concentr\u00e9s et r\u00e9sidus dans les secteurs de la m\u00e9tallurgie, de la chimie, du charbon, du traitement des min\u00e9raux non m\u00e9talliques, de la protection de l'environnement, ainsi que dans les usines de traitement des minerais.<\/p>\n\n\n\n<p><\/p>\n\n\n\n<p><strong><mark style=\"background-color:rgba(0, 0, 0, 0)\" class=\"has-inline-color has-global-color-8-color\"><strong>Capacit\u00e9 (t\/j)<\/strong>:<\/mark><\/strong> 5-1400<\/p>\n\n\n<div class=\"gb-container gb-container-256e15f1\">\n\n<a class=\"gb-button gb-button-e8b73d89 gb-button-text\" href=\"#popmake-622\">Obtenez un devis gratuit maintenant<\/a>\n\n<\/div>\n<\/div><\/div>\n<\/div>\n<\/div>\n<\/div>\n\n<div class=\"gb-container gb-container-c0200787\">\n<div class=\"gb-container gb-container-1d97c93d\">\n\n<h2 class=\"gb-headline gb-headline-3d5fa577 gb-headline-text\">Pr\u00e9sentation de l'\u00e9paississeur<\/h2>\n\n\n\n<figure class=\"gb-block-image gb-block-image-230c53d3\"><img decoding=\"async\" width=\"800\" height=\"500\" class=\"gb-image gb-image-230c53d3\" src=\"https:\/\/hengxingmachinery.com\/wp-content\/uploads\/2025\/03\/thickener-supplier.jpg\" alt=\"\" title=\"fournisseur d&#039;\u00e9paississeur\" srcset=\"https:\/\/hengxingmachinery.com\/wp-content\/uploads\/2025\/03\/thickener-supplier.jpg 800w, https:\/\/hengxingmachinery.com\/wp-content\/uploads\/2025\/03\/thickener-supplier-300x188.jpg 300w, https:\/\/hengxingmachinery.com\/wp-content\/uploads\/2025\/03\/thickener-supplier-768x480.jpg 768w, https:\/\/hengxingmachinery.com\/wp-content\/uploads\/2025\/03\/thickener-supplier-18x12.jpg 18w\" sizes=\"(max-width: 800px) 100vw, 800px\" \/><\/figure>\n\n\n\n<p><\/p>\n\n\n\n<p>Les \u00e9paississeurs (\u00e9paississeurs \u00e0 haut rendement) sont largement utilis\u00e9s dans le traitement des boues, des eaux us\u00e9es et des r\u00e9sidus industriels dans les secteurs de la m\u00e9tallurgie, des mines, du charbon, de la chimie, des mat\u00e9riaux de construction et de la protection de l'environnement. Ils rev\u00eatent une grande importance pour am\u00e9liorer le taux d'utilisation de l'eau de recyclage, la concentration du transport des sous-flots et la protection de l'environnement. <\/p>\n\n\n\n<p>Mais en r\u00e9alit\u00e9, l'\u00e9paississeur \u00e0 haut rendement n'est pas un simple \u00e9quipement de s\u00e9dimentation, mais un nouvel \u00e9quipement de d\u00e9shydratation combinant les caract\u00e9ristiques de filtration de la couche de boue.<\/p>\n\n\n<div class=\"gb-container gb-container-9eeb6cec\">\n\n<a class=\"gb-button gb-button-d1324b3c gb-button-text\" href=\"#popmake-622\">Obtenez un devis gratuit maintenant<\/a>\n\n<\/div>\n<\/div>\n<\/div>\n\n<div class=\"gb-container gb-container-aee62d46\">\n<div class=\"gb-container gb-container-95f2b668\">\n\n<h2 class=\"gb-headline gb-headline-c2d9453e gb-headline-text\">Caract\u00e9ristiques de l'\u00e9paississeur<\/h2>\n\n\n\n<figure class=\"gb-block-image gb-block-image-10dae308\"><img decoding=\"async\" width=\"500\" height=\"400\" class=\"gb-image gb-image-10dae308\" src=\"https:\/\/hengxingmachinery.com\/wp-content\/uploads\/2025\/03\/thickener-price.png\" alt=\"\" title=\"prix de l&#039;\u00e9paississeur\" srcset=\"https:\/\/hengxingmachinery.com\/wp-content\/uploads\/2025\/03\/thickener-price.png 500w, https:\/\/hengxingmachinery.com\/wp-content\/uploads\/2025\/03\/thickener-price-300x240.png 300w, https:\/\/hengxingmachinery.com\/wp-content\/uploads\/2025\/03\/thickener-price-15x12.png 15w\" sizes=\"(max-width: 500px) 100vw, 500px\" \/><\/figure>\n\n\n\n<p><\/p>\n\n\n\n<p>La principale caract\u00e9ristique de l'\u00e9paississeur (\u00e9paississeur \u00e0 haut rendement) est l'ajout d'une certaine quantit\u00e9 de floculant dans la pulpe \u00e0 \u00e9paissir, permettant aux particules de minerai de former des flocs, d'acc\u00e9l\u00e9rer leur vitesse de s\u00e9dimentation et ainsi d'am\u00e9liorer l'efficacit\u00e9 de la concentration. <\/p>\n\n\n\n<p>Les \u00e9paississeurs (\u00e9paississeurs \u00e0 haut rendement) sont g\u00e9n\u00e9ralement compos\u00e9s d'une cuve d'\u00e9paississement, d'un ch\u00e2ssis, d'un dispositif d'entra\u00eenement, d'un dispositif de levage du ch\u00e2ssis, d'un dispositif d'alimentation, d'un dispositif de d\u00e9charge et d'un dispositif de s\u00e9curit\u00e9 et de signalisation.<\/p>\n\n\n\n<p>1. Ajout de floculant pour augmenter la granulom\u00e9trie des particules solides s\u00e9diment\u00e9es, acc\u00e9l\u00e9rant ainsi la vitesse de s\u00e9dimentation ;<\/p>\n\n\n\n<p>2. Installation de plaques inclin\u00e9es pour r\u00e9duire la distance de s\u00e9dimentation des particules de minerai et augmenter la surface de s\u00e9dimentation ;<\/p>\n\n\n\n<p>3. R\u00f4le de floculation, filtration, compression et augmentation de la capacit\u00e9 de traitement de la couche dense des s\u00e9diments boueux ;<\/p>\n\n\n\n<p>4. \u00c9quip\u00e9 de dispositifs de contr\u00f4le automatique complets.<\/p>\n\n\n<div class=\"gb-container gb-container-6884c2cc\">\n\n<a class=\"gb-button gb-button-70583696 gb-button-text\" href=\"#popmake-622\">Obtenez un devis gratuit maintenant<\/a>\n\n<\/div>\n<\/div>\n<\/div>\n\n<div class=\"gb-container gb-container-ebd718b6\">\n<div class=\"gb-container gb-container-5c75b960\">\n\n<h2 class=\"gb-headline gb-headline-98859344 gb-headline-text\">Principe de fonctionnement de l'\u00e9paississeur<\/h2>\n\n\n\n<p>La machine de tamisage d\u00e9truit la tension superficielle de la pulpe et provoque l'oscillation \u00e0 haute vitesse des mat\u00e9riaux \u00e0 grains fins sur la surface du tamis, acc\u00e9l\u00e9rant la s\u00e9paration des min\u00e9raux utiles de densit\u00e9 plus \u00e9lev\u00e9e. <\/p>\n\n\n\n<p>Elle augmente \u00e9galement la probabilit\u00e9 que les mat\u00e9riaux de taille inf\u00e9rieure \u00e0 la granulom\u00e9trie de s\u00e9paration entrent en contact avec les mailles du tamis, permettant ainsi aux particules plus fines d'\u00eatre en contact avec le tamis.<\/p>\n\n\n\n<p>Le mat\u00e9riau, les particules de densit\u00e9 \u00e9lev\u00e9e et la pulpe min\u00e9rale traversent les mailles pour devenir le produit sous-tamis, r\u00e9alisant ainsi le tamisage.<\/p>\n\n\n<div class=\"gb-container gb-container-d6bbf16a\">\n\n<a class=\"gb-button gb-button-caa3f2bc gb-button-text\" href=\"#popmake-622\">Obtenez un devis gratuit maintenant<\/a>\n\n<\/div>\n<\/div>\n<\/div>\n\n<div class=\"gb-container gb-container-435ad261\">\n<div class=\"gb-container gb-container-7dc79cc4\">\n\n<h2 class=\"gb-headline gb-headline-6fe5dee2 gb-headline-text\">Sp\u00e9cifications de l'\u00e9paississeur<\/h2>\n\n\n\n<figure class=\"wp-block-table is-style-stripes\"><table class=\"has-fixed-layout\"><tbody><tr><td><strong>Mod\u00e8le<\/strong><\/td><td><strong>Diam\u00e8tre de la cuve<br>(mm)<\/strong><\/td><td><strong>Profondeur de la cuve<br>(mm)<\/strong><\/td><td><strong>Surface de s\u00e9dimentation<br>(m<sup>2<\/sup>)<\/strong><\/td><td><strong>Capacit\u00e9<br>(t\/j)<\/strong><\/td><td><strong>Mod\u00e8le du moteur<\/strong><\/td><td><strong>Puissance du moteur<br>(kW)<\/strong><\/td><td><strong>Poids de la cuve en acier<br>(kg)<\/strong><\/td><td><strong>Poids<br>(kg)<\/strong><\/td><\/tr><tr><td>NZSG-2.5<\/td><td>2500<\/td><td>1850<\/td><td>4.9<\/td><td>5-22.4<\/td><td>Y90L-6<\/td><td>1.1<\/td><td>1000<\/td><td>2225<\/td><\/tr><tr><td>NZSG-3A<\/td><td>3000<\/td><td>1800<\/td><td>7<\/td><td>5-23.3<\/td><td>Y100L-6<\/td><td>1.5<\/td><td>1664<\/td><td>3168<\/td><\/tr><tr><td>NZSG-3<\/td><td>3600<\/td><td>1800<\/td><td>10.2<\/td><td>5-28.5<\/td><td>Y100L-6<\/td><td>1.5<\/td><td>2097<\/td><td>3680<\/td><\/tr><tr><td>NZSG-5<\/td><td>5000<\/td><td>2956<\/td><td>16<\/td><td>16-90<\/td><td>Y90L-4<\/td><td>1.5<\/td><td>5160<\/td><td>7908<\/td><\/tr><tr><td>NZSG-6<\/td><td>6000<\/td><td>2956<\/td><td>28.3<\/td><td>98<\/td><td>Y90L-4<\/td><td>1.5<\/td><td>5769<\/td><td>8772<\/td><\/tr><tr><td>NZSG-7<\/td><td>7000<\/td><td>3000<\/td><td>38.5<\/td><td>140<\/td><td>Y112M-6<\/td><td>2.2<\/td><td>8800<\/td><td>13862<\/td><\/tr><tr><td>NZSG-8<\/td><td>8000<\/td><td>3318<\/td><td>50.2<\/td><td>185<\/td><td>Y132S-6<\/td><td>3<\/td><td>12966<\/td><td>19158<\/td><\/tr><tr><td>NZSG-9<\/td><td>9000<\/td><td>3376<\/td><td>63<\/td><td>210<\/td><td>Y132S-6<\/td><td>3<\/td><td>15418<\/td><td>21733<\/td><\/tr><tr><td>NZSG-12<\/td><td>12000<\/td><td>3600<\/td><td>113<\/td><td>370<\/td><td>Y132S-6<\/td><td>3<\/td><td>25589<\/td><td>34823<\/td><\/tr><tr><td>NZSG-15<\/td><td>15000<\/td><td>4000<\/td><td>176<\/td><td>580<\/td><td>Y132S-4<\/td><td>5.5<\/td><td>35800<\/td><td>54315<\/td><\/tr><tr><td>NZSG-18<\/td><td>18000<\/td><td>4400<\/td><td>255<\/td><td>960<\/td><td>YCT200-4B<\/td><td>7.5<\/td><td>52485<\/td><td>73588<\/td><\/tr><tr><td>NZSG-20<\/td><td>20000<\/td><td>4400<\/td><td>315<\/td><td>1400<\/td><td>YCT200-4B<\/td><td>7.5<\/td><td>59365<\/td><td>76312<\/td><\/tr><\/tbody><\/table><\/figure>\n\n\n<div class=\"gb-container gb-container-263d9700\">\n\n<a class=\"gb-button gb-button-a4cbb7be gb-button-text\" href=\"#popmake-622\">Obtenez un devis gratuit maintenant<\/a>\n\n<\/div>\n<\/div>\n<\/div>","protected":false},"excerpt":{"rendered":"<p>Introduction de l'\u00e9paississeur <\/p>\n<p class=\"read-more-container\"><a title=\"4-1. \u00c9paississeur\" class=\"read-more button\" href=\"https:\/\/hengxingmachinery.com\/fr\/thickeners\/#more-2535\" aria-label=\"En savoir plus sur 4-1. \u00c9paississeur\">Lire plus<\/a><\/p>","protected":false},"author":1,"featured_media":0,"parent":0,"menu_order":0,"comment_status":"closed","ping_status":"closed","template":"","meta":{"footnotes":""},"class_list":["post-2535","page","type-page","status-publish"],"yoast_head":"<!-- This site is optimized with the Yoast SEO plugin v27.4 - https:\/\/yoast.com\/product\/yoast-seo-wordpress\/ -->\n<title>4-1. Thickener - Hengxing Machinery<\/title>\n<meta name=\"robots\" content=\"index, follow, max-snippet:-1, max-image-preview:large, max-video-preview:-1\" \/>\n<link rel=\"canonical\" href=\"https:\/\/hengxingmachinery.com\/fr\/thickeners\/\" \/>\n<meta property=\"og:locale\" content=\"fr_FR\" \/>\n<meta property=\"og:type\" content=\"article\" \/>\n<meta property=\"og:title\" content=\"4-1. Thickener - Hengxing Machinery\" \/>\n<meta property=\"og:description\" content=\"Thickener Introduction of thickener Thickeners (high-efficiency thickeners) are widely used in the treatment of sludge, wastewater, and waste residues in metallurgy, mining, coal, chemical, building materials, environmental protection and other sectors, and are of great significance for improving the utilization rate of backwater and the concentration of underflow transportation and protecting the environment. But in ... Lire plus\" \/>\n<meta property=\"og:url\" content=\"https:\/\/hengxingmachinery.com\/fr\/thickeners\/\" \/>\n<meta property=\"og:site_name\" content=\"Hengxing Machinery\" \/>\n<meta property=\"article:modified_time\" content=\"2025-03-21T08:54:20+00:00\" \/>\n<meta property=\"og:image\" content=\"https:\/\/hengxingmachinery.com\/wp-content\/uploads\/2025\/03\/thickener-for-sale.jpg\" \/>\n<meta name=\"twitter:card\" content=\"summary_large_image\" \/>\n<meta name=\"twitter:label1\" content=\"Dur\u00e9e de lecture estim\u00e9e\" \/>\n\t<meta name=\"twitter:data1\" content=\"3 minutes\" \/>\n<script type=\"application\/ld+json\" class=\"yoast-schema-graph\">{\"@context\":\"https:\\\/\\\/schema.org\",\"@graph\":[{\"@type\":\"WebPage\",\"@id\":\"https:\\\/\\\/hengxingmachinery.com\\\/thickeners\\\/\",\"url\":\"https:\\\/\\\/hengxingmachinery.com\\\/thickeners\\\/\",\"name\":\"4-1. Thickener - Hengxing Machinery\",\"isPartOf\":{\"@id\":\"https:\\\/\\\/hengxingmachinery.com\\\/#website\"},\"primaryImageOfPage\":{\"@id\":\"https:\\\/\\\/hengxingmachinery.com\\\/thickeners\\\/#primaryimage\"},\"image\":{\"@id\":\"https:\\\/\\\/hengxingmachinery.com\\\/thickeners\\\/#primaryimage\"},\"thumbnailUrl\":\"https:\\\/\\\/hengxingmachinery.com\\\/wp-content\\\/uploads\\\/2025\\\/03\\\/thickener-for-sale.jpg\",\"datePublished\":\"2025-03-21T08:48:47+00:00\",\"dateModified\":\"2025-03-21T08:54:20+00:00\",\"breadcrumb\":{\"@id\":\"https:\\\/\\\/hengxingmachinery.com\\\/thickeners\\\/#breadcrumb\"},\"inLanguage\":\"fr-FR\",\"potentialAction\":[{\"@type\":\"ReadAction\",\"target\":[\"https:\\\/\\\/hengxingmachinery.com\\\/thickeners\\\/\"]}]},{\"@type\":\"ImageObject\",\"inLanguage\":\"fr-FR\",\"@id\":\"https:\\\/\\\/hengxingmachinery.com\\\/thickeners\\\/#primaryimage\",\"url\":\"https:\\\/\\\/hengxingmachinery.com\\\/wp-content\\\/uploads\\\/2025\\\/03\\\/thickener-for-sale.jpg\",\"contentUrl\":\"https:\\\/\\\/hengxingmachinery.com\\\/wp-content\\\/uploads\\\/2025\\\/03\\\/thickener-for-sale.jpg\"},{\"@type\":\"BreadcrumbList\",\"@id\":\"https:\\\/\\\/hengxingmachinery.com\\\/thickeners\\\/#breadcrumb\",\"itemListElement\":[{\"@type\":\"ListItem\",\"position\":1,\"name\":\"Home\",\"item\":\"https:\\\/\\\/hengxingmachinery.com\\\/\"},{\"@type\":\"ListItem\",\"position\":2,\"name\":\"4-1. Thickener\"}]},{\"@type\":\"WebSite\",\"@id\":\"https:\\\/\\\/hengxingmachinery.com\\\/#website\",\"url\":\"https:\\\/\\\/hengxingmachinery.com\\\/\",\"name\":\"Hengxing Machinery\",\"description\":\"Leading Manufacturer of All Sorts of Mining Machinery\",\"publisher\":{\"@id\":\"https:\\\/\\\/hengxingmachinery.com\\\/#organization\"},\"potentialAction\":[{\"@type\":\"SearchAction\",\"target\":{\"@type\":\"EntryPoint\",\"urlTemplate\":\"https:\\\/\\\/hengxingmachinery.com\\\/?s={search_term_string}\"},\"query-input\":{\"@type\":\"PropertyValueSpecification\",\"valueRequired\":true,\"valueName\":\"search_term_string\"}}],\"inLanguage\":\"fr-FR\"},{\"@type\":\"Organization\",\"@id\":\"https:\\\/\\\/hengxingmachinery.com\\\/#organization\",\"name\":\"Hengxing Machinery\",\"url\":\"https:\\\/\\\/hengxingmachinery.com\\\/\",\"logo\":{\"@type\":\"ImageObject\",\"inLanguage\":\"fr-FR\",\"@id\":\"https:\\\/\\\/hengxingmachinery.com\\\/#\\\/schema\\\/logo\\\/image\\\/\",\"url\":\"https:\\\/\\\/hengxingmachinery.com\\\/wp-content\\\/uploads\\\/2024\\\/12\\\/logo.png\",\"contentUrl\":\"https:\\\/\\\/hengxingmachinery.com\\\/wp-content\\\/uploads\\\/2024\\\/12\\\/logo.png\",\"width\":400,\"height\":260,\"caption\":\"Hengxing Machinery\"},\"image\":{\"@id\":\"https:\\\/\\\/hengxingmachinery.com\\\/#\\\/schema\\\/logo\\\/image\\\/\"}}]}<\/script>\n<!-- \/ Yoast SEO plugin. -->","yoast_head_json":{"title":"4-1. \u00c9paississeur - Hengxing Machinery","robots":{"index":"index","follow":"follow","max-snippet":"max-snippet:-1","max-image-preview":"max-image-preview:large","max-video-preview":"max-video-preview:-1"},"canonical":"https:\/\/hengxingmachinery.com\/fr\/thickeners\/","og_locale":"fr_FR","og_type":"article","og_title":"4-1. Thickener - Hengxing Machinery","og_description":"Thickener Introduction of thickener Thickeners (high-efficiency thickeners) are widely used in the treatment of sludge, wastewater, and waste residues in metallurgy, mining, coal, chemical, building materials, environmental protection and other sectors, and are of great significance for improving the utilization rate of backwater and the concentration of underflow transportation and protecting the environment. But in ... Lire plus","og_url":"https:\/\/hengxingmachinery.com\/fr\/thickeners\/","og_site_name":"Hengxing Machinery","article_modified_time":"2025-03-21T08:54:20+00:00","og_image":[{"url":"https:\/\/hengxingmachinery.com\/wp-content\/uploads\/2025\/03\/thickener-for-sale.jpg","type":"","width":"","height":""}],"twitter_card":"summary_large_image","twitter_misc":{"Dur\u00e9e de lecture estim\u00e9e":"3 minutes"},"schema":{"@context":"https:\/\/schema.org","@graph":[{"@type":"WebPage","@id":"https:\/\/hengxingmachinery.com\/thickeners\/","url":"https:\/\/hengxingmachinery.com\/thickeners\/","name":"4-1. \u00c9paississeur - Hengxing Machinery","isPartOf":{"@id":"https:\/\/hengxingmachinery.com\/#website"},"primaryImageOfPage":{"@id":"https:\/\/hengxingmachinery.com\/thickeners\/#primaryimage"},"image":{"@id":"https:\/\/hengxingmachinery.com\/thickeners\/#primaryimage"},"thumbnailUrl":"https:\/\/hengxingmachinery.com\/wp-content\/uploads\/2025\/03\/thickener-for-sale.jpg","datePublished":"2025-03-21T08:48:47+00:00","dateModified":"2025-03-21T08:54:20+00:00","breadcrumb":{"@id":"https:\/\/hengxingmachinery.com\/thickeners\/#breadcrumb"},"inLanguage":"fr-FR","potentialAction":[{"@type":"ReadAction","target":["https:\/\/hengxingmachinery.com\/thickeners\/"]}]},{"@type":"ImageObject","inLanguage":"fr-FR","@id":"https:\/\/hengxingmachinery.com\/thickeners\/#primaryimage","url":"https:\/\/hengxingmachinery.com\/wp-content\/uploads\/2025\/03\/thickener-for-sale.jpg","contentUrl":"https:\/\/hengxingmachinery.com\/wp-content\/uploads\/2025\/03\/thickener-for-sale.jpg"},{"@type":"BreadcrumbList","@id":"https:\/\/hengxingmachinery.com\/thickeners\/#breadcrumb","itemListElement":[{"@type":"ListItem","position":1,"name":"Home","item":"https:\/\/hengxingmachinery.com\/"},{"@type":"ListItem","position":2,"name":"4-1. Thickener"}]},{"@type":"WebSite","@id":"https:\/\/hengxingmachinery.com\/#website","url":"https:\/\/hengxingmachinery.com\/","name":"Machines Hengxing","description":"Fabricant leader de toutes sortes de machines mini\u00e8res","publisher":{"@id":"https:\/\/hengxingmachinery.com\/#organization"},"potentialAction":[{"@type":"SearchAction","target":{"@type":"EntryPoint","urlTemplate":"https:\/\/hengxingmachinery.com\/?s={search_term_string}"},"query-input":{"@type":"PropertyValueSpecification","valueRequired":true,"valueName":"search_term_string"}}],"inLanguage":"fr-FR"},{"@type":"Organization","@id":"https:\/\/hengxingmachinery.com\/#organization","name":"Machines Hengxing","url":"https:\/\/hengxingmachinery.com\/","logo":{"@type":"ImageObject","inLanguage":"fr-FR","@id":"https:\/\/hengxingmachinery.com\/#\/schema\/logo\/image\/","url":"https:\/\/hengxingmachinery.com\/wp-content\/uploads\/2024\/12\/logo.png","contentUrl":"https:\/\/hengxingmachinery.com\/wp-content\/uploads\/2024\/12\/logo.png","width":400,"height":260,"caption":"Hengxing Machinery"},"image":{"@id":"https:\/\/hengxingmachinery.com\/#\/schema\/logo\/image\/"}}]}},"_links":{"self":[{"href":"https:\/\/hengxingmachinery.com\/fr\/wp-json\/wp\/v2\/pages\/2535","targetHints":{"allow":["GET"]}}],"collection":[{"href":"https:\/\/hengxingmachinery.com\/fr\/wp-json\/wp\/v2\/pages"}],"about":[{"href":"https:\/\/hengxingmachinery.com\/fr\/wp-json\/wp\/v2\/types\/page"}],"author":[{"embeddable":true,"href":"https:\/\/hengxingmachinery.com\/fr\/wp-json\/wp\/v2\/users\/1"}],"replies":[{"embeddable":true,"href":"https:\/\/hengxingmachinery.com\/fr\/wp-json\/wp\/v2\/comments?post=2535"}],"version-history":[{"count":4,"href":"https:\/\/hengxingmachinery.com\/fr\/wp-json\/wp\/v2\/pages\/2535\/revisions"}],"predecessor-version":[{"id":2577,"href":"https:\/\/hengxingmachinery.com\/fr\/wp-json\/wp\/v2\/pages\/2535\/revisions\/2577"}],"wp:attachment":[{"href":"https:\/\/hengxingmachinery.com\/fr\/wp-json\/wp\/v2\/media?parent=2535"}],"curies":[{"name":"wp","href":"https:\/\/api.w.org\/{rel}","templated":true}]}}