{"id":2538,"date":"2025-03-21T08:50:19","date_gmt":"2025-03-21T08:50:19","guid":{"rendered":"https:\/\/hengxingmachinery.com\/?page_id=2538"},"modified":"2025-03-21T08:56:23","modified_gmt":"2025-03-21T08:56:23","slug":"shaking-tables","status":"publish","type":"page","link":"https:\/\/hengxingmachinery.com\/fr\/shaking-tables\/","title":{"rendered":"4-1. Table vibrante"},"content":{"rendered":"<div class=\"gb-container gb-container-45165f5a\">\n<div class=\"gb-container gb-container-c2652eb4\">\n\n<h1 class=\"gb-headline gb-headline-62a8b2cc gb-headline-text\">Table \u00e0 secousses<\/h1>\n\n<\/div>\n<\/div>\n\n<div class=\"gb-container gb-container-519cf624\">\n<div class=\"gb-container gb-container-71ca071e\">\n<div class=\"gb-grid-wrapper gb-grid-wrapper-8a5f0688\">\n<div class=\"gb-grid-column gb-grid-column-1e99b1c2\"><div class=\"gb-container gb-container-1e99b1c2\">\n\n<figure class=\"gb-block-image gb-block-image-e4eaba54\"><img decoding=\"async\" width=\"665\" height=\"545\" class=\"gb-image gb-image-e4eaba54\" src=\"https:\/\/hengxingmachinery.com\/wp-content\/uploads\/2025\/03\/shaking-table-for-sale.jpg\" alt=\"\" title=\"table \u00e0 secousses \u00e0 vendre\" srcset=\"https:\/\/hengxingmachinery.com\/wp-content\/uploads\/2025\/03\/shaking-table-for-sale.jpg 665w, https:\/\/hengxingmachinery.com\/wp-content\/uploads\/2025\/03\/shaking-table-for-sale-300x246.jpg 300w, https:\/\/hengxingmachinery.com\/wp-content\/uploads\/2025\/03\/shaking-table-for-sale-15x12.jpg 15w\" sizes=\"(max-width: 665px) 100vw, 665px\" \/><\/figure>\n\n<\/div><\/div>\n\n<div class=\"gb-grid-column gb-grid-column-bcae065b\"><div class=\"gb-container gb-container-bcae065b\">\n\n<p><\/p>\n\n\n\n<p>La table \u00e0 secousses est l'un des principaux \u00e9quipements de concentration par gravit\u00e9. Elle est non seulement largement utilis\u00e9e pour la s\u00e9paration du tungst\u00e8ne, de l'\u00e9tain, du tantale-niobium et d'autres m\u00e9taux rares ainsi que des minerais de m\u00e9taux pr\u00e9cieux. <\/p>\n\n\n\n<p>Elle est \u00e9galement largement employ\u00e9e pour la s\u00e9paration de l'or, de l'argent, de l'\u00e9tain, du niobium, du tantale, du titane, du baryum, du tungst\u00e8ne, du fer, du chrome, du mangan\u00e8se, du zirconium, du plomb, du zinc, du mercure, du cuivre, de l'aluminium, etc. La plage granulom\u00e9trique efficace de r\u00e9cup\u00e9ration de la table \u00e0 secousses est de 2 \u00e0 0,22 millim\u00e8tres.<\/p>\n\n\n<div class=\"gb-container gb-container-256e15f1\">\n\n<a class=\"gb-button gb-button-e8b73d89 gb-button-text\" href=\"#popmake-622\">Obtenez un devis gratuit maintenant<\/a>\n\n<\/div>\n<\/div><\/div>\n<\/div>\n<\/div>\n<\/div>\n\n<div class=\"gb-container gb-container-c0200787\">\n<div class=\"gb-container gb-container-1d97c93d\">\n\n<h2 class=\"gb-headline gb-headline-3d5fa577 gb-headline-text\">Conceptions de la table \u00e0 secousses<\/h2>\n\n\n\n<figure class=\"gb-block-image gb-block-image-230c53d3\"><img decoding=\"async\" width=\"800\" height=\"500\" class=\"gb-image gb-image-230c53d3\" src=\"https:\/\/hengxingmachinery.com\/wp-content\/uploads\/2025\/03\/shaking-table-supplier.jpg\" alt=\"\" title=\"fournisseur de tables \u00e0 secousses\" srcset=\"https:\/\/hengxingmachinery.com\/wp-content\/uploads\/2025\/03\/shaking-table-supplier.jpg 800w, https:\/\/hengxingmachinery.com\/wp-content\/uploads\/2025\/03\/shaking-table-supplier-300x188.jpg 300w, https:\/\/hengxingmachinery.com\/wp-content\/uploads\/2025\/03\/shaking-table-supplier-768x480.jpg 768w, https:\/\/hengxingmachinery.com\/wp-content\/uploads\/2025\/03\/shaking-table-supplier-18x12.jpg 18w\" sizes=\"(max-width: 800px) 100vw, 800px\" \/><\/figure>\n\n\n\n<p><\/p>\n\n\n\n<p><strong>La table \u00e0 secousses propose trois conceptions de plateaux diff\u00e9rentes :<\/strong><\/p>\n\n\n\n<p>(1) Le plateau pour minerai grossier est con\u00e7u pour r\u00e9cup\u00e9rer des tailles de particules de 0,5 mm \u00e0 2 mm ;<\/p>\n\n\n\n<p>(2) Le plateau pour sable fin est con\u00e7u pour r\u00e9cup\u00e9rer les particules fines dans la plage de 0,074 mm \u00e0 0,5 mm ;<\/p>\n\n\n\n<p>(3) Le plateau pour boue est con\u00e7u pour r\u00e9cup\u00e9rer les particules ultra-fines dans la plage de 0,05 mm \u00e0 0,074 mm.<\/p>\n\n\n<div class=\"gb-container gb-container-9eeb6cec\">\n\n<a class=\"gb-button gb-button-d1324b3c gb-button-text\" href=\"#popmake-622\">Obtenez un devis gratuit maintenant<\/a>\n\n<\/div>\n<\/div>\n<\/div>\n\n<div class=\"gb-container gb-container-ebd718b6\">\n<div class=\"gb-container gb-container-5c75b960\">\n\n<h2 class=\"gb-headline gb-headline-98859344 gb-headline-text\">Principe de fonctionnement de la table \u00e0 secousses<\/h2>\n\n\n\n<p>Le principe de fonctionnement de la table \u00e0 secousses est d'utiliser l'action combin\u00e9e de la diff\u00e9rence de densit\u00e9 des min\u00e9raux tri\u00e9s, du mouvement alternatif de la surface de la table, du flux d'eau oblique transversal et des rainures (ou gorges), pour permettre un \u00e9talement et une stratification du minerai sur la surface, ainsi qu'un zonage en \u00e9ventail. Diff\u00e9rents produits peuvent ainsi \u00eatre obtenus.<\/p>\n\n\n<div class=\"gb-container gb-container-d6bbf16a\">\n\n<a class=\"gb-button gb-button-caa3f2bc gb-button-text\" href=\"#popmake-622\">Obtenez un devis gratuit maintenant<\/a>\n\n<\/div>\n<\/div>\n<\/div>\n\n<div class=\"gb-container gb-container-435ad261\">\n<div class=\"gb-container gb-container-7dc79cc4\">\n\n<h2 class=\"gb-headline gb-headline-6fe5dee2 gb-headline-text\">Sp\u00e9cifications de la table \u00e0 secousses<\/h2>\n\n\n\n<figure class=\"wp-block-table is-style-stripes\"><table class=\"has-fixed-layout\"><tbody><tr><td><strong>R\u00e9f\u00e9rence du mod\u00e8le.<\/strong><\/td><td>6S<\/td><td>Dimensions de la table<\/td><td colspan=\"2\">4520*1850*156mm<\/td><\/tr><tr><td><strong>Course<\/strong><\/td><td>8-36 mm<\/td><td>Puissance du moteur<\/td><td colspan=\"2\">1,1 kW<\/td><\/tr><tr><td><strong>Temps\/min<\/strong><\/td><td>240-380<\/td><td>Dimensions hors-tout<\/td><td colspan=\"2\">5630*1850*900mm<\/td><\/tr><tr><td><strong>Inclinaison lat\u00e9rale<\/strong><\/td><td>0-5\u00b0<\/td><td>Poids de la table<\/td><td colspan=\"2\">650 kg<\/td><\/tr><tr><td><strong>Mati\u00e8re trait\u00e9e<\/strong><\/td><td>Taille d'alimentation<\/td><td>Densit\u00e9 du minerai<\/td><td>Eau de lavage<\/td><td>Capacit\u00e9 (t\/h)<\/td><\/tr><tr><td><strong>Sable grossier<\/strong><\/td><td>2-0,5 mm<\/td><td>10-30%<\/td><td>0,5-3,5 t\/h<\/td><td>1-2.5<\/td><\/tr><tr><td><strong>Sable fin<\/strong><\/td><td>0,5-0,074 mm<\/td><td>10-30%<\/td><td>0,5-3,5 t\/h<\/td><td>0.8-1.2<\/td><\/tr><tr><td><strong>Boue de minerai<\/strong><\/td><td>0,074-0,037 mm<\/td><td>10-30%<\/td><td>0,5-3,5 t\/h<\/td><td>0.3-0.6<\/td><\/tr><\/tbody><\/table><\/figure>\n\n\n<div class=\"gb-container gb-container-263d9700\">\n\n<a class=\"gb-button gb-button-a4cbb7be gb-button-text\" href=\"#popmake-622\">Obtenez un devis gratuit maintenant<\/a>\n\n<\/div>\n<\/div>\n<\/div>","protected":false},"excerpt":{"rendered":"<p>Shaking table Designs of shaking table Shaking table has three different deck designs available: (1) The course ore deck is designed for recovering particle sizes from 0.5 mm to 2 mm; (2) The fine sand deck is designed for recovering fine particles in the range of 0.074 mm to 0.5 mm; (3) The slime deck &#8230; <\/p>\n<p class=\"read-more-container\"><a title=\"4-1. Table vibrante\" class=\"read-more button\" href=\"https:\/\/hengxingmachinery.com\/fr\/shaking-tables\/#more-2538\" aria-label=\"En savoir plus sur 4-1. Shaking table\">Lire plus<\/a><\/p>","protected":false},"author":1,"featured_media":0,"parent":0,"menu_order":0,"comment_status":"closed","ping_status":"closed","template":"","meta":{"footnotes":""},"class_list":["post-2538","page","type-page","status-publish"],"yoast_head":"<!-- This site is optimized with the Yoast SEO plugin v27.4 - https:\/\/yoast.com\/product\/yoast-seo-wordpress\/ -->\n<title>4-1. Shaking table - Hengxing Machinery<\/title>\n<meta name=\"robots\" content=\"index, follow, max-snippet:-1, max-image-preview:large, max-video-preview:-1\" \/>\n<link rel=\"canonical\" href=\"https:\/\/hengxingmachinery.com\/fr\/shaking-tables\/\" \/>\n<meta property=\"og:locale\" content=\"fr_FR\" \/>\n<meta property=\"og:type\" content=\"article\" \/>\n<meta property=\"og:title\" content=\"4-1. Shaking table - Hengxing Machinery\" \/>\n<meta property=\"og:description\" content=\"Shaking table Designs of shaking table Shaking table has three different deck designs available: (1) The course ore deck is designed for recovering particle sizes from 0.5 mm to 2 mm; (2) The fine sand deck is designed for recovering fine particles in the range of 0.074 mm to 0.5 mm; (3) The slime deck ... Lire plus\" \/>\n<meta property=\"og:url\" content=\"https:\/\/hengxingmachinery.com\/fr\/shaking-tables\/\" \/>\n<meta property=\"og:site_name\" content=\"Hengxing Machinery\" \/>\n<meta property=\"article:modified_time\" content=\"2025-03-21T08:56:23+00:00\" \/>\n<meta property=\"og:image\" content=\"https:\/\/hengxingmachinery.com\/wp-content\/uploads\/2025\/03\/shaking-table-for-sale.jpg\" \/>\n<meta name=\"twitter:card\" content=\"summary_large_image\" \/>\n<meta name=\"twitter:label1\" content=\"Dur\u00e9e de lecture estim\u00e9e\" \/>\n\t<meta name=\"twitter:data1\" content=\"2 minutes\" \/>\n<script type=\"application\/ld+json\" class=\"yoast-schema-graph\">{\"@context\":\"https:\\\/\\\/schema.org\",\"@graph\":[{\"@type\":\"WebPage\",\"@id\":\"https:\\\/\\\/hengxingmachinery.com\\\/shaking-tables\\\/\",\"url\":\"https:\\\/\\\/hengxingmachinery.com\\\/shaking-tables\\\/\",\"name\":\"4-1. Shaking table - Hengxing Machinery\",\"isPartOf\":{\"@id\":\"https:\\\/\\\/hengxingmachinery.com\\\/#website\"},\"primaryImageOfPage\":{\"@id\":\"https:\\\/\\\/hengxingmachinery.com\\\/shaking-tables\\\/#primaryimage\"},\"image\":{\"@id\":\"https:\\\/\\\/hengxingmachinery.com\\\/shaking-tables\\\/#primaryimage\"},\"thumbnailUrl\":\"https:\\\/\\\/hengxingmachinery.com\\\/wp-content\\\/uploads\\\/2025\\\/03\\\/shaking-table-for-sale.jpg\",\"datePublished\":\"2025-03-21T08:50:19+00:00\",\"dateModified\":\"2025-03-21T08:56:23+00:00\",\"breadcrumb\":{\"@id\":\"https:\\\/\\\/hengxingmachinery.com\\\/shaking-tables\\\/#breadcrumb\"},\"inLanguage\":\"fr-FR\",\"potentialAction\":[{\"@type\":\"ReadAction\",\"target\":[\"https:\\\/\\\/hengxingmachinery.com\\\/shaking-tables\\\/\"]}]},{\"@type\":\"ImageObject\",\"inLanguage\":\"fr-FR\",\"@id\":\"https:\\\/\\\/hengxingmachinery.com\\\/shaking-tables\\\/#primaryimage\",\"url\":\"https:\\\/\\\/hengxingmachinery.com\\\/wp-content\\\/uploads\\\/2025\\\/03\\\/shaking-table-for-sale.jpg\",\"contentUrl\":\"https:\\\/\\\/hengxingmachinery.com\\\/wp-content\\\/uploads\\\/2025\\\/03\\\/shaking-table-for-sale.jpg\"},{\"@type\":\"BreadcrumbList\",\"@id\":\"https:\\\/\\\/hengxingmachinery.com\\\/shaking-tables\\\/#breadcrumb\",\"itemListElement\":[{\"@type\":\"ListItem\",\"position\":1,\"name\":\"Home\",\"item\":\"https:\\\/\\\/hengxingmachinery.com\\\/\"},{\"@type\":\"ListItem\",\"position\":2,\"name\":\"4-1. Shaking table\"}]},{\"@type\":\"WebSite\",\"@id\":\"https:\\\/\\\/hengxingmachinery.com\\\/#website\",\"url\":\"https:\\\/\\\/hengxingmachinery.com\\\/\",\"name\":\"Hengxing Machinery\",\"description\":\"Leading Manufacturer of All Sorts of Mining Machinery\",\"publisher\":{\"@id\":\"https:\\\/\\\/hengxingmachinery.com\\\/#organization\"},\"potentialAction\":[{\"@type\":\"SearchAction\",\"target\":{\"@type\":\"EntryPoint\",\"urlTemplate\":\"https:\\\/\\\/hengxingmachinery.com\\\/?s={search_term_string}\"},\"query-input\":{\"@type\":\"PropertyValueSpecification\",\"valueRequired\":true,\"valueName\":\"search_term_string\"}}],\"inLanguage\":\"fr-FR\"},{\"@type\":\"Organization\",\"@id\":\"https:\\\/\\\/hengxingmachinery.com\\\/#organization\",\"name\":\"Hengxing Machinery\",\"url\":\"https:\\\/\\\/hengxingmachinery.com\\\/\",\"logo\":{\"@type\":\"ImageObject\",\"inLanguage\":\"fr-FR\",\"@id\":\"https:\\\/\\\/hengxingmachinery.com\\\/#\\\/schema\\\/logo\\\/image\\\/\",\"url\":\"https:\\\/\\\/hengxingmachinery.com\\\/wp-content\\\/uploads\\\/2024\\\/12\\\/logo.png\",\"contentUrl\":\"https:\\\/\\\/hengxingmachinery.com\\\/wp-content\\\/uploads\\\/2024\\\/12\\\/logo.png\",\"width\":400,\"height\":260,\"caption\":\"Hengxing Machinery\"},\"image\":{\"@id\":\"https:\\\/\\\/hengxingmachinery.com\\\/#\\\/schema\\\/logo\\\/image\\\/\"}}]}<\/script>\n<!-- \/ Yoast SEO plugin. -->","yoast_head_json":{"title":"4-1. Table vibrante - Hengxing Machinery","robots":{"index":"index","follow":"follow","max-snippet":"max-snippet:-1","max-image-preview":"max-image-preview:large","max-video-preview":"max-video-preview:-1"},"canonical":"https:\/\/hengxingmachinery.com\/fr\/shaking-tables\/","og_locale":"fr_FR","og_type":"article","og_title":"4-1. Shaking table - Hengxing Machinery","og_description":"Shaking table Designs of shaking table Shaking table has three different deck designs available: (1) The course ore deck is designed for recovering particle sizes from 0.5 mm to 2 mm; (2) The fine sand deck is designed for recovering fine particles in the range of 0.074 mm to 0.5 mm; (3) The slime deck ... Lire plus","og_url":"https:\/\/hengxingmachinery.com\/fr\/shaking-tables\/","og_site_name":"Hengxing Machinery","article_modified_time":"2025-03-21T08:56:23+00:00","og_image":[{"url":"https:\/\/hengxingmachinery.com\/wp-content\/uploads\/2025\/03\/shaking-table-for-sale.jpg","type":"","width":"","height":""}],"twitter_card":"summary_large_image","twitter_misc":{"Dur\u00e9e de lecture estim\u00e9e":"2 minutes"},"schema":{"@context":"https:\/\/schema.org","@graph":[{"@type":"WebPage","@id":"https:\/\/hengxingmachinery.com\/shaking-tables\/","url":"https:\/\/hengxingmachinery.com\/shaking-tables\/","name":"4-1. Table vibrante - Hengxing Machinery","isPartOf":{"@id":"https:\/\/hengxingmachinery.com\/#website"},"primaryImageOfPage":{"@id":"https:\/\/hengxingmachinery.com\/shaking-tables\/#primaryimage"},"image":{"@id":"https:\/\/hengxingmachinery.com\/shaking-tables\/#primaryimage"},"thumbnailUrl":"https:\/\/hengxingmachinery.com\/wp-content\/uploads\/2025\/03\/shaking-table-for-sale.jpg","datePublished":"2025-03-21T08:50:19+00:00","dateModified":"2025-03-21T08:56:23+00:00","breadcrumb":{"@id":"https:\/\/hengxingmachinery.com\/shaking-tables\/#breadcrumb"},"inLanguage":"fr-FR","potentialAction":[{"@type":"ReadAction","target":["https:\/\/hengxingmachinery.com\/shaking-tables\/"]}]},{"@type":"ImageObject","inLanguage":"fr-FR","@id":"https:\/\/hengxingmachinery.com\/shaking-tables\/#primaryimage","url":"https:\/\/hengxingmachinery.com\/wp-content\/uploads\/2025\/03\/shaking-table-for-sale.jpg","contentUrl":"https:\/\/hengxingmachinery.com\/wp-content\/uploads\/2025\/03\/shaking-table-for-sale.jpg"},{"@type":"BreadcrumbList","@id":"https:\/\/hengxingmachinery.com\/shaking-tables\/#breadcrumb","itemListElement":[{"@type":"ListItem","position":1,"name":"Home","item":"https:\/\/hengxingmachinery.com\/"},{"@type":"ListItem","position":2,"name":"4-1. Shaking table"}]},{"@type":"WebSite","@id":"https:\/\/hengxingmachinery.com\/#website","url":"https:\/\/hengxingmachinery.com\/","name":"Machines Hengxing","description":"Fabricant leader de toutes sortes de machines mini\u00e8res","publisher":{"@id":"https:\/\/hengxingmachinery.com\/#organization"},"potentialAction":[{"@type":"SearchAction","target":{"@type":"EntryPoint","urlTemplate":"https:\/\/hengxingmachinery.com\/?s={search_term_string}"},"query-input":{"@type":"PropertyValueSpecification","valueRequired":true,"valueName":"search_term_string"}}],"inLanguage":"fr-FR"},{"@type":"Organization","@id":"https:\/\/hengxingmachinery.com\/#organization","name":"Machines Hengxing","url":"https:\/\/hengxingmachinery.com\/","logo":{"@type":"ImageObject","inLanguage":"fr-FR","@id":"https:\/\/hengxingmachinery.com\/#\/schema\/logo\/image\/","url":"https:\/\/hengxingmachinery.com\/wp-content\/uploads\/2024\/12\/logo.png","contentUrl":"https:\/\/hengxingmachinery.com\/wp-content\/uploads\/2024\/12\/logo.png","width":400,"height":260,"caption":"Hengxing Machinery"},"image":{"@id":"https:\/\/hengxingmachinery.com\/#\/schema\/logo\/image\/"}}]}},"_links":{"self":[{"href":"https:\/\/hengxingmachinery.com\/fr\/wp-json\/wp\/v2\/pages\/2538","targetHints":{"allow":["GET"]}}],"collection":[{"href":"https:\/\/hengxingmachinery.com\/fr\/wp-json\/wp\/v2\/pages"}],"about":[{"href":"https:\/\/hengxingmachinery.com\/fr\/wp-json\/wp\/v2\/types\/page"}],"author":[{"embeddable":true,"href":"https:\/\/hengxingmachinery.com\/fr\/wp-json\/wp\/v2\/users\/1"}],"replies":[{"embeddable":true,"href":"https:\/\/hengxingmachinery.com\/fr\/wp-json\/wp\/v2\/comments?post=2538"}],"version-history":[{"count":4,"href":"https:\/\/hengxingmachinery.com\/fr\/wp-json\/wp\/v2\/pages\/2538\/revisions"}],"predecessor-version":[{"id":2585,"href":"https:\/\/hengxingmachinery.com\/fr\/wp-json\/wp\/v2\/pages\/2538\/revisions\/2585"}],"wp:attachment":[{"href":"https:\/\/hengxingmachinery.com\/fr\/wp-json\/wp\/v2\/media?parent=2538"}],"curies":[{"name":"wp","href":"https:\/\/api.w.org\/{rel}","templated":true}]}}