{"id":2544,"date":"2025-03-21T10:26:20","date_gmt":"2025-03-21T10:26:20","guid":{"rendered":"https:\/\/hengxingmachinery.com\/?page_id=2544"},"modified":"2025-03-21T10:26:21","modified_gmt":"2025-03-21T10:26:21","slug":"stone-crusher-plants","status":"publish","type":"page","link":"https:\/\/hengxingmachinery.com\/fr\/stone-crusher-plants\/","title":{"rendered":"1-1. Installation de concassage de pierres"},"content":{"rendered":"<div class=\"gb-container gb-container-45165f5a\">\n<div class=\"gb-container gb-container-c2652eb4\">\n\n<h1 class=\"gb-headline gb-headline-62a8b2cc gb-headline-text\">Usine de concassage de pierres<\/h1>\n\n<\/div>\n<\/div>\n\n<div class=\"gb-container gb-container-519cf624\">\n<div class=\"gb-container gb-container-71ca071e\">\n<div class=\"gb-grid-wrapper gb-grid-wrapper-8a5f0688\">\n<div class=\"gb-grid-column gb-grid-column-1e99b1c2\"><div class=\"gb-container gb-container-1e99b1c2\">\n\n<figure class=\"gb-block-image gb-block-image-e4eaba54\"><img decoding=\"async\" width=\"665\" height=\"545\" class=\"gb-image gb-image-e4eaba54\" src=\"https:\/\/hengxingmachinery.com\/wp-content\/uploads\/2025\/03\/stone-crusher-plant-major-sale.jpg\" alt=\"\" title=\"installation-de-concassage-vente-principale\" srcset=\"https:\/\/hengxingmachinery.com\/wp-content\/uploads\/2025\/03\/stone-crusher-plant-major-sale.jpg 665w, https:\/\/hengxingmachinery.com\/wp-content\/uploads\/2025\/03\/stone-crusher-plant-major-sale-300x246.jpg 300w, https:\/\/hengxingmachinery.com\/wp-content\/uploads\/2025\/03\/stone-crusher-plant-major-sale-15x12.jpg 15w\" sizes=\"(max-width: 665px) 100vw, 665px\" \/><\/figure>\n\n<\/div><\/div>\n\n<div class=\"gb-grid-column gb-grid-column-bcae065b\"><div class=\"gb-container gb-container-bcae065b\">\n\n<p>Nous pouvons concevoir pour vous des installations de concassage de pierres compl\u00e8tes de 10TPH, 30TPH, 50TPH, 100TPH, 200TPH, 300TPH, 500TPH, 800TPH, 1000TPH.<\/p>\n\n\n\n<p>Selon la taille d'alimentation maximale, le concasseur peut traiter des pierres de 130 \u00e0 1200 mm, mais la taille d'alimentation est li\u00e9e \u00e0 la capacit\u00e9 de production et au co\u00fbt ; seuls les grands concasseurs, qui sont co\u00fbteux, ont une grande taille d'alimentation.<\/p>\n\n\n\n<p>Selon la taille du produit final, notre machine peut produire 0-5 mm, 5-10 mm, 10-15 mm, 15-20 mm, 20-40 mm, 40-80 mm, ou 3\/8, 1\/2, 1\/4, 3\/4, etc., selon vos besoins.<\/p>\n\n\n\n<p>Selon la duret\u00e9 de la pierre, il existe plusieurs types de conception, par exemple : Concasseur \u00e0 m\u00e2choires + concasseur \u00e0 c\u00f4ne, Concasseur \u00e0 m\u00e2choires + concasseur \u00e0 percussion, Concasseur \u00e0 m\u00e2choires + machine \u00e0 sable, concasseur \u00e0 m\u00e2choires + concasseur \u00e0 marteaux, concasseur \u00e0 marteaux + concasseur \u00e0 percussion tertiaire, etc.<\/p>\n\n\n<div class=\"gb-container gb-container-256e15f1\">\n\n<a class=\"gb-button gb-button-e8b73d89 gb-button-text\" href=\"#popmake-622\">Obtenez un devis gratuit maintenant<\/a>\n\n<\/div>\n<\/div><\/div>\n<\/div>\n<\/div>\n<\/div>\n\n<div class=\"gb-container gb-container-3a930c38\">\n<div class=\"gb-container gb-container-8a36e90a\">\n\n<h2 class=\"gb-headline gb-headline-a5d3273c gb-headline-text\">\u00c9quipement principal de l'installation de concassage de pierres :<\/h2>\n\n\n\n<figure class=\"gb-block-image gb-block-image-1c359176\"><img decoding=\"async\" width=\"800\" height=\"500\" class=\"gb-image gb-image-1c359176\" src=\"https:\/\/hengxingmachinery.com\/wp-content\/uploads\/2025\/03\/stone-crusher-plant-working.jpg\" alt=\"\" title=\"installation-de-concassage-fonctionnement\" srcset=\"https:\/\/hengxingmachinery.com\/wp-content\/uploads\/2025\/03\/stone-crusher-plant-working.jpg 800w, https:\/\/hengxingmachinery.com\/wp-content\/uploads\/2025\/03\/stone-crusher-plant-working-300x188.jpg 300w, https:\/\/hengxingmachinery.com\/wp-content\/uploads\/2025\/03\/stone-crusher-plant-working-768x480.jpg 768w, https:\/\/hengxingmachinery.com\/wp-content\/uploads\/2025\/03\/stone-crusher-plant-working-18x12.jpg 18w\" sizes=\"(max-width: 800px) 100vw, 800px\" \/><\/figure>\n\n\n\n<p>1. Alimentateur vibrant : pour alimenter le concasseur \u00e0 m\u00e2choires de mani\u00e8re uniforme et r\u00e9guli\u00e8re.<\/p>\n\n\n\n<p>2. Concasseur \u00e0 m\u00e2choires primaire : r\u00e9duit les grosses pierres en pierres plus petites.<\/p>\n\n\n\n<p>3. Concasseur \u00e0 percussion ou concasseur \u00e0 c\u00f4ne ou concasseur \u00e0 m\u00e2choires secondaire : r\u00e9duit les pierres du concasseur primaire en graviers ou sable plus fins.<\/p>\n\n\n\n<p>4. Crible vibrant circulaire : classe les graviers en diff\u00e9rentes granulom\u00e9tries.<\/p>\n\n\n\n<p>5. Convoyeurs \u00e0 bande : pour le transport des mat\u00e9riaux et la liaison des \u00e9quipements entre eux.<\/p>\n\n\n\n<p>6. Panneau de contr\u00f4le : pour commander les moteurs des \u00e9quipements.<\/p>\n\n\n\n<p>7. Laveuse de sable, machine \u00e0 fabriquer le sable et autres machines peuvent \u00eatre ajout\u00e9es \u00e0 cette ligne pour r\u00e9pondre aux diverses exigences des clients.<\/p>\n\n\n<div class=\"gb-container gb-container-96208927\">\n\n<a class=\"gb-button gb-button-429870c5 gb-button-text\" href=\"#popmake-622\">Obtenez un devis gratuit maintenant<\/a>\n\n<\/div>\n<\/div>\n<\/div>","protected":false},"excerpt":{"rendered":"<p>Stone crusher plant Stone crusher plant main equipment : 1. Vibrating feeder: to feed the jaw crusher evenly and smoothly. 2. Primary jaw crusher, crush large stones to smaller one. 3. Impact crusher or cone crusher or secondary jaw crusher, to crush stones from primary crusher to smaller gravels or sand. 4. Circular Vibrating screen &#8230; <\/p>\n<p class=\"read-more-container\"><a title=\"1-1. Installation de concassage de pierres\" class=\"read-more button\" href=\"https:\/\/hengxingmachinery.com\/fr\/stone-crusher-plants\/#more-2544\" aria-label=\"En savoir plus sur 1-1. Stone crusher plant\">Lire plus<\/a><\/p>","protected":false},"author":1,"featured_media":0,"parent":0,"menu_order":0,"comment_status":"closed","ping_status":"closed","template":"","meta":{"footnotes":""},"class_list":["post-2544","page","type-page","status-publish"],"yoast_head":"<!-- This site is optimized with the Yoast SEO plugin v27.4 - https:\/\/yoast.com\/product\/yoast-seo-wordpress\/ -->\n<title>1-1. Stone crusher plant - Hengxing Machinery<\/title>\n<meta name=\"robots\" content=\"index, follow, max-snippet:-1, max-image-preview:large, max-video-preview:-1\" \/>\n<link rel=\"canonical\" href=\"https:\/\/hengxingmachinery.com\/fr\/stone-crusher-plants\/\" \/>\n<meta property=\"og:locale\" content=\"fr_FR\" \/>\n<meta property=\"og:type\" content=\"article\" \/>\n<meta property=\"og:title\" content=\"1-1. Stone crusher plant - Hengxing Machinery\" \/>\n<meta property=\"og:description\" content=\"Stone crusher plant Stone crusher plant main equipment : 1. Vibrating feeder: to feed the jaw crusher evenly and smoothly. 2. Primary jaw crusher, crush large stones to smaller one. 3. Impact crusher or cone crusher or secondary jaw crusher, to crush stones from primary crusher to smaller gravels or sand. 4. Circular Vibrating screen ... Lire plus\" \/>\n<meta property=\"og:url\" content=\"https:\/\/hengxingmachinery.com\/fr\/stone-crusher-plants\/\" \/>\n<meta property=\"og:site_name\" content=\"Hengxing Machinery\" \/>\n<meta property=\"article:modified_time\" content=\"2025-03-21T10:26:21+00:00\" \/>\n<meta property=\"og:image\" content=\"https:\/\/hengxingmachinery.com\/wp-content\/uploads\/2025\/03\/stone-crusher-plant-major-sale.jpg\" \/>\n<meta name=\"twitter:card\" content=\"summary_large_image\" \/>\n<meta name=\"twitter:label1\" content=\"Dur\u00e9e de lecture estim\u00e9e\" \/>\n\t<meta name=\"twitter:data1\" content=\"2 minutes\" \/>\n<script type=\"application\/ld+json\" class=\"yoast-schema-graph\">{\"@context\":\"https:\\\/\\\/schema.org\",\"@graph\":[{\"@type\":\"WebPage\",\"@id\":\"https:\\\/\\\/hengxingmachinery.com\\\/stone-crusher-plants\\\/\",\"url\":\"https:\\\/\\\/hengxingmachinery.com\\\/stone-crusher-plants\\\/\",\"name\":\"1-1. Stone crusher plant - Hengxing Machinery\",\"isPartOf\":{\"@id\":\"https:\\\/\\\/hengxingmachinery.com\\\/#website\"},\"primaryImageOfPage\":{\"@id\":\"https:\\\/\\\/hengxingmachinery.com\\\/stone-crusher-plants\\\/#primaryimage\"},\"image\":{\"@id\":\"https:\\\/\\\/hengxingmachinery.com\\\/stone-crusher-plants\\\/#primaryimage\"},\"thumbnailUrl\":\"https:\\\/\\\/hengxingmachinery.com\\\/wp-content\\\/uploads\\\/2025\\\/03\\\/stone-crusher-plant-major-sale.jpg\",\"datePublished\":\"2025-03-21T10:26:20+00:00\",\"dateModified\":\"2025-03-21T10:26:21+00:00\",\"breadcrumb\":{\"@id\":\"https:\\\/\\\/hengxingmachinery.com\\\/stone-crusher-plants\\\/#breadcrumb\"},\"inLanguage\":\"fr-FR\",\"potentialAction\":[{\"@type\":\"ReadAction\",\"target\":[\"https:\\\/\\\/hengxingmachinery.com\\\/stone-crusher-plants\\\/\"]}]},{\"@type\":\"ImageObject\",\"inLanguage\":\"fr-FR\",\"@id\":\"https:\\\/\\\/hengxingmachinery.com\\\/stone-crusher-plants\\\/#primaryimage\",\"url\":\"https:\\\/\\\/hengxingmachinery.com\\\/wp-content\\\/uploads\\\/2025\\\/03\\\/stone-crusher-plant-major-sale.jpg\",\"contentUrl\":\"https:\\\/\\\/hengxingmachinery.com\\\/wp-content\\\/uploads\\\/2025\\\/03\\\/stone-crusher-plant-major-sale.jpg\"},{\"@type\":\"BreadcrumbList\",\"@id\":\"https:\\\/\\\/hengxingmachinery.com\\\/stone-crusher-plants\\\/#breadcrumb\",\"itemListElement\":[{\"@type\":\"ListItem\",\"position\":1,\"name\":\"Home\",\"item\":\"https:\\\/\\\/hengxingmachinery.com\\\/\"},{\"@type\":\"ListItem\",\"position\":2,\"name\":\"1-1. Stone crusher plant\"}]},{\"@type\":\"WebSite\",\"@id\":\"https:\\\/\\\/hengxingmachinery.com\\\/#website\",\"url\":\"https:\\\/\\\/hengxingmachinery.com\\\/\",\"name\":\"Hengxing Machinery\",\"description\":\"Leading Manufacturer of All Sorts of Mining Machinery\",\"publisher\":{\"@id\":\"https:\\\/\\\/hengxingmachinery.com\\\/#organization\"},\"potentialAction\":[{\"@type\":\"SearchAction\",\"target\":{\"@type\":\"EntryPoint\",\"urlTemplate\":\"https:\\\/\\\/hengxingmachinery.com\\\/?s={search_term_string}\"},\"query-input\":{\"@type\":\"PropertyValueSpecification\",\"valueRequired\":true,\"valueName\":\"search_term_string\"}}],\"inLanguage\":\"fr-FR\"},{\"@type\":\"Organization\",\"@id\":\"https:\\\/\\\/hengxingmachinery.com\\\/#organization\",\"name\":\"Hengxing Machinery\",\"url\":\"https:\\\/\\\/hengxingmachinery.com\\\/\",\"logo\":{\"@type\":\"ImageObject\",\"inLanguage\":\"fr-FR\",\"@id\":\"https:\\\/\\\/hengxingmachinery.com\\\/#\\\/schema\\\/logo\\\/image\\\/\",\"url\":\"https:\\\/\\\/hengxingmachinery.com\\\/wp-content\\\/uploads\\\/2024\\\/12\\\/logo.png\",\"contentUrl\":\"https:\\\/\\\/hengxingmachinery.com\\\/wp-content\\\/uploads\\\/2024\\\/12\\\/logo.png\",\"width\":400,\"height\":260,\"caption\":\"Hengxing Machinery\"},\"image\":{\"@id\":\"https:\\\/\\\/hengxingmachinery.com\\\/#\\\/schema\\\/logo\\\/image\\\/\"}}]}<\/script>\n<!-- \/ Yoast SEO plugin. -->","yoast_head_json":{"title":"1-1. Installation de concassage de pierres - Hengxing Machinery","robots":{"index":"index","follow":"follow","max-snippet":"max-snippet:-1","max-image-preview":"max-image-preview:large","max-video-preview":"max-video-preview:-1"},"canonical":"https:\/\/hengxingmachinery.com\/fr\/stone-crusher-plants\/","og_locale":"fr_FR","og_type":"article","og_title":"1-1. Stone crusher plant - Hengxing Machinery","og_description":"Stone crusher plant Stone crusher plant main equipment : 1. Vibrating feeder: to feed the jaw crusher evenly and smoothly. 2. Primary jaw crusher, crush large stones to smaller one. 3. Impact crusher or cone crusher or secondary jaw crusher, to crush stones from primary crusher to smaller gravels or sand. 4. Circular Vibrating screen ... Lire plus","og_url":"https:\/\/hengxingmachinery.com\/fr\/stone-crusher-plants\/","og_site_name":"Hengxing Machinery","article_modified_time":"2025-03-21T10:26:21+00:00","og_image":[{"url":"https:\/\/hengxingmachinery.com\/wp-content\/uploads\/2025\/03\/stone-crusher-plant-major-sale.jpg","type":"","width":"","height":""}],"twitter_card":"summary_large_image","twitter_misc":{"Dur\u00e9e de lecture estim\u00e9e":"2 minutes"},"schema":{"@context":"https:\/\/schema.org","@graph":[{"@type":"WebPage","@id":"https:\/\/hengxingmachinery.com\/stone-crusher-plants\/","url":"https:\/\/hengxingmachinery.com\/stone-crusher-plants\/","name":"1-1. Installation de concassage de pierres - Hengxing Machinery","isPartOf":{"@id":"https:\/\/hengxingmachinery.com\/#website"},"primaryImageOfPage":{"@id":"https:\/\/hengxingmachinery.com\/stone-crusher-plants\/#primaryimage"},"image":{"@id":"https:\/\/hengxingmachinery.com\/stone-crusher-plants\/#primaryimage"},"thumbnailUrl":"https:\/\/hengxingmachinery.com\/wp-content\/uploads\/2025\/03\/stone-crusher-plant-major-sale.jpg","datePublished":"2025-03-21T10:26:20+00:00","dateModified":"2025-03-21T10:26:21+00:00","breadcrumb":{"@id":"https:\/\/hengxingmachinery.com\/stone-crusher-plants\/#breadcrumb"},"inLanguage":"fr-FR","potentialAction":[{"@type":"ReadAction","target":["https:\/\/hengxingmachinery.com\/stone-crusher-plants\/"]}]},{"@type":"ImageObject","inLanguage":"fr-FR","@id":"https:\/\/hengxingmachinery.com\/stone-crusher-plants\/#primaryimage","url":"https:\/\/hengxingmachinery.com\/wp-content\/uploads\/2025\/03\/stone-crusher-plant-major-sale.jpg","contentUrl":"https:\/\/hengxingmachinery.com\/wp-content\/uploads\/2025\/03\/stone-crusher-plant-major-sale.jpg"},{"@type":"BreadcrumbList","@id":"https:\/\/hengxingmachinery.com\/stone-crusher-plants\/#breadcrumb","itemListElement":[{"@type":"ListItem","position":1,"name":"Home","item":"https:\/\/hengxingmachinery.com\/"},{"@type":"ListItem","position":2,"name":"1-1. Stone crusher plant"}]},{"@type":"WebSite","@id":"https:\/\/hengxingmachinery.com\/#website","url":"https:\/\/hengxingmachinery.com\/","name":"Machines Hengxing","description":"Fabricant leader de toutes sortes de machines mini\u00e8res","publisher":{"@id":"https:\/\/hengxingmachinery.com\/#organization"},"potentialAction":[{"@type":"SearchAction","target":{"@type":"EntryPoint","urlTemplate":"https:\/\/hengxingmachinery.com\/?s={search_term_string}"},"query-input":{"@type":"PropertyValueSpecification","valueRequired":true,"valueName":"search_term_string"}}],"inLanguage":"fr-FR"},{"@type":"Organization","@id":"https:\/\/hengxingmachinery.com\/#organization","name":"Machines Hengxing","url":"https:\/\/hengxingmachinery.com\/","logo":{"@type":"ImageObject","inLanguage":"fr-FR","@id":"https:\/\/hengxingmachinery.com\/#\/schema\/logo\/image\/","url":"https:\/\/hengxingmachinery.com\/wp-content\/uploads\/2024\/12\/logo.png","contentUrl":"https:\/\/hengxingmachinery.com\/wp-content\/uploads\/2024\/12\/logo.png","width":400,"height":260,"caption":"Hengxing Machinery"},"image":{"@id":"https:\/\/hengxingmachinery.com\/#\/schema\/logo\/image\/"}}]}},"_links":{"self":[{"href":"https:\/\/hengxingmachinery.com\/fr\/wp-json\/wp\/v2\/pages\/2544","targetHints":{"allow":["GET"]}}],"collection":[{"href":"https:\/\/hengxingmachinery.com\/fr\/wp-json\/wp\/v2\/pages"}],"about":[{"href":"https:\/\/hengxingmachinery.com\/fr\/wp-json\/wp\/v2\/types\/page"}],"author":[{"embeddable":true,"href":"https:\/\/hengxingmachinery.com\/fr\/wp-json\/wp\/v2\/users\/1"}],"replies":[{"embeddable":true,"href":"https:\/\/hengxingmachinery.com\/fr\/wp-json\/wp\/v2\/comments?post=2544"}],"version-history":[{"count":2,"href":"https:\/\/hengxingmachinery.com\/fr\/wp-json\/wp\/v2\/pages\/2544\/revisions"}],"predecessor-version":[{"id":2690,"href":"https:\/\/hengxingmachinery.com\/fr\/wp-json\/wp\/v2\/pages\/2544\/revisions\/2690"}],"wp:attachment":[{"href":"https:\/\/hengxingmachinery.com\/fr\/wp-json\/wp\/v2\/media?parent=2544"}],"curies":[{"name":"wp","href":"https:\/\/api.w.org\/{rel}","templated":true}]}}