{"id":2545,"date":"2025-03-21T10:24:18","date_gmt":"2025-03-21T10:24:18","guid":{"rendered":"https:\/\/hengxingmachinery.com\/?page_id=2545"},"modified":"2025-03-21T10:24:20","modified_gmt":"2025-03-21T10:24:20","slug":"apron-feeders","status":"publish","type":"page","link":"https:\/\/hengxingmachinery.com\/fr\/apron-feeders\/","title":{"rendered":"1-1. Alimentateur \u00e0 tablier"},"content":{"rendered":"<div class=\"gb-container gb-container-45165f5a\">\n<div class=\"gb-container gb-container-c2652eb4\">\n\n<h1 class=\"gb-headline gb-headline-62a8b2cc gb-headline-text\">Mangeoire \u00e0 tablier<\/h1>\n\n<\/div>\n<\/div>\n\n<div class=\"gb-container gb-container-519cf624\">\n<div class=\"gb-container gb-container-71ca071e\">\n<div class=\"gb-grid-wrapper gb-grid-wrapper-8a5f0688\">\n<div class=\"gb-grid-column gb-grid-column-1e99b1c2\"><div class=\"gb-container gb-container-1e99b1c2\">\n\n<figure class=\"gb-block-image gb-block-image-e4eaba54\"><img decoding=\"async\" width=\"665\" height=\"545\" class=\"gb-image gb-image-e4eaba54\" src=\"https:\/\/hengxingmachinery.com\/wp-content\/uploads\/2025\/03\/apron-feeder-sale.jpg\" alt=\"\" title=\"vente-alimentateur-plateaux\" srcset=\"https:\/\/hengxingmachinery.com\/wp-content\/uploads\/2025\/03\/apron-feeder-sale.jpg 665w, https:\/\/hengxingmachinery.com\/wp-content\/uploads\/2025\/03\/apron-feeder-sale-300x246.jpg 300w, https:\/\/hengxingmachinery.com\/wp-content\/uploads\/2025\/03\/apron-feeder-sale-15x12.jpg 15w\" sizes=\"(max-width: 665px) 100vw, 665px\" \/><\/figure>\n\n<\/div><\/div>\n\n<div class=\"gb-grid-column gb-grid-column-bcae065b\"><div class=\"gb-container gb-container-bcae065b\">\n\n<p>L'alimentateur \u00e0 plaques, \u00e9galement appel\u00e9 alimentateur \u00e0 tablier, est principalement utilis\u00e9 pour alimenter et transf\u00e9rer de mani\u00e8re continue et uniforme diverses pierres et minerais de grande taille et lourds vers les concasseurs. Il s'agit d'un \u00e9quipement important et indispensable dans le processus de traitement des minerais et des mati\u00e8res premi\u00e8res ainsi que dans la production continue.<\/p>\n\n\n\n<p><strong><mark style=\"background-color:rgba(0, 0, 0, 0)\" class=\"has-inline-color has-global-color-8-color\">Taille d&#039;alimentation : <\/mark><\/strong>160-700 mm<\/p>\n\n\n\n<p><strong><mark style=\"background-color:rgba(0, 0, 0, 0)\" class=\"has-inline-color has-global-color-8-color\">Capacit\u00e9 de production : <\/mark><\/strong>20-500 t\/h<\/p>\n\n\n\n<p><strong><mark style=\"background-color:rgba(0, 0, 0, 0)\" class=\"has-inline-color has-global-color-8-color\">Mat\u00e9riaux applicables : <\/mark><\/strong>Mat\u00e9riaux en vrac avec une densit\u00e9 apparente ne d\u00e9passant pas 1,2 t\/m\u00b3, un poids par bloc ne d\u00e9passant pas 140 kg et une temp\u00e9rature ne d\u00e9passant pas 350 \u00b0C.<\/p>\n\n\n\n<p>L'alimentateur \u00e0 plaques peut \u00eatre utilis\u00e9 pour l'alimentation continue et uniforme du concasseur primaire dans l'atelier de concassage et de classification des grandes usines de traitement des minerais, ainsi que dans les secteurs du ciment, des mat\u00e9riaux de construction, etc. <\/p>\n\n\n\n<p>Il pr\u00e9sente les avantages d'une traction importante, de faibles fuites de mat\u00e9riaux, d'un fonctionnement stable, d'une longue dur\u00e9e de vie et d'une maintenance pratique.<\/p>\n\n\n<div class=\"gb-container gb-container-256e15f1\">\n\n<a class=\"gb-button gb-button-e8b73d89 gb-button-text\" href=\"#popmake-622\">Obtenez un devis gratuit maintenant<\/a>\n\n<\/div>\n<\/div><\/div>\n<\/div>\n<\/div>\n<\/div>\n\n<div class=\"gb-container gb-container-3a930c38\">\n<div class=\"gb-container gb-container-8a36e90a\">\n\n<h2 class=\"gb-headline gb-headline-a5d3273c gb-headline-text\">Avantages de l'alimentateur \u00e0 plaques<\/h2>\n\n\n\n<figure class=\"gb-block-image gb-block-image-1c359176\"><img decoding=\"async\" width=\"800\" height=\"500\" class=\"gb-image gb-image-1c359176\" src=\"https:\/\/hengxingmachinery.com\/wp-content\/uploads\/2025\/03\/apron-feeder-working.jpg\" alt=\"\" title=\"fonctionnement-alimentateur-plateaux\" srcset=\"https:\/\/hengxingmachinery.com\/wp-content\/uploads\/2025\/03\/apron-feeder-working.jpg 800w, https:\/\/hengxingmachinery.com\/wp-content\/uploads\/2025\/03\/apron-feeder-working-300x188.jpg 300w, https:\/\/hengxingmachinery.com\/wp-content\/uploads\/2025\/03\/apron-feeder-working-768x480.jpg 768w, https:\/\/hengxingmachinery.com\/wp-content\/uploads\/2025\/03\/apron-feeder-working-18x12.jpg 18w\" sizes=\"(max-width: 800px) 100vw, 800px\" \/><\/figure>\n\n\n\n<p><strong>01. Structure avanc\u00e9e et fabrication soign\u00e9e<\/strong><\/p>\n\n\n\n<p>L'alimentateur \u00e0 plaques poss\u00e8de une structure avanc\u00e9e et adopte un nouveau concept technologique pour le processus de fabrication. En particulier pour les accessoires de l'\u00e9quipement, la r\u00e9sistance \u00e0 l'usure est accrue, gr\u00e2ce non seulement \u00e0 l'utilisation de mat\u00e9riaux \u00e0 haute r\u00e9sistance \u00e0 l'usure, mais aussi \u00e0 un traitement thermique.<\/p>\n\n\n\n<p><strong>02. Haut degr\u00e9 d'automatisation<\/strong><\/p>\n\n\n\n<p>Il pr\u00e9sente des avantages dans le dispositif d'entra\u00eenement des accessoires, la structure d'alimentation, le rail de guidage et le plateau porteur, la r\u00e9sistance \u00e0 l'usure de la auge, la technologie de contr\u00f4le automatique, etc. Il peut \u00e9galement r\u00e9aliser la conception, la fabrication et l'installation automatiques du syst\u00e8me d'alimentation.<\/p>\n\n\n\n<p><strong>03. Qualit\u00e9 fiable<\/strong><\/p>\n\n\n\n<p>La cha\u00eene de traction et la cha\u00eene de charge sont s\u00e9par\u00e9es, la charge dynamique est r\u00e9duite et la dur\u00e9e de vie est am\u00e9lior\u00e9e. S\u00e9lection rigoureuse des mat\u00e9riaux, qualit\u00e9 fiable et bonne interchangeabilit\u00e9.<\/p>\n\n\n\n<p><strong>04. Faible taux de d\u00e9faillance<\/strong><\/p>\n\n\n\n<p>Le dispositif arri\u00e8re de l'alimentateur \u00e0 plaques adopte une conception sp\u00e9ciale, adapt\u00e9e aux zones pluvieuses et humides, \u00e9vitant ainsi le saut de dent de la cha\u00eene d\u00fb \u00e0 l'accumulation de mat\u00e9riaux collants \u00e0 l'arri\u00e8re, ce qui pourrait affecter la production.<\/p>\n\n\n<div class=\"gb-container gb-container-96208927\">\n\n<a class=\"gb-button gb-button-429870c5 gb-button-text\" href=\"#popmake-622\">Obtenez un devis gratuit maintenant<\/a>\n\n<\/div>\n<\/div>\n<\/div>\n\n<div class=\"gb-container gb-container-3e2eccee\">\n<div class=\"gb-container gb-container-438f6c67\">\n\n<h2 class=\"gb-headline gb-headline-cf266da7 gb-headline-text\">Principe de fonctionnement de l'alimentateur \u00e0 plaques<\/h2>\n\n\n\n<figure class=\"gb-block-image gb-block-image-06ba0eea\"><img decoding=\"async\" width=\"800\" height=\"500\" class=\"gb-image gb-image-06ba0eea\" src=\"https:\/\/hengxingmachinery.com\/wp-content\/uploads\/2025\/03\/apron-feeder-features.jpg\" alt=\"\" title=\"caract\u00e9ristiques-alimentateur-plateaux\" srcset=\"https:\/\/hengxingmachinery.com\/wp-content\/uploads\/2025\/03\/apron-feeder-features.jpg 800w, https:\/\/hengxingmachinery.com\/wp-content\/uploads\/2025\/03\/apron-feeder-features-300x188.jpg 300w, https:\/\/hengxingmachinery.com\/wp-content\/uploads\/2025\/03\/apron-feeder-features-768x480.jpg 768w, https:\/\/hengxingmachinery.com\/wp-content\/uploads\/2025\/03\/apron-feeder-features-18x12.jpg 18w\" sizes=\"(max-width: 800px) 100vw, 800px\" \/><\/figure>\n\n\n\n<p>L'alimentateur \u00e0 plaques est entra\u00een\u00e9 par un moteur et un r\u00e9ducteur qui font tourner le pignon de t\u00eate \u00e0 structure dent\u00e9e, de sorte que la cha\u00eene de traction engren\u00e9e avec le pignon tire la auge de transport contenant le mat\u00e9riau vers l'avant. <\/p>\n\n\n\n<p>M\u00e9canisme porteur \u2013 la cha\u00eene de traction circule sur les roues de support, qui soutiennent la auge de transport et supportent le poids du mat\u00e9riau ainsi que des \u00e9l\u00e9ments mobiles. <\/p>\n\n\n\n<p>Le mat\u00e9riau est pouss\u00e9 depuis la tr\u00e9mie de stockage au-dessus de l'arri\u00e8re vers la auge de transport, puis avance avec celle-ci jusqu'\u00e0 la goulotte de la couvercle avant pour \u00eatre d\u00e9charg\u00e9.<\/p>\n\n\n<div class=\"gb-container gb-container-72a2e461\">\n\n<a class=\"gb-button gb-button-e6e6000a gb-button-text\" href=\"#popmake-622\">Obtenez un devis gratuit maintenant<\/a>\n\n<\/div>\n<\/div>\n<\/div>\n\n<div class=\"gb-container gb-container-435ad261\">\n<div class=\"gb-container gb-container-7dc79cc4\">\n\n<h2 class=\"gb-headline gb-headline-6fe5dee2 gb-headline-text\">Sp\u00e9cifications de l'alimentateur \u00e0 plaques<\/h2>\n\n\n\n<figure class=\"wp-block-table\"><table class=\"has-fixed-layout\"><tbody><tr><td rowspan=\"2\">\u00a0 Mod\u00e8le<\/td><td rowspan=\"2\">Largeur de la auge<br>\u00a0 (mm)<\/td><td>Axe avant et arri\u00e8re (mm)<\/td><td rowspan=\"2\">Vitesse<br>(m\/s)<\/td><td rowspan=\"2\">Granulom\u00e9trie d'alimentation<br>(mm)<\/td><td>Capacit\u00e9 de traitement (t\/h)<\/td><td>Puissance du moteur (kW)<\/td><td rowspan=\"2\">\u00a0 Dimensions<br>\u00a0 (mm)<\/td><td>Poids (t)<\/td><\/tr><tr><td><\/td><td><\/td><td><\/td><td><\/td><\/tr><tr><td>XBW100<\/td><td>&nbsp; 1000&nbsp;<\/td><td>6000&nbsp;<\/td><td>0.01-0.1<\/td><td>\u2264500<\/td><td>80-160<\/td><td>11&nbsp;<\/td><td>86200\u00d74960\u00d71600<\/td><td>&nbsp; 15&nbsp;<\/td><\/tr><tr><td>XBW120<\/td><td>1200&nbsp;<\/td><td>11000&nbsp;<\/td><td>0.01-0.1<\/td><td>\u2264600<\/td><td>50-100<\/td><td>15&nbsp;<\/td><td>11463\u00d75029\u00d72860<\/td><td>23.5&nbsp;<\/td><\/tr><tr><td>XBW125<\/td><td>1250&nbsp;<\/td><td>6000&nbsp;<\/td><td>0.014-0.8<\/td><td>\u2264800<\/td><td>45-150<\/td><td>11&nbsp;<\/td><td>8620\u00d75240\u00d71950<\/td><td>18.9&nbsp;<\/td><\/tr><tr><td>XBW140<\/td><td>1400&nbsp;<\/td><td>16000&nbsp;<\/td><td>0.006-0.06<\/td><td>\u2264900<\/td><td>20-200<\/td><td>22&nbsp;<\/td><td>18310\u00d76447\u00d72030<\/td><td>45.9&nbsp;<\/td><\/tr><tr><td>XBW150<\/td><td>&nbsp; 1500&nbsp;<\/td><td>10500&nbsp;<\/td><td>0.006-0.06<\/td><td>\u2264700<\/td><td>61-610<\/td><td>22&nbsp;<\/td><td>12850\u00d75595\u00d71705<\/td><td>49.4&nbsp;<\/td><\/tr><tr><td>XBW160<\/td><td>&nbsp; 1600&nbsp;<\/td><td>&nbsp; 6000&nbsp;<\/td><td>0.017-0.17<\/td><td>\u2264800<\/td><td>\u2264500<\/td><td>22&nbsp;<\/td><td>8354\u00d76099\u00d72100<\/td><td>25.5&nbsp;<\/td><\/tr><tr><td>XBZ160<\/td><td>&nbsp; 1600&nbsp;<\/td><td>&nbsp; 9000&nbsp;<\/td><td>0.01-0.07<\/td><td>&nbsp;\u22641000<\/td><td>\u2264500<\/td><td>30&nbsp;<\/td><td>11250\u00d74153\u00d72890<\/td><td>&nbsp; 50&nbsp;<\/td><\/tr><tr><td>XBZ180<\/td><td>&nbsp; 1800&nbsp;<\/td><td>&nbsp; 8000&nbsp;<\/td><td>0.01-0.07<\/td><td>&nbsp;\u22641000<\/td><td>\u2264500<\/td><td>37&nbsp;<\/td><td>10250\u00d74353\u00d72890<\/td><td>59&nbsp;<\/td><\/tr><tr><td>XBZ200<\/td><td>2000&nbsp;<\/td><td>&nbsp; 9800&nbsp;<\/td><td>0.01-0.07<\/td><td>&nbsp;\u22641000<\/td><td>\u2264700<\/td><td>45&nbsp;<\/td><td>12000\u00d74553\u00d72890<\/td><td>&nbsp; 82&nbsp;<\/td><\/tr><tr><td>XBZ220<\/td><td>2200&nbsp;<\/td><td>10000&nbsp;<\/td><td>0.01-0.07<\/td><td>&nbsp;\u22641200<\/td><td>\u2264800<\/td><td>45&nbsp;<\/td><td>12000\u00d74753\u00d72890<\/td><td>85&nbsp;<\/td><\/tr><tr><td>XBZ230<\/td><td>2300&nbsp;<\/td><td>10000&nbsp;<\/td><td>0.01-0.07<\/td><td>\u22641500<\/td><td>\u2264850<\/td><td>55&nbsp;<\/td><td>12000\u00d74853\u00d72890<\/td><td>86&nbsp;<\/td><\/tr><tr><td>XBZ240<\/td><td>2400&nbsp;<\/td><td>10000&nbsp;<\/td><td>0.02-0.06<\/td><td>\u22641600<\/td><td>550-900<\/td><td>2\u00d737<\/td><td>12000\u00d74953\u00d72890<\/td><td>&nbsp; 95&nbsp;<\/td><\/tr><tr><td>XBZ250<\/td><td>2500&nbsp;<\/td><td>11460&nbsp;<\/td><td>0.01-0.07<\/td><td>\u22641800<\/td><td>100-1000<\/td><td>2\u00d745<\/td><td>12000\u00d75053\u00d72890<\/td><td>&nbsp; 105&nbsp;<\/td><\/tr><tr><td>XBW180<\/td><td>&nbsp;&nbsp; 1800&nbsp;<\/td><td>8000&nbsp;<\/td><td>0.022-0.046<\/td><td>\u2264800<\/td><td>30-320<\/td><td>37&nbsp;<\/td><td>10300\u00d74295\u00d73650<\/td><td>&nbsp; 53&nbsp;<\/td><\/tr><tr><td>XBW220<\/td><td>&nbsp; 2200&nbsp;<\/td><td>10000&nbsp;<\/td><td>0.018-0.055<\/td><td>\u22641500<\/td><td>220-680<\/td><td>&nbsp; 45&nbsp;<\/td><td>12650\u00d74495\u00d73350<\/td><td>&nbsp;80.4&nbsp;<\/td><\/tr><\/tbody><\/table><\/figure>\n\n\n<div class=\"gb-container gb-container-263d9700\">\n\n<a class=\"gb-button gb-button-a4cbb7be gb-button-text\" href=\"#popmake-622\">Obtenez un devis gratuit maintenant<\/a>\n\n<\/div>\n<\/div>\n<\/div>","protected":false},"excerpt":{"rendered":"<p>Apron feeder Apron feeder advantages 01. Advanced structure and well-made The apron feeder has an advanced structure and adopts a new technological concept to make the production process. Especially for the accessories of the equipment, the wear resistance is increased, not only using high wear resistance materials, but also undergoing a heat treatment process. 02. &#8230; <\/p>\n<p class=\"read-more-container\"><a title=\"1-1. Alimentateur \u00e0 tablier\" class=\"read-more button\" href=\"https:\/\/hengxingmachinery.com\/fr\/apron-feeders\/#more-2545\" aria-label=\"En savoir plus sur 1-1. Apron feeder\">Lire plus<\/a><\/p>","protected":false},"author":1,"featured_media":0,"parent":0,"menu_order":0,"comment_status":"closed","ping_status":"closed","template":"","meta":{"footnotes":""},"class_list":["post-2545","page","type-page","status-publish"],"yoast_head":"<!-- This site is optimized with the Yoast SEO plugin v27.4 - https:\/\/yoast.com\/product\/yoast-seo-wordpress\/ -->\n<title>1-1. Apron feeder - Hengxing Machinery<\/title>\n<meta name=\"robots\" content=\"index, follow, max-snippet:-1, max-image-preview:large, max-video-preview:-1\" \/>\n<link rel=\"canonical\" href=\"https:\/\/hengxingmachinery.com\/fr\/apron-feeders\/\" \/>\n<meta property=\"og:locale\" content=\"fr_FR\" \/>\n<meta property=\"og:type\" content=\"article\" \/>\n<meta property=\"og:title\" content=\"1-1. Apron feeder - Hengxing Machinery\" \/>\n<meta property=\"og:description\" content=\"Apron feeder Apron feeder advantages 01. Advanced structure and well-made The apron feeder has an advanced structure and adopts a new technological concept to make the production process. Especially for the accessories of the equipment, the wear resistance is increased, not only using high wear resistance materials, but also undergoing a heat treatment process. 02. ... Lire plus\" \/>\n<meta property=\"og:url\" content=\"https:\/\/hengxingmachinery.com\/fr\/apron-feeders\/\" \/>\n<meta property=\"og:site_name\" content=\"Hengxing Machinery\" \/>\n<meta property=\"article:modified_time\" content=\"2025-03-21T10:24:20+00:00\" \/>\n<meta property=\"og:image\" content=\"https:\/\/hengxingmachinery.com\/wp-content\/uploads\/2025\/03\/apron-feeder-sale.jpg\" \/>\n<meta name=\"twitter:card\" content=\"summary_large_image\" \/>\n<meta name=\"twitter:label1\" content=\"Dur\u00e9e de lecture estim\u00e9e\" \/>\n\t<meta name=\"twitter:data1\" content=\"4 minutes\" \/>\n<script type=\"application\/ld+json\" class=\"yoast-schema-graph\">{\"@context\":\"https:\\\/\\\/schema.org\",\"@graph\":[{\"@type\":\"WebPage\",\"@id\":\"https:\\\/\\\/hengxingmachinery.com\\\/apron-feeders\\\/\",\"url\":\"https:\\\/\\\/hengxingmachinery.com\\\/apron-feeders\\\/\",\"name\":\"1-1. Apron feeder - Hengxing Machinery\",\"isPartOf\":{\"@id\":\"https:\\\/\\\/hengxingmachinery.com\\\/#website\"},\"primaryImageOfPage\":{\"@id\":\"https:\\\/\\\/hengxingmachinery.com\\\/apron-feeders\\\/#primaryimage\"},\"image\":{\"@id\":\"https:\\\/\\\/hengxingmachinery.com\\\/apron-feeders\\\/#primaryimage\"},\"thumbnailUrl\":\"https:\\\/\\\/hengxingmachinery.com\\\/wp-content\\\/uploads\\\/2025\\\/03\\\/apron-feeder-sale.jpg\",\"datePublished\":\"2025-03-21T10:24:18+00:00\",\"dateModified\":\"2025-03-21T10:24:20+00:00\",\"breadcrumb\":{\"@id\":\"https:\\\/\\\/hengxingmachinery.com\\\/apron-feeders\\\/#breadcrumb\"},\"inLanguage\":\"fr-FR\",\"potentialAction\":[{\"@type\":\"ReadAction\",\"target\":[\"https:\\\/\\\/hengxingmachinery.com\\\/apron-feeders\\\/\"]}]},{\"@type\":\"ImageObject\",\"inLanguage\":\"fr-FR\",\"@id\":\"https:\\\/\\\/hengxingmachinery.com\\\/apron-feeders\\\/#primaryimage\",\"url\":\"https:\\\/\\\/hengxingmachinery.com\\\/wp-content\\\/uploads\\\/2025\\\/03\\\/apron-feeder-sale.jpg\",\"contentUrl\":\"https:\\\/\\\/hengxingmachinery.com\\\/wp-content\\\/uploads\\\/2025\\\/03\\\/apron-feeder-sale.jpg\"},{\"@type\":\"BreadcrumbList\",\"@id\":\"https:\\\/\\\/hengxingmachinery.com\\\/apron-feeders\\\/#breadcrumb\",\"itemListElement\":[{\"@type\":\"ListItem\",\"position\":1,\"name\":\"Home\",\"item\":\"https:\\\/\\\/hengxingmachinery.com\\\/\"},{\"@type\":\"ListItem\",\"position\":2,\"name\":\"1-1. Apron feeder\"}]},{\"@type\":\"WebSite\",\"@id\":\"https:\\\/\\\/hengxingmachinery.com\\\/#website\",\"url\":\"https:\\\/\\\/hengxingmachinery.com\\\/\",\"name\":\"Hengxing Machinery\",\"description\":\"Leading Manufacturer of All Sorts of Mining Machinery\",\"publisher\":{\"@id\":\"https:\\\/\\\/hengxingmachinery.com\\\/#organization\"},\"potentialAction\":[{\"@type\":\"SearchAction\",\"target\":{\"@type\":\"EntryPoint\",\"urlTemplate\":\"https:\\\/\\\/hengxingmachinery.com\\\/?s={search_term_string}\"},\"query-input\":{\"@type\":\"PropertyValueSpecification\",\"valueRequired\":true,\"valueName\":\"search_term_string\"}}],\"inLanguage\":\"fr-FR\"},{\"@type\":\"Organization\",\"@id\":\"https:\\\/\\\/hengxingmachinery.com\\\/#organization\",\"name\":\"Hengxing Machinery\",\"url\":\"https:\\\/\\\/hengxingmachinery.com\\\/\",\"logo\":{\"@type\":\"ImageObject\",\"inLanguage\":\"fr-FR\",\"@id\":\"https:\\\/\\\/hengxingmachinery.com\\\/#\\\/schema\\\/logo\\\/image\\\/\",\"url\":\"https:\\\/\\\/hengxingmachinery.com\\\/wp-content\\\/uploads\\\/2024\\\/12\\\/logo.png\",\"contentUrl\":\"https:\\\/\\\/hengxingmachinery.com\\\/wp-content\\\/uploads\\\/2024\\\/12\\\/logo.png\",\"width\":400,\"height\":260,\"caption\":\"Hengxing Machinery\"},\"image\":{\"@id\":\"https:\\\/\\\/hengxingmachinery.com\\\/#\\\/schema\\\/logo\\\/image\\\/\"}}]}<\/script>\n<!-- \/ Yoast SEO plugin. -->","yoast_head_json":{"title":"1-1. Alimentateur \u00e0 tablier - Hengxing Machinery","robots":{"index":"index","follow":"follow","max-snippet":"max-snippet:-1","max-image-preview":"max-image-preview:large","max-video-preview":"max-video-preview:-1"},"canonical":"https:\/\/hengxingmachinery.com\/fr\/apron-feeders\/","og_locale":"fr_FR","og_type":"article","og_title":"1-1. Apron feeder - Hengxing Machinery","og_description":"Apron feeder Apron feeder advantages 01. Advanced structure and well-made The apron feeder has an advanced structure and adopts a new technological concept to make the production process. Especially for the accessories of the equipment, the wear resistance is increased, not only using high wear resistance materials, but also undergoing a heat treatment process. 02. ... Lire plus","og_url":"https:\/\/hengxingmachinery.com\/fr\/apron-feeders\/","og_site_name":"Hengxing Machinery","article_modified_time":"2025-03-21T10:24:20+00:00","og_image":[{"url":"https:\/\/hengxingmachinery.com\/wp-content\/uploads\/2025\/03\/apron-feeder-sale.jpg","type":"","width":"","height":""}],"twitter_card":"summary_large_image","twitter_misc":{"Dur\u00e9e de lecture estim\u00e9e":"4 minutes"},"schema":{"@context":"https:\/\/schema.org","@graph":[{"@type":"WebPage","@id":"https:\/\/hengxingmachinery.com\/apron-feeders\/","url":"https:\/\/hengxingmachinery.com\/apron-feeders\/","name":"1-1. Alimentateur \u00e0 tablier - Hengxing Machinery","isPartOf":{"@id":"https:\/\/hengxingmachinery.com\/#website"},"primaryImageOfPage":{"@id":"https:\/\/hengxingmachinery.com\/apron-feeders\/#primaryimage"},"image":{"@id":"https:\/\/hengxingmachinery.com\/apron-feeders\/#primaryimage"},"thumbnailUrl":"https:\/\/hengxingmachinery.com\/wp-content\/uploads\/2025\/03\/apron-feeder-sale.jpg","datePublished":"2025-03-21T10:24:18+00:00","dateModified":"2025-03-21T10:24:20+00:00","breadcrumb":{"@id":"https:\/\/hengxingmachinery.com\/apron-feeders\/#breadcrumb"},"inLanguage":"fr-FR","potentialAction":[{"@type":"ReadAction","target":["https:\/\/hengxingmachinery.com\/apron-feeders\/"]}]},{"@type":"ImageObject","inLanguage":"fr-FR","@id":"https:\/\/hengxingmachinery.com\/apron-feeders\/#primaryimage","url":"https:\/\/hengxingmachinery.com\/wp-content\/uploads\/2025\/03\/apron-feeder-sale.jpg","contentUrl":"https:\/\/hengxingmachinery.com\/wp-content\/uploads\/2025\/03\/apron-feeder-sale.jpg"},{"@type":"BreadcrumbList","@id":"https:\/\/hengxingmachinery.com\/apron-feeders\/#breadcrumb","itemListElement":[{"@type":"ListItem","position":1,"name":"Home","item":"https:\/\/hengxingmachinery.com\/"},{"@type":"ListItem","position":2,"name":"1-1. Apron feeder"}]},{"@type":"WebSite","@id":"https:\/\/hengxingmachinery.com\/#website","url":"https:\/\/hengxingmachinery.com\/","name":"Machines Hengxing","description":"Fabricant leader de toutes sortes de machines mini\u00e8res","publisher":{"@id":"https:\/\/hengxingmachinery.com\/#organization"},"potentialAction":[{"@type":"SearchAction","target":{"@type":"EntryPoint","urlTemplate":"https:\/\/hengxingmachinery.com\/?s={search_term_string}"},"query-input":{"@type":"PropertyValueSpecification","valueRequired":true,"valueName":"search_term_string"}}],"inLanguage":"fr-FR"},{"@type":"Organization","@id":"https:\/\/hengxingmachinery.com\/#organization","name":"Machines Hengxing","url":"https:\/\/hengxingmachinery.com\/","logo":{"@type":"ImageObject","inLanguage":"fr-FR","@id":"https:\/\/hengxingmachinery.com\/#\/schema\/logo\/image\/","url":"https:\/\/hengxingmachinery.com\/wp-content\/uploads\/2024\/12\/logo.png","contentUrl":"https:\/\/hengxingmachinery.com\/wp-content\/uploads\/2024\/12\/logo.png","width":400,"height":260,"caption":"Hengxing Machinery"},"image":{"@id":"https:\/\/hengxingmachinery.com\/#\/schema\/logo\/image\/"}}]}},"_links":{"self":[{"href":"https:\/\/hengxingmachinery.com\/fr\/wp-json\/wp\/v2\/pages\/2545","targetHints":{"allow":["GET"]}}],"collection":[{"href":"https:\/\/hengxingmachinery.com\/fr\/wp-json\/wp\/v2\/pages"}],"about":[{"href":"https:\/\/hengxingmachinery.com\/fr\/wp-json\/wp\/v2\/types\/page"}],"author":[{"embeddable":true,"href":"https:\/\/hengxingmachinery.com\/fr\/wp-json\/wp\/v2\/users\/1"}],"replies":[{"embeddable":true,"href":"https:\/\/hengxingmachinery.com\/fr\/wp-json\/wp\/v2\/comments?post=2545"}],"version-history":[{"count":2,"href":"https:\/\/hengxingmachinery.com\/fr\/wp-json\/wp\/v2\/pages\/2545\/revisions"}],"predecessor-version":[{"id":2687,"href":"https:\/\/hengxingmachinery.com\/fr\/wp-json\/wp\/v2\/pages\/2545\/revisions\/2687"}],"wp:attachment":[{"href":"https:\/\/hengxingmachinery.com\/fr\/wp-json\/wp\/v2\/media?parent=2545"}],"curies":[{"name":"wp","href":"https:\/\/api.w.org\/{rel}","templated":true}]}}