{"id":2586,"date":"2025-03-21T09:38:01","date_gmt":"2025-03-21T09:38:01","guid":{"rendered":"https:\/\/hengxingmachinery.com\/?page_id=2586"},"modified":"2025-03-21T09:38:02","modified_gmt":"2025-03-21T09:38:02","slug":"electromagnetic-vibrating-feeder","status":"publish","type":"page","link":"https:\/\/hengxingmachinery.com\/fr\/electromagnetic-vibrating-feeder\/","title":{"rendered":"4-1. Alimentateur vibrant \u00e9lectromagn\u00e9tique"},"content":{"rendered":"<div class=\"gb-container gb-container-45165f5a\">\n<div class=\"gb-container gb-container-c2652eb4\">\n\n<h1 class=\"gb-headline gb-headline-62a8b2cc gb-headline-text\">Alimentateur vibrant \u00e9lectromagn\u00e9tique<\/h1>\n\n<\/div>\n<\/div>\n\n<div class=\"gb-container gb-container-519cf624\">\n<div class=\"gb-container gb-container-71ca071e\">\n<div class=\"gb-grid-wrapper gb-grid-wrapper-8a5f0688\">\n<div class=\"gb-grid-column gb-grid-column-1e99b1c2\"><div class=\"gb-container gb-container-1e99b1c2\">\n\n<figure class=\"gb-block-image gb-block-image-e4eaba54\"><img decoding=\"async\" width=\"665\" height=\"545\" class=\"gb-image gb-image-e4eaba54\" src=\"https:\/\/hengxingmachinery.com\/wp-content\/uploads\/2025\/03\/electronmagnetic-vibrating-feeder-machine-for-sale.jpg\" alt=\"\" title=\"Alimentateur vibrant \u00e9lectromagn\u00e9tique \u00e0 vendre\" srcset=\"https:\/\/hengxingmachinery.com\/wp-content\/uploads\/2025\/03\/electronmagnetic-vibrating-feeder-machine-for-sale.jpg 665w, https:\/\/hengxingmachinery.com\/wp-content\/uploads\/2025\/03\/electronmagnetic-vibrating-feeder-machine-for-sale-300x246.jpg 300w, https:\/\/hengxingmachinery.com\/wp-content\/uploads\/2025\/03\/electronmagnetic-vibrating-feeder-machine-for-sale-15x12.jpg 15w\" sizes=\"(max-width: 665px) 100vw, 665px\" \/><\/figure>\n\n<\/div><\/div>\n\n<div class=\"gb-grid-column gb-grid-column-bcae065b\"><div class=\"gb-container gb-container-bcae065b\">\n\n<p><strong><mark style=\"background-color:rgba(0, 0, 0, 0)\" class=\"has-inline-color has-global-color-8-color\">Domaines d'application :<\/mark><\/strong> Concassage et traitement du carbonate de calcium, traitement de la poudre de gypse, d\u00e9sulfuration de centrale \u00e9lectrique, pulv\u00e9risation de min\u00e9raux non m\u00e9talliques, pr\u00e9paration de poudre de charbon, etc.<\/p>\n\n\n\n<p><strong><mark style=\"background-color:rgba(0, 0, 0, 0)\" class=\"has-inline-color has-global-color-8-color\">Mat\u00e9riaux applicables : <\/mark><\/strong>Calcaire, calcite, carbonate de calcium, dolomite, barytine, talc, gypse, diabase, quartzite, bentonite et autres mat\u00e9riaux.<\/p>\n\n\n\n<p><strong><mark style=\"background-color:rgba(0, 0, 0, 0)\" class=\"has-inline-color has-global-color-8-color\">Taille du flux :<\/mark><\/strong> 50-150 mm<\/p>\n\n\n\n<p><strong><mark style=\"background-color:rgba(0, 0, 0, 0)\" class=\"has-inline-color has-global-color-8-color\">Sortie : <\/mark><\/strong>5-100t\/h<\/p>\n\n\n<div class=\"gb-container gb-container-256e15f1\">\n\n<a class=\"gb-button gb-button-e8b73d89 gb-button-text\" href=\"#popmake-622\">Obtenez un devis gratuit maintenant<\/a>\n\n<\/div>\n<\/div><\/div>\n<\/div>\n<\/div>\n<\/div>\n\n<div class=\"gb-container gb-container-c0200787\">\n<div class=\"gb-container gb-container-1d97c93d\">\n\n<h2 class=\"gb-headline gb-headline-3d5fa577 gb-headline-text\">Pr\u00e9sentation de l'alimentateur vibrant \u00e9lectromagn\u00e9tique<\/h2>\n\n\n\n<figure class=\"gb-block-image gb-block-image-230c53d3\"><img decoding=\"async\" width=\"800\" height=\"500\" class=\"gb-image gb-image-230c53d3\" src=\"https:\/\/hengxingmachinery.com\/wp-content\/uploads\/2025\/03\/electronmagnetic-vibrating-feeder-machine-supplier.jpg\" alt=\"\" title=\"Fournisseur d&#039;alimentateur vibrant \u00e9lectromagn\u00e9tique\" srcset=\"https:\/\/hengxingmachinery.com\/wp-content\/uploads\/2025\/03\/electronmagnetic-vibrating-feeder-machine-supplier.jpg 800w, https:\/\/hengxingmachinery.com\/wp-content\/uploads\/2025\/03\/electronmagnetic-vibrating-feeder-machine-supplier-300x188.jpg 300w, https:\/\/hengxingmachinery.com\/wp-content\/uploads\/2025\/03\/electronmagnetic-vibrating-feeder-machine-supplier-768x480.jpg 768w, https:\/\/hengxingmachinery.com\/wp-content\/uploads\/2025\/03\/electronmagnetic-vibrating-feeder-machine-supplier-18x12.jpg 18w\" sizes=\"(max-width: 800px) 100vw, 800px\" \/><\/figure>\n\n\n\n<p><\/p>\n\n\n\n<p>L'alimentateur vibrant \u00e9lectromagn\u00e9tique est utilis\u00e9 pour alimenter de mani\u00e8re uniforme ou quantitative les mat\u00e9riaux depuis la tr\u00e9mie ou d'autres \u00e9quipements de stockage vers l'\u00e9quipement r\u00e9cepteur. C'est un \u00e9quipement important pour le fonctionnement automatique en flux continu. Il se divise en deux types : ouvert et ferm\u00e9.<\/p>\n\n\n<div class=\"gb-container gb-container-9eeb6cec\">\n\n<a class=\"gb-button gb-button-d1324b3c gb-button-text\" href=\"#popmake-622\">Obtenez un devis gratuit maintenant<\/a>\n\n<\/div>\n<\/div>\n<\/div>\n\n<div class=\"gb-container gb-container-ebd718b6\">\n<div class=\"gb-container gb-container-5c75b960\">\n\n<h2 class=\"gb-headline gb-headline-98859344 gb-headline-text\">Caract\u00e9ristiques de l'alimentateur vibrant \u00e9lectromagn\u00e9tique<\/h2>\n\n\n\n<p>1. Aucune pi\u00e8ce rotative, pas de lubrification, structure simple et entretien pratique.<\/p>\n\n\n\n<p>2. La m\u00e9thode d'alimentation de cet \u00e9quipement est par micro-polissage, donc le taux d'usure de la goutti\u00e8re en production est faible.<\/p>\n\n\n\n<p>3. La goutti\u00e8re de cet \u00e9quipement est en t\u00f4le d'acier alli\u00e9, ce qui permet de transporter des mat\u00e9riaux \u00e0 haute temp\u00e9rature et corrosifs en production.<\/p>\n\n\n\n<p>4. Encombrement r\u00e9duit, poids l\u00e9ger et installation facile.<\/p>\n\n\n\n<p>5. Le bloc excentrique est la source d'excitation, avec un faible niveau sonore, une faible consommation d'\u00e9nergie, de bonnes performances de r\u00e9glage et aucun ph\u00e9nom\u00e8ne de mart\u00e8lement.<\/p>\n\n\n<div class=\"gb-container gb-container-d6bbf16a\">\n\n<a class=\"gb-button gb-button-caa3f2bc gb-button-text\" href=\"#popmake-622\">Obtenez un devis gratuit maintenant<\/a>\n\n<\/div>\n<\/div>\n<\/div>\n\n<div class=\"gb-container gb-container-916eab1f\">\n<div class=\"gb-container gb-container-f7e319c9\">\n\n<h2 class=\"gb-headline gb-headline-2b9ef7b4 gb-headline-text\">Principe de fonctionnement de l'alimentateur vibrant \u00e9lectromagn\u00e9tique<\/h2>\n\n\n\n<p>L'alimentateur vibrant \u00e9lectromagn\u00e9tique utilise le principe de r\u00e9sonance des vibrations m\u00e9caniques, et la double masse fonctionne dans un \u00e9tat de quasi-r\u00e9sonance critique basse. Le mat\u00e9riau dans la goutti\u00e8re d'alimentation est continuellement projet\u00e9 vers le haut pendant le processus d'alimentation et avance en sautant selon une trajectoire parabolique. <\/p>\n\n\n\n<p>L'\u00e9quipement de contr\u00f4le de cette s\u00e9rie d'alimentateurs vibrants \u00e9lectromagn\u00e9tiques utilise un circuit de redressement demi-onde \u00e0 thyristors (SCR), ce qui permet de r\u00e9gler facilement le d\u00e9bit d'alimentation en ajustant l'angle d'amor\u00e7age des thyristors lors de l'utilisation, et de r\u00e9aliser le contr\u00f4le centralis\u00e9 et automatis\u00e9 du processus de production.<\/p>\n\n\n<div class=\"gb-container gb-container-7650b871\">\n\n<a class=\"gb-button gb-button-80102c45 gb-button-text\" href=\"#popmake-622\">Obtenez un devis gratuit maintenant<\/a>\n\n<\/div>\n<\/div>\n<\/div>\n\n<div class=\"gb-container gb-container-435ad261\">\n<div class=\"gb-container gb-container-7dc79cc4\">\n\n<h2 class=\"gb-headline gb-headline-6fe5dee2 gb-headline-text\">Sp\u00e9cifications de l'alimentateur vibrant \u00e9lectromagn\u00e9tique<\/h2>\n\n\n\n<figure class=\"wp-block-table is-style-stripes\"><table class=\"has-fixed-layout\"><tbody><tr><td><strong>Mod\u00e8le<\/strong><\/td><td><strong>Capacit\u00e9 d'alimentation (t\/h)<\/strong><\/td><td><strong>Taille maximale admissible en entr\u00e9e (mm)<\/strong><\/td><td><strong>Puissance (W)<\/strong><\/td><td><strong>Tension (V)<\/strong><\/td><td><strong>Courant (A)<\/strong><\/td><td><strong>Double amplitude (mm)<\/strong><\/td><td><strong>\u00c9cart (mm)<\/strong><\/td><td><strong>Poids (kg)<\/strong><\/td><\/tr><tr><td>GZ1<\/td><td>5<\/td><td>50<\/td><td>60<\/td><td>220<\/td><td>1\u2264<\/td><td>1.75<\/td><td>1.9-2.2<\/td><td>75<\/td><\/tr><tr><td>GZ2<\/td><td>10<\/td><td>60<\/td><td>150<\/td><td>220<\/td><td>2,3\u2264<\/td><td>1.75<\/td><td>1.9-2.2<\/td><td>155<\/td><\/tr><tr><td>GZ3<\/td><td>25<\/td><td>70<\/td><td>200<\/td><td>220<\/td><td>3,8\u2264<\/td><td>1.75<\/td><td>1.9-2.2<\/td><td>225<\/td><\/tr><tr><td>GZ4<\/td><td>50<\/td><td>100<\/td><td>450<\/td><td>220<\/td><td>7\u2264<\/td><td>1.75<\/td><td>1.9-2.2<\/td><td>460<\/td><\/tr><tr><td>GZ5<\/td><td>100<\/td><td>150<\/td><td>650<\/td><td>220<\/td><td>10,6\u2264<\/td><td>1.75<\/td><td>1.9-2.2<\/td><td>656<\/td><\/tr><\/tbody><\/table><\/figure>\n\n\n<div class=\"gb-container gb-container-263d9700\">\n\n<a class=\"gb-button gb-button-a4cbb7be gb-button-text\" href=\"#popmake-622\">Obtenez un devis gratuit maintenant<\/a>\n\n<\/div>\n<\/div>\n<\/div>","protected":false},"excerpt":{"rendered":"<p>Electromagnetic vibrating feeder Introduction of electromagnetic vibrating feeder The electromagnetic vibrating feeder is used to uniformly or quantitatively supply materials from the storage bin or other storage equipment to the receiving equipment. It is an important equipment for automatic flow operation. It is divided into two types: open type and closed type. Electromagnetic vibrating feeder &#8230; <\/p>\n<p class=\"read-more-container\"><a title=\"4-1. Alimentateur vibrant \u00e9lectromagn\u00e9tique\" class=\"read-more button\" href=\"https:\/\/hengxingmachinery.com\/fr\/electromagnetic-vibrating-feeder\/#more-2586\" aria-label=\"En savoir plus sur 4-1. Electromagnetic vibrating feeder\">Lire plus<\/a><\/p>","protected":false},"author":1,"featured_media":0,"parent":0,"menu_order":0,"comment_status":"closed","ping_status":"closed","template":"","meta":{"footnotes":""},"class_list":["post-2586","page","type-page","status-publish"],"yoast_head":"<!-- This site is optimized with the Yoast SEO plugin v27.4 - https:\/\/yoast.com\/product\/yoast-seo-wordpress\/ -->\n<title>4-1. Electromagnetic vibrating feeder - Hengxing Machinery<\/title>\n<meta name=\"robots\" content=\"index, follow, max-snippet:-1, max-image-preview:large, max-video-preview:-1\" \/>\n<link rel=\"canonical\" href=\"https:\/\/hengxingmachinery.com\/fr\/electromagnetic-vibrating-feeder\/\" \/>\n<meta property=\"og:locale\" content=\"fr_FR\" \/>\n<meta property=\"og:type\" content=\"article\" \/>\n<meta property=\"og:title\" content=\"4-1. Electromagnetic vibrating feeder - Hengxing Machinery\" \/>\n<meta property=\"og:description\" content=\"Electromagnetic vibrating feeder Introduction of electromagnetic vibrating feeder The electromagnetic vibrating feeder is used to uniformly or quantitatively supply materials from the storage bin or other storage equipment to the receiving equipment. It is an important equipment for automatic flow operation. It is divided into two types: open type and closed type. Electromagnetic vibrating feeder ... Lire plus\" \/>\n<meta property=\"og:url\" content=\"https:\/\/hengxingmachinery.com\/fr\/electromagnetic-vibrating-feeder\/\" \/>\n<meta property=\"og:site_name\" content=\"Hengxing Machinery\" \/>\n<meta property=\"article:modified_time\" content=\"2025-03-21T09:38:02+00:00\" \/>\n<meta property=\"og:image\" content=\"https:\/\/hengxingmachinery.com\/wp-content\/uploads\/2025\/03\/electronmagnetic-vibrating-feeder-machine-for-sale.jpg\" \/>\n<meta name=\"twitter:card\" content=\"summary_large_image\" \/>\n<meta name=\"twitter:label1\" content=\"Dur\u00e9e de lecture estim\u00e9e\" \/>\n\t<meta name=\"twitter:data1\" content=\"3 minutes\" \/>\n<script type=\"application\/ld+json\" class=\"yoast-schema-graph\">{\"@context\":\"https:\\\/\\\/schema.org\",\"@graph\":[{\"@type\":\"WebPage\",\"@id\":\"https:\\\/\\\/hengxingmachinery.com\\\/electromagnetic-vibrating-feeder\\\/\",\"url\":\"https:\\\/\\\/hengxingmachinery.com\\\/electromagnetic-vibrating-feeder\\\/\",\"name\":\"4-1. Electromagnetic vibrating feeder - Hengxing Machinery\",\"isPartOf\":{\"@id\":\"https:\\\/\\\/hengxingmachinery.com\\\/#website\"},\"primaryImageOfPage\":{\"@id\":\"https:\\\/\\\/hengxingmachinery.com\\\/electromagnetic-vibrating-feeder\\\/#primaryimage\"},\"image\":{\"@id\":\"https:\\\/\\\/hengxingmachinery.com\\\/electromagnetic-vibrating-feeder\\\/#primaryimage\"},\"thumbnailUrl\":\"https:\\\/\\\/hengxingmachinery.com\\\/wp-content\\\/uploads\\\/2025\\\/03\\\/electronmagnetic-vibrating-feeder-machine-for-sale.jpg\",\"datePublished\":\"2025-03-21T09:38:01+00:00\",\"dateModified\":\"2025-03-21T09:38:02+00:00\",\"breadcrumb\":{\"@id\":\"https:\\\/\\\/hengxingmachinery.com\\\/electromagnetic-vibrating-feeder\\\/#breadcrumb\"},\"inLanguage\":\"fr-FR\",\"potentialAction\":[{\"@type\":\"ReadAction\",\"target\":[\"https:\\\/\\\/hengxingmachinery.com\\\/electromagnetic-vibrating-feeder\\\/\"]}]},{\"@type\":\"ImageObject\",\"inLanguage\":\"fr-FR\",\"@id\":\"https:\\\/\\\/hengxingmachinery.com\\\/electromagnetic-vibrating-feeder\\\/#primaryimage\",\"url\":\"https:\\\/\\\/hengxingmachinery.com\\\/wp-content\\\/uploads\\\/2025\\\/03\\\/electronmagnetic-vibrating-feeder-machine-for-sale.jpg\",\"contentUrl\":\"https:\\\/\\\/hengxingmachinery.com\\\/wp-content\\\/uploads\\\/2025\\\/03\\\/electronmagnetic-vibrating-feeder-machine-for-sale.jpg\"},{\"@type\":\"BreadcrumbList\",\"@id\":\"https:\\\/\\\/hengxingmachinery.com\\\/electromagnetic-vibrating-feeder\\\/#breadcrumb\",\"itemListElement\":[{\"@type\":\"ListItem\",\"position\":1,\"name\":\"Home\",\"item\":\"https:\\\/\\\/hengxingmachinery.com\\\/\"},{\"@type\":\"ListItem\",\"position\":2,\"name\":\"4-1. Electromagnetic vibrating feeder\"}]},{\"@type\":\"WebSite\",\"@id\":\"https:\\\/\\\/hengxingmachinery.com\\\/#website\",\"url\":\"https:\\\/\\\/hengxingmachinery.com\\\/\",\"name\":\"Hengxing Machinery\",\"description\":\"Leading Manufacturer of All Sorts of Mining Machinery\",\"publisher\":{\"@id\":\"https:\\\/\\\/hengxingmachinery.com\\\/#organization\"},\"potentialAction\":[{\"@type\":\"SearchAction\",\"target\":{\"@type\":\"EntryPoint\",\"urlTemplate\":\"https:\\\/\\\/hengxingmachinery.com\\\/?s={search_term_string}\"},\"query-input\":{\"@type\":\"PropertyValueSpecification\",\"valueRequired\":true,\"valueName\":\"search_term_string\"}}],\"inLanguage\":\"fr-FR\"},{\"@type\":\"Organization\",\"@id\":\"https:\\\/\\\/hengxingmachinery.com\\\/#organization\",\"name\":\"Hengxing Machinery\",\"url\":\"https:\\\/\\\/hengxingmachinery.com\\\/\",\"logo\":{\"@type\":\"ImageObject\",\"inLanguage\":\"fr-FR\",\"@id\":\"https:\\\/\\\/hengxingmachinery.com\\\/#\\\/schema\\\/logo\\\/image\\\/\",\"url\":\"https:\\\/\\\/hengxingmachinery.com\\\/wp-content\\\/uploads\\\/2024\\\/12\\\/logo.png\",\"contentUrl\":\"https:\\\/\\\/hengxingmachinery.com\\\/wp-content\\\/uploads\\\/2024\\\/12\\\/logo.png\",\"width\":400,\"height\":260,\"caption\":\"Hengxing Machinery\"},\"image\":{\"@id\":\"https:\\\/\\\/hengxingmachinery.com\\\/#\\\/schema\\\/logo\\\/image\\\/\"}}]}<\/script>\n<!-- \/ Yoast SEO plugin. -->","yoast_head_json":{"title":"4-1. Alimentateur vibrant \u00e9lectromagn\u00e9tique - Hengxing Machinery","robots":{"index":"index","follow":"follow","max-snippet":"max-snippet:-1","max-image-preview":"max-image-preview:large","max-video-preview":"max-video-preview:-1"},"canonical":"https:\/\/hengxingmachinery.com\/fr\/electromagnetic-vibrating-feeder\/","og_locale":"fr_FR","og_type":"article","og_title":"4-1. Electromagnetic vibrating feeder - Hengxing Machinery","og_description":"Electromagnetic vibrating feeder Introduction of electromagnetic vibrating feeder The electromagnetic vibrating feeder is used to uniformly or quantitatively supply materials from the storage bin or other storage equipment to the receiving equipment. It is an important equipment for automatic flow operation. It is divided into two types: open type and closed type. Electromagnetic vibrating feeder ... Lire plus","og_url":"https:\/\/hengxingmachinery.com\/fr\/electromagnetic-vibrating-feeder\/","og_site_name":"Hengxing Machinery","article_modified_time":"2025-03-21T09:38:02+00:00","og_image":[{"url":"https:\/\/hengxingmachinery.com\/wp-content\/uploads\/2025\/03\/electronmagnetic-vibrating-feeder-machine-for-sale.jpg","type":"","width":"","height":""}],"twitter_card":"summary_large_image","twitter_misc":{"Dur\u00e9e de lecture estim\u00e9e":"3 minutes"},"schema":{"@context":"https:\/\/schema.org","@graph":[{"@type":"WebPage","@id":"https:\/\/hengxingmachinery.com\/electromagnetic-vibrating-feeder\/","url":"https:\/\/hengxingmachinery.com\/electromagnetic-vibrating-feeder\/","name":"4-1. Alimentateur vibrant \u00e9lectromagn\u00e9tique - Hengxing Machinery","isPartOf":{"@id":"https:\/\/hengxingmachinery.com\/#website"},"primaryImageOfPage":{"@id":"https:\/\/hengxingmachinery.com\/electromagnetic-vibrating-feeder\/#primaryimage"},"image":{"@id":"https:\/\/hengxingmachinery.com\/electromagnetic-vibrating-feeder\/#primaryimage"},"thumbnailUrl":"https:\/\/hengxingmachinery.com\/wp-content\/uploads\/2025\/03\/electronmagnetic-vibrating-feeder-machine-for-sale.jpg","datePublished":"2025-03-21T09:38:01+00:00","dateModified":"2025-03-21T09:38:02+00:00","breadcrumb":{"@id":"https:\/\/hengxingmachinery.com\/electromagnetic-vibrating-feeder\/#breadcrumb"},"inLanguage":"fr-FR","potentialAction":[{"@type":"ReadAction","target":["https:\/\/hengxingmachinery.com\/electromagnetic-vibrating-feeder\/"]}]},{"@type":"ImageObject","inLanguage":"fr-FR","@id":"https:\/\/hengxingmachinery.com\/electromagnetic-vibrating-feeder\/#primaryimage","url":"https:\/\/hengxingmachinery.com\/wp-content\/uploads\/2025\/03\/electronmagnetic-vibrating-feeder-machine-for-sale.jpg","contentUrl":"https:\/\/hengxingmachinery.com\/wp-content\/uploads\/2025\/03\/electronmagnetic-vibrating-feeder-machine-for-sale.jpg"},{"@type":"BreadcrumbList","@id":"https:\/\/hengxingmachinery.com\/electromagnetic-vibrating-feeder\/#breadcrumb","itemListElement":[{"@type":"ListItem","position":1,"name":"Home","item":"https:\/\/hengxingmachinery.com\/"},{"@type":"ListItem","position":2,"name":"4-1. Electromagnetic vibrating feeder"}]},{"@type":"WebSite","@id":"https:\/\/hengxingmachinery.com\/#website","url":"https:\/\/hengxingmachinery.com\/","name":"Machines Hengxing","description":"Fabricant leader de toutes sortes de machines mini\u00e8res","publisher":{"@id":"https:\/\/hengxingmachinery.com\/#organization"},"potentialAction":[{"@type":"SearchAction","target":{"@type":"EntryPoint","urlTemplate":"https:\/\/hengxingmachinery.com\/?s={search_term_string}"},"query-input":{"@type":"PropertyValueSpecification","valueRequired":true,"valueName":"search_term_string"}}],"inLanguage":"fr-FR"},{"@type":"Organization","@id":"https:\/\/hengxingmachinery.com\/#organization","name":"Machines Hengxing","url":"https:\/\/hengxingmachinery.com\/","logo":{"@type":"ImageObject","inLanguage":"fr-FR","@id":"https:\/\/hengxingmachinery.com\/#\/schema\/logo\/image\/","url":"https:\/\/hengxingmachinery.com\/wp-content\/uploads\/2024\/12\/logo.png","contentUrl":"https:\/\/hengxingmachinery.com\/wp-content\/uploads\/2024\/12\/logo.png","width":400,"height":260,"caption":"Hengxing Machinery"},"image":{"@id":"https:\/\/hengxingmachinery.com\/#\/schema\/logo\/image\/"}}]}},"_links":{"self":[{"href":"https:\/\/hengxingmachinery.com\/fr\/wp-json\/wp\/v2\/pages\/2586","targetHints":{"allow":["GET"]}}],"collection":[{"href":"https:\/\/hengxingmachinery.com\/fr\/wp-json\/wp\/v2\/pages"}],"about":[{"href":"https:\/\/hengxingmachinery.com\/fr\/wp-json\/wp\/v2\/types\/page"}],"author":[{"embeddable":true,"href":"https:\/\/hengxingmachinery.com\/fr\/wp-json\/wp\/v2\/users\/1"}],"replies":[{"embeddable":true,"href":"https:\/\/hengxingmachinery.com\/fr\/wp-json\/wp\/v2\/comments?post=2586"}],"version-history":[{"count":3,"href":"https:\/\/hengxingmachinery.com\/fr\/wp-json\/wp\/v2\/pages\/2586\/revisions"}],"predecessor-version":[{"id":2623,"href":"https:\/\/hengxingmachinery.com\/fr\/wp-json\/wp\/v2\/pages\/2586\/revisions\/2623"}],"wp:attachment":[{"href":"https:\/\/hengxingmachinery.com\/fr\/wp-json\/wp\/v2\/media?parent=2586"}],"curies":[{"name":"wp","href":"https:\/\/api.w.org\/{rel}","templated":true}]}}