{"id":2588,"date":"2025-03-21T09:41:17","date_gmt":"2025-03-21T09:41:17","guid":{"rendered":"https:\/\/hengxingmachinery.com\/?page_id=2588"},"modified":"2025-03-21T09:41:18","modified_gmt":"2025-03-21T09:41:18","slug":"linear-vibrating-screen","status":"publish","type":"page","link":"https:\/\/hengxingmachinery.com\/fr\/linear-vibrating-screen\/","title":{"rendered":"4-1. \u00a0Crible vibrant lin\u00e9aire"},"content":{"rendered":"<div class=\"gb-container gb-container-45165f5a\">\n<div class=\"gb-container gb-container-c2652eb4\">\n\n<h1 class=\"gb-headline gb-headline-62a8b2cc gb-headline-text\">Crible vibrant lin\u00e9aire<\/h1>\n\n<\/div>\n<\/div>\n\n<div class=\"gb-container gb-container-519cf624\">\n<div class=\"gb-container gb-container-71ca071e\">\n<div class=\"gb-grid-wrapper gb-grid-wrapper-8a5f0688\">\n<div class=\"gb-grid-column gb-grid-column-1e99b1c2\"><div class=\"gb-container gb-container-1e99b1c2\">\n\n<figure class=\"gb-block-image gb-block-image-e4eaba54\"><img decoding=\"async\" width=\"665\" height=\"545\" class=\"gb-image gb-image-e4eaba54\" src=\"https:\/\/hengxingmachinery.com\/wp-content\/uploads\/2025\/03\/linear-vibrating-screen-machine.jpg\" alt=\"\" title=\"Crible vibrant lin\u00e9aire\" srcset=\"https:\/\/hengxingmachinery.com\/wp-content\/uploads\/2025\/03\/linear-vibrating-screen-machine.jpg 665w, https:\/\/hengxingmachinery.com\/wp-content\/uploads\/2025\/03\/linear-vibrating-screen-machine-300x246.jpg 300w, https:\/\/hengxingmachinery.com\/wp-content\/uploads\/2025\/03\/linear-vibrating-screen-machine-15x12.jpg 15w\" sizes=\"(max-width: 665px) 100vw, 665px\" \/><\/figure>\n\n<\/div><\/div>\n\n<div class=\"gb-grid-column gb-grid-column-bcae065b\"><div class=\"gb-container gb-container-bcae065b\">\n\n<p><\/p>\n\n\n\n<p>La table \u00e0 secousses est l'un des principaux \u00e9quipements de concentration par gravit\u00e9. Elle est non seulement largement utilis\u00e9e pour la s\u00e9paration du tungst\u00e8ne, de l'\u00e9tain, du tantale-niobium et d'autres m\u00e9taux rares ainsi que des minerais de m\u00e9taux pr\u00e9cieux. <\/p>\n\n\n\n<p>Elle est \u00e9galement largement employ\u00e9e pour la s\u00e9paration de l'or, de l'argent, de l'\u00e9tain, du niobium, du tantale, du titane, du baryum, du tungst\u00e8ne, du fer, du chrome, du mangan\u00e8se, du zirconium, du plomb, du zinc, du mercure, du cuivre, de l'aluminium, etc. La plage granulom\u00e9trique efficace de r\u00e9cup\u00e9ration de la table \u00e0 secousses est de 2 \u00e0 0,22 millim\u00e8tres.<\/p>\n\n\n<div class=\"gb-container gb-container-256e15f1\">\n\n<a class=\"gb-button gb-button-e8b73d89 gb-button-text\" href=\"#popmake-622\">Obtenez un devis gratuit maintenant<\/a>\n\n<\/div>\n<\/div><\/div>\n<\/div>\n<\/div>\n<\/div>\n\n<div class=\"gb-container gb-container-c0200787\">\n<div class=\"gb-container gb-container-1d97c93d\">\n\n<h2 class=\"gb-headline gb-headline-3d5fa577 gb-headline-text\">Application du crible vibrant lin\u00e9aire<\/h2>\n\n\n\n<figure class=\"gb-block-image gb-block-image-230c53d3\"><img decoding=\"async\" width=\"800\" height=\"500\" class=\"gb-image gb-image-230c53d3\" src=\"https:\/\/hengxingmachinery.com\/wp-content\/uploads\/2025\/03\/linear-vibrating-screen-for-sale.jpg\" alt=\"\" title=\"Crible vibrant lin\u00e9aire \u00e0 vendre\" srcset=\"https:\/\/hengxingmachinery.com\/wp-content\/uploads\/2025\/03\/linear-vibrating-screen-for-sale.jpg 800w, https:\/\/hengxingmachinery.com\/wp-content\/uploads\/2025\/03\/linear-vibrating-screen-for-sale-300x188.jpg 300w, https:\/\/hengxingmachinery.com\/wp-content\/uploads\/2025\/03\/linear-vibrating-screen-for-sale-768x480.jpg 768w, https:\/\/hengxingmachinery.com\/wp-content\/uploads\/2025\/03\/linear-vibrating-screen-for-sale-18x12.jpg 18w\" sizes=\"(max-width: 800px) 100vw, 800px\" \/><\/figure>\n\n\n\n<p><\/p>\n\n\n\n<p>Il convient au tamisage de tout mat\u00e9riau sec de 0,74 mm \u00e0 5 mm, la taille maximale des particules \u00e9tant de 10 mm. Il est largement utilis\u00e9 dans les industries chimique, alimentaire, plastique, pharmaceutique, m\u00e9tallurgique, verri\u00e8re, des mat\u00e9riaux de construction, des engrais, des abrasifs, de la c\u00e9ramique, etc.<\/p>\n\n\n\n<p>1)<strong>Industrie chimique : <\/strong>r\u00e9sine, pigment, m\u00e9dicament, graisse, peinture, palette de couleurs, etc.<\/p>\n\n\n\n<p>2)<strong>Industrie des mat\u00e9riaux abrasifs et de la c\u00e9ramique<\/strong>: sable de construction, mica, alumine, abrasif, mat\u00e9riau r\u00e9fractaire, boue, etc.<\/p>\n\n\n\n<p>3)<strong>Industrie alimentaire :<\/strong> sucre, sel, alcali, glutamate, amidon, lait en poudre, levure en poudre, pollen, additif alimentaire, lait de soja, jus, etc.<\/p>\n\n\n\n<p>4)<strong>Industrie papeti\u00e8re : <\/strong>boue couch\u00e9e, liquide d'\u00e9vacuation, liquide de papeterie et r\u00e9cup\u00e9ration des eaux us\u00e9es, etc.<\/p>\n\n\n\n<p>5)<strong>Industrie m\u00e9tallurgique et mini\u00e8re : <\/strong>sable de quartz, minerai, oxyde de titane, oxyde de zinc, etc.<\/p>\n\n\n\n<p>6)<strong>Industrie m\u00e9canique : <\/strong>sable de fonderie, m\u00e9tallurgie des poudres, mat\u00e9riau \u00e9lectromagn\u00e9tique, poudre m\u00e9tallique, etc.<\/p>\n\n\n<div class=\"gb-container gb-container-9eeb6cec\">\n\n<a class=\"gb-button gb-button-d1324b3c gb-button-text\" href=\"#popmake-622\">Obtenez un devis gratuit maintenant<\/a>\n\n<\/div>\n<\/div>\n<\/div>\n\n<div class=\"gb-container gb-container-ebd718b6\">\n<div class=\"gb-container gb-container-5c75b960\">\n\n<h2 class=\"gb-headline gb-headline-98859344 gb-headline-text\">Caract\u00e9ristiques du crible vibrant lin\u00e9aire<\/h2>\n\n\n\n<p>1) Production continue, filtration par classification automatique monocouche ou multicouche.<\/p>\n\n\n\n<p>2) Bonne \u00e9tanch\u00e9it\u00e9, aucune \u00e9mission de poussi\u00e8re.<\/p>\n\n\n\n<p>3) \u00c9conomie d'\u00e9nergie et faible bruit gr\u00e2ce \u00e0 un moteur vibrant.<\/p>\n\n\n\n<p>4) D\u00e9marrage rapide et arr\u00eat en douceur.<\/p>\n\n\n\n<p>5) Installation simple, fonctionnement et maintenance faciles.<\/p>\n\n\n\n<p>6) Taux d'utilisation \u00e9lev\u00e9 du tamis, grande surface unitaire, peu sujet aux blocages, remplacement facile du tamis.<\/p>\n\n\n\n<p>7) Tamisage de haute pr\u00e9cision atteignant 96% ou plus, grande capacit\u00e9 de traitement.<\/p>\n\n\n<div class=\"gb-container gb-container-d6bbf16a\">\n\n<a class=\"gb-button gb-button-caa3f2bc gb-button-text\" href=\"#popmake-622\">Obtenez un devis gratuit maintenant<\/a>\n\n<\/div>\n<\/div>\n<\/div>\n\n<div class=\"gb-container gb-container-fe5a357d\">\n<div class=\"gb-container gb-container-02aab42a\">\n\n<h2 class=\"gb-headline gb-headline-c59afbb8 gb-headline-text\">Principe de fonctionnement du crible vibrant lin\u00e9aire<\/h2>\n\n\n\n<p>Le crible vibrant lin\u00e9aire est principalement constitu\u00e9 d'un vibrateur \u00e0 masse excentrique, d'une bo\u00eete de tamisage, d'un moteur et d'un dispositif de support. Par l'interm\u00e9diaire d'un accouplement flexible, le moteur entra\u00eene la masse excentrique du vibrateur \u00e0 haute vitesse de rotation, g\u00e9n\u00e9rant une force centrifuge, ce qui conduit la bo\u00eete de tamisage \u00e0 effectuer un mouvement circulaire selon l'amplitude. Ensuite, les mat\u00e9riaux sur la surface inclin\u00e9e du tamis sont continuellement projet\u00e9s par la force g\u00e9n\u00e9r\u00e9e par la bo\u00eete de tamisage, permettant ainsi d'atteindre l'objectif de classification.\u00a0<\/p>\n\n\n<div class=\"gb-container gb-container-e6e1dbf6\">\n\n<a class=\"gb-button gb-button-be43af21 gb-button-text\" href=\"#popmake-622\">Obtenez un devis gratuit maintenant<\/a>\n\n<\/div>\n<\/div>\n<\/div>\n\n<div class=\"gb-container gb-container-435ad261\">\n<div class=\"gb-container gb-container-7dc79cc4\">\n\n<h2 class=\"gb-headline gb-headline-6fe5dee2 gb-headline-text\">Sp\u00e9cifications du crible vibrant lin\u00e9aire<\/h2>\n\n\n\n<figure class=\"wp-block-table is-style-stripes\"><table class=\"has-fixed-layout\"><tbody><tr><td><strong>Mod\u00e8le<\/strong><\/td><td><strong>Taille du tamis<\/strong><\/td><td><strong>Couches de surface de tamisage<\/strong><\/td><td><strong>Taille de maille<\/strong><\/td><td><strong>Capacit\u00e9<\/strong><\/td><td><strong>Fr\u00e9quence de vibration<\/strong><\/td><td><strong>Double amplitude<\/strong><\/td><td><strong>Puissance du moteur<\/strong><\/td><td><strong>Angle de direction de vibration<\/strong><\/td><td><strong>Dimensions (L \u00d7 l \u00d7 H)<\/strong><\/td><\/tr><tr><td>DZSF520<\/td><td>&nbsp;<\/td><td>1-6<\/td><td>2-200<\/td><td>0.05-5<\/td><td>960<\/td><td>6-7<\/td><td>2\u00d70,4<\/td><td>45-60<\/td><td>2140\u00d7808\u00d7848<\/td><\/tr><tr><td>2DZSF520<\/td><td>500\u00d72000<\/td><td>1-6<\/td><td>2-200<\/td><td>0.05-5<\/td><td>960<\/td><td>6-7<\/td><td>2\u00d70,4<\/td><td>45-60<\/td><td>2199\u00d7808\u00d7878<\/td><\/tr><tr><td>3DZSF520<\/td><td>500\u00d72500<\/td><td>1-6<\/td><td>2-200<\/td><td>0.03-5<\/td><td>1450<\/td><td>4-6<\/td><td>2\u00d70,4<\/td><td>45<\/td><td>2256\u00d7808\u00d7938<\/td><\/tr><tr><td>DZSF525<\/td><td>500\u00d72500<\/td><td>1-6<\/td><td>2-200<\/td><td>0.06-8<\/td><td>960<\/td><td>5-7<\/td><td>2\u00d70,4<\/td><td>45-60<\/td><td>2642\u00d7808\u00d7848<\/td><\/tr><tr><td>2DZSF525<\/td><td>500\u00d72500<\/td><td>1-6<\/td><td>2-200<\/td><td>0.06-8<\/td><td>1450<\/td><td>4-6<\/td><td>2\u00d70,4<\/td><td>45<\/td><td>2699\u00d7808\u00d7878<\/td><\/tr><tr><td>3DZSF525<\/td><td>500\u00d72500<\/td><td>1-6<\/td><td>2-200<\/td><td>0.06-8<\/td><td>960<\/td><td>6-8<\/td><td>2\u00d70,75<\/td><td>45-60<\/td><td>2750\u00d7808\u00d7938<\/td><\/tr><tr><td>4DZSF525<\/td><td>500\u00d72500<\/td><td>1-6<\/td><td>2-200<\/td><td>0.1-15<\/td><td>1450<\/td><td>5-7<\/td><td>2\u00d70,4<\/td><td>45<\/td><td>2813\u00d7808\u00d71000<\/td><\/tr><tr><td>5DZSF525<\/td><td>500\u00d72500<\/td><td>1-6<\/td><td>2-200<\/td><td>0.08-15<\/td><td>1450<\/td><td>5-7<\/td><td>2\u00d70,4<\/td><td>45<\/td><td>2883\u00d7808\u00d71060<\/td><\/tr><tr><td>6DZSF525<\/td><td>500\u00d72500<\/td><td>1-6<\/td><td>2-200<\/td><td>0.07-15<\/td><td>960<\/td><td>6-8<\/td><td>2\u00d70,75<\/td><td>45-60<\/td><td>2953\u00d7808\u00d71120<\/td><\/tr><tr><td>DZSF1020<\/td><td>1000\u00d72000<\/td><td>1<\/td><td>2-200<\/td><td>0.12-20<\/td><td>960<\/td><td>6-8<\/td><td>2\u00d70,75<\/td><td>45-60<\/td><td>2152\u00d71320\u00d7900<\/td><\/tr><tr><td>2DZSF1020<\/td><td>1000\u00d72000<\/td><td>2<\/td><td>2-200<\/td><td>0.11-20<\/td><td>960<\/td><td>5-7<\/td><td>2\u00d70,75<\/td><td>45-60<\/td><td>2219\u00d71320\u00d7960<\/td><\/tr><tr><td>3DZSF1020<\/td><td>1000\u00d72000<\/td><td>3<\/td><td>2-200<\/td><td>0.10-2<\/td><td>960<\/td><td>5-7<\/td><td>2\u00d70,75<\/td><td>45-60<\/td><td>2286\u00d71320\u00d71030<\/td><\/tr><tr><td>4DZSF1020<\/td><td>1000\u00d72000<\/td><td>4<\/td><td>2-200<\/td><td>0.07-15<\/td><td>960<\/td><td>4-8<\/td><td>2\u00d70,75<\/td><td>45-60<\/td><td>2353\u00d71320\u00d71100<\/td><\/tr><tr><td>5DZSF1020<\/td><td>1000\u00d72000<\/td><td>5<\/td><td>2-200<\/td><td>0.07-15<\/td><td>960<\/td><td>4-8<\/td><td>2\u00d71,5<\/td><td>45-60<\/td><td>2420\u00d71320\u00d71160<\/td><\/tr><tr><td>6DZSF1020<\/td><td>1000\u00d72000<\/td><td>6<\/td><td>2-200<\/td><td>0.07-15<\/td><td>960<\/td><td>4-8<\/td><td>2\u00d71,5<\/td><td>45-60<\/td><td>2487\u00d71320\u00d71220<\/td><\/tr><tr><td>DZSF1025<\/td><td>1000\u00d72500<\/td><td>1<\/td><td>2-200<\/td><td>0.1-15<\/td><td>1450<\/td><td>5-7<\/td><td>2\u00d70,4<\/td><td>45<\/td><td>2203\u00d71320\u00d7900<\/td><\/tr><tr><td>2DZSF1025<\/td><td>1000\u00d72500<\/td><td>2<\/td><td>2-200<\/td><td>0.08-15<\/td><td>1450<\/td><td>5-7<\/td><td>2\u00d70,4<\/td><td>45<\/td><td>2269\u00d71320\u00d7960<\/td><\/tr><tr><td>3DZSF1025<\/td><td>1000\u00d72500<\/td><td>3<\/td><td>2-200<\/td><td>0.07-15<\/td><td>960<\/td><td>6-8<\/td><td>2\u00d70,75<\/td><td>45-60<\/td><td>2336\u00d71320\u00d71030<\/td><\/tr><tr><td>DZSF830<\/td><td>800\u00d73000<\/td><td>1<\/td><td>2-200<\/td><td>0.1-20<\/td><td>960<\/td><td>6-8<\/td><td>2\u00d70,75<\/td><td>45-60<\/td><td>3080\u00d71098\u00d71120<\/td><\/tr><tr><td>2DZSF830<\/td><td>800\u00d73000<\/td><td>2<\/td><td>2-200<\/td><td>0.1-20<\/td><td>960<\/td><td>6-8<\/td><td>2\u00d70,75<\/td><td>45-60<\/td><td>3140\u00d71098\u00d71180<\/td><\/tr><tr><td>3DZSF830<\/td><td>800\u00d73000<\/td><td>3<\/td><td>2-200<\/td><td>0.1-20<\/td><td>960<\/td><td>6-8<\/td><td>2\u00d71,5<\/td><td>45-60<\/td><td>3200\u00d71098\u00d71240<\/td><\/tr><tr><td>DZSF1030<\/td><td>1000\u00d73000<\/td><td>1<\/td><td>2-200<\/td><td>0.1-20<\/td><td>960<\/td><td>6-8<\/td><td>2\u00d70,75<\/td><td>45-60<\/td><td>3152\u00d71340\u00d71120<\/td><\/tr><tr><td>2DZSF1030<\/td><td>1000\u00d73000<\/td><td>2<\/td><td>2-200<\/td><td>0.1-20<\/td><td>960<\/td><td>6-8<\/td><td>2\u00d71,5<\/td><td>45-60<\/td><td>3219\u00d71340\u00d71120<\/td><\/tr><tr><td>3DZSF1030<\/td><td>1000\u00d73000<\/td><td>3<\/td><td>2-200<\/td><td>0.1-20<\/td><td>960<\/td><td>6-8<\/td><td>2\u00d71,5<\/td><td>45-60<\/td><td>3286\u00d71340\u00d71120<\/td><\/tr><tr><td>DZSF1224<\/td><td>1200\u00d72400<\/td><td>1<\/td><td>2-200<\/td><td>0.1-23<\/td><td>960<\/td><td>6-8<\/td><td>2\u00d70,75<\/td><td>45-60<\/td><td>2480\u00d71520\u00d71100<\/td><\/tr><tr><td>2DZSF1224<\/td><td>1200\u00d72400<\/td><td>2<\/td><td>2-200<\/td><td>0.1-23<\/td><td>960<\/td><td>6-8<\/td><td>2\u00d70,75<\/td><td>45-60<\/td><td>2540\u00d71520\u00d71160<\/td><\/tr><tr><td>3DZSF1224<\/td><td>1200\u00d72400<\/td><td>3<\/td><td>2-200<\/td><td>0.1-23<\/td><td>960<\/td><td>6-8<\/td><td>2\u00d71,5<\/td><td>45-60<\/td><td>2600\u00d71520\u00d71220<\/td><\/tr><\/tbody><\/table><\/figure>\n\n\n<div class=\"gb-container gb-container-263d9700\">\n\n<a class=\"gb-button gb-button-a4cbb7be gb-button-text\" href=\"#popmake-622\">Obtenez un devis gratuit maintenant<\/a>\n\n<\/div>\n<\/div>\n<\/div>","protected":false},"excerpt":{"rendered":"<p>Linear\u00a0vibrating\u00a0screen Application of linear\u00a0vibrating\u00a0screen It is suitable for any dry material screening from 0.74mm-5mm., the largest particle size is 10mm. It is widely used in chemical, food, plastics, pharmaceuticals, metallurgy, glass, building materials, food, fertilizers, abrasives, ceramics and other industries. 1)Chemical industry: resin pigment, medicine, grease, paint, palette, etc. 2)Abrasive material and ceramic industry: building &#8230; <\/p>\n<p class=\"read-more-container\"><a title=\"4-1. \u00a0Crible vibrant lin\u00e9aire\" class=\"read-more button\" href=\"https:\/\/hengxingmachinery.com\/fr\/linear-vibrating-screen\/#more-2588\" aria-label=\"En savoir plus sur 4-1. \u00a0Linear\u00a0vibrating\u00a0screen\">Lire plus<\/a><\/p>","protected":false},"author":1,"featured_media":0,"parent":0,"menu_order":0,"comment_status":"closed","ping_status":"closed","template":"","meta":{"footnotes":""},"class_list":["post-2588","page","type-page","status-publish"],"yoast_head":"<!-- This site is optimized with the Yoast SEO plugin v27.4 - https:\/\/yoast.com\/product\/yoast-seo-wordpress\/ -->\n<title>4-1. \u00a0Linear\u00a0vibrating\u00a0screen - Hengxing Machinery<\/title>\n<meta name=\"robots\" content=\"index, follow, max-snippet:-1, max-image-preview:large, max-video-preview:-1\" \/>\n<link rel=\"canonical\" href=\"https:\/\/hengxingmachinery.com\/fr\/linear-vibrating-screen\/\" \/>\n<meta property=\"og:locale\" content=\"fr_FR\" \/>\n<meta property=\"og:type\" content=\"article\" \/>\n<meta property=\"og:title\" content=\"4-1. \u00a0Linear\u00a0vibrating\u00a0screen - Hengxing Machinery\" \/>\n<meta property=\"og:description\" content=\"Linear\u00a0vibrating\u00a0screen Application of linear\u00a0vibrating\u00a0screen It is suitable for any dry material screening from 0.74mm-5mm., the largest particle size is 10mm. It is widely used in chemical, food, plastics, pharmaceuticals, metallurgy, glass, building materials, food, fertilizers, abrasives, ceramics and other industries. 1)Chemical industry: resin pigment, medicine, grease, paint, palette, etc. 2)Abrasive material and ceramic industry: building ... Lire plus\" \/>\n<meta property=\"og:url\" content=\"https:\/\/hengxingmachinery.com\/fr\/linear-vibrating-screen\/\" \/>\n<meta property=\"og:site_name\" content=\"Hengxing Machinery\" \/>\n<meta property=\"article:modified_time\" content=\"2025-03-21T09:41:18+00:00\" \/>\n<meta property=\"og:image\" content=\"https:\/\/hengxingmachinery.com\/wp-content\/uploads\/2025\/03\/linear-vibrating-screen-machine.jpg\" \/>\n<meta name=\"twitter:card\" content=\"summary_large_image\" \/>\n<meta name=\"twitter:label1\" content=\"Dur\u00e9e de lecture estim\u00e9e\" \/>\n\t<meta name=\"twitter:data1\" content=\"4 minutes\" \/>\n<script type=\"application\/ld+json\" class=\"yoast-schema-graph\">{\"@context\":\"https:\\\/\\\/schema.org\",\"@graph\":[{\"@type\":\"WebPage\",\"@id\":\"https:\\\/\\\/hengxingmachinery.com\\\/linear-vibrating-screen\\\/\",\"url\":\"https:\\\/\\\/hengxingmachinery.com\\\/linear-vibrating-screen\\\/\",\"name\":\"4-1. \u00a0Linear\u00a0vibrating\u00a0screen - Hengxing Machinery\",\"isPartOf\":{\"@id\":\"https:\\\/\\\/hengxingmachinery.com\\\/#website\"},\"primaryImageOfPage\":{\"@id\":\"https:\\\/\\\/hengxingmachinery.com\\\/linear-vibrating-screen\\\/#primaryimage\"},\"image\":{\"@id\":\"https:\\\/\\\/hengxingmachinery.com\\\/linear-vibrating-screen\\\/#primaryimage\"},\"thumbnailUrl\":\"https:\\\/\\\/hengxingmachinery.com\\\/wp-content\\\/uploads\\\/2025\\\/03\\\/linear-vibrating-screen-machine.jpg\",\"datePublished\":\"2025-03-21T09:41:17+00:00\",\"dateModified\":\"2025-03-21T09:41:18+00:00\",\"breadcrumb\":{\"@id\":\"https:\\\/\\\/hengxingmachinery.com\\\/linear-vibrating-screen\\\/#breadcrumb\"},\"inLanguage\":\"fr-FR\",\"potentialAction\":[{\"@type\":\"ReadAction\",\"target\":[\"https:\\\/\\\/hengxingmachinery.com\\\/linear-vibrating-screen\\\/\"]}]},{\"@type\":\"ImageObject\",\"inLanguage\":\"fr-FR\",\"@id\":\"https:\\\/\\\/hengxingmachinery.com\\\/linear-vibrating-screen\\\/#primaryimage\",\"url\":\"https:\\\/\\\/hengxingmachinery.com\\\/wp-content\\\/uploads\\\/2025\\\/03\\\/linear-vibrating-screen-machine.jpg\",\"contentUrl\":\"https:\\\/\\\/hengxingmachinery.com\\\/wp-content\\\/uploads\\\/2025\\\/03\\\/linear-vibrating-screen-machine.jpg\"},{\"@type\":\"BreadcrumbList\",\"@id\":\"https:\\\/\\\/hengxingmachinery.com\\\/linear-vibrating-screen\\\/#breadcrumb\",\"itemListElement\":[{\"@type\":\"ListItem\",\"position\":1,\"name\":\"Home\",\"item\":\"https:\\\/\\\/hengxingmachinery.com\\\/\"},{\"@type\":\"ListItem\",\"position\":2,\"name\":\"4-1. \u00a0Linear\u00a0vibrating\u00a0screen\"}]},{\"@type\":\"WebSite\",\"@id\":\"https:\\\/\\\/hengxingmachinery.com\\\/#website\",\"url\":\"https:\\\/\\\/hengxingmachinery.com\\\/\",\"name\":\"Hengxing Machinery\",\"description\":\"Leading Manufacturer of All Sorts of Mining Machinery\",\"publisher\":{\"@id\":\"https:\\\/\\\/hengxingmachinery.com\\\/#organization\"},\"potentialAction\":[{\"@type\":\"SearchAction\",\"target\":{\"@type\":\"EntryPoint\",\"urlTemplate\":\"https:\\\/\\\/hengxingmachinery.com\\\/?s={search_term_string}\"},\"query-input\":{\"@type\":\"PropertyValueSpecification\",\"valueRequired\":true,\"valueName\":\"search_term_string\"}}],\"inLanguage\":\"fr-FR\"},{\"@type\":\"Organization\",\"@id\":\"https:\\\/\\\/hengxingmachinery.com\\\/#organization\",\"name\":\"Hengxing Machinery\",\"url\":\"https:\\\/\\\/hengxingmachinery.com\\\/\",\"logo\":{\"@type\":\"ImageObject\",\"inLanguage\":\"fr-FR\",\"@id\":\"https:\\\/\\\/hengxingmachinery.com\\\/#\\\/schema\\\/logo\\\/image\\\/\",\"url\":\"https:\\\/\\\/hengxingmachinery.com\\\/wp-content\\\/uploads\\\/2024\\\/12\\\/logo.png\",\"contentUrl\":\"https:\\\/\\\/hengxingmachinery.com\\\/wp-content\\\/uploads\\\/2024\\\/12\\\/logo.png\",\"width\":400,\"height\":260,\"caption\":\"Hengxing Machinery\"},\"image\":{\"@id\":\"https:\\\/\\\/hengxingmachinery.com\\\/#\\\/schema\\\/logo\\\/image\\\/\"}}]}<\/script>\n<!-- \/ Yoast SEO plugin. -->","yoast_head_json":{"title":"4-1. \u00a0Crible vibrant lin\u00e9aire - Hengxing Machinery","robots":{"index":"index","follow":"follow","max-snippet":"max-snippet:-1","max-image-preview":"max-image-preview:large","max-video-preview":"max-video-preview:-1"},"canonical":"https:\/\/hengxingmachinery.com\/fr\/linear-vibrating-screen\/","og_locale":"fr_FR","og_type":"article","og_title":"4-1. \u00a0Linear\u00a0vibrating\u00a0screen - Hengxing Machinery","og_description":"Linear\u00a0vibrating\u00a0screen Application of linear\u00a0vibrating\u00a0screen It is suitable for any dry material screening from 0.74mm-5mm., the largest particle size is 10mm. It is widely used in chemical, food, plastics, pharmaceuticals, metallurgy, glass, building materials, food, fertilizers, abrasives, ceramics and other industries. 1)Chemical industry: resin pigment, medicine, grease, paint, palette, etc. 2)Abrasive material and ceramic industry: building ... Lire plus","og_url":"https:\/\/hengxingmachinery.com\/fr\/linear-vibrating-screen\/","og_site_name":"Hengxing Machinery","article_modified_time":"2025-03-21T09:41:18+00:00","og_image":[{"url":"https:\/\/hengxingmachinery.com\/wp-content\/uploads\/2025\/03\/linear-vibrating-screen-machine.jpg","type":"","width":"","height":""}],"twitter_card":"summary_large_image","twitter_misc":{"Dur\u00e9e de lecture estim\u00e9e":"4 minutes"},"schema":{"@context":"https:\/\/schema.org","@graph":[{"@type":"WebPage","@id":"https:\/\/hengxingmachinery.com\/linear-vibrating-screen\/","url":"https:\/\/hengxingmachinery.com\/linear-vibrating-screen\/","name":"4-1. \u00a0Crible vibrant lin\u00e9aire - Hengxing Machinery","isPartOf":{"@id":"https:\/\/hengxingmachinery.com\/#website"},"primaryImageOfPage":{"@id":"https:\/\/hengxingmachinery.com\/linear-vibrating-screen\/#primaryimage"},"image":{"@id":"https:\/\/hengxingmachinery.com\/linear-vibrating-screen\/#primaryimage"},"thumbnailUrl":"https:\/\/hengxingmachinery.com\/wp-content\/uploads\/2025\/03\/linear-vibrating-screen-machine.jpg","datePublished":"2025-03-21T09:41:17+00:00","dateModified":"2025-03-21T09:41:18+00:00","breadcrumb":{"@id":"https:\/\/hengxingmachinery.com\/linear-vibrating-screen\/#breadcrumb"},"inLanguage":"fr-FR","potentialAction":[{"@type":"ReadAction","target":["https:\/\/hengxingmachinery.com\/linear-vibrating-screen\/"]}]},{"@type":"ImageObject","inLanguage":"fr-FR","@id":"https:\/\/hengxingmachinery.com\/linear-vibrating-screen\/#primaryimage","url":"https:\/\/hengxingmachinery.com\/wp-content\/uploads\/2025\/03\/linear-vibrating-screen-machine.jpg","contentUrl":"https:\/\/hengxingmachinery.com\/wp-content\/uploads\/2025\/03\/linear-vibrating-screen-machine.jpg"},{"@type":"BreadcrumbList","@id":"https:\/\/hengxingmachinery.com\/linear-vibrating-screen\/#breadcrumb","itemListElement":[{"@type":"ListItem","position":1,"name":"Home","item":"https:\/\/hengxingmachinery.com\/"},{"@type":"ListItem","position":2,"name":"4-1. \u00a0Linear\u00a0vibrating\u00a0screen"}]},{"@type":"WebSite","@id":"https:\/\/hengxingmachinery.com\/#website","url":"https:\/\/hengxingmachinery.com\/","name":"Machines Hengxing","description":"Fabricant leader de toutes sortes de machines mini\u00e8res","publisher":{"@id":"https:\/\/hengxingmachinery.com\/#organization"},"potentialAction":[{"@type":"SearchAction","target":{"@type":"EntryPoint","urlTemplate":"https:\/\/hengxingmachinery.com\/?s={search_term_string}"},"query-input":{"@type":"PropertyValueSpecification","valueRequired":true,"valueName":"search_term_string"}}],"inLanguage":"fr-FR"},{"@type":"Organization","@id":"https:\/\/hengxingmachinery.com\/#organization","name":"Machines Hengxing","url":"https:\/\/hengxingmachinery.com\/","logo":{"@type":"ImageObject","inLanguage":"fr-FR","@id":"https:\/\/hengxingmachinery.com\/#\/schema\/logo\/image\/","url":"https:\/\/hengxingmachinery.com\/wp-content\/uploads\/2024\/12\/logo.png","contentUrl":"https:\/\/hengxingmachinery.com\/wp-content\/uploads\/2024\/12\/logo.png","width":400,"height":260,"caption":"Hengxing Machinery"},"image":{"@id":"https:\/\/hengxingmachinery.com\/#\/schema\/logo\/image\/"}}]}},"_links":{"self":[{"href":"https:\/\/hengxingmachinery.com\/fr\/wp-json\/wp\/v2\/pages\/2588","targetHints":{"allow":["GET"]}}],"collection":[{"href":"https:\/\/hengxingmachinery.com\/fr\/wp-json\/wp\/v2\/pages"}],"about":[{"href":"https:\/\/hengxingmachinery.com\/fr\/wp-json\/wp\/v2\/types\/page"}],"author":[{"embeddable":true,"href":"https:\/\/hengxingmachinery.com\/fr\/wp-json\/wp\/v2\/users\/1"}],"replies":[{"embeddable":true,"href":"https:\/\/hengxingmachinery.com\/fr\/wp-json\/wp\/v2\/comments?post=2588"}],"version-history":[{"count":3,"href":"https:\/\/hengxingmachinery.com\/fr\/wp-json\/wp\/v2\/pages\/2588\/revisions"}],"predecessor-version":[{"id":2625,"href":"https:\/\/hengxingmachinery.com\/fr\/wp-json\/wp\/v2\/pages\/2588\/revisions\/2625"}],"wp:attachment":[{"href":"https:\/\/hengxingmachinery.com\/fr\/wp-json\/wp\/v2\/media?parent=2588"}],"curies":[{"name":"wp","href":"https:\/\/api.w.org\/{rel}","templated":true}]}}