{"id":2787,"date":"2025-04-11T06:55:57","date_gmt":"2025-04-11T06:55:57","guid":{"rendered":"https:\/\/hengxingmachinery.com\/?page_id=2787"},"modified":"2025-04-11T08:57:29","modified_gmt":"2025-04-11T08:57:29","slug":"silica-sand-ball-mill","status":"publish","type":"page","link":"https:\/\/hengxingmachinery.com\/fr\/silica-sand-ball-mill\/","title":{"rendered":"3-1. Broyeur \u00e0 boulets pour sable de silice"},"content":{"rendered":"<div class=\"gb-container gb-container-45165f5a\">\n<div class=\"gb-container gb-container-c2652eb4\">\n\n<h1 class=\"gb-headline gb-headline-62a8b2cc gb-headline-text\">Broyeur \u00e0 boulets pour sable de silice<\/h1>\n\n<\/div>\n<\/div>\n\n<div class=\"gb-container gb-container-519cf624\">\n<div class=\"gb-container gb-container-71ca071e\">\n<div class=\"gb-grid-wrapper gb-grid-wrapper-8a5f0688\">\n<div class=\"gb-grid-column gb-grid-column-1e99b1c2\"><div class=\"gb-container gb-container-1e99b1c2\">\n\n<figure class=\"gb-block-image gb-block-image-e4eaba54\"><img decoding=\"async\" width=\"665\" height=\"545\" class=\"gb-image gb-image-e4eaba54\" src=\"https:\/\/hengxingmachinery.com\/wp-content\/uploads\/2025\/04\/silica-sand-grinding-ball-mill.jpg\" alt=\"\" title=\"Broyeur \u00e0 boulets de broyage de sable de silice\" srcset=\"https:\/\/hengxingmachinery.com\/wp-content\/uploads\/2025\/04\/silica-sand-grinding-ball-mill.jpg 665w, https:\/\/hengxingmachinery.com\/wp-content\/uploads\/2025\/04\/silica-sand-grinding-ball-mill-300x246.jpg 300w, https:\/\/hengxingmachinery.com\/wp-content\/uploads\/2025\/04\/silica-sand-grinding-ball-mill-15x12.jpg 15w\" sizes=\"(max-width: 665px) 100vw, 665px\" \/><\/figure>\n\n<\/div><\/div>\n\n<div class=\"gb-grid-column gb-grid-column-bcae065b\"><div class=\"gb-container gb-container-bcae065b\">\n\n<p class=\"gb-headline gb-headline-e419680e gb-headline-text\">Un broroyeur \u00e0 boulets pour sable de silice est une machine de broyage industrielle sp\u00e9cialis\u00e9e qui transforme du sable de silice de haute puret\u00e9 (SiO\u2082) en des tailles de particules finement contr\u00f4l\u00e9es (typiquement 20-200 mesh) pour des applications critiques telles que la fabrication du verre, les moules de fonderie et les mat\u00e9riaux photovolta\u00efques. <\/p>\n\n\n\n<p>Con\u00e7u pour r\u00e9sister \u00e0 la duret\u00e9 et \u00e0 l'abrasivit\u00e9 extr\u00eames de la silice, il utilise des chambres rotatives remplies de boulets d'acier qui broient et affinent le sable brut par collision et friction. <\/p>\n\n\n\n<p>Les op\u00e9rateurs ajustent des param\u00e8tres tels que la vitesse de rotation, la dur\u00e9e de broyage et le rapport boulets\/mati\u00e8re pour obtenir des distributions granulom\u00e9triques pr\u00e9cises, garantissant ainsi l'uniformit\u00e9 requise par les industries n\u00e9cessitant puret\u00e9 et homog\u00e9n\u00e9it\u00e9. <\/p>\n\n\n\n<p>Les mod\u00e8les modernes am\u00e9liorent l'efficacit\u00e9 gr\u00e2ce \u00e0 des conceptions \u00e9conomes en \u00e9nergie, des rev\u00eatements r\u00e9sistants \u00e0 l'usure et des syst\u00e8mes de contr\u00f4le adaptatifs, rendant cet \u00e9quipement indispensable pour transformer la silice brute en produits industriels \u00e0 haute valeur ajout\u00e9e.<\/p>\n\n\n<div class=\"gb-grid-wrapper gb-grid-wrapper-eebec76e\">\n<div class=\"gb-grid-column gb-grid-column-e3ada2f0\"><div class=\"gb-container gb-container-e3ada2f0\">\n\n<p class=\"gb-headline gb-headline-4c79a90a gb-headline-text\"><mark style=\"background-color:rgba(0, 0, 0, 0)\" class=\"has-inline-color has-global-color-8-color\"><strong>Puissance du moteur :<\/strong><\/mark>18,5-4500 kW<\/p>\n\n<\/div><\/div>\n\n<div class=\"gb-grid-column gb-grid-column-0bb00826\"><div class=\"gb-container gb-container-0bb00826\">\n\n<p class=\"gb-headline gb-headline-86d53f56 gb-headline-text\"><mark style=\"background-color:rgba(0, 0, 0, 0)\" class=\"has-inline-color has-global-color-8-color\"><strong>Capacit\u00e9:<\/strong><\/mark> 0,65-615 t\/h<\/p>\n\n<\/div><\/div>\n<\/div>\n\n<div class=\"gb-container gb-container-256e15f1\">\n\n<a class=\"gb-button gb-button-e8b73d89 gb-button-text\" href=\"#popmake-622\">Obtenez un devis gratuit maintenant<\/a>\n\n<\/div>\n<\/div><\/div>\n<\/div>\n<\/div>\n<\/div>\n\n<div class=\"gb-container gb-container-8d8b4afc\">\n<div class=\"gb-container gb-container-f2c44112\">\n\n<h2 class=\"gb-headline gb-headline-602757fa gb-headline-text\">Caract\u00e9ristiques du broyeur \u00e0 boulets pour sable de silice<\/h2>\n\n\n\n<figure class=\"gb-block-image gb-block-image-db4c5409\"><img decoding=\"async\" width=\"500\" height=\"450\" class=\"gb-image gb-image-db4c5409\" src=\"https:\/\/hengxingmachinery.com\/wp-content\/uploads\/2025\/04\/silica-sand-ball-mill-for-sale-1.jpg\" alt=\"\" title=\"Broyeur \u00e0 boulets pour sable de silice \u00e0 vendre\" srcset=\"https:\/\/hengxingmachinery.com\/wp-content\/uploads\/2025\/04\/silica-sand-ball-mill-for-sale-1.jpg 500w, https:\/\/hengxingmachinery.com\/wp-content\/uploads\/2025\/04\/silica-sand-ball-mill-for-sale-1-300x270.jpg 300w, https:\/\/hengxingmachinery.com\/wp-content\/uploads\/2025\/04\/silica-sand-ball-mill-for-sale-1-13x12.jpg 13w\" sizes=\"(max-width: 500px) 100vw, 500px\" \/><\/figure>\n\n\n\n<p><strong>1. <\/strong> \u200b<strong>Haute efficacit\u00e9<\/strong>: Utilise des boulets d'acier pour un broyage rapide et uniforme.<\/p>\n\n\n\n<p>\u200b<strong>2. Granulom\u00e9trie ajustable<\/strong>: La finesse de sortie peut \u00eatre r\u00e9gl\u00e9e (typiquement 20-200 mesh) en ajustant la vitesse, la dur\u00e9e de broyage et le rapport boulets\/mati\u00e8re.<\/p>\n\n\n\n<p>\u200b<strong>3. Conception \u00e9conome en \u00e9nergie<\/strong>: Des syst\u00e8mes de transmission optimis\u00e9s r\u00e9duisent la consommation d'\u00e9nergie par tonne.<\/p>\n\n\n\n<p>\u200b<strong>4. Durabilit\u00e9<\/strong>: Des rev\u00eatements r\u00e9sistants \u00e0 l'usure (ex. : acier au mangan\u00e8se ou c\u00e9ramique) r\u00e9sistent au sable de silice abrasif.<\/p>\n\n\n\n<p>5. <strong>Flexibilit\u00e9 du proc\u00e9d\u00e9<\/strong>: Prend en charge les m\u00e9thodes de broyage par voie s\u00e8che et par voie humide.<\/p>\n\n\n<div class=\"gb-container gb-container-63dc3c06\">\n\n<a class=\"gb-button gb-button-a6821353 gb-button-text\" href=\"#popmake-622\">Obtenez un devis gratuit maintenant<\/a>\n\n<\/div>\n<\/div>\n<\/div>\n\n<div class=\"gb-container gb-container-b24071b3\">\n<div class=\"gb-container gb-container-60584794\">\n\n<h2 class=\"gb-headline gb-headline-5e7d8f8c gb-headline-text\">Principe de fonctionnement du broyeur \u00e0 boulets pour sable de silice<\/h2>\n\n\n\n<figure class=\"gb-block-image gb-block-image-a7119939\"><img decoding=\"async\" width=\"665\" height=\"545\" class=\"gb-image gb-image-a7119939\" src=\"https:\/\/hengxingmachinery.com\/wp-content\/uploads\/2025\/04\/silica-sand-grinding-ball-mill-1.jpg\" alt=\"\" title=\"Broyeur \u00e0 boulets de broyage de sable de silice\" srcset=\"https:\/\/hengxingmachinery.com\/wp-content\/uploads\/2025\/04\/silica-sand-grinding-ball-mill-1.jpg 665w, https:\/\/hengxingmachinery.com\/wp-content\/uploads\/2025\/04\/silica-sand-grinding-ball-mill-1-300x246.jpg 300w, https:\/\/hengxingmachinery.com\/wp-content\/uploads\/2025\/04\/silica-sand-grinding-ball-mill-1-15x12.jpg 15w\" sizes=\"(max-width: 665px) 100vw, 665px\" \/><\/figure>\n\n\n\n<p>Le broyeur \u00e0 boulets pour sable de silice fonctionne en trois \u00e9tapes :<\/p>\n\n\n\n<p><strong>1. Alimentation <\/strong>: Le sable de silice brut est introduit dans une chambre cylindrique rotative.<\/p>\n\n\n\n<p><strong>2.<\/strong> \u200b<strong>2. Broyage<\/strong>\u200b<strong>:<\/strong><\/p>\n\n\n\n<ul class=\"wp-block-list\">\n<li>: Le cylindre tourne \u00e0 une vitesse contr\u00f4l\u00e9e, soulevant les boulets d'acier \u00e0 une hauteur sp\u00e9cifique avant qu'ils ne retombent en cascade.<\/li>\n<\/ul>\n\n\n\n<ul class=\"wp-block-list\">\n<li>L'impact et la friction entre les boulets et le sable de silice r\u00e9duisent les particules \u00e0 des tailles plus fines.<\/li>\n<\/ul>\n\n\n\n<p>\u200b<strong>3. D\u00e9charge<\/strong>\u200b<strong>:<\/strong> : La poudre broy\u00e9e passe \u00e0 travers une grille de d\u00e9charge tandis que les particules surdimensionn\u00e9es continuent \u00e0 \u00eatre broy\u00e9es.<\/p>\n\n\n\n<p>\u200b<strong>Param\u00e8tres critiques<\/strong><\/p>\n\n\n\n<ul class=\"wp-block-list\">\n<li>\u200b<strong>: Vitesse de rotation<\/strong>: 65\u201380 % de la vitesse critique (assure une cascade optimale des boulets).<\/li>\n<\/ul>\n\n\n\n<ul class=\"wp-block-list\">\n<li>\u200b<strong>Charge en boulets<\/strong>: 30\u201340 % du volume de la chambre.<\/li>\n<\/ul>\n\n\n\n<ul class=\"wp-block-list\">\n<li>\u200b<strong>Rapport mati\u00e8re\/boulets<\/strong>: Ajust\u00e9 en fonction de la finesse cible.<\/li>\n<\/ul>\n\n\n<div class=\"gb-container gb-container-1f0dc6f2\">\n\n<a class=\"gb-button gb-button-6c09f29e gb-button-text\" href=\"#popmake-622\">Obtenez un devis gratuit maintenant<\/a>\n\n<\/div>\n<\/div>\n<\/div>\n\n<div class=\"gb-container gb-container-435ad261\">\n<div class=\"gb-container gb-container-7dc79cc4\">\n\n<h2 class=\"gb-headline gb-headline-6fe5dee2 gb-headline-text\">Sp\u00e9cifications du broyeur \u00e0 boulets pour sable de silice<\/h2>\n\n\n\n<figure class=\"wp-block-table is-style-stripes\"><table class=\"has-fixed-layout\"><tbody><tr><th>Sp\u00e9cification (mm)<\/th><th>Capacit\u00e9 (t\/h)<\/th><th>Vitesse de rotation (tr\/min)<\/th><th>Charge de corps broyants (t)<\/th><th>Taille de sortie (mm)<\/th><th>Puissance du moteur (kW)<\/th><th>Poids (t)<\/th><\/tr><tr><td>\u03c6900\u00d71800<\/td><td>0.65-2<\/td><td>36<\/td><td>1.5<\/td><td>0.075-0.89<\/td><td>18.5<\/td><td>5.85<\/td><\/tr><tr><td>\u03c6900\u00d73000<\/td><td>1.1-3.5<\/td><td>38<\/td><td>2.7<\/td><td>0.075-0.89<\/td><td>22<\/td><td>6.98<\/td><\/tr><tr><td>\u03c61500\u00d73000<\/td><td>2-5<\/td><td>29.7<\/td><td>7.5<\/td><td>0.074-0.4<\/td><td>75<\/td><td>19.5<\/td><\/tr><tr><td>\u03c61500\u00d75700<\/td><td>3.5-6<\/td><td>27<\/td><td>12<\/td><td>0.074-0.4<\/td><td>130<\/td><td>25.8<\/td><\/tr><tr><td>\u03c61830\u00d73000<\/td><td>4-10<\/td><td>25.4<\/td><td>11<\/td><td>0.074-0.4<\/td><td>130<\/td><td>34.5<\/td><\/tr><tr><td>\u03c61830\u00d76400<\/td><td>6.5-15<\/td><td>24.1<\/td><td>21<\/td><td>0.074-0.4<\/td><td>210<\/td><td>43<\/td><\/tr><tr><td>\u03c62100\u00d73000<\/td><td>6.5-36<\/td><td>23.7<\/td><td>15<\/td><td>0.074-0.4<\/td><td>155<\/td><td>45<\/td><\/tr><tr><td>\u03c62200\u00d74500<\/td><td>9-45<\/td><td>21.5<\/td><td>27<\/td><td>0.074-0.4<\/td><td>280<\/td><td>54.5<\/td><\/tr><tr><td>\u03c62200\u00d76500<\/td><td>14-26<\/td><td>21.7<\/td><td>35<\/td><td>0.074-0.4<\/td><td>380<\/td><td>61<\/td><\/tr><tr><td>\u03c62200\u00d77000<\/td><td>15-28<\/td><td>21.7<\/td><td>35<\/td><td>0.074-0.4<\/td><td>380<\/td><td>62.5<\/td><\/tr><tr><td>\u03c62200\u00d77500<\/td><td>15-30<\/td><td>21.7<\/td><td>35<\/td><td>0.074-0.4<\/td><td>380<\/td><td>64.8<\/td><\/tr><tr><td>\u03c62400\u00d73000<\/td><td>7-50<\/td><td>21<\/td><td>23<\/td><td>0.074-0.4<\/td><td>245<\/td><td>58<\/td><\/tr><tr><td>\u03c62700\u00d74000<\/td><td>22-80<\/td><td>20.7<\/td><td>40<\/td><td>0.074-0.4<\/td><td>380<\/td><td>95<\/td><\/tr><tr><td>\u03c62700\u00d74500<\/td><td>26-90<\/td><td>20.7<\/td><td>48<\/td><td>0.074-0.4<\/td><td>480<\/td><td>102<\/td><\/tr><tr><td>\u03c64500\u00d76400<\/td><td>84-306<\/td><td>15.6<\/td><td>172<\/td><td>0.074-0.4<\/td><td>2000<\/td><td>280<\/td><\/tr><tr><td>\u03c65500\u00d78500<\/td><td>148-615<\/td><td>13.8<\/td><td>338<\/td><td>0.074-0.4<\/td><td>4500<\/td><td>525<\/td><\/tr><\/tbody><\/table><\/figure>\n\n\n<div class=\"gb-container gb-container-263d9700\">\n\n<a class=\"gb-button gb-button-a4cbb7be gb-button-text\" href=\"#popmake-622\">Obtenez un devis gratuit maintenant<\/a>\n\n<\/div>\n<\/div>\n<\/div>","protected":false},"excerpt":{"rendered":"<p>Silica sand ball mill Silica sand ball mill features 1. \u200b\u200bHigh Efficiency\u200b\u200b: Utilizes steel balls to achieve rapid and uniform grinding. \u200b\u200b2. Adjustable Particle Size\u200b\u200b: Output can be tuned (typically 20-200 mesh) by adjusting speed, grinding time, and ball-to-material ratio. \u200b\u200b3. Energy-Saving Design\u200b\u200b: Optimized transmission systems reduce power consumption per ton. \u200b\u200b4. Durability\u200b\u200b: Wear-resistant liners &#8230; <\/p>\n<p class=\"read-more-container\"><a title=\"3-1. Broyeur \u00e0 boulets pour sable de silice\" class=\"read-more button\" href=\"https:\/\/hengxingmachinery.com\/fr\/silica-sand-ball-mill\/#more-2787\" aria-label=\"En savoir plus sur 3-1. Silica sand ball mill\">Lire plus<\/a><\/p>","protected":false},"author":1,"featured_media":0,"parent":0,"menu_order":0,"comment_status":"closed","ping_status":"closed","template":"","meta":{"footnotes":""},"class_list":["post-2787","page","type-page","status-publish"],"yoast_head":"<!-- This site is optimized with the Yoast SEO plugin v27.5 - https:\/\/yoast.com\/product\/yoast-seo-wordpress\/ -->\n<title>3-1. Silica sand ball mill - Hengxing Machinery<\/title>\n<meta name=\"robots\" content=\"index, follow, max-snippet:-1, max-image-preview:large, max-video-preview:-1\" \/>\n<link rel=\"canonical\" href=\"https:\/\/hengxingmachinery.com\/fr\/silica-sand-ball-mill\/\" \/>\n<meta property=\"og:locale\" content=\"fr_FR\" \/>\n<meta property=\"og:type\" content=\"article\" \/>\n<meta property=\"og:title\" content=\"3-1. Silica sand ball mill - Hengxing Machinery\" \/>\n<meta property=\"og:description\" content=\"Silica sand ball mill Silica sand ball mill features 1. \u200b\u200bHigh Efficiency\u200b\u200b: Utilizes steel balls to achieve rapid and uniform grinding. \u200b\u200b2. Adjustable Particle Size\u200b\u200b: Output can be tuned (typically 20-200 mesh) by adjusting speed, grinding time, and ball-to-material ratio. \u200b\u200b3. Energy-Saving Design\u200b\u200b: Optimized transmission systems reduce power consumption per ton. \u200b\u200b4. Durability\u200b\u200b: Wear-resistant liners ... Lire plus\" \/>\n<meta property=\"og:url\" content=\"https:\/\/hengxingmachinery.com\/fr\/silica-sand-ball-mill\/\" \/>\n<meta property=\"og:site_name\" content=\"Hengxing Machinery\" \/>\n<meta property=\"article:modified_time\" content=\"2025-04-11T08:57:29+00:00\" \/>\n<meta property=\"og:image\" content=\"https:\/\/hengxingmachinery.com\/wp-content\/uploads\/2025\/04\/silica-sand-grinding-ball-mill.jpg\" \/>\n<meta name=\"twitter:card\" content=\"summary_large_image\" \/>\n<meta name=\"twitter:label1\" content=\"Dur\u00e9e de lecture estim\u00e9e\" \/>\n\t<meta name=\"twitter:data1\" content=\"3 minutes\" \/>\n<script type=\"application\/ld+json\" class=\"yoast-schema-graph\">{\"@context\":\"https:\\\/\\\/schema.org\",\"@graph\":[{\"@type\":\"WebPage\",\"@id\":\"https:\\\/\\\/hengxingmachinery.com\\\/silica-sand-ball-mill\\\/\",\"url\":\"https:\\\/\\\/hengxingmachinery.com\\\/silica-sand-ball-mill\\\/\",\"name\":\"3-1. Silica sand ball mill - Hengxing Machinery\",\"isPartOf\":{\"@id\":\"https:\\\/\\\/hengxingmachinery.com\\\/#website\"},\"primaryImageOfPage\":{\"@id\":\"https:\\\/\\\/hengxingmachinery.com\\\/silica-sand-ball-mill\\\/#primaryimage\"},\"image\":{\"@id\":\"https:\\\/\\\/hengxingmachinery.com\\\/silica-sand-ball-mill\\\/#primaryimage\"},\"thumbnailUrl\":\"https:\\\/\\\/hengxingmachinery.com\\\/wp-content\\\/uploads\\\/2025\\\/04\\\/silica-sand-grinding-ball-mill.jpg\",\"datePublished\":\"2025-04-11T06:55:57+00:00\",\"dateModified\":\"2025-04-11T08:57:29+00:00\",\"breadcrumb\":{\"@id\":\"https:\\\/\\\/hengxingmachinery.com\\\/silica-sand-ball-mill\\\/#breadcrumb\"},\"inLanguage\":\"fr-FR\",\"potentialAction\":[{\"@type\":\"ReadAction\",\"target\":[\"https:\\\/\\\/hengxingmachinery.com\\\/silica-sand-ball-mill\\\/\"]}]},{\"@type\":\"ImageObject\",\"inLanguage\":\"fr-FR\",\"@id\":\"https:\\\/\\\/hengxingmachinery.com\\\/silica-sand-ball-mill\\\/#primaryimage\",\"url\":\"https:\\\/\\\/hengxingmachinery.com\\\/wp-content\\\/uploads\\\/2025\\\/04\\\/silica-sand-grinding-ball-mill.jpg\",\"contentUrl\":\"https:\\\/\\\/hengxingmachinery.com\\\/wp-content\\\/uploads\\\/2025\\\/04\\\/silica-sand-grinding-ball-mill.jpg\"},{\"@type\":\"BreadcrumbList\",\"@id\":\"https:\\\/\\\/hengxingmachinery.com\\\/silica-sand-ball-mill\\\/#breadcrumb\",\"itemListElement\":[{\"@type\":\"ListItem\",\"position\":1,\"name\":\"Home\",\"item\":\"https:\\\/\\\/hengxingmachinery.com\\\/\"},{\"@type\":\"ListItem\",\"position\":2,\"name\":\"3-1. Silica sand ball mill\"}]},{\"@type\":\"WebSite\",\"@id\":\"https:\\\/\\\/hengxingmachinery.com\\\/#website\",\"url\":\"https:\\\/\\\/hengxingmachinery.com\\\/\",\"name\":\"Hengxing Machinery\",\"description\":\"Leading Manufacturer of All Sorts of Mining Machinery\",\"publisher\":{\"@id\":\"https:\\\/\\\/hengxingmachinery.com\\\/#organization\"},\"potentialAction\":[{\"@type\":\"SearchAction\",\"target\":{\"@type\":\"EntryPoint\",\"urlTemplate\":\"https:\\\/\\\/hengxingmachinery.com\\\/?s={search_term_string}\"},\"query-input\":{\"@type\":\"PropertyValueSpecification\",\"valueRequired\":true,\"valueName\":\"search_term_string\"}}],\"inLanguage\":\"fr-FR\"},{\"@type\":\"Organization\",\"@id\":\"https:\\\/\\\/hengxingmachinery.com\\\/#organization\",\"name\":\"Hengxing Machinery\",\"url\":\"https:\\\/\\\/hengxingmachinery.com\\\/\",\"logo\":{\"@type\":\"ImageObject\",\"inLanguage\":\"fr-FR\",\"@id\":\"https:\\\/\\\/hengxingmachinery.com\\\/#\\\/schema\\\/logo\\\/image\\\/\",\"url\":\"https:\\\/\\\/hengxingmachinery.com\\\/wp-content\\\/uploads\\\/2024\\\/12\\\/logo.png\",\"contentUrl\":\"https:\\\/\\\/hengxingmachinery.com\\\/wp-content\\\/uploads\\\/2024\\\/12\\\/logo.png\",\"width\":400,\"height\":260,\"caption\":\"Hengxing Machinery\"},\"image\":{\"@id\":\"https:\\\/\\\/hengxingmachinery.com\\\/#\\\/schema\\\/logo\\\/image\\\/\"}}]}<\/script>\n<!-- \/ Yoast SEO plugin. -->","yoast_head_json":{"title":"3-1. Broyeur \u00e0 boulets pour sable de silice - Hengxing Machinery","robots":{"index":"index","follow":"follow","max-snippet":"max-snippet:-1","max-image-preview":"max-image-preview:large","max-video-preview":"max-video-preview:-1"},"canonical":"https:\/\/hengxingmachinery.com\/fr\/silica-sand-ball-mill\/","og_locale":"fr_FR","og_type":"article","og_title":"3-1. Silica sand ball mill - Hengxing Machinery","og_description":"Silica sand ball mill Silica sand ball mill features 1. \u200b\u200bHigh Efficiency\u200b\u200b: Utilizes steel balls to achieve rapid and uniform grinding. \u200b\u200b2. Adjustable Particle Size\u200b\u200b: Output can be tuned (typically 20-200 mesh) by adjusting speed, grinding time, and ball-to-material ratio. \u200b\u200b3. Energy-Saving Design\u200b\u200b: Optimized transmission systems reduce power consumption per ton. \u200b\u200b4. Durability\u200b\u200b: Wear-resistant liners ... Lire plus","og_url":"https:\/\/hengxingmachinery.com\/fr\/silica-sand-ball-mill\/","og_site_name":"Hengxing Machinery","article_modified_time":"2025-04-11T08:57:29+00:00","og_image":[{"url":"https:\/\/hengxingmachinery.com\/wp-content\/uploads\/2025\/04\/silica-sand-grinding-ball-mill.jpg","type":"","width":"","height":""}],"twitter_card":"summary_large_image","twitter_misc":{"Dur\u00e9e de lecture estim\u00e9e":"3 minutes"},"schema":{"@context":"https:\/\/schema.org","@graph":[{"@type":"WebPage","@id":"https:\/\/hengxingmachinery.com\/silica-sand-ball-mill\/","url":"https:\/\/hengxingmachinery.com\/silica-sand-ball-mill\/","name":"3-1. Broyeur \u00e0 boulets pour sable de silice - Hengxing Machinery","isPartOf":{"@id":"https:\/\/hengxingmachinery.com\/#website"},"primaryImageOfPage":{"@id":"https:\/\/hengxingmachinery.com\/silica-sand-ball-mill\/#primaryimage"},"image":{"@id":"https:\/\/hengxingmachinery.com\/silica-sand-ball-mill\/#primaryimage"},"thumbnailUrl":"https:\/\/hengxingmachinery.com\/wp-content\/uploads\/2025\/04\/silica-sand-grinding-ball-mill.jpg","datePublished":"2025-04-11T06:55:57+00:00","dateModified":"2025-04-11T08:57:29+00:00","breadcrumb":{"@id":"https:\/\/hengxingmachinery.com\/silica-sand-ball-mill\/#breadcrumb"},"inLanguage":"fr-FR","potentialAction":[{"@type":"ReadAction","target":["https:\/\/hengxingmachinery.com\/silica-sand-ball-mill\/"]}]},{"@type":"ImageObject","inLanguage":"fr-FR","@id":"https:\/\/hengxingmachinery.com\/silica-sand-ball-mill\/#primaryimage","url":"https:\/\/hengxingmachinery.com\/wp-content\/uploads\/2025\/04\/silica-sand-grinding-ball-mill.jpg","contentUrl":"https:\/\/hengxingmachinery.com\/wp-content\/uploads\/2025\/04\/silica-sand-grinding-ball-mill.jpg"},{"@type":"BreadcrumbList","@id":"https:\/\/hengxingmachinery.com\/silica-sand-ball-mill\/#breadcrumb","itemListElement":[{"@type":"ListItem","position":1,"name":"Home","item":"https:\/\/hengxingmachinery.com\/"},{"@type":"ListItem","position":2,"name":"3-1. Silica sand ball mill"}]},{"@type":"WebSite","@id":"https:\/\/hengxingmachinery.com\/#website","url":"https:\/\/hengxingmachinery.com\/","name":"Machines Hengxing","description":"Fabricant leader de toutes sortes de machines mini\u00e8res","publisher":{"@id":"https:\/\/hengxingmachinery.com\/#organization"},"potentialAction":[{"@type":"SearchAction","target":{"@type":"EntryPoint","urlTemplate":"https:\/\/hengxingmachinery.com\/?s={search_term_string}"},"query-input":{"@type":"PropertyValueSpecification","valueRequired":true,"valueName":"search_term_string"}}],"inLanguage":"fr-FR"},{"@type":"Organization","@id":"https:\/\/hengxingmachinery.com\/#organization","name":"Machines Hengxing","url":"https:\/\/hengxingmachinery.com\/","logo":{"@type":"ImageObject","inLanguage":"fr-FR","@id":"https:\/\/hengxingmachinery.com\/#\/schema\/logo\/image\/","url":"https:\/\/hengxingmachinery.com\/wp-content\/uploads\/2024\/12\/logo.png","contentUrl":"https:\/\/hengxingmachinery.com\/wp-content\/uploads\/2024\/12\/logo.png","width":400,"height":260,"caption":"Hengxing Machinery"},"image":{"@id":"https:\/\/hengxingmachinery.com\/#\/schema\/logo\/image\/"}}]}},"_links":{"self":[{"href":"https:\/\/hengxingmachinery.com\/fr\/wp-json\/wp\/v2\/pages\/2787","targetHints":{"allow":["GET"]}}],"collection":[{"href":"https:\/\/hengxingmachinery.com\/fr\/wp-json\/wp\/v2\/pages"}],"about":[{"href":"https:\/\/hengxingmachinery.com\/fr\/wp-json\/wp\/v2\/types\/page"}],"author":[{"embeddable":true,"href":"https:\/\/hengxingmachinery.com\/fr\/wp-json\/wp\/v2\/users\/1"}],"replies":[{"embeddable":true,"href":"https:\/\/hengxingmachinery.com\/fr\/wp-json\/wp\/v2\/comments?post=2787"}],"version-history":[{"count":5,"href":"https:\/\/hengxingmachinery.com\/fr\/wp-json\/wp\/v2\/pages\/2787\/revisions"}],"predecessor-version":[{"id":2823,"href":"https:\/\/hengxingmachinery.com\/fr\/wp-json\/wp\/v2\/pages\/2787\/revisions\/2823"}],"wp:attachment":[{"href":"https:\/\/hengxingmachinery.com\/fr\/wp-json\/wp\/v2\/media?parent=2787"}],"curies":[{"name":"wp","href":"https:\/\/api.w.org\/{rel}","templated":true}]}}