{"id":2803,"date":"2025-04-11T07:45:56","date_gmt":"2025-04-11T07:45:56","guid":{"rendered":"https:\/\/hengxingmachinery.com\/?page_id=2803"},"modified":"2025-04-11T09:00:04","modified_gmt":"2025-04-11T09:00:04","slug":"quartz-ball-mill","status":"publish","type":"page","link":"https:\/\/hengxingmachinery.com\/fr\/quartz-ball-mill\/","title":{"rendered":"3-1. Broyeur \u00e0 boulets en quartz"},"content":{"rendered":"<div class=\"gb-container gb-container-45165f5a\">\n<div class=\"gb-container gb-container-c2652eb4\">\n\n<h1 class=\"gb-headline gb-headline-62a8b2cc gb-headline-text\">Broyeur \u00e0 boulets pour quartz<\/h1>\n\n<\/div>\n<\/div>\n\n<div class=\"gb-container gb-container-519cf624\">\n<div class=\"gb-container gb-container-71ca071e\">\n<div class=\"gb-grid-wrapper gb-grid-wrapper-8a5f0688\">\n<div class=\"gb-grid-column gb-grid-column-1e99b1c2\"><div class=\"gb-container gb-container-1e99b1c2\">\n\n<figure class=\"gb-block-image gb-block-image-e4eaba54\"><img decoding=\"async\" width=\"665\" height=\"545\" class=\"gb-image gb-image-e4eaba54\" src=\"https:\/\/hengxingmachinery.com\/wp-content\/uploads\/2025\/04\/quartz-ball-milling-machine-supplier.jpg\" alt=\"\" title=\"Fournisseur de broyeur \u00e0 boulets pour quartz\" srcset=\"https:\/\/hengxingmachinery.com\/wp-content\/uploads\/2025\/04\/quartz-ball-milling-machine-supplier.jpg 665w, https:\/\/hengxingmachinery.com\/wp-content\/uploads\/2025\/04\/quartz-ball-milling-machine-supplier-300x246.jpg 300w, https:\/\/hengxingmachinery.com\/wp-content\/uploads\/2025\/04\/quartz-ball-milling-machine-supplier-15x12.jpg 15w\" sizes=\"(max-width: 665px) 100vw, 665px\" \/><\/figure>\n\n<\/div><\/div>\n\n<div class=\"gb-grid-column gb-grid-column-bcae065b\"><div class=\"gb-container gb-container-bcae065b\">\n\n<p>Un broyeur \u00e0 boulets pour quartz est une machine de broyage de pr\u00e9cision sp\u00e9cialement con\u00e7ue pour transformer le quartz cristallin (dioxyde de silicium, SiO\u2082) en poudres fines avec une granulom\u00e9trie rigoureusement contr\u00f4l\u00e9e (typiquement 1\u2013200 \u03bcm). <\/p>\n\n\n\n<p>R\u00e9put\u00e9 pour sa capacit\u00e9 \u00e0 maintenir une haute puret\u00e9 du mat\u00e9riau et une production constante, il rel\u00e8ve les d\u00e9fis pos\u00e9s par la duret\u00e9 inh\u00e9rente du quartz (7 sur l'\u00e9chelle de Mohs) et son inertie chimique. <\/p>\n\n\n\n<p>En ajustant des param\u00e8tres op\u00e9rationnels tels que la vitesse de rotation, la taille des corps broyants et la dur\u00e9e de traitement, le broyeur permet d'obtenir des distributions granulom\u00e9triques sur mesure, le rendant indispensable pour des applications allant du polissage du verre optique aux composites c\u00e9ramiques avanc\u00e9s.<\/p>\n\n\n<div class=\"gb-grid-wrapper gb-grid-wrapper-eebec76e\">\n<div class=\"gb-grid-column gb-grid-column-e3ada2f0\"><div class=\"gb-container gb-container-e3ada2f0\">\n\n<p class=\"gb-headline gb-headline-4c79a90a gb-headline-text\"><mark style=\"background-color:rgba(0, 0, 0, 0)\" class=\"has-inline-color has-global-color-8-color\"><strong>Puissance du moteur :<\/strong><\/mark>18,5-4500 kW<\/p>\n\n<\/div><\/div>\n\n<div class=\"gb-grid-column gb-grid-column-0bb00826\"><div class=\"gb-container gb-container-0bb00826\">\n\n<p class=\"gb-headline gb-headline-86d53f56 gb-headline-text\"><mark style=\"background-color:rgba(0, 0, 0, 0)\" class=\"has-inline-color has-global-color-8-color\"><strong>Capacit\u00e9:<\/strong><\/mark> 0,65-615 t\/h<\/p>\n\n<\/div><\/div>\n<\/div>\n\n<div class=\"gb-container gb-container-256e15f1\">\n\n<a class=\"gb-button gb-button-e8b73d89 gb-button-text\" href=\"#popmake-622\">Obtenez un devis gratuit maintenant<\/a>\n\n<\/div>\n<\/div><\/div>\n<\/div>\n<\/div>\n<\/div>\n\n<div class=\"gb-container gb-container-b24071b3\">\n<div class=\"gb-container gb-container-60584794\">\n\n<h2 class=\"gb-headline gb-headline-5e7d8f8c gb-headline-text\">Application du broyeur \u00e0 boulets pour quartz<\/h2>\n\n\n\n<p>\u200b<strong>\u00c9lectronique et semi-conducteurs<\/strong>: Produit de la poudre de quartz ultra-pure pour les plaquettes de silicium et les substrats de micropuces.<\/p>\n\n\n\n<p>\u200b<strong>\u00c9nergie solaire<\/strong>: Broye le quartz pour la fabrication de cellules photovolta\u00efques.<\/p>\n\n\n\n<p>\u200b<strong>Verre optique<\/strong>: Pr\u00e9pare de la poudre de quartz \u00e0 haute transparence pour les lentilles et les fibres optiques.<\/p>\n\n\n\n<p>\u200b<strong>C\u00e9ramiques et r\u00e9fractaires<\/strong>: Transforme le quartz pour les mat\u00e9riaux r\u00e9sistants \u00e0 la chaleur et les gla\u00e7ures c\u00e9ramiques.<\/p>\n\n\n\n<p>\u200b<strong>Produits chimiques<\/strong>: Utilis\u00e9 dans la synth\u00e8se de compos\u00e9s du silicium comme les silicones et les silanes.<\/p>\n\n\n\n<p>\u200b<strong>Abrasifs<\/strong>: Fabrique des poudres de quartz fines pour les outils de polissage et de coupe.<\/p>\n\n\n<div class=\"gb-container gb-container-1f0dc6f2\">\n\n<a class=\"gb-button gb-button-6c09f29e gb-button-text\" href=\"#popmake-622\">Obtenez un devis gratuit maintenant<\/a>\n\n<\/div>\n<\/div>\n<\/div>\n\n<div class=\"gb-container gb-container-8d8b4afc\">\n<div class=\"gb-container gb-container-f2c44112\">\n\n<h2 class=\"gb-headline gb-headline-602757fa gb-headline-text\">Caract\u00e9ristiques du broyeur \u00e0 boulets pour quartz<\/h2>\n\n\n\n<figure class=\"gb-block-image gb-block-image-db4c5409\"><img decoding=\"async\" width=\"1200\" height=\"580\" class=\"gb-image gb-image-db4c5409\" src=\"https:\/\/hengxingmachinery.com\/wp-content\/uploads\/2025\/04\/quartz-ball-milling-machine-3.jpg\" alt=\"\" title=\"Broyeur \u00e0 boulets pour quartz\" srcset=\"https:\/\/hengxingmachinery.com\/wp-content\/uploads\/2025\/04\/quartz-ball-milling-machine-3.jpg 1200w, https:\/\/hengxingmachinery.com\/wp-content\/uploads\/2025\/04\/quartz-ball-milling-machine-3-300x145.jpg 300w, https:\/\/hengxingmachinery.com\/wp-content\/uploads\/2025\/04\/quartz-ball-milling-machine-3-1024x495.jpg 1024w, https:\/\/hengxingmachinery.com\/wp-content\/uploads\/2025\/04\/quartz-ball-milling-machine-3-768x371.jpg 768w, https:\/\/hengxingmachinery.com\/wp-content\/uploads\/2025\/04\/quartz-ball-milling-machine-3-18x9.jpg 18w\" sizes=\"(max-width: 1200px) 100vw, 1200px\" \/><\/figure>\n\n\n\n<p><strong>1. <\/strong>\u200b<strong>Haute puret\u00e9<\/strong>: Des rev\u00eatements en c\u00e9ramique ou en silice pr\u00e9viennent la contamination pendant le broyage.<\/p>\n\n\n\n<p>\u200b<strong>2. Broyage de pr\u00e9cision<\/strong>: Des param\u00e8tres ajustables (vitesse, dur\u00e9e, taille des boules) garantissent des tailles de particules de<strong>\u200b<\/strong>5 \u03bcm \u00e0 200 \u03bcm.<\/p>\n\n\n\n<p>\u200b<strong>3. Durabilit\u00e9<\/strong>: R\u00e9sistant \u00e0 l'abrasion due \u00e0 la duret\u00e9 du quartz (7 Mohs).<\/p>\n\n\n\n<p>\u200b<strong>4. Efficacit\u00e9 \u00e9nerg\u00e9tique<\/strong>: Des syst\u00e8mes moteur optimis\u00e9s r\u00e9duisent la consommation d'\u00e9nergie.<\/p>\n\n\n\n<p>\u200b<strong>5. Polyvalence<\/strong>: Il prend en charge les modes de broyage \u00e0 sec et humide.<\/p>\n\n\n<div class=\"gb-container gb-container-63dc3c06\">\n\n<a class=\"gb-button gb-button-a6821353 gb-button-text\" href=\"#popmake-622\">Obtenez un devis gratuit maintenant<\/a>\n\n<\/div>\n<\/div>\n<\/div>\n\n<div class=\"gb-container gb-container-435ad261\">\n<div class=\"gb-container gb-container-7dc79cc4\">\n\n<h2 class=\"gb-headline gb-headline-6fe5dee2 gb-headline-text\">Sp\u00e9cifications du broyeur \u00e0 boulets pour quartz<\/h2>\n\n\n\n<figure class=\"wp-block-table is-style-stripes\"><table class=\"has-fixed-layout\"><tbody><tr><th>Sp\u00e9cification (mm)<\/th><th>Capacit\u00e9 (t\/h)<\/th><th>Vitesse de rotation (tr\/min)<\/th><th>Charge de corps broyants (t)<\/th><th>Taille de sortie (mm)<\/th><th>Puissance du moteur (kW)<\/th><th>Poids (t)<\/th><\/tr><tr><td>\u03c6900\u00d71800<\/td><td>0.65-2<\/td><td>36<\/td><td>1.5<\/td><td>0.075-0.89<\/td><td>18.5<\/td><td>5.85<\/td><\/tr><tr><td>\u03c6900\u00d73000<\/td><td>1.1-3.5<\/td><td>38<\/td><td>2.7<\/td><td>0.075-0.89<\/td><td>22<\/td><td>6.98<\/td><\/tr><tr><td>\u03c61500\u00d73000<\/td><td>2-5<\/td><td>29.7<\/td><td>7.5<\/td><td>0.074-0.4<\/td><td>75<\/td><td>19.5<\/td><\/tr><tr><td>\u03c61500\u00d75700<\/td><td>3.5-6<\/td><td>27<\/td><td>12<\/td><td>0.074-0.4<\/td><td>130<\/td><td>25.8<\/td><\/tr><tr><td>\u03c61830\u00d73000<\/td><td>4-10<\/td><td>25.4<\/td><td>11<\/td><td>0.074-0.4<\/td><td>130<\/td><td>34.5<\/td><\/tr><tr><td>\u03c61830\u00d76400<\/td><td>6.5-15<\/td><td>24.1<\/td><td>21<\/td><td>0.074-0.4<\/td><td>210<\/td><td>43<\/td><\/tr><tr><td>\u03c62100\u00d73000<\/td><td>6.5-36<\/td><td>23.7<\/td><td>15<\/td><td>0.074-0.4<\/td><td>155<\/td><td>45<\/td><\/tr><tr><td>\u03c62200\u00d74500<\/td><td>9-45<\/td><td>21.5<\/td><td>27<\/td><td>0.074-0.4<\/td><td>280<\/td><td>54.5<\/td><\/tr><tr><td>\u03c62200\u00d76500<\/td><td>14-26<\/td><td>21.7<\/td><td>35<\/td><td>0.074-0.4<\/td><td>380<\/td><td>61<\/td><\/tr><tr><td>\u03c62200\u00d77000<\/td><td>15-28<\/td><td>21.7<\/td><td>35<\/td><td>0.074-0.4<\/td><td>380<\/td><td>62.5<\/td><\/tr><tr><td>\u03c62200\u00d77500<\/td><td>15-30<\/td><td>21.7<\/td><td>35<\/td><td>0.074-0.4<\/td><td>380<\/td><td>64.8<\/td><\/tr><tr><td>\u03c62400\u00d73000<\/td><td>7-50<\/td><td>21<\/td><td>23<\/td><td>0.074-0.4<\/td><td>245<\/td><td>58<\/td><\/tr><tr><td>\u03c62700\u00d74000<\/td><td>22-80<\/td><td>20.7<\/td><td>40<\/td><td>0.074-0.4<\/td><td>380<\/td><td>95<\/td><\/tr><tr><td>\u03c62700\u00d74500<\/td><td>26-90<\/td><td>20.7<\/td><td>48<\/td><td>0.074-0.4<\/td><td>480<\/td><td>102<\/td><\/tr><tr><td>\u03c64500\u00d76400<\/td><td>84-306<\/td><td>15.6<\/td><td>172<\/td><td>0.074-0.4<\/td><td>2000<\/td><td>280<\/td><\/tr><tr><td>\u03c65500\u00d78500<\/td><td>148-615<\/td><td>13.8<\/td><td>338<\/td><td>0.074-0.4<\/td><td>4500<\/td><td>525<\/td><\/tr><\/tbody><\/table><\/figure>\n\n\n<div class=\"gb-container gb-container-263d9700\">\n\n<a class=\"gb-button gb-button-a4cbb7be gb-button-text\" href=\"#popmake-622\">Obtenez un devis gratuit maintenant<\/a>\n\n<\/div>\n<\/div>\n<\/div>","protected":false},"excerpt":{"rendered":"<p>Quartz ball mill Quartz ball mill application \u200b\u200bElectronics &amp; Semiconductors\u200b\u200b: Produces ultra-pure quartz powder for silicon wafers and microchip substrates. \u200b\u200bSolar Energy\u200b\u200b: Grinds quartz for photovoltaic cell manufacturing. \u200b\u200bOptical Glass\u200b\u200b: Prepares high-transparency quartz powder for lenses and fiber optics. \u200b\u200bCeramics &amp; Refractories\u200b\u200b: Processes quartz for heat-resistant materials and ceramic glazes. \u200b\u200bChemicals\u200b\u200b: Used in synthesizing silicon &#8230; <\/p>\n<p class=\"read-more-container\"><a title=\"3-1. Broyeur \u00e0 boulets en quartz\" class=\"read-more button\" href=\"https:\/\/hengxingmachinery.com\/fr\/quartz-ball-mill\/#more-2803\" aria-label=\"En savoir plus sur 3-1. Quartz ball mill\">Lire plus<\/a><\/p>","protected":false},"author":1,"featured_media":0,"parent":0,"menu_order":0,"comment_status":"closed","ping_status":"closed","template":"","meta":{"footnotes":""},"class_list":["post-2803","page","type-page","status-publish"],"yoast_head":"<!-- This site is optimized with the Yoast SEO plugin v27.5 - https:\/\/yoast.com\/product\/yoast-seo-wordpress\/ -->\n<title>3-1. Quartz ball mill - Hengxing Machinery<\/title>\n<meta name=\"robots\" content=\"index, follow, max-snippet:-1, max-image-preview:large, max-video-preview:-1\" \/>\n<link rel=\"canonical\" href=\"https:\/\/hengxingmachinery.com\/fr\/quartz-ball-mill\/\" \/>\n<meta property=\"og:locale\" content=\"fr_FR\" \/>\n<meta property=\"og:type\" content=\"article\" \/>\n<meta property=\"og:title\" content=\"3-1. Quartz ball mill - Hengxing Machinery\" \/>\n<meta property=\"og:description\" content=\"Quartz ball mill Quartz ball mill application \u200b\u200bElectronics &amp; Semiconductors\u200b\u200b: Produces ultra-pure quartz powder for silicon wafers and microchip substrates. \u200b\u200bSolar Energy\u200b\u200b: Grinds quartz for photovoltaic cell manufacturing. \u200b\u200bOptical Glass\u200b\u200b: Prepares high-transparency quartz powder for lenses and fiber optics. \u200b\u200bCeramics &amp; Refractories\u200b\u200b: Processes quartz for heat-resistant materials and ceramic glazes. \u200b\u200bChemicals\u200b\u200b: Used in synthesizing silicon ... Lire plus\" \/>\n<meta property=\"og:url\" content=\"https:\/\/hengxingmachinery.com\/fr\/quartz-ball-mill\/\" \/>\n<meta property=\"og:site_name\" content=\"Hengxing Machinery\" \/>\n<meta property=\"article:modified_time\" content=\"2025-04-11T09:00:04+00:00\" \/>\n<meta property=\"og:image\" content=\"https:\/\/hengxingmachinery.com\/wp-content\/uploads\/2025\/04\/quartz-ball-milling-machine-supplier.jpg\" \/>\n<meta name=\"twitter:card\" content=\"summary_large_image\" \/>\n<meta name=\"twitter:label1\" content=\"Dur\u00e9e de lecture estim\u00e9e\" \/>\n\t<meta name=\"twitter:data1\" content=\"3 minutes\" \/>\n<script type=\"application\/ld+json\" class=\"yoast-schema-graph\">{\"@context\":\"https:\\\/\\\/schema.org\",\"@graph\":[{\"@type\":\"WebPage\",\"@id\":\"https:\\\/\\\/hengxingmachinery.com\\\/quartz-ball-mill\\\/\",\"url\":\"https:\\\/\\\/hengxingmachinery.com\\\/quartz-ball-mill\\\/\",\"name\":\"3-1. Quartz ball mill - Hengxing Machinery\",\"isPartOf\":{\"@id\":\"https:\\\/\\\/hengxingmachinery.com\\\/#website\"},\"primaryImageOfPage\":{\"@id\":\"https:\\\/\\\/hengxingmachinery.com\\\/quartz-ball-mill\\\/#primaryimage\"},\"image\":{\"@id\":\"https:\\\/\\\/hengxingmachinery.com\\\/quartz-ball-mill\\\/#primaryimage\"},\"thumbnailUrl\":\"https:\\\/\\\/hengxingmachinery.com\\\/wp-content\\\/uploads\\\/2025\\\/04\\\/quartz-ball-milling-machine-supplier.jpg\",\"datePublished\":\"2025-04-11T07:45:56+00:00\",\"dateModified\":\"2025-04-11T09:00:04+00:00\",\"breadcrumb\":{\"@id\":\"https:\\\/\\\/hengxingmachinery.com\\\/quartz-ball-mill\\\/#breadcrumb\"},\"inLanguage\":\"fr-FR\",\"potentialAction\":[{\"@type\":\"ReadAction\",\"target\":[\"https:\\\/\\\/hengxingmachinery.com\\\/quartz-ball-mill\\\/\"]}]},{\"@type\":\"ImageObject\",\"inLanguage\":\"fr-FR\",\"@id\":\"https:\\\/\\\/hengxingmachinery.com\\\/quartz-ball-mill\\\/#primaryimage\",\"url\":\"https:\\\/\\\/hengxingmachinery.com\\\/wp-content\\\/uploads\\\/2025\\\/04\\\/quartz-ball-milling-machine-supplier.jpg\",\"contentUrl\":\"https:\\\/\\\/hengxingmachinery.com\\\/wp-content\\\/uploads\\\/2025\\\/04\\\/quartz-ball-milling-machine-supplier.jpg\"},{\"@type\":\"BreadcrumbList\",\"@id\":\"https:\\\/\\\/hengxingmachinery.com\\\/quartz-ball-mill\\\/#breadcrumb\",\"itemListElement\":[{\"@type\":\"ListItem\",\"position\":1,\"name\":\"Home\",\"item\":\"https:\\\/\\\/hengxingmachinery.com\\\/\"},{\"@type\":\"ListItem\",\"position\":2,\"name\":\"3-1. Quartz ball mill\"}]},{\"@type\":\"WebSite\",\"@id\":\"https:\\\/\\\/hengxingmachinery.com\\\/#website\",\"url\":\"https:\\\/\\\/hengxingmachinery.com\\\/\",\"name\":\"Hengxing Machinery\",\"description\":\"Leading Manufacturer of All Sorts of Mining Machinery\",\"publisher\":{\"@id\":\"https:\\\/\\\/hengxingmachinery.com\\\/#organization\"},\"potentialAction\":[{\"@type\":\"SearchAction\",\"target\":{\"@type\":\"EntryPoint\",\"urlTemplate\":\"https:\\\/\\\/hengxingmachinery.com\\\/?s={search_term_string}\"},\"query-input\":{\"@type\":\"PropertyValueSpecification\",\"valueRequired\":true,\"valueName\":\"search_term_string\"}}],\"inLanguage\":\"fr-FR\"},{\"@type\":\"Organization\",\"@id\":\"https:\\\/\\\/hengxingmachinery.com\\\/#organization\",\"name\":\"Hengxing Machinery\",\"url\":\"https:\\\/\\\/hengxingmachinery.com\\\/\",\"logo\":{\"@type\":\"ImageObject\",\"inLanguage\":\"fr-FR\",\"@id\":\"https:\\\/\\\/hengxingmachinery.com\\\/#\\\/schema\\\/logo\\\/image\\\/\",\"url\":\"https:\\\/\\\/hengxingmachinery.com\\\/wp-content\\\/uploads\\\/2024\\\/12\\\/logo.png\",\"contentUrl\":\"https:\\\/\\\/hengxingmachinery.com\\\/wp-content\\\/uploads\\\/2024\\\/12\\\/logo.png\",\"width\":400,\"height\":260,\"caption\":\"Hengxing Machinery\"},\"image\":{\"@id\":\"https:\\\/\\\/hengxingmachinery.com\\\/#\\\/schema\\\/logo\\\/image\\\/\"}}]}<\/script>\n<!-- \/ Yoast SEO plugin. -->","yoast_head_json":{"title":"3-1. Broyeur \u00e0 boulets en quartz - Hengxing Machinery","robots":{"index":"index","follow":"follow","max-snippet":"max-snippet:-1","max-image-preview":"max-image-preview:large","max-video-preview":"max-video-preview:-1"},"canonical":"https:\/\/hengxingmachinery.com\/fr\/quartz-ball-mill\/","og_locale":"fr_FR","og_type":"article","og_title":"3-1. Quartz ball mill - Hengxing Machinery","og_description":"Quartz ball mill Quartz ball mill application \u200b\u200bElectronics &amp; Semiconductors\u200b\u200b: Produces ultra-pure quartz powder for silicon wafers and microchip substrates. \u200b\u200bSolar Energy\u200b\u200b: Grinds quartz for photovoltaic cell manufacturing. \u200b\u200bOptical Glass\u200b\u200b: Prepares high-transparency quartz powder for lenses and fiber optics. \u200b\u200bCeramics &amp; Refractories\u200b\u200b: Processes quartz for heat-resistant materials and ceramic glazes. \u200b\u200bChemicals\u200b\u200b: Used in synthesizing silicon ... Lire plus","og_url":"https:\/\/hengxingmachinery.com\/fr\/quartz-ball-mill\/","og_site_name":"Hengxing Machinery","article_modified_time":"2025-04-11T09:00:04+00:00","og_image":[{"url":"https:\/\/hengxingmachinery.com\/wp-content\/uploads\/2025\/04\/quartz-ball-milling-machine-supplier.jpg","type":"","width":"","height":""}],"twitter_card":"summary_large_image","twitter_misc":{"Dur\u00e9e de lecture estim\u00e9e":"3 minutes"},"schema":{"@context":"https:\/\/schema.org","@graph":[{"@type":"WebPage","@id":"https:\/\/hengxingmachinery.com\/quartz-ball-mill\/","url":"https:\/\/hengxingmachinery.com\/quartz-ball-mill\/","name":"3-1. Broyeur \u00e0 boulets en quartz - Hengxing Machinery","isPartOf":{"@id":"https:\/\/hengxingmachinery.com\/#website"},"primaryImageOfPage":{"@id":"https:\/\/hengxingmachinery.com\/quartz-ball-mill\/#primaryimage"},"image":{"@id":"https:\/\/hengxingmachinery.com\/quartz-ball-mill\/#primaryimage"},"thumbnailUrl":"https:\/\/hengxingmachinery.com\/wp-content\/uploads\/2025\/04\/quartz-ball-milling-machine-supplier.jpg","datePublished":"2025-04-11T07:45:56+00:00","dateModified":"2025-04-11T09:00:04+00:00","breadcrumb":{"@id":"https:\/\/hengxingmachinery.com\/quartz-ball-mill\/#breadcrumb"},"inLanguage":"fr-FR","potentialAction":[{"@type":"ReadAction","target":["https:\/\/hengxingmachinery.com\/quartz-ball-mill\/"]}]},{"@type":"ImageObject","inLanguage":"fr-FR","@id":"https:\/\/hengxingmachinery.com\/quartz-ball-mill\/#primaryimage","url":"https:\/\/hengxingmachinery.com\/wp-content\/uploads\/2025\/04\/quartz-ball-milling-machine-supplier.jpg","contentUrl":"https:\/\/hengxingmachinery.com\/wp-content\/uploads\/2025\/04\/quartz-ball-milling-machine-supplier.jpg"},{"@type":"BreadcrumbList","@id":"https:\/\/hengxingmachinery.com\/quartz-ball-mill\/#breadcrumb","itemListElement":[{"@type":"ListItem","position":1,"name":"Home","item":"https:\/\/hengxingmachinery.com\/"},{"@type":"ListItem","position":2,"name":"3-1. Quartz ball mill"}]},{"@type":"WebSite","@id":"https:\/\/hengxingmachinery.com\/#website","url":"https:\/\/hengxingmachinery.com\/","name":"Machines Hengxing","description":"Fabricant leader de toutes sortes de machines mini\u00e8res","publisher":{"@id":"https:\/\/hengxingmachinery.com\/#organization"},"potentialAction":[{"@type":"SearchAction","target":{"@type":"EntryPoint","urlTemplate":"https:\/\/hengxingmachinery.com\/?s={search_term_string}"},"query-input":{"@type":"PropertyValueSpecification","valueRequired":true,"valueName":"search_term_string"}}],"inLanguage":"fr-FR"},{"@type":"Organization","@id":"https:\/\/hengxingmachinery.com\/#organization","name":"Machines Hengxing","url":"https:\/\/hengxingmachinery.com\/","logo":{"@type":"ImageObject","inLanguage":"fr-FR","@id":"https:\/\/hengxingmachinery.com\/#\/schema\/logo\/image\/","url":"https:\/\/hengxingmachinery.com\/wp-content\/uploads\/2024\/12\/logo.png","contentUrl":"https:\/\/hengxingmachinery.com\/wp-content\/uploads\/2024\/12\/logo.png","width":400,"height":260,"caption":"Hengxing Machinery"},"image":{"@id":"https:\/\/hengxingmachinery.com\/#\/schema\/logo\/image\/"}}]}},"_links":{"self":[{"href":"https:\/\/hengxingmachinery.com\/fr\/wp-json\/wp\/v2\/pages\/2803","targetHints":{"allow":["GET"]}}],"collection":[{"href":"https:\/\/hengxingmachinery.com\/fr\/wp-json\/wp\/v2\/pages"}],"about":[{"href":"https:\/\/hengxingmachinery.com\/fr\/wp-json\/wp\/v2\/types\/page"}],"author":[{"embeddable":true,"href":"https:\/\/hengxingmachinery.com\/fr\/wp-json\/wp\/v2\/users\/1"}],"replies":[{"embeddable":true,"href":"https:\/\/hengxingmachinery.com\/fr\/wp-json\/wp\/v2\/comments?post=2803"}],"version-history":[{"count":4,"href":"https:\/\/hengxingmachinery.com\/fr\/wp-json\/wp\/v2\/pages\/2803\/revisions"}],"predecessor-version":[{"id":2830,"href":"https:\/\/hengxingmachinery.com\/fr\/wp-json\/wp\/v2\/pages\/2803\/revisions\/2830"}],"wp:attachment":[{"href":"https:\/\/hengxingmachinery.com\/fr\/wp-json\/wp\/v2\/media?parent=2803"}],"curies":[{"name":"wp","href":"https:\/\/api.w.org\/{rel}","templated":true}]}}