{"id":2936,"date":"2025-08-22T08:21:14","date_gmt":"2025-08-22T08:21:14","guid":{"rendered":"https:\/\/hengxingmachinery.com\/?page_id=2936"},"modified":"2025-08-22T08:22:50","modified_gmt":"2025-08-22T08:22:50","slug":"coal-powder-briquette-press-machine-ss","status":"publish","type":"page","link":"https:\/\/hengxingmachinery.com\/fr\/coal-powder-briquette-press-machine-ss\/","title":{"rendered":"8-2. Presse \u00e0 briquettes de poudre de charbon ss"},"content":{"rendered":"<div class=\"gb-container gb-container-45165f5a\">\n<div class=\"gb-container gb-container-c2652eb4\">\n\n<h1 class=\"gb-headline gb-headline-62a8b2cc gb-headline-text\">Presse \u00e0 briquettes de poudre de charbon<\/h1>\n\n<\/div>\n<\/div>\n\n<div class=\"gb-container gb-container-519cf624\">\n<div class=\"gb-container gb-container-71ca071e\">\n<div class=\"gb-grid-wrapper gb-grid-wrapper-8a5f0688\">\n<div class=\"gb-grid-column gb-grid-column-1e99b1c2\"><div class=\"gb-container gb-container-1e99b1c2\">\n\n<figure class=\"gb-block-image gb-block-image-e4eaba54\"><img decoding=\"async\" width=\"665\" height=\"545\" class=\"gb-image gb-image-e4eaba54\" src=\"https:\/\/hengxingmachinery.com\/wp-content\/uploads\/2025\/03\/coal-powder-briquette-pressing-machine.jpg\" alt=\"\" title=\"Presse \u00e0 briquettes de poudre de charbon\" srcset=\"https:\/\/hengxingmachinery.com\/wp-content\/uploads\/2025\/03\/coal-powder-briquette-pressing-machine.jpg 665w, https:\/\/hengxingmachinery.com\/wp-content\/uploads\/2025\/03\/coal-powder-briquette-pressing-machine-300x246.jpg 300w, https:\/\/hengxingmachinery.com\/wp-content\/uploads\/2025\/03\/coal-powder-briquette-pressing-machine-15x12.jpg 15w\" sizes=\"(max-width: 665px) 100vw, 665px\" \/><\/figure>\n\n<\/div><\/div>\n\n<div class=\"gb-grid-column gb-grid-column-bcae065b\"><div class=\"gb-container gb-container-bcae065b\">\n\n<p><\/p>\n\n\n<div class=\"gb-grid-wrapper gb-grid-wrapper-eebec76e\">\n<div class=\"gb-grid-column gb-grid-column-e3ada2f0\"><div class=\"gb-container gb-container-e3ada2f0\">\n\n<p class=\"gb-headline gb-headline-4c79a90a gb-headline-text\"><mark style=\"background-color:rgba(0, 0, 0, 0)\" class=\"has-inline-color has-global-color-8-color\"><strong>Capacit\u00e9:<\/strong><\/mark> 0,8-30 t\/h<\/p>\n\n\n\n<p><\/p>\n\n<\/div><\/div>\n\n<div class=\"gb-grid-column gb-grid-column-0bb00826\"><div class=\"gb-container gb-container-0bb00826\">\n\n<p class=\"gb-headline gb-headline-86d53f56 gb-headline-text\"><mark style=\"background-color:rgba(0, 0, 0, 0)\" class=\"has-inline-color has-global-color-8-color\"><strong><strong><strong>Puissance (kW)<\/strong><\/strong>:<\/strong><\/mark> 5.5-130<\/p>\n\n\n\n<p><\/p>\n\n<\/div><\/div>\n<\/div>\n\n\n<p class=\"gb-headline gb-headline-2750f5a7 gb-headline-text\"><strong>Application :<\/strong><\/p>\n\n\n\n<p><mark style=\"background-color:rgba(0, 0, 0, 0)\" class=\"has-inline-color has-contrast-color\">Une machine \u00e0 briqueter le charbon est utilis\u00e9e pour transformer les fines de charbon, les fines de coke, la poudre de charbon de bois, le noir de carbone, les fines de minerai de fer, les fines de fonte, la calamine, les fines de minerai de mangan\u00e8se et autres fines de mat\u00e9riaux en briquettes. <\/mark><\/p>\n\n\n\n<p><mark style=\"background-color:rgba(0, 0, 0, 0)\" class=\"has-inline-color has-contrast-color\">Ces briquettes peuvent \u00eatre con\u00e7ues de forme ovale, en \u0153uf, en oreiller, carr\u00e9e, etc. Cette machine est largement utilis\u00e9e dans l'industrie charbonni\u00e8re et l'industrie m\u00e9tallurgique.<\/mark><\/p>\n\n\n<div class=\"gb-container gb-container-256e15f1\">\n\n<a class=\"gb-button gb-button-e8b73d89 gb-button-text\" href=\"#popmake-622\">Obtenez un devis gratuit maintenant<\/a>\n\n<\/div>\n<\/div><\/div>\n<\/div>\n<\/div>\n<\/div>\n\n<div class=\"gb-container gb-container-af5f8799\">\n<div class=\"gb-container gb-container-2298848b\">\n\n<h2 class=\"gb-headline gb-headline-9d27ad2c gb-headline-text\">Caract\u00e9ristiques de la presse \u00e0 briquettes de poudre de charbon<\/h2>\n\n\n\n<p>1. Le mat\u00e9riau pr\u00e9sente un bon effet d'extrusion, un taux de formation de boules \u00e9lev\u00e9 et une r\u00e9sistance des boules \u00e9lev\u00e9e.<\/p>\n\n\n\n<p>2. Structure compacte, poids l\u00e9ger et longue dur\u00e9e de vie.<\/p>\n\n\n\n<p>3. L'optimisation de la structure de transmission principale facilite non seulement la fabrication, l'installation, le r\u00e9glage et la maintenance, mais r\u00e9duit \u00e9galement le poids de l'\u00e9quipement tout en garantissant pleinement la qualit\u00e9. Parall\u00e8lement, elle r\u00e9duit l'investissement de l'utilisateur dans les infrastructures.<\/p>\n\n\n\n<p>4. D\u00e9moulage r\u00e9gulier, faible bruit et moins de poussi\u00e8re.<\/p>\n\n\n<div class=\"gb-container gb-container-d7b7b595\">\n\n<a class=\"gb-button gb-button-c1312760 gb-button-text\" href=\"#popmake-622\">Obtenez un devis gratuit maintenant<\/a>\n\n<\/div>\n<\/div>\n<\/div>\n\n<div class=\"gb-container gb-container-ebd718b6\">\n<div class=\"gb-container gb-container-ae7c516c\">\n<div class=\"gb-container gb-container-5c75b960\">\n\n<h2 class=\"gb-headline gb-headline-98859344 gb-headline-text\">Principe de fonctionnement de la presse \u00e0 briquettes de poudre de charbon<\/h2>\n\n\n\n<figure class=\"gb-block-image gb-block-image-56f3f481\"><img decoding=\"async\" width=\"600\" height=\"400\" class=\"gb-image gb-image-56f3f481\" src=\"https:\/\/hengxingmachinery.com\/wp-content\/uploads\/2025\/03\/coal-powder-briquette-press-machine-1.jpg\" alt=\"\" title=\"presse \u00e0 briquettes de poudre de charbon\" srcset=\"https:\/\/hengxingmachinery.com\/wp-content\/uploads\/2025\/03\/coal-powder-briquette-press-machine-1.jpg 600w, https:\/\/hengxingmachinery.com\/wp-content\/uploads\/2025\/03\/coal-powder-briquette-press-machine-1-300x200.jpg 300w, https:\/\/hengxingmachinery.com\/wp-content\/uploads\/2025\/03\/coal-powder-briquette-press-machine-1-18x12.jpg 18w\" sizes=\"(max-width: 600px) 100vw, 600px\" \/><\/figure>\n\n\n\n<p><\/p>\n\n\n\n<p>La machine \u00e0 briquettes de poudre de charbon joue un r\u00f4le important dans le processus de mise en forme, et la roue profil\u00e9e est la partie centrale de l'\u00e9quipement. L'\u00e9quipement comprend une paire de roues de m\u00eame diam\u00e8tre et d'axes parall\u00e8les avec un certain \u00e9cart. Des alv\u00e9oles h\u00e9misph\u00e9riques, de taille identique, de forme uniforme et dispos\u00e9es r\u00e9guli\u00e8rement sont pr\u00e9sentes sur la roue moul\u00e9e.<\/p>\n\n\n\n<p>Lorsque le moteur d\u00e9marre, la paire de roues commence \u00e0 tourner \u00e0 la m\u00eame vitesse mais en sens oppos\u00e9. Lorsque le mat\u00e9riau passe par la jonction des deux roues, il est comprim\u00e9 et son volume est r\u00e9duit sous pression. Avec la rotation continue de la roue de moulage, l'alv\u00e9ole se referme lentement, le mat\u00e9riau subit une force plus importante et son volume est encore comprim\u00e9. <\/p>\n\n\n\n<p>Lorsque la distance entre les alv\u00e9oles est extr\u00eamement r\u00e9duite, une forte pression de moulage est atteinte. Ensuite, la roue profil\u00e9e tourne pour augmenter progressivement la distance entre les alv\u00e9oles, et la pression de moulage diminue graduellement pour atteindre l'objectif d'un d\u00e9moulage r\u00e9gulier des boules.<\/p>\n\n\n<div class=\"gb-container gb-container-d6bbf16a\">\n\n<a class=\"gb-button gb-button-caa3f2bc gb-button-text\" href=\"#popmake-622\">Obtenez un devis gratuit maintenant<\/a>\n\n<\/div>\n<\/div>\n<\/div>\n<\/div>\n\n<div class=\"gb-container gb-container-435ad261\">\n<div class=\"gb-container gb-container-7dc79cc4\">\n\n<h2 class=\"gb-headline gb-headline-6fe5dee2 gb-headline-text\">Sp\u00e9cifications de la presse \u00e0 briquettes de poudre de charbon<\/h2>\n\n\n\n<figure class=\"wp-block-table is-style-stripes\"><table class=\"has-fixed-layout\"><tbody><tr><td><strong>Mod\u00e8le<\/strong>&nbsp;<\/td><td><strong>R\u00e9ducteur&nbsp;<\/strong><\/td><td><strong>Dimensions des rouleaux&nbsp;<\/strong><\/td><td><strong>Puissance (kW)<\/strong><\/td><td><strong>Rendement (t\/h)<\/strong><\/td><td><strong>Mat\u00e9riau des rouleaux<\/strong><\/td><td><strong>Pression des rouleaux (t\/cm)<\/strong><\/td><\/tr><tr><td>HX290<\/td><td>ZQ300<\/td><td>\u03a6290<\/td><td>5.5<\/td><td>0.8-2<\/td><td>65Mn<\/td><td>1<\/td><\/tr><tr><td>HX 360<\/td><td>ZQ350<\/td><td>\u03a6360<\/td><td>7.5<\/td><td>2-3.5<\/td><td>65Mn\/9Cr2Mo<\/td><td>1<\/td><\/tr><tr><td>HX 400<\/td><td>ZQ400<\/td><td>\u03a6400<\/td><td>11<\/td><td>4-5<\/td><td>65Mn\/9Cr2Mo<\/td><td>1<\/td><\/tr><tr><td>HX 430<\/td><td>ZQ400<\/td><td>\u03a6430<\/td><td>11<\/td><td>5-7<\/td><td>65Mn\/9Cr2Mo<\/td><td>1-2<\/td><\/tr><tr><td>HX 500<\/td><td>ZQ500<\/td><td>\u03a6500<\/td><td>18.5-30<\/td><td>6-8<\/td><td>65Mn\/9Cr2Mo<\/td><td>1-2.5<\/td><\/tr><tr><td>HX 650<\/td><td>ZQ650<\/td><td>\u03a6650<\/td><td>22<\/td><td>8-12<\/td><td>65Mn\/9Cr2Mo<\/td><td>1-2.5<\/td><\/tr><tr><td>HX 750<\/td><td>ZQ750<\/td><td>\u03a6750<\/td><td>30-75<\/td><td>12-18<\/td><td>65Mn\/9Cr2Mo<\/td><td>1-2.5<\/td><\/tr><tr><td>HX 850<\/td><td>ZQ850<\/td><td>\u03a6850<\/td><td>55-90<\/td><td>18-25<\/td><td>65Mn\/9Cr2Mo<\/td><td>1-2.5<\/td><\/tr><tr><td>HX 1000<\/td><td>ZQ1000<\/td><td>\u03a61000<\/td><td>75-130<\/td><td>25-30<\/td><td>65Mn\/9Cr2Mo<\/td><td>2-2.5<\/td><\/tr><\/tbody><\/table><\/figure>\n\n\n<div class=\"gb-container gb-container-263d9700\">\n\n<a class=\"gb-button gb-button-a4cbb7be gb-button-text\" href=\"#popmake-622\">Obtenez un devis gratuit maintenant<\/a>\n\n<\/div>\n<\/div>\n<\/div>","protected":false},"excerpt":{"rendered":"<p>Le mat\u00e9riau pr\u00e9sente un bon effet d'extrusion, un taux de formation de boules \u00e9lev\u00e9 et une r\u00e9sistance des boules \u00e9lev\u00e9e. <\/p>\n<p class=\"read-more-container\"><a title=\"8-2. Presse \u00e0 briquettes de poudre de charbon ss\" class=\"read-more button\" href=\"https:\/\/hengxingmachinery.com\/fr\/coal-powder-briquette-press-machine-ss\/#more-2936\" aria-label=\"En savoir plus sur 8-2. Presse \u00e0 briquettes de poudre de charbon ss\">Lire plus<\/a><\/p>","protected":false},"author":1,"featured_media":0,"parent":0,"menu_order":0,"comment_status":"closed","ping_status":"closed","template":"","meta":{"footnotes":""},"class_list":["post-2936","page","type-page","status-publish"],"yoast_head":"<!-- This site is optimized with the Yoast SEO plugin v27.3 - https:\/\/yoast.com\/product\/yoast-seo-wordpress\/ -->\n<title>8-2. Coal powder briquette press machine ss - Hengxing Machinery<\/title>\n<meta name=\"robots\" content=\"noindex, follow\" \/>\n<meta property=\"og:locale\" content=\"fr_FR\" \/>\n<meta property=\"og:type\" content=\"article\" \/>\n<meta property=\"og:title\" content=\"8-2. Coal powder briquette press machine ss - Hengxing Machinery\" \/>\n<meta property=\"og:description\" content=\"Coal powder briquette press machine Characteristics of coal powder briquette press machine 1. The material has a good extrusion effect, high ball formation rate and high ball strength. 2. Compact structure, light weight and long life. 3. The optimization of the main transmission structure not only facilitates manufacturing, installation, adjustment, and maintenance but also reduces ... Lire plus\" \/>\n<meta property=\"og:url\" content=\"https:\/\/hengxingmachinery.com\/fr\/coal-powder-briquette-press-machine-ss\/\" \/>\n<meta property=\"og:site_name\" content=\"Hengxing Machinery\" \/>\n<meta property=\"article:modified_time\" content=\"2025-08-22T08:22:50+00:00\" \/>\n<meta property=\"og:image\" content=\"https:\/\/hengxingmachinery.com\/wp-content\/uploads\/2025\/03\/coal-powder-briquette-pressing-machine.jpg\" \/>\n<meta name=\"twitter:card\" content=\"summary_large_image\" \/>\n<meta name=\"twitter:label1\" content=\"Dur\u00e9e de lecture estim\u00e9e\" \/>\n\t<meta name=\"twitter:data1\" content=\"3 minutes\" \/>\n<script type=\"application\/ld+json\" class=\"yoast-schema-graph\">{\"@context\":\"https:\\\/\\\/schema.org\",\"@graph\":[{\"@type\":\"WebPage\",\"@id\":\"https:\\\/\\\/hengxingmachinery.com\\\/coal-powder-briquette-press-machine-ss\\\/\",\"url\":\"https:\\\/\\\/hengxingmachinery.com\\\/coal-powder-briquette-press-machine-ss\\\/\",\"name\":\"8-2. Coal powder briquette press machine ss - Hengxing Machinery\",\"isPartOf\":{\"@id\":\"https:\\\/\\\/hengxingmachinery.com\\\/#website\"},\"primaryImageOfPage\":{\"@id\":\"https:\\\/\\\/hengxingmachinery.com\\\/coal-powder-briquette-press-machine-ss\\\/#primaryimage\"},\"image\":{\"@id\":\"https:\\\/\\\/hengxingmachinery.com\\\/coal-powder-briquette-press-machine-ss\\\/#primaryimage\"},\"thumbnailUrl\":\"https:\\\/\\\/hengxingmachinery.com\\\/wp-content\\\/uploads\\\/2025\\\/03\\\/coal-powder-briquette-pressing-machine.jpg\",\"datePublished\":\"2025-08-22T08:21:14+00:00\",\"dateModified\":\"2025-08-22T08:22:50+00:00\",\"breadcrumb\":{\"@id\":\"https:\\\/\\\/hengxingmachinery.com\\\/coal-powder-briquette-press-machine-ss\\\/#breadcrumb\"},\"inLanguage\":\"fr-FR\",\"potentialAction\":[{\"@type\":\"ReadAction\",\"target\":[\"https:\\\/\\\/hengxingmachinery.com\\\/coal-powder-briquette-press-machine-ss\\\/\"]}]},{\"@type\":\"ImageObject\",\"inLanguage\":\"fr-FR\",\"@id\":\"https:\\\/\\\/hengxingmachinery.com\\\/coal-powder-briquette-press-machine-ss\\\/#primaryimage\",\"url\":\"https:\\\/\\\/hengxingmachinery.com\\\/wp-content\\\/uploads\\\/2025\\\/03\\\/coal-powder-briquette-pressing-machine.jpg\",\"contentUrl\":\"https:\\\/\\\/hengxingmachinery.com\\\/wp-content\\\/uploads\\\/2025\\\/03\\\/coal-powder-briquette-pressing-machine.jpg\"},{\"@type\":\"BreadcrumbList\",\"@id\":\"https:\\\/\\\/hengxingmachinery.com\\\/coal-powder-briquette-press-machine-ss\\\/#breadcrumb\",\"itemListElement\":[{\"@type\":\"ListItem\",\"position\":1,\"name\":\"Home\",\"item\":\"https:\\\/\\\/hengxingmachinery.com\\\/\"},{\"@type\":\"ListItem\",\"position\":2,\"name\":\"8-2. Coal powder briquette press machine ss\"}]},{\"@type\":\"WebSite\",\"@id\":\"https:\\\/\\\/hengxingmachinery.com\\\/#website\",\"url\":\"https:\\\/\\\/hengxingmachinery.com\\\/\",\"name\":\"Hengxing Machinery\",\"description\":\"Leading Manufacturer of All Sorts of Mining Machinery\",\"publisher\":{\"@id\":\"https:\\\/\\\/hengxingmachinery.com\\\/#organization\"},\"potentialAction\":[{\"@type\":\"SearchAction\",\"target\":{\"@type\":\"EntryPoint\",\"urlTemplate\":\"https:\\\/\\\/hengxingmachinery.com\\\/?s={search_term_string}\"},\"query-input\":{\"@type\":\"PropertyValueSpecification\",\"valueRequired\":true,\"valueName\":\"search_term_string\"}}],\"inLanguage\":\"fr-FR\"},{\"@type\":\"Organization\",\"@id\":\"https:\\\/\\\/hengxingmachinery.com\\\/#organization\",\"name\":\"Hengxing Machinery\",\"url\":\"https:\\\/\\\/hengxingmachinery.com\\\/\",\"logo\":{\"@type\":\"ImageObject\",\"inLanguage\":\"fr-FR\",\"@id\":\"https:\\\/\\\/hengxingmachinery.com\\\/#\\\/schema\\\/logo\\\/image\\\/\",\"url\":\"https:\\\/\\\/hengxingmachinery.com\\\/wp-content\\\/uploads\\\/2024\\\/12\\\/logo.png\",\"contentUrl\":\"https:\\\/\\\/hengxingmachinery.com\\\/wp-content\\\/uploads\\\/2024\\\/12\\\/logo.png\",\"width\":400,\"height\":260,\"caption\":\"Hengxing Machinery\"},\"image\":{\"@id\":\"https:\\\/\\\/hengxingmachinery.com\\\/#\\\/schema\\\/logo\\\/image\\\/\"}}]}<\/script>\n<!-- \/ Yoast SEO plugin. -->","yoast_head_json":{"title":"8-2. Presse \u00e0 briquettes de poudre de charbon ss - Hengxing Machinery","robots":{"index":"noindex","follow":"follow"},"og_locale":"fr_FR","og_type":"article","og_title":"8-2. Coal powder briquette press machine ss - Hengxing Machinery","og_description":"Coal powder briquette press machine Characteristics of coal powder briquette press machine 1. The material has a good extrusion effect, high ball formation rate and high ball strength. 2. Compact structure, light weight and long life. 3. The optimization of the main transmission structure not only facilitates manufacturing, installation, adjustment, and maintenance but also reduces ... Lire plus","og_url":"https:\/\/hengxingmachinery.com\/fr\/coal-powder-briquette-press-machine-ss\/","og_site_name":"Hengxing Machinery","article_modified_time":"2025-08-22T08:22:50+00:00","og_image":[{"url":"https:\/\/hengxingmachinery.com\/wp-content\/uploads\/2025\/03\/coal-powder-briquette-pressing-machine.jpg","type":"","width":"","height":""}],"twitter_card":"summary_large_image","twitter_misc":{"Dur\u00e9e de lecture estim\u00e9e":"3 minutes"},"schema":{"@context":"https:\/\/schema.org","@graph":[{"@type":"WebPage","@id":"https:\/\/hengxingmachinery.com\/coal-powder-briquette-press-machine-ss\/","url":"https:\/\/hengxingmachinery.com\/coal-powder-briquette-press-machine-ss\/","name":"8-2. Presse \u00e0 briquettes de poudre de charbon ss - Hengxing Machinery","isPartOf":{"@id":"https:\/\/hengxingmachinery.com\/#website"},"primaryImageOfPage":{"@id":"https:\/\/hengxingmachinery.com\/coal-powder-briquette-press-machine-ss\/#primaryimage"},"image":{"@id":"https:\/\/hengxingmachinery.com\/coal-powder-briquette-press-machine-ss\/#primaryimage"},"thumbnailUrl":"https:\/\/hengxingmachinery.com\/wp-content\/uploads\/2025\/03\/coal-powder-briquette-pressing-machine.jpg","datePublished":"2025-08-22T08:21:14+00:00","dateModified":"2025-08-22T08:22:50+00:00","breadcrumb":{"@id":"https:\/\/hengxingmachinery.com\/coal-powder-briquette-press-machine-ss\/#breadcrumb"},"inLanguage":"fr-FR","potentialAction":[{"@type":"ReadAction","target":["https:\/\/hengxingmachinery.com\/coal-powder-briquette-press-machine-ss\/"]}]},{"@type":"ImageObject","inLanguage":"fr-FR","@id":"https:\/\/hengxingmachinery.com\/coal-powder-briquette-press-machine-ss\/#primaryimage","url":"https:\/\/hengxingmachinery.com\/wp-content\/uploads\/2025\/03\/coal-powder-briquette-pressing-machine.jpg","contentUrl":"https:\/\/hengxingmachinery.com\/wp-content\/uploads\/2025\/03\/coal-powder-briquette-pressing-machine.jpg"},{"@type":"BreadcrumbList","@id":"https:\/\/hengxingmachinery.com\/coal-powder-briquette-press-machine-ss\/#breadcrumb","itemListElement":[{"@type":"ListItem","position":1,"name":"Home","item":"https:\/\/hengxingmachinery.com\/"},{"@type":"ListItem","position":2,"name":"8-2. Coal powder briquette press machine ss"}]},{"@type":"WebSite","@id":"https:\/\/hengxingmachinery.com\/#website","url":"https:\/\/hengxingmachinery.com\/","name":"Machines Hengxing","description":"Fabricant leader de toutes sortes de machines mini\u00e8res","publisher":{"@id":"https:\/\/hengxingmachinery.com\/#organization"},"potentialAction":[{"@type":"SearchAction","target":{"@type":"EntryPoint","urlTemplate":"https:\/\/hengxingmachinery.com\/?s={search_term_string}"},"query-input":{"@type":"PropertyValueSpecification","valueRequired":true,"valueName":"search_term_string"}}],"inLanguage":"fr-FR"},{"@type":"Organization","@id":"https:\/\/hengxingmachinery.com\/#organization","name":"Machines Hengxing","url":"https:\/\/hengxingmachinery.com\/","logo":{"@type":"ImageObject","inLanguage":"fr-FR","@id":"https:\/\/hengxingmachinery.com\/#\/schema\/logo\/image\/","url":"https:\/\/hengxingmachinery.com\/wp-content\/uploads\/2024\/12\/logo.png","contentUrl":"https:\/\/hengxingmachinery.com\/wp-content\/uploads\/2024\/12\/logo.png","width":400,"height":260,"caption":"Hengxing Machinery"},"image":{"@id":"https:\/\/hengxingmachinery.com\/#\/schema\/logo\/image\/"}}]}},"_links":{"self":[{"href":"https:\/\/hengxingmachinery.com\/fr\/wp-json\/wp\/v2\/pages\/2936","targetHints":{"allow":["GET"]}}],"collection":[{"href":"https:\/\/hengxingmachinery.com\/fr\/wp-json\/wp\/v2\/pages"}],"about":[{"href":"https:\/\/hengxingmachinery.com\/fr\/wp-json\/wp\/v2\/types\/page"}],"author":[{"embeddable":true,"href":"https:\/\/hengxingmachinery.com\/fr\/wp-json\/wp\/v2\/users\/1"}],"replies":[{"embeddable":true,"href":"https:\/\/hengxingmachinery.com\/fr\/wp-json\/wp\/v2\/comments?post=2936"}],"version-history":[{"count":2,"href":"https:\/\/hengxingmachinery.com\/fr\/wp-json\/wp\/v2\/pages\/2936\/revisions"}],"predecessor-version":[{"id":2942,"href":"https:\/\/hengxingmachinery.com\/fr\/wp-json\/wp\/v2\/pages\/2936\/revisions\/2942"}],"wp:attachment":[{"href":"https:\/\/hengxingmachinery.com\/fr\/wp-json\/wp\/v2\/media?parent=2936"}],"curies":[{"name":"wp","href":"https:\/\/api.w.org\/{rel}","templated":true}]}}