{"id":465,"date":"2024-12-19T07:35:26","date_gmt":"2024-12-19T07:35:26","guid":{"rendered":"https:\/\/hengxingmachinery.com\/?page_id=465"},"modified":"2024-12-24T09:03:15","modified_gmt":"2024-12-24T09:03:15","slug":"company-info","status":"publish","type":"page","link":"https:\/\/hengxingmachinery.com\/fr\/company-info\/","title":{"rendered":"\u00c0 propos \u2013 Informations sur l\u2019entreprise"},"content":{"rendered":"<div class=\"gb-container gb-container-7f881358\">\n<div class=\"gb-container gb-container-16787ce5\">\n<div class=\"gb-grid-wrapper gb-grid-wrapper-093f8acb\">\n<div class=\"gb-grid-column gb-grid-column-504a6a9a\"><div class=\"gb-container gb-container-504a6a9a\">\n\n<p class=\"gb-headline gb-headline-91851cbc\"><span class=\"gb-icon\"><svg viewbox=\"0 0 24 24\" fill=\"#000000\" xmlns=\"http:\/\/www.w3.org\/2000\/svg\"><g stroke-width=\"0\" id=\"SVGRepo_bgCarrier\"><\/g><g stroke-linejoin=\"round\" stroke-linecap=\"round\" id=\"SVGRepo_tracerCarrier\"><\/g><g id=\"SVGRepo_iconCarrier\"><path d=\"M23 13H2v-2h21v2z\"><\/path><\/g><\/svg><\/span><span class=\"gb-headline-text\"><strong>\u00c0 propos de la soci\u00e9t\u00e9<\/strong><\/span><\/p>\n\n\n\n<h2 class=\"gb-headline gb-headline-72d8879e gb-headline-text\"><strong>Nous sommes \u00e0 la t\u00eate de l&#039;industrie mini\u00e8re depuis plus de 10 ans<\/strong><\/h2>\n\n\n\n<p class=\"gb-headline gb-headline-a89d02e1 gb-headline-text\"><strong>Zhengzhou Hengxing Heavy Equipment Co., Ltd est une soci\u00e9t\u00e9 par actions qui int\u00e8gre la recherche, la fabrication et la vente, en se concentrant sur les \u00e9quipements lourds de grande et moyenne taille.<\/strong><\/p>\n\n\n\n<p class=\"gb-headline gb-headline-92f1d2d8 gb-headline-text\">En tant que fabricant exp\u00e9riment\u00e9 de machines mini\u00e8res, nous adh\u00e9rons \u00e0 notre principe de gestion \u00ab Poursuivre la technologie et la qualit\u00e9 Hengxing \u00bb. <\/p>\n\n\n\n<p class=\"gb-headline gb-headline-1669df52 gb-headline-text\">Notre d\u00e9vouement et notre engagement envers la qualit\u00e9 ont valu \u00e0 Hengxing une solide r\u00e9putation aupr\u00e8s de nos clients, refl\u00e9tant notre qu\u00eate incessante d&#039;innovation et de performances sup\u00e9rieures dans l&#039;industrie.<\/p>\n\n\n<div class=\"gb-container gb-container-4c0ad5ca\"><a class=\"gb-container-link\" href=\"#popmake-885\"><\/a>\n\n<p class=\"gb-headline gb-headline-d22f1b0b\"><span class=\"gb-icon\"><svg viewbox=\"0 0 48.00 48.00\" xmlns=\"http:\/\/www.w3.org\/2000\/svg\" fill=\"#b91313\" stroke=\"#b91313\" stroke-width=\"0.00048000000000000007\"><g id=\"SVGRepo_bgCarrier\" stroke-width=\"0\"><\/g><g id=\"SVGRepo_tracerCarrier\" stroke-linecap=\"round\" stroke-linejoin=\"round\"><\/g><g id=\"SVGRepo_iconCarrier\"> <title>pointe de fl\u00e8che-cercle-droit<\/title> <g id=\"Layer_2\" data-name=\"Layer 2\"> <g id=\"invisible_box\" data-name=\"invisible box\"> <rect width=\"48\" height=\"48\" fill=\"none\"><\/rect> <\/g> <g id=\"icons_Q2\" data-name=\"icons Q2\"> <path d=\"M6,24A18,18,0,1,1,24,42,18.1,18.1,0,0,1,6,24M2,24A22,22,0,1,0,24,2,21.9,21.9,0,0,0,2,24Z\"><\/path> <path d=\"M26.2,24l-6.6,6.6a1.9,1.9,0,0,0,.2,3,2.1,2.1,0,0,0,2.7-.2l7.9-8a1.9,1.9,0,0,0,0-2.8l-7.9-8a2.1,2.1,0,0,0-2.7-.2,1.9,1.9,0,0,0-.2,3Z\"><\/path> <\/g> <\/g> <\/g><\/svg><\/span><span class=\"gb-headline-text\">CONTACTEZ-NOUS POUR UN DEVIS GRATUIT<\/span><\/p>\n\n<\/div>\n<\/div><\/div>\n\n<div class=\"gb-grid-column gb-grid-column-6957a0dc\"><div class=\"gb-container gb-container-6957a0dc\">\n\n<figure class=\"gb-block-image gb-block-image-05b7258f\"><img decoding=\"async\" width=\"2560\" height=\"1102\" class=\"gb-image gb-image-05b7258f\" src=\"https:\/\/hengxingmachinery.com\/wp-content\/uploads\/2024\/12\/company-image-scaled.jpg\" alt=\"\" title=\"image de l&#039;entreprise\" srcset=\"https:\/\/hengxingmachinery.com\/wp-content\/uploads\/2024\/12\/company-image-scaled.jpg 2560w, https:\/\/hengxingmachinery.com\/wp-content\/uploads\/2024\/12\/company-image-scaled-300x129.jpg 300w, https:\/\/hengxingmachinery.com\/wp-content\/uploads\/2024\/12\/company-image-scaled-1024x441.jpg 1024w, https:\/\/hengxingmachinery.com\/wp-content\/uploads\/2024\/12\/company-image-scaled-768x331.jpg 768w, https:\/\/hengxingmachinery.com\/wp-content\/uploads\/2024\/12\/company-image-scaled-1536x661.jpg 1536w, https:\/\/hengxingmachinery.com\/wp-content\/uploads\/2024\/12\/company-image-scaled-2048x882.jpg 2048w, https:\/\/hengxingmachinery.com\/wp-content\/uploads\/2024\/12\/company-image-scaled-18x8.jpg 18w\" sizes=\"(max-width: 2560px) 100vw, 2560px\" \/><\/figure>\n\n<\/div><\/div>\n<\/div>\n<\/div>\n<\/div>\n\n<div class=\"gb-container gb-container-ba3a9073\">\n<div class=\"gb-container gb-container-e9042c1e\">\n\n<h2 class=\"gb-headline gb-headline-915caa34 gb-headline-text\"><strong>Force de l&#039;usine<\/strong><\/h2>\n\n\n<div class=\"gb-grid-wrapper gb-grid-wrapper-06ea0b29\">\n<div class=\"gb-grid-column gb-grid-column-f1713672\"><div class=\"gb-container gb-container-f1713672\">\n\n<p>Nous sommes sp\u00e9cialis\u00e9s dans la recherche, le d\u00e9veloppement et la production d&#039;\u00e9quipements industriels de concassage, de broyage de poudre et de traitement de min\u00e9raux, y compris des concasseurs \u00e0 pierre, des concasseurs \u00e0 m\u00e2choires, des concasseurs \u00e0 c\u00f4ne, des concasseurs \u00e0 marteaux, des machines de fabrication de sable, des machines \u00e0 laver le sable, des broyeurs \u00e0 barres, des machines de fabrication de poudre, des machines de traitement du minerai, des machines \u00e0 briquettes et des lignes compl\u00e8tes de production de ciment. <\/p>\n\n<\/div><\/div>\n\n<div class=\"gb-grid-column gb-grid-column-e629a5e8\"><div class=\"gb-container gb-container-e629a5e8\">\n\n<p>En s&#039;appuyant sur des technologies de pointe en mati\u00e8re de concassage et de traitement de la poudre, ainsi que sur des syst\u00e8mes de gestion et de contr\u00f4le qualit\u00e9 robustes, Hengxing a acquis une solide r\u00e9putation aupr\u00e8s de ses clients. <\/p>\n\n\n\n<p class=\"gb-headline gb-headline-227c7542 gb-headline-text\">Nos produits sont vendus en Asie du Sud-Est, en Europe de l\u2019Est, en Am\u00e9rique du Sud, au Moyen-Orient et en Afrique, et nous nous engageons \u00e0 nous d\u00e9velopper sur davantage de march\u00e9s internationaux \u00e0 l\u2019avenir.<\/p>\n\n<\/div><\/div>\n<\/div>\n<\/div>\n<\/div>","protected":false},"excerpt":{"rendered":"<p>Force de l&#039;usine<\/p>","protected":false},"author":1,"featured_media":0,"parent":0,"menu_order":0,"comment_status":"closed","ping_status":"closed","template":"","meta":{"footnotes":""},"class_list":["post-465","page","type-page","status-publish"],"yoast_head":"<!-- This site is optimized with the Yoast SEO plugin v27.4 - https:\/\/yoast.com\/product\/yoast-seo-wordpress\/ -->\n<title>About - Company Info - Hengxing Machinery<\/title>\n<meta name=\"robots\" content=\"index, follow, max-snippet:-1, max-image-preview:large, max-video-preview:-1\" \/>\n<link rel=\"canonical\" href=\"https:\/\/hengxingmachinery.com\/fr\/company-info\/\" \/>\n<meta property=\"og:locale\" content=\"fr_FR\" \/>\n<meta property=\"og:type\" content=\"article\" \/>\n<meta property=\"og:title\" content=\"About - Company Info - Hengxing Machinery\" \/>\n<meta property=\"og:description\" content=\"Factory Strength\" \/>\n<meta property=\"og:url\" content=\"https:\/\/hengxingmachinery.com\/fr\/company-info\/\" \/>\n<meta property=\"og:site_name\" content=\"Hengxing Machinery\" \/>\n<meta property=\"article:modified_time\" content=\"2024-12-24T09:03:15+00:00\" \/>\n<meta property=\"og:image\" content=\"https:\/\/hengxingmachinery.com\/wp-content\/uploads\/2024\/12\/company-image-scaled.jpg\" \/>\n<meta name=\"twitter:card\" content=\"summary_large_image\" \/>\n<meta name=\"twitter:label1\" content=\"Dur\u00e9e de lecture estim\u00e9e\" \/>\n\t<meta name=\"twitter:data1\" content=\"2 minutes\" \/>\n<script type=\"application\/ld+json\" class=\"yoast-schema-graph\">{\"@context\":\"https:\\\/\\\/schema.org\",\"@graph\":[{\"@type\":\"WebPage\",\"@id\":\"https:\\\/\\\/hengxingmachinery.com\\\/company-info\\\/\",\"url\":\"https:\\\/\\\/hengxingmachinery.com\\\/company-info\\\/\",\"name\":\"About - Company Info - Hengxing Machinery\",\"isPartOf\":{\"@id\":\"https:\\\/\\\/hengxingmachinery.com\\\/#website\"},\"primaryImageOfPage\":{\"@id\":\"https:\\\/\\\/hengxingmachinery.com\\\/company-info\\\/#primaryimage\"},\"image\":{\"@id\":\"https:\\\/\\\/hengxingmachinery.com\\\/company-info\\\/#primaryimage\"},\"thumbnailUrl\":\"https:\\\/\\\/hengxingmachinery.com\\\/wp-content\\\/uploads\\\/2024\\\/12\\\/company-image-scaled.jpg\",\"datePublished\":\"2024-12-19T07:35:26+00:00\",\"dateModified\":\"2024-12-24T09:03:15+00:00\",\"breadcrumb\":{\"@id\":\"https:\\\/\\\/hengxingmachinery.com\\\/company-info\\\/#breadcrumb\"},\"inLanguage\":\"fr-FR\",\"potentialAction\":[{\"@type\":\"ReadAction\",\"target\":[\"https:\\\/\\\/hengxingmachinery.com\\\/company-info\\\/\"]}]},{\"@type\":\"ImageObject\",\"inLanguage\":\"fr-FR\",\"@id\":\"https:\\\/\\\/hengxingmachinery.com\\\/company-info\\\/#primaryimage\",\"url\":\"https:\\\/\\\/hengxingmachinery.com\\\/wp-content\\\/uploads\\\/2024\\\/12\\\/company-image-scaled.jpg\",\"contentUrl\":\"https:\\\/\\\/hengxingmachinery.com\\\/wp-content\\\/uploads\\\/2024\\\/12\\\/company-image-scaled.jpg\"},{\"@type\":\"BreadcrumbList\",\"@id\":\"https:\\\/\\\/hengxingmachinery.com\\\/company-info\\\/#breadcrumb\",\"itemListElement\":[{\"@type\":\"ListItem\",\"position\":1,\"name\":\"Home\",\"item\":\"https:\\\/\\\/hengxingmachinery.com\\\/\"},{\"@type\":\"ListItem\",\"position\":2,\"name\":\"About &#8211; Company Info\"}]},{\"@type\":\"WebSite\",\"@id\":\"https:\\\/\\\/hengxingmachinery.com\\\/#website\",\"url\":\"https:\\\/\\\/hengxingmachinery.com\\\/\",\"name\":\"Hengxing Machinery\",\"description\":\"Leading Manufacturer of All Sorts of Mining Machinery\",\"publisher\":{\"@id\":\"https:\\\/\\\/hengxingmachinery.com\\\/#organization\"},\"potentialAction\":[{\"@type\":\"SearchAction\",\"target\":{\"@type\":\"EntryPoint\",\"urlTemplate\":\"https:\\\/\\\/hengxingmachinery.com\\\/?s={search_term_string}\"},\"query-input\":{\"@type\":\"PropertyValueSpecification\",\"valueRequired\":true,\"valueName\":\"search_term_string\"}}],\"inLanguage\":\"fr-FR\"},{\"@type\":\"Organization\",\"@id\":\"https:\\\/\\\/hengxingmachinery.com\\\/#organization\",\"name\":\"Hengxing Machinery\",\"url\":\"https:\\\/\\\/hengxingmachinery.com\\\/\",\"logo\":{\"@type\":\"ImageObject\",\"inLanguage\":\"fr-FR\",\"@id\":\"https:\\\/\\\/hengxingmachinery.com\\\/#\\\/schema\\\/logo\\\/image\\\/\",\"url\":\"https:\\\/\\\/hengxingmachinery.com\\\/wp-content\\\/uploads\\\/2024\\\/12\\\/logo.png\",\"contentUrl\":\"https:\\\/\\\/hengxingmachinery.com\\\/wp-content\\\/uploads\\\/2024\\\/12\\\/logo.png\",\"width\":400,\"height\":260,\"caption\":\"Hengxing Machinery\"},\"image\":{\"@id\":\"https:\\\/\\\/hengxingmachinery.com\\\/#\\\/schema\\\/logo\\\/image\\\/\"}}]}<\/script>\n<!-- \/ Yoast SEO plugin. -->","yoast_head_json":{"title":"\u00c0 propos - Informations sur l&#039;entreprise - Hengxing Machinery","robots":{"index":"index","follow":"follow","max-snippet":"max-snippet:-1","max-image-preview":"max-image-preview:large","max-video-preview":"max-video-preview:-1"},"canonical":"https:\/\/hengxingmachinery.com\/fr\/company-info\/","og_locale":"fr_FR","og_type":"article","og_title":"About - Company Info - Hengxing Machinery","og_description":"Factory Strength","og_url":"https:\/\/hengxingmachinery.com\/fr\/company-info\/","og_site_name":"Hengxing Machinery","article_modified_time":"2024-12-24T09:03:15+00:00","og_image":[{"url":"https:\/\/hengxingmachinery.com\/wp-content\/uploads\/2024\/12\/company-image-scaled.jpg","type":"","width":"","height":""}],"twitter_card":"summary_large_image","twitter_misc":{"Dur\u00e9e de lecture estim\u00e9e":"2 minutes"},"schema":{"@context":"https:\/\/schema.org","@graph":[{"@type":"WebPage","@id":"https:\/\/hengxingmachinery.com\/company-info\/","url":"https:\/\/hengxingmachinery.com\/company-info\/","name":"\u00c0 propos - Informations sur l&#039;entreprise - Hengxing Machinery","isPartOf":{"@id":"https:\/\/hengxingmachinery.com\/#website"},"primaryImageOfPage":{"@id":"https:\/\/hengxingmachinery.com\/company-info\/#primaryimage"},"image":{"@id":"https:\/\/hengxingmachinery.com\/company-info\/#primaryimage"},"thumbnailUrl":"https:\/\/hengxingmachinery.com\/wp-content\/uploads\/2024\/12\/company-image-scaled.jpg","datePublished":"2024-12-19T07:35:26+00:00","dateModified":"2024-12-24T09:03:15+00:00","breadcrumb":{"@id":"https:\/\/hengxingmachinery.com\/company-info\/#breadcrumb"},"inLanguage":"fr-FR","potentialAction":[{"@type":"ReadAction","target":["https:\/\/hengxingmachinery.com\/company-info\/"]}]},{"@type":"ImageObject","inLanguage":"fr-FR","@id":"https:\/\/hengxingmachinery.com\/company-info\/#primaryimage","url":"https:\/\/hengxingmachinery.com\/wp-content\/uploads\/2024\/12\/company-image-scaled.jpg","contentUrl":"https:\/\/hengxingmachinery.com\/wp-content\/uploads\/2024\/12\/company-image-scaled.jpg"},{"@type":"BreadcrumbList","@id":"https:\/\/hengxingmachinery.com\/company-info\/#breadcrumb","itemListElement":[{"@type":"ListItem","position":1,"name":"Home","item":"https:\/\/hengxingmachinery.com\/"},{"@type":"ListItem","position":2,"name":"About &#8211; Company Info"}]},{"@type":"WebSite","@id":"https:\/\/hengxingmachinery.com\/#website","url":"https:\/\/hengxingmachinery.com\/","name":"Machines Hengxing","description":"Fabricant leader de toutes sortes de machines mini\u00e8res","publisher":{"@id":"https:\/\/hengxingmachinery.com\/#organization"},"potentialAction":[{"@type":"SearchAction","target":{"@type":"EntryPoint","urlTemplate":"https:\/\/hengxingmachinery.com\/?s={search_term_string}"},"query-input":{"@type":"PropertyValueSpecification","valueRequired":true,"valueName":"search_term_string"}}],"inLanguage":"fr-FR"},{"@type":"Organization","@id":"https:\/\/hengxingmachinery.com\/#organization","name":"Machines Hengxing","url":"https:\/\/hengxingmachinery.com\/","logo":{"@type":"ImageObject","inLanguage":"fr-FR","@id":"https:\/\/hengxingmachinery.com\/#\/schema\/logo\/image\/","url":"https:\/\/hengxingmachinery.com\/wp-content\/uploads\/2024\/12\/logo.png","contentUrl":"https:\/\/hengxingmachinery.com\/wp-content\/uploads\/2024\/12\/logo.png","width":400,"height":260,"caption":"Hengxing Machinery"},"image":{"@id":"https:\/\/hengxingmachinery.com\/#\/schema\/logo\/image\/"}}]}},"_links":{"self":[{"href":"https:\/\/hengxingmachinery.com\/fr\/wp-json\/wp\/v2\/pages\/465","targetHints":{"allow":["GET"]}}],"collection":[{"href":"https:\/\/hengxingmachinery.com\/fr\/wp-json\/wp\/v2\/pages"}],"about":[{"href":"https:\/\/hengxingmachinery.com\/fr\/wp-json\/wp\/v2\/types\/page"}],"author":[{"embeddable":true,"href":"https:\/\/hengxingmachinery.com\/fr\/wp-json\/wp\/v2\/users\/1"}],"replies":[{"embeddable":true,"href":"https:\/\/hengxingmachinery.com\/fr\/wp-json\/wp\/v2\/comments?post=465"}],"version-history":[{"count":6,"href":"https:\/\/hengxingmachinery.com\/fr\/wp-json\/wp\/v2\/pages\/465\/revisions"}],"predecessor-version":[{"id":988,"href":"https:\/\/hengxingmachinery.com\/fr\/wp-json\/wp\/v2\/pages\/465\/revisions\/988"}],"wp:attachment":[{"href":"https:\/\/hengxingmachinery.com\/fr\/wp-json\/wp\/v2\/media?parent=465"}],"curies":[{"name":"wp","href":"https:\/\/api.w.org\/{rel}","templated":true}]}}