{"id":490,"date":"2024-12-19T08:07:29","date_gmt":"2024-12-19T08:07:29","guid":{"rendered":"https:\/\/hengxingmachinery.com\/?page_id=490"},"modified":"2024-12-24T09:05:23","modified_gmt":"2024-12-24T09:05:23","slug":"our-service","status":"publish","type":"page","link":"https:\/\/hengxingmachinery.com\/fr\/our-service\/","title":{"rendered":"\u00c0 propos \u2013 Notre service"},"content":{"rendered":"<div class=\"gb-container gb-container-3f4cef15\">\n<div class=\"gb-container gb-container-372c4c63\">\n\n<h2 class=\"gb-headline gb-headline-ab348b20 gb-headline-text\">Nous offrons un accompagnement complet de l&#039;avant-vente \u00e0 l&#039;apr\u00e8s-vente<\/h2>\n\n\n\n<p class=\"gb-headline gb-headline-8e909912 gb-headline-text\">Notre entreprise est d\u00e9di\u00e9e \u00e0 une philosophie de service client centr\u00e9e sur \u00ab r\u00e9pondre aux besoins de nos clients et atteindre la satisfaction comme objectif ultime \u00bb. Nous incarnons l&#039;esprit \u00ab d&#039;enthousiasme avant la vente, de d\u00e9vouement pendant la vente et de fiabilit\u00e9 apr\u00e8s la vente \u00bb dans l&#039;ensemble de notre r\u00e9seau de vente. Nous nous effor\u00e7ons de faire preuve de professionnalisme et d&#039;excellence dans notre qu\u00eate d&#039;\u00e9tablir la marque Hengxing et d&#039;assurer la satisfaction de nos clients.<\/p>\n\n\n\n<p><strong>Service avant-vente :<\/strong><br>Gr\u00e2ce \u00e0 notre large gamme de produits, nous pouvons proposer \u00e0 nos clients des machines autonomes ainsi que des installations de traitement compl\u00e8tes. Nos experts fournissent des solutions efficaces et fiables adapt\u00e9es aux demandes et aux budgets des clients. Avant de passer une commande, les clients ont la possibilit\u00e9 de visiter les machines op\u00e9rationnelles ou les installations compl\u00e8tes de Hengxing sur place.<\/p>\n\n\n\n<p>Pour faciliter les visites des nouveaux visiteurs en Chine, nous proposons des services gratuits adapt\u00e9s aux visiteurs, notamment la pr\u00e9paration de lettres d&#039;invitation, les r\u00e9servations d&#039;h\u00f4tel, la prise en charge \u00e0 l&#039;a\u00e9roport, le transport en ville et des conseils touristiques.<\/p>\n\n\n\n<p><strong>Service apr\u00e8s-vente :<\/strong><br>Nos techniciens exp\u00e9riment\u00e9s vous conseillent par t\u00e9l\u00e9phone et par le biais d&#039;une assistance en ligne. De plus, nous envoyons un ou plusieurs ing\u00e9nieurs sur le site de la carri\u00e8re pour aider \u00e0 l&#039;installation des installations. Nous proposons \u00e9galement une formation essentielle aux travailleurs locaux sur l&#039;entretien quotidien des machines.<\/p>\n\n<\/div>\n<\/div>\n\n<div class=\"gb-container gb-container-d17840d6\">\n<div class=\"gb-container gb-container-5c0c77ce\">\n<div class=\"gb-grid-wrapper gb-grid-wrapper-99b0ab65\">\n<div class=\"gb-grid-column gb-grid-column-bd55b11d\"><div class=\"gb-container gb-container-bd55b11d\">\n\n<h2 class=\"gb-headline gb-headline-59ab8406 gb-headline-text\"><strong>N&#039;h\u00e9sitez pas \u00e0 nous contacter \u00e0 TOUT MOMENT<\/strong><\/h2>\n\n\n\n<p class=\"gb-headline gb-headline-5aa677b7 gb-headline-text\">Nous vous encourageons \u00e0 nous contacter \u00e0 tout moment pour toute question, assistance ou demande de renseignements. Notre \u00e9quipe d\u00e9di\u00e9e est toujours disponible pour vous aider \u00e0 r\u00e9pondre \u00e0 vos besoins, en veillant \u00e0 ce que vous receviez des solutions rapides et efficaces chaque fois que vous en avez besoin.<\/p>\n\n\n<div class=\"gb-container gb-container-4c0ad5ca\"><a class=\"gb-container-link\" href=\"#popmake-885\"><\/a>\n\n<p class=\"gb-headline gb-headline-d22f1b0b\"><span class=\"gb-icon\"><svg viewbox=\"0 0 48.00 48.00\" xmlns=\"http:\/\/www.w3.org\/2000\/svg\" fill=\"#b91313\" stroke=\"#b91313\" stroke-width=\"0.00048000000000000007\"><g id=\"SVGRepo_bgCarrier\" stroke-width=\"0\"><\/g><g id=\"SVGRepo_tracerCarrier\" stroke-linecap=\"round\" stroke-linejoin=\"round\"><\/g><g id=\"SVGRepo_iconCarrier\"> <title>pointe de fl\u00e8che-cercle-droit<\/title> <g id=\"Layer_2\" data-name=\"Layer 2\"> <g id=\"invisible_box\" data-name=\"invisible box\"> <rect width=\"48\" height=\"48\" fill=\"none\"><\/rect> <\/g> <g id=\"icons_Q2\" data-name=\"icons Q2\"> <path d=\"M6,24A18,18,0,1,1,24,42,18.1,18.1,0,0,1,6,24M2,24A22,22,0,1,0,24,2,21.9,21.9,0,0,0,2,24Z\"><\/path> <path d=\"M26.2,24l-6.6,6.6a1.9,1.9,0,0,0,.2,3,2.1,2.1,0,0,0,2.7-.2l7.9-8a1.9,1.9,0,0,0,0-2.8l-7.9-8a2.1,2.1,0,0,0-2.7-.2,1.9,1.9,0,0,0-.2,3Z\"><\/path> <\/g> <\/g> <\/g><\/svg><\/span><span class=\"gb-headline-text\"><strong>CONTACTEZ-NOUS POUR UN DEVIS GRATUIT<\/strong><\/span><\/p>\n\n<\/div>\n<\/div><\/div>\n\n<div class=\"gb-grid-column gb-grid-column-e0b09a2c\"><div class=\"gb-container gb-container-e0b09a2c\"><\/div><\/div>\n<\/div>\n<\/div>\n<\/div>","protected":false},"excerpt":{"rendered":"<p>We provide comprehensive support from pre-sale to after-sale Our company is dedicated to a customer service philosophy centered around &#8220;serving our customers&#8217; needs and achieving satisfaction as our ultimate goal.&#8221; We embody the spirit of &#8220;enthusiasm before sales, dedication during sales, and reliability after sales&#8221; throughout our entire sales network. We strive for professionalism and &#8230; <\/p>\n<p class=\"read-more-container\"><a title=\"\u00c0 propos \u2013 Notre service\" class=\"read-more button\" href=\"https:\/\/hengxingmachinery.com\/fr\/our-service\/#more-490\" aria-label=\"En savoir plus sur About &#8211; Our Service\">Lire plus<\/a><\/p>","protected":false},"author":1,"featured_media":0,"parent":0,"menu_order":0,"comment_status":"closed","ping_status":"closed","template":"","meta":{"footnotes":""},"class_list":["post-490","page","type-page","status-publish"],"yoast_head":"<!-- This site is optimized with the Yoast SEO plugin v27.4 - https:\/\/yoast.com\/product\/yoast-seo-wordpress\/ -->\n<title>About - Our Service - Hengxing Machinery<\/title>\n<meta name=\"robots\" content=\"index, follow, max-snippet:-1, max-image-preview:large, max-video-preview:-1\" \/>\n<link rel=\"canonical\" href=\"https:\/\/hengxingmachinery.com\/fr\/our-service\/\" \/>\n<meta property=\"og:locale\" content=\"fr_FR\" \/>\n<meta property=\"og:type\" content=\"article\" \/>\n<meta property=\"og:title\" content=\"About - Our Service - Hengxing Machinery\" \/>\n<meta property=\"og:description\" content=\"We provide comprehensive support from pre-sale to after-sale Our company is dedicated to a customer service philosophy centered around &#8220;serving our customers&#8217; needs and achieving satisfaction as our ultimate goal.&#8221; We embody the spirit of &#8220;enthusiasm before sales, dedication during sales, and reliability after sales&#8221; throughout our entire sales network. We strive for professionalism and ... Lire plus\" \/>\n<meta property=\"og:url\" content=\"https:\/\/hengxingmachinery.com\/fr\/our-service\/\" \/>\n<meta property=\"og:site_name\" content=\"Hengxing Machinery\" \/>\n<meta property=\"article:modified_time\" content=\"2024-12-24T09:05:23+00:00\" \/>\n<meta name=\"twitter:card\" content=\"summary_large_image\" \/>\n<meta name=\"twitter:label1\" content=\"Dur\u00e9e de lecture estim\u00e9e\" \/>\n\t<meta name=\"twitter:data1\" content=\"2 minutes\" \/>\n<script type=\"application\/ld+json\" class=\"yoast-schema-graph\">{\"@context\":\"https:\\\/\\\/schema.org\",\"@graph\":[{\"@type\":\"WebPage\",\"@id\":\"https:\\\/\\\/hengxingmachinery.com\\\/our-service\\\/\",\"url\":\"https:\\\/\\\/hengxingmachinery.com\\\/our-service\\\/\",\"name\":\"About - Our Service - Hengxing Machinery\",\"isPartOf\":{\"@id\":\"https:\\\/\\\/hengxingmachinery.com\\\/#website\"},\"datePublished\":\"2024-12-19T08:07:29+00:00\",\"dateModified\":\"2024-12-24T09:05:23+00:00\",\"breadcrumb\":{\"@id\":\"https:\\\/\\\/hengxingmachinery.com\\\/our-service\\\/#breadcrumb\"},\"inLanguage\":\"fr-FR\",\"potentialAction\":[{\"@type\":\"ReadAction\",\"target\":[\"https:\\\/\\\/hengxingmachinery.com\\\/our-service\\\/\"]}]},{\"@type\":\"BreadcrumbList\",\"@id\":\"https:\\\/\\\/hengxingmachinery.com\\\/our-service\\\/#breadcrumb\",\"itemListElement\":[{\"@type\":\"ListItem\",\"position\":1,\"name\":\"Home\",\"item\":\"https:\\\/\\\/hengxingmachinery.com\\\/\"},{\"@type\":\"ListItem\",\"position\":2,\"name\":\"About &#8211; Our Service\"}]},{\"@type\":\"WebSite\",\"@id\":\"https:\\\/\\\/hengxingmachinery.com\\\/#website\",\"url\":\"https:\\\/\\\/hengxingmachinery.com\\\/\",\"name\":\"Hengxing Machinery\",\"description\":\"Leading Manufacturer of All Sorts of Mining Machinery\",\"publisher\":{\"@id\":\"https:\\\/\\\/hengxingmachinery.com\\\/#organization\"},\"potentialAction\":[{\"@type\":\"SearchAction\",\"target\":{\"@type\":\"EntryPoint\",\"urlTemplate\":\"https:\\\/\\\/hengxingmachinery.com\\\/?s={search_term_string}\"},\"query-input\":{\"@type\":\"PropertyValueSpecification\",\"valueRequired\":true,\"valueName\":\"search_term_string\"}}],\"inLanguage\":\"fr-FR\"},{\"@type\":\"Organization\",\"@id\":\"https:\\\/\\\/hengxingmachinery.com\\\/#organization\",\"name\":\"Hengxing Machinery\",\"url\":\"https:\\\/\\\/hengxingmachinery.com\\\/\",\"logo\":{\"@type\":\"ImageObject\",\"inLanguage\":\"fr-FR\",\"@id\":\"https:\\\/\\\/hengxingmachinery.com\\\/#\\\/schema\\\/logo\\\/image\\\/\",\"url\":\"https:\\\/\\\/hengxingmachinery.com\\\/wp-content\\\/uploads\\\/2024\\\/12\\\/logo.png\",\"contentUrl\":\"https:\\\/\\\/hengxingmachinery.com\\\/wp-content\\\/uploads\\\/2024\\\/12\\\/logo.png\",\"width\":400,\"height\":260,\"caption\":\"Hengxing Machinery\"},\"image\":{\"@id\":\"https:\\\/\\\/hengxingmachinery.com\\\/#\\\/schema\\\/logo\\\/image\\\/\"}}]}<\/script>\n<!-- \/ Yoast SEO plugin. -->","yoast_head_json":{"title":"\u00c0 propos - Notre service - Hengxing Machinery","robots":{"index":"index","follow":"follow","max-snippet":"max-snippet:-1","max-image-preview":"max-image-preview:large","max-video-preview":"max-video-preview:-1"},"canonical":"https:\/\/hengxingmachinery.com\/fr\/our-service\/","og_locale":"fr_FR","og_type":"article","og_title":"About - Our Service - Hengxing Machinery","og_description":"We provide comprehensive support from pre-sale to after-sale Our company is dedicated to a customer service philosophy centered around &#8220;serving our customers&#8217; needs and achieving satisfaction as our ultimate goal.&#8221; We embody the spirit of &#8220;enthusiasm before sales, dedication during sales, and reliability after sales&#8221; throughout our entire sales network. We strive for professionalism and ... Lire plus","og_url":"https:\/\/hengxingmachinery.com\/fr\/our-service\/","og_site_name":"Hengxing Machinery","article_modified_time":"2024-12-24T09:05:23+00:00","twitter_card":"summary_large_image","twitter_misc":{"Dur\u00e9e de lecture estim\u00e9e":"2 minutes"},"schema":{"@context":"https:\/\/schema.org","@graph":[{"@type":"WebPage","@id":"https:\/\/hengxingmachinery.com\/our-service\/","url":"https:\/\/hengxingmachinery.com\/our-service\/","name":"\u00c0 propos - Notre service - Hengxing Machinery","isPartOf":{"@id":"https:\/\/hengxingmachinery.com\/#website"},"datePublished":"2024-12-19T08:07:29+00:00","dateModified":"2024-12-24T09:05:23+00:00","breadcrumb":{"@id":"https:\/\/hengxingmachinery.com\/our-service\/#breadcrumb"},"inLanguage":"fr-FR","potentialAction":[{"@type":"ReadAction","target":["https:\/\/hengxingmachinery.com\/our-service\/"]}]},{"@type":"BreadcrumbList","@id":"https:\/\/hengxingmachinery.com\/our-service\/#breadcrumb","itemListElement":[{"@type":"ListItem","position":1,"name":"Home","item":"https:\/\/hengxingmachinery.com\/"},{"@type":"ListItem","position":2,"name":"About &#8211; Our Service"}]},{"@type":"WebSite","@id":"https:\/\/hengxingmachinery.com\/#website","url":"https:\/\/hengxingmachinery.com\/","name":"Machines Hengxing","description":"Fabricant leader de toutes sortes de machines mini\u00e8res","publisher":{"@id":"https:\/\/hengxingmachinery.com\/#organization"},"potentialAction":[{"@type":"SearchAction","target":{"@type":"EntryPoint","urlTemplate":"https:\/\/hengxingmachinery.com\/?s={search_term_string}"},"query-input":{"@type":"PropertyValueSpecification","valueRequired":true,"valueName":"search_term_string"}}],"inLanguage":"fr-FR"},{"@type":"Organization","@id":"https:\/\/hengxingmachinery.com\/#organization","name":"Machines Hengxing","url":"https:\/\/hengxingmachinery.com\/","logo":{"@type":"ImageObject","inLanguage":"fr-FR","@id":"https:\/\/hengxingmachinery.com\/#\/schema\/logo\/image\/","url":"https:\/\/hengxingmachinery.com\/wp-content\/uploads\/2024\/12\/logo.png","contentUrl":"https:\/\/hengxingmachinery.com\/wp-content\/uploads\/2024\/12\/logo.png","width":400,"height":260,"caption":"Hengxing Machinery"},"image":{"@id":"https:\/\/hengxingmachinery.com\/#\/schema\/logo\/image\/"}}]}},"_links":{"self":[{"href":"https:\/\/hengxingmachinery.com\/fr\/wp-json\/wp\/v2\/pages\/490","targetHints":{"allow":["GET"]}}],"collection":[{"href":"https:\/\/hengxingmachinery.com\/fr\/wp-json\/wp\/v2\/pages"}],"about":[{"href":"https:\/\/hengxingmachinery.com\/fr\/wp-json\/wp\/v2\/types\/page"}],"author":[{"embeddable":true,"href":"https:\/\/hengxingmachinery.com\/fr\/wp-json\/wp\/v2\/users\/1"}],"replies":[{"embeddable":true,"href":"https:\/\/hengxingmachinery.com\/fr\/wp-json\/wp\/v2\/comments?post=490"}],"version-history":[{"count":5,"href":"https:\/\/hengxingmachinery.com\/fr\/wp-json\/wp\/v2\/pages\/490\/revisions"}],"predecessor-version":[{"id":990,"href":"https:\/\/hengxingmachinery.com\/fr\/wp-json\/wp\/v2\/pages\/490\/revisions\/990"}],"wp:attachment":[{"href":"https:\/\/hengxingmachinery.com\/fr\/wp-json\/wp\/v2\/media?parent=490"}],"curies":[{"name":"wp","href":"https:\/\/api.w.org\/{rel}","templated":true}]}}