{"id":493,"date":"2024-12-19T08:09:12","date_gmt":"2024-12-19T08:09:12","guid":{"rendered":"https:\/\/hengxingmachinery.com\/?page_id=493"},"modified":"2024-12-24T09:04:26","modified_gmt":"2024-12-24T09:04:26","slug":"our-company-culture","status":"publish","type":"page","link":"https:\/\/hengxingmachinery.com\/fr\/our-company-culture\/","title":{"rendered":"\u00c0 propos \u2013 Notre culture d\u2019entreprise"},"content":{"rendered":"<div class=\"gb-container gb-container-382d74e9\">\n<div class=\"gb-container gb-container-d334f3b4\">\n\n<h2 class=\"gb-headline gb-headline-ba955091 gb-headline-text\">Notre culture d&#039;entreprise<\/h2>\n\n\n\n<p class=\"gb-headline gb-headline-1d3a0f99 gb-headline-text\">La qualit\u00e9 des produits et le service sont les \u00e9l\u00e9ments vitaux de notre entreprise. Nous adh\u00e9rons au principe \u00ab survivre gr\u00e2ce \u00e0 une qualit\u00e9 \u00e9lev\u00e9e, se d\u00e9velopper gr\u00e2ce \u00e0 un bon cr\u00e9dit \u00bb comme philosophie directrice pour le d\u00e9veloppement du march\u00e9 et le service client. Notre engagement nous a valu une solide r\u00e9putation, un succ\u00e8s \u00e9conomique et la certification ISO 9001:2000. Nos produits ont obtenu des r\u00e9sultats exceptionnels sur les march\u00e9s nationaux et internationaux, recevant les \u00e9loges de nos clients.<\/p>\n\n\n\n<p>Hengxing Heavy Equipment Co., Ltd s&#039;engage \u00e0 fournir \u00e0 ses clients la technologie la plus avanc\u00e9e, une qualit\u00e9 fiable et des prix comp\u00e9titifs. En am\u00e9liorant la satisfaction de nos clients, nous cherchons sinc\u00e8rement \u00e0 collaborer avec les clients nouveaux et existants pour cr\u00e9er ensemble un avenir prosp\u00e8re.<\/p>\n\n<\/div>\n<\/div>\n\n<div class=\"gb-container gb-container-d17840d6\">\n<div class=\"gb-container gb-container-5c0c77ce\">\n<div class=\"gb-grid-wrapper gb-grid-wrapper-99b0ab65\">\n<div class=\"gb-grid-column gb-grid-column-bd55b11d\"><div class=\"gb-container gb-container-bd55b11d\">\n\n<h2 class=\"gb-headline gb-headline-59ab8406 gb-headline-text\"><strong>N&#039;h\u00e9sitez pas \u00e0 nous contacter \u00e0 TOUT MOMENT<\/strong><\/h2>\n\n\n\n<p class=\"gb-headline gb-headline-5aa677b7 gb-headline-text\">Nous vous encourageons \u00e0 nous contacter \u00e0 tout moment pour toute question, assistance ou demande de renseignements. Notre \u00e9quipe d\u00e9di\u00e9e est toujours disponible pour vous aider \u00e0 r\u00e9pondre \u00e0 vos besoins, en veillant \u00e0 ce que vous receviez des solutions rapides et efficaces chaque fois que vous en avez besoin.<\/p>\n\n\n<div class=\"gb-container gb-container-4c0ad5ca\"><a class=\"gb-container-link\" href=\"#popmake-885\"><\/a>\n\n<p class=\"gb-headline gb-headline-d22f1b0b\"><span class=\"gb-icon\"><svg viewbox=\"0 0 48.00 48.00\" xmlns=\"http:\/\/www.w3.org\/2000\/svg\" fill=\"#b91313\" stroke=\"#b91313\" stroke-width=\"0.00048000000000000007\"><g id=\"SVGRepo_bgCarrier\" stroke-width=\"0\"><\/g><g id=\"SVGRepo_tracerCarrier\" stroke-linecap=\"round\" stroke-linejoin=\"round\"><\/g><g id=\"SVGRepo_iconCarrier\"> <title>pointe de fl\u00e8che-cercle-droit<\/title> <g id=\"Layer_2\" data-name=\"Layer 2\"> <g id=\"invisible_box\" data-name=\"invisible box\"> <rect width=\"48\" height=\"48\" fill=\"none\"><\/rect> <\/g> <g id=\"icons_Q2\" data-name=\"icons Q2\"> <path d=\"M6,24A18,18,0,1,1,24,42,18.1,18.1,0,0,1,6,24M2,24A22,22,0,1,0,24,2,21.9,21.9,0,0,0,2,24Z\"><\/path> <path d=\"M26.2,24l-6.6,6.6a1.9,1.9,0,0,0,.2,3,2.1,2.1,0,0,0,2.7-.2l7.9-8a1.9,1.9,0,0,0,0-2.8l-7.9-8a2.1,2.1,0,0,0-2.7-.2,1.9,1.9,0,0,0-.2,3Z\"><\/path> <\/g> <\/g> <\/g><\/svg><\/span><span class=\"gb-headline-text\"><strong>CONTACTEZ-NOUS POUR UN DEVIS GRATUIT<\/strong><\/span><\/p>\n\n<\/div>\n<\/div><\/div>\n\n<div class=\"gb-grid-column gb-grid-column-e0b09a2c\"><div class=\"gb-container gb-container-e0b09a2c\"><\/div><\/div>\n<\/div>\n<\/div>\n<\/div>\n\n\n<p><\/p>","protected":false},"excerpt":{"rendered":"<p>Our enterprise culture Product quality and service are the lifeblood of our company. We adhere to the principle of &#8220;survive on high quality, develop through good credit&#8221; as our guiding philosophy for market development and customer service. Our commitment has earned us a solid reputation, economic success, and ISO 9001:2000 certification. Our products have performed &#8230; <\/p>\n<p class=\"read-more-container\"><a title=\"\u00c0 propos \u2013 Notre culture d\u2019entreprise\" class=\"read-more button\" href=\"https:\/\/hengxingmachinery.com\/fr\/our-company-culture\/#more-493\" aria-label=\"En savoir plus sur About &#8211; Our Company Culture\">Lire plus<\/a><\/p>","protected":false},"author":1,"featured_media":0,"parent":0,"menu_order":0,"comment_status":"closed","ping_status":"closed","template":"","meta":{"footnotes":""},"class_list":["post-493","page","type-page","status-publish"],"yoast_head":"<!-- This site is optimized with the Yoast SEO plugin v27.4 - https:\/\/yoast.com\/product\/yoast-seo-wordpress\/ -->\n<title>About - Our Company Culture - Hengxing Machinery<\/title>\n<meta name=\"robots\" content=\"index, follow, max-snippet:-1, max-image-preview:large, max-video-preview:-1\" \/>\n<link rel=\"canonical\" href=\"https:\/\/hengxingmachinery.com\/fr\/our-company-culture\/\" \/>\n<meta property=\"og:locale\" content=\"fr_FR\" \/>\n<meta property=\"og:type\" content=\"article\" \/>\n<meta property=\"og:title\" content=\"About - Our Company Culture - Hengxing Machinery\" \/>\n<meta property=\"og:description\" content=\"Our enterprise culture Product quality and service are the lifeblood of our company. We adhere to the principle of &#8220;survive on high quality, develop through good credit&#8221; as our guiding philosophy for market development and customer service. Our commitment has earned us a solid reputation, economic success, and ISO 9001:2000 certification. Our products have performed ... Lire plus\" \/>\n<meta property=\"og:url\" content=\"https:\/\/hengxingmachinery.com\/fr\/our-company-culture\/\" \/>\n<meta property=\"og:site_name\" content=\"Hengxing Machinery\" \/>\n<meta property=\"article:modified_time\" content=\"2024-12-24T09:04:26+00:00\" \/>\n<meta name=\"twitter:card\" content=\"summary_large_image\" \/>\n<meta name=\"twitter:label1\" content=\"Dur\u00e9e de lecture estim\u00e9e\" \/>\n\t<meta name=\"twitter:data1\" content=\"1 minute\" \/>\n<script type=\"application\/ld+json\" class=\"yoast-schema-graph\">{\"@context\":\"https:\\\/\\\/schema.org\",\"@graph\":[{\"@type\":\"WebPage\",\"@id\":\"https:\\\/\\\/hengxingmachinery.com\\\/our-company-culture\\\/\",\"url\":\"https:\\\/\\\/hengxingmachinery.com\\\/our-company-culture\\\/\",\"name\":\"About - Our Company Culture - Hengxing Machinery\",\"isPartOf\":{\"@id\":\"https:\\\/\\\/hengxingmachinery.com\\\/#website\"},\"datePublished\":\"2024-12-19T08:09:12+00:00\",\"dateModified\":\"2024-12-24T09:04:26+00:00\",\"breadcrumb\":{\"@id\":\"https:\\\/\\\/hengxingmachinery.com\\\/our-company-culture\\\/#breadcrumb\"},\"inLanguage\":\"fr-FR\",\"potentialAction\":[{\"@type\":\"ReadAction\",\"target\":[\"https:\\\/\\\/hengxingmachinery.com\\\/our-company-culture\\\/\"]}]},{\"@type\":\"BreadcrumbList\",\"@id\":\"https:\\\/\\\/hengxingmachinery.com\\\/our-company-culture\\\/#breadcrumb\",\"itemListElement\":[{\"@type\":\"ListItem\",\"position\":1,\"name\":\"Home\",\"item\":\"https:\\\/\\\/hengxingmachinery.com\\\/\"},{\"@type\":\"ListItem\",\"position\":2,\"name\":\"About &#8211; Our Company Culture\"}]},{\"@type\":\"WebSite\",\"@id\":\"https:\\\/\\\/hengxingmachinery.com\\\/#website\",\"url\":\"https:\\\/\\\/hengxingmachinery.com\\\/\",\"name\":\"Hengxing Machinery\",\"description\":\"Leading Manufacturer of All Sorts of Mining Machinery\",\"publisher\":{\"@id\":\"https:\\\/\\\/hengxingmachinery.com\\\/#organization\"},\"potentialAction\":[{\"@type\":\"SearchAction\",\"target\":{\"@type\":\"EntryPoint\",\"urlTemplate\":\"https:\\\/\\\/hengxingmachinery.com\\\/?s={search_term_string}\"},\"query-input\":{\"@type\":\"PropertyValueSpecification\",\"valueRequired\":true,\"valueName\":\"search_term_string\"}}],\"inLanguage\":\"fr-FR\"},{\"@type\":\"Organization\",\"@id\":\"https:\\\/\\\/hengxingmachinery.com\\\/#organization\",\"name\":\"Hengxing Machinery\",\"url\":\"https:\\\/\\\/hengxingmachinery.com\\\/\",\"logo\":{\"@type\":\"ImageObject\",\"inLanguage\":\"fr-FR\",\"@id\":\"https:\\\/\\\/hengxingmachinery.com\\\/#\\\/schema\\\/logo\\\/image\\\/\",\"url\":\"https:\\\/\\\/hengxingmachinery.com\\\/wp-content\\\/uploads\\\/2024\\\/12\\\/logo.png\",\"contentUrl\":\"https:\\\/\\\/hengxingmachinery.com\\\/wp-content\\\/uploads\\\/2024\\\/12\\\/logo.png\",\"width\":400,\"height\":260,\"caption\":\"Hengxing Machinery\"},\"image\":{\"@id\":\"https:\\\/\\\/hengxingmachinery.com\\\/#\\\/schema\\\/logo\\\/image\\\/\"}}]}<\/script>\n<!-- \/ Yoast SEO plugin. -->","yoast_head_json":{"title":"\u00c0 propos - Notre culture d&#039;entreprise - Hengxing Machinery","robots":{"index":"index","follow":"follow","max-snippet":"max-snippet:-1","max-image-preview":"max-image-preview:large","max-video-preview":"max-video-preview:-1"},"canonical":"https:\/\/hengxingmachinery.com\/fr\/our-company-culture\/","og_locale":"fr_FR","og_type":"article","og_title":"About - Our Company Culture - Hengxing Machinery","og_description":"Our enterprise culture Product quality and service are the lifeblood of our company. We adhere to the principle of &#8220;survive on high quality, develop through good credit&#8221; as our guiding philosophy for market development and customer service. Our commitment has earned us a solid reputation, economic success, and ISO 9001:2000 certification. Our products have performed ... Lire plus","og_url":"https:\/\/hengxingmachinery.com\/fr\/our-company-culture\/","og_site_name":"Hengxing Machinery","article_modified_time":"2024-12-24T09:04:26+00:00","twitter_card":"summary_large_image","twitter_misc":{"Dur\u00e9e de lecture estim\u00e9e":"1 minute"},"schema":{"@context":"https:\/\/schema.org","@graph":[{"@type":"WebPage","@id":"https:\/\/hengxingmachinery.com\/our-company-culture\/","url":"https:\/\/hengxingmachinery.com\/our-company-culture\/","name":"\u00c0 propos - Notre culture d&#039;entreprise - Hengxing Machinery","isPartOf":{"@id":"https:\/\/hengxingmachinery.com\/#website"},"datePublished":"2024-12-19T08:09:12+00:00","dateModified":"2024-12-24T09:04:26+00:00","breadcrumb":{"@id":"https:\/\/hengxingmachinery.com\/our-company-culture\/#breadcrumb"},"inLanguage":"fr-FR","potentialAction":[{"@type":"ReadAction","target":["https:\/\/hengxingmachinery.com\/our-company-culture\/"]}]},{"@type":"BreadcrumbList","@id":"https:\/\/hengxingmachinery.com\/our-company-culture\/#breadcrumb","itemListElement":[{"@type":"ListItem","position":1,"name":"Home","item":"https:\/\/hengxingmachinery.com\/"},{"@type":"ListItem","position":2,"name":"About &#8211; Our Company Culture"}]},{"@type":"WebSite","@id":"https:\/\/hengxingmachinery.com\/#website","url":"https:\/\/hengxingmachinery.com\/","name":"Machines Hengxing","description":"Fabricant leader de toutes sortes de machines mini\u00e8res","publisher":{"@id":"https:\/\/hengxingmachinery.com\/#organization"},"potentialAction":[{"@type":"SearchAction","target":{"@type":"EntryPoint","urlTemplate":"https:\/\/hengxingmachinery.com\/?s={search_term_string}"},"query-input":{"@type":"PropertyValueSpecification","valueRequired":true,"valueName":"search_term_string"}}],"inLanguage":"fr-FR"},{"@type":"Organization","@id":"https:\/\/hengxingmachinery.com\/#organization","name":"Machines Hengxing","url":"https:\/\/hengxingmachinery.com\/","logo":{"@type":"ImageObject","inLanguage":"fr-FR","@id":"https:\/\/hengxingmachinery.com\/#\/schema\/logo\/image\/","url":"https:\/\/hengxingmachinery.com\/wp-content\/uploads\/2024\/12\/logo.png","contentUrl":"https:\/\/hengxingmachinery.com\/wp-content\/uploads\/2024\/12\/logo.png","width":400,"height":260,"caption":"Hengxing Machinery"},"image":{"@id":"https:\/\/hengxingmachinery.com\/#\/schema\/logo\/image\/"}}]}},"_links":{"self":[{"href":"https:\/\/hengxingmachinery.com\/fr\/wp-json\/wp\/v2\/pages\/493","targetHints":{"allow":["GET"]}}],"collection":[{"href":"https:\/\/hengxingmachinery.com\/fr\/wp-json\/wp\/v2\/pages"}],"about":[{"href":"https:\/\/hengxingmachinery.com\/fr\/wp-json\/wp\/v2\/types\/page"}],"author":[{"embeddable":true,"href":"https:\/\/hengxingmachinery.com\/fr\/wp-json\/wp\/v2\/users\/1"}],"replies":[{"embeddable":true,"href":"https:\/\/hengxingmachinery.com\/fr\/wp-json\/wp\/v2\/comments?post=493"}],"version-history":[{"count":5,"href":"https:\/\/hengxingmachinery.com\/fr\/wp-json\/wp\/v2\/pages\/493\/revisions"}],"predecessor-version":[{"id":989,"href":"https:\/\/hengxingmachinery.com\/fr\/wp-json\/wp\/v2\/pages\/493\/revisions\/989"}],"wp:attachment":[{"href":"https:\/\/hengxingmachinery.com\/fr\/wp-json\/wp\/v2\/media?parent=493"}],"curies":[{"name":"wp","href":"https:\/\/api.w.org\/{rel}","templated":true}]}}