{"id":518,"date":"2024-12-19T08:38:10","date_gmt":"2024-12-19T08:38:10","guid":{"rendered":"https:\/\/hengxingmachinery.com\/?page_id=518"},"modified":"2024-12-24T09:06:53","modified_gmt":"2024-12-24T09:06:53","slug":"production-capacity","status":"publish","type":"page","link":"https:\/\/hengxingmachinery.com\/fr\/production-capacity\/","title":{"rendered":"\u00c0 propos \u2013 Capacit\u00e9 de production"},"content":{"rendered":"<div class=\"gb-container gb-container-662aff25\">\n<div class=\"gb-container gb-container-80a4f6f3\">\n\n<h2 class=\"gb-headline gb-headline-19f6cdd1 gb-headline-text\">D\u00e9tails de notre usine et notre capacit\u00e9 de production<\/h2>\n\n\n\n<p class=\"gb-headline gb-headline-015e8576 gb-headline-text\">Zhengzhou Hengxing Heavy Equipment Co., Ltd est situ\u00e9e dans la zone nationale de d\u00e9veloppement de haute technologie de Zhengzhou, province du Henan, couvrant une superficie de 200 000 m\u00b2.<\/p>\n\n\n\n<p> Notre \u00e9tablissement dispose de deux ateliers industriels lourds standards de 60 000 m\u00b2, \u00e9quip\u00e9s de syst\u00e8mes de gestion informatis\u00e9s pour la production, ainsi que de technologies CAO et CAPP pour la recherche et la conception des proc\u00e9d\u00e9s. <\/p>\n\n\n\n<p>De plus, notre entreprise utilise des machines puissantes pour l&#039;usinage, le forgeage, le soudage par rivetage et le traitement thermique par c\u00e9mentation. Gr\u00e2ce \u00e0 des collaborations \u00e0 long terme avec des instituts de recherche nationaux et internationaux, nous avons adopt\u00e9 des technologies et des \u00e9quipements de pointe pour le d\u00e9veloppement de produits et l&#039;am\u00e9lioration de notre savoir-faire.<\/p>\n\n\n\n<figure class=\"gb-block-image gb-block-image-2ff6833b\"><img decoding=\"async\" width=\"2560\" height=\"847\" class=\"gb-image gb-image-2ff6833b\" src=\"https:\/\/hengxingmachinery.com\/wp-content\/uploads\/2024\/12\/factory-1-scaled.jpg\" alt=\"\" title=\"usine 1\" srcset=\"https:\/\/hengxingmachinery.com\/wp-content\/uploads\/2024\/12\/factory-1-scaled.jpg 2560w, https:\/\/hengxingmachinery.com\/wp-content\/uploads\/2024\/12\/factory-1-scaled-300x99.jpg 300w, https:\/\/hengxingmachinery.com\/wp-content\/uploads\/2024\/12\/factory-1-scaled-1024x339.jpg 1024w, https:\/\/hengxingmachinery.com\/wp-content\/uploads\/2024\/12\/factory-1-scaled-768x254.jpg 768w, https:\/\/hengxingmachinery.com\/wp-content\/uploads\/2024\/12\/factory-1-scaled-1536x508.jpg 1536w, https:\/\/hengxingmachinery.com\/wp-content\/uploads\/2024\/12\/factory-1-scaled-2048x678.jpg 2048w\" sizes=\"(max-width: 2560px) 100vw, 2560px\" \/><\/figure>\n\n\n\n<figure class=\"gb-block-image gb-block-image-fac3fe8f\"><img decoding=\"async\" width=\"1500\" height=\"497\" class=\"gb-image gb-image-fac3fe8f\" src=\"https:\/\/hengxingmachinery.com\/wp-content\/uploads\/2024\/12\/factory-2-1.jpg\" alt=\"\" title=\"usine-2\" srcset=\"https:\/\/hengxingmachinery.com\/wp-content\/uploads\/2024\/12\/factory-2-1.jpg 1500w, https:\/\/hengxingmachinery.com\/wp-content\/uploads\/2024\/12\/factory-2-1-300x99.jpg 300w, https:\/\/hengxingmachinery.com\/wp-content\/uploads\/2024\/12\/factory-2-1-1024x339.jpg 1024w, https:\/\/hengxingmachinery.com\/wp-content\/uploads\/2024\/12\/factory-2-1-768x254.jpg 768w\" sizes=\"(max-width: 1500px) 100vw, 1500px\" \/><\/figure>\n\n\n\n<figure class=\"gb-block-image gb-block-image-319a68c3\"><img decoding=\"async\" width=\"1500\" height=\"497\" class=\"gb-image gb-image-319a68c3\" src=\"https:\/\/hengxingmachinery.com\/wp-content\/uploads\/2024\/12\/factory-4.jpg\" alt=\"\" title=\"usine-4\" srcset=\"https:\/\/hengxingmachinery.com\/wp-content\/uploads\/2024\/12\/factory-4.jpg 1500w, https:\/\/hengxingmachinery.com\/wp-content\/uploads\/2024\/12\/factory-4-300x99.jpg 300w, https:\/\/hengxingmachinery.com\/wp-content\/uploads\/2024\/12\/factory-4-1024x339.jpg 1024w, https:\/\/hengxingmachinery.com\/wp-content\/uploads\/2024\/12\/factory-4-768x254.jpg 768w\" sizes=\"(max-width: 1500px) 100vw, 1500px\" \/><\/figure>\n\n\n\n<figure class=\"gb-block-image gb-block-image-7bb4869d\"><img decoding=\"async\" width=\"1500\" height=\"497\" class=\"gb-image gb-image-7bb4869d\" src=\"https:\/\/hengxingmachinery.com\/wp-content\/uploads\/2024\/12\/factory-3.jpg\" alt=\"\" title=\"usine-3\" srcset=\"https:\/\/hengxingmachinery.com\/wp-content\/uploads\/2024\/12\/factory-3.jpg 1500w, https:\/\/hengxingmachinery.com\/wp-content\/uploads\/2024\/12\/factory-3-300x99.jpg 300w, https:\/\/hengxingmachinery.com\/wp-content\/uploads\/2024\/12\/factory-3-1024x339.jpg 1024w, https:\/\/hengxingmachinery.com\/wp-content\/uploads\/2024\/12\/factory-3-768x254.jpg 768w\" sizes=\"(max-width: 1500px) 100vw, 1500px\" \/><\/figure>\n\n<\/div>\n<\/div>\n\n<div class=\"gb-container gb-container-d17840d6\">\n<div class=\"gb-container gb-container-5c0c77ce\">\n<div class=\"gb-grid-wrapper gb-grid-wrapper-99b0ab65\">\n<div class=\"gb-grid-column gb-grid-column-bd55b11d\"><div class=\"gb-container gb-container-bd55b11d\">\n\n<h2 class=\"gb-headline gb-headline-59ab8406 gb-headline-text\"><strong>N&#039;h\u00e9sitez pas \u00e0 nous contacter \u00e0 TOUT MOMENT<\/strong><\/h2>\n\n\n\n<p class=\"gb-headline gb-headline-5aa677b7 gb-headline-text\">Nous vous encourageons \u00e0 nous contacter \u00e0 tout moment pour toute question, assistance ou demande de renseignements. Notre \u00e9quipe d\u00e9di\u00e9e est toujours disponible pour vous aider \u00e0 r\u00e9pondre \u00e0 vos besoins, en veillant \u00e0 ce que vous receviez des solutions rapides et efficaces chaque fois que vous en avez besoin.<\/p>\n\n\n<div class=\"gb-container gb-container-4c0ad5ca\"><a class=\"gb-container-link\" href=\"#popmake-885\"><\/a>\n\n<p class=\"gb-headline gb-headline-d22f1b0b\"><span class=\"gb-icon\"><svg viewbox=\"0 0 48.00 48.00\" xmlns=\"http:\/\/www.w3.org\/2000\/svg\" fill=\"#b91313\" stroke=\"#b91313\" stroke-width=\"0.00048000000000000007\"><g id=\"SVGRepo_bgCarrier\" stroke-width=\"0\"><\/g><g id=\"SVGRepo_tracerCarrier\" stroke-linecap=\"round\" stroke-linejoin=\"round\"><\/g><g id=\"SVGRepo_iconCarrier\"> <title>pointe de fl\u00e8che-cercle-droit<\/title> <g id=\"Layer_2\" data-name=\"Layer 2\"> <g id=\"invisible_box\" data-name=\"invisible box\"> <rect width=\"48\" height=\"48\" fill=\"none\"><\/rect> <\/g> <g id=\"icons_Q2\" data-name=\"icons Q2\"> <path d=\"M6,24A18,18,0,1,1,24,42,18.1,18.1,0,0,1,6,24M2,24A22,22,0,1,0,24,2,21.9,21.9,0,0,0,2,24Z\"><\/path> <path d=\"M26.2,24l-6.6,6.6a1.9,1.9,0,0,0,.2,3,2.1,2.1,0,0,0,2.7-.2l7.9-8a1.9,1.9,0,0,0,0-2.8l-7.9-8a2.1,2.1,0,0,0-2.7-.2,1.9,1.9,0,0,0-.2,3Z\"><\/path> <\/g> <\/g> <\/g><\/svg><\/span><span class=\"gb-headline-text\"><strong>CONTACTEZ-NOUS POUR UN DEVIS GRATUIT<\/strong><\/span><\/p>\n\n<\/div>\n<\/div><\/div>\n\n<div class=\"gb-grid-column gb-grid-column-e0b09a2c\"><div class=\"gb-container gb-container-e0b09a2c\"><\/div><\/div>\n<\/div>\n<\/div>\n<\/div>","protected":false},"excerpt":{"rendered":"<p>Our factory details and our production capacity Zhengzhou Hengxing Heavy Equipment Co., Ltd is situated in the National High-Tech Development Zone of Zhengzhou, Henan Province, covering an area of 200,000 m\u00b2. Our facility features two standard heavy industrial workshops spanning 60,000 m\u00b2, equipped with computer-based management systems for production, along with CAD and CAPP technologies &#8230; <\/p>\n<p class=\"read-more-container\"><a title=\"\u00c0 propos \u2013 Capacit\u00e9 de production\" class=\"read-more button\" href=\"https:\/\/hengxingmachinery.com\/fr\/production-capacity\/#more-518\" aria-label=\"En savoir plus sur About &#8211; Production Capacity\">Lire plus<\/a><\/p>","protected":false},"author":1,"featured_media":0,"parent":0,"menu_order":0,"comment_status":"closed","ping_status":"closed","template":"","meta":{"footnotes":""},"class_list":["post-518","page","type-page","status-publish"],"yoast_head":"<!-- This site is optimized with the Yoast SEO plugin v27.4 - https:\/\/yoast.com\/product\/yoast-seo-wordpress\/ -->\n<title>About - Production Capacity - Hengxing Machinery<\/title>\n<meta name=\"robots\" content=\"index, follow, max-snippet:-1, max-image-preview:large, max-video-preview:-1\" \/>\n<link rel=\"canonical\" href=\"https:\/\/hengxingmachinery.com\/fr\/production-capacity\/\" \/>\n<meta property=\"og:locale\" content=\"fr_FR\" \/>\n<meta property=\"og:type\" content=\"article\" \/>\n<meta property=\"og:title\" content=\"About - Production Capacity - Hengxing Machinery\" \/>\n<meta property=\"og:description\" content=\"Our factory details and our production capacity Zhengzhou Hengxing Heavy Equipment Co., Ltd is situated in the National High-Tech Development Zone of Zhengzhou, Henan Province, covering an area of 200,000 m\u00b2. Our facility features two standard heavy industrial workshops spanning 60,000 m\u00b2, equipped with computer-based management systems for production, along with CAD and CAPP technologies ... Lire plus\" \/>\n<meta property=\"og:url\" content=\"https:\/\/hengxingmachinery.com\/fr\/production-capacity\/\" \/>\n<meta property=\"og:site_name\" content=\"Hengxing Machinery\" \/>\n<meta property=\"article:modified_time\" content=\"2024-12-24T09:06:53+00:00\" \/>\n<meta property=\"og:image\" content=\"https:\/\/hengxingmachinery.com\/wp-content\/uploads\/2024\/12\/factory-1-scaled.jpg\" \/>\n<meta name=\"twitter:card\" content=\"summary_large_image\" \/>\n<meta name=\"twitter:label1\" content=\"Dur\u00e9e de lecture estim\u00e9e\" \/>\n\t<meta name=\"twitter:data1\" content=\"2 minutes\" \/>\n<script type=\"application\/ld+json\" class=\"yoast-schema-graph\">{\"@context\":\"https:\\\/\\\/schema.org\",\"@graph\":[{\"@type\":\"WebPage\",\"@id\":\"https:\\\/\\\/hengxingmachinery.com\\\/production-capacity\\\/\",\"url\":\"https:\\\/\\\/hengxingmachinery.com\\\/production-capacity\\\/\",\"name\":\"About - Production Capacity - Hengxing Machinery\",\"isPartOf\":{\"@id\":\"https:\\\/\\\/hengxingmachinery.com\\\/#website\"},\"primaryImageOfPage\":{\"@id\":\"https:\\\/\\\/hengxingmachinery.com\\\/production-capacity\\\/#primaryimage\"},\"image\":{\"@id\":\"https:\\\/\\\/hengxingmachinery.com\\\/production-capacity\\\/#primaryimage\"},\"thumbnailUrl\":\"https:\\\/\\\/hengxingmachinery.com\\\/wp-content\\\/uploads\\\/2024\\\/12\\\/factory-1-scaled.jpg\",\"datePublished\":\"2024-12-19T08:38:10+00:00\",\"dateModified\":\"2024-12-24T09:06:53+00:00\",\"breadcrumb\":{\"@id\":\"https:\\\/\\\/hengxingmachinery.com\\\/production-capacity\\\/#breadcrumb\"},\"inLanguage\":\"fr-FR\",\"potentialAction\":[{\"@type\":\"ReadAction\",\"target\":[\"https:\\\/\\\/hengxingmachinery.com\\\/production-capacity\\\/\"]}]},{\"@type\":\"ImageObject\",\"inLanguage\":\"fr-FR\",\"@id\":\"https:\\\/\\\/hengxingmachinery.com\\\/production-capacity\\\/#primaryimage\",\"url\":\"https:\\\/\\\/hengxingmachinery.com\\\/wp-content\\\/uploads\\\/2024\\\/12\\\/factory-1-scaled.jpg\",\"contentUrl\":\"https:\\\/\\\/hengxingmachinery.com\\\/wp-content\\\/uploads\\\/2024\\\/12\\\/factory-1-scaled.jpg\"},{\"@type\":\"BreadcrumbList\",\"@id\":\"https:\\\/\\\/hengxingmachinery.com\\\/production-capacity\\\/#breadcrumb\",\"itemListElement\":[{\"@type\":\"ListItem\",\"position\":1,\"name\":\"Home\",\"item\":\"https:\\\/\\\/hengxingmachinery.com\\\/\"},{\"@type\":\"ListItem\",\"position\":2,\"name\":\"About &#8211; Production Capacity\"}]},{\"@type\":\"WebSite\",\"@id\":\"https:\\\/\\\/hengxingmachinery.com\\\/#website\",\"url\":\"https:\\\/\\\/hengxingmachinery.com\\\/\",\"name\":\"Hengxing Machinery\",\"description\":\"Leading Manufacturer of All Sorts of Mining Machinery\",\"publisher\":{\"@id\":\"https:\\\/\\\/hengxingmachinery.com\\\/#organization\"},\"potentialAction\":[{\"@type\":\"SearchAction\",\"target\":{\"@type\":\"EntryPoint\",\"urlTemplate\":\"https:\\\/\\\/hengxingmachinery.com\\\/?s={search_term_string}\"},\"query-input\":{\"@type\":\"PropertyValueSpecification\",\"valueRequired\":true,\"valueName\":\"search_term_string\"}}],\"inLanguage\":\"fr-FR\"},{\"@type\":\"Organization\",\"@id\":\"https:\\\/\\\/hengxingmachinery.com\\\/#organization\",\"name\":\"Hengxing Machinery\",\"url\":\"https:\\\/\\\/hengxingmachinery.com\\\/\",\"logo\":{\"@type\":\"ImageObject\",\"inLanguage\":\"fr-FR\",\"@id\":\"https:\\\/\\\/hengxingmachinery.com\\\/#\\\/schema\\\/logo\\\/image\\\/\",\"url\":\"https:\\\/\\\/hengxingmachinery.com\\\/wp-content\\\/uploads\\\/2024\\\/12\\\/logo.png\",\"contentUrl\":\"https:\\\/\\\/hengxingmachinery.com\\\/wp-content\\\/uploads\\\/2024\\\/12\\\/logo.png\",\"width\":400,\"height\":260,\"caption\":\"Hengxing Machinery\"},\"image\":{\"@id\":\"https:\\\/\\\/hengxingmachinery.com\\\/#\\\/schema\\\/logo\\\/image\\\/\"}}]}<\/script>\n<!-- \/ Yoast SEO plugin. -->","yoast_head_json":{"title":"\u00c0 propos - Capacit\u00e9 de production - Hengxing Machinery","robots":{"index":"index","follow":"follow","max-snippet":"max-snippet:-1","max-image-preview":"max-image-preview:large","max-video-preview":"max-video-preview:-1"},"canonical":"https:\/\/hengxingmachinery.com\/fr\/production-capacity\/","og_locale":"fr_FR","og_type":"article","og_title":"About - Production Capacity - Hengxing Machinery","og_description":"Our factory details and our production capacity Zhengzhou Hengxing Heavy Equipment Co., Ltd is situated in the National High-Tech Development Zone of Zhengzhou, Henan Province, covering an area of 200,000 m\u00b2. Our facility features two standard heavy industrial workshops spanning 60,000 m\u00b2, equipped with computer-based management systems for production, along with CAD and CAPP technologies ... Lire plus","og_url":"https:\/\/hengxingmachinery.com\/fr\/production-capacity\/","og_site_name":"Hengxing Machinery","article_modified_time":"2024-12-24T09:06:53+00:00","og_image":[{"url":"https:\/\/hengxingmachinery.com\/wp-content\/uploads\/2024\/12\/factory-1-scaled.jpg","type":"","width":"","height":""}],"twitter_card":"summary_large_image","twitter_misc":{"Dur\u00e9e de lecture estim\u00e9e":"2 minutes"},"schema":{"@context":"https:\/\/schema.org","@graph":[{"@type":"WebPage","@id":"https:\/\/hengxingmachinery.com\/production-capacity\/","url":"https:\/\/hengxingmachinery.com\/production-capacity\/","name":"\u00c0 propos - Capacit\u00e9 de production - Hengxing Machinery","isPartOf":{"@id":"https:\/\/hengxingmachinery.com\/#website"},"primaryImageOfPage":{"@id":"https:\/\/hengxingmachinery.com\/production-capacity\/#primaryimage"},"image":{"@id":"https:\/\/hengxingmachinery.com\/production-capacity\/#primaryimage"},"thumbnailUrl":"https:\/\/hengxingmachinery.com\/wp-content\/uploads\/2024\/12\/factory-1-scaled.jpg","datePublished":"2024-12-19T08:38:10+00:00","dateModified":"2024-12-24T09:06:53+00:00","breadcrumb":{"@id":"https:\/\/hengxingmachinery.com\/production-capacity\/#breadcrumb"},"inLanguage":"fr-FR","potentialAction":[{"@type":"ReadAction","target":["https:\/\/hengxingmachinery.com\/production-capacity\/"]}]},{"@type":"ImageObject","inLanguage":"fr-FR","@id":"https:\/\/hengxingmachinery.com\/production-capacity\/#primaryimage","url":"https:\/\/hengxingmachinery.com\/wp-content\/uploads\/2024\/12\/factory-1-scaled.jpg","contentUrl":"https:\/\/hengxingmachinery.com\/wp-content\/uploads\/2024\/12\/factory-1-scaled.jpg"},{"@type":"BreadcrumbList","@id":"https:\/\/hengxingmachinery.com\/production-capacity\/#breadcrumb","itemListElement":[{"@type":"ListItem","position":1,"name":"Home","item":"https:\/\/hengxingmachinery.com\/"},{"@type":"ListItem","position":2,"name":"About &#8211; Production Capacity"}]},{"@type":"WebSite","@id":"https:\/\/hengxingmachinery.com\/#website","url":"https:\/\/hengxingmachinery.com\/","name":"Machines Hengxing","description":"Fabricant leader de toutes sortes de machines mini\u00e8res","publisher":{"@id":"https:\/\/hengxingmachinery.com\/#organization"},"potentialAction":[{"@type":"SearchAction","target":{"@type":"EntryPoint","urlTemplate":"https:\/\/hengxingmachinery.com\/?s={search_term_string}"},"query-input":{"@type":"PropertyValueSpecification","valueRequired":true,"valueName":"search_term_string"}}],"inLanguage":"fr-FR"},{"@type":"Organization","@id":"https:\/\/hengxingmachinery.com\/#organization","name":"Machines Hengxing","url":"https:\/\/hengxingmachinery.com\/","logo":{"@type":"ImageObject","inLanguage":"fr-FR","@id":"https:\/\/hengxingmachinery.com\/#\/schema\/logo\/image\/","url":"https:\/\/hengxingmachinery.com\/wp-content\/uploads\/2024\/12\/logo.png","contentUrl":"https:\/\/hengxingmachinery.com\/wp-content\/uploads\/2024\/12\/logo.png","width":400,"height":260,"caption":"Hengxing Machinery"},"image":{"@id":"https:\/\/hengxingmachinery.com\/#\/schema\/logo\/image\/"}}]}},"_links":{"self":[{"href":"https:\/\/hengxingmachinery.com\/fr\/wp-json\/wp\/v2\/pages\/518","targetHints":{"allow":["GET"]}}],"collection":[{"href":"https:\/\/hengxingmachinery.com\/fr\/wp-json\/wp\/v2\/pages"}],"about":[{"href":"https:\/\/hengxingmachinery.com\/fr\/wp-json\/wp\/v2\/types\/page"}],"author":[{"embeddable":true,"href":"https:\/\/hengxingmachinery.com\/fr\/wp-json\/wp\/v2\/users\/1"}],"replies":[{"embeddable":true,"href":"https:\/\/hengxingmachinery.com\/fr\/wp-json\/wp\/v2\/comments?post=518"}],"version-history":[{"count":5,"href":"https:\/\/hengxingmachinery.com\/fr\/wp-json\/wp\/v2\/pages\/518\/revisions"}],"predecessor-version":[{"id":992,"href":"https:\/\/hengxingmachinery.com\/fr\/wp-json\/wp\/v2\/pages\/518\/revisions\/992"}],"wp:attachment":[{"href":"https:\/\/hengxingmachinery.com\/fr\/wp-json\/wp\/v2\/media?parent=518"}],"curies":[{"name":"wp","href":"https:\/\/api.w.org\/{rel}","templated":true}]}}