{"id":1379,"date":"2025-01-10T06:38:32","date_gmt":"2025-01-10T06:38:32","guid":{"rendered":"https:\/\/hengxingmachinery.com\/?page_id=1379"},"modified":"2025-01-13T09:33:38","modified_gmt":"2025-01-13T09:33:38","slug":"wet-ball-mill","status":"publish","type":"page","link":"https:\/\/hengxingmachinery.com\/pt\/wet-ball-mill\/","title":{"rendered":"3-1. Moinho de bolas \u00famido"},"content":{"rendered":"<div class=\"gb-container gb-container-45165f5a\">\n<div class=\"gb-container gb-container-c2652eb4\">\n\n<h1 class=\"gb-headline gb-headline-62a8b2cc gb-headline-text\">Moinho de bolas \u00famidas<\/h1>\n\n<\/div>\n<\/div>\n\n<div class=\"gb-container gb-container-519cf624\">\n<div class=\"gb-container gb-container-71ca071e\">\n<div class=\"gb-grid-wrapper gb-grid-wrapper-8a5f0688\">\n<div class=\"gb-grid-column gb-grid-column-1e99b1c2\"><div class=\"gb-container gb-container-1e99b1c2\">\n\n<figure class=\"gb-block-image gb-block-image-e4eaba54\"><img decoding=\"async\" width=\"665\" height=\"545\" class=\"gb-image gb-image-e4eaba54\" src=\"https:\/\/hengxingmachinery.com\/wp-content\/uploads\/2025\/01\/wet-ball-mill-for-sale.jpg\" alt=\"\" title=\"moinho-de-bolas-umido-a-venda\" srcset=\"https:\/\/hengxingmachinery.com\/wp-content\/uploads\/2025\/01\/wet-ball-mill-for-sale.jpg 665w, https:\/\/hengxingmachinery.com\/wp-content\/uploads\/2025\/01\/wet-ball-mill-for-sale-300x246.jpg 300w, https:\/\/hengxingmachinery.com\/wp-content\/uploads\/2025\/01\/wet-ball-mill-for-sale-15x12.jpg 15w\" sizes=\"(max-width: 665px) 100vw, 665px\" \/><\/figure>\n\n<\/div><\/div>\n\n<div class=\"gb-grid-column gb-grid-column-bcae065b\"><div class=\"gb-container gb-container-bcae065b\">\n\n<p class=\"gb-headline gb-headline-e419680e gb-headline-text\">O moinho de bolas \u00famido \u00e9 o equipamento-chave para a tritura\u00e7\u00e3o de materiais ap\u00f3s sua fragmenta\u00e7\u00e3o inicial. \u00c9 amplamente utilizado nas ind\u00fastrias de produ\u00e7\u00e3o de cimento, produtos de silicato, novos materiais de constru\u00e7\u00e3o, materiais refrat\u00e1rios, fertilizantes, beneficiamento de metais ferrosos e n\u00e3o ferrosos, cer\u00e2mica de vidro, entre outras. Realiza a moagem \u00famida de min\u00e9rios e outros materiais mo\u00edveis.<\/p>\n\n\n\n<p>Os moinhos de bolas \u00famidos s\u00e3o divididos em moinhos de bolas tipo grelha e tipo transbordamento. O material de alimenta\u00e7\u00e3o para moagem \u00e9 min\u00e9rio ou polpa com maior teor de \u00e1gua.<\/p>\n\n\n<div class=\"gb-grid-wrapper gb-grid-wrapper-eebec76e\">\n<div class=\"gb-grid-column gb-grid-column-e3ada2f0\"><div class=\"gb-container gb-container-e3ada2f0\">\n\n<p class=\"gb-headline gb-headline-4c79a90a gb-headline-text\"><mark style=\"background-color:rgba(0, 0, 0, 0)\" class=\"has-inline-color has-global-color-8-color\"><strong>Capacidade:<\/strong><\/mark> 0,65\u201361,5 t\/h<\/p>\n\n<\/div><\/div>\n\n<div class=\"gb-grid-column gb-grid-column-0bb00826\"><div class=\"gb-container gb-container-0bb00826\">\n\n<p class=\"gb-headline gb-headline-86d53f56 gb-headline-text\"><mark style=\"background-color:rgba(0, 0, 0, 0)\" class=\"has-inline-color has-global-color-8-color\"><strong>Tamanho de descarga:<\/strong><\/mark> 0,074\u20130,4 mm<\/p>\n\n<\/div><\/div>\n<\/div>\n\n\n<p class=\"gb-headline gb-headline-6b316ea4 gb-headline-text\"><strong>Carga de bolas:<\/strong><\/p>\n\n\n\n<p class=\"gb-headline gb-headline-9f885ed2 gb-headline-text\">1,5\u2013338 t<\/p>\n\n\n\n<p class=\"gb-headline gb-headline-2750f5a7 gb-headline-text\"><strong>Aplica\u00e7\u00e3o:<\/strong><\/p>\n\n\n\n<p class=\"gb-headline gb-headline-28231626 gb-headline-text\">Moagem e processamento para uma variedade de min\u00e9rios met\u00e1licos, incluindo min\u00e9rio de cobre, min\u00e9rio de ouro, min\u00e9rio de ferro, min\u00e9rio de alum\u00ednio e metais n\u00e3o ferrosos, etc.<\/p>\n\n\n<div class=\"gb-container gb-container-256e15f1\">\n\n<a class=\"gb-button gb-button-e8b73d89 gb-button-text\" href=\"#popmake-622\">Obtenha uma cota\u00e7\u00e3o gratuita agora<\/a>\n\n<\/div>\n<\/div><\/div>\n<\/div>\n<\/div>\n<\/div>\n\n<div class=\"gb-container gb-container-af5f8799\">\n<div class=\"gb-container gb-container-2298848b\">\n\n<h2 class=\"gb-headline gb-headline-9d27ad2c gb-headline-text\">Caracter\u00edsticas do moinho de bolas \u00famido <\/h2>\n\n\n<div class=\"gb-container gb-container-9a38abb1\">\n<div class=\"gb-grid-wrapper gb-grid-wrapper-91c59571\">\n<div class=\"gb-grid-column gb-grid-column-17094983\"><div class=\"gb-container gb-container-17094983\">\n\n<figure class=\"gb-block-image gb-block-image-e36b6ebe\"><img decoding=\"async\" width=\"665\" height=\"545\" class=\"gb-image gb-image-e36b6ebe\" src=\"https:\/\/hengxingmachinery.com\/wp-content\/uploads\/2025\/01\/wet-ball-mill-features.jpg\" alt=\"\" title=\"caracteristicas-moinho-de-bolas-umido\" srcset=\"https:\/\/hengxingmachinery.com\/wp-content\/uploads\/2025\/01\/wet-ball-mill-features.jpg 665w, https:\/\/hengxingmachinery.com\/wp-content\/uploads\/2025\/01\/wet-ball-mill-features-300x246.jpg 300w, https:\/\/hengxingmachinery.com\/wp-content\/uploads\/2025\/01\/wet-ball-mill-features-15x12.jpg 15w\" sizes=\"(max-width: 665px) 100vw, 665px\" \/><\/figure>\n\n<\/div><\/div>\n\n<div class=\"gb-grid-column gb-grid-column-783dafe6\"><div class=\"gb-container gb-container-783dafe6\">\n\n<figure class=\"gb-block-image gb-block-image-a58e4bcf\"><img decoding=\"async\" width=\"665\" height=\"545\" class=\"gb-image gb-image-a58e4bcf\" src=\"https:\/\/hengxingmachinery.com\/wp-content\/uploads\/2025\/01\/wet-ball-mill-advantage.jpg\" alt=\"\" title=\"vantagem-moinho-de-bolas-umido\" srcset=\"https:\/\/hengxingmachinery.com\/wp-content\/uploads\/2025\/01\/wet-ball-mill-advantage.jpg 665w, https:\/\/hengxingmachinery.com\/wp-content\/uploads\/2025\/01\/wet-ball-mill-advantage-300x246.jpg 300w, https:\/\/hengxingmachinery.com\/wp-content\/uploads\/2025\/01\/wet-ball-mill-advantage-15x12.jpg 15w\" sizes=\"(max-width: 665px) 100vw, 665px\" \/><\/figure>\n\n<\/div><\/div>\n<\/div>\n<\/div>\n\n\n<p>1. A transmiss\u00e3o do equipamento adota grandes rolamentos de rolos esf\u00e9ricos duplos em vez de mancais deslizantes (utilizando \u00f3leo lubrificante especial correspondente), e a lubrifica\u00e7\u00e3o confi\u00e1vel das engrenagens e outros dispositivos de lubrifica\u00e7\u00e3o por n\u00e9voa de \u00f3leo reduz significativamente o atrito, acelerando a partida e economizando 20\u201330% de energia.<\/p>\n\n\n\n<p>2. Adota a configura\u00e7\u00e3o otimizada de um revestimento anelar ranhurado e revestimento de alto mangan\u00eas, o que aumenta a \u00e1rea de contato entre as bolas e o min\u00e9rio, fortalece o efeito de moagem e melhora a qualidade do produto final do min\u00e9rio;<\/p>\n\n\n\n<p>3. Pode processar centenas de materiais met\u00e1licos e n\u00e3o met\u00e1licos, alcan\u00e7ando o efeito de uma m\u00e1quina com m\u00faltiplas fun\u00e7\u00f5es;<\/p>\n\n\n\n<p>4. A ado\u00e7\u00e3o de moagem multietapa, m\u00e9todo de moagem \u00famida e m\u00e9todo de descarga for\u00e7ada pode alcan\u00e7ar grande capacidade de produ\u00e7\u00e3o.<\/p>\n\n\n\n<p>5. Durante a opera\u00e7\u00e3o, reduz a temperatura do eixo oco, protegendo efetivamente o revestimento do moinho, prolongando a vida \u00fatil do revestimento e garantindo o efeito de moagem.<\/p>\n\n\n\n<p>6. Produzido com um novo conceito de design, a m\u00e1quina completa \u00e9 mais robusta e f\u00e1cil de instalar.<\/p>\n\n\n<div class=\"gb-container gb-container-d7b7b595\">\n\n<a class=\"gb-button gb-button-c1312760 gb-button-text\" href=\"#popmake-622\">Obtenha uma cota\u00e7\u00e3o gratuita agora<\/a>\n\n<\/div>\n<\/div>\n<\/div>\n\n<div class=\"gb-container gb-container-ebd718b6\">\n<div class=\"gb-container gb-container-5c75b960\">\n\n<h2 class=\"gb-headline gb-headline-98859344 gb-headline-text\">Estrutura do moinho de bolas \u00famido<\/h2>\n\n\n\n<figure class=\"gb-block-image gb-block-image-c486b36e\"><img decoding=\"async\" width=\"920\" height=\"420\" class=\"gb-image gb-image-c486b36e\" src=\"https:\/\/hengxingmachinery.com\/wp-content\/uploads\/2025\/01\/wet-ball-mill-structure.jpg\" alt=\"\" title=\"estrutura-do-moinho-de-bolas-\u00famido\" srcset=\"https:\/\/hengxingmachinery.com\/wp-content\/uploads\/2025\/01\/wet-ball-mill-structure.jpg 920w, https:\/\/hengxingmachinery.com\/wp-content\/uploads\/2025\/01\/wet-ball-mill-structure-300x137.jpg 300w, https:\/\/hengxingmachinery.com\/wp-content\/uploads\/2025\/01\/wet-ball-mill-structure-768x351.jpg 768w, https:\/\/hengxingmachinery.com\/wp-content\/uploads\/2025\/01\/wet-ball-mill-structure-18x8.jpg 18w\" sizes=\"(max-width: 920px) 100vw, 920px\" \/><\/figure>\n\n\n\n<p><strong>1. Tambor do moinho:<\/strong> O tambor do moinho de bolas \u00famido \u00e9 composto por um cilindro feito de chapas de a\u00e7o enroladas e duas portas de inspe\u00e7\u00e3o com seus quadros. As duas extremidades do tambor s\u00e3o usinadas, e o tambor \u00e9 perfurado para fixar o revestimento interno do cilindro.<\/p>\n\n\n\n<p><strong>2. Tampa e munh\u00e3o: <\/strong>As tampas de entrada e sa\u00edda do moinho s\u00e3o projetadas e fabricadas por fundi\u00e7\u00e3o e conectadas ao tambor do moinho por parafusos. Munh\u00f5es de suporte completos s\u00e3o projetados nas tampas de entrada e sa\u00edda. O munh\u00e3o da tampa de entrada \u00e9 projetado como suporte fixo, e o munh\u00e3o da tampa de sa\u00edda \u00e9 projetado como suporte flutuante.<\/p>\n\n\n\n<p><strong>3. Mancal principal: <\/strong>O mancal \u00e9 instalado no munh\u00e3o da tampa do moinho e mantido na posi\u00e7\u00e3o de instala\u00e7\u00e3o por um anel de press\u00e3o. A caixa do mancal \u00e9 feita de solda de a\u00e7o carbono.<\/p>\n\n\n\n<p><strong>4. Base: <\/strong>A caixa do mancal principal, a caixa de engrenagens principal e o motor de acionamento principal est\u00e3o todos instalados na base do moinho de bolas \u00famido. A base \u00e9 equipada com parafusos de ajuste para facilitar o alinhamento. Todos os parafusos de ancoragem est\u00e3o inclu\u00eddos no escopo da base.<\/p>\n\n\n\n<p><strong>5. Se\u00e7\u00e3o de alimenta\u00e7\u00e3o:<\/strong> O sistema de alimenta\u00e7\u00e3o do moinho \u00e9 composto por uma calha de entrada revestida com materiais resistentes ao desgaste e uma caixa de mancal com base que suporta seu peso.<\/p>\n\n\n<div class=\"gb-container gb-container-d6bbf16a\">\n\n<a class=\"gb-button gb-button-caa3f2bc gb-button-text\" href=\"#popmake-622\">Obtenha uma cota\u00e7\u00e3o gratuita agora<\/a>\n\n<\/div>\n<\/div>\n<\/div>\n\n<div class=\"gb-container gb-container-435ad261\">\n<div class=\"gb-container gb-container-7dc79cc4\">\n\n<h2 class=\"gb-headline gb-headline-6fe5dee2 gb-headline-text\">Especifica\u00e7\u00f5es do moinho de bolas \u00famido<\/h2>\n\n\n\n<figure class=\"wp-block-table is-style-stripes\"><table class=\"has-fixed-layout\"><tbody><tr><td><strong>Modelo<\/strong><\/td><td><strong>Tamanho de alimenta\u00e7\u00e3o<br>(mil\u00edmetros)<\/strong><\/td><td><strong>Tamanho de descarga<br>(mil\u00edmetros)<\/strong><\/td><td><strong>Capacidade<br>(t)<\/strong><\/td><td><strong>Pot\u00eancia do motor<br>(kW)<\/strong><\/td><td><strong>Peso Total<br>(t)<\/strong><\/td><\/tr><tr><td>\u03c6 900\u00d71800<\/td><td>\u226420<\/td><td>0.075-0.89<\/td><td>0.65-2<\/td><td>18.5<\/td><td>5.8<\/td><\/tr><tr><td>\u03c6 900\u00d73000<\/td><td>\u226420<\/td><td>0.075-0.89<\/td><td>1.1-3.5<\/td><td>22<\/td><td>6.8<\/td><\/tr><tr><td>\u03c6 1200\u00d72400<\/td><td>\u226425<\/td><td>0.075-0.6<\/td><td>1.5-4.8<\/td><td>30<\/td><td>12<\/td><\/tr><tr><td>\u03c6 1200\u00d73000<\/td><td>\u226425<\/td><td>0.074-0.4<\/td><td>1.6-5<\/td><td>37<\/td><td>13.2<\/td><\/tr><tr><td>\u03c6 1200\u00d74500<\/td><td>\u226425<\/td><td>0.074-0.4<\/td><td>1.6-5.8<\/td><td>55<\/td><td>13.7<\/td><\/tr><tr><td>\u03c6 1500\u00d73000<\/td><td>\u226425<\/td><td>0.074-0.4<\/td><td>2-5<\/td><td>75<\/td><td>16.5<\/td><\/tr><tr><td>\u03c6 1500\u00d74500<\/td><td>\u226425<\/td><td>0.074-0.4<\/td><td>3-6<\/td><td>110<\/td><td>21<\/td><\/tr><tr><td>\u03c6 1500\u00d75700<\/td><td>\u226425<\/td><td>0.074-0.4<\/td><td>3.5-6<\/td><td>130<\/td><td>24.7<\/td><\/tr><tr><td>\u03c6 1830\u00d73000<\/td><td>\u226425<\/td><td>0.074-0.4<\/td><td>4-10<\/td><td>130<\/td><td>34.5<\/td><\/tr><tr><td>\u03c6 1830\u00d74500<\/td><td>\u226425<\/td><td>0.074-0.4<\/td><td>4.5-12<\/td><td>155<\/td><td>38<\/td><\/tr><tr><td>\u03c6 1830\u00d76400<\/td><td>\u226425<\/td><td>0.074-0.4<\/td><td>6.5-15<\/td><td>210<\/td><td>46<\/td><\/tr><tr><td>\u03c6 1830\u00d77000<\/td><td>\u226425<\/td><td>0.074-0.4<\/td><td>7.5-17<\/td><td>245<\/td><td>49<\/td><\/tr><tr><td>\u03c6 2100\u00d73000<\/td><td>\u226425<\/td><td>0.074-0.4<\/td><td>6.5-36<\/td><td>155<\/td><td>48<\/td><\/tr><tr><td>\u03c6 2100\u00d74500<\/td><td>\u226425<\/td><td>0.074-0.4<\/td><td>8-43<\/td><td>245<\/td><td>59<\/td><\/tr><tr><td>\u03c6 2100\u00d77000<\/td><td>\u226425<\/td><td>0.074-0.4<\/td><td>8-48<\/td><td>280<\/td><td>67.5<\/td><\/tr><tr><td>\u03c6 2200\u00d74500<\/td><td>\u226425<\/td><td>0.074-0.4<\/td><td>9-45<\/td><td>280<\/td><td>58<\/td><\/tr><tr><td>\u03c6 2200\u00d76500<\/td><td>\u226425<\/td><td>0.074-0.4<\/td><td>14-26<\/td><td>380<\/td><td>63<\/td><\/tr><tr><td>\u03c6 2200\u00d77000<\/td><td>\u226425<\/td><td>0.074-0.4<\/td><td>15-28<\/td><td>380<\/td><td>65.3<\/td><\/tr><tr><td>\u03c6 2200\u00d77500<\/td><td>\u226425<\/td><td>0.074-0.4<\/td><td>15-30<\/td><td>380<\/td><td>66.5<\/td><\/tr><tr><td>\u03c6 2400\u00d73000<\/td><td>\u226425<\/td><td>0.074-0.4<\/td><td>7-50<\/td><td>245<\/td><td>65<\/td><\/tr><tr><td>\u03c6 2400\u00d74500<\/td><td>\u226425<\/td><td>0.074-0.4<\/td><td>8.5-60<\/td><td>320<\/td><td>70<\/td><\/tr><tr><td>\u03c6 2700\u00d74000<\/td><td>\u226425<\/td><td>0.074-0.4<\/td><td>12-80<\/td><td>400<\/td><td>92<\/td><\/tr><tr><td>\u03c6 2700\u00d74500<\/td><td>\u226425<\/td><td>0.074-0.4<\/td><td>12-90<\/td><td>430<\/td><td>102<\/td><\/tr><tr><td>\u03c6 3200\u00d74500<\/td><td>\u226425<\/td><td>0.074-0.4<\/td><td>Determinado pelo processo tecnol\u00f3gico<\/td><td>600<\/td><td>137<\/td><\/tr><tr><td>\u03c6 3600\u00d74500<\/td><td>\u226425<\/td><td>0.074-0.4<\/td><td>Determinado pelo processo tecnol\u00f3gico<\/td><td>850<\/td><td>158<\/td><\/tr><tr><td>\u03c63600\u00d76000<\/td><td>\u226425<\/td><td>0.074-0.4<\/td><td>Determinado pelo processo tecnol\u00f3gico<\/td><td>1250<\/td><td>175<\/td><\/tr><\/tbody><\/table><\/figure>\n\n\n<div class=\"gb-container gb-container-263d9700\">\n\n<a class=\"gb-button gb-button-a4cbb7be gb-button-text\" href=\"#popmake-622\">Obtenha uma cota\u00e7\u00e3o gratuita agora<\/a>\n\n<\/div>\n<\/div>\n<\/div>","protected":false},"excerpt":{"rendered":"<p>Wet ball mill Features of wet ball mill 1. The equipment transmission adopts large double-row spherical roller bearings instead of sliding bearings (using matching special lubricating oil), and the reliable lubrication of gears and other oil mist lubrication devices greatly reduces friction, and accelerates start-up and saves energy by 20-30%. 2. The optimized configuration of &#8230; <\/p>\n<p class=\"read-more-container\"><a title=\"3-1. Moinho de bolas \u00famido\" class=\"read-more button\" href=\"https:\/\/hengxingmachinery.com\/pt\/wet-ball-mill\/#more-1379\" aria-label=\"Leia mais sobre 3-1. Wet ball mill\">Ler mais<\/a><\/p>","protected":false},"author":1,"featured_media":0,"parent":0,"menu_order":0,"comment_status":"closed","ping_status":"closed","template":"","meta":{"footnotes":""},"class_list":["post-1379","page","type-page","status-publish"],"yoast_head":"<!-- This site is optimized with the Yoast SEO plugin v27.4 - https:\/\/yoast.com\/product\/yoast-seo-wordpress\/ -->\n<title>Wet Ball Mill For Sale - Designed For Grinding Metal Ores - Quote<\/title>\n<meta name=\"description\" content=\"Check here for high quality wet ball mill for sale, factory direct sale, deals with copper ore, gold ore ,iron ore, aluminum ore and non-ferrous metals, etc.\" \/>\n<meta name=\"robots\" content=\"index, follow, max-snippet:-1, max-image-preview:large, max-video-preview:-1\" \/>\n<link rel=\"canonical\" href=\"https:\/\/hengxingmachinery.com\/pt\/wet-ball-mill\/\" \/>\n<meta property=\"og:locale\" content=\"pt_PT\" \/>\n<meta property=\"og:type\" content=\"article\" \/>\n<meta property=\"og:title\" content=\"Wet Ball Mill For Sale - Designed For Grinding Metal Ores - Quote\" \/>\n<meta property=\"og:description\" content=\"Check here for high quality wet ball mill for sale, factory direct sale, deals with copper ore, gold ore ,iron ore, aluminum ore and non-ferrous metals, etc.\" \/>\n<meta property=\"og:url\" content=\"https:\/\/hengxingmachinery.com\/pt\/wet-ball-mill\/\" \/>\n<meta property=\"og:site_name\" content=\"Hengxing Machinery\" \/>\n<meta property=\"article:modified_time\" content=\"2025-01-13T09:33:38+00:00\" \/>\n<meta property=\"og:image\" content=\"https:\/\/hengxingmachinery.com\/wp-content\/uploads\/2025\/01\/wet-ball-mill-for-sale.jpg\" \/>\n<meta name=\"twitter:card\" content=\"summary_large_image\" \/>\n<meta name=\"twitter:label1\" content=\"Tempo estimado de leitura\" \/>\n\t<meta name=\"twitter:data1\" content=\"5 minutos\" \/>\n<script type=\"application\/ld+json\" class=\"yoast-schema-graph\">{\"@context\":\"https:\\\/\\\/schema.org\",\"@graph\":[{\"@type\":\"WebPage\",\"@id\":\"https:\\\/\\\/hengxingmachinery.com\\\/wet-ball-mill\\\/\",\"url\":\"https:\\\/\\\/hengxingmachinery.com\\\/wet-ball-mill\\\/\",\"name\":\"Wet Ball Mill For Sale - Designed For Grinding Metal Ores - Quote\",\"isPartOf\":{\"@id\":\"https:\\\/\\\/hengxingmachinery.com\\\/#website\"},\"primaryImageOfPage\":{\"@id\":\"https:\\\/\\\/hengxingmachinery.com\\\/wet-ball-mill\\\/#primaryimage\"},\"image\":{\"@id\":\"https:\\\/\\\/hengxingmachinery.com\\\/wet-ball-mill\\\/#primaryimage\"},\"thumbnailUrl\":\"https:\\\/\\\/hengxingmachinery.com\\\/wp-content\\\/uploads\\\/2025\\\/01\\\/wet-ball-mill-for-sale.jpg\",\"datePublished\":\"2025-01-10T06:38:32+00:00\",\"dateModified\":\"2025-01-13T09:33:38+00:00\",\"description\":\"Check here for high quality wet ball mill for sale, factory direct sale, deals with copper ore, gold ore ,iron ore, aluminum ore and non-ferrous metals, etc.\",\"breadcrumb\":{\"@id\":\"https:\\\/\\\/hengxingmachinery.com\\\/wet-ball-mill\\\/#breadcrumb\"},\"inLanguage\":\"pt-PT\",\"potentialAction\":[{\"@type\":\"ReadAction\",\"target\":[\"https:\\\/\\\/hengxingmachinery.com\\\/wet-ball-mill\\\/\"]}]},{\"@type\":\"ImageObject\",\"inLanguage\":\"pt-PT\",\"@id\":\"https:\\\/\\\/hengxingmachinery.com\\\/wet-ball-mill\\\/#primaryimage\",\"url\":\"https:\\\/\\\/hengxingmachinery.com\\\/wp-content\\\/uploads\\\/2025\\\/01\\\/wet-ball-mill-for-sale.jpg\",\"contentUrl\":\"https:\\\/\\\/hengxingmachinery.com\\\/wp-content\\\/uploads\\\/2025\\\/01\\\/wet-ball-mill-for-sale.jpg\"},{\"@type\":\"BreadcrumbList\",\"@id\":\"https:\\\/\\\/hengxingmachinery.com\\\/wet-ball-mill\\\/#breadcrumb\",\"itemListElement\":[{\"@type\":\"ListItem\",\"position\":1,\"name\":\"Home\",\"item\":\"https:\\\/\\\/hengxingmachinery.com\\\/\"},{\"@type\":\"ListItem\",\"position\":2,\"name\":\"3-1. Wet ball mill\"}]},{\"@type\":\"WebSite\",\"@id\":\"https:\\\/\\\/hengxingmachinery.com\\\/#website\",\"url\":\"https:\\\/\\\/hengxingmachinery.com\\\/\",\"name\":\"Hengxing Machinery\",\"description\":\"Leading Manufacturer of All Sorts of Mining Machinery\",\"publisher\":{\"@id\":\"https:\\\/\\\/hengxingmachinery.com\\\/#organization\"},\"potentialAction\":[{\"@type\":\"SearchAction\",\"target\":{\"@type\":\"EntryPoint\",\"urlTemplate\":\"https:\\\/\\\/hengxingmachinery.com\\\/?s={search_term_string}\"},\"query-input\":{\"@type\":\"PropertyValueSpecification\",\"valueRequired\":true,\"valueName\":\"search_term_string\"}}],\"inLanguage\":\"pt-PT\"},{\"@type\":\"Organization\",\"@id\":\"https:\\\/\\\/hengxingmachinery.com\\\/#organization\",\"name\":\"Hengxing Machinery\",\"url\":\"https:\\\/\\\/hengxingmachinery.com\\\/\",\"logo\":{\"@type\":\"ImageObject\",\"inLanguage\":\"pt-PT\",\"@id\":\"https:\\\/\\\/hengxingmachinery.com\\\/#\\\/schema\\\/logo\\\/image\\\/\",\"url\":\"https:\\\/\\\/hengxingmachinery.com\\\/wp-content\\\/uploads\\\/2024\\\/12\\\/logo.png\",\"contentUrl\":\"https:\\\/\\\/hengxingmachinery.com\\\/wp-content\\\/uploads\\\/2024\\\/12\\\/logo.png\",\"width\":400,\"height\":260,\"caption\":\"Hengxing Machinery\"},\"image\":{\"@id\":\"https:\\\/\\\/hengxingmachinery.com\\\/#\\\/schema\\\/logo\\\/image\\\/\"}}]}<\/script>\n<!-- \/ Yoast SEO plugin. -->","yoast_head_json":{"title":"Moinho de Bolas \u00damido \u00e0 Venda - Projetado para Moagem de Min\u00e9rios Met\u00e1licos - Solicitar Or\u00e7amento","description":"Confira aqui moinho de bolas \u00famido de alta qualidade \u00e0 venda, venda direta da f\u00e1brica, lida com min\u00e9rio de cobre, min\u00e9rio de ouro, min\u00e9rio de ferro, min\u00e9rio de alum\u00ednio e metais n\u00e3o ferrosos, etc.","robots":{"index":"index","follow":"follow","max-snippet":"max-snippet:-1","max-image-preview":"max-image-preview:large","max-video-preview":"max-video-preview:-1"},"canonical":"https:\/\/hengxingmachinery.com\/pt\/wet-ball-mill\/","og_locale":"pt_PT","og_type":"article","og_title":"Wet Ball Mill For Sale - Designed For Grinding Metal Ores - Quote","og_description":"Check here for high quality wet ball mill for sale, factory direct sale, deals with copper ore, gold ore ,iron ore, aluminum ore and non-ferrous metals, etc.","og_url":"https:\/\/hengxingmachinery.com\/pt\/wet-ball-mill\/","og_site_name":"Hengxing Machinery","article_modified_time":"2025-01-13T09:33:38+00:00","og_image":[{"url":"https:\/\/hengxingmachinery.com\/wp-content\/uploads\/2025\/01\/wet-ball-mill-for-sale.jpg","type":"","width":"","height":""}],"twitter_card":"summary_large_image","twitter_misc":{"Tempo estimado de leitura":"5 minutos"},"schema":{"@context":"https:\/\/schema.org","@graph":[{"@type":"WebPage","@id":"https:\/\/hengxingmachinery.com\/wet-ball-mill\/","url":"https:\/\/hengxingmachinery.com\/wet-ball-mill\/","name":"Moinho de Bolas \u00damido \u00e0 Venda - Projetado para Moagem de Min\u00e9rios Met\u00e1licos - Solicitar Or\u00e7amento","isPartOf":{"@id":"https:\/\/hengxingmachinery.com\/#website"},"primaryImageOfPage":{"@id":"https:\/\/hengxingmachinery.com\/wet-ball-mill\/#primaryimage"},"image":{"@id":"https:\/\/hengxingmachinery.com\/wet-ball-mill\/#primaryimage"},"thumbnailUrl":"https:\/\/hengxingmachinery.com\/wp-content\/uploads\/2025\/01\/wet-ball-mill-for-sale.jpg","datePublished":"2025-01-10T06:38:32+00:00","dateModified":"2025-01-13T09:33:38+00:00","description":"Confira aqui moinho de bolas \u00famido de alta qualidade \u00e0 venda, venda direta da f\u00e1brica, lida com min\u00e9rio de cobre, min\u00e9rio de ouro, min\u00e9rio de ferro, min\u00e9rio de alum\u00ednio e metais n\u00e3o ferrosos, etc.","breadcrumb":{"@id":"https:\/\/hengxingmachinery.com\/wet-ball-mill\/#breadcrumb"},"inLanguage":"pt-PT","potentialAction":[{"@type":"ReadAction","target":["https:\/\/hengxingmachinery.com\/wet-ball-mill\/"]}]},{"@type":"ImageObject","inLanguage":"pt-PT","@id":"https:\/\/hengxingmachinery.com\/wet-ball-mill\/#primaryimage","url":"https:\/\/hengxingmachinery.com\/wp-content\/uploads\/2025\/01\/wet-ball-mill-for-sale.jpg","contentUrl":"https:\/\/hengxingmachinery.com\/wp-content\/uploads\/2025\/01\/wet-ball-mill-for-sale.jpg"},{"@type":"BreadcrumbList","@id":"https:\/\/hengxingmachinery.com\/wet-ball-mill\/#breadcrumb","itemListElement":[{"@type":"ListItem","position":1,"name":"Home","item":"https:\/\/hengxingmachinery.com\/"},{"@type":"ListItem","position":2,"name":"3-1. Wet ball mill"}]},{"@type":"WebSite","@id":"https:\/\/hengxingmachinery.com\/#website","url":"https:\/\/hengxingmachinery.com\/","name":"M\u00e1quinas Hengxing","description":"Fabricante l\u00edder de todos os tipos de m\u00e1quinas de minera\u00e7\u00e3o","publisher":{"@id":"https:\/\/hengxingmachinery.com\/#organization"},"potentialAction":[{"@type":"SearchAction","target":{"@type":"EntryPoint","urlTemplate":"https:\/\/hengxingmachinery.com\/?s={search_term_string}"},"query-input":{"@type":"PropertyValueSpecification","valueRequired":true,"valueName":"search_term_string"}}],"inLanguage":"pt-PT"},{"@type":"Organization","@id":"https:\/\/hengxingmachinery.com\/#organization","name":"M\u00e1quinas Hengxing","url":"https:\/\/hengxingmachinery.com\/","logo":{"@type":"ImageObject","inLanguage":"pt-PT","@id":"https:\/\/hengxingmachinery.com\/#\/schema\/logo\/image\/","url":"https:\/\/hengxingmachinery.com\/wp-content\/uploads\/2024\/12\/logo.png","contentUrl":"https:\/\/hengxingmachinery.com\/wp-content\/uploads\/2024\/12\/logo.png","width":400,"height":260,"caption":"Hengxing Machinery"},"image":{"@id":"https:\/\/hengxingmachinery.com\/#\/schema\/logo\/image\/"}}]}},"_links":{"self":[{"href":"https:\/\/hengxingmachinery.com\/pt\/wp-json\/wp\/v2\/pages\/1379","targetHints":{"allow":["GET"]}}],"collection":[{"href":"https:\/\/hengxingmachinery.com\/pt\/wp-json\/wp\/v2\/pages"}],"about":[{"href":"https:\/\/hengxingmachinery.com\/pt\/wp-json\/wp\/v2\/types\/page"}],"author":[{"embeddable":true,"href":"https:\/\/hengxingmachinery.com\/pt\/wp-json\/wp\/v2\/users\/1"}],"replies":[{"embeddable":true,"href":"https:\/\/hengxingmachinery.com\/pt\/wp-json\/wp\/v2\/comments?post=1379"}],"version-history":[{"count":4,"href":"https:\/\/hengxingmachinery.com\/pt\/wp-json\/wp\/v2\/pages\/1379\/revisions"}],"predecessor-version":[{"id":1600,"href":"https:\/\/hengxingmachinery.com\/pt\/wp-json\/wp\/v2\/pages\/1379\/revisions\/1600"}],"wp:attachment":[{"href":"https:\/\/hengxingmachinery.com\/pt\/wp-json\/wp\/v2\/media?parent=1379"}],"curies":[{"name":"wp","href":"https:\/\/api.w.org\/{rel}","templated":true}]}}