{"id":1389,"date":"2025-01-10T07:07:05","date_gmt":"2025-01-10T07:07:05","guid":{"rendered":"https:\/\/hengxingmachinery.com\/?page_id=1389"},"modified":"2025-01-13T09:31:11","modified_gmt":"2025-01-13T09:31:11","slug":"dry-ball-mill","status":"publish","type":"page","link":"https:\/\/hengxingmachinery.com\/pt\/dry-ball-mill\/","title":{"rendered":"3-1. Moinho de bolas a seco"},"content":{"rendered":"<div class=\"gb-container gb-container-45165f5a\">\n<div class=\"gb-container gb-container-c2652eb4\">\n\n<h1 class=\"gb-headline gb-headline-62a8b2cc gb-headline-text\">Moinho de bolas seco<\/h1>\n\n<\/div>\n<\/div>\n\n<div class=\"gb-container gb-container-519cf624\">\n<div class=\"gb-container gb-container-71ca071e\">\n<div class=\"gb-grid-wrapper gb-grid-wrapper-8a5f0688\">\n<div class=\"gb-grid-column gb-grid-column-1e99b1c2\"><div class=\"gb-container gb-container-1e99b1c2\">\n\n<figure class=\"gb-block-image gb-block-image-e4eaba54\"><img decoding=\"async\" width=\"665\" height=\"545\" class=\"gb-image gb-image-e4eaba54\" src=\"https:\/\/hengxingmachinery.com\/wp-content\/uploads\/2025\/01\/dry-ball-mill-for-sale.jpg\" alt=\"\" title=\"moinho-de-bolas-a-seco-para-venda\" srcset=\"https:\/\/hengxingmachinery.com\/wp-content\/uploads\/2025\/01\/dry-ball-mill-for-sale.jpg 665w, https:\/\/hengxingmachinery.com\/wp-content\/uploads\/2025\/01\/dry-ball-mill-for-sale-300x246.jpg 300w, https:\/\/hengxingmachinery.com\/wp-content\/uploads\/2025\/01\/dry-ball-mill-for-sale-15x12.jpg 15w\" sizes=\"(max-width: 665px) 100vw, 665px\" \/><\/figure>\n\n<\/div><\/div>\n\n<div class=\"gb-grid-column gb-grid-column-bcae065b\"><div class=\"gb-container gb-container-bcae065b\">\n\n<p>Um moinho de bolas a seco, tamb\u00e9m conhecido como moinho a seco, \u00e9 utilizado principalmente na moagem de produtos acabados e mat\u00e9rias-primas em f\u00e1bricas de cimento. Tamb\u00e9m \u00e9 adequado para moagem de v\u00e1rios min\u00e9rios e outros materiais mo\u00edveis na metalurgia, ind\u00fastria qu\u00edmica e energia el\u00e9trica. <\/p>\n\n\n\n<p>Diferencia-se do moinho de bolas \u00famido por exigir que o material esteja seco. Pode ser utilizado para moagem de fluxo aberto e tamb\u00e9m \u00e9 adequado para moagem de fluxo anular em circuito fechado combinado com um classificador. O efeito geral de moagem \u00e9 bom. <\/p>\n\n\n<div class=\"gb-grid-wrapper gb-grid-wrapper-eebec76e\">\n<div class=\"gb-grid-column gb-grid-column-e3ada2f0\"><div class=\"gb-container gb-container-e3ada2f0\">\n\n<p class=\"gb-headline gb-headline-4c79a90a gb-headline-text\"><mark style=\"background-color:rgba(0, 0, 0, 0)\" class=\"has-inline-color has-global-color-8-color\"><strong>Capacidade:<\/strong><\/mark> 0,65\u201361,5 t\/h<\/p>\n\n<\/div><\/div>\n\n<div class=\"gb-grid-column gb-grid-column-0bb00826\"><div class=\"gb-container gb-container-0bb00826\">\n\n<p class=\"gb-headline gb-headline-86d53f56 gb-headline-text\"><mark style=\"background-color:rgba(0, 0, 0, 0)\" class=\"has-inline-color has-global-color-8-color\"><strong>Tamanho de descarga:<\/strong><\/mark> 0,075\u20130,4 mm<\/p>\n\n<\/div><\/div>\n<\/div>\n\n\n<p class=\"gb-headline gb-headline-2750f5a7 gb-headline-text\"><strong>Materiais aplic\u00e1veis:<\/strong><\/p>\n\n\n\n<p class=\"gb-headline gb-headline-28231626 gb-headline-text\">Feldspato pot\u00e1ssico, min\u00e9rio de ouro, min\u00e9rio de cobre, min\u00e9rio de ferro e outros minerais met\u00e1licos e n\u00e3o met\u00e1licos.<\/p>\n\n\n\n<p class=\"gb-headline gb-headline-c2b2172d gb-headline-text\"><strong>Aplica\u00e7\u00e3o:<\/strong><\/p>\n\n\n\n<p class=\"gb-headline gb-headline-6d45c959 gb-headline-text\">Amplamente utilizado nas ind\u00fastrias de produ\u00e7\u00e3o de cimento, produtos de silicato, novos materiais de constru\u00e7\u00e3o, materiais refrat\u00e1rios, fertilizantes, beneficiamento de metais ferrosos e n\u00e3o ferrosos, cer\u00e2mica de vidro, entre outras.<\/p>\n\n\n<div class=\"gb-container gb-container-256e15f1\">\n\n<a class=\"gb-button gb-button-e8b73d89 gb-button-text\" href=\"#popmake-622\">Obtenha uma cota\u00e7\u00e3o gratuita agora<\/a>\n\n<\/div>\n<\/div><\/div>\n<\/div>\n<\/div>\n<\/div>\n\n<div class=\"gb-container gb-container-af5f8799\">\n<div class=\"gb-container gb-container-2298848b\">\n\n<h2 class=\"gb-headline gb-headline-9d27ad2c gb-headline-text\">Caracter\u00edsticas do moinho de bolas a seco <\/h2>\n\n\n\n<figure class=\"gb-block-image gb-block-image-a8618db3\"><img decoding=\"async\" class=\"gb-image gb-image-a8618db3\" src=\"https:\/\/hengxingmachinery.com\/wp-content\/uploads\/2025\/01\/dry-ball-mill-structure-1.jpg\" alt=\"\" title=\"estrutura-do-moinho-de-bolas-a-seco\"\/><\/figure>\n\n\n\n<h3 class=\"gb-headline gb-headline-cf1e8bea gb-headline-text\">1. Bom efeito de moagem<\/h3>\n\n\n\n<p>O equipamento otimiza a rela\u00e7\u00e3o entre comprimento e di\u00e2metro para evitar moagem excessiva e alcan\u00e7ar um melhor efeito de moagem; al\u00e9m disso, a taxa de abertura de sua placa de grelha \u00e9 otimizada, o design de abertura \u00e9 adotado, e o uso de meios de moagem menores pode melhorar a finura da moagem.<\/p>\n\n\n\n<h3 class=\"gb-headline gb-headline-40662e8b gb-headline-text\">2. Longa vida \u00fatil<\/h3>\n\n\n\n<p>O moinho de bolas a seco adota descarga por grelha na extremidade de moagem, a descarga \u00e9 suave, n\u00e3o h\u00e1 fen\u00f4meno de eleva\u00e7\u00e3o e moagem, o cilindro n\u00e3o precisa ser resfriado, a vida \u00fatil \u00e9 longa e a taxa de falhas \u00e9 baixa.<\/p>\n\n\n\n<h3 class=\"gb-headline gb-headline-b5dd747c gb-headline-text\">3. Prote\u00e7\u00e3o ambiental e economia de energia<\/h3>\n\n\n\n<p>Os meios de moagem do moinho de bolas a seco s\u00e3o proporcionados de forma racional de acordo com os requisitos do produto, com alta taxa de preenchimento e alto rendimento. Al\u00e9m disso, o acionamento e o consumo de energia de moagem s\u00e3o otimizados para que o equipamento economize melhor energia. O moinho de bolas a seco \u00e9 frequentemente combinado com o classificador para formar um sistema fechado com transporte por press\u00e3o negativa e sem polui\u00e7\u00e3o por poeira.<\/p>\n\n\n<div class=\"gb-container gb-container-d7b7b595\">\n\n<a class=\"gb-button gb-button-c1312760 gb-button-text\" href=\"#popmake-622\">Obtenha uma cota\u00e7\u00e3o gratuita agora<\/a>\n\n<\/div>\n<\/div>\n<\/div>\n\n<div class=\"gb-container gb-container-ebd718b6\">\n<div class=\"gb-container gb-container-5c75b960\">\n\n<h2 class=\"gb-headline gb-headline-98859344 gb-headline-text\">Estrutura do moinho de bolas a seco<\/h2>\n\n\n\n<figure class=\"gb-block-image gb-block-image-c486b36e\"><img decoding=\"async\" width=\"920\" height=\"420\" class=\"gb-image gb-image-c486b36e\" src=\"https:\/\/hengxingmachinery.com\/wp-content\/uploads\/2025\/01\/dry-ball-mill-feature.jpg\" alt=\"\" title=\"caracteristica-do-moinho-de-bolas-a-seco\" srcset=\"https:\/\/hengxingmachinery.com\/wp-content\/uploads\/2025\/01\/dry-ball-mill-feature.jpg 920w, https:\/\/hengxingmachinery.com\/wp-content\/uploads\/2025\/01\/dry-ball-mill-feature-300x137.jpg 300w, https:\/\/hengxingmachinery.com\/wp-content\/uploads\/2025\/01\/dry-ball-mill-feature-768x351.jpg 768w, https:\/\/hengxingmachinery.com\/wp-content\/uploads\/2025\/01\/dry-ball-mill-feature-18x8.jpg 18w\" sizes=\"(max-width: 920px) 100vw, 920px\" \/><\/figure>\n\n\n\n<p>O moinho de bolas a seco tem estrutura simples e opera\u00e7\u00e3o f\u00e1cil. A estrutura principal \u00e9 composta por um cilindro, dois mancais e um dispositivo de transmiss\u00e3o. O cilindro \u00e9 soldado ou rebitado com hastes de a\u00e7o comuns, e ambas as extremidades s\u00e3o feitas de ferro fundido. <\/p>\n\n\n\n<p>Para veda\u00e7\u00e3o, o lado externo da tampa da extremidade geralmente \u00e9 equipado com nervuras de refor\u00e7o para melhorar o efeito de veda\u00e7\u00e3o. O meio do cilindro possui uma abertura para alimenta\u00e7\u00e3o e descarga.<\/p>\n\n\n<div class=\"gb-container gb-container-d6bbf16a\">\n\n<a class=\"gb-button gb-button-caa3f2bc gb-button-text\" href=\"#popmake-622\">Obtenha uma cota\u00e7\u00e3o gratuita agora<\/a>\n\n<\/div>\n<\/div>\n<\/div>\n\n<div class=\"gb-container gb-container-118270fb\">\n<div class=\"gb-container gb-container-3b1e5c86\">\n\n<h2 class=\"gb-headline gb-headline-4183a533 gb-headline-text\">Princ\u00edpio de funcionamento do moinho de bolas a seco<\/h2>\n\n\n\n<figure class=\"gb-block-image gb-block-image-68116685\"><img decoding=\"async\" width=\"920\" height=\"420\" class=\"gb-image gb-image-68116685\" src=\"https:\/\/hengxingmachinery.com\/wp-content\/uploads\/2025\/01\/dry-ball-mill-working.jpg\" alt=\"\" title=\"funcionamento-do-moinho-de-bolas-a-seco\" srcset=\"https:\/\/hengxingmachinery.com\/wp-content\/uploads\/2025\/01\/dry-ball-mill-working.jpg 920w, https:\/\/hengxingmachinery.com\/wp-content\/uploads\/2025\/01\/dry-ball-mill-working-300x137.jpg 300w, https:\/\/hengxingmachinery.com\/wp-content\/uploads\/2025\/01\/dry-ball-mill-working-768x351.jpg 768w, https:\/\/hengxingmachinery.com\/wp-content\/uploads\/2025\/01\/dry-ball-mill-working-18x8.jpg 18w\" sizes=\"(max-width: 920px) 100vw, 920px\" \/><\/figure>\n\n\n\n<p>O moinho de bolas a seco \u00e9 um dispositivo rotativo cil\u00edndrico horizontal, semelhante em princ\u00edpio de funcionamento aos moinhos de bolas tipo grelha, consistindo em duas c\u00e2maras e acionado por uma engrenagem externa. Quando o material \u00e9 alimentado atrav\u00e9s do dispositivo de alimenta\u00e7\u00e3o e entra na primeira c\u00e2mara do moinho via eixo espiral oco, \u00e9 distribu\u00eddo uniformemente. Esta c\u00e2mara possui revestimentos escalonados ou ondulados e \u00e9 preenchida com bolas de a\u00e7o de diferentes especifica\u00e7\u00f5es. A rota\u00e7\u00e3o do cilindro gera for\u00e7a centr\u00edfuga que eleva as bolas de a\u00e7o a uma certa altura antes que caiam, proporcionando uma forte a\u00e7\u00e3o de impacto e moagem no material.<\/p>\n\n\n\n<p>Ap\u00f3s o material passar pela moagem grosseira na primeira c\u00e2mara, ele passa por uma placa divis\u00f3ria de camada \u00fanica para a segunda c\u00e2mara. Esta c\u00e2mara \u00e9 revestida com placas planas e preenchida com bolas de a\u00e7o para moagem adicional do material. O material pulverizado \u00e9 descarregado atrav\u00e9s da grelha de descarga, completando a opera\u00e7\u00e3o de moagem.<\/p>\n\n\n<div class=\"gb-container gb-container-73594bdb\">\n\n<a class=\"gb-button gb-button-ec632b07 gb-button-text\" href=\"#popmake-622\">Obtenha uma cota\u00e7\u00e3o gratuita agora<\/a>\n\n<\/div>\n<\/div>\n<\/div>\n\n<div class=\"gb-container gb-container-435ad261\">\n<div class=\"gb-container gb-container-7dc79cc4\">\n\n<h2 class=\"gb-headline gb-headline-6fe5dee2 gb-headline-text\">Especifica\u00e7\u00f5es do moinho de bolas a seco<\/h2>\n\n\n\n<figure class=\"wp-block-table is-style-stripes\"><table class=\"has-fixed-layout\"><tbody><tr><td><strong>Modelo<\/strong><\/td><td><strong>Velocidade de rota\u00e7\u00e3o do tambor<br>(r\/min)<\/strong><\/td><td><strong>Carga de bolas<br>(t)<\/strong><\/td><td><strong>Tamanho da alimenta\u00e7\u00e3o<br>(mil\u00edmetros)<\/strong><\/td><td><strong>Tamanho da sa\u00edda<br>(mil\u00edmetros)<\/strong><\/td><td><strong>Capacidade<br>(t\/h)<\/strong><\/td><td><strong>Poder<br>(kW)<\/strong><\/td><td><strong>Peso<br>(t)<\/strong><\/td><\/tr><tr><td>\u0424900\u00d71800<\/td><td>36<\/td><td>1.5<\/td><td>\u226420<\/td><td>0.075-0.89<\/td><td>0.65-2<\/td><td>18.5<\/td><td>5.85<\/td><\/tr><tr><td>\u0424900\u00d73000<\/td><td>38<\/td><td>2.7<\/td><td>\u226420<\/td><td>0.075-0.89<\/td><td>1.1-3.5<\/td><td>22<\/td><td>6.98<\/td><\/tr><tr><td>\u04241200\u00d72400<\/td><td>36<\/td><td>3<\/td><td>\u226425<\/td><td>0.075-0.6<\/td><td>1.5-4.8<\/td><td>30<\/td><td>13.6<\/td><\/tr><tr><td>\u04241200\u00d73000<\/td><td>36<\/td><td>3.5<\/td><td>\u226425<\/td><td>0.074-0.4<\/td><td>1.6-5<\/td><td>37<\/td><td>14.3<\/td><\/tr><tr><td>\u04241200\u00d74500<\/td><td>36<\/td><td>5<\/td><td>\u226425<\/td><td>0.074-0.4<\/td><td>1.6-5.8<\/td><td>55<\/td><td>15.6<\/td><\/tr><tr><td>\u04241500\u00d73000<\/td><td>32.4<\/td><td>7.5<\/td><td>\u226425<\/td><td>0.074-0.4<\/td><td>2-5<\/td><td>75<\/td><td>19.5<\/td><\/tr><tr><td>\u04241500\u00d74500<\/td><td>29.7<\/td><td>11<\/td><td>\u226425<\/td><td>0.074-0.4<\/td><td>3-6<\/td><td>110<\/td><td>22<\/td><\/tr><tr><td>\u04241500\u00d75700<\/td><td>27<\/td><td>12<\/td><td>\u226425<\/td><td>0.074-0.4<\/td><td>3.5-6<\/td><td>130<\/td><td>25.8<\/td><\/tr><tr><td>\u04241830\u00d73000<\/td><td>25.4<\/td><td>11<\/td><td>\u226425<\/td><td>0.074-0.4<\/td><td>4-10<\/td><td>130<\/td><td>34.5<\/td><\/tr><tr><td>\u04241830\u00d74500<\/td><td>25.4<\/td><td>15<\/td><td>\u226425<\/td><td>0.074-0.4<\/td><td>4.5-12<\/td><td>155<\/td><td>38<\/td><\/tr><tr><td>\u04241830\u00d76400<\/td><td>24.1<\/td><td>21<\/td><td>\u226425<\/td><td>0.074-0.4<\/td><td>6.5-15<\/td><td>210<\/td><td>43<\/td><\/tr><tr><td>\u04241830\u00d77000<\/td><td>24.1<\/td><td>23<\/td><td>\u226425<\/td><td>0.074-0.4<\/td><td>7.5-17<\/td><td>245<\/td><td>43.8<\/td><\/tr><tr><td>\u04242100\u00d73000<\/td><td>23.7<\/td><td>15<\/td><td>\u226425<\/td><td>0.074-0.4<\/td><td>6.5-36<\/td><td>155<\/td><td>45<\/td><\/tr><tr><td>\u04242100\u00d74500<\/td><td>23.7<\/td><td>24<\/td><td>\u226425<\/td><td>0.074-0.4<\/td><td>8-43<\/td><td>245<\/td><td>56&nbsp;<\/td><\/tr><tr><td>\u04242100\u00d77000<\/td><td>23.7<\/td><td>26<\/td><td>\u226425<\/td><td>0.074-0.4<\/td><td>12-48<\/td><td>280<\/td><td>59.5<\/td><\/tr><tr><td>\u04242200\u00d74500<\/td><td>21.5<\/td><td>27<\/td><td>\u226425<\/td><td>0.074-0.4<\/td><td>9-45<\/td><td>280<\/td><td>54.5<\/td><\/tr><tr><td>\u04242200\u00d76500<\/td><td>21.7<\/td><td>35<\/td><td>\u226425<\/td><td>0.074-0.4<\/td><td>14-26<\/td><td>380<\/td><td>61<\/td><\/tr><tr><td>\u04242200\u00d77000<\/td><td>21.7<\/td><td>35<\/td><td>\u226425<\/td><td>0.074-0.4<\/td><td>15-28<\/td><td>380<\/td><td>62.5<\/td><\/tr><tr><td>\u04242200\u00d77500<\/td><td>21.7<\/td><td>35<\/td><td>\u226425<\/td><td>0.074-0.4<\/td><td>15-30<\/td><td>380<\/td><td>64.8<\/td><\/tr><tr><td>\u04242400\u00d73000<\/td><td>21<\/td><td>23<\/td><td>\u226425<\/td><td>0.074-0.4<\/td><td>7-50<\/td><td>245<\/td><td>58<\/td><\/tr><tr><td>\u04242400\u00d74500<\/td><td>21<\/td><td>30<\/td><td>\u226425<\/td><td>0.074-0.4<\/td><td>8.5-60<\/td><td>320<\/td><td>72<\/td><\/tr><tr><td>\u04242700\u00d74000<\/td><td>20.7<\/td><td>40<\/td><td>\u226425<\/td><td>0.074-0.4<\/td><td>22-80<\/td><td>380<\/td><td>95<\/td><\/tr><tr><td>\u04242700\u00d74500<\/td><td>20.7<\/td><td>48<\/td><td>\u226425<\/td><td>0.074-0.4<\/td><td>26-90<\/td><td>480<\/td><td>102<\/td><\/tr><tr><td>\u04243200\u00d74500<\/td><td>18<\/td><td>65<\/td><td>\u226425<\/td><td>0.074-0.4<\/td><td>Depende das condi\u00e7\u00f5es de trabalho<\/td><td>630<\/td><td>149<\/td><\/tr><tr><td>\u04243600\u00d74500<\/td><td>17<\/td><td>90<\/td><td>\u226425<\/td><td>0.074-0.4<\/td><td>Depende das condi\u00e7\u00f5es de trabalho<\/td><td>850<\/td><td>169<\/td><\/tr><tr><td>\u04243600\u00d76000<\/td><td>17<\/td><td>110<\/td><td>\u226425<\/td><td>0.074-0.4<\/td><td>Depende das condi\u00e7\u00f5es de trabalho<\/td><td>1250<\/td><td>198<\/td><\/tr><\/tbody><\/table><\/figure>\n\n\n<div class=\"gb-container gb-container-263d9700\">\n\n<a class=\"gb-button gb-button-a4cbb7be gb-button-text\" href=\"#popmake-622\">Obtenha uma cota\u00e7\u00e3o gratuita agora<\/a>\n\n<\/div>\n<\/div>\n<\/div>\n\n\n<p><\/p>","protected":false},"excerpt":{"rendered":"<p>Dry ball mill Features of dry ball mill 1. Good grinding effect The equipment optimizes the aspect ratio to prevent excessive grinding and achieve a better grinding effect; in addition, the opening rate of its grate plate is optimized the opening design is adopted, and the use of smaller grinding media can improve the grinding &#8230; <\/p>\n<p class=\"read-more-container\"><a title=\"3-1. Moinho de bolas a seco\" class=\"read-more button\" href=\"https:\/\/hengxingmachinery.com\/pt\/dry-ball-mill\/#more-1389\" aria-label=\"Leia mais sobre 3-1. Dry ball mill\">Ler mais<\/a><\/p>","protected":false},"author":1,"featured_media":0,"parent":0,"menu_order":0,"comment_status":"closed","ping_status":"closed","template":"","meta":{"footnotes":""},"class_list":["post-1389","page","type-page","status-publish"],"yoast_head":"<!-- This site is optimized with the Yoast SEO plugin v27.4 - https:\/\/yoast.com\/product\/yoast-seo-wordpress\/ -->\n<title>3-1. Dry ball mill - Hengxing Machinery<\/title>\n<meta name=\"robots\" content=\"index, follow, max-snippet:-1, max-image-preview:large, max-video-preview:-1\" \/>\n<link rel=\"canonical\" href=\"https:\/\/hengxingmachinery.com\/pt\/dry-ball-mill\/\" \/>\n<meta property=\"og:locale\" content=\"pt_PT\" \/>\n<meta property=\"og:type\" content=\"article\" \/>\n<meta property=\"og:title\" content=\"3-1. Dry ball mill - Hengxing Machinery\" \/>\n<meta property=\"og:description\" content=\"Dry ball mill Features of dry ball mill 1. Good grinding effect The equipment optimizes the aspect ratio to prevent excessive grinding and achieve a better grinding effect; in addition, the opening rate of its grate plate is optimized the opening design is adopted, and the use of smaller grinding media can improve the grinding ... Ler mais\" \/>\n<meta property=\"og:url\" content=\"https:\/\/hengxingmachinery.com\/pt\/dry-ball-mill\/\" \/>\n<meta property=\"og:site_name\" content=\"Hengxing Machinery\" \/>\n<meta property=\"article:modified_time\" content=\"2025-01-13T09:31:11+00:00\" \/>\n<meta property=\"og:image\" content=\"https:\/\/hengxingmachinery.com\/wp-content\/uploads\/2025\/01\/dry-ball-mill-for-sale.jpg\" \/>\n<meta name=\"twitter:card\" content=\"summary_large_image\" \/>\n<meta name=\"twitter:label1\" content=\"Tempo estimado de leitura\" \/>\n\t<meta name=\"twitter:data1\" content=\"5 minutos\" \/>\n<script type=\"application\/ld+json\" class=\"yoast-schema-graph\">{\"@context\":\"https:\\\/\\\/schema.org\",\"@graph\":[{\"@type\":\"WebPage\",\"@id\":\"https:\\\/\\\/hengxingmachinery.com\\\/dry-ball-mill\\\/\",\"url\":\"https:\\\/\\\/hengxingmachinery.com\\\/dry-ball-mill\\\/\",\"name\":\"3-1. Dry ball mill - Hengxing Machinery\",\"isPartOf\":{\"@id\":\"https:\\\/\\\/hengxingmachinery.com\\\/#website\"},\"primaryImageOfPage\":{\"@id\":\"https:\\\/\\\/hengxingmachinery.com\\\/dry-ball-mill\\\/#primaryimage\"},\"image\":{\"@id\":\"https:\\\/\\\/hengxingmachinery.com\\\/dry-ball-mill\\\/#primaryimage\"},\"thumbnailUrl\":\"https:\\\/\\\/hengxingmachinery.com\\\/wp-content\\\/uploads\\\/2025\\\/01\\\/dry-ball-mill-for-sale.jpg\",\"datePublished\":\"2025-01-10T07:07:05+00:00\",\"dateModified\":\"2025-01-13T09:31:11+00:00\",\"breadcrumb\":{\"@id\":\"https:\\\/\\\/hengxingmachinery.com\\\/dry-ball-mill\\\/#breadcrumb\"},\"inLanguage\":\"pt-PT\",\"potentialAction\":[{\"@type\":\"ReadAction\",\"target\":[\"https:\\\/\\\/hengxingmachinery.com\\\/dry-ball-mill\\\/\"]}]},{\"@type\":\"ImageObject\",\"inLanguage\":\"pt-PT\",\"@id\":\"https:\\\/\\\/hengxingmachinery.com\\\/dry-ball-mill\\\/#primaryimage\",\"url\":\"https:\\\/\\\/hengxingmachinery.com\\\/wp-content\\\/uploads\\\/2025\\\/01\\\/dry-ball-mill-for-sale.jpg\",\"contentUrl\":\"https:\\\/\\\/hengxingmachinery.com\\\/wp-content\\\/uploads\\\/2025\\\/01\\\/dry-ball-mill-for-sale.jpg\"},{\"@type\":\"BreadcrumbList\",\"@id\":\"https:\\\/\\\/hengxingmachinery.com\\\/dry-ball-mill\\\/#breadcrumb\",\"itemListElement\":[{\"@type\":\"ListItem\",\"position\":1,\"name\":\"Home\",\"item\":\"https:\\\/\\\/hengxingmachinery.com\\\/\"},{\"@type\":\"ListItem\",\"position\":2,\"name\":\"3-1. Dry ball mill\"}]},{\"@type\":\"WebSite\",\"@id\":\"https:\\\/\\\/hengxingmachinery.com\\\/#website\",\"url\":\"https:\\\/\\\/hengxingmachinery.com\\\/\",\"name\":\"Hengxing Machinery\",\"description\":\"Leading Manufacturer of All Sorts of Mining Machinery\",\"publisher\":{\"@id\":\"https:\\\/\\\/hengxingmachinery.com\\\/#organization\"},\"potentialAction\":[{\"@type\":\"SearchAction\",\"target\":{\"@type\":\"EntryPoint\",\"urlTemplate\":\"https:\\\/\\\/hengxingmachinery.com\\\/?s={search_term_string}\"},\"query-input\":{\"@type\":\"PropertyValueSpecification\",\"valueRequired\":true,\"valueName\":\"search_term_string\"}}],\"inLanguage\":\"pt-PT\"},{\"@type\":\"Organization\",\"@id\":\"https:\\\/\\\/hengxingmachinery.com\\\/#organization\",\"name\":\"Hengxing Machinery\",\"url\":\"https:\\\/\\\/hengxingmachinery.com\\\/\",\"logo\":{\"@type\":\"ImageObject\",\"inLanguage\":\"pt-PT\",\"@id\":\"https:\\\/\\\/hengxingmachinery.com\\\/#\\\/schema\\\/logo\\\/image\\\/\",\"url\":\"https:\\\/\\\/hengxingmachinery.com\\\/wp-content\\\/uploads\\\/2024\\\/12\\\/logo.png\",\"contentUrl\":\"https:\\\/\\\/hengxingmachinery.com\\\/wp-content\\\/uploads\\\/2024\\\/12\\\/logo.png\",\"width\":400,\"height\":260,\"caption\":\"Hengxing Machinery\"},\"image\":{\"@id\":\"https:\\\/\\\/hengxingmachinery.com\\\/#\\\/schema\\\/logo\\\/image\\\/\"}}]}<\/script>\n<!-- \/ Yoast SEO plugin. -->","yoast_head_json":{"title":"3-1. Moinho de bolas a seco - Hengxing Machinery","robots":{"index":"index","follow":"follow","max-snippet":"max-snippet:-1","max-image-preview":"max-image-preview:large","max-video-preview":"max-video-preview:-1"},"canonical":"https:\/\/hengxingmachinery.com\/pt\/dry-ball-mill\/","og_locale":"pt_PT","og_type":"article","og_title":"3-1. Dry ball mill - Hengxing Machinery","og_description":"Dry ball mill Features of dry ball mill 1. Good grinding effect The equipment optimizes the aspect ratio to prevent excessive grinding and achieve a better grinding effect; in addition, the opening rate of its grate plate is optimized the opening design is adopted, and the use of smaller grinding media can improve the grinding ... Ler mais","og_url":"https:\/\/hengxingmachinery.com\/pt\/dry-ball-mill\/","og_site_name":"Hengxing Machinery","article_modified_time":"2025-01-13T09:31:11+00:00","og_image":[{"url":"https:\/\/hengxingmachinery.com\/wp-content\/uploads\/2025\/01\/dry-ball-mill-for-sale.jpg","type":"","width":"","height":""}],"twitter_card":"summary_large_image","twitter_misc":{"Tempo estimado de leitura":"5 minutos"},"schema":{"@context":"https:\/\/schema.org","@graph":[{"@type":"WebPage","@id":"https:\/\/hengxingmachinery.com\/dry-ball-mill\/","url":"https:\/\/hengxingmachinery.com\/dry-ball-mill\/","name":"3-1. Moinho de bolas a seco - Hengxing Machinery","isPartOf":{"@id":"https:\/\/hengxingmachinery.com\/#website"},"primaryImageOfPage":{"@id":"https:\/\/hengxingmachinery.com\/dry-ball-mill\/#primaryimage"},"image":{"@id":"https:\/\/hengxingmachinery.com\/dry-ball-mill\/#primaryimage"},"thumbnailUrl":"https:\/\/hengxingmachinery.com\/wp-content\/uploads\/2025\/01\/dry-ball-mill-for-sale.jpg","datePublished":"2025-01-10T07:07:05+00:00","dateModified":"2025-01-13T09:31:11+00:00","breadcrumb":{"@id":"https:\/\/hengxingmachinery.com\/dry-ball-mill\/#breadcrumb"},"inLanguage":"pt-PT","potentialAction":[{"@type":"ReadAction","target":["https:\/\/hengxingmachinery.com\/dry-ball-mill\/"]}]},{"@type":"ImageObject","inLanguage":"pt-PT","@id":"https:\/\/hengxingmachinery.com\/dry-ball-mill\/#primaryimage","url":"https:\/\/hengxingmachinery.com\/wp-content\/uploads\/2025\/01\/dry-ball-mill-for-sale.jpg","contentUrl":"https:\/\/hengxingmachinery.com\/wp-content\/uploads\/2025\/01\/dry-ball-mill-for-sale.jpg"},{"@type":"BreadcrumbList","@id":"https:\/\/hengxingmachinery.com\/dry-ball-mill\/#breadcrumb","itemListElement":[{"@type":"ListItem","position":1,"name":"Home","item":"https:\/\/hengxingmachinery.com\/"},{"@type":"ListItem","position":2,"name":"3-1. Dry ball mill"}]},{"@type":"WebSite","@id":"https:\/\/hengxingmachinery.com\/#website","url":"https:\/\/hengxingmachinery.com\/","name":"M\u00e1quinas Hengxing","description":"Fabricante l\u00edder de todos os tipos de m\u00e1quinas de minera\u00e7\u00e3o","publisher":{"@id":"https:\/\/hengxingmachinery.com\/#organization"},"potentialAction":[{"@type":"SearchAction","target":{"@type":"EntryPoint","urlTemplate":"https:\/\/hengxingmachinery.com\/?s={search_term_string}"},"query-input":{"@type":"PropertyValueSpecification","valueRequired":true,"valueName":"search_term_string"}}],"inLanguage":"pt-PT"},{"@type":"Organization","@id":"https:\/\/hengxingmachinery.com\/#organization","name":"M\u00e1quinas Hengxing","url":"https:\/\/hengxingmachinery.com\/","logo":{"@type":"ImageObject","inLanguage":"pt-PT","@id":"https:\/\/hengxingmachinery.com\/#\/schema\/logo\/image\/","url":"https:\/\/hengxingmachinery.com\/wp-content\/uploads\/2024\/12\/logo.png","contentUrl":"https:\/\/hengxingmachinery.com\/wp-content\/uploads\/2024\/12\/logo.png","width":400,"height":260,"caption":"Hengxing Machinery"},"image":{"@id":"https:\/\/hengxingmachinery.com\/#\/schema\/logo\/image\/"}}]}},"_links":{"self":[{"href":"https:\/\/hengxingmachinery.com\/pt\/wp-json\/wp\/v2\/pages\/1389","targetHints":{"allow":["GET"]}}],"collection":[{"href":"https:\/\/hengxingmachinery.com\/pt\/wp-json\/wp\/v2\/pages"}],"about":[{"href":"https:\/\/hengxingmachinery.com\/pt\/wp-json\/wp\/v2\/types\/page"}],"author":[{"embeddable":true,"href":"https:\/\/hengxingmachinery.com\/pt\/wp-json\/wp\/v2\/users\/1"}],"replies":[{"embeddable":true,"href":"https:\/\/hengxingmachinery.com\/pt\/wp-json\/wp\/v2\/comments?post=1389"}],"version-history":[{"count":2,"href":"https:\/\/hengxingmachinery.com\/pt\/wp-json\/wp\/v2\/pages\/1389\/revisions"}],"predecessor-version":[{"id":1584,"href":"https:\/\/hengxingmachinery.com\/pt\/wp-json\/wp\/v2\/pages\/1389\/revisions\/1584"}],"wp:attachment":[{"href":"https:\/\/hengxingmachinery.com\/pt\/wp-json\/wp\/v2\/media?parent=1389"}],"curies":[{"name":"wp","href":"https:\/\/api.w.org\/{rel}","templated":true}]}}