{"id":1405,"date":"2025-01-10T07:16:04","date_gmt":"2025-01-10T07:16:04","guid":{"rendered":"https:\/\/hengxingmachinery.com\/?page_id=1405"},"modified":"2025-02-11T04:04:17","modified_gmt":"2025-02-11T04:04:17","slug":"grate-ball-mills","status":"publish","type":"page","link":"https:\/\/hengxingmachinery.com\/pt\/grate-ball-mills\/","title":{"rendered":"3-1. Moinho de bolas de grade"},"content":{"rendered":"<div class=\"gb-container gb-container-45165f5a\">\n<div class=\"gb-container gb-container-c2652eb4\">\n\n<h1 class=\"gb-headline gb-headline-62a8b2cc gb-headline-text\">Moinho de bolas de grelha<\/h1>\n\n<\/div>\n<\/div>\n\n<div class=\"gb-container gb-container-519cf624\">\n<div class=\"gb-container gb-container-71ca071e\">\n<div class=\"gb-grid-wrapper gb-grid-wrapper-8a5f0688\">\n<div class=\"gb-grid-column gb-grid-column-1e99b1c2\"><div class=\"gb-container gb-container-1e99b1c2\">\n\n<figure class=\"gb-block-image gb-block-image-e4eaba54\"><img decoding=\"async\" width=\"665\" height=\"545\" class=\"gb-image gb-image-e4eaba54\" src=\"https:\/\/hengxingmachinery.com\/wp-content\/uploads\/2025\/01\/grate-ball-mill-for-sale.jpg\" alt=\"\" title=\"moinho-de-bolas-com-grelha-para-venda\" srcset=\"https:\/\/hengxingmachinery.com\/wp-content\/uploads\/2025\/01\/grate-ball-mill-for-sale.jpg 665w, https:\/\/hengxingmachinery.com\/wp-content\/uploads\/2025\/01\/grate-ball-mill-for-sale-300x246.jpg 300w, https:\/\/hengxingmachinery.com\/wp-content\/uploads\/2025\/01\/grate-ball-mill-for-sale-15x12.jpg 15w\" sizes=\"(max-width: 665px) 100vw, 665px\" \/><\/figure>\n\n<\/div><\/div>\n\n<div class=\"gb-grid-column gb-grid-column-bcae065b\"><div class=\"gb-container gb-container-bcae065b\">\n\n<p>O moinho de bolas de grade (ou moinho de bolas com grelha) \u00e9 geralmente utilizado para moagem em est\u00e1gio \u00fanico ou para min\u00e9rios com for\u00e7a de moagem relativamente grossa, devido \u00e0 grade de descarga na extremidade de sa\u00edda.<\/p>\n\n\n\n<p>Os moinhos de bolas de grade tamb\u00e9m s\u00e3o divididos em moinhos de bolas de grade \u00famidos e moinhos de bolas de grade secos.<\/p>\n\n\n<div class=\"gb-grid-wrapper gb-grid-wrapper-eebec76e\">\n<div class=\"gb-grid-column gb-grid-column-e3ada2f0\"><div class=\"gb-container gb-container-e3ada2f0\">\n\n<p class=\"gb-headline gb-headline-4c79a90a gb-headline-text\"><mark style=\"background-color:rgba(0, 0, 0, 0)\" class=\"has-inline-color has-global-color-8-color\"><strong>Capacidade:<\/strong><\/mark> 0,65-90t\/h<\/p>\n\n<\/div><\/div>\n\n<div class=\"gb-grid-column gb-grid-column-0bb00826\"><div class=\"gb-container gb-container-0bb00826\">\n\n<p class=\"gb-headline gb-headline-86d53f56 gb-headline-text\"><mark style=\"background-color:rgba(0, 0, 0, 0)\" class=\"has-inline-color has-global-color-8-color\"><strong>Tamanho de descarga:<\/strong><\/mark> 0,075\u20130,4 mm<\/p>\n\n<\/div><\/div>\n<\/div>\n\n\n<p class=\"gb-headline gb-headline-2750f5a7 gb-headline-text\"><strong>Tamanho da alimenta\u00e7\u00e3o:<\/strong><\/p>\n\n\n\n<p class=\"gb-headline gb-headline-28231626 gb-headline-text\">\u226420mm-\u226425mm<\/p>\n\n\n<div class=\"gb-container gb-container-256e15f1\">\n\n<a class=\"gb-button gb-button-e8b73d89 gb-button-text\" href=\"#popmake-622\">Obtenha uma cota\u00e7\u00e3o gratuita agora<\/a>\n\n<\/div>\n<\/div><\/div>\n<\/div>\n<\/div>\n<\/div>\n\n<div class=\"gb-container gb-container-118270fb\">\n<div class=\"gb-container gb-container-3b1e5c86\">\n\n<h2 class=\"gb-headline gb-headline-4183a533 gb-headline-text\">Princ\u00edpio de funcionamento do moinho de bolas com grelha<\/h2>\n\n\n\n<figure class=\"gb-block-image gb-block-image-68116685\"><img decoding=\"async\" width=\"920\" height=\"420\" class=\"gb-image gb-image-68116685\" src=\"https:\/\/hengxingmachinery.com\/wp-content\/uploads\/2025\/01\/grate-ball-mill-feature.jpg\" alt=\"\" title=\"caracteristicas-do-moinho-de-bolas-com-grelha\" srcset=\"https:\/\/hengxingmachinery.com\/wp-content\/uploads\/2025\/01\/grate-ball-mill-feature.jpg 920w, https:\/\/hengxingmachinery.com\/wp-content\/uploads\/2025\/01\/grate-ball-mill-feature-300x137.jpg 300w, https:\/\/hengxingmachinery.com\/wp-content\/uploads\/2025\/01\/grate-ball-mill-feature-768x351.jpg 768w, https:\/\/hengxingmachinery.com\/wp-content\/uploads\/2025\/01\/grate-ball-mill-feature-18x8.jpg 18w\" sizes=\"(max-width: 920px) 100vw, 920px\" \/><\/figure>\n\n\n\n<p>O princ\u00edpio de funcionamento do moinho de bolas de grade consiste principalmente em faz\u00ea-lo girar lentamente por meio de um dispositivo de transmiss\u00e3o, enquanto o material \u00e9 alimentado pela extremidade de entrada do cilindro. O material \u00e9 fragmentado no interior do cilindro devido ao impacto e \u00e0 automoagem proporcionados pelas bolas de a\u00e7o e pelo pr\u00f3prio min\u00e9rio. <\/p>\n\n\n\n<p>Devido \u00e0 alimenta\u00e7\u00e3o cont\u00ednua de material, a press\u00e3o faz com que o material no cilindro se desloque da extremidade de alimenta\u00e7\u00e3o para a extremidade de descarga. O material que atinge o tamanho final do produto \u00e9 descarregado pela extremidade de sa\u00edda do cilindro. <\/p>\n\n\n\n<p>Durante a moagem \u00famida, o material \u00e9 transportado pelo fluxo de \u00e1gua; durante a moagem seca, o material \u00e9 transportado pelo fluxo de ar. O moinho de bolas possui uma grade de descarga na extremidade de sa\u00edda. O moinho de bolas utiliza a placa de grade para descarregar o min\u00e9rio de forma for\u00e7ada. O n\u00edvel da polpa no cilindro \u00e9 baixo, o que reduz a moagem excessiva do min\u00e9rio e evita a descarga das bolas de a\u00e7o.<\/p>\n\n\n<div class=\"gb-container gb-container-73594bdb\">\n\n<a class=\"gb-button gb-button-ec632b07 gb-button-text\" href=\"#popmake-622\">Obtenha uma cota\u00e7\u00e3o gratuita agora<\/a>\n\n<\/div>\n<\/div>\n<\/div>\n\n<div class=\"gb-container gb-container-435ad261\">\n<div class=\"gb-container gb-container-7dc79cc4\">\n\n<h2 class=\"gb-headline gb-headline-6fe5dee2 gb-headline-text\">Especifica\u00e7\u00f5es do moinho de bolas de grade<\/h2>\n\n\n\n<figure class=\"wp-block-table is-style-stripes\"><table class=\"has-fixed-layout\"><tbody><tr><td><strong>Modelo<\/strong><\/td><td><strong>Tamanho de alimenta\u00e7\u00e3o<br>(mil\u00edmetros)<\/strong><\/td><td><strong>Tamanho de descarga<br>(mil\u00edmetros)<\/strong><\/td><td><strong>Capacidade<br>(t)<\/strong><\/td><td><strong>Pot\u00eancia do motor<br>(kW)<\/strong><\/td><td><strong>Peso Total<br>(t)<\/strong><\/td><\/tr><tr><td>\u03c6 900\u00d71800<\/td><td>\u226420<\/td><td>0.075-0.89<\/td><td>0.65-2<\/td><td>18.5<\/td><td>5.8<\/td><\/tr><tr><td>\u03c6 900\u00d73000<\/td><td>\u226420<\/td><td>0.075-0.89<\/td><td>1.1-3.5<\/td><td>22<\/td><td>6.8<\/td><\/tr><tr><td>\u03c6 1200\u00d72400<\/td><td>\u226425<\/td><td>0.075-0.6<\/td><td>1.5-4.8<\/td><td>30<\/td><td>12<\/td><\/tr><tr><td>\u03c6 1200\u00d73000<\/td><td>\u226425<\/td><td>0.074-0.4<\/td><td>1.6-5<\/td><td>37<\/td><td>13.2<\/td><\/tr><tr><td>\u03c6 1200\u00d74500<\/td><td>\u226425<\/td><td>0.074-0.4<\/td><td>1.6-5.8<\/td><td>55<\/td><td>13.7<\/td><\/tr><tr><td>\u03c6 1500\u00d73000<\/td><td>\u226425<\/td><td>0.074-0.4<\/td><td>2-5<\/td><td>75<\/td><td>16.5<\/td><\/tr><tr><td>\u03c6 1500\u00d74500<\/td><td>\u226425<\/td><td>0.074-0.4<\/td><td>3-6<\/td><td>110<\/td><td>21<\/td><\/tr><tr><td>\u03c6 1500\u00d75700<\/td><td>\u226425<\/td><td>0.074-0.4<\/td><td>3.5-6<\/td><td>130<\/td><td>24.7<\/td><\/tr><tr><td>\u03c6 1830\u00d73000<\/td><td>\u226425<\/td><td>0.074-0.4<\/td><td>4-10<\/td><td>130<\/td><td>34.5<\/td><\/tr><tr><td>\u03c6 1830\u00d74500<\/td><td>\u226425<\/td><td>0.074-0.4<\/td><td>4.5-12<\/td><td>155<\/td><td>38<\/td><\/tr><tr><td>\u03c6 1830\u00d76400<\/td><td>\u226425<\/td><td>0.074-0.4<\/td><td>6.5-15<\/td><td>210<\/td><td>46<\/td><\/tr><tr><td>\u03c6 1830\u00d77000<\/td><td>\u226425<\/td><td>0.074-0.4<\/td><td>7.5-17<\/td><td>245<\/td><td>49<\/td><\/tr><tr><td>\u03c6 2100\u00d73000<\/td><td>\u226425<\/td><td>0.074-0.4<\/td><td>6.5-36<\/td><td>155<\/td><td>48<\/td><\/tr><tr><td>\u03c6 2100\u00d74500<\/td><td>\u226425<\/td><td>0.074-0.4<\/td><td>8-43<\/td><td>245<\/td><td>59<\/td><\/tr><tr><td>\u03c6 2100\u00d77000<\/td><td>\u226425<\/td><td>0.074-0.4<\/td><td>8-48<\/td><td>280<\/td><td>67.5<\/td><\/tr><tr><td>\u03c6 2200\u00d74500<\/td><td>\u226425<\/td><td>0.074-0.4<\/td><td>9-45<\/td><td>280<\/td><td>58<\/td><\/tr><tr><td>\u03c6 2200\u00d76500<\/td><td>\u226425<\/td><td>0.074-0.4<\/td><td>14-26<\/td><td>380<\/td><td>63<\/td><\/tr><tr><td>\u03c6 2200\u00d77000<\/td><td>\u226425<\/td><td>0.074-0.4<\/td><td>15-28<\/td><td>380<\/td><td>65.3<\/td><\/tr><tr><td>\u03c6 2200\u00d77500<\/td><td>\u226425<\/td><td>0.074-0.4<\/td><td>15-30<\/td><td>380<\/td><td>66.5<\/td><\/tr><tr><td>\u03c6 2400\u00d73000<\/td><td>\u226425<\/td><td>0.074-0.4<\/td><td>7-50<\/td><td>245<\/td><td>65<\/td><\/tr><tr><td>\u03c6 2400\u00d74500<\/td><td>\u226425<\/td><td>0.074-0.4<\/td><td>8.5-60<\/td><td>320<\/td><td>70<\/td><\/tr><tr><td>\u03c6 2700\u00d74000<\/td><td>\u226425<\/td><td>0.074-0.4<\/td><td>12-80<\/td><td>400<\/td><td>92<\/td><\/tr><tr><td>\u03c6 2700\u00d74500<\/td><td>\u226425<\/td><td>0.074-0.4<\/td><td>12-90<\/td><td>430<\/td><td>102<\/td><\/tr><tr><td>\u03c6 3200\u00d74500<\/td><td>\u226425<\/td><td>0.074-0.4<\/td><td>Determinado pelo processo tecnol\u00f3gico<\/td><td>600<\/td><td>137<\/td><\/tr><tr><td>\u03c6 3600\u00d74500<\/td><td>\u226425<\/td><td>0.074-0.4<\/td><td>Determinado pelo processo tecnol\u00f3gico<\/td><td>850<\/td><td>158<\/td><\/tr><tr><td>\u03c63600\u00d76000<\/td><td>\u226425<\/td><td>0.074-0.4<\/td><td>Determinado pelo processo tecnol\u00f3gico<\/td><td>1250<\/td><td>175<\/td><\/tr><\/tbody><\/table><\/figure>\n\n\n<div class=\"gb-container gb-container-263d9700\">\n\n<a class=\"gb-button gb-button-a4cbb7be gb-button-text\" href=\"#popmake-622\">Obtenha uma cota\u00e7\u00e3o gratuita agora<\/a>\n\n<\/div>\n<\/div>\n<\/div>\n\n\n<p><\/p>","protected":false},"excerpt":{"rendered":"<p>Moinho de bolas de grelha Princ\u00edpio de funcionamento do moinho de bolas de grelha O princ\u00edpio de funcionamento do moinho de bolas de grelha consiste principalmente em faz\u00ea-lo girar lentamente por meio de um dispositivo de transmiss\u00e3o, sendo o material alimentado a partir da extremidade de alimenta\u00e7\u00e3o do cilindro. O material \u00e9 fragmentado no interior do cilindro devido ao impacto e \u00e0 autocominui\u00e7\u00e3o das bolas de a\u00e7o\u2026 <\/p>\n<p class=\"read-more-container\"><a title=\"3-1. Moinho de bolas de grade\" class=\"read-more button\" href=\"https:\/\/hengxingmachinery.com\/pt\/grate-ball-mills\/#more-1405\" aria-label=\"Leia mais sobre 3-1. Moinho de bolas de grelha\">Ler mais<\/a><\/p>","protected":false},"author":1,"featured_media":0,"parent":0,"menu_order":0,"comment_status":"closed","ping_status":"closed","template":"","meta":{"footnotes":""},"class_list":["post-1405","page","type-page","status-publish"],"yoast_head":"<!-- This site is optimized with the Yoast SEO plugin v27.4 - https:\/\/yoast.com\/product\/yoast-seo-wordpress\/ -->\n<title>3-1. Grate ball mill - Hengxing Machinery<\/title>\n<meta name=\"robots\" content=\"index, follow, max-snippet:-1, max-image-preview:large, max-video-preview:-1\" \/>\n<link rel=\"canonical\" href=\"https:\/\/hengxingmachinery.com\/pt\/grate-ball-mills\/\" \/>\n<meta property=\"og:locale\" content=\"pt_PT\" \/>\n<meta property=\"og:type\" content=\"article\" \/>\n<meta property=\"og:title\" content=\"3-1. Grate ball mill - Hengxing Machinery\" \/>\n<meta property=\"og:description\" content=\"Grate ball mill Grate ball mill working principle The working principle of the grid ball mill is mainly to make it slowly rotate through the transmission device, and the material is fed from the feeding end of the cylinder. The material is crushed in the cylinder due to the impact and self-grinding of the steel ... Ler mais\" \/>\n<meta property=\"og:url\" content=\"https:\/\/hengxingmachinery.com\/pt\/grate-ball-mills\/\" \/>\n<meta property=\"og:site_name\" content=\"Hengxing Machinery\" \/>\n<meta property=\"article:modified_time\" content=\"2025-02-11T04:04:17+00:00\" \/>\n<meta property=\"og:image\" content=\"https:\/\/hengxingmachinery.com\/wp-content\/uploads\/2025\/01\/grate-ball-mill-for-sale.jpg\" \/>\n<meta name=\"twitter:card\" content=\"summary_large_image\" \/>\n<meta name=\"twitter:label1\" content=\"Tempo estimado de leitura\" \/>\n\t<meta name=\"twitter:data1\" content=\"3 minutos\" \/>\n<script type=\"application\/ld+json\" class=\"yoast-schema-graph\">{\"@context\":\"https:\\\/\\\/schema.org\",\"@graph\":[{\"@type\":\"WebPage\",\"@id\":\"https:\\\/\\\/hengxingmachinery.com\\\/grate-ball-mills\\\/\",\"url\":\"https:\\\/\\\/hengxingmachinery.com\\\/grate-ball-mills\\\/\",\"name\":\"3-1. Grate ball mill - Hengxing Machinery\",\"isPartOf\":{\"@id\":\"https:\\\/\\\/hengxingmachinery.com\\\/#website\"},\"primaryImageOfPage\":{\"@id\":\"https:\\\/\\\/hengxingmachinery.com\\\/grate-ball-mills\\\/#primaryimage\"},\"image\":{\"@id\":\"https:\\\/\\\/hengxingmachinery.com\\\/grate-ball-mills\\\/#primaryimage\"},\"thumbnailUrl\":\"https:\\\/\\\/hengxingmachinery.com\\\/wp-content\\\/uploads\\\/2025\\\/01\\\/grate-ball-mill-for-sale.jpg\",\"datePublished\":\"2025-01-10T07:16:04+00:00\",\"dateModified\":\"2025-02-11T04:04:17+00:00\",\"breadcrumb\":{\"@id\":\"https:\\\/\\\/hengxingmachinery.com\\\/grate-ball-mills\\\/#breadcrumb\"},\"inLanguage\":\"pt-PT\",\"potentialAction\":[{\"@type\":\"ReadAction\",\"target\":[\"https:\\\/\\\/hengxingmachinery.com\\\/grate-ball-mills\\\/\"]}]},{\"@type\":\"ImageObject\",\"inLanguage\":\"pt-PT\",\"@id\":\"https:\\\/\\\/hengxingmachinery.com\\\/grate-ball-mills\\\/#primaryimage\",\"url\":\"https:\\\/\\\/hengxingmachinery.com\\\/wp-content\\\/uploads\\\/2025\\\/01\\\/grate-ball-mill-for-sale.jpg\",\"contentUrl\":\"https:\\\/\\\/hengxingmachinery.com\\\/wp-content\\\/uploads\\\/2025\\\/01\\\/grate-ball-mill-for-sale.jpg\"},{\"@type\":\"BreadcrumbList\",\"@id\":\"https:\\\/\\\/hengxingmachinery.com\\\/grate-ball-mills\\\/#breadcrumb\",\"itemListElement\":[{\"@type\":\"ListItem\",\"position\":1,\"name\":\"Home\",\"item\":\"https:\\\/\\\/hengxingmachinery.com\\\/\"},{\"@type\":\"ListItem\",\"position\":2,\"name\":\"3-1. Grate ball mill\"}]},{\"@type\":\"WebSite\",\"@id\":\"https:\\\/\\\/hengxingmachinery.com\\\/#website\",\"url\":\"https:\\\/\\\/hengxingmachinery.com\\\/\",\"name\":\"Hengxing Machinery\",\"description\":\"Leading Manufacturer of All Sorts of Mining Machinery\",\"publisher\":{\"@id\":\"https:\\\/\\\/hengxingmachinery.com\\\/#organization\"},\"potentialAction\":[{\"@type\":\"SearchAction\",\"target\":{\"@type\":\"EntryPoint\",\"urlTemplate\":\"https:\\\/\\\/hengxingmachinery.com\\\/?s={search_term_string}\"},\"query-input\":{\"@type\":\"PropertyValueSpecification\",\"valueRequired\":true,\"valueName\":\"search_term_string\"}}],\"inLanguage\":\"pt-PT\"},{\"@type\":\"Organization\",\"@id\":\"https:\\\/\\\/hengxingmachinery.com\\\/#organization\",\"name\":\"Hengxing Machinery\",\"url\":\"https:\\\/\\\/hengxingmachinery.com\\\/\",\"logo\":{\"@type\":\"ImageObject\",\"inLanguage\":\"pt-PT\",\"@id\":\"https:\\\/\\\/hengxingmachinery.com\\\/#\\\/schema\\\/logo\\\/image\\\/\",\"url\":\"https:\\\/\\\/hengxingmachinery.com\\\/wp-content\\\/uploads\\\/2024\\\/12\\\/logo.png\",\"contentUrl\":\"https:\\\/\\\/hengxingmachinery.com\\\/wp-content\\\/uploads\\\/2024\\\/12\\\/logo.png\",\"width\":400,\"height\":260,\"caption\":\"Hengxing Machinery\"},\"image\":{\"@id\":\"https:\\\/\\\/hengxingmachinery.com\\\/#\\\/schema\\\/logo\\\/image\\\/\"}}]}<\/script>\n<!-- \/ Yoast SEO plugin. -->","yoast_head_json":{"title":"3-1. Moinho de bolas de grade - Hengxing Machinery","robots":{"index":"index","follow":"follow","max-snippet":"max-snippet:-1","max-image-preview":"max-image-preview:large","max-video-preview":"max-video-preview:-1"},"canonical":"https:\/\/hengxingmachinery.com\/pt\/grate-ball-mills\/","og_locale":"pt_PT","og_type":"article","og_title":"3-1. Grate ball mill - Hengxing Machinery","og_description":"Grate ball mill Grate ball mill working principle The working principle of the grid ball mill is mainly to make it slowly rotate through the transmission device, and the material is fed from the feeding end of the cylinder. The material is crushed in the cylinder due to the impact and self-grinding of the steel ... Ler mais","og_url":"https:\/\/hengxingmachinery.com\/pt\/grate-ball-mills\/","og_site_name":"Hengxing Machinery","article_modified_time":"2025-02-11T04:04:17+00:00","og_image":[{"url":"https:\/\/hengxingmachinery.com\/wp-content\/uploads\/2025\/01\/grate-ball-mill-for-sale.jpg","type":"","width":"","height":""}],"twitter_card":"summary_large_image","twitter_misc":{"Tempo estimado de leitura":"3 minutos"},"schema":{"@context":"https:\/\/schema.org","@graph":[{"@type":"WebPage","@id":"https:\/\/hengxingmachinery.com\/grate-ball-mills\/","url":"https:\/\/hengxingmachinery.com\/grate-ball-mills\/","name":"3-1. Moinho de bolas de grade - Hengxing Machinery","isPartOf":{"@id":"https:\/\/hengxingmachinery.com\/#website"},"primaryImageOfPage":{"@id":"https:\/\/hengxingmachinery.com\/grate-ball-mills\/#primaryimage"},"image":{"@id":"https:\/\/hengxingmachinery.com\/grate-ball-mills\/#primaryimage"},"thumbnailUrl":"https:\/\/hengxingmachinery.com\/wp-content\/uploads\/2025\/01\/grate-ball-mill-for-sale.jpg","datePublished":"2025-01-10T07:16:04+00:00","dateModified":"2025-02-11T04:04:17+00:00","breadcrumb":{"@id":"https:\/\/hengxingmachinery.com\/grate-ball-mills\/#breadcrumb"},"inLanguage":"pt-PT","potentialAction":[{"@type":"ReadAction","target":["https:\/\/hengxingmachinery.com\/grate-ball-mills\/"]}]},{"@type":"ImageObject","inLanguage":"pt-PT","@id":"https:\/\/hengxingmachinery.com\/grate-ball-mills\/#primaryimage","url":"https:\/\/hengxingmachinery.com\/wp-content\/uploads\/2025\/01\/grate-ball-mill-for-sale.jpg","contentUrl":"https:\/\/hengxingmachinery.com\/wp-content\/uploads\/2025\/01\/grate-ball-mill-for-sale.jpg"},{"@type":"BreadcrumbList","@id":"https:\/\/hengxingmachinery.com\/grate-ball-mills\/#breadcrumb","itemListElement":[{"@type":"ListItem","position":1,"name":"Home","item":"https:\/\/hengxingmachinery.com\/"},{"@type":"ListItem","position":2,"name":"3-1. Grate ball mill"}]},{"@type":"WebSite","@id":"https:\/\/hengxingmachinery.com\/#website","url":"https:\/\/hengxingmachinery.com\/","name":"M\u00e1quinas Hengxing","description":"Fabricante l\u00edder de todos os tipos de m\u00e1quinas de minera\u00e7\u00e3o","publisher":{"@id":"https:\/\/hengxingmachinery.com\/#organization"},"potentialAction":[{"@type":"SearchAction","target":{"@type":"EntryPoint","urlTemplate":"https:\/\/hengxingmachinery.com\/?s={search_term_string}"},"query-input":{"@type":"PropertyValueSpecification","valueRequired":true,"valueName":"search_term_string"}}],"inLanguage":"pt-PT"},{"@type":"Organization","@id":"https:\/\/hengxingmachinery.com\/#organization","name":"M\u00e1quinas Hengxing","url":"https:\/\/hengxingmachinery.com\/","logo":{"@type":"ImageObject","inLanguage":"pt-PT","@id":"https:\/\/hengxingmachinery.com\/#\/schema\/logo\/image\/","url":"https:\/\/hengxingmachinery.com\/wp-content\/uploads\/2024\/12\/logo.png","contentUrl":"https:\/\/hengxingmachinery.com\/wp-content\/uploads\/2024\/12\/logo.png","width":400,"height":260,"caption":"Hengxing Machinery"},"image":{"@id":"https:\/\/hengxingmachinery.com\/#\/schema\/logo\/image\/"}}]}},"_links":{"self":[{"href":"https:\/\/hengxingmachinery.com\/pt\/wp-json\/wp\/v2\/pages\/1405","targetHints":{"allow":["GET"]}}],"collection":[{"href":"https:\/\/hengxingmachinery.com\/pt\/wp-json\/wp\/v2\/pages"}],"about":[{"href":"https:\/\/hengxingmachinery.com\/pt\/wp-json\/wp\/v2\/types\/page"}],"author":[{"embeddable":true,"href":"https:\/\/hengxingmachinery.com\/pt\/wp-json\/wp\/v2\/users\/1"}],"replies":[{"embeddable":true,"href":"https:\/\/hengxingmachinery.com\/pt\/wp-json\/wp\/v2\/comments?post=1405"}],"version-history":[{"count":4,"href":"https:\/\/hengxingmachinery.com\/pt\/wp-json\/wp\/v2\/pages\/1405\/revisions"}],"predecessor-version":[{"id":1878,"href":"https:\/\/hengxingmachinery.com\/pt\/wp-json\/wp\/v2\/pages\/1405\/revisions\/1878"}],"wp:attachment":[{"href":"https:\/\/hengxingmachinery.com\/pt\/wp-json\/wp\/v2\/media?parent=1405"}],"curies":[{"name":"wp","href":"https:\/\/api.w.org\/{rel}","templated":true}]}}