{"id":1423,"date":"2025-01-10T08:21:44","date_gmt":"2025-01-10T08:21:44","guid":{"rendered":"https:\/\/hengxingmachinery.com\/?page_id=1423"},"modified":"2025-01-13T09:32:48","modified_gmt":"2025-01-13T09:32:48","slug":"rod-mill","status":"publish","type":"page","link":"https:\/\/hengxingmachinery.com\/pt\/rod-mill\/","title":{"rendered":"3-1. Moinho de barras"},"content":{"rendered":"<div class=\"gb-container gb-container-45165f5a\">\n<div class=\"gb-container gb-container-c2652eb4\">\n\n<h1 class=\"gb-headline gb-headline-62a8b2cc gb-headline-text\">Moinho de hastes<\/h1>\n\n<\/div>\n<\/div>\n\n<div class=\"gb-container gb-container-519cf624\">\n<div class=\"gb-container gb-container-71ca071e\">\n<div class=\"gb-grid-wrapper gb-grid-wrapper-8a5f0688\">\n<div class=\"gb-grid-column gb-grid-column-1e99b1c2\"><div class=\"gb-container gb-container-1e99b1c2\">\n\n<figure class=\"gb-block-image gb-block-image-e4eaba54\"><img decoding=\"async\" width=\"665\" height=\"545\" class=\"gb-image gb-image-e4eaba54\" src=\"https:\/\/hengxingmachinery.com\/wp-content\/uploads\/2025\/01\/rod-mill-for-sale.jpg\" alt=\"\" title=\"moinho-de-barras-a-venda\" srcset=\"https:\/\/hengxingmachinery.com\/wp-content\/uploads\/2025\/01\/rod-mill-for-sale.jpg 665w, https:\/\/hengxingmachinery.com\/wp-content\/uploads\/2025\/01\/rod-mill-for-sale-300x246.jpg 300w, https:\/\/hengxingmachinery.com\/wp-content\/uploads\/2025\/01\/rod-mill-for-sale-15x12.jpg 15w\" sizes=\"(max-width: 665px) 100vw, 665px\" \/><\/figure>\n\n<\/div><\/div>\n\n<div class=\"gb-grid-column gb-grid-column-bcae065b\"><div class=\"gb-container gb-container-bcae065b\">\n\n<p class=\"gb-headline gb-headline-e419680e gb-headline-text\">O moinho de barras recebe esse nome porque o corpo de moagem carregado no cilindro \u00e9 uma barra de a\u00e7o. O moinho de barras geralmente \u00e9 do tipo \u00famido por transbordamento e pode ser utilizado como moagem em circuito aberto de primeiro est\u00e1gio. \u00c9 amplamente utilizado em minas met\u00e1licas e n\u00e3o met\u00e1licas, bem como nos setores de conserva\u00e7\u00e3o de \u00e1gua e materiais de constru\u00e7\u00e3o, para moer diversos min\u00e9rios ou rochas. <\/p>\n\n\n<div class=\"gb-grid-wrapper gb-grid-wrapper-eebec76e\">\n<div class=\"gb-grid-column gb-grid-column-e3ada2f0\"><div class=\"gb-container gb-container-e3ada2f0\">\n\n<p class=\"gb-headline gb-headline-4c79a90a gb-headline-text\"><mark style=\"background-color:rgba(0, 0, 0, 0)\" class=\"has-inline-color has-global-color-8-color\"><strong>Tamanho da sa\u00edda:<\/strong><\/mark> 0,833-0,147 mm<\/p>\n\n<\/div><\/div>\n\n<div class=\"gb-grid-column gb-grid-column-0bb00826\"><div class=\"gb-container gb-container-0bb00826\">\n\n<p class=\"gb-headline gb-headline-86d53f56 gb-headline-text\"><mark style=\"background-color:rgba(0, 0, 0, 0)\" class=\"has-inline-color has-global-color-8-color\"><strong>Tamanho da alimenta\u00e7\u00e3o:<\/strong><\/mark> \u226425-\u226450 mm<\/p>\n\n<\/div><\/div>\n<\/div>\n\n\n<p class=\"gb-headline gb-headline-2750f5a7 gb-headline-text\"><strong>Aplica\u00e7\u00e3o:<\/strong><\/p>\n\n\n\n<p class=\"gb-headline gb-headline-28231626 gb-headline-text\">Amplamente utilizado para fabrica\u00e7\u00e3o de areia artificial, usinas de beneficiamento de min\u00e9rios e plantas qu\u00edmicas<\/p>\n\n\n<div class=\"gb-container gb-container-256e15f1\">\n\n<a class=\"gb-button gb-button-e8b73d89 gb-button-text\" href=\"#popmake-622\">Obtenha uma cota\u00e7\u00e3o gratuita agora<\/a>\n\n<\/div>\n<\/div><\/div>\n<\/div>\n<\/div>\n<\/div>\n\n<div class=\"gb-container gb-container-ebd718b6\">\n<div class=\"gb-container gb-container-5c75b960\">\n\n<h2 class=\"gb-headline gb-headline-98859344 gb-headline-text\">Uso do moinho de barras e bolas<\/h2>\n\n\n\n<figure class=\"gb-block-image gb-block-image-c486b36e\"><img decoding=\"async\" width=\"920\" height=\"420\" class=\"gb-image gb-image-c486b36e\" src=\"https:\/\/hengxingmachinery.com\/wp-content\/uploads\/2025\/01\/rod-mill-feature.jpg\" alt=\"\" title=\"caracteristica-do-moinho-de-barras\" srcset=\"https:\/\/hengxingmachinery.com\/wp-content\/uploads\/2025\/01\/rod-mill-feature.jpg 920w, https:\/\/hengxingmachinery.com\/wp-content\/uploads\/2025\/01\/rod-mill-feature-300x137.jpg 300w, https:\/\/hengxingmachinery.com\/wp-content\/uploads\/2025\/01\/rod-mill-feature-768x351.jpg 768w, https:\/\/hengxingmachinery.com\/wp-content\/uploads\/2025\/01\/rod-mill-feature-18x8.jpg 18w\" sizes=\"(max-width: 920px) 100vw, 920px\" \/><\/figure>\n\n\n\n<p>1. Nas plantas de separa\u00e7\u00e3o por gravidade ou separa\u00e7\u00e3o magn\u00e9tica de min\u00e9rios de tungst\u00eanio-estanho e outros min\u00e9rios de metais raros, bem como em plantas de areia de quartzo, os moinhos de barras s\u00e3o frequentemente utilizados para evitar os danos causados pela \u201cmoagem excessiva\u201d.<\/p>\n\n\n\n<p>2. Quando \u00e9 utilizada moagem cont\u00ednua em dois est\u00e1gios, se o primeiro est\u00e1gio for de 20-6 mm para 3-1 mm, o uso do moinho de barras como equipamento de moagem de primeiro est\u00e1gio resulta em maior capacidade de produ\u00e7\u00e3o e efici\u00eancia.<\/p>\n\n\n\n<p>3. Em alguns casos, o moinho de barras pode substituir o britador c\u00f4nico de cabe\u00e7a curta para britagem fina.<\/p>\n\n\n<div class=\"gb-container gb-container-d6bbf16a\">\n\n<a class=\"gb-button gb-button-caa3f2bc gb-button-text\" href=\"#popmake-622\">Obtenha uma cota\u00e7\u00e3o gratuita agora<\/a>\n\n<\/div>\n<\/div>\n<\/div>\n\n<div class=\"gb-container gb-container-8d8b4afc\">\n<div class=\"gb-container gb-container-f2c44112\">\n\n<h2 class=\"gb-headline gb-headline-602757fa gb-headline-text\">Caracter\u00edsticas do moinho de barras e bolas<\/h2>\n\n\n\n<figure class=\"gb-block-image gb-block-image-db4c5409\"><img decoding=\"async\" width=\"920\" height=\"420\" class=\"gb-image gb-image-db4c5409\" src=\"https:\/\/hengxingmachinery.com\/wp-content\/uploads\/2025\/01\/rod-mill-usage.jpg\" alt=\"\" title=\"uso-do-moinho-de-barras\" srcset=\"https:\/\/hengxingmachinery.com\/wp-content\/uploads\/2025\/01\/rod-mill-usage.jpg 920w, https:\/\/hengxingmachinery.com\/wp-content\/uploads\/2025\/01\/rod-mill-usage-300x137.jpg 300w, https:\/\/hengxingmachinery.com\/wp-content\/uploads\/2025\/01\/rod-mill-usage-768x351.jpg 768w, https:\/\/hengxingmachinery.com\/wp-content\/uploads\/2025\/01\/rod-mill-usage-18x8.jpg 18w\" sizes=\"(max-width: 920px) 100vw, 920px\" \/><\/figure>\n\n\n\n<p>1. A caracter\u00edstica do moinho de barras \u00e9 que, durante o processo de moagem, o meio de moagem est\u00e1 em contato linear com o min\u00e9rio, proporcionando assim um efeito de moagem seletiva;<\/p>\n\n\n\n<p>2. A granulometria do produto \u00e9 relativamente uniforme, e h\u00e1 poucas part\u00edculas de min\u00e9rio ap\u00f3s a fragmenta\u00e7\u00e3o;<\/p>\n\n\n\n<p>3. Quando utilizado para moagem grosseira, a capacidade de processamento do moinho de barras \u00e9 maior do que a de um moinho de bolas de mesma especifica\u00e7\u00e3o, e vice-versa;<\/p>\n\n\n\n<p>4. Opera\u00e7\u00e3o est\u00e1vel, economia de energia e redu\u00e7\u00e3o de consumo, com alta produ\u00e7\u00e3o.<\/p>\n\n\n<div class=\"gb-container gb-container-63dc3c06\">\n\n<a class=\"gb-button gb-button-a6821353 gb-button-text\" href=\"#popmake-622\">Obtenha uma cota\u00e7\u00e3o gratuita agora<\/a>\n\n<\/div>\n<\/div>\n<\/div>\n\n<div class=\"gb-container gb-container-b24071b3\">\n<div class=\"gb-container gb-container-60584794\">\n\n<h2 class=\"gb-headline gb-headline-5e7d8f8c gb-headline-text\">Princ\u00edpio de funcionamento do moinho de barras<\/h2>\n\n\n\n<figure class=\"gb-block-image gb-block-image-a7119939\"><img decoding=\"async\" width=\"920\" height=\"420\" class=\"gb-image gb-image-a7119939\" src=\"https:\/\/hengxingmachinery.com\/wp-content\/uploads\/2025\/01\/rod-mill-working.jpg\" alt=\"\" title=\"funcionamento-do-moinho-de-barras\" srcset=\"https:\/\/hengxingmachinery.com\/wp-content\/uploads\/2025\/01\/rod-mill-working.jpg 920w, https:\/\/hengxingmachinery.com\/wp-content\/uploads\/2025\/01\/rod-mill-working-300x137.jpg 300w, https:\/\/hengxingmachinery.com\/wp-content\/uploads\/2025\/01\/rod-mill-working-768x351.jpg 768w, https:\/\/hengxingmachinery.com\/wp-content\/uploads\/2025\/01\/rod-mill-working-18x8.jpg 18w\" sizes=\"(max-width: 920px) 100vw, 920px\" \/><\/figure>\n\n\n\n<p>O moinho de barras \u00e9 acionado pelo motor atrav\u00e9s de um redutor de engrenagens ou por um motor s\u00edncrono de baixa velocidade perif\u00e9rico, ou diretamente por uma grande engrenagem perif\u00e9rica de redu\u00e7\u00e3o, que faz o cilindro girar.<\/p>\n\n\n\n<p>\u00c9 necess\u00e1rio um corpo cil\u00edndrico com meio de moagem adequado, como barras de a\u00e7o. O meio de moagem, sob a a\u00e7\u00e3o da for\u00e7a centr\u00edfuga e do atrito, \u00e9 elevado a uma certa altura e depois lan\u00e7ado para baixo ou escoado. <\/p>\n\n\n\n<p>O material a ser mo\u00eddo \u00e9 alimentado continuamente pela boca de min\u00e9rio para dentro do cilindro, onde \u00e9 fragmentado pelo movimento do meio de moagem e, atrav\u00e9s do transbordamento e da a\u00e7\u00e3o cont\u00ednua, \u00e9 enviado para a pr\u00f3xima se\u00e7\u00e3o de processos.<\/p>\n\n\n<div class=\"gb-container gb-container-1f0dc6f2\">\n\n<a class=\"gb-button gb-button-6c09f29e gb-button-text\" href=\"#popmake-622\">Obtenha uma cota\u00e7\u00e3o gratuita agora<\/a>\n\n<\/div>\n<\/div>\n<\/div>\n\n<div class=\"gb-container gb-container-435ad261\">\n<div class=\"gb-container gb-container-7dc79cc4\">\n\n<h2 class=\"gb-headline gb-headline-6fe5dee2 gb-headline-text\">Especifica\u00e7\u00f5es do moinho de barras<\/h2>\n\n\n\n<figure class=\"wp-block-table is-style-stripes\"><table class=\"has-fixed-layout\"><tbody><tr><td rowspan=\"2\"><strong>Modelo<\/strong><\/td><td colspan=\"2\"><strong>Especifica\u00e7\u00f5es do Tambor (mm)<\/strong><\/td><td rowspan=\"2\"><strong>Velocidade de Rota\u00e7\u00e3o do Tambor\u00a0<br>(rota\u00e7\u00e3o por minuto)<\/strong><\/td><td rowspan=\"2\"><strong>Tamanho de alimenta\u00e7\u00e3o\u00a0<br>(mil\u00edmetros)<\/strong><\/td><td rowspan=\"2\"><strong>Tamanho de descarga\u00a0<br>(mil\u00edmetros)<\/strong><\/td><td rowspan=\"2\"><strong>Capacidade de processamento\u00a0<br>(t\/h)<\/strong><\/td><td rowspan=\"2\"><strong>Poder<br>(kW)<\/strong><\/td><td rowspan=\"2\"><strong>Peso total\u00a0<br>(t)<\/strong><\/td><\/tr><tr><td><strong>Di\u00e2metro<\/strong><\/td><td><strong>Comprimento<\/strong><\/td><\/tr><tr><td>MBS0918<\/td><td>900<\/td><td>1800<\/td><td>36-38<\/td><td>\u226425<\/td><td>0.833-0.147<\/td><td>0.62-3.2<\/td><td>18.5<\/td><td>5.9<\/td><\/tr><tr><td>MBS0924<\/td><td>900<\/td><td>2400<\/td><td>36<\/td><td>\u226425<\/td><td>0.833-0.147<\/td><td>0.81-4.3<\/td><td>22<\/td><td>6.7<\/td><\/tr><tr><td>MBS1224<\/td><td>1200<\/td><td>2400<\/td><td>36<\/td><td>\u226425<\/td><td>0.833-0.147<\/td><td>1.1-4.9<\/td><td>30<\/td><td>13.9<\/td><\/tr><tr><td>MBS1530<\/td><td>1500<\/td><td>3000<\/td><td>29.7<\/td><td>\u226425<\/td><td>0.833-0.147<\/td><td>2.4-7.5<\/td><td>75<\/td><td>19.8<\/td><\/tr><tr><td>MBS1830<\/td><td>1830<\/td><td>3000<\/td><td>25.4<\/td><td>\u226425<\/td><td>0.833-0.147<\/td><td>4.8-11.6<\/td><td>130<\/td><td>34.9<\/td><\/tr><tr><td>MBS2130<\/td><td>2100<\/td><td>3000<\/td><td>23.7<\/td><td>\u226425<\/td><td>0.833-0.147<\/td><td>14-35<\/td><td>155<\/td><td>46.5<\/td><\/tr><tr><td>MBS2136<\/td><td>2100<\/td><td>3600<\/td><td>23.7<\/td><td>\u226425<\/td><td>0.833-0.147<\/td><td>19-43<\/td><td>180<\/td><td>48.7<\/td><\/tr><tr><td>MBS2430<\/td><td>2400<\/td><td>3000<\/td><td>21<\/td><td>\u226450<\/td><td>0.833-0.147<\/td><td>25-65<\/td><td>245<\/td><td>59.7<\/td><\/tr><tr><td>MBS2736<\/td><td>2700<\/td><td>3600<\/td><td>20.7<\/td><td>\u226450<\/td><td>0.833-0.147<\/td><td>32-86<\/td><td>380<\/td><td>92.5<\/td><\/tr><tr><td>MBS2740<\/td><td>2700<\/td><td>4000<\/td><td>20.7<\/td><td>\u226450<\/td><td>0.833-0.147<\/td><td>32-92<\/td><td>400<\/td><td>95<\/td><\/tr><tr><td>MBS3245<\/td><td>3200<\/td><td>4500<\/td><td>18<\/td><td>\u226450<\/td><td>0.833-0.147<\/td><td>64-180<\/td><td>630<\/td><td>149<\/td><\/tr><\/tbody><\/table><\/figure>\n\n\n<div class=\"gb-container gb-container-263d9700\">\n\n<a class=\"gb-button gb-button-a4cbb7be gb-button-text\" href=\"#popmake-622\">Obtenha uma cota\u00e7\u00e3o gratuita agora<\/a>\n\n<\/div>\n<\/div>\n<\/div>","protected":false},"excerpt":{"rendered":"<p>Moinho de barras Uso do moinho de barras e bolas 1. Na planta de separa\u00e7\u00e3o por gravidade ou separa\u00e7\u00e3o magn\u00e9tica de min\u00e9rio de tungst\u00eanio-estanho e outros min\u00e9rios de metais raros, bem como na planta de areia de quartzo, os moinhos de barras s\u00e3o frequentemente utilizados para evitar os danos causados pela \u201cmoagem excessiva\u201d. 2. Quando a moagem cont\u00ednua em dois est\u00e1gios \u00e9 utilizada, se o primeiro\u2026 <\/p>\n<p class=\"read-more-container\"><a title=\"3-1. Moinho de barras\" class=\"read-more button\" href=\"https:\/\/hengxingmachinery.com\/pt\/rod-mill\/#more-1423\" aria-label=\"Leia mais sobre 3-1. Moinho de barras\">Ler mais<\/a><\/p>","protected":false},"author":1,"featured_media":0,"parent":0,"menu_order":0,"comment_status":"closed","ping_status":"closed","template":"","meta":{"footnotes":""},"class_list":["post-1423","page","type-page","status-publish"],"yoast_head":"<!-- This site is optimized with the Yoast SEO plugin v27.4 - https:\/\/yoast.com\/product\/yoast-seo-wordpress\/ -->\n<title>3-1. Rod mill - Hengxing Machinery<\/title>\n<meta name=\"robots\" content=\"index, follow, max-snippet:-1, max-image-preview:large, max-video-preview:-1\" \/>\n<link rel=\"canonical\" href=\"https:\/\/hengxingmachinery.com\/pt\/rod-mill\/\" \/>\n<meta property=\"og:locale\" content=\"pt_PT\" \/>\n<meta property=\"og:type\" content=\"article\" \/>\n<meta property=\"og:title\" content=\"3-1. Rod mill - Hengxing Machinery\" \/>\n<meta property=\"og:description\" content=\"Rod mill Rod ball mill usage 1. In the gravity separation or magnetic separation plant of tungsten-tin ore and other rare metal ore, as well as the quartz sand plant, rod mills are often used in order to prevent the harm caused by &#8220;over crushing&#8221;. 2. When two-stage continuous grinding is used, if the first ... Ler mais\" \/>\n<meta property=\"og:url\" content=\"https:\/\/hengxingmachinery.com\/pt\/rod-mill\/\" \/>\n<meta property=\"og:site_name\" content=\"Hengxing Machinery\" \/>\n<meta property=\"article:modified_time\" content=\"2025-01-13T09:32:48+00:00\" \/>\n<meta property=\"og:image\" content=\"https:\/\/hengxingmachinery.com\/wp-content\/uploads\/2025\/01\/rod-mill-for-sale.jpg\" \/>\n<meta name=\"twitter:card\" content=\"summary_large_image\" \/>\n<meta name=\"twitter:label1\" content=\"Tempo estimado de leitura\" \/>\n\t<meta name=\"twitter:data1\" content=\"4 minutos\" \/>\n<script type=\"application\/ld+json\" class=\"yoast-schema-graph\">{\"@context\":\"https:\\\/\\\/schema.org\",\"@graph\":[{\"@type\":\"WebPage\",\"@id\":\"https:\\\/\\\/hengxingmachinery.com\\\/rod-mill\\\/\",\"url\":\"https:\\\/\\\/hengxingmachinery.com\\\/rod-mill\\\/\",\"name\":\"3-1. Rod mill - Hengxing Machinery\",\"isPartOf\":{\"@id\":\"https:\\\/\\\/hengxingmachinery.com\\\/#website\"},\"primaryImageOfPage\":{\"@id\":\"https:\\\/\\\/hengxingmachinery.com\\\/rod-mill\\\/#primaryimage\"},\"image\":{\"@id\":\"https:\\\/\\\/hengxingmachinery.com\\\/rod-mill\\\/#primaryimage\"},\"thumbnailUrl\":\"https:\\\/\\\/hengxingmachinery.com\\\/wp-content\\\/uploads\\\/2025\\\/01\\\/rod-mill-for-sale.jpg\",\"datePublished\":\"2025-01-10T08:21:44+00:00\",\"dateModified\":\"2025-01-13T09:32:48+00:00\",\"breadcrumb\":{\"@id\":\"https:\\\/\\\/hengxingmachinery.com\\\/rod-mill\\\/#breadcrumb\"},\"inLanguage\":\"pt-PT\",\"potentialAction\":[{\"@type\":\"ReadAction\",\"target\":[\"https:\\\/\\\/hengxingmachinery.com\\\/rod-mill\\\/\"]}]},{\"@type\":\"ImageObject\",\"inLanguage\":\"pt-PT\",\"@id\":\"https:\\\/\\\/hengxingmachinery.com\\\/rod-mill\\\/#primaryimage\",\"url\":\"https:\\\/\\\/hengxingmachinery.com\\\/wp-content\\\/uploads\\\/2025\\\/01\\\/rod-mill-for-sale.jpg\",\"contentUrl\":\"https:\\\/\\\/hengxingmachinery.com\\\/wp-content\\\/uploads\\\/2025\\\/01\\\/rod-mill-for-sale.jpg\"},{\"@type\":\"BreadcrumbList\",\"@id\":\"https:\\\/\\\/hengxingmachinery.com\\\/rod-mill\\\/#breadcrumb\",\"itemListElement\":[{\"@type\":\"ListItem\",\"position\":1,\"name\":\"Home\",\"item\":\"https:\\\/\\\/hengxingmachinery.com\\\/\"},{\"@type\":\"ListItem\",\"position\":2,\"name\":\"3-1. Rod mill\"}]},{\"@type\":\"WebSite\",\"@id\":\"https:\\\/\\\/hengxingmachinery.com\\\/#website\",\"url\":\"https:\\\/\\\/hengxingmachinery.com\\\/\",\"name\":\"Hengxing Machinery\",\"description\":\"Leading Manufacturer of All Sorts of Mining Machinery\",\"publisher\":{\"@id\":\"https:\\\/\\\/hengxingmachinery.com\\\/#organization\"},\"potentialAction\":[{\"@type\":\"SearchAction\",\"target\":{\"@type\":\"EntryPoint\",\"urlTemplate\":\"https:\\\/\\\/hengxingmachinery.com\\\/?s={search_term_string}\"},\"query-input\":{\"@type\":\"PropertyValueSpecification\",\"valueRequired\":true,\"valueName\":\"search_term_string\"}}],\"inLanguage\":\"pt-PT\"},{\"@type\":\"Organization\",\"@id\":\"https:\\\/\\\/hengxingmachinery.com\\\/#organization\",\"name\":\"Hengxing Machinery\",\"url\":\"https:\\\/\\\/hengxingmachinery.com\\\/\",\"logo\":{\"@type\":\"ImageObject\",\"inLanguage\":\"pt-PT\",\"@id\":\"https:\\\/\\\/hengxingmachinery.com\\\/#\\\/schema\\\/logo\\\/image\\\/\",\"url\":\"https:\\\/\\\/hengxingmachinery.com\\\/wp-content\\\/uploads\\\/2024\\\/12\\\/logo.png\",\"contentUrl\":\"https:\\\/\\\/hengxingmachinery.com\\\/wp-content\\\/uploads\\\/2024\\\/12\\\/logo.png\",\"width\":400,\"height\":260,\"caption\":\"Hengxing Machinery\"},\"image\":{\"@id\":\"https:\\\/\\\/hengxingmachinery.com\\\/#\\\/schema\\\/logo\\\/image\\\/\"}}]}<\/script>\n<!-- \/ Yoast SEO plugin. -->","yoast_head_json":{"title":"3-1. Moinho de barras - Hengxing Machinery","robots":{"index":"index","follow":"follow","max-snippet":"max-snippet:-1","max-image-preview":"max-image-preview:large","max-video-preview":"max-video-preview:-1"},"canonical":"https:\/\/hengxingmachinery.com\/pt\/rod-mill\/","og_locale":"pt_PT","og_type":"article","og_title":"3-1. Rod mill - Hengxing Machinery","og_description":"Rod mill Rod ball mill usage 1. In the gravity separation or magnetic separation plant of tungsten-tin ore and other rare metal ore, as well as the quartz sand plant, rod mills are often used in order to prevent the harm caused by &#8220;over crushing&#8221;. 2. When two-stage continuous grinding is used, if the first ... Ler mais","og_url":"https:\/\/hengxingmachinery.com\/pt\/rod-mill\/","og_site_name":"Hengxing Machinery","article_modified_time":"2025-01-13T09:32:48+00:00","og_image":[{"url":"https:\/\/hengxingmachinery.com\/wp-content\/uploads\/2025\/01\/rod-mill-for-sale.jpg","type":"","width":"","height":""}],"twitter_card":"summary_large_image","twitter_misc":{"Tempo estimado de leitura":"4 minutos"},"schema":{"@context":"https:\/\/schema.org","@graph":[{"@type":"WebPage","@id":"https:\/\/hengxingmachinery.com\/rod-mill\/","url":"https:\/\/hengxingmachinery.com\/rod-mill\/","name":"3-1. Moinho de barras - Hengxing Machinery","isPartOf":{"@id":"https:\/\/hengxingmachinery.com\/#website"},"primaryImageOfPage":{"@id":"https:\/\/hengxingmachinery.com\/rod-mill\/#primaryimage"},"image":{"@id":"https:\/\/hengxingmachinery.com\/rod-mill\/#primaryimage"},"thumbnailUrl":"https:\/\/hengxingmachinery.com\/wp-content\/uploads\/2025\/01\/rod-mill-for-sale.jpg","datePublished":"2025-01-10T08:21:44+00:00","dateModified":"2025-01-13T09:32:48+00:00","breadcrumb":{"@id":"https:\/\/hengxingmachinery.com\/rod-mill\/#breadcrumb"},"inLanguage":"pt-PT","potentialAction":[{"@type":"ReadAction","target":["https:\/\/hengxingmachinery.com\/rod-mill\/"]}]},{"@type":"ImageObject","inLanguage":"pt-PT","@id":"https:\/\/hengxingmachinery.com\/rod-mill\/#primaryimage","url":"https:\/\/hengxingmachinery.com\/wp-content\/uploads\/2025\/01\/rod-mill-for-sale.jpg","contentUrl":"https:\/\/hengxingmachinery.com\/wp-content\/uploads\/2025\/01\/rod-mill-for-sale.jpg"},{"@type":"BreadcrumbList","@id":"https:\/\/hengxingmachinery.com\/rod-mill\/#breadcrumb","itemListElement":[{"@type":"ListItem","position":1,"name":"Home","item":"https:\/\/hengxingmachinery.com\/"},{"@type":"ListItem","position":2,"name":"3-1. Rod mill"}]},{"@type":"WebSite","@id":"https:\/\/hengxingmachinery.com\/#website","url":"https:\/\/hengxingmachinery.com\/","name":"M\u00e1quinas Hengxing","description":"Fabricante l\u00edder de todos os tipos de m\u00e1quinas de minera\u00e7\u00e3o","publisher":{"@id":"https:\/\/hengxingmachinery.com\/#organization"},"potentialAction":[{"@type":"SearchAction","target":{"@type":"EntryPoint","urlTemplate":"https:\/\/hengxingmachinery.com\/?s={search_term_string}"},"query-input":{"@type":"PropertyValueSpecification","valueRequired":true,"valueName":"search_term_string"}}],"inLanguage":"pt-PT"},{"@type":"Organization","@id":"https:\/\/hengxingmachinery.com\/#organization","name":"M\u00e1quinas Hengxing","url":"https:\/\/hengxingmachinery.com\/","logo":{"@type":"ImageObject","inLanguage":"pt-PT","@id":"https:\/\/hengxingmachinery.com\/#\/schema\/logo\/image\/","url":"https:\/\/hengxingmachinery.com\/wp-content\/uploads\/2024\/12\/logo.png","contentUrl":"https:\/\/hengxingmachinery.com\/wp-content\/uploads\/2024\/12\/logo.png","width":400,"height":260,"caption":"Hengxing Machinery"},"image":{"@id":"https:\/\/hengxingmachinery.com\/#\/schema\/logo\/image\/"}}]}},"_links":{"self":[{"href":"https:\/\/hengxingmachinery.com\/pt\/wp-json\/wp\/v2\/pages\/1423","targetHints":{"allow":["GET"]}}],"collection":[{"href":"https:\/\/hengxingmachinery.com\/pt\/wp-json\/wp\/v2\/pages"}],"about":[{"href":"https:\/\/hengxingmachinery.com\/pt\/wp-json\/wp\/v2\/types\/page"}],"author":[{"embeddable":true,"href":"https:\/\/hengxingmachinery.com\/pt\/wp-json\/wp\/v2\/users\/1"}],"replies":[{"embeddable":true,"href":"https:\/\/hengxingmachinery.com\/pt\/wp-json\/wp\/v2\/comments?post=1423"}],"version-history":[{"count":3,"href":"https:\/\/hengxingmachinery.com\/pt\/wp-json\/wp\/v2\/pages\/1423\/revisions"}],"predecessor-version":[{"id":1596,"href":"https:\/\/hengxingmachinery.com\/pt\/wp-json\/wp\/v2\/pages\/1423\/revisions\/1596"}],"wp:attachment":[{"href":"https:\/\/hengxingmachinery.com\/pt\/wp-json\/wp\/v2\/media?parent=1423"}],"curies":[{"name":"wp","href":"https:\/\/api.w.org\/{rel}","templated":true}]}}