{"id":1430,"date":"2025-01-10T09:24:29","date_gmt":"2025-01-10T09:24:29","guid":{"rendered":"https:\/\/hengxingmachinery.com\/?page_id=1430"},"modified":"2025-01-13T09:30:29","modified_gmt":"2025-01-13T09:30:29","slug":"cement-ball-mill","status":"publish","type":"page","link":"https:\/\/hengxingmachinery.com\/pt\/cement-ball-mill\/","title":{"rendered":"3-1. Moinho de bolas para cimento"},"content":{"rendered":"<div class=\"gb-container gb-container-45165f5a\">\n<div class=\"gb-container gb-container-c2652eb4\">\n\n<h1 class=\"gb-headline gb-headline-62a8b2cc gb-headline-text\">Moinho de bolas de cimento<\/h1>\n\n<\/div>\n<\/div>\n\n<div class=\"gb-container gb-container-519cf624\">\n<div class=\"gb-container gb-container-71ca071e\">\n<div class=\"gb-grid-wrapper gb-grid-wrapper-8a5f0688\">\n<div class=\"gb-grid-column gb-grid-column-1e99b1c2\"><div class=\"gb-container gb-container-1e99b1c2\">\n\n<figure class=\"gb-block-image gb-block-image-e4eaba54\"><img decoding=\"async\" width=\"665\" height=\"545\" class=\"gb-image gb-image-e4eaba54\" src=\"https:\/\/hengxingmachinery.com\/wp-content\/uploads\/2025\/01\/Cement-ball-mill.jpg\" alt=\"\" title=\"Moinho de bolas de cimento\" srcset=\"https:\/\/hengxingmachinery.com\/wp-content\/uploads\/2025\/01\/Cement-ball-mill.jpg 665w, https:\/\/hengxingmachinery.com\/wp-content\/uploads\/2025\/01\/Cement-ball-mill-300x246.jpg 300w, https:\/\/hengxingmachinery.com\/wp-content\/uploads\/2025\/01\/Cement-ball-mill-15x12.jpg 15w\" sizes=\"(max-width: 665px) 100vw, 665px\" \/><\/figure>\n\n<\/div><\/div>\n\n<div class=\"gb-grid-column gb-grid-column-bcae065b\"><div class=\"gb-container gb-container-bcae065b\">\n\n<p class=\"gb-headline gb-headline-e419680e gb-headline-text\">O moinho de bolas de cimento \u00e9 utilizado principalmente para a moagem de cl\u00ednquer de cimento e materiais de mistura no processo de produ\u00e7\u00e3o de cimento. Pode ser usado para moagem em circuito aberto, e tamb\u00e9m pode ser utilizado para moagem em circuito fechado com um classificador. O moinho de bolas de cimento possui as caracter\u00edsticas de alta efici\u00eancia de moagem, grande produ\u00e7\u00e3o, baixo consumo de energia e f\u00e1cil ajuste da finura do produto mo\u00eddo.<\/p>\n\n\n<div class=\"gb-grid-wrapper gb-grid-wrapper-eebec76e\">\n<div class=\"gb-grid-column gb-grid-column-e3ada2f0\"><div class=\"gb-container gb-container-e3ada2f0\">\n\n<p class=\"gb-headline gb-headline-4c79a90a gb-headline-text\"><mark style=\"background-color:rgba(0, 0, 0, 0)\" class=\"has-inline-color has-global-color-8-color\"><strong>Capacidade:<\/strong><\/mark> 1,4-87t\/h<\/p>\n\n<\/div><\/div>\n\n<div class=\"gb-grid-column gb-grid-column-0bb00826\"><div class=\"gb-container gb-container-0bb00826\">\n\n<p><mark style=\"background-color:rgba(0, 0, 0, 0)\" class=\"has-inline-color has-global-color-8-color\"><strong><strong>Poder:<\/strong><\/strong><\/mark> 55-3530 (kw)<\/p>\n\n<\/div><\/div>\n<\/div>\n\n\n<p class=\"gb-headline gb-headline-6b316ea4 gb-headline-text\"><strong>Velocidade de rota\u00e7\u00e3o (r\/min)<\/strong>\uff1a <\/p>\n\n\n\n<p class=\"gb-headline gb-headline-9f885ed2 gb-headline-text\">30.3-16.3<\/p>\n\n\n\n<p class=\"gb-headline gb-headline-2750f5a7 gb-headline-text\"><strong>Aplica\u00e7\u00e3o:<\/strong><\/p>\n\n\n\n<p class=\"gb-headline gb-headline-28231626 gb-headline-text\">Utilizado na moagem de produtos acabados em f\u00e1bricas de cimento, e tamb\u00e9m adequado para a moagem de v\u00e1rios min\u00e9rios e outros materiais mo\u00edveis em empresas industriais e mineiras de metalurgia, qu\u00edmica, energia el\u00e9trica e outros setores.<\/p>\n\n\n<div class=\"gb-container gb-container-256e15f1\">\n\n<a class=\"gb-button gb-button-e8b73d89 gb-button-text\" href=\"#popmake-622\">Obtenha uma cota\u00e7\u00e3o gratuita agora<\/a>\n\n<\/div>\n<\/div><\/div>\n<\/div>\n<\/div>\n<\/div>\n\n<div class=\"gb-container gb-container-af5f8799\">\n<div class=\"gb-container gb-container-2298848b\">\n\n<h2 class=\"gb-headline gb-headline-9d27ad2c gb-headline-text\">Caracter\u00edsticas do moinho de bolas de cimento <\/h2>\n\n\n<div class=\"gb-container gb-container-9a38abb1\">\n<div class=\"gb-grid-wrapper gb-grid-wrapper-91c59571\">\n<div class=\"gb-grid-column gb-grid-column-17094983\"><div class=\"gb-container gb-container-17094983\">\n\n<figure class=\"gb-block-image gb-block-image-e36b6ebe\"><img decoding=\"async\" width=\"665\" height=\"545\" class=\"gb-image gb-image-e36b6ebe\" src=\"https:\/\/hengxingmachinery.com\/wp-content\/uploads\/2025\/01\/cement-ball-grinding-mill.jpg\" alt=\"\" title=\"Moinho de bolas de cimento\" srcset=\"https:\/\/hengxingmachinery.com\/wp-content\/uploads\/2025\/01\/cement-ball-grinding-mill.jpg 665w, https:\/\/hengxingmachinery.com\/wp-content\/uploads\/2025\/01\/cement-ball-grinding-mill-300x246.jpg 300w, https:\/\/hengxingmachinery.com\/wp-content\/uploads\/2025\/01\/cement-ball-grinding-mill-15x12.jpg 15w\" sizes=\"(max-width: 665px) 100vw, 665px\" \/><\/figure>\n\n<\/div><\/div>\n\n<div class=\"gb-grid-column gb-grid-column-783dafe6\"><div class=\"gb-container gb-container-783dafe6\">\n\n<figure class=\"gb-block-image gb-block-image-a58e4bcf\"><img decoding=\"async\" width=\"665\" height=\"545\" class=\"gb-image gb-image-a58e4bcf\" src=\"https:\/\/hengxingmachinery.com\/wp-content\/uploads\/2025\/01\/cement-ball-mill-1.jpg\" alt=\"\" title=\"moinho de bolas de cimento\" srcset=\"https:\/\/hengxingmachinery.com\/wp-content\/uploads\/2025\/01\/cement-ball-mill-1.jpg 665w, https:\/\/hengxingmachinery.com\/wp-content\/uploads\/2025\/01\/cement-ball-mill-1-300x246.jpg 300w, https:\/\/hengxingmachinery.com\/wp-content\/uploads\/2025\/01\/cement-ball-mill-1-15x12.jpg 15w\" sizes=\"(max-width: 665px) 100vw, 665px\" \/><\/figure>\n\n<\/div><\/div>\n<\/div>\n<\/div>\n\n\n<p>1. Alta efici\u00eancia de moagem e baixo consumo de energia;<\/p>\n\n\n\n<p>2. A finura do produto \u00e9 uniforme e o produto \u00e9 liso;<\/p>\n\n\n\n<p>3. Baixa vibra\u00e7\u00e3o, baixo ru\u00eddo, boa veda\u00e7\u00e3o do equipamento, sem derramamento de poeira, ambiente limpo, atendendo aos requisitos ambientais;<\/p>\n\n\n\n<p>4. Moinhos de cimento especiais podem ser projetados e fabricados de acordo com as diferentes exig\u00eancias dos usu\u00e1rios quanto \u00e0 finura de moagem e produ\u00e7\u00e3o.<\/p>\n\n\n<div class=\"gb-container gb-container-d7b7b595\">\n\n<a class=\"gb-button gb-button-c1312760 gb-button-text\" href=\"#popmake-622\">Obtenha uma cota\u00e7\u00e3o gratuita agora<\/a>\n\n<\/div>\n<\/div>\n<\/div>\n\n<div class=\"gb-container gb-container-ebd718b6\">\n<div class=\"gb-container gb-container-5c75b960\">\n\n<h2 class=\"gb-headline gb-headline-98859344 gb-headline-text\">Princ\u00edpio de funcionamento do moinho de bolas de cimento <\/h2>\n\n\n\n<figure class=\"gb-block-image gb-block-image-c486b36e\"><img decoding=\"async\" width=\"920\" height=\"420\" class=\"gb-image gb-image-c486b36e\" src=\"https:\/\/hengxingmachinery.com\/wp-content\/uploads\/2025\/01\/cement-ball-mill-2.jpg\" alt=\"\" title=\"moinho de bolas de cimento\" srcset=\"https:\/\/hengxingmachinery.com\/wp-content\/uploads\/2025\/01\/cement-ball-mill-2.jpg 920w, https:\/\/hengxingmachinery.com\/wp-content\/uploads\/2025\/01\/cement-ball-mill-2-300x137.jpg 300w, https:\/\/hengxingmachinery.com\/wp-content\/uploads\/2025\/01\/cement-ball-mill-2-768x351.jpg 768w, https:\/\/hengxingmachinery.com\/wp-content\/uploads\/2025\/01\/cement-ball-mill-2-18x8.jpg 18w\" sizes=\"(max-width: 920px) 100vw, 920px\" \/><\/figure>\n\n\n\n<p>Os moinhos de cimento geralmente adotam acionamento lateral, normalmente equipados com 2 a 4 c\u00e2maras. Os materiais entram uniformemente na c\u00e2mara n\u00ba 1 do moinho de bolas atrav\u00e9s do dispositivo de alimenta\u00e7\u00e3o por meio do parafuso alimentador. H\u00e1 um revestimento escalonado dentro da c\u00e2mara, que cont\u00e9m meios de moagem de diferentes especifica\u00e7\u00f5es, e o cilindro gira. A for\u00e7a centr\u00edfuga \u00e9 gerada para elevar o meio de moagem a uma certa altura e depois faz\u00ea-lo cair, o que impacta e tritura o material; ap\u00f3s o material ser mo\u00eddo grosseiramente na c\u00e2mara n\u00ba 1, ele entra na pr\u00f3xima c\u00e2mara atrav\u00e9s do revestimento divis\u00f3rio, que \u00e9 forrado com um revestimento ondulado ou plano, contendo um meio de moagem para triturar ainda mais o material; o material pulverizado \u00e9 descarregado atrav\u00e9s da grelha de descarga, completando o trabalho de moagem.<\/p>\n\n\n\n<p>O moinho de bolas de cimento \u00e9 composto por um dispositivo de alimenta\u00e7\u00e3o, um dispositivo de descarga, um tambor do moinho, um dispositivo de movimenta\u00e7\u00e3o (redutor, engrenagem de transmiss\u00e3o pequena, motor, controle el\u00e9trico) e outras partes principais.<\/p>\n\n\n<div class=\"gb-container gb-container-d6bbf16a\">\n\n<a class=\"gb-button gb-button-caa3f2bc gb-button-text\" href=\"#popmake-622\">Obtenha uma cota\u00e7\u00e3o gratuita agora<\/a>\n\n<\/div>\n<\/div>\n<\/div>\n\n<div class=\"gb-container gb-container-435ad261\">\n<div class=\"gb-container gb-container-7dc79cc4\">\n\n<h2 class=\"gb-headline gb-headline-6fe5dee2 gb-headline-text\">Especifica\u00e7\u00f5es do moinho de bolas de cimento<\/h2>\n\n\n\n<figure class=\"wp-block-table is-style-stripes\"><table class=\"has-fixed-layout\"><tbody><tr><td><strong>Especifica\u00e7\u00e3o (m)<\/strong><strong><\/strong><\/td><td><strong>Capacidade (t\/h)<\/strong><strong><\/strong><\/td><td><strong>Velocidade de rota\u00e7\u00e3o (r\/min)<\/strong><\/td><td><strong>Corpo moedor (t)<\/strong><strong><\/strong><\/td><td colspan=\"2\"><strong>Motor<\/strong><strong><\/strong><\/td><td colspan=\"2\"><strong>Redutor<\/strong><strong><\/strong><\/td><td><strong>Peso (t)<\/strong><strong><\/strong><\/td><\/tr><tr><td><strong>&nbsp;<\/strong><\/td><td><strong>&nbsp;<\/strong><\/td><td><strong>&nbsp;<\/strong><\/td><td><strong>&nbsp;<\/strong><\/td><td><strong>Modelo<\/strong><strong><\/strong><\/td><td><strong>Pot\u00eancia (kW)<\/strong><strong><\/strong><\/td><td><strong>Modelo<\/strong><strong><\/strong><\/td><td><strong>Rela\u00e7\u00e3o de velocidade<\/strong><strong><\/strong><\/td><td><strong>&nbsp;<\/strong><\/td><\/tr><tr><td>\u03a61.2\u00d74.5<\/td><td>1.4<\/td><td>30.3<\/td><td>5<\/td><td>YR250M-6<\/td><td>55<\/td><td>ZD30-8<\/td><td>4.481<\/td><td>13.1<\/td><\/tr><tr><td>\u03a61,5\u00d75,7<\/td><td>3.5<\/td><td>26.34<\/td><td>11<\/td><td>JR127-8<\/td><td>130<\/td><td>ZD40-7<\/td><td>4<\/td><td>25<\/td><\/tr><tr><td>\u03a61,83\u00d76,4<\/td><td>6<\/td><td>23.9<\/td><td>18<\/td><td>JR137-8<\/td><td>210<\/td><td>ZD60-8<\/td><td>4.5<\/td><td>35.3<\/td><\/tr><tr><td>\u03a61,83\u00d77<\/td><td>6.5<\/td><td>24.5<\/td><td>20<\/td><td>JR138-8<\/td><td>245<\/td><td>ZD60-8<\/td><td>4.5<\/td><td>37.2<\/td><\/tr><tr><td>\u03a62\u00d79<\/td><td>9.5-10<\/td><td>23.88<\/td><td>31<\/td><td>JR158-8<\/td><td>380<\/td><td>ZD70-8<\/td><td>4.5<\/td><td>58.4<\/td><\/tr><tr><td>\u03a62,2\u00d76,5<\/td><td>11<\/td><td>21.4<\/td><td>30<\/td><td>JRQ158-8\/YR630-8<\/td><td>380<\/td><td>ZD70-9<\/td><td>5<\/td><td>46.2<\/td><\/tr><tr><td>\u03a62,2\u00d76,5<\/td><td>14 Circuito fechado<\/td><td>21.4<\/td><td>30<\/td><td>JRQ158-8\/YR630-8<\/td><td>380<\/td><td>ZD70-9<\/td><td>5<\/td><td>46.2<\/td><\/tr><tr><td>\u03a62,2\u00d77<\/td><td>12<\/td><td>21.4<\/td><td>30<\/td><td>JR158-8<\/td><td>380<\/td><td>ZD70-9<\/td><td>5<\/td><td>54<\/td><\/tr><tr><td>\u03a62,2\u00d77,5<\/td><td>13<\/td><td>21.4<\/td><td>32<\/td><td>JR158-8<\/td><td>380<\/td><td>ZD70-9<\/td><td>5<\/td><td>63<\/td><\/tr><tr><td>\u03a62,2\u00d78<\/td><td>14<\/td><td>21.4<\/td><td>37<\/td><td>JR158-8<\/td><td>380<\/td><td>ZD70-9<\/td><td>5<\/td><td>65<\/td><\/tr><tr><td>\u03a62,2\u00d79,5<\/td><td>14-16 Circuito fechado<\/td><td>21.4<\/td><td>43<\/td><td>JR1510-8<\/td><td>475<\/td><td>ZD70-9<\/td><td>5<\/td><td>70<\/td><\/tr><tr><td>\u03a62,2\u00d713<\/td><td>16<\/td><td>20.3<\/td><td>55<\/td><td>YR630-8\/1180\/Y100L-8<\/td><td>630\/11<\/td><td>JD630\/ZS82,5-7<\/td><td>6.3\/99.96<\/td><td>114.4<\/td><\/tr><tr><td>\u03a62,4\u00d77<\/td><td>14-16 Circuito fechado<\/td><td>20.4<\/td><td>36<\/td><td>JR1510-8<\/td><td>475<\/td><td>JDX450<\/td><td>5<\/td><td>67.9<\/td><\/tr><tr><td>02,4\u00d78<\/td><td>16-17 Circuito fechado<\/td><td>20.3<\/td><td>41<\/td><td>JR1512-8\/Y180L-8<\/td><td>570\/11<\/td><td>JD630\/ZS82,5-7<\/td><td>6.333\/99.96<\/td><td>87.2<\/td><\/tr><tr><td>\u03a62,4\u00d79<\/td><td>17-19 Circuito fechado<\/td><td>20.3<\/td><td>46<\/td><td>YR630-8\/1180\/Y100L-8<\/td><td>630\/11<\/td><td>JD630\/ZS82,5-7<\/td><td>6.333\/99.96<\/td><td>93.5<\/td><\/tr><tr><td>\u03a62,4\u00d710<\/td><td>18-19 Circuito aberto<\/td><td>20.3<\/td><td>50<\/td><td>YR630-8\/1180\/Y100L-8<\/td><td>630\/11<\/td><td>JD630\/ZS82,5-7<\/td><td>6.333\/99.96<\/td><td>99.4<\/td><\/tr><tr><td>\u03a62,4\u00d711<\/td><td>19-21 Circuito aberto<\/td><td>20.3<\/td><td>60<\/td><td>YR630-8\/1180\/Y100L-8<\/td><td>630\/11<\/td><td>JD630\/ZS82,5-7<\/td><td>6.333\/99.96<\/td><td>99.4<\/td><\/tr><tr><td>\u03a62,4\u00d712<\/td><td>25-27 Circuito fechado<\/td><td>20.3<\/td><td>61<\/td><td>YR800-8\/1180\/Y100L-8<\/td><td>800\/11<\/td><td>JD630\/ZS82,5-7<\/td><td>6.333\/99.96<\/td><td>112.7<\/td><\/tr><tr><td>\u03a62,4\u00d713<\/td><td>25-27 Circuito aberto de alta finura<\/td><td>20.3<\/td><td>66<\/td><td>YR800-8\/1180\/Y100L-8<\/td><td>800\/11<\/td><td>JD630\/ZS82,5-7<\/td><td>6.333\/99.96<\/td><td>131.1<\/td><\/tr><tr><td>\u03a62,4\u00d713<\/td><td>21-23 Circuito aberto<\/td><td>20.3<\/td><td>66<\/td><td>YR1000-8\/1180\/Y160M-4<\/td><td>1000\/11<\/td><td>JD630\/ZS82,5-7<\/td><td>6.333\/99.96<\/td><td>130.4<\/td><\/tr><tr><td>\u03a62,6\u00d710<\/td><td>25-27 Circuito fechado<\/td><td>20.3<\/td><td>60<\/td><td>YR800-8\/1250<\/td><td>800<\/td><td>JD800<\/td><td>5.5<\/td><td>150.5<\/td><\/tr><tr><td>\u03a62,6\u00d713<\/td><td>27-29<\/td><td>19.1<\/td><td>80<\/td><td>YR1000-8\/1180\/Y160M-4<\/td><td>1000\/11<\/td><td>&nbsp;<\/td><td>5.5\/280<\/td><td>169<\/td><\/tr><tr><td>\u03a63\u00d79<\/td><td>33-34 Circuito fechado<\/td><td>19.6<\/td><td>79<\/td><td>YR1000-8\/1180\/Y160M-4<\/td><td>1000\/11<\/td><td>NAL108\/8\/ZS110-19<\/td><td>8\/280<\/td><td>156.5<\/td><\/tr><tr><td>\u03a63\u00d79<\/td><td>36,5 Circuito fechado<\/td><td>17.6<\/td><td>79<\/td><td>YR118\/61-8<\/td><td>1000<\/td><td>2\u00d71250<\/td><td>42.163<\/td><td>121,13 Sem motor<\/td><\/tr><tr><td>\u03a63\u00d711<\/td><td>35-40 Circuito fechado<\/td><td>18.3<\/td><td>97<\/td><td>YR1250-8\/1430\/YR160M-4<\/td><td>1250\/11<\/td><td>YNL1210<\/td><td>6.3<\/td><td>178<\/td><\/tr><tr><td>\u03a63\u00d711<\/td><td>47 Circuito fechado<\/td><td>17.7<\/td><td>97<\/td><td>YR118\/74-8<\/td><td>1250<\/td><td>ZI314<\/td><td>42.39<\/td><td>169<\/td><\/tr><tr><td>\u03a63\u00d712<\/td><td>38-40 Circuito fechado<\/td><td>18.1<\/td><td>90<\/td><td>YR1250-8\/1430<\/td><td>1250\/11<\/td><td>JS1100-00<\/td><td>41.27<\/td><td>196.26<\/td><\/tr><tr><td>\u03a63,2\u00d711<\/td><td>40 Circuito fechado<\/td><td>18<\/td><td>103<\/td><td>YR1400-8\/1430\/Y160M-4<\/td><td>1400\/11<\/td><td>YNL1210\/ZS110-19<\/td><td>12.35\/28<\/td><td>186,1 Sem motor<\/td><\/tr><tr><td>\u03a63,5\u00d711,5<\/td><td>65-70 Circuito fechado<\/td><td>16.5<\/td><td>129<\/td><td>TYD143\/49-8<\/td><td>2000<\/td><td>ZI370<\/td><td>36.239<\/td><td>138,3 Sem motor<\/td><\/tr><tr><td>\u03a63,5\u00d711,5<\/td><td>50 Circuito fechado<\/td><td>17.2<\/td><td>126<\/td><td>YR1800-8\/1430\/Y200L2-2<\/td><td>1800\/37<\/td><td>&nbsp;<\/td><td>43.02\/318<\/td><td>252.27<\/td><\/tr><tr><td>\u03a63,8\u00d713 Sapata dupla<\/td><td>70-75 Circuito fechado<\/td><td>16.6<\/td><td>170<\/td><td>YRKK800-8<\/td><td>2500<\/td><td>JS130\/MFY250<\/td><td>44.9<\/td><td>203 Sem motor<\/td><\/tr><tr><td>\u03a63,8\u00d713<\/td><td>60-62<\/td><td>16.3<\/td><td>170<\/td><td>YR2500-10\/1730<\/td><td>2500<\/td><td>MFYX250<\/td><td>&nbsp;<\/td><td>286<\/td><\/tr><tr><td>\u03a64\u00d713<\/td><td>65 Circuito fechado<\/td><td>15.95<\/td><td>202<\/td><td>YRKK900-8<\/td><td>2800<\/td><td>JS130-8<\/td><td>46.7<\/td><td>264<\/td><\/tr><tr><td>\u03a64,2\u00d713<\/td><td>85 Circuito fechado<\/td><td>16.3<\/td><td>224<\/td><td>YRKK900-8<\/td><td>3150<\/td><td>MFY320<\/td><td>47.8<\/td><td>250 Sem motor<\/td><\/tr><tr><td>\u03a64,2\u00d713<\/td><td>85-87<\/td><td>16.3<\/td><td>224<\/td><td>YR1000-8<\/td><td>3530<\/td><td>JQS3550<\/td><td>&nbsp;<\/td><td><\/td><\/tr><\/tbody><\/table><\/figure>\n\n\n<div class=\"gb-container gb-container-263d9700\">\n\n<a class=\"gb-button gb-button-a4cbb7be gb-button-text\" href=\"#popmake-622\">Obtenha uma cota\u00e7\u00e3o gratuita agora<\/a>\n\n<\/div>\n<\/div>\n<\/div>","protected":false},"excerpt":{"rendered":"<p>Cement ball mill Features of cement ball mill 1. High grinding efficiency and low energy consumption; 2. The fineness of the product is uniform, and the product is smooth; 3. Low vibration, low noise, good equipment sealing, no dust spilling, clean environment, meeting environmental protection requirements; 4. Special cement mills can be designed and manufactured &#8230; <\/p>\n<p class=\"read-more-container\"><a title=\"3-1. Moinho de bolas para cimento\" class=\"read-more button\" href=\"https:\/\/hengxingmachinery.com\/pt\/cement-ball-mill\/#more-1430\" aria-label=\"Leia mais sobre 3-1. Cement ball mill\">Ler mais<\/a><\/p>","protected":false},"author":1,"featured_media":0,"parent":0,"menu_order":0,"comment_status":"closed","ping_status":"closed","template":"","meta":{"footnotes":""},"class_list":["post-1430","page","type-page","status-publish"],"yoast_head":"<!-- This site is optimized with the Yoast SEO plugin v27.4 - https:\/\/yoast.com\/product\/yoast-seo-wordpress\/ -->\n<title>cement ball mill<\/title>\n<meta name=\"description\" content=\"Cement ball mills are essential for grinding clinker and gypsum into fine cement powder. Known for its efficiency and durability, it&#039;s a staple in cement production.\" \/>\n<meta name=\"robots\" content=\"index, follow, max-snippet:-1, max-image-preview:large, max-video-preview:-1\" \/>\n<link rel=\"canonical\" href=\"https:\/\/hengxingmachinery.com\/pt\/cement-ball-mill\/\" \/>\n<meta property=\"og:locale\" content=\"pt_PT\" \/>\n<meta property=\"og:type\" content=\"article\" \/>\n<meta property=\"og:title\" content=\"cement ball mill\" \/>\n<meta property=\"og:description\" content=\"Cement ball mills are essential for grinding clinker and gypsum into fine cement powder. Known for its efficiency and durability, it&#039;s a staple in cement production.\" \/>\n<meta property=\"og:url\" content=\"https:\/\/hengxingmachinery.com\/pt\/cement-ball-mill\/\" \/>\n<meta property=\"og:site_name\" content=\"Hengxing Machinery\" \/>\n<meta property=\"article:modified_time\" content=\"2025-01-13T09:30:29+00:00\" \/>\n<meta property=\"og:image\" content=\"https:\/\/hengxingmachinery.com\/wp-content\/uploads\/2025\/01\/Cement-ball-mill.jpg\" \/>\n<meta name=\"twitter:card\" content=\"summary_large_image\" \/>\n<meta name=\"twitter:label1\" content=\"Tempo estimado de leitura\" \/>\n\t<meta name=\"twitter:data1\" content=\"5 minutos\" \/>\n<script type=\"application\/ld+json\" class=\"yoast-schema-graph\">{\"@context\":\"https:\\\/\\\/schema.org\",\"@graph\":[{\"@type\":\"WebPage\",\"@id\":\"https:\\\/\\\/hengxingmachinery.com\\\/cement-ball-mill\\\/\",\"url\":\"https:\\\/\\\/hengxingmachinery.com\\\/cement-ball-mill\\\/\",\"name\":\"cement ball mill\",\"isPartOf\":{\"@id\":\"https:\\\/\\\/hengxingmachinery.com\\\/#website\"},\"primaryImageOfPage\":{\"@id\":\"https:\\\/\\\/hengxingmachinery.com\\\/cement-ball-mill\\\/#primaryimage\"},\"image\":{\"@id\":\"https:\\\/\\\/hengxingmachinery.com\\\/cement-ball-mill\\\/#primaryimage\"},\"thumbnailUrl\":\"https:\\\/\\\/hengxingmachinery.com\\\/wp-content\\\/uploads\\\/2025\\\/01\\\/Cement-ball-mill.jpg\",\"datePublished\":\"2025-01-10T09:24:29+00:00\",\"dateModified\":\"2025-01-13T09:30:29+00:00\",\"description\":\"Cement ball mills are essential for grinding clinker and gypsum into fine cement powder. Known for its efficiency and durability, it's a staple in cement production.\",\"breadcrumb\":{\"@id\":\"https:\\\/\\\/hengxingmachinery.com\\\/cement-ball-mill\\\/#breadcrumb\"},\"inLanguage\":\"pt-PT\",\"potentialAction\":[{\"@type\":\"ReadAction\",\"target\":[\"https:\\\/\\\/hengxingmachinery.com\\\/cement-ball-mill\\\/\"]}]},{\"@type\":\"ImageObject\",\"inLanguage\":\"pt-PT\",\"@id\":\"https:\\\/\\\/hengxingmachinery.com\\\/cement-ball-mill\\\/#primaryimage\",\"url\":\"https:\\\/\\\/hengxingmachinery.com\\\/wp-content\\\/uploads\\\/2025\\\/01\\\/Cement-ball-mill.jpg\",\"contentUrl\":\"https:\\\/\\\/hengxingmachinery.com\\\/wp-content\\\/uploads\\\/2025\\\/01\\\/Cement-ball-mill.jpg\"},{\"@type\":\"BreadcrumbList\",\"@id\":\"https:\\\/\\\/hengxingmachinery.com\\\/cement-ball-mill\\\/#breadcrumb\",\"itemListElement\":[{\"@type\":\"ListItem\",\"position\":1,\"name\":\"Home\",\"item\":\"https:\\\/\\\/hengxingmachinery.com\\\/\"},{\"@type\":\"ListItem\",\"position\":2,\"name\":\"3-1. Cement ball mill\"}]},{\"@type\":\"WebSite\",\"@id\":\"https:\\\/\\\/hengxingmachinery.com\\\/#website\",\"url\":\"https:\\\/\\\/hengxingmachinery.com\\\/\",\"name\":\"Hengxing Machinery\",\"description\":\"Leading Manufacturer of All Sorts of Mining Machinery\",\"publisher\":{\"@id\":\"https:\\\/\\\/hengxingmachinery.com\\\/#organization\"},\"potentialAction\":[{\"@type\":\"SearchAction\",\"target\":{\"@type\":\"EntryPoint\",\"urlTemplate\":\"https:\\\/\\\/hengxingmachinery.com\\\/?s={search_term_string}\"},\"query-input\":{\"@type\":\"PropertyValueSpecification\",\"valueRequired\":true,\"valueName\":\"search_term_string\"}}],\"inLanguage\":\"pt-PT\"},{\"@type\":\"Organization\",\"@id\":\"https:\\\/\\\/hengxingmachinery.com\\\/#organization\",\"name\":\"Hengxing Machinery\",\"url\":\"https:\\\/\\\/hengxingmachinery.com\\\/\",\"logo\":{\"@type\":\"ImageObject\",\"inLanguage\":\"pt-PT\",\"@id\":\"https:\\\/\\\/hengxingmachinery.com\\\/#\\\/schema\\\/logo\\\/image\\\/\",\"url\":\"https:\\\/\\\/hengxingmachinery.com\\\/wp-content\\\/uploads\\\/2024\\\/12\\\/logo.png\",\"contentUrl\":\"https:\\\/\\\/hengxingmachinery.com\\\/wp-content\\\/uploads\\\/2024\\\/12\\\/logo.png\",\"width\":400,\"height\":260,\"caption\":\"Hengxing Machinery\"},\"image\":{\"@id\":\"https:\\\/\\\/hengxingmachinery.com\\\/#\\\/schema\\\/logo\\\/image\\\/\"}}]}<\/script>\n<!-- \/ Yoast SEO plugin. -->","yoast_head_json":{"title":"moinho de bolas de cimento","description":"Os moinhos de bolas de cimento s\u00e3o essenciais para moer cl\u00ednquer e gesso em p\u00f3 de cimento fino. Reconhecidos por sua efici\u00eancia e durabilidade, s\u00e3o um elemento fundamental na produ\u00e7\u00e3o de cimento.","robots":{"index":"index","follow":"follow","max-snippet":"max-snippet:-1","max-image-preview":"max-image-preview:large","max-video-preview":"max-video-preview:-1"},"canonical":"https:\/\/hengxingmachinery.com\/pt\/cement-ball-mill\/","og_locale":"pt_PT","og_type":"article","og_title":"cement ball mill","og_description":"Cement ball mills are essential for grinding clinker and gypsum into fine cement powder. Known for its efficiency and durability, it's a staple in cement production.","og_url":"https:\/\/hengxingmachinery.com\/pt\/cement-ball-mill\/","og_site_name":"Hengxing Machinery","article_modified_time":"2025-01-13T09:30:29+00:00","og_image":[{"url":"https:\/\/hengxingmachinery.com\/wp-content\/uploads\/2025\/01\/Cement-ball-mill.jpg","type":"","width":"","height":""}],"twitter_card":"summary_large_image","twitter_misc":{"Tempo estimado de leitura":"5 minutos"},"schema":{"@context":"https:\/\/schema.org","@graph":[{"@type":"WebPage","@id":"https:\/\/hengxingmachinery.com\/cement-ball-mill\/","url":"https:\/\/hengxingmachinery.com\/cement-ball-mill\/","name":"moinho de bolas de cimento","isPartOf":{"@id":"https:\/\/hengxingmachinery.com\/#website"},"primaryImageOfPage":{"@id":"https:\/\/hengxingmachinery.com\/cement-ball-mill\/#primaryimage"},"image":{"@id":"https:\/\/hengxingmachinery.com\/cement-ball-mill\/#primaryimage"},"thumbnailUrl":"https:\/\/hengxingmachinery.com\/wp-content\/uploads\/2025\/01\/Cement-ball-mill.jpg","datePublished":"2025-01-10T09:24:29+00:00","dateModified":"2025-01-13T09:30:29+00:00","description":"Os moinhos de bolas de cimento s\u00e3o essenciais para moer cl\u00ednquer e gesso em p\u00f3 de cimento fino. Reconhecidos por sua efici\u00eancia e durabilidade, s\u00e3o um elemento fundamental na produ\u00e7\u00e3o de cimento.","breadcrumb":{"@id":"https:\/\/hengxingmachinery.com\/cement-ball-mill\/#breadcrumb"},"inLanguage":"pt-PT","potentialAction":[{"@type":"ReadAction","target":["https:\/\/hengxingmachinery.com\/cement-ball-mill\/"]}]},{"@type":"ImageObject","inLanguage":"pt-PT","@id":"https:\/\/hengxingmachinery.com\/cement-ball-mill\/#primaryimage","url":"https:\/\/hengxingmachinery.com\/wp-content\/uploads\/2025\/01\/Cement-ball-mill.jpg","contentUrl":"https:\/\/hengxingmachinery.com\/wp-content\/uploads\/2025\/01\/Cement-ball-mill.jpg"},{"@type":"BreadcrumbList","@id":"https:\/\/hengxingmachinery.com\/cement-ball-mill\/#breadcrumb","itemListElement":[{"@type":"ListItem","position":1,"name":"Home","item":"https:\/\/hengxingmachinery.com\/"},{"@type":"ListItem","position":2,"name":"3-1. Cement ball mill"}]},{"@type":"WebSite","@id":"https:\/\/hengxingmachinery.com\/#website","url":"https:\/\/hengxingmachinery.com\/","name":"M\u00e1quinas Hengxing","description":"Fabricante l\u00edder de todos os tipos de m\u00e1quinas de minera\u00e7\u00e3o","publisher":{"@id":"https:\/\/hengxingmachinery.com\/#organization"},"potentialAction":[{"@type":"SearchAction","target":{"@type":"EntryPoint","urlTemplate":"https:\/\/hengxingmachinery.com\/?s={search_term_string}"},"query-input":{"@type":"PropertyValueSpecification","valueRequired":true,"valueName":"search_term_string"}}],"inLanguage":"pt-PT"},{"@type":"Organization","@id":"https:\/\/hengxingmachinery.com\/#organization","name":"M\u00e1quinas Hengxing","url":"https:\/\/hengxingmachinery.com\/","logo":{"@type":"ImageObject","inLanguage":"pt-PT","@id":"https:\/\/hengxingmachinery.com\/#\/schema\/logo\/image\/","url":"https:\/\/hengxingmachinery.com\/wp-content\/uploads\/2024\/12\/logo.png","contentUrl":"https:\/\/hengxingmachinery.com\/wp-content\/uploads\/2024\/12\/logo.png","width":400,"height":260,"caption":"Hengxing Machinery"},"image":{"@id":"https:\/\/hengxingmachinery.com\/#\/schema\/logo\/image\/"}}]}},"_links":{"self":[{"href":"https:\/\/hengxingmachinery.com\/pt\/wp-json\/wp\/v2\/pages\/1430","targetHints":{"allow":["GET"]}}],"collection":[{"href":"https:\/\/hengxingmachinery.com\/pt\/wp-json\/wp\/v2\/pages"}],"about":[{"href":"https:\/\/hengxingmachinery.com\/pt\/wp-json\/wp\/v2\/types\/page"}],"author":[{"embeddable":true,"href":"https:\/\/hengxingmachinery.com\/pt\/wp-json\/wp\/v2\/users\/1"}],"replies":[{"embeddable":true,"href":"https:\/\/hengxingmachinery.com\/pt\/wp-json\/wp\/v2\/comments?post=1430"}],"version-history":[{"count":8,"href":"https:\/\/hengxingmachinery.com\/pt\/wp-json\/wp\/v2\/pages\/1430\/revisions"}],"predecessor-version":[{"id":1580,"href":"https:\/\/hengxingmachinery.com\/pt\/wp-json\/wp\/v2\/pages\/1430\/revisions\/1580"}],"wp:attachment":[{"href":"https:\/\/hengxingmachinery.com\/pt\/wp-json\/wp\/v2\/media?parent=1430"}],"curies":[{"name":"wp","href":"https:\/\/api.w.org\/{rel}","templated":true}]}}