{"id":1465,"date":"2025-01-10T09:37:36","date_gmt":"2025-01-10T09:37:36","guid":{"rendered":"https:\/\/hengxingmachinery.com\/?page_id=1465"},"modified":"2025-01-13T09:30:36","modified_gmt":"2025-01-13T09:30:36","slug":"cement-mill","status":"publish","type":"page","link":"https:\/\/hengxingmachinery.com\/pt\/cement-mill\/","title":{"rendered":"3-1. Moinho de cimento"},"content":{"rendered":"<div class=\"gb-container gb-container-45165f5a\">\n<div class=\"gb-container gb-container-c2652eb4\">\n\n<h1 class=\"gb-headline gb-headline-62a8b2cc gb-headline-text\">Moinho de cimento<\/h1>\n\n<\/div>\n<\/div>\n\n<div class=\"gb-container gb-container-519cf624\">\n<div class=\"gb-container gb-container-71ca071e\">\n<div class=\"gb-grid-wrapper gb-grid-wrapper-8a5f0688\">\n<div class=\"gb-grid-column gb-grid-column-1e99b1c2\"><div class=\"gb-container gb-container-1e99b1c2\">\n\n<figure class=\"gb-block-image gb-block-image-e4eaba54\"><img decoding=\"async\" width=\"665\" height=\"545\" class=\"gb-image gb-image-e4eaba54\" src=\"https:\/\/hengxingmachinery.com\/wp-content\/uploads\/2025\/01\/cement-mill-sale.jpg\" alt=\"\" title=\"venda-de-moinho-de-cimento\" srcset=\"https:\/\/hengxingmachinery.com\/wp-content\/uploads\/2025\/01\/cement-mill-sale.jpg 665w, https:\/\/hengxingmachinery.com\/wp-content\/uploads\/2025\/01\/cement-mill-sale-300x246.jpg 300w, https:\/\/hengxingmachinery.com\/wp-content\/uploads\/2025\/01\/cement-mill-sale-15x12.jpg 15w\" sizes=\"(max-width: 665px) 100vw, 665px\" \/><\/figure>\n\n<\/div><\/div>\n\n<div class=\"gb-grid-column gb-grid-column-bcae065b\"><div class=\"gb-container gb-container-bcae065b\">\n\n<p>Um moinho de bolas de cimento \u00e9 um equipamento fundamental para a moagem de mat\u00e9rias-primas de cimento e cl\u00ednquer de cimento.<\/p>\n\n\n\n<p>\u00c9 amplamente utilizado para minera\u00e7\u00e3o de min\u00e9rio, cimento, produtos de silicato, novos materiais de constru\u00e7\u00e3o, materiais \u00e0 prova de fogo, fertilizantes qu\u00edmicos, metais ferrosos e n\u00e3o ferrosos, vidro, cer\u00e2mica, etc. <\/p>\n\n\n<div class=\"gb-grid-wrapper gb-grid-wrapper-eebec76e\">\n<div class=\"gb-grid-column gb-grid-column-e3ada2f0\"><div class=\"gb-container gb-container-e3ada2f0\">\n\n<p class=\"gb-headline gb-headline-4c79a90a gb-headline-text\"><mark style=\"background-color:rgba(0, 0, 0, 0)\" class=\"has-inline-color has-global-color-8-color\"><strong>Capacidade:<\/strong><\/mark> 1,4-87t\/h<\/p>\n\n<\/div><\/div>\n\n<div class=\"gb-grid-column gb-grid-column-0bb00826\"><div class=\"gb-container gb-container-0bb00826\">\n\n<p class=\"gb-headline gb-headline-86d53f56 gb-headline-text\"><mark style=\"background-color:rgba(0, 0, 0, 0)\" class=\"has-inline-color has-global-color-8-color\"><strong>Corpo de moagem:<\/strong><\/mark> 5-224t<\/p>\n\n<\/div><\/div>\n<\/div>\n\n\n<p class=\"gb-headline gb-headline-2750f5a7 gb-headline-text\"><strong>Poder:<\/strong><\/p>\n\n\n\n<p class=\"gb-headline gb-headline-28231626 gb-headline-text\">55-3530kW<\/p>\n\n\n\n<p class=\"gb-headline gb-headline-c2b2172d gb-headline-text\"><strong>Aplica\u00e7\u00e3o:<\/strong><\/p>\n\n\n\n<p class=\"gb-headline gb-headline-6d45c959 gb-headline-text\">Para moagem de barita, calc\u00e1rio, caulinita, cer\u00e2mica e esc\u00f3rias<\/p>\n\n\n<div class=\"gb-container gb-container-256e15f1\">\n\n<a class=\"gb-button gb-button-e8b73d89 gb-button-text\" href=\"#popmake-622\">Obtenha uma cota\u00e7\u00e3o gratuita agora<\/a>\n\n<\/div>\n<\/div><\/div>\n<\/div>\n<\/div>\n<\/div>\n\n<div class=\"gb-container gb-container-118270fb\">\n<div class=\"gb-container gb-container-3b1e5c86\">\n\n<h2 class=\"gb-headline gb-headline-4183a533 gb-headline-text\">Aplica\u00e7\u00e3o do moinho de cimento<\/h2>\n\n\n\n<figure class=\"gb-block-image gb-block-image-68116685\"><img decoding=\"async\" width=\"920\" height=\"420\" class=\"gb-image gb-image-68116685\" src=\"https:\/\/hengxingmachinery.com\/wp-content\/uploads\/2025\/01\/cement-mill-for-sale.jpg\" alt=\"\" title=\"moinho-de-cimento-para-venda\" srcset=\"https:\/\/hengxingmachinery.com\/wp-content\/uploads\/2025\/01\/cement-mill-for-sale.jpg 920w, https:\/\/hengxingmachinery.com\/wp-content\/uploads\/2025\/01\/cement-mill-for-sale-300x137.jpg 300w, https:\/\/hengxingmachinery.com\/wp-content\/uploads\/2025\/01\/cement-mill-for-sale-768x351.jpg 768w, https:\/\/hengxingmachinery.com\/wp-content\/uploads\/2025\/01\/cement-mill-for-sale-18x8.jpg 18w\" sizes=\"(max-width: 920px) 100vw, 920px\" \/><\/figure>\n\n\n\n<p>Um moinho de cimento \u00e9 utilizado principalmente para a moagem do produto final em f\u00e1bricas de cimento. Tamb\u00e9m pode ser usado para moer todos os tipos de min\u00e9rios e outros materiais em metalurgia, ind\u00fastria qu\u00edmica, usinas de energia e outras empresas industriais e de minera\u00e7\u00e3o. Pode ser usado em circuito aberto ou fechado com um separador. O moinho de cimento apresenta alta adaptabilidade \u00e0s mat\u00e9rias-primas, produ\u00e7\u00e3o cont\u00ednua e uma elevada taxa de moagem.<\/p>\n\n\n\n<p>Os moinhos de bolas de cimento podem produzir p\u00f3 a partir de v\u00e1rios materiais minerais n\u00e3o inflam\u00e1veis e n\u00e3o explosivos, com dureza Mohs abaixo de 9,3 e umidade abaixo de 6%, como barita, calc\u00e1rio, caulinita, esc\u00f3rias cer\u00e2micas, etc. O tamanho do produto \u00e9 ajust\u00e1vel na faixa de 80-425 mesh.<\/p>\n\n\n<div class=\"gb-container gb-container-73594bdb\">\n\n<a class=\"gb-button gb-button-ec632b07 gb-button-text\" href=\"#popmake-622\">Obtenha uma cota\u00e7\u00e3o gratuita agora<\/a>\n\n<\/div>\n<\/div>\n<\/div>\n\n<div class=\"gb-container gb-container-15ef42f4\">\n<div class=\"gb-container gb-container-ac356924\">\n\n<h2 class=\"gb-headline gb-headline-8405d551 gb-headline-text\">Caracter\u00edsticas do moinho de bolas de cimento<\/h2>\n\n\n\n<figure class=\"gb-block-image gb-block-image-95f0e0f1\"><img decoding=\"async\" width=\"920\" height=\"420\" class=\"gb-image gb-image-95f0e0f1\" src=\"https:\/\/hengxingmachinery.com\/wp-content\/uploads\/2025\/01\/cement-mill-feature.jpg\" alt=\"\" title=\"caracteristica-do-moinho-de-cimento\" srcset=\"https:\/\/hengxingmachinery.com\/wp-content\/uploads\/2025\/01\/cement-mill-feature.jpg 920w, https:\/\/hengxingmachinery.com\/wp-content\/uploads\/2025\/01\/cement-mill-feature-300x137.jpg 300w, https:\/\/hengxingmachinery.com\/wp-content\/uploads\/2025\/01\/cement-mill-feature-768x351.jpg 768w, https:\/\/hengxingmachinery.com\/wp-content\/uploads\/2025\/01\/cement-mill-feature-18x8.jpg 18w\" sizes=\"(max-width: 920px) 100vw, 920px\" \/><\/figure>\n\n\n\n<p>(1) Moinhos de bolas de cimento comuns: Os moinhos de bolas de cimento comuns s\u00e3o usados principalmente em sistemas de moagem em circuito fechado. Caracterizam-se por alta efici\u00eancia de moagem, grande produ\u00e7\u00e3o do moinho e baixo consumo de energia, especialmente ao moer cimento de esc\u00f3ria. Geralmente, a produ\u00e7\u00e3o do moinho pode ser aumentada em 15-20%, e o consumo de energia pode ser reduzido em cerca de 10%. Al\u00e9m disso, a temperatura do produto acabado pode ser reduzida em 20-40\u2103, e a finura do produto pode ser facilmente ajustada.<\/p>\n\n\n\n<p>(2) Moinho de bolas de cimento de alta finura e alto rendimento: O moinho de bolas de cimento de alta finura e alto rendimento \u00e9 usado principalmente em sistemas de moagem em circuito aberto. Caracteriza-se por equipamentos e fluxo de processo simples, baixo investimento e pequena \u00e1rea ocupada; na estrutura do moinho, adota um dispositivo interno avan\u00e7ado de separa\u00e7\u00e3o de p\u00f3 com compartimento especial, um dispositivo de ativa\u00e7\u00e3o \u00e9 adicionado ao silo de moagem fina, e uma grelha de descarga especial \u00e9 fornecida na extremidade do moinho. A placa reduz o tamanho dos meios de moagem na c\u00e2mara de moagem, melhora muito a efici\u00eancia de moagem e atinge o objetivo de alta produ\u00e7\u00e3o e baixo consumo de energia.<\/p>\n\n\n<div class=\"gb-container gb-container-4e5b04f2\">\n\n<a class=\"gb-button gb-button-960f2e94 gb-button-text\" href=\"#popmake-622\">Obtenha uma cota\u00e7\u00e3o gratuita agora<\/a>\n\n<\/div>\n<\/div>\n<\/div>\n\n<div class=\"gb-container gb-container-3a930c38\">\n<div class=\"gb-container gb-container-8a36e90a\">\n\n<h2 class=\"gb-headline gb-headline-a5d3273c gb-headline-text\">Princ\u00edpio de funcionamento do moinho de cimento<\/h2>\n\n\n\n<p>O moinho de bolas de cimento \u00e9 composto por um corpo cil\u00edndrico horizontal, um eixo oco para alimenta\u00e7\u00e3o e descarga de materiais e uma cabe\u00e7a de moagem. O corpo cil\u00edndrico \u00e9 um cilindro longo. O cilindro est\u00e1 equipado com um corpo de moagem. O cilindro \u00e9 feito de chapa de a\u00e7o. <\/p>\n\n\n\n<p>Um revestimento de a\u00e7o \u00e9 fixado ao cilindro. O corpo de moagem \u00e9 geralmente uma bola de a\u00e7o, que \u00e9 carregada no cilindro de acordo com diferentes di\u00e2metros e uma certa propor\u00e7\u00e3o. O corpo de moagem tamb\u00e9m pode ser feito de a\u00e7o. Quando o moinho de bolas de cimento est\u00e1 em funcionamento, o tambor do equipamento gira, e a mat\u00e9ria-prima do cimento e as bolas de moagem aproximam-se do revestimento sob a a\u00e7\u00e3o da for\u00e7a centr\u00edfuga. <\/p>\n\n\n\n<p>Devido \u00e0 for\u00e7a de atrito, o tambor elevar\u00e1 o material e as bolas de moagem a uma certa altura, sob a a\u00e7\u00e3o da gravidade. As bolas de moagem e o material caem simultaneamente, as bolas de moagem trituram o material, e o material tem atrito de deslizamento contra o revestimento, o que tem um efeito de moagem sobre o material, para atingir o objetivo de moer o material.<\/p>\n\n\n<div class=\"gb-container gb-container-96208927\">\n\n<a class=\"gb-button gb-button-429870c5 gb-button-text\" href=\"#popmake-622\">Obtenha uma cota\u00e7\u00e3o gratuita agora<\/a>\n\n<\/div>\n<\/div>\n<\/div>\n\n<div class=\"gb-container gb-container-435ad261\">\n<div class=\"gb-container gb-container-7dc79cc4\">\n\n<h2 class=\"gb-headline gb-headline-6fe5dee2 gb-headline-text\">Especifica\u00e7\u00f5es do moinho de cimento<\/h2>\n\n\n\n<figure class=\"wp-block-table is-style-stripes\"><table class=\"has-fixed-layout\"><tbody><tr><td><strong>Especifica\u00e7\u00e3o (m)<\/strong><strong><\/strong><\/td><td><strong>Capacidade (t\/h)<\/strong><strong><\/strong><\/td><td><strong>Velocidade de rota\u00e7\u00e3o (r\/min)<\/strong><strong><\/strong><\/td><td><strong>Corpo moedor (t)<\/strong><strong><\/strong><\/td><td colspan=\"2\"><strong>Motor<\/strong><strong><\/strong><\/td><td colspan=\"2\"><strong>Redutor<\/strong><strong><\/strong><\/td><td><strong>Peso (t)<\/strong><strong><\/strong><\/td><\/tr><tr><td><strong>&nbsp;<\/strong><\/td><td><strong>&nbsp;<\/strong><\/td><td><strong>&nbsp;<\/strong><\/td><td><strong>&nbsp;<\/strong><\/td><td><strong>Modelo<\/strong><strong><\/strong><\/td><td><strong>Pot\u00eancia (kW)<\/strong><strong><\/strong><\/td><td><strong>Modelo<\/strong><strong><\/strong><\/td><td><strong>Rela\u00e7\u00e3o de velocidade<\/strong><strong><\/strong><\/td><td><strong>&nbsp;<\/strong><\/td><\/tr><tr><td>\u03a61.2\u00d74.5<\/td><td>1.4<\/td><td>30.3<\/td><td>5<\/td><td>YR250M-6<\/td><td>55<\/td><td>ZD30-8<\/td><td>4.481<\/td><td>13.1<\/td><\/tr><tr><td>\u03a61,5\u00d75,7<\/td><td>3.5<\/td><td>26.34<\/td><td>11<\/td><td>JR127-8<\/td><td>130<\/td><td>ZD40-7<\/td><td>4<\/td><td>25<\/td><\/tr><tr><td>\u03a61,83\u00d76,4<\/td><td>6<\/td><td>23.9<\/td><td>18<\/td><td>JR137-8<\/td><td>210<\/td><td>ZD60-8<\/td><td>4.5<\/td><td>35.3<\/td><\/tr><tr><td>\u03a61,83\u00d77<\/td><td>6.5<\/td><td>24.5<\/td><td>20<\/td><td>JR138-8<\/td><td>245<\/td><td>ZD60-8<\/td><td>4.5<\/td><td>37.2<\/td><\/tr><tr><td>\u03a62\u00d79<\/td><td>9.5-10<\/td><td>23.88<\/td><td>31<\/td><td>JR158-8<\/td><td>380<\/td><td>ZD70-8<\/td><td>4.5<\/td><td>58.4<\/td><\/tr><tr><td>\u03a62,2\u00d76,5<\/td><td>11<\/td><td>21.4<\/td><td>30<\/td><td>JRQ158-8\/YR630-8<\/td><td>380<\/td><td>ZD70-9<\/td><td>5<\/td><td>46.2<\/td><\/tr><tr><td>\u03a62,2\u00d76,5<\/td><td>14 Circuito fechado<\/td><td>21.4<\/td><td>30<\/td><td>JRQ158-8\/YR630-8<\/td><td>380<\/td><td>ZD70-9<\/td><td>5<\/td><td>46.2<\/td><\/tr><tr><td>\u03a62,2\u00d77<\/td><td>12<\/td><td>21.4<\/td><td>30<\/td><td>JR158-8<\/td><td>380<\/td><td>ZD70-9<\/td><td>5<\/td><td>54<\/td><\/tr><tr><td>\u03a62,2\u00d77,5<\/td><td>13<\/td><td>21.4<\/td><td>32<\/td><td>JR158-8<\/td><td>380<\/td><td>ZD70-9<\/td><td>5<\/td><td>63<\/td><\/tr><tr><td>\u03a62,2\u00d78<\/td><td>14<\/td><td>21.4<\/td><td>37<\/td><td>JR158-8<\/td><td>380<\/td><td>ZD70-9<\/td><td>5<\/td><td>65<\/td><\/tr><tr><td>\u03a62,2\u00d79,5<\/td><td>14-16 Circuito fechado<\/td><td>21.4<\/td><td>43<\/td><td>JR1510-8<\/td><td>475<\/td><td>ZD70-9<\/td><td>5<\/td><td>70<\/td><\/tr><tr><td>\u03a62,2\u00d713<\/td><td>16<\/td><td>20.3<\/td><td>55<\/td><td>YR630-8\/1180\/Y100L-8<\/td><td>630\/11<\/td><td>JD630\/ZS82,5-7<\/td><td>6.3\/99.96<\/td><td>114.4<\/td><\/tr><tr><td>\u03a62,4\u00d77<\/td><td>14-16 Circuito fechado<\/td><td>20.4<\/td><td>36<\/td><td>JR1510-8<\/td><td>475<\/td><td>JDX450<\/td><td>5<\/td><td>67.9<\/td><\/tr><tr><td>02,4\u00d78<\/td><td>16-17 Circuito fechado<\/td><td>20.3<\/td><td>41<\/td><td>JR1512-8\/Y180L-8<\/td><td>570\/11<\/td><td>JD630\/ZS82,5-7<\/td><td>6.333\/99.96<\/td><td>87.2<\/td><\/tr><tr><td>\u03a62,4\u00d79<\/td><td>17-19 Circuito fechado<\/td><td>20.3<\/td><td>46<\/td><td>YR630-8\/1180\/Y100L-8<\/td><td>630\/11<\/td><td>JD630\/ZS82,5-7<\/td><td>6.333\/99.96<\/td><td>93.5<\/td><\/tr><tr><td>\u03a62,4\u00d710<\/td><td>18-19 Circuito aberto<\/td><td>20.3<\/td><td>50<\/td><td>YR630-8\/1180\/Y100L-8<\/td><td>630\/11<\/td><td>JD630\/ZS82,5-7<\/td><td>6.333\/99.96<\/td><td>99.4<\/td><\/tr><tr><td>\u03a62,4\u00d711<\/td><td>19-21 Circuito aberto<\/td><td>20.3<\/td><td>60<\/td><td>YR630-8\/1180\/Y100L-8<\/td><td>630\/11<\/td><td>JD630\/ZS82,5-7<\/td><td>6.333\/99.96<\/td><td>99.4<\/td><\/tr><tr><td>\u03a62,4\u00d712<\/td><td>25-27 Circuito fechado<\/td><td>20.3<\/td><td>61<\/td><td>YR800-8\/1180\/Y100L-8<\/td><td>800\/11<\/td><td>JD630\/ZS82,5-7<\/td><td>6.333\/99.96<\/td><td>112.7<\/td><\/tr><tr><td>\u03a62,4\u00d713<\/td><td>25-27 Circuito aberto de alta finura<\/td><td>20.3<\/td><td>66<\/td><td>YR800-8\/1180\/Y100L-8<\/td><td>800\/11<\/td><td>JD630\/ZS82,5-7<\/td><td>6.333\/99.96<\/td><td>131.1<\/td><\/tr><tr><td>\u03a62,4\u00d713<\/td><td>21-23 Circuito aberto<\/td><td>20.3<\/td><td>66<\/td><td>YR1000-8\/1180\/Y160M-4<\/td><td>1000\/11<\/td><td>JD630\/ZS82,5-7<\/td><td>6.333\/99.96<\/td><td>130.4<\/td><\/tr><tr><td>\u03a62,6\u00d710<\/td><td>25-27 Circuito fechado<\/td><td>20.3<\/td><td>60<\/td><td>YR800-8\/1250<\/td><td>800<\/td><td>JD800<\/td><td>5.5<\/td><td>150.5<\/td><\/tr><tr><td>\u03a62,6\u00d713<\/td><td>27-29<\/td><td>19.1<\/td><td>80<\/td><td>YR1000-8\/1180\/Y160M-4<\/td><td>1000\/11<\/td><td>&nbsp;<\/td><td>5.5\/280<\/td><td>169<\/td><\/tr><tr><td>\u03a63\u00d79<\/td><td>33-34 Circuito fechado<\/td><td>19.6<\/td><td>79<\/td><td>YR1000-8\/1180\/Y160M-4<\/td><td>1000\/11<\/td><td>NAL108\/8\/ZS110-19<\/td><td>8\/280<\/td><td>156.5<\/td><\/tr><tr><td>\u03a63\u00d79<\/td><td>36,5 Circuito fechado<\/td><td>17.6<\/td><td>79<\/td><td>YR118\/61-8<\/td><td>1000<\/td><td>2\u00d71250<\/td><td>42.163<\/td><td>121,13 Sem motor<\/td><\/tr><tr><td>\u03a63\u00d711<\/td><td>35-40 Circuito fechado<\/td><td>18.3<\/td><td>97<\/td><td>YR1250-8\/1430\/YR160M-4<\/td><td>1250\/11<\/td><td>YNL1210<\/td><td>6.3<\/td><td>178<\/td><\/tr><tr><td>\u03a63\u00d711<\/td><td>47 Circuito fechado<\/td><td>17.7<\/td><td>97<\/td><td>YR118\/74-8<\/td><td>1250<\/td><td>ZI314<\/td><td>42.39<\/td><td>169<\/td><\/tr><tr><td>\u03a63\u00d712<\/td><td>38-40 Circuito fechado<\/td><td>18.1<\/td><td>90<\/td><td>YR1250-8\/1430<\/td><td>1250\/11<\/td><td>JS1100-00<\/td><td>41.27<\/td><td>196.26<\/td><\/tr><tr><td>\u03a63,2\u00d711<\/td><td>40 Circuito fechado<\/td><td>18<\/td><td>103<\/td><td>YR1400-8\/1430\/Y160M-4<\/td><td>1400\/11<\/td><td>YNL1210\/ZS110-19<\/td><td>12.35\/28<\/td><td>186,1 Sem motor<\/td><\/tr><tr><td>\u03a63,5\u00d711,5<\/td><td>65-70 Circuito fechado<\/td><td>16.5<\/td><td>129<\/td><td>TYD143\/49-8<\/td><td>2000<\/td><td>ZI370<\/td><td>36.239<\/td><td>138,3 Sem motor<\/td><\/tr><tr><td>\u03a63,5\u00d711,5<\/td><td>50 Circuito fechado<\/td><td>17.2<\/td><td>126<\/td><td>YR1800-8\/1430\/Y200L2-2<\/td><td>1800\/37<\/td><td>&nbsp;<\/td><td>43.02\/318<\/td><td>252.27<\/td><\/tr><tr><td>\u03a63,8\u00d713 Sapata dupla<\/td><td>70-75 Circuito fechado<\/td><td>16.6<\/td><td>170<\/td><td>YRKK800-8<\/td><td>2500<\/td><td>JS130\/MFY250<\/td><td>44.9<\/td><td>203 Sem motor<\/td><\/tr><tr><td>\u03a63,8\u00d713<\/td><td>60-62<\/td><td>16.3<\/td><td>170<\/td><td>YR2500-10\/1730<\/td><td>2500<\/td><td>MFYX250<\/td><td>&nbsp;<\/td><td>286<\/td><\/tr><tr><td>\u03a64\u00d713<\/td><td>65 Circuito fechado<\/td><td>15.95<\/td><td>202<\/td><td>YRKK900-8<\/td><td>2800<\/td><td>JS130-8<\/td><td>46.7<\/td><td>264<\/td><\/tr><tr><td>\u03a64,2\u00d713<\/td><td>85 Circuito fechado<\/td><td>16.3<\/td><td>224<\/td><td>YRKK900-8<\/td><td>3150<\/td><td>MFY320<\/td><td>47.8<\/td><td>250 Sem motor<\/td><\/tr><tr><td>\u03a64,2\u00d713<\/td><td>85-87<\/td><td>16.3<\/td><td>224<\/td><td>YR1000-8<\/td><td>3530<\/td><td>JQS3550<\/td><td>&nbsp;<\/td><td><\/td><\/tr><\/tbody><\/table><\/figure>\n\n\n<div class=\"gb-container gb-container-263d9700\">\n\n<a class=\"gb-button gb-button-a4cbb7be gb-button-text\" href=\"#popmake-622\">Obtenha uma cota\u00e7\u00e3o gratuita agora<\/a>\n\n<\/div>\n<\/div>\n<\/div>\n\n\n<p><\/p>","protected":false},"excerpt":{"rendered":"<p>Moinho de cimento Aplica\u00e7\u00e3o do moinho de cimento Um moinho de cimento \u00e9 utilizado principalmente para a moagem do produto final em f\u00e1bricas de cimento. Tamb\u00e9m pode ser usado para moer todos os tipos de min\u00e9rios e outros materiais em empresas industriais e de minera\u00e7\u00e3o de metalurgia, qu\u00edmica, usinas de energia e outros setores. Pode ser operado em circuito aberto ou\u2026 <\/p>\n<p class=\"read-more-container\"><a title=\"3-1. Moinho de cimento\" class=\"read-more button\" href=\"https:\/\/hengxingmachinery.com\/pt\/cement-mill\/#more-1465\" aria-label=\"Leia mais sobre 3-1. Moinho de cimento\">Ler mais<\/a><\/p>","protected":false},"author":1,"featured_media":0,"parent":0,"menu_order":0,"comment_status":"closed","ping_status":"closed","template":"","meta":{"footnotes":""},"class_list":["post-1465","page","type-page","status-publish"],"yoast_head":"<!-- This site is optimized with the Yoast SEO plugin v27.4 - https:\/\/yoast.com\/product\/yoast-seo-wordpress\/ -->\n<title>3-1. Cement mill - Hengxing Machinery<\/title>\n<meta name=\"robots\" content=\"index, follow, max-snippet:-1, max-image-preview:large, max-video-preview:-1\" \/>\n<link rel=\"canonical\" href=\"https:\/\/hengxingmachinery.com\/pt\/cement-mill\/\" \/>\n<meta property=\"og:locale\" content=\"pt_PT\" \/>\n<meta property=\"og:type\" content=\"article\" \/>\n<meta property=\"og:title\" content=\"3-1. Cement mill - Hengxing Machinery\" \/>\n<meta property=\"og:description\" content=\"Cement mill Cement mill application A cement mill is mainly used for final product grinding in cement plants. It can also be used for grinding all kinds of mineral ore and other materials in metallurgy, chemical, power plants and other industrial and mining enterprises. It can be used for grinding with the open circuit or ... Ler mais\" \/>\n<meta property=\"og:url\" content=\"https:\/\/hengxingmachinery.com\/pt\/cement-mill\/\" \/>\n<meta property=\"og:site_name\" content=\"Hengxing Machinery\" \/>\n<meta property=\"article:modified_time\" content=\"2025-01-13T09:30:36+00:00\" \/>\n<meta property=\"og:image\" content=\"https:\/\/hengxingmachinery.com\/wp-content\/uploads\/2025\/01\/cement-mill-sale.jpg\" \/>\n<meta name=\"twitter:card\" content=\"summary_large_image\" \/>\n<meta name=\"twitter:label1\" content=\"Tempo estimado de leitura\" \/>\n\t<meta name=\"twitter:data1\" content=\"5 minutos\" \/>\n<script type=\"application\/ld+json\" class=\"yoast-schema-graph\">{\"@context\":\"https:\\\/\\\/schema.org\",\"@graph\":[{\"@type\":\"WebPage\",\"@id\":\"https:\\\/\\\/hengxingmachinery.com\\\/cement-mill\\\/\",\"url\":\"https:\\\/\\\/hengxingmachinery.com\\\/cement-mill\\\/\",\"name\":\"3-1. Cement mill - Hengxing Machinery\",\"isPartOf\":{\"@id\":\"https:\\\/\\\/hengxingmachinery.com\\\/#website\"},\"primaryImageOfPage\":{\"@id\":\"https:\\\/\\\/hengxingmachinery.com\\\/cement-mill\\\/#primaryimage\"},\"image\":{\"@id\":\"https:\\\/\\\/hengxingmachinery.com\\\/cement-mill\\\/#primaryimage\"},\"thumbnailUrl\":\"https:\\\/\\\/hengxingmachinery.com\\\/wp-content\\\/uploads\\\/2025\\\/01\\\/cement-mill-sale.jpg\",\"datePublished\":\"2025-01-10T09:37:36+00:00\",\"dateModified\":\"2025-01-13T09:30:36+00:00\",\"breadcrumb\":{\"@id\":\"https:\\\/\\\/hengxingmachinery.com\\\/cement-mill\\\/#breadcrumb\"},\"inLanguage\":\"pt-PT\",\"potentialAction\":[{\"@type\":\"ReadAction\",\"target\":[\"https:\\\/\\\/hengxingmachinery.com\\\/cement-mill\\\/\"]}]},{\"@type\":\"ImageObject\",\"inLanguage\":\"pt-PT\",\"@id\":\"https:\\\/\\\/hengxingmachinery.com\\\/cement-mill\\\/#primaryimage\",\"url\":\"https:\\\/\\\/hengxingmachinery.com\\\/wp-content\\\/uploads\\\/2025\\\/01\\\/cement-mill-sale.jpg\",\"contentUrl\":\"https:\\\/\\\/hengxingmachinery.com\\\/wp-content\\\/uploads\\\/2025\\\/01\\\/cement-mill-sale.jpg\"},{\"@type\":\"BreadcrumbList\",\"@id\":\"https:\\\/\\\/hengxingmachinery.com\\\/cement-mill\\\/#breadcrumb\",\"itemListElement\":[{\"@type\":\"ListItem\",\"position\":1,\"name\":\"Home\",\"item\":\"https:\\\/\\\/hengxingmachinery.com\\\/\"},{\"@type\":\"ListItem\",\"position\":2,\"name\":\"3-1. Cement mill\"}]},{\"@type\":\"WebSite\",\"@id\":\"https:\\\/\\\/hengxingmachinery.com\\\/#website\",\"url\":\"https:\\\/\\\/hengxingmachinery.com\\\/\",\"name\":\"Hengxing Machinery\",\"description\":\"Leading Manufacturer of All Sorts of Mining Machinery\",\"publisher\":{\"@id\":\"https:\\\/\\\/hengxingmachinery.com\\\/#organization\"},\"potentialAction\":[{\"@type\":\"SearchAction\",\"target\":{\"@type\":\"EntryPoint\",\"urlTemplate\":\"https:\\\/\\\/hengxingmachinery.com\\\/?s={search_term_string}\"},\"query-input\":{\"@type\":\"PropertyValueSpecification\",\"valueRequired\":true,\"valueName\":\"search_term_string\"}}],\"inLanguage\":\"pt-PT\"},{\"@type\":\"Organization\",\"@id\":\"https:\\\/\\\/hengxingmachinery.com\\\/#organization\",\"name\":\"Hengxing Machinery\",\"url\":\"https:\\\/\\\/hengxingmachinery.com\\\/\",\"logo\":{\"@type\":\"ImageObject\",\"inLanguage\":\"pt-PT\",\"@id\":\"https:\\\/\\\/hengxingmachinery.com\\\/#\\\/schema\\\/logo\\\/image\\\/\",\"url\":\"https:\\\/\\\/hengxingmachinery.com\\\/wp-content\\\/uploads\\\/2024\\\/12\\\/logo.png\",\"contentUrl\":\"https:\\\/\\\/hengxingmachinery.com\\\/wp-content\\\/uploads\\\/2024\\\/12\\\/logo.png\",\"width\":400,\"height\":260,\"caption\":\"Hengxing Machinery\"},\"image\":{\"@id\":\"https:\\\/\\\/hengxingmachinery.com\\\/#\\\/schema\\\/logo\\\/image\\\/\"}}]}<\/script>\n<!-- \/ Yoast SEO plugin. -->","yoast_head_json":{"title":"3-1. Moinho de cimento - Hengxing Machinery","robots":{"index":"index","follow":"follow","max-snippet":"max-snippet:-1","max-image-preview":"max-image-preview:large","max-video-preview":"max-video-preview:-1"},"canonical":"https:\/\/hengxingmachinery.com\/pt\/cement-mill\/","og_locale":"pt_PT","og_type":"article","og_title":"3-1. Cement mill - Hengxing Machinery","og_description":"Cement mill Cement mill application A cement mill is mainly used for final product grinding in cement plants. It can also be used for grinding all kinds of mineral ore and other materials in metallurgy, chemical, power plants and other industrial and mining enterprises. It can be used for grinding with the open circuit or ... Ler mais","og_url":"https:\/\/hengxingmachinery.com\/pt\/cement-mill\/","og_site_name":"Hengxing Machinery","article_modified_time":"2025-01-13T09:30:36+00:00","og_image":[{"url":"https:\/\/hengxingmachinery.com\/wp-content\/uploads\/2025\/01\/cement-mill-sale.jpg","type":"","width":"","height":""}],"twitter_card":"summary_large_image","twitter_misc":{"Tempo estimado de leitura":"5 minutos"},"schema":{"@context":"https:\/\/schema.org","@graph":[{"@type":"WebPage","@id":"https:\/\/hengxingmachinery.com\/cement-mill\/","url":"https:\/\/hengxingmachinery.com\/cement-mill\/","name":"3-1. Moinho de cimento - Hengxing Machinery","isPartOf":{"@id":"https:\/\/hengxingmachinery.com\/#website"},"primaryImageOfPage":{"@id":"https:\/\/hengxingmachinery.com\/cement-mill\/#primaryimage"},"image":{"@id":"https:\/\/hengxingmachinery.com\/cement-mill\/#primaryimage"},"thumbnailUrl":"https:\/\/hengxingmachinery.com\/wp-content\/uploads\/2025\/01\/cement-mill-sale.jpg","datePublished":"2025-01-10T09:37:36+00:00","dateModified":"2025-01-13T09:30:36+00:00","breadcrumb":{"@id":"https:\/\/hengxingmachinery.com\/cement-mill\/#breadcrumb"},"inLanguage":"pt-PT","potentialAction":[{"@type":"ReadAction","target":["https:\/\/hengxingmachinery.com\/cement-mill\/"]}]},{"@type":"ImageObject","inLanguage":"pt-PT","@id":"https:\/\/hengxingmachinery.com\/cement-mill\/#primaryimage","url":"https:\/\/hengxingmachinery.com\/wp-content\/uploads\/2025\/01\/cement-mill-sale.jpg","contentUrl":"https:\/\/hengxingmachinery.com\/wp-content\/uploads\/2025\/01\/cement-mill-sale.jpg"},{"@type":"BreadcrumbList","@id":"https:\/\/hengxingmachinery.com\/cement-mill\/#breadcrumb","itemListElement":[{"@type":"ListItem","position":1,"name":"Home","item":"https:\/\/hengxingmachinery.com\/"},{"@type":"ListItem","position":2,"name":"3-1. Cement mill"}]},{"@type":"WebSite","@id":"https:\/\/hengxingmachinery.com\/#website","url":"https:\/\/hengxingmachinery.com\/","name":"M\u00e1quinas Hengxing","description":"Fabricante l\u00edder de todos os tipos de m\u00e1quinas de minera\u00e7\u00e3o","publisher":{"@id":"https:\/\/hengxingmachinery.com\/#organization"},"potentialAction":[{"@type":"SearchAction","target":{"@type":"EntryPoint","urlTemplate":"https:\/\/hengxingmachinery.com\/?s={search_term_string}"},"query-input":{"@type":"PropertyValueSpecification","valueRequired":true,"valueName":"search_term_string"}}],"inLanguage":"pt-PT"},{"@type":"Organization","@id":"https:\/\/hengxingmachinery.com\/#organization","name":"M\u00e1quinas Hengxing","url":"https:\/\/hengxingmachinery.com\/","logo":{"@type":"ImageObject","inLanguage":"pt-PT","@id":"https:\/\/hengxingmachinery.com\/#\/schema\/logo\/image\/","url":"https:\/\/hengxingmachinery.com\/wp-content\/uploads\/2024\/12\/logo.png","contentUrl":"https:\/\/hengxingmachinery.com\/wp-content\/uploads\/2024\/12\/logo.png","width":400,"height":260,"caption":"Hengxing Machinery"},"image":{"@id":"https:\/\/hengxingmachinery.com\/#\/schema\/logo\/image\/"}}]}},"_links":{"self":[{"href":"https:\/\/hengxingmachinery.com\/pt\/wp-json\/wp\/v2\/pages\/1465","targetHints":{"allow":["GET"]}}],"collection":[{"href":"https:\/\/hengxingmachinery.com\/pt\/wp-json\/wp\/v2\/pages"}],"about":[{"href":"https:\/\/hengxingmachinery.com\/pt\/wp-json\/wp\/v2\/types\/page"}],"author":[{"embeddable":true,"href":"https:\/\/hengxingmachinery.com\/pt\/wp-json\/wp\/v2\/users\/1"}],"replies":[{"embeddable":true,"href":"https:\/\/hengxingmachinery.com\/pt\/wp-json\/wp\/v2\/comments?post=1465"}],"version-history":[{"count":2,"href":"https:\/\/hengxingmachinery.com\/pt\/wp-json\/wp\/v2\/pages\/1465\/revisions"}],"predecessor-version":[{"id":1581,"href":"https:\/\/hengxingmachinery.com\/pt\/wp-json\/wp\/v2\/pages\/1465\/revisions\/1581"}],"wp:attachment":[{"href":"https:\/\/hengxingmachinery.com\/pt\/wp-json\/wp\/v2\/media?parent=1465"}],"curies":[{"name":"wp","href":"https:\/\/api.w.org\/{rel}","templated":true}]}}