{"id":1480,"date":"2025-01-10T09:54:01","date_gmt":"2025-01-10T09:54:01","guid":{"rendered":"https:\/\/hengxingmachinery.com\/?page_id=1480"},"modified":"2025-01-13T09:28:56","modified_gmt":"2025-01-13T09:28:56","slug":"air-swept-coal-mill","status":"publish","type":"page","link":"https:\/\/hengxingmachinery.com\/pt\/air-swept-coal-mill\/","title":{"rendered":"3-1. Moinho de carv\u00e3o com varredura de ar"},"content":{"rendered":"<div class=\"gb-container gb-container-45165f5a\">\n<div class=\"gb-container gb-container-c2652eb4\">\n\n<h1 class=\"gb-headline gb-headline-62a8b2cc gb-headline-text\">Moinho de carv\u00e3o varrido a ar<\/h1>\n\n<\/div>\n<\/div>\n\n<div class=\"gb-container gb-container-519cf624\">\n<div class=\"gb-container gb-container-71ca071e\">\n<div class=\"gb-grid-wrapper gb-grid-wrapper-8a5f0688\">\n<div class=\"gb-grid-column gb-grid-column-1e99b1c2\"><div class=\"gb-container gb-container-1e99b1c2\">\n\n<figure class=\"gb-block-image gb-block-image-e4eaba54\"><img decoding=\"async\" width=\"665\" height=\"545\" class=\"gb-image gb-image-e4eaba54\" src=\"https:\/\/hengxingmachinery.com\/wp-content\/uploads\/2025\/01\/air-swept-coal-mill-for-sale.jpg\" alt=\"\" title=\"moinho-de-carvao-por-ar-a-venda\" srcset=\"https:\/\/hengxingmachinery.com\/wp-content\/uploads\/2025\/01\/air-swept-coal-mill-for-sale.jpg 665w, https:\/\/hengxingmachinery.com\/wp-content\/uploads\/2025\/01\/air-swept-coal-mill-for-sale-300x246.jpg 300w, https:\/\/hengxingmachinery.com\/wp-content\/uploads\/2025\/01\/air-swept-coal-mill-for-sale-15x12.jpg 15w\" sizes=\"(max-width: 665px) 100vw, 665px\" \/><\/figure>\n\n<\/div><\/div>\n\n<div class=\"gb-grid-column gb-grid-column-bcae065b\"><div class=\"gb-container gb-container-bcae065b\">\n\n<p>O moinho de carv\u00e3o por ar \u00e9 um equipamento ideal para processamento de carv\u00e3o, capaz de realizar moagem e secagem simultaneamente. Possui caracter\u00edsticas de economia de energia e prote\u00e7\u00e3o ambiental. A finura do carv\u00e3o mo\u00eddo \u00e9 superior a 85% e passa por peneira de 200 malhas, com teor de umidade inferior a 2%. \u00c9 um equipamento ideal para pulveriza\u00e7\u00e3o de carv\u00e3o utilizado em fornos industriais, fornos rotativos, etc.<\/p>\n\n\n<div class=\"gb-grid-wrapper gb-grid-wrapper-eebec76e\">\n<div class=\"gb-grid-column gb-grid-column-e3ada2f0\"><div class=\"gb-container gb-container-e3ada2f0\">\n\n<p class=\"gb-headline gb-headline-4c79a90a gb-headline-text\"><mark style=\"background-color:rgba(0, 0, 0, 0)\" class=\"has-inline-color has-global-color-8-color\"><strong>Capacidade:<\/strong><\/mark> 1,4-16t\/h<\/p>\n\n<\/div><\/div>\n\n<div class=\"gb-grid-column gb-grid-column-0bb00826\"><div class=\"gb-container gb-container-0bb00826\">\n\n<p class=\"gb-headline gb-headline-86d53f56 gb-headline-text\"><mark style=\"background-color:rgba(0, 0, 0, 0)\" class=\"has-inline-color has-global-color-8-color\"><strong>Carga da bola:<\/strong><\/mark> 4,8\u201335 t<\/p>\n\n<\/div><\/div>\n<\/div>\n\n\n<p class=\"gb-headline gb-headline-2750f5a7 gb-headline-text\"><strong>Poder:<\/strong><\/p>\n\n\n\n<p class=\"gb-headline gb-headline-28231626 gb-headline-text\">45\u2013570 kW<\/p>\n\n\n<div class=\"gb-container gb-container-256e15f1\">\n\n<a class=\"gb-button gb-button-e8b73d89 gb-button-text\" href=\"#popmake-622\">Obtenha uma cota\u00e7\u00e3o gratuita agora<\/a>\n\n<\/div>\n<\/div><\/div>\n<\/div>\n<\/div>\n<\/div>\n\n<div class=\"gb-container gb-container-3a930c38\">\n<div class=\"gb-container gb-container-8a36e90a\">\n\n<h2 class=\"gb-headline gb-headline-a5d3273c gb-headline-text\">Princ\u00edpio de funcionamento do moinho de carv\u00e3o por ar<\/h2>\n\n\n\n<figure class=\"gb-block-image gb-block-image-1c359176\"><img decoding=\"async\" width=\"665\" height=\"421\" class=\"gb-image gb-image-1c359176\" src=\"https:\/\/hengxingmachinery.com\/wp-content\/uploads\/2025\/01\/air-swept-coal-mill-working.jpg\" alt=\"\" title=\"moinho-de-carvao-por-ar-funcionamento\" srcset=\"https:\/\/hengxingmachinery.com\/wp-content\/uploads\/2025\/01\/air-swept-coal-mill-working.jpg 665w, https:\/\/hengxingmachinery.com\/wp-content\/uploads\/2025\/01\/air-swept-coal-mill-working-300x190.jpg 300w, https:\/\/hengxingmachinery.com\/wp-content\/uploads\/2025\/01\/air-swept-coal-mill-working-18x12.jpg 18w\" sizes=\"(max-width: 665px) 100vw, 665px\" \/><\/figure>\n\n\n\n<p>O equipamento de alimenta\u00e7\u00e3o introduz o carv\u00e3o bruto na calha do dispositivo alimentador. Enquanto o material desliza para baixo, o ar quente a aproximadamente 300\u00b0C tamb\u00e9m entra no moinho atrav\u00e9s do tubo de admiss\u00e3o de ar para secar o carv\u00e3o bruto; o carv\u00e3o bruto entra no tambor atrav\u00e9s do parafuso alimentador. No interior do dep\u00f3sito do corpo, existe uma quantidade determinada de corpos moedores. <\/p>\n\n\n\n<p>Devido \u00e0 rota\u00e7\u00e3o do cilindro, o revestimento interno eleva os corpos moedores a uma certa altura, utilizando ent\u00e3o a energia de impacto e atrito durante a queda para triturar e moer o carv\u00e3o bruto. <\/p>\n\n\n\n<p>Durante a tritura\u00e7\u00e3o e moagem, um exaustor especializado suga a mistura de p\u00f3 fino mo\u00eddo e ar quente utilizado para fora do moinho atrav\u00e9s do dispositivo de descarga. Esta mistura passa por um classificador especializado que separa o p\u00f3 grosso n\u00e3o conforme, retornando-o ao moinho para remoagem.<\/p>\n\n\n<div class=\"gb-container gb-container-96208927\">\n\n<a class=\"gb-button gb-button-429870c5 gb-button-text\" href=\"#popmake-622\">Obtenha uma cota\u00e7\u00e3o gratuita agora<\/a>\n\n<\/div>\n<\/div>\n<\/div>\n\n<div class=\"gb-container gb-container-435ad261\">\n<div class=\"gb-container gb-container-7dc79cc4\">\n\n<h2 class=\"gb-headline gb-headline-6fe5dee2 gb-headline-text\">Especifica\u00e7\u00f5es do moinho de carv\u00e3o por ar<\/h2>\n\n\n\n<figure class=\"wp-block-table is-style-stripes\"><table class=\"has-fixed-layout\"><tbody><tr><td>Modelo<\/td><td>Carga de bolas (t)<\/td><td>Velocidade de rota\u00e7\u00e3o do tambor (r\/min)<\/td><td>Capacidade (t\/h)<\/td><td>Modelo<\/td><td>Pot\u00eancia do motor (kW)<\/td><td>Tens\u00e3o (V)<\/td><td>Dimens\u00f5es totais (mm)<\/td><td>Peso (t)<\/td><\/tr><tr><td>\u03c61200\u00d72400<\/td><td>4.8<\/td><td>32<\/td><td>1.4-2<\/td><td>Y280M-8<\/td><td>45<\/td><td>380<\/td><td>6520\u00d72850\u00d72540<\/td><td>11.2<\/td><\/tr><tr><td>\u03c61500\u00d73000<\/td><td>8<\/td><td>28.8<\/td><td>2-3<\/td><td>JR125-8<\/td><td>95<\/td><td>380<\/td><td>7604\u00d72630\u00d72698<\/td><td>19.7<\/td><\/tr><tr><td>\u03c61700\u00d72500<\/td><td>7.5<\/td><td>24.5<\/td><td>3-5<\/td><td>JR116-6<\/td><td>95<\/td><td>380<\/td><td>6998\u00d73700\u00d72628<\/td><td>24<\/td><\/tr><tr><td>\u03c62200\u00d73000<\/td><td>13<\/td><td>22<\/td><td>5-6<\/td><td>JR136-8<\/td><td>180<\/td><td>380<\/td><td>7680\u00d74389\u00d73950<\/td><td>33.5<\/td><\/tr><tr><td>\u03c62200\u00d74400<\/td><td>\u3000<\/td><td>21<\/td><td>8-9<\/td><td>YRKK4501-6<\/td><td>250<\/td><td>380<\/td><td>7880\u00d74420\u00d73950<\/td><td>39<\/td><\/tr><tr><td>\u03c62200\u00d75800<\/td><td>\u3000<\/td><td>21<\/td><td>5.5-7<\/td><td>Y4005-8<\/td><td>280<\/td><td>380<\/td><td>9060\u00d74480\u00d73950<\/td><td>45.8<\/td><\/tr><tr><td>\u03c62400\u00d74750<\/td><td>22<\/td><td>20<\/td><td>10-12<\/td><td>YR400-8<\/td><td>280<\/td><td>6000<\/td><td>7770\u00d75266\u00d74024<\/td><td>49<\/td><\/tr><tr><td>\u03c62400\u00d7(4000+2000)<\/td><td>\u3000<\/td><td>\u3000<\/td><td>10-11<\/td><td>YRKK450-8<\/td><td>250<\/td><td>6000<\/td><td>10600\u00d75500\u00d74024<\/td><td>56<\/td><\/tr><tr><td>\u03c62400\u00d7(4500+2000)<\/td><td>\u3000<\/td><td>\u3000<\/td><td>10-12<\/td><td>YRKK500-8<\/td><td>280<\/td><td>6000<\/td><td>11200\u00d75500\u00d74024<\/td><td>59.6<\/td><\/tr><tr><td>\u03c62500\u00d73900<\/td><td>\u3000<\/td><td>\u3000<\/td><td>14<\/td><td>JR138-8<\/td><td>280<\/td><td>6000<\/td><td>8770\u00d76266\u00d74870<\/td><td>53<\/td><\/tr><tr><td>\u03c62600\u00d7(5250+2250)<\/td><td>\u3000<\/td><td>\u3000<\/td><td>9-10<\/td><td>YRKK500-8<\/td><td>400<\/td><td>6000<\/td><td>\u3000<\/td><td>74.3<\/td><\/tr><tr><td>\u03c62800\u00d7(5000+3000)<\/td><td>\u3000<\/td><td>\u3000<\/td><td>13-13.5<\/td><td>Y5001-8<\/td><td>500<\/td><td>6000<\/td><td>\u3000<\/td><td>\u3000<\/td><\/tr><tr><td>\u03c62900\u00d74700<\/td><td>35<\/td><td>18.6<\/td><td>16<\/td><td>JSQ1512-6<\/td><td>570<\/td><td>6000<\/td><td>8930\u00d76179\u00d74440<\/td><td>81<\/td><\/tr><\/tbody><\/table><\/figure>\n\n\n<div class=\"gb-container gb-container-263d9700\">\n\n<a class=\"gb-button gb-button-a4cbb7be gb-button-text\" href=\"#popmake-622\">Obtenha uma cota\u00e7\u00e3o gratuita agora<\/a>\n\n<\/div>\n<\/div>\n<\/div>\n\n\n<p><\/p>","protected":false},"excerpt":{"rendered":"<p>Air swept coal mill Air swept coal mill working principle The feeding equipment feeds the raw coal into the chute of the feeding device. While the material is sliding down, the hot air with a temperature of about 300\u00b0C also enters the mill through the air inlet pipe to dry the raw coal; the raw &#8230; <\/p>\n<p class=\"read-more-container\"><a title=\"3-1. Moinho de carv\u00e3o com varredura de ar\" class=\"read-more button\" href=\"https:\/\/hengxingmachinery.com\/pt\/air-swept-coal-mill\/#more-1480\" aria-label=\"Leia mais sobre 3-1. Air swept coal mill\">Ler mais<\/a><\/p>","protected":false},"author":1,"featured_media":0,"parent":0,"menu_order":0,"comment_status":"closed","ping_status":"closed","template":"","meta":{"footnotes":""},"class_list":["post-1480","page","type-page","status-publish"],"yoast_head":"<!-- This site is optimized with the Yoast SEO plugin v27.4 - https:\/\/yoast.com\/product\/yoast-seo-wordpress\/ -->\n<title>3-1. Air swept coal mill - Hengxing Machinery<\/title>\n<meta name=\"robots\" content=\"index, follow, max-snippet:-1, max-image-preview:large, max-video-preview:-1\" \/>\n<link rel=\"canonical\" href=\"https:\/\/hengxingmachinery.com\/pt\/air-swept-coal-mill\/\" \/>\n<meta property=\"og:locale\" content=\"pt_PT\" \/>\n<meta property=\"og:type\" content=\"article\" \/>\n<meta property=\"og:title\" content=\"3-1. Air swept coal mill - Hengxing Machinery\" \/>\n<meta property=\"og:description\" content=\"Air swept coal mill Air swept coal mill working principle The feeding equipment feeds the raw coal into the chute of the feeding device. While the material is sliding down, the hot air with a temperature of about 300\u00b0C also enters the mill through the air inlet pipe to dry the raw coal; the raw ... Ler mais\" \/>\n<meta property=\"og:url\" content=\"https:\/\/hengxingmachinery.com\/pt\/air-swept-coal-mill\/\" \/>\n<meta property=\"og:site_name\" content=\"Hengxing Machinery\" \/>\n<meta property=\"article:modified_time\" content=\"2025-01-13T09:28:56+00:00\" \/>\n<meta property=\"og:image\" content=\"https:\/\/hengxingmachinery.com\/wp-content\/uploads\/2025\/01\/air-swept-coal-mill-for-sale.jpg\" \/>\n<meta name=\"twitter:card\" content=\"summary_large_image\" \/>\n<meta name=\"twitter:label1\" content=\"Tempo estimado de leitura\" \/>\n\t<meta name=\"twitter:data1\" content=\"3 minutos\" \/>\n<script type=\"application\/ld+json\" class=\"yoast-schema-graph\">{\"@context\":\"https:\\\/\\\/schema.org\",\"@graph\":[{\"@type\":\"WebPage\",\"@id\":\"https:\\\/\\\/hengxingmachinery.com\\\/air-swept-coal-mill\\\/\",\"url\":\"https:\\\/\\\/hengxingmachinery.com\\\/air-swept-coal-mill\\\/\",\"name\":\"3-1. Air swept coal mill - Hengxing Machinery\",\"isPartOf\":{\"@id\":\"https:\\\/\\\/hengxingmachinery.com\\\/#website\"},\"primaryImageOfPage\":{\"@id\":\"https:\\\/\\\/hengxingmachinery.com\\\/air-swept-coal-mill\\\/#primaryimage\"},\"image\":{\"@id\":\"https:\\\/\\\/hengxingmachinery.com\\\/air-swept-coal-mill\\\/#primaryimage\"},\"thumbnailUrl\":\"https:\\\/\\\/hengxingmachinery.com\\\/wp-content\\\/uploads\\\/2025\\\/01\\\/air-swept-coal-mill-for-sale.jpg\",\"datePublished\":\"2025-01-10T09:54:01+00:00\",\"dateModified\":\"2025-01-13T09:28:56+00:00\",\"breadcrumb\":{\"@id\":\"https:\\\/\\\/hengxingmachinery.com\\\/air-swept-coal-mill\\\/#breadcrumb\"},\"inLanguage\":\"pt-PT\",\"potentialAction\":[{\"@type\":\"ReadAction\",\"target\":[\"https:\\\/\\\/hengxingmachinery.com\\\/air-swept-coal-mill\\\/\"]}]},{\"@type\":\"ImageObject\",\"inLanguage\":\"pt-PT\",\"@id\":\"https:\\\/\\\/hengxingmachinery.com\\\/air-swept-coal-mill\\\/#primaryimage\",\"url\":\"https:\\\/\\\/hengxingmachinery.com\\\/wp-content\\\/uploads\\\/2025\\\/01\\\/air-swept-coal-mill-for-sale.jpg\",\"contentUrl\":\"https:\\\/\\\/hengxingmachinery.com\\\/wp-content\\\/uploads\\\/2025\\\/01\\\/air-swept-coal-mill-for-sale.jpg\"},{\"@type\":\"BreadcrumbList\",\"@id\":\"https:\\\/\\\/hengxingmachinery.com\\\/air-swept-coal-mill\\\/#breadcrumb\",\"itemListElement\":[{\"@type\":\"ListItem\",\"position\":1,\"name\":\"Home\",\"item\":\"https:\\\/\\\/hengxingmachinery.com\\\/\"},{\"@type\":\"ListItem\",\"position\":2,\"name\":\"3-1. Air swept coal mill\"}]},{\"@type\":\"WebSite\",\"@id\":\"https:\\\/\\\/hengxingmachinery.com\\\/#website\",\"url\":\"https:\\\/\\\/hengxingmachinery.com\\\/\",\"name\":\"Hengxing Machinery\",\"description\":\"Leading Manufacturer of All Sorts of Mining Machinery\",\"publisher\":{\"@id\":\"https:\\\/\\\/hengxingmachinery.com\\\/#organization\"},\"potentialAction\":[{\"@type\":\"SearchAction\",\"target\":{\"@type\":\"EntryPoint\",\"urlTemplate\":\"https:\\\/\\\/hengxingmachinery.com\\\/?s={search_term_string}\"},\"query-input\":{\"@type\":\"PropertyValueSpecification\",\"valueRequired\":true,\"valueName\":\"search_term_string\"}}],\"inLanguage\":\"pt-PT\"},{\"@type\":\"Organization\",\"@id\":\"https:\\\/\\\/hengxingmachinery.com\\\/#organization\",\"name\":\"Hengxing Machinery\",\"url\":\"https:\\\/\\\/hengxingmachinery.com\\\/\",\"logo\":{\"@type\":\"ImageObject\",\"inLanguage\":\"pt-PT\",\"@id\":\"https:\\\/\\\/hengxingmachinery.com\\\/#\\\/schema\\\/logo\\\/image\\\/\",\"url\":\"https:\\\/\\\/hengxingmachinery.com\\\/wp-content\\\/uploads\\\/2024\\\/12\\\/logo.png\",\"contentUrl\":\"https:\\\/\\\/hengxingmachinery.com\\\/wp-content\\\/uploads\\\/2024\\\/12\\\/logo.png\",\"width\":400,\"height\":260,\"caption\":\"Hengxing Machinery\"},\"image\":{\"@id\":\"https:\\\/\\\/hengxingmachinery.com\\\/#\\\/schema\\\/logo\\\/image\\\/\"}}]}<\/script>\n<!-- \/ Yoast SEO plugin. -->","yoast_head_json":{"title":"3-1. Moinho de carv\u00e3o com varredura de ar - Hengxing Machinery","robots":{"index":"index","follow":"follow","max-snippet":"max-snippet:-1","max-image-preview":"max-image-preview:large","max-video-preview":"max-video-preview:-1"},"canonical":"https:\/\/hengxingmachinery.com\/pt\/air-swept-coal-mill\/","og_locale":"pt_PT","og_type":"article","og_title":"3-1. Air swept coal mill - Hengxing Machinery","og_description":"Air swept coal mill Air swept coal mill working principle The feeding equipment feeds the raw coal into the chute of the feeding device. While the material is sliding down, the hot air with a temperature of about 300\u00b0C also enters the mill through the air inlet pipe to dry the raw coal; the raw ... Ler mais","og_url":"https:\/\/hengxingmachinery.com\/pt\/air-swept-coal-mill\/","og_site_name":"Hengxing Machinery","article_modified_time":"2025-01-13T09:28:56+00:00","og_image":[{"url":"https:\/\/hengxingmachinery.com\/wp-content\/uploads\/2025\/01\/air-swept-coal-mill-for-sale.jpg","type":"","width":"","height":""}],"twitter_card":"summary_large_image","twitter_misc":{"Tempo estimado de leitura":"3 minutos"},"schema":{"@context":"https:\/\/schema.org","@graph":[{"@type":"WebPage","@id":"https:\/\/hengxingmachinery.com\/air-swept-coal-mill\/","url":"https:\/\/hengxingmachinery.com\/air-swept-coal-mill\/","name":"3-1. Moinho de carv\u00e3o com varredura de ar - Hengxing Machinery","isPartOf":{"@id":"https:\/\/hengxingmachinery.com\/#website"},"primaryImageOfPage":{"@id":"https:\/\/hengxingmachinery.com\/air-swept-coal-mill\/#primaryimage"},"image":{"@id":"https:\/\/hengxingmachinery.com\/air-swept-coal-mill\/#primaryimage"},"thumbnailUrl":"https:\/\/hengxingmachinery.com\/wp-content\/uploads\/2025\/01\/air-swept-coal-mill-for-sale.jpg","datePublished":"2025-01-10T09:54:01+00:00","dateModified":"2025-01-13T09:28:56+00:00","breadcrumb":{"@id":"https:\/\/hengxingmachinery.com\/air-swept-coal-mill\/#breadcrumb"},"inLanguage":"pt-PT","potentialAction":[{"@type":"ReadAction","target":["https:\/\/hengxingmachinery.com\/air-swept-coal-mill\/"]}]},{"@type":"ImageObject","inLanguage":"pt-PT","@id":"https:\/\/hengxingmachinery.com\/air-swept-coal-mill\/#primaryimage","url":"https:\/\/hengxingmachinery.com\/wp-content\/uploads\/2025\/01\/air-swept-coal-mill-for-sale.jpg","contentUrl":"https:\/\/hengxingmachinery.com\/wp-content\/uploads\/2025\/01\/air-swept-coal-mill-for-sale.jpg"},{"@type":"BreadcrumbList","@id":"https:\/\/hengxingmachinery.com\/air-swept-coal-mill\/#breadcrumb","itemListElement":[{"@type":"ListItem","position":1,"name":"Home","item":"https:\/\/hengxingmachinery.com\/"},{"@type":"ListItem","position":2,"name":"3-1. Air swept coal mill"}]},{"@type":"WebSite","@id":"https:\/\/hengxingmachinery.com\/#website","url":"https:\/\/hengxingmachinery.com\/","name":"M\u00e1quinas Hengxing","description":"Fabricante l\u00edder de todos os tipos de m\u00e1quinas de minera\u00e7\u00e3o","publisher":{"@id":"https:\/\/hengxingmachinery.com\/#organization"},"potentialAction":[{"@type":"SearchAction","target":{"@type":"EntryPoint","urlTemplate":"https:\/\/hengxingmachinery.com\/?s={search_term_string}"},"query-input":{"@type":"PropertyValueSpecification","valueRequired":true,"valueName":"search_term_string"}}],"inLanguage":"pt-PT"},{"@type":"Organization","@id":"https:\/\/hengxingmachinery.com\/#organization","name":"M\u00e1quinas Hengxing","url":"https:\/\/hengxingmachinery.com\/","logo":{"@type":"ImageObject","inLanguage":"pt-PT","@id":"https:\/\/hengxingmachinery.com\/#\/schema\/logo\/image\/","url":"https:\/\/hengxingmachinery.com\/wp-content\/uploads\/2024\/12\/logo.png","contentUrl":"https:\/\/hengxingmachinery.com\/wp-content\/uploads\/2024\/12\/logo.png","width":400,"height":260,"caption":"Hengxing Machinery"},"image":{"@id":"https:\/\/hengxingmachinery.com\/#\/schema\/logo\/image\/"}}]}},"_links":{"self":[{"href":"https:\/\/hengxingmachinery.com\/pt\/wp-json\/wp\/v2\/pages\/1480","targetHints":{"allow":["GET"]}}],"collection":[{"href":"https:\/\/hengxingmachinery.com\/pt\/wp-json\/wp\/v2\/pages"}],"about":[{"href":"https:\/\/hengxingmachinery.com\/pt\/wp-json\/wp\/v2\/types\/page"}],"author":[{"embeddable":true,"href":"https:\/\/hengxingmachinery.com\/pt\/wp-json\/wp\/v2\/users\/1"}],"replies":[{"embeddable":true,"href":"https:\/\/hengxingmachinery.com\/pt\/wp-json\/wp\/v2\/comments?post=1480"}],"version-history":[{"count":2,"href":"https:\/\/hengxingmachinery.com\/pt\/wp-json\/wp\/v2\/pages\/1480\/revisions"}],"predecessor-version":[{"id":1572,"href":"https:\/\/hengxingmachinery.com\/pt\/wp-json\/wp\/v2\/pages\/1480\/revisions\/1572"}],"wp:attachment":[{"href":"https:\/\/hengxingmachinery.com\/pt\/wp-json\/wp\/v2\/media?parent=1480"}],"curies":[{"name":"wp","href":"https:\/\/api.w.org\/{rel}","templated":true}]}}