{"id":1555,"date":"2025-01-13T09:24:45","date_gmt":"2025-01-13T09:24:45","guid":{"rendered":"https:\/\/hengxingmachinery.com\/?page_id=1555"},"modified":"2025-01-15T06:44:40","modified_gmt":"2025-01-15T06:44:40","slug":"rotary-drum-dryer","status":"publish","type":"page","link":"https:\/\/hengxingmachinery.com\/pt\/rotary-drum-dryer\/","title":{"rendered":"5-1. Secador de tambor rotativo"},"content":{"rendered":"<div class=\"gb-container gb-container-45165f5a\">\n<div class=\"gb-container gb-container-c2652eb4\">\n\n<h1 class=\"gb-headline gb-headline-62a8b2cc gb-headline-text\">Secador de tambor rotativo<\/h1>\n\n<\/div>\n<\/div>\n\n<div class=\"gb-container gb-container-519cf624\">\n<div class=\"gb-container gb-container-71ca071e\">\n<div class=\"gb-grid-wrapper gb-grid-wrapper-8a5f0688\">\n<div class=\"gb-grid-column gb-grid-column-1e99b1c2\"><div class=\"gb-container gb-container-1e99b1c2\">\n\n<figure class=\"gb-block-image gb-block-image-e4eaba54\"><img decoding=\"async\" width=\"665\" height=\"545\" class=\"gb-image gb-image-e4eaba54\" src=\"https:\/\/hengxingmachinery.com\/wp-content\/uploads\/2025\/01\/rotary-drum-dryer-equipment.jpg\" alt=\"\" title=\"equipamento de secador de tambor rotativo\" srcset=\"https:\/\/hengxingmachinery.com\/wp-content\/uploads\/2025\/01\/rotary-drum-dryer-equipment.jpg 665w, https:\/\/hengxingmachinery.com\/wp-content\/uploads\/2025\/01\/rotary-drum-dryer-equipment-300x246.jpg 300w, https:\/\/hengxingmachinery.com\/wp-content\/uploads\/2025\/01\/rotary-drum-dryer-equipment-15x12.jpg 15w\" sizes=\"(max-width: 665px) 100vw, 665px\" \/><\/figure>\n\n<\/div><\/div>\n\n<div class=\"gb-grid-column gb-grid-column-bcae065b\"><div class=\"gb-container gb-container-bcae065b\">\n\n<p>Um secador rotativo (secador de tambor rotativo) \u00e9 composto principalmente pelo corpo rotativo, placa elevat\u00f3ria, dispositivo de transmiss\u00e3o, dispositivo de suporte e anel de veda\u00e7\u00e3o. Possui as vantagens de estrutura racional, excelente produ\u00e7\u00e3o, alta produtividade, baixo consumo de energia e opera\u00e7\u00e3o conveniente.<\/p>\n\n\n<div class=\"gb-grid-wrapper gb-grid-wrapper-eebec76e\">\n<div class=\"gb-grid-column gb-grid-column-e3ada2f0\"><div class=\"gb-container gb-container-e3ada2f0\">\n\n<p class=\"gb-headline gb-headline-4c79a90a gb-headline-text\"><mark style=\"background-color:rgba(0, 0, 0, 0)\" class=\"has-inline-color has-global-color-8-color\"><strong>Capacidade:<\/strong><\/mark>1,0-36,0 t\/h<\/p>\n\n<\/div><\/div>\n\n<div class=\"gb-grid-column gb-grid-column-0bb00826\"><div class=\"gb-container gb-container-0bb00826\">\n\n<p class=\"gb-headline gb-headline-86d53f56 gb-headline-text\"><mark style=\"background-color:rgba(0, 0, 0, 0)\" class=\"has-inline-color has-global-color-8-color\"><strong>Pot\u00eancia (kW)<\/strong><\/mark> 5.5-75<\/p>\n\n<\/div><\/div>\n<\/div>\n\n\n<p class=\"gb-headline gb-headline-2750f5a7 gb-headline-text\"><strong>Aplica\u00e7\u00e3o:<\/strong><\/p>\n\n\n\n<p>Materiais como esc\u00f3ria de calc\u00e1rio, p\u00f3 de carv\u00e3o, esc\u00f3ria, argila e outros. Utilizado nas ind\u00fastrias de constru\u00e7\u00e3o civil, metalurgia, qu\u00edmica e cimento.<\/p>\n\n\n<div class=\"gb-container gb-container-256e15f1\">\n\n<a class=\"gb-button gb-button-e8b73d89 gb-button-text\" href=\"#popmake-622\">Obtenha uma cota\u00e7\u00e3o gratuita agora<\/a>\n\n<\/div>\n<\/div><\/div>\n<\/div>\n<\/div>\n<\/div>\n\n<div class=\"gb-container gb-container-af5f8799\">\n<div class=\"gb-container gb-container-2298848b\">\n\n<h2 class=\"gb-headline gb-headline-9d27ad2c gb-headline-text\">Caracter\u00edsticas do secador de tambor rotativo <\/h2>\n\n\n<div class=\"gb-container gb-container-9a38abb1\">\n<div class=\"gb-grid-wrapper gb-grid-wrapper-91c59571\">\n<div class=\"gb-grid-column gb-grid-column-17094983\"><div class=\"gb-container gb-container-17094983\">\n\n<figure class=\"gb-block-image gb-block-image-e36b6ebe\"><img decoding=\"async\" width=\"665\" height=\"545\" class=\"gb-image gb-image-e36b6ebe\" src=\"https:\/\/hengxingmachinery.com\/wp-content\/uploads\/2025\/01\/rotary-dryer-machine.jpg\" alt=\"\" title=\"m\u00e1quina secadora rotativa\" srcset=\"https:\/\/hengxingmachinery.com\/wp-content\/uploads\/2025\/01\/rotary-dryer-machine.jpg 665w, https:\/\/hengxingmachinery.com\/wp-content\/uploads\/2025\/01\/rotary-dryer-machine-300x246.jpg 300w, https:\/\/hengxingmachinery.com\/wp-content\/uploads\/2025\/01\/rotary-dryer-machine-15x12.jpg 15w\" sizes=\"(max-width: 665px) 100vw, 665px\" \/><\/figure>\n\n<\/div><\/div>\n\n<div class=\"gb-grid-column gb-grid-column-783dafe6\"><div class=\"gb-container gb-container-783dafe6\">\n\n<figure class=\"gb-block-image gb-block-image-a58e4bcf\"><img decoding=\"async\" width=\"665\" height=\"545\" class=\"gb-image gb-image-a58e4bcf\" src=\"https:\/\/hengxingmachinery.com\/wp-content\/uploads\/2025\/01\/rotary-dryer.jpg\" alt=\"\" title=\"secador rotativo\" srcset=\"https:\/\/hengxingmachinery.com\/wp-content\/uploads\/2025\/01\/rotary-dryer.jpg 665w, https:\/\/hengxingmachinery.com\/wp-content\/uploads\/2025\/01\/rotary-dryer-300x246.jpg 300w, https:\/\/hengxingmachinery.com\/wp-content\/uploads\/2025\/01\/rotary-dryer-15x12.jpg 15w\" sizes=\"(max-width: 665px) 100vw, 665px\" \/><\/figure>\n\n<\/div><\/div>\n<\/div>\n<\/div>\n\n\n<p><strong>1. Baixo consumo de energia:<\/strong> O secador rotativo seleciona par\u00e2metros operacionais racionais, e o consumo de carv\u00e3o e eletricidade \u00e9 reduzido em mais de 10-15% em compara\u00e7\u00e3o com secadores gerais.<\/p>\n\n\n\n<p><strong>2. Alta efici\u00eancia t\u00e9rmica:<\/strong> Adotando o m\u00e9todo de secagem em paralelo, o material e o fluxo de ar da fonte de calor entram no equipamento de secagem pelo mesmo lado, a temperatura de sa\u00edda do secador \u00e9 baixa e a efici\u00eancia t\u00e9rmica \u00e9 alta.<\/p>\n\n\n\n<p><strong>3. Grande capacidade de processamento e pequena \u00e1rea ocupada:<\/strong> A estrutura \u00e9 simples, a \u00e1rea ocupada \u00e9 pequena, a constru\u00e7\u00e3o e manuten\u00e7\u00e3o s\u00e3o f\u00e1ceis, a capacidade de processamento \u00e9 grande e a efici\u00eancia t\u00e9rmica \u00e9 alta.<\/p>\n\n\n\n<p><strong>4. Estrutura simples e opera\u00e7\u00e3o conveniente:<\/strong> A estrutura \u00e9 excelente e simples, o material flui suavemente atrav\u00e9s da resist\u00eancia do cilindro e a opera\u00e7\u00e3o \u00e9 conveniente.<\/p>\n\n\n<div class=\"gb-container gb-container-d7b7b595\">\n\n<a class=\"gb-button gb-button-c1312760 gb-button-text\" href=\"#popmake-622\">Obtenha uma cota\u00e7\u00e3o gratuita agora<\/a>\n\n<\/div>\n<\/div>\n<\/div>\n\n<div class=\"gb-container gb-container-ebd718b6\">\n<div class=\"gb-container gb-container-5c75b960\">\n\n<h2 class=\"gb-headline gb-headline-98859344 gb-headline-text\">Princ\u00edpio de funcionamento do secador de tambor rotativo<\/h2>\n\n\n\n<figure class=\"gb-block-image gb-block-image-c486b36e\"><img decoding=\"async\" width=\"920\" height=\"420\" class=\"gb-image gb-image-c486b36e\" src=\"https:\/\/hengxingmachinery.com\/wp-content\/uploads\/2025\/01\/rotary-drum-dryer.jpg\" alt=\"\" title=\"secador de tambor rotativo\" srcset=\"https:\/\/hengxingmachinery.com\/wp-content\/uploads\/2025\/01\/rotary-drum-dryer.jpg 920w, https:\/\/hengxingmachinery.com\/wp-content\/uploads\/2025\/01\/rotary-drum-dryer-300x137.jpg 300w, https:\/\/hengxingmachinery.com\/wp-content\/uploads\/2025\/01\/rotary-drum-dryer-768x351.jpg 768w, https:\/\/hengxingmachinery.com\/wp-content\/uploads\/2025\/01\/rotary-drum-dryer-18x8.jpg 18w\" sizes=\"(max-width: 920px) 100vw, 920px\" \/><\/figure>\n\n\n\n<p><br>Quando o secador de tambor rotativo est\u00e1 em opera\u00e7\u00e3o de secagem, e a temperatura na parte inferior do secador atinge 400\u00b0C-800\u00b0C, o material \u00e9 alimentado pela boca de entrada atrav\u00e9s do elevador, e o material \u00e9 dispersado ao passar sob a a\u00e7\u00e3o da gravidade, sendo distribu\u00eddo uniformemente pelo dispositivo de dispers\u00e3o no interior do secador rotativo (para garantir o efeito de troca t\u00e9rmica do material no interior do secador rotativo). O g\u00e1s quente \u00e9 gerado pelo forno de ar quente inferior, move-se de baixo para cima, entra em contato com o material e transfere calor para o material por meio de condu\u00e7\u00e3o, convec\u00e7\u00e3o, radia\u00e7\u00e3o e outros m\u00e9todos, de modo que a temperatura do material aumenta continuamente e a umidade \u00e9 evaporada constantemente. O material que atende aos requisitos de umidade \u00e9 descarregado pela sa\u00edda inferior, e o g\u00e1s com vapor de \u00e1gua \u00e9 extra\u00eddo pelo ventilador atrav\u00e9s da chamin\u00e9.<\/p>\n\n\n<div class=\"gb-container gb-container-d6bbf16a\">\n\n<a class=\"gb-button gb-button-caa3f2bc gb-button-text\" href=\"#popmake-622\">Obtenha uma cota\u00e7\u00e3o gratuita agora<\/a>\n\n<\/div>\n<\/div>\n<\/div>\n\n<div class=\"gb-container gb-container-435ad261\">\n<div class=\"gb-container gb-container-7dc79cc4\">\n\n<h2 class=\"gb-headline gb-headline-6fe5dee2 gb-headline-text\">Especifica\u00e7\u00f5es do secador de tambor rotativo<\/h2>\n\n\n\n<figure class=\"wp-block-table is-style-stripes\"><table class=\"has-fixed-layout\"><tbody><tr><td><strong>Especifica\u00e7\u00f5es do produto (m)<\/strong><\/td><td><strong>Capacidade de produ\u00e7\u00e3o (t\/h)<\/strong><\/td><td><strong>Motor<br>Modelo<\/strong><\/td><td><strong>Motor<\/strong><br><strong>Pot\u00eancia (kW)<\/strong><\/td><td><strong>Redutor<br>Modelo<\/strong><\/td><td><strong>Redutor<br>Raz\u00e3o<\/strong><\/td><td><strong>Peso (t)<\/strong><\/td><\/tr><tr><td>\u04241\u00d710<\/td><td>1.0-3.5<\/td><td>Y132M2-6<\/td><td>5.5<\/td><td>ZL350-\u2161-25<\/td><td>&nbsp;<\/td><td>7.5<\/td><\/tr><tr><td>\u04241.2\u00d710<\/td><td>2.5<\/td><td>Y160M-6<\/td><td>7.5<\/td><td>ZL50-16-1<\/td><td>&nbsp;<\/td><td>13.5<\/td><\/tr><tr><td>\u04241.5\u00d712<\/td><td>3.3-4.9<\/td><td>180L-6<\/td><td>15<\/td><td>JZQ500-\u2162-2F<\/td><td>&nbsp;<\/td><td>18.9<\/td><\/tr><tr><td>\u04241.5\u00d715<\/td><td>4-6<\/td><td>Y200L-6<\/td><td>18.5<\/td><td>JZQ650-\u2162-2F<\/td><td>&nbsp;<\/td><td>21<\/td><\/tr><tr><td>\u04241.8\u00d712<\/td><td>4-6<\/td><td>Y160L-6<\/td><td>18.5<\/td><td>ZQ50-16\u2161-2<\/td><td>16.46<\/td><td>22.83<\/td><\/tr><tr><td>\u04242.2\u00d712<\/td><td>7-12<\/td><td>Y200L-6<\/td><td>22<\/td><td>JZQ650-\u2162<\/td><td>31.5<\/td><td>37.6<\/td><\/tr><tr><td>\u04242.2\u00d714<\/td><td>7-12<\/td><td>Y200L-6<\/td><td>22<\/td><td>JZQ650-\u2162<\/td><td>31.5<\/td><td>40<\/td><\/tr><tr><td>\u04242.2\u00d716<\/td><td>12<\/td><td>Y225M-6<\/td><td>22<\/td><td>JZQ750-\u2162<\/td><td>31.5<\/td><td>45<\/td><\/tr><tr><td>\u04242.4\u00d714<\/td><td>12<\/td><td>Y250M-6<\/td><td>37<\/td><td>&nbsp;<\/td><td>31.5<\/td><td>51<\/td><\/tr><tr><td>\u04242.4\u00d718<\/td><td>10-13<\/td><td>Y250M-6<\/td><td>37<\/td><td>ZL85-13-1<\/td><td>27.16<\/td><td>54<\/td><\/tr><tr><td>\u04242.4\u00d720<\/td><td>10-14<\/td><td>Y250M-6<\/td><td>37<\/td><td>ZL85-13-1<\/td><td>27.16<\/td><td>54.14<\/td><\/tr><tr><td>\u04243\u00d720<\/td><td>25<\/td><td>Y280M-6<\/td><td>55<\/td><td>ZL100-16-1<\/td><td>41.52<\/td><td>78<\/td><\/tr><tr><td>\u04243\u00d725<\/td><td>32-36<\/td><td>YR280M-4<\/td><td>75<\/td><td>ZL100-16-1<\/td><td>41.52<\/td><td>104.9<\/td><\/tr><\/tbody><\/table><\/figure>\n\n\n<div class=\"gb-container gb-container-263d9700\">\n\n<a class=\"gb-button gb-button-a4cbb7be gb-button-text\" href=\"#popmake-622\">Obtenha uma cota\u00e7\u00e3o gratuita agora<\/a>\n\n<\/div>\n<\/div>\n<\/div>","protected":false},"excerpt":{"rendered":"<p>Rotary drum dryer Features of rotary drum dryer 1. Low energy consumption: Rotary dryer selects reasonable operating parameters, and coal consumption and electricity consumption is reduced by more than 10-15% compared with general dryers. 2. High thermal efficiency: Adopting the downstream drying method, the material and the heat source airflow enter the drying equipment from &#8230; <\/p>\n<p class=\"read-more-container\"><a title=\"5-1. Secador de tambor rotativo\" class=\"read-more button\" href=\"https:\/\/hengxingmachinery.com\/pt\/rotary-drum-dryer\/#more-1555\" aria-label=\"Leia mais sobre 5-1. Rotary drum dryer\">Ler mais<\/a><\/p>","protected":false},"author":1,"featured_media":0,"parent":0,"menu_order":0,"comment_status":"closed","ping_status":"closed","template":"","meta":{"footnotes":""},"class_list":["post-1555","page","type-page","status-publish"],"yoast_head":"<!-- This site is optimized with the Yoast SEO plugin v27.4 - https:\/\/yoast.com\/product\/yoast-seo-wordpress\/ -->\n<title>5-1. Rotary drum dryer - Hengxing Machinery<\/title>\n<meta name=\"robots\" content=\"index, follow, max-snippet:-1, max-image-preview:large, max-video-preview:-1\" \/>\n<link rel=\"canonical\" href=\"https:\/\/hengxingmachinery.com\/pt\/rotary-drum-dryer\/\" \/>\n<meta property=\"og:locale\" content=\"pt_PT\" \/>\n<meta property=\"og:type\" content=\"article\" \/>\n<meta property=\"og:title\" content=\"5-1. Rotary drum dryer - Hengxing Machinery\" \/>\n<meta property=\"og:description\" content=\"Rotary drum dryer Features of rotary drum dryer 1. Low energy consumption: Rotary dryer selects reasonable operating parameters, and coal consumption and electricity consumption is reduced by more than 10-15% compared with general dryers. 2. High thermal efficiency: Adopting the downstream drying method, the material and the heat source airflow enter the drying equipment from ... Ler mais\" \/>\n<meta property=\"og:url\" content=\"https:\/\/hengxingmachinery.com\/pt\/rotary-drum-dryer\/\" \/>\n<meta property=\"og:site_name\" content=\"Hengxing Machinery\" \/>\n<meta property=\"article:modified_time\" content=\"2025-01-15T06:44:40+00:00\" \/>\n<meta property=\"og:image\" content=\"https:\/\/hengxingmachinery.com\/wp-content\/uploads\/2025\/01\/rotary-drum-dryer-equipment.jpg\" \/>\n<meta name=\"twitter:card\" content=\"summary_large_image\" \/>\n<meta name=\"twitter:label1\" content=\"Tempo estimado de leitura\" \/>\n\t<meta name=\"twitter:data1\" content=\"3 minutos\" \/>\n<script type=\"application\/ld+json\" class=\"yoast-schema-graph\">{\"@context\":\"https:\\\/\\\/schema.org\",\"@graph\":[{\"@type\":\"WebPage\",\"@id\":\"https:\\\/\\\/hengxingmachinery.com\\\/rotary-drum-dryer\\\/\",\"url\":\"https:\\\/\\\/hengxingmachinery.com\\\/rotary-drum-dryer\\\/\",\"name\":\"5-1. Rotary drum dryer - Hengxing Machinery\",\"isPartOf\":{\"@id\":\"https:\\\/\\\/hengxingmachinery.com\\\/#website\"},\"primaryImageOfPage\":{\"@id\":\"https:\\\/\\\/hengxingmachinery.com\\\/rotary-drum-dryer\\\/#primaryimage\"},\"image\":{\"@id\":\"https:\\\/\\\/hengxingmachinery.com\\\/rotary-drum-dryer\\\/#primaryimage\"},\"thumbnailUrl\":\"https:\\\/\\\/hengxingmachinery.com\\\/wp-content\\\/uploads\\\/2025\\\/01\\\/rotary-drum-dryer-equipment.jpg\",\"datePublished\":\"2025-01-13T09:24:45+00:00\",\"dateModified\":\"2025-01-15T06:44:40+00:00\",\"breadcrumb\":{\"@id\":\"https:\\\/\\\/hengxingmachinery.com\\\/rotary-drum-dryer\\\/#breadcrumb\"},\"inLanguage\":\"pt-PT\",\"potentialAction\":[{\"@type\":\"ReadAction\",\"target\":[\"https:\\\/\\\/hengxingmachinery.com\\\/rotary-drum-dryer\\\/\"]}]},{\"@type\":\"ImageObject\",\"inLanguage\":\"pt-PT\",\"@id\":\"https:\\\/\\\/hengxingmachinery.com\\\/rotary-drum-dryer\\\/#primaryimage\",\"url\":\"https:\\\/\\\/hengxingmachinery.com\\\/wp-content\\\/uploads\\\/2025\\\/01\\\/rotary-drum-dryer-equipment.jpg\",\"contentUrl\":\"https:\\\/\\\/hengxingmachinery.com\\\/wp-content\\\/uploads\\\/2025\\\/01\\\/rotary-drum-dryer-equipment.jpg\"},{\"@type\":\"BreadcrumbList\",\"@id\":\"https:\\\/\\\/hengxingmachinery.com\\\/rotary-drum-dryer\\\/#breadcrumb\",\"itemListElement\":[{\"@type\":\"ListItem\",\"position\":1,\"name\":\"Home\",\"item\":\"https:\\\/\\\/hengxingmachinery.com\\\/\"},{\"@type\":\"ListItem\",\"position\":2,\"name\":\"5-1. Rotary drum dryer\"}]},{\"@type\":\"WebSite\",\"@id\":\"https:\\\/\\\/hengxingmachinery.com\\\/#website\",\"url\":\"https:\\\/\\\/hengxingmachinery.com\\\/\",\"name\":\"Hengxing Machinery\",\"description\":\"Leading Manufacturer of All Sorts of Mining Machinery\",\"publisher\":{\"@id\":\"https:\\\/\\\/hengxingmachinery.com\\\/#organization\"},\"potentialAction\":[{\"@type\":\"SearchAction\",\"target\":{\"@type\":\"EntryPoint\",\"urlTemplate\":\"https:\\\/\\\/hengxingmachinery.com\\\/?s={search_term_string}\"},\"query-input\":{\"@type\":\"PropertyValueSpecification\",\"valueRequired\":true,\"valueName\":\"search_term_string\"}}],\"inLanguage\":\"pt-PT\"},{\"@type\":\"Organization\",\"@id\":\"https:\\\/\\\/hengxingmachinery.com\\\/#organization\",\"name\":\"Hengxing Machinery\",\"url\":\"https:\\\/\\\/hengxingmachinery.com\\\/\",\"logo\":{\"@type\":\"ImageObject\",\"inLanguage\":\"pt-PT\",\"@id\":\"https:\\\/\\\/hengxingmachinery.com\\\/#\\\/schema\\\/logo\\\/image\\\/\",\"url\":\"https:\\\/\\\/hengxingmachinery.com\\\/wp-content\\\/uploads\\\/2024\\\/12\\\/logo.png\",\"contentUrl\":\"https:\\\/\\\/hengxingmachinery.com\\\/wp-content\\\/uploads\\\/2024\\\/12\\\/logo.png\",\"width\":400,\"height\":260,\"caption\":\"Hengxing Machinery\"},\"image\":{\"@id\":\"https:\\\/\\\/hengxingmachinery.com\\\/#\\\/schema\\\/logo\\\/image\\\/\"}}]}<\/script>\n<!-- \/ Yoast SEO plugin. -->","yoast_head_json":{"title":"5-1. Secador de tambor rotativo - Hengxing Machinery","robots":{"index":"index","follow":"follow","max-snippet":"max-snippet:-1","max-image-preview":"max-image-preview:large","max-video-preview":"max-video-preview:-1"},"canonical":"https:\/\/hengxingmachinery.com\/pt\/rotary-drum-dryer\/","og_locale":"pt_PT","og_type":"article","og_title":"5-1. Rotary drum dryer - Hengxing Machinery","og_description":"Rotary drum dryer Features of rotary drum dryer 1. Low energy consumption: Rotary dryer selects reasonable operating parameters, and coal consumption and electricity consumption is reduced by more than 10-15% compared with general dryers. 2. High thermal efficiency: Adopting the downstream drying method, the material and the heat source airflow enter the drying equipment from ... Ler mais","og_url":"https:\/\/hengxingmachinery.com\/pt\/rotary-drum-dryer\/","og_site_name":"Hengxing Machinery","article_modified_time":"2025-01-15T06:44:40+00:00","og_image":[{"url":"https:\/\/hengxingmachinery.com\/wp-content\/uploads\/2025\/01\/rotary-drum-dryer-equipment.jpg","type":"","width":"","height":""}],"twitter_card":"summary_large_image","twitter_misc":{"Tempo estimado de leitura":"3 minutos"},"schema":{"@context":"https:\/\/schema.org","@graph":[{"@type":"WebPage","@id":"https:\/\/hengxingmachinery.com\/rotary-drum-dryer\/","url":"https:\/\/hengxingmachinery.com\/rotary-drum-dryer\/","name":"5-1. Secador de tambor rotativo - Hengxing Machinery","isPartOf":{"@id":"https:\/\/hengxingmachinery.com\/#website"},"primaryImageOfPage":{"@id":"https:\/\/hengxingmachinery.com\/rotary-drum-dryer\/#primaryimage"},"image":{"@id":"https:\/\/hengxingmachinery.com\/rotary-drum-dryer\/#primaryimage"},"thumbnailUrl":"https:\/\/hengxingmachinery.com\/wp-content\/uploads\/2025\/01\/rotary-drum-dryer-equipment.jpg","datePublished":"2025-01-13T09:24:45+00:00","dateModified":"2025-01-15T06:44:40+00:00","breadcrumb":{"@id":"https:\/\/hengxingmachinery.com\/rotary-drum-dryer\/#breadcrumb"},"inLanguage":"pt-PT","potentialAction":[{"@type":"ReadAction","target":["https:\/\/hengxingmachinery.com\/rotary-drum-dryer\/"]}]},{"@type":"ImageObject","inLanguage":"pt-PT","@id":"https:\/\/hengxingmachinery.com\/rotary-drum-dryer\/#primaryimage","url":"https:\/\/hengxingmachinery.com\/wp-content\/uploads\/2025\/01\/rotary-drum-dryer-equipment.jpg","contentUrl":"https:\/\/hengxingmachinery.com\/wp-content\/uploads\/2025\/01\/rotary-drum-dryer-equipment.jpg"},{"@type":"BreadcrumbList","@id":"https:\/\/hengxingmachinery.com\/rotary-drum-dryer\/#breadcrumb","itemListElement":[{"@type":"ListItem","position":1,"name":"Home","item":"https:\/\/hengxingmachinery.com\/"},{"@type":"ListItem","position":2,"name":"5-1. Rotary drum dryer"}]},{"@type":"WebSite","@id":"https:\/\/hengxingmachinery.com\/#website","url":"https:\/\/hengxingmachinery.com\/","name":"M\u00e1quinas Hengxing","description":"Fabricante l\u00edder de todos os tipos de m\u00e1quinas de minera\u00e7\u00e3o","publisher":{"@id":"https:\/\/hengxingmachinery.com\/#organization"},"potentialAction":[{"@type":"SearchAction","target":{"@type":"EntryPoint","urlTemplate":"https:\/\/hengxingmachinery.com\/?s={search_term_string}"},"query-input":{"@type":"PropertyValueSpecification","valueRequired":true,"valueName":"search_term_string"}}],"inLanguage":"pt-PT"},{"@type":"Organization","@id":"https:\/\/hengxingmachinery.com\/#organization","name":"M\u00e1quinas Hengxing","url":"https:\/\/hengxingmachinery.com\/","logo":{"@type":"ImageObject","inLanguage":"pt-PT","@id":"https:\/\/hengxingmachinery.com\/#\/schema\/logo\/image\/","url":"https:\/\/hengxingmachinery.com\/wp-content\/uploads\/2024\/12\/logo.png","contentUrl":"https:\/\/hengxingmachinery.com\/wp-content\/uploads\/2024\/12\/logo.png","width":400,"height":260,"caption":"Hengxing Machinery"},"image":{"@id":"https:\/\/hengxingmachinery.com\/#\/schema\/logo\/image\/"}}]}},"_links":{"self":[{"href":"https:\/\/hengxingmachinery.com\/pt\/wp-json\/wp\/v2\/pages\/1555","targetHints":{"allow":["GET"]}}],"collection":[{"href":"https:\/\/hengxingmachinery.com\/pt\/wp-json\/wp\/v2\/pages"}],"about":[{"href":"https:\/\/hengxingmachinery.com\/pt\/wp-json\/wp\/v2\/types\/page"}],"author":[{"embeddable":true,"href":"https:\/\/hengxingmachinery.com\/pt\/wp-json\/wp\/v2\/users\/1"}],"replies":[{"embeddable":true,"href":"https:\/\/hengxingmachinery.com\/pt\/wp-json\/wp\/v2\/comments?post=1555"}],"version-history":[{"count":12,"href":"https:\/\/hengxingmachinery.com\/pt\/wp-json\/wp\/v2\/pages\/1555\/revisions"}],"predecessor-version":[{"id":1675,"href":"https:\/\/hengxingmachinery.com\/pt\/wp-json\/wp\/v2\/pages\/1555\/revisions\/1675"}],"wp:attachment":[{"href":"https:\/\/hengxingmachinery.com\/pt\/wp-json\/wp\/v2\/media?parent=1555"}],"curies":[{"name":"wp","href":"https:\/\/api.w.org\/{rel}","templated":true}]}}