{"id":1571,"date":"2025-01-14T01:54:33","date_gmt":"2025-01-14T01:54:33","guid":{"rendered":"https:\/\/hengxingmachinery.com\/?page_id=1571"},"modified":"2025-01-15T06:50:59","modified_gmt":"2025-01-15T06:50:59","slug":"cement-dryer","status":"publish","type":"page","link":"https:\/\/hengxingmachinery.com\/pt\/cement-dryer\/","title":{"rendered":"5-1. Secador de cimento"},"content":{"rendered":"<div class=\"gb-container gb-container-45165f5a\">\n<div class=\"gb-container gb-container-c2652eb4\">\n\n<h1 class=\"gb-headline gb-headline-62a8b2cc gb-headline-text\">Secador de cimento<\/h1>\n\n<\/div>\n<\/div>\n\n<div class=\"gb-container gb-container-519cf624\">\n<div class=\"gb-container gb-container-71ca071e\">\n<div class=\"gb-grid-wrapper gb-grid-wrapper-8a5f0688\">\n<div class=\"gb-grid-column gb-grid-column-1e99b1c2\"><div class=\"gb-container gb-container-1e99b1c2\">\n\n<figure class=\"gb-block-image gb-block-image-e4eaba54\"><img decoding=\"async\" width=\"665\" height=\"545\" class=\"gb-image gb-image-e4eaba54\" src=\"https:\/\/hengxingmachinery.com\/wp-content\/uploads\/2025\/01\/cement-dryer-for-sale-1.jpg\" alt=\"\" title=\"Secador de cimento \u00e0 venda\" srcset=\"https:\/\/hengxingmachinery.com\/wp-content\/uploads\/2025\/01\/cement-dryer-for-sale-1.jpg 665w, https:\/\/hengxingmachinery.com\/wp-content\/uploads\/2025\/01\/cement-dryer-for-sale-1-300x246.jpg 300w, https:\/\/hengxingmachinery.com\/wp-content\/uploads\/2025\/01\/cement-dryer-for-sale-1-15x12.jpg 15w\" sizes=\"(max-width: 665px) 100vw, 665px\" \/><\/figure>\n\n<\/div><\/div>\n\n<div class=\"gb-grid-column gb-grid-column-bcae065b\"><div class=\"gb-container gb-container-bcae065b\">\n\n<p class=\"gb-headline gb-headline-e419680e gb-headline-text\">O secador de cimento apresenta grandes vantagens como equipamento profissional para materiais de constru\u00e7\u00e3o, seu desempenho \u00e9 muito est\u00e1vel e sua confiabilidade \u00e9 alta. Com a cont\u00ednua expans\u00e3o da demanda por cimento, este equipamento tem sido amplamente utilizado.<\/p>\n\n\n<div class=\"gb-grid-wrapper gb-grid-wrapper-eebec76e\">\n<div class=\"gb-grid-column gb-grid-column-e3ada2f0\"><div class=\"gb-container gb-container-e3ada2f0\">\n\n<p class=\"gb-headline gb-headline-4c79a90a gb-headline-text\"><mark style=\"background-color:rgba(0, 0, 0, 0)\" class=\"has-inline-color has-global-color-8-color\"><strong>Capacidade:<\/strong><\/mark> 1-36 t\/h<\/p>\n\n<\/div><\/div>\n\n<div class=\"gb-grid-column gb-grid-column-0bb00826\"><div class=\"gb-container gb-container-0bb00826\">\n\n<p class=\"gb-headline gb-headline-86d53f56 gb-headline-text\"><mark style=\"background-color:rgba(0, 0, 0, 0)\" class=\"has-inline-color has-global-color-8-color\"><strong>Pot\u00eancia (kW):<\/strong><\/mark> 5.5-75<\/p>\n\n<\/div><\/div>\n<\/div>\n\n\n<p class=\"gb-headline gb-headline-2750f5a7 gb-headline-text\"><strong>Aplica\u00e7\u00e3o:<\/strong><\/p>\n\n\n\n<p class=\"gb-headline gb-headline-28231626 gb-headline-text\">Amplamente utilizado nas ind\u00fastrias de materiais de constru\u00e7\u00e3o, metalurgia, qu\u00edmica e cimento.<\/p>\n\n\n<div class=\"gb-container gb-container-256e15f1\">\n\n<a class=\"gb-button gb-button-e8b73d89 gb-button-text\" href=\"#popmake-622\">Obtenha uma cota\u00e7\u00e3o gratuita agora<\/a>\n\n<\/div>\n<\/div><\/div>\n<\/div>\n<\/div>\n<\/div>\n\n<div class=\"gb-container gb-container-af5f8799\">\n<div class=\"gb-container gb-container-2298848b\">\n\n<h2 class=\"gb-headline gb-headline-9d27ad2c gb-headline-text\">Vantagens do secador de cimento <\/h2>\n\n\n\n<p>Os principais componentes do secador de cimento s\u00e3o o cilindro, o motor, o sistema de controle, o circuito de prote\u00e7\u00e3o e os dispositivos auxiliares. Os detalhes s\u00e3o os seguintes:<\/p>\n\n\n\n<p><strong>1. Corpo do cilindro: <\/strong>Esta \u00e9 uma parte importante da carca\u00e7a. \u00c9 fundido com novos materiais e tratado com super resist\u00eancia ao desgaste, portanto a qualidade do equipamento ser\u00e1 mais garantida.<\/p>\n\n\n\n<p><strong>2. Motor:<\/strong> \u00c9 o componente central do equipamento. Sua fun\u00e7\u00e3o \u00e9 completar a partida e opera\u00e7\u00e3o normal do equipamento. Apenas um motor com bom desempenho pode tornar o equipamento mais eficiente.<\/p>\n\n\n\n<p><strong>3. Sistema de controle:<\/strong> Como parte do controle de software do equipamento, ele completa principalmente o ajuste e controle do equipamento, podendo ajustar a intensidade de secagem de acordo com o teor de umidade do material.<\/p>\n\n\n\n<p><strong>4. Circuito de prote\u00e7\u00e3o:<\/strong> Para evitar danos maiores ao equipamento, instalamos um circuito de prote\u00e7\u00e3o ao redor do motor do equipamento. A sensibilidade deste circuito \u00e9 muito alta, portanto o equipamento funcionar\u00e1 por mais tempo.<\/p>\n\n\n<div class=\"gb-container gb-container-d7b7b595\">\n\n<a class=\"gb-button gb-button-c1312760 gb-button-text\" href=\"#popmake-622\">Obtenha uma cota\u00e7\u00e3o gratuita agora<\/a>\n\n<\/div>\n<\/div>\n<\/div>\n\n<div class=\"gb-container gb-container-ebd718b6\">\n<div class=\"gb-container gb-container-5c75b960\">\n\n<h2 class=\"gb-headline gb-headline-98859344 gb-headline-text\">Princ\u00edpio de funcionamento do secador de cimento<\/h2>\n\n\n\n<figure class=\"gb-block-image gb-block-image-c486b36e\"><img decoding=\"async\" width=\"800\" height=\"420\" class=\"gb-image gb-image-c486b36e\" src=\"https:\/\/hengxingmachinery.com\/wp-content\/uploads\/2025\/01\/cement-drying-machine-4.jpg\" alt=\"\" title=\"M\u00e1quina de secagem de cimento\" srcset=\"https:\/\/hengxingmachinery.com\/wp-content\/uploads\/2025\/01\/cement-drying-machine-4.jpg 800w, https:\/\/hengxingmachinery.com\/wp-content\/uploads\/2025\/01\/cement-drying-machine-4-300x158.jpg 300w, https:\/\/hengxingmachinery.com\/wp-content\/uploads\/2025\/01\/cement-drying-machine-4-768x403.jpg 768w, https:\/\/hengxingmachinery.com\/wp-content\/uploads\/2025\/01\/cement-drying-machine-4-18x9.jpg 18w\" sizes=\"(max-width: 800px) 100vw, 800px\" \/><\/figure>\n\n\n\n<p>O cilindro do secador \u00e9 um cilindro rotativo com linha horizontal e ligeiramente inclinado. O transportador de calor e o material fluem juntos para o cilindro. Com a rota\u00e7\u00e3o do cilindro, os materiais fluem para a parte inferior do tambor por gravidade. Durante o movimento para frente dos materiais, eles recebem calor direta ou indiretamente, de modo que o material \u00famido \u00e9 seco, sendo ent\u00e3o enviado pela extremidade de alimenta\u00e7\u00e3o da m\u00e1quina de correia transportadora de parafuso.<\/p>\n\n\n<div class=\"gb-container gb-container-d6bbf16a\">\n\n<a class=\"gb-button gb-button-caa3f2bc gb-button-text\" href=\"#popmake-622\">Obtenha uma cota\u00e7\u00e3o gratuita agora<\/a>\n\n<\/div>\n<\/div>\n<\/div>\n\n<div class=\"gb-container gb-container-435ad261\">\n<div class=\"gb-container gb-container-7dc79cc4\">\n\n<h2 class=\"gb-headline gb-headline-6fe5dee2 gb-headline-text\">Especifica\u00e7\u00f5es da m\u00e1quina de secagem de cimento<\/h2>\n\n\n\n<figure class=\"wp-block-table is-style-stripes\"><table class=\"has-fixed-layout\"><tbody><tr><td><strong>Especifica\u00e7\u00f5es do produto (m)<\/strong><\/td><td><strong>Capacidade de produ\u00e7\u00e3o (t\/h)<\/strong><\/td><td><strong>Motor<br>Modelo<\/strong><\/td><td><strong>Motor<br>Pot\u00eancia (kW)<\/strong><\/td><td><strong>Redutor<br>Modelo<\/strong><\/td><td><strong>Redutor<br>Raz\u00e3o<\/strong><\/td><td><strong>Peso (t)<\/strong><\/td><\/tr><tr><td>\u04241\u00d710<\/td><td>1.0-3.5<\/td><td>Y132M2-6<\/td><td>5.5<\/td><td>ZL350-\u2161-25<\/td><td>&nbsp;<\/td><td>7.5<\/td><\/tr><tr><td>\u04241.2\u00d710<\/td><td>2.5<\/td><td>Y160M-6<\/td><td>7.5<\/td><td>ZL50-16-1<\/td><td>&nbsp;<\/td><td>13.5<\/td><\/tr><tr><td>\u04241.5\u00d712<\/td><td>3.3-4.9<\/td><td>180L-6<\/td><td>15<\/td><td>JZQ500-\u2162-2F<\/td><td>&nbsp;<\/td><td>18.9<\/td><\/tr><tr><td>\u04241.5\u00d715<\/td><td>4-6<\/td><td>Y200L-6<\/td><td>18.5<\/td><td>JZQ650-\u2162-2F<\/td><td>&nbsp;<\/td><td>21<\/td><\/tr><tr><td>\u04241.8\u00d712<\/td><td>4-6<\/td><td>Y160L-6<\/td><td>18.5<\/td><td>ZQ50-16\u2161-2<\/td><td>16.46<\/td><td>22.83<\/td><\/tr><tr><td>\u04242.2\u00d712<\/td><td>7-12<\/td><td>Y200L-6<\/td><td>22<\/td><td>JZQ650-\u2162<\/td><td>31.5<\/td><td>37.6<\/td><\/tr><tr><td>\u04242.2\u00d714<\/td><td>7-12<\/td><td>Y200L-6<\/td><td>22<\/td><td>JZQ650-\u2162<\/td><td>31.5<\/td><td>40<\/td><\/tr><tr><td>\u04242.2\u00d716<\/td><td>12<\/td><td>Y225M-6<\/td><td>22<\/td><td>JZQ750-\u2162<\/td><td>31.5<\/td><td>45<\/td><\/tr><tr><td>\u04242.4\u00d714<\/td><td>12<\/td><td>Y250M-6<\/td><td>37<\/td><td>&nbsp;<\/td><td>31.5<\/td><td>51<\/td><\/tr><tr><td>\u04242.4\u00d718<\/td><td>10-13<\/td><td>Y250M-6<\/td><td>37<\/td><td>ZL85-13-1<\/td><td>27.16<\/td><td>54<\/td><\/tr><tr><td>\u04242.4\u00d720<\/td><td>10-14<\/td><td>Y250M-6<\/td><td>37<\/td><td>ZL85-13-1<\/td><td>27.16<\/td><td>54.14<\/td><\/tr><tr><td>\u04243\u00d720<\/td><td>25<\/td><td>Y280M-6<\/td><td>55<\/td><td>ZL100-16-1<\/td><td>41.52<\/td><td>78<\/td><\/tr><tr><td>\u04243\u00d725<\/td><td>32-36<\/td><td>YR280M-4<\/td><td>75<\/td><td>ZL100-16-1<\/td><td>41.52<\/td><td>104.9<\/td><\/tr><\/tbody><\/table><\/figure>\n\n\n<div class=\"gb-container gb-container-263d9700\">\n\n<a class=\"gb-button gb-button-a4cbb7be gb-button-text\" href=\"#popmake-622\">Obtenha uma cota\u00e7\u00e3o gratuita agora<\/a>\n\n<\/div>\n<\/div>\n<\/div>","protected":false},"excerpt":{"rendered":"<p>Cement dryer Advantages of cement dryer The main components of the cement dryer are the cylinder, the motor, the control system, the protection circuit and the auxiliary devices. The details are as follows: 1. Cylinder body: This is an important part of the casing. We are cast from new materials and treated with super wear &#8230; <\/p>\n<p class=\"read-more-container\"><a title=\"5-1. Secador de cimento\" class=\"read-more button\" href=\"https:\/\/hengxingmachinery.com\/pt\/cement-dryer\/#more-1571\" aria-label=\"Leia mais sobre 5-1. Cement dryer\">Ler mais<\/a><\/p>","protected":false},"author":1,"featured_media":0,"parent":0,"menu_order":0,"comment_status":"closed","ping_status":"closed","template":"","meta":{"footnotes":""},"class_list":["post-1571","page","type-page","status-publish"],"yoast_head":"<!-- This site is optimized with the Yoast SEO plugin v27.4 - https:\/\/yoast.com\/product\/yoast-seo-wordpress\/ -->\n<title>5-1. Cement dryer - Hengxing Machinery<\/title>\n<meta name=\"robots\" content=\"index, follow, max-snippet:-1, max-image-preview:large, max-video-preview:-1\" \/>\n<link rel=\"canonical\" href=\"https:\/\/hengxingmachinery.com\/pt\/cement-dryer\/\" \/>\n<meta property=\"og:locale\" content=\"pt_PT\" \/>\n<meta property=\"og:type\" content=\"article\" \/>\n<meta property=\"og:title\" content=\"5-1. Cement dryer - Hengxing Machinery\" \/>\n<meta property=\"og:description\" content=\"Cement dryer Advantages of cement dryer The main components of the cement dryer are the cylinder, the motor, the control system, the protection circuit and the auxiliary devices. The details are as follows: 1. Cylinder body: This is an important part of the casing. We are cast from new materials and treated with super wear ... Ler mais\" \/>\n<meta property=\"og:url\" content=\"https:\/\/hengxingmachinery.com\/pt\/cement-dryer\/\" \/>\n<meta property=\"og:site_name\" content=\"Hengxing Machinery\" \/>\n<meta property=\"article:modified_time\" content=\"2025-01-15T06:50:59+00:00\" \/>\n<meta property=\"og:image\" content=\"https:\/\/hengxingmachinery.com\/wp-content\/uploads\/2025\/01\/cement-dryer-for-sale-1.jpg\" \/>\n<meta name=\"twitter:card\" content=\"summary_large_image\" \/>\n<meta name=\"twitter:label1\" content=\"Tempo estimado de leitura\" \/>\n\t<meta name=\"twitter:data1\" content=\"3 minutos\" \/>\n<script type=\"application\/ld+json\" class=\"yoast-schema-graph\">{\"@context\":\"https:\\\/\\\/schema.org\",\"@graph\":[{\"@type\":\"WebPage\",\"@id\":\"https:\\\/\\\/hengxingmachinery.com\\\/cement-dryer\\\/\",\"url\":\"https:\\\/\\\/hengxingmachinery.com\\\/cement-dryer\\\/\",\"name\":\"5-1. Cement dryer - Hengxing Machinery\",\"isPartOf\":{\"@id\":\"https:\\\/\\\/hengxingmachinery.com\\\/#website\"},\"primaryImageOfPage\":{\"@id\":\"https:\\\/\\\/hengxingmachinery.com\\\/cement-dryer\\\/#primaryimage\"},\"image\":{\"@id\":\"https:\\\/\\\/hengxingmachinery.com\\\/cement-dryer\\\/#primaryimage\"},\"thumbnailUrl\":\"https:\\\/\\\/hengxingmachinery.com\\\/wp-content\\\/uploads\\\/2025\\\/01\\\/cement-dryer-for-sale-1.jpg\",\"datePublished\":\"2025-01-14T01:54:33+00:00\",\"dateModified\":\"2025-01-15T06:50:59+00:00\",\"breadcrumb\":{\"@id\":\"https:\\\/\\\/hengxingmachinery.com\\\/cement-dryer\\\/#breadcrumb\"},\"inLanguage\":\"pt-PT\",\"potentialAction\":[{\"@type\":\"ReadAction\",\"target\":[\"https:\\\/\\\/hengxingmachinery.com\\\/cement-dryer\\\/\"]}]},{\"@type\":\"ImageObject\",\"inLanguage\":\"pt-PT\",\"@id\":\"https:\\\/\\\/hengxingmachinery.com\\\/cement-dryer\\\/#primaryimage\",\"url\":\"https:\\\/\\\/hengxingmachinery.com\\\/wp-content\\\/uploads\\\/2025\\\/01\\\/cement-dryer-for-sale-1.jpg\",\"contentUrl\":\"https:\\\/\\\/hengxingmachinery.com\\\/wp-content\\\/uploads\\\/2025\\\/01\\\/cement-dryer-for-sale-1.jpg\"},{\"@type\":\"BreadcrumbList\",\"@id\":\"https:\\\/\\\/hengxingmachinery.com\\\/cement-dryer\\\/#breadcrumb\",\"itemListElement\":[{\"@type\":\"ListItem\",\"position\":1,\"name\":\"Home\",\"item\":\"https:\\\/\\\/hengxingmachinery.com\\\/\"},{\"@type\":\"ListItem\",\"position\":2,\"name\":\"5-1. Cement dryer\"}]},{\"@type\":\"WebSite\",\"@id\":\"https:\\\/\\\/hengxingmachinery.com\\\/#website\",\"url\":\"https:\\\/\\\/hengxingmachinery.com\\\/\",\"name\":\"Hengxing Machinery\",\"description\":\"Leading Manufacturer of All Sorts of Mining Machinery\",\"publisher\":{\"@id\":\"https:\\\/\\\/hengxingmachinery.com\\\/#organization\"},\"potentialAction\":[{\"@type\":\"SearchAction\",\"target\":{\"@type\":\"EntryPoint\",\"urlTemplate\":\"https:\\\/\\\/hengxingmachinery.com\\\/?s={search_term_string}\"},\"query-input\":{\"@type\":\"PropertyValueSpecification\",\"valueRequired\":true,\"valueName\":\"search_term_string\"}}],\"inLanguage\":\"pt-PT\"},{\"@type\":\"Organization\",\"@id\":\"https:\\\/\\\/hengxingmachinery.com\\\/#organization\",\"name\":\"Hengxing Machinery\",\"url\":\"https:\\\/\\\/hengxingmachinery.com\\\/\",\"logo\":{\"@type\":\"ImageObject\",\"inLanguage\":\"pt-PT\",\"@id\":\"https:\\\/\\\/hengxingmachinery.com\\\/#\\\/schema\\\/logo\\\/image\\\/\",\"url\":\"https:\\\/\\\/hengxingmachinery.com\\\/wp-content\\\/uploads\\\/2024\\\/12\\\/logo.png\",\"contentUrl\":\"https:\\\/\\\/hengxingmachinery.com\\\/wp-content\\\/uploads\\\/2024\\\/12\\\/logo.png\",\"width\":400,\"height\":260,\"caption\":\"Hengxing Machinery\"},\"image\":{\"@id\":\"https:\\\/\\\/hengxingmachinery.com\\\/#\\\/schema\\\/logo\\\/image\\\/\"}}]}<\/script>\n<!-- \/ Yoast SEO plugin. -->","yoast_head_json":{"title":"5-1. Secador de cimento - Hengxing Machinery","robots":{"index":"index","follow":"follow","max-snippet":"max-snippet:-1","max-image-preview":"max-image-preview:large","max-video-preview":"max-video-preview:-1"},"canonical":"https:\/\/hengxingmachinery.com\/pt\/cement-dryer\/","og_locale":"pt_PT","og_type":"article","og_title":"5-1. Cement dryer - Hengxing Machinery","og_description":"Cement dryer Advantages of cement dryer The main components of the cement dryer are the cylinder, the motor, the control system, the protection circuit and the auxiliary devices. The details are as follows: 1. Cylinder body: This is an important part of the casing. We are cast from new materials and treated with super wear ... Ler mais","og_url":"https:\/\/hengxingmachinery.com\/pt\/cement-dryer\/","og_site_name":"Hengxing Machinery","article_modified_time":"2025-01-15T06:50:59+00:00","og_image":[{"url":"https:\/\/hengxingmachinery.com\/wp-content\/uploads\/2025\/01\/cement-dryer-for-sale-1.jpg","type":"","width":"","height":""}],"twitter_card":"summary_large_image","twitter_misc":{"Tempo estimado de leitura":"3 minutos"},"schema":{"@context":"https:\/\/schema.org","@graph":[{"@type":"WebPage","@id":"https:\/\/hengxingmachinery.com\/cement-dryer\/","url":"https:\/\/hengxingmachinery.com\/cement-dryer\/","name":"5-1. Secador de cimento - Hengxing Machinery","isPartOf":{"@id":"https:\/\/hengxingmachinery.com\/#website"},"primaryImageOfPage":{"@id":"https:\/\/hengxingmachinery.com\/cement-dryer\/#primaryimage"},"image":{"@id":"https:\/\/hengxingmachinery.com\/cement-dryer\/#primaryimage"},"thumbnailUrl":"https:\/\/hengxingmachinery.com\/wp-content\/uploads\/2025\/01\/cement-dryer-for-sale-1.jpg","datePublished":"2025-01-14T01:54:33+00:00","dateModified":"2025-01-15T06:50:59+00:00","breadcrumb":{"@id":"https:\/\/hengxingmachinery.com\/cement-dryer\/#breadcrumb"},"inLanguage":"pt-PT","potentialAction":[{"@type":"ReadAction","target":["https:\/\/hengxingmachinery.com\/cement-dryer\/"]}]},{"@type":"ImageObject","inLanguage":"pt-PT","@id":"https:\/\/hengxingmachinery.com\/cement-dryer\/#primaryimage","url":"https:\/\/hengxingmachinery.com\/wp-content\/uploads\/2025\/01\/cement-dryer-for-sale-1.jpg","contentUrl":"https:\/\/hengxingmachinery.com\/wp-content\/uploads\/2025\/01\/cement-dryer-for-sale-1.jpg"},{"@type":"BreadcrumbList","@id":"https:\/\/hengxingmachinery.com\/cement-dryer\/#breadcrumb","itemListElement":[{"@type":"ListItem","position":1,"name":"Home","item":"https:\/\/hengxingmachinery.com\/"},{"@type":"ListItem","position":2,"name":"5-1. Cement dryer"}]},{"@type":"WebSite","@id":"https:\/\/hengxingmachinery.com\/#website","url":"https:\/\/hengxingmachinery.com\/","name":"M\u00e1quinas Hengxing","description":"Fabricante l\u00edder de todos os tipos de m\u00e1quinas de minera\u00e7\u00e3o","publisher":{"@id":"https:\/\/hengxingmachinery.com\/#organization"},"potentialAction":[{"@type":"SearchAction","target":{"@type":"EntryPoint","urlTemplate":"https:\/\/hengxingmachinery.com\/?s={search_term_string}"},"query-input":{"@type":"PropertyValueSpecification","valueRequired":true,"valueName":"search_term_string"}}],"inLanguage":"pt-PT"},{"@type":"Organization","@id":"https:\/\/hengxingmachinery.com\/#organization","name":"M\u00e1quinas Hengxing","url":"https:\/\/hengxingmachinery.com\/","logo":{"@type":"ImageObject","inLanguage":"pt-PT","@id":"https:\/\/hengxingmachinery.com\/#\/schema\/logo\/image\/","url":"https:\/\/hengxingmachinery.com\/wp-content\/uploads\/2024\/12\/logo.png","contentUrl":"https:\/\/hengxingmachinery.com\/wp-content\/uploads\/2024\/12\/logo.png","width":400,"height":260,"caption":"Hengxing Machinery"},"image":{"@id":"https:\/\/hengxingmachinery.com\/#\/schema\/logo\/image\/"}}]}},"_links":{"self":[{"href":"https:\/\/hengxingmachinery.com\/pt\/wp-json\/wp\/v2\/pages\/1571","targetHints":{"allow":["GET"]}}],"collection":[{"href":"https:\/\/hengxingmachinery.com\/pt\/wp-json\/wp\/v2\/pages"}],"about":[{"href":"https:\/\/hengxingmachinery.com\/pt\/wp-json\/wp\/v2\/types\/page"}],"author":[{"embeddable":true,"href":"https:\/\/hengxingmachinery.com\/pt\/wp-json\/wp\/v2\/users\/1"}],"replies":[{"embeddable":true,"href":"https:\/\/hengxingmachinery.com\/pt\/wp-json\/wp\/v2\/comments?post=1571"}],"version-history":[{"count":12,"href":"https:\/\/hengxingmachinery.com\/pt\/wp-json\/wp\/v2\/pages\/1571\/revisions"}],"predecessor-version":[{"id":1681,"href":"https:\/\/hengxingmachinery.com\/pt\/wp-json\/wp\/v2\/pages\/1571\/revisions\/1681"}],"wp:attachment":[{"href":"https:\/\/hengxingmachinery.com\/pt\/wp-json\/wp\/v2\/media?parent=1571"}],"curies":[{"name":"wp","href":"https:\/\/api.w.org\/{rel}","templated":true}]}}