{"id":1658,"date":"2025-01-15T06:28:08","date_gmt":"2025-01-15T06:28:08","guid":{"rendered":"https:\/\/hengxingmachinery.com\/?page_id=1658"},"modified":"2025-03-13T03:29:40","modified_gmt":"2025-03-13T03:29:40","slug":"quartz-sand-dryer","status":"publish","type":"page","link":"https:\/\/hengxingmachinery.com\/pt\/quartz-sand-dryer\/","title":{"rendered":"5-1. Secador de areia de quartzo"},"content":{"rendered":"<div class=\"gb-container gb-container-45165f5a\">\n<div class=\"gb-container gb-container-c2652eb4\">\n\n<h1 class=\"gb-headline gb-headline-62a8b2cc gb-headline-text\">Secador de areia de quartzo<\/h1>\n\n<\/div>\n<\/div>\n\n<div class=\"gb-container gb-container-519cf624\">\n<div class=\"gb-container gb-container-71ca071e\">\n<div class=\"gb-grid-wrapper gb-grid-wrapper-8a5f0688\">\n<div class=\"gb-grid-column gb-grid-column-1e99b1c2\"><div class=\"gb-container gb-container-1e99b1c2\">\n\n<figure class=\"gb-block-image gb-block-image-e4eaba54\"><img decoding=\"async\" width=\"665\" height=\"545\" class=\"gb-image gb-image-e4eaba54\" src=\"https:\/\/hengxingmachinery.com\/wp-content\/uploads\/2025\/01\/Quartz-sand-drying-machine-.jpg\" alt=\"\" title=\"M\u00e1quina de secagem de areia quartzosa\" srcset=\"https:\/\/hengxingmachinery.com\/wp-content\/uploads\/2025\/01\/Quartz-sand-drying-machine-.jpg 665w, https:\/\/hengxingmachinery.com\/wp-content\/uploads\/2025\/01\/Quartz-sand-drying-machine--300x246.jpg 300w, https:\/\/hengxingmachinery.com\/wp-content\/uploads\/2025\/01\/Quartz-sand-drying-machine--15x12.jpg 15w\" sizes=\"(max-width: 665px) 100vw, 665px\" \/><\/figure>\n\n<\/div><\/div>\n\n<div class=\"gb-grid-column gb-grid-column-bcae065b\"><div class=\"gb-container gb-container-bcae065b\">\n\n<p class=\"gb-headline gb-headline-e419680e gb-headline-text\">Como o material de areia quartzosa cont\u00e9m uma grande quantidade de \u00e1gua, n\u00e3o atende aos requisitos de material do campo industrial, sendo necess\u00e1rio utilizar equipamentos adequados para sec\u00e1-lo. Para isso, a Hengxing Equipment desenvolveu equipamentos de secagem especificamente para as propriedades da pedra de quartzo, ou seja, um secador de areia quartzosa, que apresenta vantagens significativas de desempenho e pre\u00e7o.<\/p>\n\n\n<div class=\"gb-grid-wrapper gb-grid-wrapper-eebec76e\">\n<div class=\"gb-grid-column gb-grid-column-e3ada2f0\"><div class=\"gb-container gb-container-e3ada2f0\">\n\n<p class=\"gb-headline gb-headline-4c79a90a gb-headline-text\"><mark style=\"background-color:rgba(0, 0, 0, 0)\" class=\"has-inline-color has-global-color-8-color\"><strong>Capacidade:<\/strong><\/mark> 1,9-76,0 t\/h<\/p>\n\n<\/div><\/div>\n\n<div class=\"gb-grid-column gb-grid-column-0bb00826\"><div class=\"gb-container gb-container-0bb00826\">\n\n<p class=\"gb-headline gb-headline-86d53f56 gb-headline-text\"><mark style=\"background-color:rgba(0, 0, 0, 0)\" class=\"has-inline-color has-global-color-8-color\"><strong>Motor (kW):<\/strong><\/mark> 7.5-160<\/p>\n\n<\/div><\/div>\n<\/div>\n\n\n<p class=\"gb-headline gb-headline-2750f5a7 gb-headline-text\"><strong>Aplica\u00e7\u00e3o:<\/strong><\/p>\n\n\n\n<p class=\"gb-headline gb-headline-28231626 gb-headline-text\"><strong>Campo de aplica\u00e7\u00e3o:<\/strong> Utilizado para secar materiais com certa umidade ou granulometria nos setores de processamento mineral, constru\u00e7\u00e3o, metalurgia, ind\u00fastria qu\u00edmica e outros.<\/p>\n\n\n\n<p><strong>Materiais aplic\u00e1veis: <\/strong>Pedra de quartzo, areia de rio, min\u00e9rio de cobre, pirrotita, hematita, limonita, min\u00e9rio de molibd\u00eanio, min\u00e9rio de ouro, min\u00e9rio de ferro, calc\u00e1rio, argila, etc.<\/p>\n\n\n<div class=\"gb-container gb-container-256e15f1\">\n\n<a class=\"gb-button gb-button-e8b73d89 gb-button-text\" href=\"#popmake-622\">Obtenha uma cota\u00e7\u00e3o gratuita agora<\/a>\n\n<\/div>\n<\/div><\/div>\n<\/div>\n<\/div>\n<\/div>\n\n<div class=\"gb-container gb-container-af5f8799\">\n<div class=\"gb-container gb-container-2298848b\">\n\n<h2 class=\"gb-headline gb-headline-9d27ad2c gb-headline-text\">Vantagens do secador de areia quartzosa <\/h2>\n\n\n\n<p>Os principais componentes do secador de cimento s\u00e3o o cilindro, o motor, o sistema de controle, o circuito de prote\u00e7\u00e3o e os dispositivos auxiliares. Os detalhes s\u00e3o os seguintes:<\/p>\n\n\n\n<p><strong>1. Efici\u00eancia ultra-alta: <\/strong>O cilindro rotativo est\u00e1 equipado com um dispositivo de c\u00f3pia, que desempenha a fun\u00e7\u00e3o de copiar e derramar continuamente a pedra de quartzo, permitindo que a pedra de quartzo e o corpo de aquecimento entrem em contato total, melhorando significativamente a efici\u00eancia de secagem da pedra de quartzo.<\/p>\n\n\n\n<p><strong>2. Super adaptabilidade: <\/strong>A m\u00e1quina n\u00e3o \u00e9 afetada pela natureza da pedra de quartzo, nem por fatores ambientais. O efeito de secagem \u00e9 melhor e a adaptabilidade \u00e9 super flex\u00edvel.<\/p>\n\n\n\n<p><strong>3. Consumo de energia ultrabaixo: <\/strong>A m\u00e1quina adota um princ\u00edpio especial de secagem por calor residual; o consumo de energia e eletricidade durante o processo de secagem \u00e9 ultrabaixo, e o efeito de economia de energia \u00e9 muito significativo.<\/p>\n\n\n\n<p><strong>4. Qualidade superexcelente:<\/strong> Por um lado, o dispositivo do tambor \u00e9 fabricado com tecnologia muito avan\u00e7ada, com excelente sele\u00e7\u00e3o de materiais e boa resist\u00eancia ao desgaste; por outro lado, o dispositivo de eleva\u00e7\u00e3o \u00e9 feito de a\u00e7o especial resistente ao calor, sendo mais dur\u00e1vel e confi\u00e1vel em qualidade.<\/p>\n\n\n<div class=\"gb-container gb-container-d7b7b595\">\n\n<a class=\"gb-button gb-button-c1312760 gb-button-text\" href=\"#popmake-622\">Obtenha uma cota\u00e7\u00e3o gratuita agora<\/a>\n\n<\/div>\n<\/div>\n<\/div>\n\n<div class=\"gb-container gb-container-ebd718b6\">\n<div class=\"gb-container gb-container-5c75b960\">\n\n<h2 class=\"gb-headline gb-headline-98859344 gb-headline-text\">Estrutura do secador de areia quartzosa<\/h2>\n\n\n\n<figure class=\"gb-block-image gb-block-image-c486b36e\"><img decoding=\"async\" width=\"920\" height=\"420\" class=\"gb-image gb-image-c486b36e\" src=\"https:\/\/hengxingmachinery.com\/wp-content\/uploads\/2025\/01\/quartz-sand-dryer-equipment.jpg\" alt=\"\" title=\"Equipamento secador de areia quartzosa\" srcset=\"https:\/\/hengxingmachinery.com\/wp-content\/uploads\/2025\/01\/quartz-sand-dryer-equipment.jpg 920w, https:\/\/hengxingmachinery.com\/wp-content\/uploads\/2025\/01\/quartz-sand-dryer-equipment-300x137.jpg 300w, https:\/\/hengxingmachinery.com\/wp-content\/uploads\/2025\/01\/quartz-sand-dryer-equipment-768x351.jpg 768w, https:\/\/hengxingmachinery.com\/wp-content\/uploads\/2025\/01\/quartz-sand-dryer-equipment-18x8.jpg 18w\" sizes=\"(max-width: 920px) 100vw, 920px\" \/><\/figure>\n\n\n\n<p>O secador de areia quartzosa compreende principalmente um cilindro, um dispositivo de suporte, um dispositivo de transmiss\u00e3o e um dispositivo de veda\u00e7\u00e3o nas extremidades. O cilindro \u00e9 a base do secador, onde ocorrem os processos de transfer\u00eancia de calor e massa e o transporte de materiais. O dispositivo de suporte do cilindro \u00e9 composto por tr\u00eas partes: anel de rolamento, roda de suporte e roda de reten\u00e7\u00e3o. O peso de todo o cilindro \u00e9 transmitido \u00e0 roda de suporte atrav\u00e9s do anel de rolamento, e o anel de rolamento gira sobre a roda de suporte, enquanto a roda de reten\u00e7\u00e3o atua para bloquear o movimento axial do cilindro para frente. Os dispositivos de transmiss\u00e3o do secador incluem principalmente motores, redutores, engrenagens, coroas dentadas, dispositivos de alimenta\u00e7\u00e3o e descarga e dispositivos de veda\u00e7\u00e3o.<\/p>\n\n\n<div class=\"gb-container gb-container-d6bbf16a\">\n\n<a class=\"gb-button gb-button-caa3f2bc gb-button-text\" href=\"#popmake-622\">Obtenha uma cota\u00e7\u00e3o gratuita agora<\/a>\n\n<\/div>\n<\/div>\n<\/div>\n\n<div class=\"gb-container gb-container-435ad261\">\n<div class=\"gb-container gb-container-7dc79cc4\">\n\n<h2 class=\"gb-headline gb-headline-6fe5dee2 gb-headline-text\">Especifica\u00e7\u00f5es do secador de areia quartzosa<\/h2>\n\n\n\n<figure class=\"wp-block-table is-style-stripes\"><table class=\"has-fixed-layout\"><tbody><tr><td><strong>Modelo (m)<br>(di\u00e2metro \u00d7 comprimento)<\/strong><\/td><td><strong>(di\u00e2metro\u00d7comprimento)<br>(m\u00b3)<\/strong><\/td><td><strong>Capacidade<br>(t\/h)<\/strong><\/td><td><strong>(t\/h)<br>(%)<\/strong><\/td><td><strong>Inclina\u00e7\u00e3o de instala\u00e7\u00e3o<br>(\u2103)<\/strong><\/td><td><strong>Motor<br>(kw)<\/strong><\/td><td><strong>Peso total<br>(t)<\/strong><\/td><\/tr><tr><td>\u03a61,2\u00d78,0<\/td><td>9.0<\/td><td>1.9-2.4<\/td><td>3-5<\/td><td>700-800<\/td><td>7.5<\/td><td>9<\/td><\/tr><tr><td>\u03a61,2\u00d710<\/td><td>11.3<\/td><td>2.4-3.0<\/td><td>3-5<\/td><td>700-800<\/td><td>7.5<\/td><td>11<\/td><\/tr><tr><td>\u03a61,5\u00d712<\/td><td>21.2<\/td><td>4.5-5.7<\/td><td>3-5<\/td><td>700-800<\/td><td>15<\/td><td>18.5<\/td><\/tr><tr><td>\u03a61,5\u00d714<\/td><td>24.7<\/td><td>5.3-6.6<\/td><td>3-5<\/td><td>700-800<\/td><td>15<\/td><td>19.7<\/td><\/tr><tr><td>\u03a61,5\u00d715<\/td><td>26.5<\/td><td>5.7-7.1<\/td><td>3-5<\/td><td>700-800<\/td><td>15<\/td><td>20.5<\/td><\/tr><tr><td>\u03a61,8\u00d712<\/td><td>30.5<\/td><td>6.5-8.1<\/td><td>3-5<\/td><td>700-800<\/td><td>18.5<\/td><td>21.5<\/td><\/tr><tr><td>\u03a61,8\u00d714<\/td><td>35.6<\/td><td>7.6-9.5<\/td><td>3-5<\/td><td>700-800<\/td><td>18.5<\/td><td>23<\/td><\/tr><tr><td>\u03a62,2\u00d712<\/td><td>45.6<\/td><td>9.7-12.2<\/td><td>3-5<\/td><td>700-800<\/td><td>22<\/td><td>33.5<\/td><\/tr><tr><td>\u03a62,2\u00d714<\/td><td>53.2<\/td><td>11.4-14.2<\/td><td>3-5<\/td><td>700-800<\/td><td>22<\/td><td>36<\/td><\/tr><tr><td>\u03a62,2\u00d716<\/td><td>60.8<\/td><td>13.0-16.2<\/td><td>3-5<\/td><td>700-800<\/td><td>22<\/td><td>38<\/td><\/tr><tr><td>\u03a62,4\u00d714<\/td><td>63.3<\/td><td>13.5-16.9<\/td><td>3-5<\/td><td>700-800<\/td><td>37<\/td><td>45<\/td><\/tr><tr><td>\u03a62,4\u00d718<\/td><td>81.4<\/td><td>17.4-21.7<\/td><td>3-5<\/td><td>700-800<\/td><td>37<\/td><td>49<\/td><\/tr><tr><td>\u03a62,4\u00d720<\/td><td>90.4<\/td><td>19.3-24.1<\/td><td>3-5<\/td><td>700-800<\/td><td>45<\/td><td>54<\/td><\/tr><tr><td>\u03a62,4\u00d722<\/td><td>99.5<\/td><td>21.2-26.5<\/td><td>3-5<\/td><td>700-800<\/td><td>45<\/td><td>58<\/td><\/tr><tr><td>\u03a62,6\u00d724<\/td><td>127.4<\/td><td>27.2-34.0<\/td><td>3-5<\/td><td>700-800<\/td><td>55<\/td><td>73<\/td><\/tr><tr><td>\u03a63,0\u00d720<\/td><td>141.3<\/td><td>30.1-37.7<\/td><td>3-5<\/td><td>700-800<\/td><td>75<\/td><td>85<\/td><\/tr><tr><td>\u03a63,0\u00d725<\/td><td>176.6<\/td><td>37.7-47.1<\/td><td>3-5<\/td><td>700-800<\/td><td>75<\/td><td>95<\/td><\/tr><tr><td>\u03a63,2\u00d725<\/td><td>201<\/td><td>42.9-53.6<\/td><td>3-5<\/td><td>700-800<\/td><td>90<\/td><td>110<\/td><\/tr><tr><td>\u03a63,6\u00d728<\/td><td>285<\/td><td>60.8-76.0<\/td><td>3-5<\/td><td>700-800<\/td><td>160<\/td><td>135<\/td><\/tr><\/tbody><\/table><\/figure>\n\n\n<div class=\"gb-container gb-container-263d9700\">\n\n<a class=\"gb-button gb-button-a4cbb7be gb-button-text\" href=\"#popmake-622\">Obtenha uma cota\u00e7\u00e3o gratuita agora<\/a>\n\n<\/div>\n<\/div>\n<\/div>","protected":false},"excerpt":{"rendered":"<p>Quartz sand dryer Advantages of quartz sand &nbsp;dryer The main components of the cement dryer are the cylinder, the motor, the control system, the protection circuit and the auxiliary devices. The details are as follows: 1. Ultra-high efficiency: The rotary cylinder is equipped with a copying device, which plays the role of continuously copying and &#8230; <\/p>\n<p class=\"read-more-container\"><a title=\"5-1. Secador de areia de quartzo\" class=\"read-more button\" href=\"https:\/\/hengxingmachinery.com\/pt\/quartz-sand-dryer\/#more-1658\" aria-label=\"Leia mais sobre 5-1. Quartz sand dryer\">Ler mais<\/a><\/p>","protected":false},"author":1,"featured_media":0,"parent":0,"menu_order":0,"comment_status":"closed","ping_status":"closed","template":"","meta":{"footnotes":""},"class_list":["post-1658","page","type-page","status-publish"],"yoast_head":"<!-- This site is optimized with the Yoast SEO plugin v27.4 - https:\/\/yoast.com\/product\/yoast-seo-wordpress\/ -->\n<title>5-1. Quartz sand dryer - Hengxing Machinery<\/title>\n<meta name=\"robots\" content=\"index, follow, max-snippet:-1, max-image-preview:large, max-video-preview:-1\" \/>\n<link rel=\"canonical\" href=\"https:\/\/hengxingmachinery.com\/pt\/quartz-sand-dryer\/\" \/>\n<meta property=\"og:locale\" content=\"pt_PT\" \/>\n<meta property=\"og:type\" content=\"article\" \/>\n<meta property=\"og:title\" content=\"5-1. Quartz sand dryer - Hengxing Machinery\" \/>\n<meta property=\"og:description\" content=\"Quartz sand dryer Advantages of quartz sand &nbsp;dryer The main components of the cement dryer are the cylinder, the motor, the control system, the protection circuit and the auxiliary devices. The details are as follows: 1. Ultra-high efficiency: The rotary cylinder is equipped with a copying device, which plays the role of continuously copying and ... Ler mais\" \/>\n<meta property=\"og:url\" content=\"https:\/\/hengxingmachinery.com\/pt\/quartz-sand-dryer\/\" \/>\n<meta property=\"og:site_name\" content=\"Hengxing Machinery\" \/>\n<meta property=\"article:modified_time\" content=\"2025-03-13T03:29:40+00:00\" \/>\n<meta property=\"og:image\" content=\"https:\/\/hengxingmachinery.com\/wp-content\/uploads\/2025\/01\/Quartz-sand-drying-machine-.jpg\" \/>\n<meta name=\"twitter:card\" content=\"summary_large_image\" \/>\n<meta name=\"twitter:label1\" content=\"Tempo estimado de leitura\" \/>\n\t<meta name=\"twitter:data1\" content=\"4 minutos\" \/>\n<script type=\"application\/ld+json\" class=\"yoast-schema-graph\">{\"@context\":\"https:\\\/\\\/schema.org\",\"@graph\":[{\"@type\":\"WebPage\",\"@id\":\"https:\\\/\\\/hengxingmachinery.com\\\/quartz-sand-dryer\\\/\",\"url\":\"https:\\\/\\\/hengxingmachinery.com\\\/quartz-sand-dryer\\\/\",\"name\":\"5-1. Quartz sand dryer - Hengxing Machinery\",\"isPartOf\":{\"@id\":\"https:\\\/\\\/hengxingmachinery.com\\\/#website\"},\"primaryImageOfPage\":{\"@id\":\"https:\\\/\\\/hengxingmachinery.com\\\/quartz-sand-dryer\\\/#primaryimage\"},\"image\":{\"@id\":\"https:\\\/\\\/hengxingmachinery.com\\\/quartz-sand-dryer\\\/#primaryimage\"},\"thumbnailUrl\":\"https:\\\/\\\/hengxingmachinery.com\\\/wp-content\\\/uploads\\\/2025\\\/01\\\/Quartz-sand-drying-machine-.jpg\",\"datePublished\":\"2025-01-15T06:28:08+00:00\",\"dateModified\":\"2025-03-13T03:29:40+00:00\",\"breadcrumb\":{\"@id\":\"https:\\\/\\\/hengxingmachinery.com\\\/quartz-sand-dryer\\\/#breadcrumb\"},\"inLanguage\":\"pt-PT\",\"potentialAction\":[{\"@type\":\"ReadAction\",\"target\":[\"https:\\\/\\\/hengxingmachinery.com\\\/quartz-sand-dryer\\\/\"]}]},{\"@type\":\"ImageObject\",\"inLanguage\":\"pt-PT\",\"@id\":\"https:\\\/\\\/hengxingmachinery.com\\\/quartz-sand-dryer\\\/#primaryimage\",\"url\":\"https:\\\/\\\/hengxingmachinery.com\\\/wp-content\\\/uploads\\\/2025\\\/01\\\/Quartz-sand-drying-machine-.jpg\",\"contentUrl\":\"https:\\\/\\\/hengxingmachinery.com\\\/wp-content\\\/uploads\\\/2025\\\/01\\\/Quartz-sand-drying-machine-.jpg\"},{\"@type\":\"BreadcrumbList\",\"@id\":\"https:\\\/\\\/hengxingmachinery.com\\\/quartz-sand-dryer\\\/#breadcrumb\",\"itemListElement\":[{\"@type\":\"ListItem\",\"position\":1,\"name\":\"Home\",\"item\":\"https:\\\/\\\/hengxingmachinery.com\\\/\"},{\"@type\":\"ListItem\",\"position\":2,\"name\":\"5-1. Quartz sand dryer\"}]},{\"@type\":\"WebSite\",\"@id\":\"https:\\\/\\\/hengxingmachinery.com\\\/#website\",\"url\":\"https:\\\/\\\/hengxingmachinery.com\\\/\",\"name\":\"Hengxing Machinery\",\"description\":\"Leading Manufacturer of All Sorts of Mining Machinery\",\"publisher\":{\"@id\":\"https:\\\/\\\/hengxingmachinery.com\\\/#organization\"},\"potentialAction\":[{\"@type\":\"SearchAction\",\"target\":{\"@type\":\"EntryPoint\",\"urlTemplate\":\"https:\\\/\\\/hengxingmachinery.com\\\/?s={search_term_string}\"},\"query-input\":{\"@type\":\"PropertyValueSpecification\",\"valueRequired\":true,\"valueName\":\"search_term_string\"}}],\"inLanguage\":\"pt-PT\"},{\"@type\":\"Organization\",\"@id\":\"https:\\\/\\\/hengxingmachinery.com\\\/#organization\",\"name\":\"Hengxing Machinery\",\"url\":\"https:\\\/\\\/hengxingmachinery.com\\\/\",\"logo\":{\"@type\":\"ImageObject\",\"inLanguage\":\"pt-PT\",\"@id\":\"https:\\\/\\\/hengxingmachinery.com\\\/#\\\/schema\\\/logo\\\/image\\\/\",\"url\":\"https:\\\/\\\/hengxingmachinery.com\\\/wp-content\\\/uploads\\\/2024\\\/12\\\/logo.png\",\"contentUrl\":\"https:\\\/\\\/hengxingmachinery.com\\\/wp-content\\\/uploads\\\/2024\\\/12\\\/logo.png\",\"width\":400,\"height\":260,\"caption\":\"Hengxing Machinery\"},\"image\":{\"@id\":\"https:\\\/\\\/hengxingmachinery.com\\\/#\\\/schema\\\/logo\\\/image\\\/\"}}]}<\/script>\n<!-- \/ Yoast SEO plugin. -->","yoast_head_json":{"title":"5-1. Secador de areia de quartzo - Hengxing Machinery","robots":{"index":"index","follow":"follow","max-snippet":"max-snippet:-1","max-image-preview":"max-image-preview:large","max-video-preview":"max-video-preview:-1"},"canonical":"https:\/\/hengxingmachinery.com\/pt\/quartz-sand-dryer\/","og_locale":"pt_PT","og_type":"article","og_title":"5-1. Quartz sand dryer - Hengxing Machinery","og_description":"Quartz sand dryer Advantages of quartz sand &nbsp;dryer The main components of the cement dryer are the cylinder, the motor, the control system, the protection circuit and the auxiliary devices. The details are as follows: 1. Ultra-high efficiency: The rotary cylinder is equipped with a copying device, which plays the role of continuously copying and ... Ler mais","og_url":"https:\/\/hengxingmachinery.com\/pt\/quartz-sand-dryer\/","og_site_name":"Hengxing Machinery","article_modified_time":"2025-03-13T03:29:40+00:00","og_image":[{"url":"https:\/\/hengxingmachinery.com\/wp-content\/uploads\/2025\/01\/Quartz-sand-drying-machine-.jpg","type":"","width":"","height":""}],"twitter_card":"summary_large_image","twitter_misc":{"Tempo estimado de leitura":"4 minutos"},"schema":{"@context":"https:\/\/schema.org","@graph":[{"@type":"WebPage","@id":"https:\/\/hengxingmachinery.com\/quartz-sand-dryer\/","url":"https:\/\/hengxingmachinery.com\/quartz-sand-dryer\/","name":"5-1. Secador de areia de quartzo - Hengxing Machinery","isPartOf":{"@id":"https:\/\/hengxingmachinery.com\/#website"},"primaryImageOfPage":{"@id":"https:\/\/hengxingmachinery.com\/quartz-sand-dryer\/#primaryimage"},"image":{"@id":"https:\/\/hengxingmachinery.com\/quartz-sand-dryer\/#primaryimage"},"thumbnailUrl":"https:\/\/hengxingmachinery.com\/wp-content\/uploads\/2025\/01\/Quartz-sand-drying-machine-.jpg","datePublished":"2025-01-15T06:28:08+00:00","dateModified":"2025-03-13T03:29:40+00:00","breadcrumb":{"@id":"https:\/\/hengxingmachinery.com\/quartz-sand-dryer\/#breadcrumb"},"inLanguage":"pt-PT","potentialAction":[{"@type":"ReadAction","target":["https:\/\/hengxingmachinery.com\/quartz-sand-dryer\/"]}]},{"@type":"ImageObject","inLanguage":"pt-PT","@id":"https:\/\/hengxingmachinery.com\/quartz-sand-dryer\/#primaryimage","url":"https:\/\/hengxingmachinery.com\/wp-content\/uploads\/2025\/01\/Quartz-sand-drying-machine-.jpg","contentUrl":"https:\/\/hengxingmachinery.com\/wp-content\/uploads\/2025\/01\/Quartz-sand-drying-machine-.jpg"},{"@type":"BreadcrumbList","@id":"https:\/\/hengxingmachinery.com\/quartz-sand-dryer\/#breadcrumb","itemListElement":[{"@type":"ListItem","position":1,"name":"Home","item":"https:\/\/hengxingmachinery.com\/"},{"@type":"ListItem","position":2,"name":"5-1. Quartz sand dryer"}]},{"@type":"WebSite","@id":"https:\/\/hengxingmachinery.com\/#website","url":"https:\/\/hengxingmachinery.com\/","name":"M\u00e1quinas Hengxing","description":"Fabricante l\u00edder de todos os tipos de m\u00e1quinas de minera\u00e7\u00e3o","publisher":{"@id":"https:\/\/hengxingmachinery.com\/#organization"},"potentialAction":[{"@type":"SearchAction","target":{"@type":"EntryPoint","urlTemplate":"https:\/\/hengxingmachinery.com\/?s={search_term_string}"},"query-input":{"@type":"PropertyValueSpecification","valueRequired":true,"valueName":"search_term_string"}}],"inLanguage":"pt-PT"},{"@type":"Organization","@id":"https:\/\/hengxingmachinery.com\/#organization","name":"M\u00e1quinas Hengxing","url":"https:\/\/hengxingmachinery.com\/","logo":{"@type":"ImageObject","inLanguage":"pt-PT","@id":"https:\/\/hengxingmachinery.com\/#\/schema\/logo\/image\/","url":"https:\/\/hengxingmachinery.com\/wp-content\/uploads\/2024\/12\/logo.png","contentUrl":"https:\/\/hengxingmachinery.com\/wp-content\/uploads\/2024\/12\/logo.png","width":400,"height":260,"caption":"Hengxing Machinery"},"image":{"@id":"https:\/\/hengxingmachinery.com\/#\/schema\/logo\/image\/"}}]}},"_links":{"self":[{"href":"https:\/\/hengxingmachinery.com\/pt\/wp-json\/wp\/v2\/pages\/1658","targetHints":{"allow":["GET"]}}],"collection":[{"href":"https:\/\/hengxingmachinery.com\/pt\/wp-json\/wp\/v2\/pages"}],"about":[{"href":"https:\/\/hengxingmachinery.com\/pt\/wp-json\/wp\/v2\/types\/page"}],"author":[{"embeddable":true,"href":"https:\/\/hengxingmachinery.com\/pt\/wp-json\/wp\/v2\/users\/1"}],"replies":[{"embeddable":true,"href":"https:\/\/hengxingmachinery.com\/pt\/wp-json\/wp\/v2\/comments?post=1658"}],"version-history":[{"count":6,"href":"https:\/\/hengxingmachinery.com\/pt\/wp-json\/wp\/v2\/pages\/1658\/revisions"}],"predecessor-version":[{"id":2107,"href":"https:\/\/hengxingmachinery.com\/pt\/wp-json\/wp\/v2\/pages\/1658\/revisions\/2107"}],"wp:attachment":[{"href":"https:\/\/hengxingmachinery.com\/pt\/wp-json\/wp\/v2\/media?parent=1658"}],"curies":[{"name":"wp","href":"https:\/\/api.w.org\/{rel}","templated":true}]}}