{"id":1710,"date":"2025-01-20T07:57:28","date_gmt":"2025-01-20T07:57:28","guid":{"rendered":"https:\/\/hengxingmachinery.com\/?page_id=1710"},"modified":"2025-03-06T01:59:49","modified_gmt":"2025-03-06T01:59:49","slug":"ore-slag-dryer","status":"publish","type":"page","link":"https:\/\/hengxingmachinery.com\/pt\/ore-slag-dryer\/","title":{"rendered":"5-1. Secador de esc\u00f3ria de min\u00e9rio"},"content":{"rendered":"<div class=\"gb-container gb-container-45165f5a\">\n<div class=\"gb-container gb-container-c2652eb4\">\n\n<h1 class=\"gb-headline gb-headline-62a8b2cc gb-headline-text\">Secador de esc\u00f3ria de min\u00e9rio<\/h1>\n\n<\/div>\n<\/div>\n\n<div class=\"gb-container gb-container-519cf624\">\n<div class=\"gb-container gb-container-71ca071e\">\n<div class=\"gb-grid-wrapper gb-grid-wrapper-8a5f0688\">\n<div class=\"gb-grid-column gb-grid-column-1e99b1c2\"><div class=\"gb-container gb-container-1e99b1c2\">\n\n<figure class=\"gb-block-image gb-block-image-e4eaba54\"><img decoding=\"async\" width=\"665\" height=\"545\" class=\"gb-image gb-image-e4eaba54\" src=\"https:\/\/hengxingmachinery.com\/wp-content\/uploads\/2025\/01\/ore-slag-dryer-for-sale.jpg\" alt=\"\" title=\"Secador de esc\u00f3ria de min\u00e9rio \u00e0 venda\" srcset=\"https:\/\/hengxingmachinery.com\/wp-content\/uploads\/2025\/01\/ore-slag-dryer-for-sale.jpg 665w, https:\/\/hengxingmachinery.com\/wp-content\/uploads\/2025\/01\/ore-slag-dryer-for-sale-300x246.jpg 300w, https:\/\/hengxingmachinery.com\/wp-content\/uploads\/2025\/01\/ore-slag-dryer-for-sale-15x12.jpg 15w\" sizes=\"(max-width: 665px) 100vw, 665px\" \/><\/figure>\n\n<\/div><\/div>\n\n<div class=\"gb-grid-column gb-grid-column-bcae065b\"><div class=\"gb-container gb-container-bcae065b\">\n\n<p class=\"gb-headline gb-headline-e419680e gb-headline-text\"><\/p>\n\n\n<div class=\"gb-grid-wrapper gb-grid-wrapper-eebec76e\">\n<div class=\"gb-grid-column gb-grid-column-e3ada2f0\"><div class=\"gb-container gb-container-e3ada2f0\">\n\n<p class=\"gb-headline gb-headline-4c79a90a gb-headline-text\"><mark style=\"background-color:rgba(0, 0, 0, 0)\" class=\"has-inline-color has-global-color-8-color\"><strong>Capacidade:<\/strong><\/mark> 1,9-76,0 t\/h<\/p>\n\n<\/div><\/div>\n\n<div class=\"gb-grid-column gb-grid-column-0bb00826\"><div class=\"gb-container gb-container-0bb00826\">\n\n<p class=\"gb-headline gb-headline-86d53f56 gb-headline-text\"><mark style=\"background-color:rgba(0, 0, 0, 0)\" class=\"has-inline-color has-global-color-8-color\"><strong>Pot\u00eancia (kW):<\/strong><\/mark> 4-55<\/p>\n\n<\/div><\/div>\n<\/div>\n\n\n<p class=\"gb-headline gb-headline-2750f5a7 gb-headline-text\"><strong>Aplica\u00e7\u00e3o:<\/strong><\/p>\n\n\n\n<p class=\"gb-headline gb-headline-28231626 gb-headline-text\">Esc\u00f3ria, cinzas, linhito, lama de carv\u00e3o, p\u00f3 de carv\u00e3o, carv\u00e3o bruto, carv\u00e3o, cinzas volantes, etc.<\/p>\n\n\n<div class=\"gb-container gb-container-256e15f1\">\n\n<a class=\"gb-button gb-button-e8b73d89 gb-button-text\" href=\"#popmake-622\">Obtenha uma cota\u00e7\u00e3o gratuita agora<\/a>\n\n<\/div>\n<\/div><\/div>\n<\/div>\n<\/div>\n<\/div>\n\n<div class=\"gb-container gb-container-af5f8799\">\n<div class=\"gb-container gb-container-2298848b\">\n\n<h2 class=\"gb-headline gb-headline-9d27ad2c gb-headline-text\">Caracter\u00edsticas do secador de esc\u00f3ria de min\u00e9rio  <\/h2>\n\n\n\n<p>1. O secador de esc\u00f3ria de min\u00e9rio possui capacidade de processamento relativamente grande, forte capacidade anti-sobrecarga e baixo consumo de combust\u00edvel, o que pode reduzir diretamente o custo de secagem.<\/p>\n\n\n\n<p>2. Para obter um melhor efeito de secagem, o secador de esc\u00f3ria adota um m\u00e9todo de secagem em corrente paralela. O material e o fluxo de ar da fonte de calor entram no equipamento de secagem pelo mesmo lado. A temperatura de sa\u00edda do secador de esc\u00f3ria \u00e9 baixa e a efici\u00eancia t\u00e9rmica \u00e9 alta.<\/p>\n\n\n\n<p>3. O equipamento de secagem de esc\u00f3ria realizou inova\u00e7\u00e3o na estrutura interna, refor\u00e7ou a limpeza e a condu\u00e7\u00e3o de calor dos materiais dispersos e resolveu completamente o fen\u00f4meno de ades\u00e3o na parede interna do cilindro.<\/p>\n\n\n\n<p>4. A nova gera\u00e7\u00e3o de secadores de esc\u00f3ria utiliza um novo tipo de dispositivo de alimenta\u00e7\u00e3o e descarga, eliminando o entupimento, descontinuidade, irregularidade e retorno do equipamento de secagem de esc\u00f3ria, reduzindo efetivamente a carga do equipamento de despoeiramento.<\/p>\n\n\n\n<p>5. Este tipo de equipamento de secagem de esc\u00f3ria pode atender aos requisitos de diferentes usu\u00e1rios quanto ao tamanho das part\u00edculas e ao teor de umidade de uma variedade de materiais de esc\u00f3ria ap\u00f3s a secagem.<\/p>\n\n\n<div class=\"gb-container gb-container-d7b7b595\">\n\n<a class=\"gb-button gb-button-c1312760 gb-button-text\" href=\"#popmake-622\">Obtenha uma cota\u00e7\u00e3o gratuita agora<\/a>\n\n<\/div>\n<\/div>\n<\/div>\n\n<div class=\"gb-container gb-container-ebd718b6\">\n<div class=\"gb-container gb-container-5c75b960\">\n\n<h2 class=\"gb-headline gb-headline-98859344 gb-headline-text\">Princ\u00edpio de funcionamento do secador de esc\u00f3ria de min\u00e9rio<\/h2>\n\n\n\n<figure class=\"gb-block-image gb-block-image-c486b36e\"><img decoding=\"async\" width=\"920\" height=\"409\" class=\"gb-image gb-image-c486b36e\" src=\"https:\/\/hengxingmachinery.com\/wp-content\/uploads\/2025\/01\/ore-slag-drying-machine-1.jpg\" alt=\"\" title=\"M\u00e1quina de secagem de esc\u00f3ria de min\u00e9rio\" srcset=\"https:\/\/hengxingmachinery.com\/wp-content\/uploads\/2025\/01\/ore-slag-drying-machine-1.jpg 920w, https:\/\/hengxingmachinery.com\/wp-content\/uploads\/2025\/01\/ore-slag-drying-machine-1-300x133.jpg 300w, https:\/\/hengxingmachinery.com\/wp-content\/uploads\/2025\/01\/ore-slag-drying-machine-1-768x341.jpg 768w, https:\/\/hengxingmachinery.com\/wp-content\/uploads\/2025\/01\/ore-slag-drying-machine-1-18x8.jpg 18w\" sizes=\"(max-width: 920px) 100vw, 920px\" \/><\/figure>\n\n\n\n<p>Coloque o material seco e \u00famido na esteira transportadora no funil, e o material entra na extremidade de alimenta\u00e7\u00e3o atrav\u00e9s do alimentador do funil. Como a inclina\u00e7\u00e3o do tubo de alimenta\u00e7\u00e3o \u00e9 maior que a inclina\u00e7\u00e3o natural do material, este pode entrar suavemente no secador. O material entra na extremidade inferior com o elemento de aquecimento a partir da extremidade superior do cilindro do secador, e ent\u00e3o o material e o elemento de aquecimento fluem juntos para o cilindro. Sob a gravidade, o material entra na extremidade inferior do cilindro. Durante este per\u00edodo, o material \u00famido tamb\u00e9m recebe calor do meio de aquecimento. O material \u00famido perde lentamente a umidade e \u00e9 seco. O transportador de parafusos remove o material seco.<\/p>\n\n\n\n<p>O secador de areia de rio \u00e9 composto por um cilindro, anel de rolo, engrenagem, parte de descarga, placa elevat\u00f3ria, redutor, motor, calha de alimenta\u00e7\u00e3o, esteira transportadora, etc.<\/p>\n\n\n<div class=\"gb-container gb-container-d6bbf16a\">\n\n<a class=\"gb-button gb-button-caa3f2bc gb-button-text\" href=\"#popmake-622\">Obtenha uma cota\u00e7\u00e3o gratuita agora<\/a>\n\n<\/div>\n<\/div>\n<\/div>\n\n<div class=\"gb-container gb-container-435ad261\">\n<div class=\"gb-container gb-container-7dc79cc4\">\n\n<h2 class=\"gb-headline gb-headline-6fe5dee2 gb-headline-text\">Especifica\u00e7\u00f5es do secador de esc\u00f3ria de min\u00e9rio<\/h2>\n\n\n\n<figure class=\"wp-block-table is-style-stripes\"><table class=\"has-fixed-layout\"><tbody><tr><td><strong>Modelo (mm)<\/strong><\/td><td><strong>Velocidade (r\/min)<\/strong><\/td><td><strong>Inclina\u00e7\u00e3o (%)<\/strong><\/td><td><strong>Temperatura do Ar de Entrada<\/strong><br><strong>(\u00b0C)<\/strong><\/td><td><strong>Pot\u00eancia (kW)<\/strong><\/td><td><strong>Capacidade (t\/h)<\/strong><\/td><td><strong>Peso (t)<\/strong><\/td><\/tr><tr><td>\u03a6800\u00d78000<\/td><td>3-8<\/td><td>3-5<\/td><td>\u2264700<\/td><td>4<\/td><td>0.8-2<\/td><td>3.5<\/td><\/tr><tr><td>\u03a61000\u00d710000<\/td><td>3-8<\/td><td>3-5<\/td><td>\u2264700<\/td><td>5.5<\/td><td>1-3<\/td><td>5.6<\/td><\/tr><tr><td>\u03a61200\u00d710000<\/td><td>3-8<\/td><td>3-5<\/td><td>\u2264700<\/td><td>7.5<\/td><td>2-3.5<\/td><td>13.5<\/td><\/tr><tr><td>\u03a61200\u00d712000<\/td><td>3-8<\/td><td>3-5<\/td><td>\u2264700<\/td><td>11<\/td><td>2.5-4<\/td><td>14.2<\/td><\/tr><tr><td>\u03a61500\u00d712000<\/td><td>2-6<\/td><td>3-5<\/td><td>\u2264800<\/td><td>11<\/td><td>4-6<\/td><td>18.5<\/td><\/tr><tr><td>\u03a61500\u00d715000<\/td><td>2-6<\/td><td>3-5<\/td><td>\u2264800<\/td><td>18.5<\/td><td>5-8<\/td><td>21<\/td><\/tr><tr><td>\u03a61800\u00d718000<\/td><td>2-6<\/td><td>3-5<\/td><td>\u2264800<\/td><td>18.5<\/td><td>6-12<\/td><td>31<\/td><\/tr><tr><td>\u03a62000\u00d718000<\/td><td>1.5-6<\/td><td>3-5<\/td><td>\u2264800<\/td><td>22<\/td><td>8-15<\/td><td>35<\/td><\/tr><tr><td>\u03a62200\u00d712000<\/td><td>1.5-6<\/td><td>3-5<\/td><td>\u2264800<\/td><td>22<\/td><td>13-15<\/td><td>31.6<\/td><\/tr><tr><td>\u03a62200\u00d714000<\/td><td>1.5-6<\/td><td>3-5<\/td><td>\u2264800<\/td><td>22<\/td><td>14-16<\/td><td>33.5<\/td><\/tr><tr><td>\u03a62200\u00d716000<\/td><td>1.5-6<\/td><td>3-5<\/td><td>\u2264800<\/td><td>30<\/td><td>14-18<\/td><td>36<\/td><\/tr><tr><td>\u03a62400\u00d718000<\/td><td>1.5-6<\/td><td>3-5<\/td><td>\u2264800<\/td><td>45<\/td><td>16-22<\/td><td>42.8<\/td><\/tr><tr><td>\u03a62400\u00d720000<\/td><td>1.5-6<\/td><td>3-5<\/td><td>\u2264800<\/td><td>45<\/td><td>18-25<\/td><td>52<\/td><\/tr><tr><td>\u03a63000\u00d720000<\/td><td>1.5-6<\/td><td>3-5<\/td><td>\u2264800<\/td><td>55<\/td><td>25-30<\/td><td>77.8<\/td><\/tr><tr><td>\u03a63000\u00d725000<\/td><td>1.5-6<\/td><td>3-5<\/td><td>\u2264800<\/td><td>55<\/td><td>28-34<\/td><td>87.5<\/td><\/tr><\/tbody><\/table><\/figure>\n\n\n<div class=\"gb-container gb-container-263d9700\">\n\n<a class=\"gb-button gb-button-a4cbb7be gb-button-text\" href=\"#popmake-622\">Obtenha uma cota\u00e7\u00e3o gratuita agora<\/a>\n\n<\/div>\n<\/div>\n<\/div>","protected":false},"excerpt":{"rendered":"<p>Ore slag dryer Features of ore slag dryer 1. The ore slag dryer has a relatively large processing capacity, strong anti-overload ability and low fuel consumption, which can directly reduce the drying cost. 2. To achieve a better drying effect, the slag dryer adopts a downstream drying method. The material and heat source airflow enters &#8230; <\/p>\n<p class=\"read-more-container\"><a title=\"5-1. Secador de esc\u00f3ria de min\u00e9rio\" class=\"read-more button\" href=\"https:\/\/hengxingmachinery.com\/pt\/ore-slag-dryer\/#more-1710\" aria-label=\"Leia mais sobre 5-1. Ore slag dryer\">Ler mais<\/a><\/p>","protected":false},"author":1,"featured_media":0,"parent":0,"menu_order":0,"comment_status":"closed","ping_status":"closed","template":"","meta":{"footnotes":""},"class_list":["post-1710","page","type-page","status-publish"],"yoast_head":"<!-- This site is optimized with the Yoast SEO plugin v27.4 - https:\/\/yoast.com\/product\/yoast-seo-wordpress\/ -->\n<title>5-1. Ore slag dryer - Hengxing Machinery<\/title>\n<meta name=\"robots\" content=\"index, follow, max-snippet:-1, max-image-preview:large, max-video-preview:-1\" \/>\n<link rel=\"canonical\" href=\"https:\/\/hengxingmachinery.com\/pt\/ore-slag-dryer\/\" \/>\n<meta property=\"og:locale\" content=\"pt_PT\" \/>\n<meta property=\"og:type\" content=\"article\" \/>\n<meta property=\"og:title\" content=\"5-1. Ore slag dryer - Hengxing Machinery\" \/>\n<meta property=\"og:description\" content=\"Ore slag dryer Features of ore slag dryer 1. The ore slag dryer has a relatively large processing capacity, strong anti-overload ability and low fuel consumption, which can directly reduce the drying cost. 2. To achieve a better drying effect, the slag dryer adopts a downstream drying method. The material and heat source airflow enters ... Ler mais\" \/>\n<meta property=\"og:url\" content=\"https:\/\/hengxingmachinery.com\/pt\/ore-slag-dryer\/\" \/>\n<meta property=\"og:site_name\" content=\"Hengxing Machinery\" \/>\n<meta property=\"article:modified_time\" content=\"2025-03-06T01:59:49+00:00\" \/>\n<meta property=\"og:image\" content=\"https:\/\/hengxingmachinery.com\/wp-content\/uploads\/2025\/01\/ore-slag-dryer-for-sale.jpg\" \/>\n<meta name=\"twitter:card\" content=\"summary_large_image\" \/>\n<meta name=\"twitter:label1\" content=\"Tempo estimado de leitura\" \/>\n\t<meta name=\"twitter:data1\" content=\"3 minutos\" \/>\n<script type=\"application\/ld+json\" class=\"yoast-schema-graph\">{\"@context\":\"https:\\\/\\\/schema.org\",\"@graph\":[{\"@type\":\"WebPage\",\"@id\":\"https:\\\/\\\/hengxingmachinery.com\\\/ore-slag-dryer\\\/\",\"url\":\"https:\\\/\\\/hengxingmachinery.com\\\/ore-slag-dryer\\\/\",\"name\":\"5-1. Ore slag dryer - Hengxing Machinery\",\"isPartOf\":{\"@id\":\"https:\\\/\\\/hengxingmachinery.com\\\/#website\"},\"primaryImageOfPage\":{\"@id\":\"https:\\\/\\\/hengxingmachinery.com\\\/ore-slag-dryer\\\/#primaryimage\"},\"image\":{\"@id\":\"https:\\\/\\\/hengxingmachinery.com\\\/ore-slag-dryer\\\/#primaryimage\"},\"thumbnailUrl\":\"https:\\\/\\\/hengxingmachinery.com\\\/wp-content\\\/uploads\\\/2025\\\/01\\\/ore-slag-dryer-for-sale.jpg\",\"datePublished\":\"2025-01-20T07:57:28+00:00\",\"dateModified\":\"2025-03-06T01:59:49+00:00\",\"breadcrumb\":{\"@id\":\"https:\\\/\\\/hengxingmachinery.com\\\/ore-slag-dryer\\\/#breadcrumb\"},\"inLanguage\":\"pt-PT\",\"potentialAction\":[{\"@type\":\"ReadAction\",\"target\":[\"https:\\\/\\\/hengxingmachinery.com\\\/ore-slag-dryer\\\/\"]}]},{\"@type\":\"ImageObject\",\"inLanguage\":\"pt-PT\",\"@id\":\"https:\\\/\\\/hengxingmachinery.com\\\/ore-slag-dryer\\\/#primaryimage\",\"url\":\"https:\\\/\\\/hengxingmachinery.com\\\/wp-content\\\/uploads\\\/2025\\\/01\\\/ore-slag-dryer-for-sale.jpg\",\"contentUrl\":\"https:\\\/\\\/hengxingmachinery.com\\\/wp-content\\\/uploads\\\/2025\\\/01\\\/ore-slag-dryer-for-sale.jpg\"},{\"@type\":\"BreadcrumbList\",\"@id\":\"https:\\\/\\\/hengxingmachinery.com\\\/ore-slag-dryer\\\/#breadcrumb\",\"itemListElement\":[{\"@type\":\"ListItem\",\"position\":1,\"name\":\"Home\",\"item\":\"https:\\\/\\\/hengxingmachinery.com\\\/\"},{\"@type\":\"ListItem\",\"position\":2,\"name\":\"5-1. Ore slag dryer\"}]},{\"@type\":\"WebSite\",\"@id\":\"https:\\\/\\\/hengxingmachinery.com\\\/#website\",\"url\":\"https:\\\/\\\/hengxingmachinery.com\\\/\",\"name\":\"Hengxing Machinery\",\"description\":\"Leading Manufacturer of All Sorts of Mining Machinery\",\"publisher\":{\"@id\":\"https:\\\/\\\/hengxingmachinery.com\\\/#organization\"},\"potentialAction\":[{\"@type\":\"SearchAction\",\"target\":{\"@type\":\"EntryPoint\",\"urlTemplate\":\"https:\\\/\\\/hengxingmachinery.com\\\/?s={search_term_string}\"},\"query-input\":{\"@type\":\"PropertyValueSpecification\",\"valueRequired\":true,\"valueName\":\"search_term_string\"}}],\"inLanguage\":\"pt-PT\"},{\"@type\":\"Organization\",\"@id\":\"https:\\\/\\\/hengxingmachinery.com\\\/#organization\",\"name\":\"Hengxing Machinery\",\"url\":\"https:\\\/\\\/hengxingmachinery.com\\\/\",\"logo\":{\"@type\":\"ImageObject\",\"inLanguage\":\"pt-PT\",\"@id\":\"https:\\\/\\\/hengxingmachinery.com\\\/#\\\/schema\\\/logo\\\/image\\\/\",\"url\":\"https:\\\/\\\/hengxingmachinery.com\\\/wp-content\\\/uploads\\\/2024\\\/12\\\/logo.png\",\"contentUrl\":\"https:\\\/\\\/hengxingmachinery.com\\\/wp-content\\\/uploads\\\/2024\\\/12\\\/logo.png\",\"width\":400,\"height\":260,\"caption\":\"Hengxing Machinery\"},\"image\":{\"@id\":\"https:\\\/\\\/hengxingmachinery.com\\\/#\\\/schema\\\/logo\\\/image\\\/\"}}]}<\/script>\n<!-- \/ Yoast SEO plugin. -->","yoast_head_json":{"title":"5-1. Secador de esc\u00f3ria de min\u00e9rio - Hengxing Machinery","robots":{"index":"index","follow":"follow","max-snippet":"max-snippet:-1","max-image-preview":"max-image-preview:large","max-video-preview":"max-video-preview:-1"},"canonical":"https:\/\/hengxingmachinery.com\/pt\/ore-slag-dryer\/","og_locale":"pt_PT","og_type":"article","og_title":"5-1. Ore slag dryer - Hengxing Machinery","og_description":"Ore slag dryer Features of ore slag dryer 1. The ore slag dryer has a relatively large processing capacity, strong anti-overload ability and low fuel consumption, which can directly reduce the drying cost. 2. To achieve a better drying effect, the slag dryer adopts a downstream drying method. The material and heat source airflow enters ... Ler mais","og_url":"https:\/\/hengxingmachinery.com\/pt\/ore-slag-dryer\/","og_site_name":"Hengxing Machinery","article_modified_time":"2025-03-06T01:59:49+00:00","og_image":[{"url":"https:\/\/hengxingmachinery.com\/wp-content\/uploads\/2025\/01\/ore-slag-dryer-for-sale.jpg","type":"","width":"","height":""}],"twitter_card":"summary_large_image","twitter_misc":{"Tempo estimado de leitura":"3 minutos"},"schema":{"@context":"https:\/\/schema.org","@graph":[{"@type":"WebPage","@id":"https:\/\/hengxingmachinery.com\/ore-slag-dryer\/","url":"https:\/\/hengxingmachinery.com\/ore-slag-dryer\/","name":"5-1. Secador de esc\u00f3ria de min\u00e9rio - Hengxing Machinery","isPartOf":{"@id":"https:\/\/hengxingmachinery.com\/#website"},"primaryImageOfPage":{"@id":"https:\/\/hengxingmachinery.com\/ore-slag-dryer\/#primaryimage"},"image":{"@id":"https:\/\/hengxingmachinery.com\/ore-slag-dryer\/#primaryimage"},"thumbnailUrl":"https:\/\/hengxingmachinery.com\/wp-content\/uploads\/2025\/01\/ore-slag-dryer-for-sale.jpg","datePublished":"2025-01-20T07:57:28+00:00","dateModified":"2025-03-06T01:59:49+00:00","breadcrumb":{"@id":"https:\/\/hengxingmachinery.com\/ore-slag-dryer\/#breadcrumb"},"inLanguage":"pt-PT","potentialAction":[{"@type":"ReadAction","target":["https:\/\/hengxingmachinery.com\/ore-slag-dryer\/"]}]},{"@type":"ImageObject","inLanguage":"pt-PT","@id":"https:\/\/hengxingmachinery.com\/ore-slag-dryer\/#primaryimage","url":"https:\/\/hengxingmachinery.com\/wp-content\/uploads\/2025\/01\/ore-slag-dryer-for-sale.jpg","contentUrl":"https:\/\/hengxingmachinery.com\/wp-content\/uploads\/2025\/01\/ore-slag-dryer-for-sale.jpg"},{"@type":"BreadcrumbList","@id":"https:\/\/hengxingmachinery.com\/ore-slag-dryer\/#breadcrumb","itemListElement":[{"@type":"ListItem","position":1,"name":"Home","item":"https:\/\/hengxingmachinery.com\/"},{"@type":"ListItem","position":2,"name":"5-1. Ore slag dryer"}]},{"@type":"WebSite","@id":"https:\/\/hengxingmachinery.com\/#website","url":"https:\/\/hengxingmachinery.com\/","name":"M\u00e1quinas Hengxing","description":"Fabricante l\u00edder de todos os tipos de m\u00e1quinas de minera\u00e7\u00e3o","publisher":{"@id":"https:\/\/hengxingmachinery.com\/#organization"},"potentialAction":[{"@type":"SearchAction","target":{"@type":"EntryPoint","urlTemplate":"https:\/\/hengxingmachinery.com\/?s={search_term_string}"},"query-input":{"@type":"PropertyValueSpecification","valueRequired":true,"valueName":"search_term_string"}}],"inLanguage":"pt-PT"},{"@type":"Organization","@id":"https:\/\/hengxingmachinery.com\/#organization","name":"M\u00e1quinas Hengxing","url":"https:\/\/hengxingmachinery.com\/","logo":{"@type":"ImageObject","inLanguage":"pt-PT","@id":"https:\/\/hengxingmachinery.com\/#\/schema\/logo\/image\/","url":"https:\/\/hengxingmachinery.com\/wp-content\/uploads\/2024\/12\/logo.png","contentUrl":"https:\/\/hengxingmachinery.com\/wp-content\/uploads\/2024\/12\/logo.png","width":400,"height":260,"caption":"Hengxing Machinery"},"image":{"@id":"https:\/\/hengxingmachinery.com\/#\/schema\/logo\/image\/"}}]}},"_links":{"self":[{"href":"https:\/\/hengxingmachinery.com\/pt\/wp-json\/wp\/v2\/pages\/1710","targetHints":{"allow":["GET"]}}],"collection":[{"href":"https:\/\/hengxingmachinery.com\/pt\/wp-json\/wp\/v2\/pages"}],"about":[{"href":"https:\/\/hengxingmachinery.com\/pt\/wp-json\/wp\/v2\/types\/page"}],"author":[{"embeddable":true,"href":"https:\/\/hengxingmachinery.com\/pt\/wp-json\/wp\/v2\/users\/1"}],"replies":[{"embeddable":true,"href":"https:\/\/hengxingmachinery.com\/pt\/wp-json\/wp\/v2\/comments?post=1710"}],"version-history":[{"count":4,"href":"https:\/\/hengxingmachinery.com\/pt\/wp-json\/wp\/v2\/pages\/1710\/revisions"}],"predecessor-version":[{"id":1921,"href":"https:\/\/hengxingmachinery.com\/pt\/wp-json\/wp\/v2\/pages\/1710\/revisions\/1921"}],"wp:attachment":[{"href":"https:\/\/hengxingmachinery.com\/pt\/wp-json\/wp\/v2\/media?parent=1710"}],"curies":[{"name":"wp","href":"https:\/\/api.w.org\/{rel}","templated":true}]}}