{"id":1717,"date":"2025-01-20T09:03:19","date_gmt":"2025-01-20T09:03:19","guid":{"rendered":"https:\/\/hengxingmachinery.com\/?page_id=1717"},"modified":"2025-01-24T06:06:02","modified_gmt":"2025-01-24T06:06:02","slug":"bentonite-dryer","status":"publish","type":"page","link":"https:\/\/hengxingmachinery.com\/pt\/bentonite-dryer\/","title":{"rendered":"5-1. Secador de bentonita"},"content":{"rendered":"<div class=\"gb-container gb-container-45165f5a\">\n<div class=\"gb-container gb-container-c2652eb4\">\n\n<h1 class=\"gb-headline gb-headline-62a8b2cc gb-headline-text\">Secador de bentonita<\/h1>\n\n<\/div>\n<\/div>\n\n<div class=\"gb-container gb-container-519cf624\">\n<div class=\"gb-container gb-container-71ca071e\">\n<div class=\"gb-grid-wrapper gb-grid-wrapper-8a5f0688\">\n<div class=\"gb-grid-column gb-grid-column-1e99b1c2\"><div class=\"gb-container gb-container-1e99b1c2\">\n\n<figure class=\"gb-block-image gb-block-image-e4eaba54\"><img decoding=\"async\" width=\"665\" height=\"545\" class=\"gb-image gb-image-e4eaba54\" src=\"https:\/\/hengxingmachinery.com\/wp-content\/uploads\/2025\/01\/Bentonite-dryer-equipment.jpg\" alt=\"\" title=\"Equipamento secador de bentonita\" srcset=\"https:\/\/hengxingmachinery.com\/wp-content\/uploads\/2025\/01\/Bentonite-dryer-equipment.jpg 665w, https:\/\/hengxingmachinery.com\/wp-content\/uploads\/2025\/01\/Bentonite-dryer-equipment-300x246.jpg 300w, https:\/\/hengxingmachinery.com\/wp-content\/uploads\/2025\/01\/Bentonite-dryer-equipment-15x12.jpg 15w\" sizes=\"(max-width: 665px) 100vw, 665px\" \/><\/figure>\n\n<\/div><\/div>\n\n<div class=\"gb-grid-column gb-grid-column-bcae065b\"><div class=\"gb-container gb-container-bcae065b\">\n\n<p>O secador de bentonita \u00e9 um processo de secagem de alta temperatura, que seca a bentonita com baixo teor de umidade, uniformidade na secagem e umidade, capacidade de produ\u00e7\u00e3o est\u00e1vel, durabilidade e adaptabilidade. <\/p>\n\n\n\n<p>O secador de bentonita pode utilizar carv\u00e3o, \u00f3leo, g\u00e1s e outros combust\u00edveis para aquecimento. Com base nos requisitos de avalia\u00e7\u00e3o ambiental do projeto do cliente, o projeto t\u00e9cnico pode ser flexivelmente elaborado para atender \u00e0s necessidades de avalia\u00e7\u00e3o ambiental e produ\u00e7\u00e3o cont\u00ednua.<\/p>\n\n\n<div class=\"gb-grid-wrapper gb-grid-wrapper-eebec76e\">\n<div class=\"gb-grid-column gb-grid-column-e3ada2f0\"><div class=\"gb-container gb-container-e3ada2f0\">\n\n<p class=\"gb-headline gb-headline-4c79a90a gb-headline-text\"><mark style=\"background-color:rgba(0, 0, 0, 0)\" class=\"has-inline-color has-global-color-8-color\"><strong>Capacidade:<\/strong><\/mark> 0,8\u201334 t\/h<\/p>\n\n<\/div><\/div>\n\n<div class=\"gb-grid-column gb-grid-column-0bb00826\"><div class=\"gb-container gb-container-0bb00826\">\n\n<p class=\"gb-headline gb-headline-86d53f56 gb-headline-text\"><mark style=\"background-color:rgba(0, 0, 0, 0)\" class=\"has-inline-color has-global-color-8-color\"><strong>Pot\u00eancia (kW):<\/strong><\/mark> 4-55<\/p>\n\n<\/div><\/div>\n<\/div>\n\n\n<p class=\"gb-headline gb-headline-2750f5a7 gb-headline-text\"><strong>Aplica\u00e7\u00e3o:<\/strong><\/p>\n\n\n\n<p class=\"gb-headline gb-headline-28231626 gb-headline-text\">Secagem r\u00e1pida de v\u00e1rios res\u00edduos minerais, como bentonita, caulim, argila alum\u00ednio-ferro, diatomito, etc.<\/p>\n\n\n<div class=\"gb-container gb-container-256e15f1\">\n\n<a class=\"gb-button gb-button-e8b73d89 gb-button-text\" href=\"#popmake-622\">Obtenha uma cota\u00e7\u00e3o gratuita agora<\/a>\n\n<\/div>\n<\/div><\/div>\n<\/div>\n<\/div>\n<\/div>\n\n<div class=\"gb-container gb-container-ebd718b6\">\n<div class=\"gb-container gb-container-5c75b960\">\n\n<h2 class=\"gb-headline gb-headline-98859344 gb-headline-text\">Princ\u00edpio de funcionamento do secador de bentonita<\/h2>\n\n\n\n<figure class=\"gb-block-image gb-block-image-c486b36e\"><img decoding=\"async\" width=\"2327\" height=\"922\" class=\"gb-image gb-image-c486b36e\" src=\"https:\/\/hengxingmachinery.com\/wp-content\/uploads\/2025\/01\/Bentonite-drying-machine.jpg\" alt=\"\" title=\"M\u00e1quina de secagem de bentonita\" srcset=\"https:\/\/hengxingmachinery.com\/wp-content\/uploads\/2025\/01\/Bentonite-drying-machine.jpg 2327w, https:\/\/hengxingmachinery.com\/wp-content\/uploads\/2025\/01\/Bentonite-drying-machine-300x119.jpg 300w, https:\/\/hengxingmachinery.com\/wp-content\/uploads\/2025\/01\/Bentonite-drying-machine-1024x406.jpg 1024w, https:\/\/hengxingmachinery.com\/wp-content\/uploads\/2025\/01\/Bentonite-drying-machine-768x304.jpg 768w, https:\/\/hengxingmachinery.com\/wp-content\/uploads\/2025\/01\/Bentonite-drying-machine-1536x609.jpg 1536w, https:\/\/hengxingmachinery.com\/wp-content\/uploads\/2025\/01\/Bentonite-drying-machine-2048x811.jpg 2048w, https:\/\/hengxingmachinery.com\/wp-content\/uploads\/2025\/01\/Bentonite-drying-machine-18x7.jpg 18w\" sizes=\"(max-width: 2327px) 100vw, 2327px\" \/><\/figure>\n\n\n\n<p>O sistema de secagem de bentonita \u00e9 composto principalmente por um forno de ar quente, transportador de alimenta\u00e7\u00e3o, tambor rotativo, transportador de descarga, ventilador de exaust\u00e3o, coletor de poeira cicl\u00f4nico, coletor de poeira de mangas (ou coletor de poeira \u00famido) e sistema de controle de opera\u00e7\u00e3o. <\/p>\n\n\n\n<p>O equipamento adota um processo de secagem em corrente paralela, e seu princ\u00edpio de funcionamento \u00e9 o seguinte: Ap\u00f3s a bentonita entrar no tambor de secagem, ela \u00e9 dividida nas seguintes \u00e1reas de trabalho: a primeira \u00e9 a \u00e1rea de guia, onde a bentonita entra nesta \u00e1rea e evapora rapidamente a \u00e1gua em contato com o ar quente de alta temperatura, e as placas guias movem o material em um grande \u00e2ngulo, direcionando-o para a pr\u00f3xima \u00e1rea de trabalho; a segunda \u00e9 a \u00e1rea de eleva\u00e7\u00e3o, onde a bentonita \u00e9 levantada pelas placas formando uma cortina de material. <\/p>\n\n\n\n<p>Neste momento, a bentonita est\u00e1 em contato total com o ar quente, e a \u00e1gua presente evapora rapidamente e se transforma em vapor d'\u00e1gua, que \u00e9 ent\u00e3o removido pelo ventilador de exaust\u00e3o, alcan\u00e7ando o objetivo de secar a bentonita; a bentonita \u00e9 seca at\u00e9 um estado solto com umidade inferior a 5% (ou menos) nesta \u00e1rea, e ap\u00f3s a troca de calor atinge o estado de umidade necess\u00e1rio, entrando na \u00e1rea de descarga na parte traseira; a terceira \u00e9 a \u00e1rea de descarga, onde o tambor n\u00e3o possui placas de eleva\u00e7\u00e3o nesta se\u00e7\u00e3o, e a bentonita rola at\u00e9 a abertura de descarga nesta \u00e1rea, completando todo o processo de secagem.<\/p>\n\n\n<div class=\"gb-container gb-container-d6bbf16a\">\n\n<a class=\"gb-button gb-button-caa3f2bc gb-button-text\" href=\"#popmake-622\">Obtenha uma cota\u00e7\u00e3o gratuita agora<\/a>\n\n<\/div>\n<\/div>\n<\/div>\n\n<div class=\"gb-container gb-container-435ad261\">\n<div class=\"gb-container gb-container-7dc79cc4\">\n\n<h2 class=\"gb-headline gb-headline-6fe5dee2 gb-headline-text\">Especifica\u00e7\u00f5es do secador de bentonita<\/h2>\n\n\n\n<figure class=\"wp-block-table is-style-stripes\"><table class=\"has-fixed-layout\"><tbody><tr><td><strong>Modelo (mm)<\/strong><\/td><td><strong>Velocidade (r\/min)<\/strong><\/td><td><strong>Inclina\u00e7\u00e3o (%)<\/strong><\/td><td><strong>Temperatura do Ar de Entrada<\/strong><br><strong>(\u00b0C)<\/strong><\/td><td><strong>Pot\u00eancia (kW)<\/strong><\/td><td><strong>Capacidade (t\/h)<\/strong><\/td><td><strong>Peso (t)<\/strong><\/td><\/tr><tr><td>\u03a6800\u00d78000<\/td><td>3-8<\/td><td>3-5<\/td><td>\u2264700<\/td><td>4<\/td><td>0.8-2<\/td><td>3.5<\/td><\/tr><tr><td>\u03a61000\u00d710000<\/td><td>3-8<\/td><td>3-5<\/td><td>\u2264700<\/td><td>5.5<\/td><td>1-3<\/td><td>5.6<\/td><\/tr><tr><td>\u03a61200\u00d710000<\/td><td>3-8<\/td><td>3-5<\/td><td>\u2264700<\/td><td>7.5<\/td><td>2-3.5<\/td><td>13.5<\/td><\/tr><tr><td>\u03a61200\u00d712000<\/td><td>3-8<\/td><td>3-5<\/td><td>\u2264700<\/td><td>11<\/td><td>2.5-4<\/td><td>14.2<\/td><\/tr><tr><td>\u03a61500\u00d712000<\/td><td>2-6<\/td><td>3-5<\/td><td>\u2264800<\/td><td>11<\/td><td>4-6<\/td><td>18.5<\/td><\/tr><tr><td>\u03a61500\u00d715000<\/td><td>2-6<\/td><td>3-5<\/td><td>\u2264800<\/td><td>18.5<\/td><td>5-8<\/td><td>21<\/td><\/tr><tr><td>\u03a61800\u00d718000<\/td><td>2-6<\/td><td>3-5<\/td><td>\u2264800<\/td><td>18.5<\/td><td>6-12<\/td><td>31<\/td><\/tr><tr><td>\u03a62000\u00d718000<\/td><td>1.5-6<\/td><td>3-5<\/td><td>\u2264800<\/td><td>22<\/td><td>8-15<\/td><td>35<\/td><\/tr><tr><td>\u03a62200\u00d712000<\/td><td>1.5-6<\/td><td>3-5<\/td><td>\u2264800<\/td><td>22<\/td><td>13-15<\/td><td>31.6<\/td><\/tr><tr><td>\u03a62200\u00d714000<\/td><td>1.5-6<\/td><td>3-5<\/td><td>\u2264800<\/td><td>22<\/td><td>14-16<\/td><td>33.5<\/td><\/tr><tr><td>\u03a62200\u00d716000<\/td><td>1.5-6<\/td><td>3-5<\/td><td>\u2264800<\/td><td>30<\/td><td>14-18<\/td><td>36<\/td><\/tr><tr><td>\u03a62400\u00d718000<\/td><td>1.5-6<\/td><td>3-5<\/td><td>\u2264800<\/td><td>45<\/td><td>16-22<\/td><td>42.8<\/td><\/tr><tr><td>\u03a62400\u00d720000<\/td><td>1.5-6<\/td><td>3-5<\/td><td>\u2264800<\/td><td>45<\/td><td>18-25<\/td><td>52<\/td><\/tr><tr><td>\u03a63000\u00d720000<\/td><td>1.5-6<\/td><td>3-5<\/td><td>\u2264800<\/td><td>55<\/td><td>25-30<\/td><td>77.8<\/td><\/tr><tr><td>\u03a63000\u00d725000<\/td><td>1.5-6<\/td><td>3-5<\/td><td>\u2264800<\/td><td>55<\/td><td>28-34<\/td><td>87.5<\/td><\/tr><\/tbody><\/table><\/figure>\n\n\n<div class=\"gb-container gb-container-263d9700\">\n\n<a class=\"gb-button gb-button-a4cbb7be gb-button-text\" href=\"#popmake-622\">Obtenha uma cota\u00e7\u00e3o gratuita agora<\/a>\n\n<\/div>\n<\/div>\n<\/div>\n\n\n<p><\/p>","protected":false},"excerpt":{"rendered":"<p>Bentonite dryer Bentonite dryer working principle The bentonite drying system is mainly composed of a hot air stove, feeding conveyor, rotary drum, discharge conveyor, induced draft fan, cyclone dust collector, bag dust collector (or wet dust collector) and operation control system. The equipment adopts a downstream drying process, and its working principle is as follows: &#8230; <\/p>\n<p class=\"read-more-container\"><a title=\"5-1. Secador de bentonita\" class=\"read-more button\" href=\"https:\/\/hengxingmachinery.com\/pt\/bentonite-dryer\/#more-1717\" aria-label=\"Leia mais sobre 5-1. Bentonite dryer\">Ler mais<\/a><\/p>","protected":false},"author":1,"featured_media":0,"parent":0,"menu_order":0,"comment_status":"closed","ping_status":"closed","template":"","meta":{"footnotes":""},"class_list":["post-1717","page","type-page","status-publish"],"yoast_head":"<!-- This site is optimized with the Yoast SEO plugin v27.4 - https:\/\/yoast.com\/product\/yoast-seo-wordpress\/ -->\n<title>5-1. Bentonite dryer - Hengxing Machinery<\/title>\n<meta name=\"robots\" content=\"index, follow, max-snippet:-1, max-image-preview:large, max-video-preview:-1\" \/>\n<link rel=\"canonical\" href=\"https:\/\/hengxingmachinery.com\/pt\/bentonite-dryer\/\" \/>\n<meta property=\"og:locale\" content=\"pt_PT\" \/>\n<meta property=\"og:type\" content=\"article\" \/>\n<meta property=\"og:title\" content=\"5-1. Bentonite dryer - Hengxing Machinery\" \/>\n<meta property=\"og:description\" content=\"Bentonite dryer Bentonite dryer working principle The bentonite drying system is mainly composed of a hot air stove, feeding conveyor, rotary drum, discharge conveyor, induced draft fan, cyclone dust collector, bag dust collector (or wet dust collector) and operation control system. The equipment adopts a downstream drying process, and its working principle is as follows: ... Ler mais\" \/>\n<meta property=\"og:url\" content=\"https:\/\/hengxingmachinery.com\/pt\/bentonite-dryer\/\" \/>\n<meta property=\"og:site_name\" content=\"Hengxing Machinery\" \/>\n<meta property=\"article:modified_time\" content=\"2025-01-24T06:06:02+00:00\" \/>\n<meta property=\"og:image\" content=\"https:\/\/hengxingmachinery.com\/wp-content\/uploads\/2025\/01\/Bentonite-dryer-equipment.jpg\" \/>\n<meta name=\"twitter:card\" content=\"summary_large_image\" \/>\n<meta name=\"twitter:label1\" content=\"Tempo estimado de leitura\" \/>\n\t<meta name=\"twitter:data1\" content=\"3 minutos\" \/>\n<script type=\"application\/ld+json\" class=\"yoast-schema-graph\">{\"@context\":\"https:\\\/\\\/schema.org\",\"@graph\":[{\"@type\":\"WebPage\",\"@id\":\"https:\\\/\\\/hengxingmachinery.com\\\/bentonite-dryer\\\/\",\"url\":\"https:\\\/\\\/hengxingmachinery.com\\\/bentonite-dryer\\\/\",\"name\":\"5-1. Bentonite dryer - Hengxing Machinery\",\"isPartOf\":{\"@id\":\"https:\\\/\\\/hengxingmachinery.com\\\/#website\"},\"primaryImageOfPage\":{\"@id\":\"https:\\\/\\\/hengxingmachinery.com\\\/bentonite-dryer\\\/#primaryimage\"},\"image\":{\"@id\":\"https:\\\/\\\/hengxingmachinery.com\\\/bentonite-dryer\\\/#primaryimage\"},\"thumbnailUrl\":\"https:\\\/\\\/hengxingmachinery.com\\\/wp-content\\\/uploads\\\/2025\\\/01\\\/Bentonite-dryer-equipment.jpg\",\"datePublished\":\"2025-01-20T09:03:19+00:00\",\"dateModified\":\"2025-01-24T06:06:02+00:00\",\"breadcrumb\":{\"@id\":\"https:\\\/\\\/hengxingmachinery.com\\\/bentonite-dryer\\\/#breadcrumb\"},\"inLanguage\":\"pt-PT\",\"potentialAction\":[{\"@type\":\"ReadAction\",\"target\":[\"https:\\\/\\\/hengxingmachinery.com\\\/bentonite-dryer\\\/\"]}]},{\"@type\":\"ImageObject\",\"inLanguage\":\"pt-PT\",\"@id\":\"https:\\\/\\\/hengxingmachinery.com\\\/bentonite-dryer\\\/#primaryimage\",\"url\":\"https:\\\/\\\/hengxingmachinery.com\\\/wp-content\\\/uploads\\\/2025\\\/01\\\/Bentonite-dryer-equipment.jpg\",\"contentUrl\":\"https:\\\/\\\/hengxingmachinery.com\\\/wp-content\\\/uploads\\\/2025\\\/01\\\/Bentonite-dryer-equipment.jpg\"},{\"@type\":\"BreadcrumbList\",\"@id\":\"https:\\\/\\\/hengxingmachinery.com\\\/bentonite-dryer\\\/#breadcrumb\",\"itemListElement\":[{\"@type\":\"ListItem\",\"position\":1,\"name\":\"Home\",\"item\":\"https:\\\/\\\/hengxingmachinery.com\\\/\"},{\"@type\":\"ListItem\",\"position\":2,\"name\":\"5-1. Bentonite dryer\"}]},{\"@type\":\"WebSite\",\"@id\":\"https:\\\/\\\/hengxingmachinery.com\\\/#website\",\"url\":\"https:\\\/\\\/hengxingmachinery.com\\\/\",\"name\":\"Hengxing Machinery\",\"description\":\"Leading Manufacturer of All Sorts of Mining Machinery\",\"publisher\":{\"@id\":\"https:\\\/\\\/hengxingmachinery.com\\\/#organization\"},\"potentialAction\":[{\"@type\":\"SearchAction\",\"target\":{\"@type\":\"EntryPoint\",\"urlTemplate\":\"https:\\\/\\\/hengxingmachinery.com\\\/?s={search_term_string}\"},\"query-input\":{\"@type\":\"PropertyValueSpecification\",\"valueRequired\":true,\"valueName\":\"search_term_string\"}}],\"inLanguage\":\"pt-PT\"},{\"@type\":\"Organization\",\"@id\":\"https:\\\/\\\/hengxingmachinery.com\\\/#organization\",\"name\":\"Hengxing Machinery\",\"url\":\"https:\\\/\\\/hengxingmachinery.com\\\/\",\"logo\":{\"@type\":\"ImageObject\",\"inLanguage\":\"pt-PT\",\"@id\":\"https:\\\/\\\/hengxingmachinery.com\\\/#\\\/schema\\\/logo\\\/image\\\/\",\"url\":\"https:\\\/\\\/hengxingmachinery.com\\\/wp-content\\\/uploads\\\/2024\\\/12\\\/logo.png\",\"contentUrl\":\"https:\\\/\\\/hengxingmachinery.com\\\/wp-content\\\/uploads\\\/2024\\\/12\\\/logo.png\",\"width\":400,\"height\":260,\"caption\":\"Hengxing Machinery\"},\"image\":{\"@id\":\"https:\\\/\\\/hengxingmachinery.com\\\/#\\\/schema\\\/logo\\\/image\\\/\"}}]}<\/script>\n<!-- \/ Yoast SEO plugin. -->","yoast_head_json":{"title":"5-1. Secador de bentonita - Hengxing Machinery","robots":{"index":"index","follow":"follow","max-snippet":"max-snippet:-1","max-image-preview":"max-image-preview:large","max-video-preview":"max-video-preview:-1"},"canonical":"https:\/\/hengxingmachinery.com\/pt\/bentonite-dryer\/","og_locale":"pt_PT","og_type":"article","og_title":"5-1. Bentonite dryer - Hengxing Machinery","og_description":"Bentonite dryer Bentonite dryer working principle The bentonite drying system is mainly composed of a hot air stove, feeding conveyor, rotary drum, discharge conveyor, induced draft fan, cyclone dust collector, bag dust collector (or wet dust collector) and operation control system. The equipment adopts a downstream drying process, and its working principle is as follows: ... Ler mais","og_url":"https:\/\/hengxingmachinery.com\/pt\/bentonite-dryer\/","og_site_name":"Hengxing Machinery","article_modified_time":"2025-01-24T06:06:02+00:00","og_image":[{"url":"https:\/\/hengxingmachinery.com\/wp-content\/uploads\/2025\/01\/Bentonite-dryer-equipment.jpg","type":"","width":"","height":""}],"twitter_card":"summary_large_image","twitter_misc":{"Tempo estimado de leitura":"3 minutos"},"schema":{"@context":"https:\/\/schema.org","@graph":[{"@type":"WebPage","@id":"https:\/\/hengxingmachinery.com\/bentonite-dryer\/","url":"https:\/\/hengxingmachinery.com\/bentonite-dryer\/","name":"5-1. Secador de bentonita - Hengxing Machinery","isPartOf":{"@id":"https:\/\/hengxingmachinery.com\/#website"},"primaryImageOfPage":{"@id":"https:\/\/hengxingmachinery.com\/bentonite-dryer\/#primaryimage"},"image":{"@id":"https:\/\/hengxingmachinery.com\/bentonite-dryer\/#primaryimage"},"thumbnailUrl":"https:\/\/hengxingmachinery.com\/wp-content\/uploads\/2025\/01\/Bentonite-dryer-equipment.jpg","datePublished":"2025-01-20T09:03:19+00:00","dateModified":"2025-01-24T06:06:02+00:00","breadcrumb":{"@id":"https:\/\/hengxingmachinery.com\/bentonite-dryer\/#breadcrumb"},"inLanguage":"pt-PT","potentialAction":[{"@type":"ReadAction","target":["https:\/\/hengxingmachinery.com\/bentonite-dryer\/"]}]},{"@type":"ImageObject","inLanguage":"pt-PT","@id":"https:\/\/hengxingmachinery.com\/bentonite-dryer\/#primaryimage","url":"https:\/\/hengxingmachinery.com\/wp-content\/uploads\/2025\/01\/Bentonite-dryer-equipment.jpg","contentUrl":"https:\/\/hengxingmachinery.com\/wp-content\/uploads\/2025\/01\/Bentonite-dryer-equipment.jpg"},{"@type":"BreadcrumbList","@id":"https:\/\/hengxingmachinery.com\/bentonite-dryer\/#breadcrumb","itemListElement":[{"@type":"ListItem","position":1,"name":"Home","item":"https:\/\/hengxingmachinery.com\/"},{"@type":"ListItem","position":2,"name":"5-1. Bentonite dryer"}]},{"@type":"WebSite","@id":"https:\/\/hengxingmachinery.com\/#website","url":"https:\/\/hengxingmachinery.com\/","name":"M\u00e1quinas Hengxing","description":"Fabricante l\u00edder de todos os tipos de m\u00e1quinas de minera\u00e7\u00e3o","publisher":{"@id":"https:\/\/hengxingmachinery.com\/#organization"},"potentialAction":[{"@type":"SearchAction","target":{"@type":"EntryPoint","urlTemplate":"https:\/\/hengxingmachinery.com\/?s={search_term_string}"},"query-input":{"@type":"PropertyValueSpecification","valueRequired":true,"valueName":"search_term_string"}}],"inLanguage":"pt-PT"},{"@type":"Organization","@id":"https:\/\/hengxingmachinery.com\/#organization","name":"M\u00e1quinas Hengxing","url":"https:\/\/hengxingmachinery.com\/","logo":{"@type":"ImageObject","inLanguage":"pt-PT","@id":"https:\/\/hengxingmachinery.com\/#\/schema\/logo\/image\/","url":"https:\/\/hengxingmachinery.com\/wp-content\/uploads\/2024\/12\/logo.png","contentUrl":"https:\/\/hengxingmachinery.com\/wp-content\/uploads\/2024\/12\/logo.png","width":400,"height":260,"caption":"Hengxing Machinery"},"image":{"@id":"https:\/\/hengxingmachinery.com\/#\/schema\/logo\/image\/"}}]}},"_links":{"self":[{"href":"https:\/\/hengxingmachinery.com\/pt\/wp-json\/wp\/v2\/pages\/1717","targetHints":{"allow":["GET"]}}],"collection":[{"href":"https:\/\/hengxingmachinery.com\/pt\/wp-json\/wp\/v2\/pages"}],"about":[{"href":"https:\/\/hengxingmachinery.com\/pt\/wp-json\/wp\/v2\/types\/page"}],"author":[{"embeddable":true,"href":"https:\/\/hengxingmachinery.com\/pt\/wp-json\/wp\/v2\/users\/1"}],"replies":[{"embeddable":true,"href":"https:\/\/hengxingmachinery.com\/pt\/wp-json\/wp\/v2\/comments?post=1717"}],"version-history":[{"count":5,"href":"https:\/\/hengxingmachinery.com\/pt\/wp-json\/wp\/v2\/pages\/1717\/revisions"}],"predecessor-version":[{"id":1808,"href":"https:\/\/hengxingmachinery.com\/pt\/wp-json\/wp\/v2\/pages\/1717\/revisions\/1808"}],"wp:attachment":[{"href":"https:\/\/hengxingmachinery.com\/pt\/wp-json\/wp\/v2\/media?parent=1717"}],"curies":[{"name":"wp","href":"https:\/\/api.w.org\/{rel}","templated":true}]}}