{"id":1751,"date":"2025-01-24T01:48:46","date_gmt":"2025-01-24T01:48:46","guid":{"rendered":"https:\/\/hengxingmachinery.com\/?page_id=1751"},"modified":"2025-01-24T02:16:31","modified_gmt":"2025-01-24T02:16:31","slug":"fly-ash-dryer","status":"publish","type":"page","link":"https:\/\/hengxingmachinery.com\/pt\/fly-ash-dryer\/","title":{"rendered":"5-1. Secador de cinzas volantes"},"content":{"rendered":"<div class=\"gb-container gb-container-45165f5a\">\n<div class=\"gb-container gb-container-c2652eb4\">\n\n<h1 class=\"gb-headline gb-headline-62a8b2cc gb-headline-text\">Secador de cinzas volantes<\/h1>\n\n<\/div>\n<\/div>\n\n<div class=\"gb-container gb-container-519cf624\">\n<div class=\"gb-container gb-container-71ca071e\">\n<div class=\"gb-grid-wrapper gb-grid-wrapper-8a5f0688\">\n<div class=\"gb-grid-column gb-grid-column-1e99b1c2\"><div class=\"gb-container gb-container-1e99b1c2\">\n\n<figure class=\"gb-block-image gb-block-image-e4eaba54\"><img decoding=\"async\" width=\"665\" height=\"545\" class=\"gb-image gb-image-e4eaba54\" src=\"https:\/\/hengxingmachinery.com\/wp-content\/uploads\/2025\/01\/fly-ash-drying-machine-1.jpg\" alt=\"\" title=\"M\u00e1quina de secagem de cinzas volantes\" srcset=\"https:\/\/hengxingmachinery.com\/wp-content\/uploads\/2025\/01\/fly-ash-drying-machine-1.jpg 665w, https:\/\/hengxingmachinery.com\/wp-content\/uploads\/2025\/01\/fly-ash-drying-machine-1-300x246.jpg 300w, https:\/\/hengxingmachinery.com\/wp-content\/uploads\/2025\/01\/fly-ash-drying-machine-1-15x12.jpg 15w\" sizes=\"(max-width: 665px) 100vw, 665px\" \/><\/figure>\n\n<\/div><\/div>\n\n<div class=\"gb-grid-column gb-grid-column-bcae065b\"><div class=\"gb-container gb-container-bcae065b\">\n\n<p class=\"gb-headline gb-headline-e419680e gb-headline-text\">A cinza volante \u00e9 um tipo de res\u00edduo industrial descarregado de usinas termel\u00e9tricas a carv\u00e3o. S\u00f3 pode ser utilizada de forma racional para reutiliza\u00e7\u00e3o secund\u00e1ria ap\u00f3s processamento adequado. <\/p>\n\n\n\n<p>Entre os equipamentos de processamento est\u00e1 o equipamento de secagem; um secador de cinzas volantes \u00e9 um equipamento especializado para secagem de min\u00e9rios. Possui as vantagens de alto coeficiente de secagem, opera\u00e7\u00e3o simples, baixa taxa de falhas, seguran\u00e7a e prote\u00e7\u00e3o ambiental, etc.<\/p>\n\n\n<div class=\"gb-grid-wrapper gb-grid-wrapper-eebec76e\">\n<div class=\"gb-grid-column gb-grid-column-e3ada2f0\"><div class=\"gb-container gb-container-e3ada2f0\">\n\n<p class=\"gb-headline gb-headline-4c79a90a gb-headline-text\"><mark style=\"background-color:rgba(0, 0, 0, 0)\" class=\"has-inline-color has-global-color-8-color\"><strong>Capacidade:<\/strong><\/mark> 1,9-76,0 t\/h<\/p>\n\n<\/div><\/div>\n\n<div class=\"gb-grid-column gb-grid-column-0bb00826\"><div class=\"gb-container gb-container-0bb00826\">\n\n<p class=\"gb-headline gb-headline-86d53f56 gb-headline-text\"><mark style=\"background-color:rgba(0, 0, 0, 0)\" class=\"has-inline-color has-global-color-8-color\"><strong>Pot\u00eancia (kW):<\/strong><\/mark> 7.5-160<\/p>\n\n<\/div><\/div>\n<\/div>\n\n\n<p class=\"gb-headline gb-headline-2750f5a7 gb-headline-text\"><strong>Aplica\u00e7\u00e3o:<\/strong><\/p>\n\n\n\n<p>O secador de cinzas volantes \u00e9 adequado para secagem de materiais com certa umidade ou granulometria, como cinzas volantes, argila, coque, esc\u00f3ria, lodo de carv\u00e3o, areia de rio, min\u00e9rio de molibd\u00eanio, min\u00e9rio de ouro, min\u00e9rio de ferro, calc\u00e1rio, argila, etc.<\/p>\n\n\n<div class=\"gb-container gb-container-256e15f1\">\n\n<a class=\"gb-button gb-button-e8b73d89 gb-button-text\" href=\"#popmake-622\">Obtenha uma cota\u00e7\u00e3o gratuita agora<\/a>\n\n<\/div>\n<\/div><\/div>\n<\/div>\n<\/div>\n<\/div>\n\n<div class=\"gb-container gb-container-af5f8799\">\n<div class=\"gb-container gb-container-2298848b\">\n\n<h2 class=\"gb-headline gb-headline-9d27ad2c gb-headline-text\">Estrutura do secador de cinzas volantes<\/h2>\n\n\n\n<p>O mecanismo do secador de cinzas volantes n\u00e3o \u00e9 apenas um simples secador, mas um sistema de secagem. Consiste em 3 partes: sistema de aquecimento, sistema de troca de calor, sistema de ventila\u00e7\u00e3o e remo\u00e7\u00e3o de poeira. Cada sistema realiza uma combina\u00e7\u00e3o org\u00e2nica e exerce efetivamente seu melhor efeito. O sistema inteiro integra fornecimento de calor, secagem e coleta de poeira em um todo org\u00e2nico, o que permite que todo o sistema exer\u00e7a maior efici\u00eancia de secagem.<\/p>\n\n\n<div class=\"gb-container gb-container-d7b7b595\">\n\n<a class=\"gb-button gb-button-c1312760 gb-button-text\" href=\"#popmake-622\">Obtenha uma cota\u00e7\u00e3o gratuita agora<\/a>\n\n<\/div>\n<\/div>\n<\/div>\n\n<div class=\"gb-container gb-container-ebd718b6\">\n<div class=\"gb-container gb-container-5c75b960\">\n\n<h2 class=\"gb-headline gb-headline-98859344 gb-headline-text\">Princ\u00edpio de funcionamento do secador de cinzas volantes<\/h2>\n\n\n\n<figure class=\"gb-block-image gb-block-image-c486b36e\"><img decoding=\"async\" width=\"2560\" height=\"1169\" class=\"gb-image gb-image-c486b36e\" src=\"https:\/\/hengxingmachinery.com\/wp-content\/uploads\/2025\/01\/fly-ash-dryer-working-principle-1-scaled.jpg\" alt=\"\" title=\"Princ\u00edpio de funcionamento do secador de cinzas volantes\" srcset=\"https:\/\/hengxingmachinery.com\/wp-content\/uploads\/2025\/01\/fly-ash-dryer-working-principle-1-scaled.jpg 2560w, https:\/\/hengxingmachinery.com\/wp-content\/uploads\/2025\/01\/fly-ash-dryer-working-principle-1-300x137.jpg 300w, https:\/\/hengxingmachinery.com\/wp-content\/uploads\/2025\/01\/fly-ash-dryer-working-principle-1-1024x467.jpg 1024w, https:\/\/hengxingmachinery.com\/wp-content\/uploads\/2025\/01\/fly-ash-dryer-working-principle-1-768x351.jpg 768w, https:\/\/hengxingmachinery.com\/wp-content\/uploads\/2025\/01\/fly-ash-dryer-working-principle-1-1536x701.jpg 1536w, https:\/\/hengxingmachinery.com\/wp-content\/uploads\/2025\/01\/fly-ash-dryer-working-principle-1-2048x935.jpg 2048w, https:\/\/hengxingmachinery.com\/wp-content\/uploads\/2025\/01\/fly-ash-dryer-working-principle-1-18x8.jpg 18w\" sizes=\"(max-width: 2560px) 100vw, 2560px\" \/><\/figure>\n\n\n\n<p>No cilindro de secagem, o fluxo de ar quente pode ser distribu\u00eddo de forma racional por todo o cilindro. A cinza volante \u00e9 adicionada a partir da extremidade de baixa temperatura do cilindro; ap\u00f3s secagem, a umidade \u00e9 evaporada e, em seguida, descarregada da extremidade de alta temperatura. A umidade do p\u00f3 de cinza volante seco \u00e9 de 1% a 3%, e a finura do p\u00f3 de cinza volante (res\u00edduo da peneira de 80\u03bcm) \u00e9 de 15% a 20%.<\/p>\n\n\n<div class=\"gb-container gb-container-d6bbf16a\">\n\n<a class=\"gb-button gb-button-caa3f2bc gb-button-text\" href=\"#popmake-622\">Obtenha uma cota\u00e7\u00e3o gratuita agora<\/a>\n\n<\/div>\n<\/div>\n<\/div>\n\n<div class=\"gb-container gb-container-c21d7913\">\n<div class=\"gb-container gb-container-a7d3cbcf\">\n\n<h2 class=\"gb-headline gb-headline-27592be5 gb-headline-text\">Vantagens de desempenho do secador de cinzas volantes<\/h2>\n\n\n\n<figure class=\"gb-block-image gb-block-image-2de2d338\"><img decoding=\"async\" width=\"920\" height=\"420\" class=\"gb-image gb-image-2de2d338\" src=\"https:\/\/hengxingmachinery.com\/wp-content\/uploads\/2025\/01\/fly-ash-dryer-machine-1.jpg\" alt=\"\" title=\"M\u00e1quina secadora de cinzas volantes\" srcset=\"https:\/\/hengxingmachinery.com\/wp-content\/uploads\/2025\/01\/fly-ash-dryer-machine-1.jpg 920w, https:\/\/hengxingmachinery.com\/wp-content\/uploads\/2025\/01\/fly-ash-dryer-machine-1-300x137.jpg 300w, https:\/\/hengxingmachinery.com\/wp-content\/uploads\/2025\/01\/fly-ash-dryer-machine-1-768x351.jpg 768w, https:\/\/hengxingmachinery.com\/wp-content\/uploads\/2025\/01\/fly-ash-dryer-machine-1-18x8.jpg 18w\" sizes=\"(max-width: 920px) 100vw, 920px\" \/><\/figure>\n\n\n\n<p>1. O secador de cinzas volantes utiliza equipamento especial de remo\u00e7\u00e3o de poeira, que possui resist\u00eancia \u00e0 corros\u00e3o, alta temperatura, anti-condensa\u00e7\u00e3o e anti-queima de mangas, melhorando efetivamente o tempo de uso do equipamento de remo\u00e7\u00e3o de poeira.<\/p>\n\n\n\n<p>2. Otimizou o projeto de press\u00e3o e volume de ar, garantindo efetivamente o aumento da produ\u00e7\u00e3o por unidade.<\/p>\n\n\n\n<p>3. O projeto principal do secador de cinzas volantes \u00e9 especial, e a placa de eleva\u00e7\u00e3o central foi adicionada, o que estende o percurso do material e aumenta a produ\u00e7\u00e3o de secagem.<\/p>\n\n\n\n<p>4. Aumentar o n\u00famero de tombamentos do fluxo de cinzas volantes significa aumentar o comprimento do equipamento principal, para que os materiais possam ser completamente secos e a qualidade da secagem seja melhorada.<\/p>\n\n\n\n<p>5. O secador de carv\u00e3o pulverizado adota um forno de ebuli\u00e7\u00e3o energeticamente eficiente, que melhora a capacidade e efici\u00eancia de aquecimento; utilizando o princ\u00edpio da secagem por calor residual, possui forte capacidade de economia de energia e redu\u00e7\u00e3o de consumo.<\/p>\n\n\n\n<p>6. O secador de cinzas volantes adota controle autom\u00e1tico interno, opera\u00e7\u00e3o simples e est\u00e1vel.<\/p>\n\n\n\n<p>7. O secador de cinzas volantes possui estrutura simples e pequena \u00e1rea, reduzindo efetivamente o investimento em constru\u00e7\u00e3o civil.<\/p>\n\n\n\n<p>8. O secador de cinzas volantes utiliza chapa de a\u00e7o liga, que possui super resist\u00eancia ao desgaste; e o pr\u00f3prio equipamento pode ser facilmente ajustado de acordo com o \u00edndice de umidade necess\u00e1rio, reduzindo a dificuldade de opera\u00e7\u00e3o.<\/p>\n\n\n<div class=\"gb-container gb-container-9a0d7095\">\n\n<a class=\"gb-button gb-button-5673f414 gb-button-text\" href=\"#popmake-622\">Obtenha uma cota\u00e7\u00e3o gratuita agora<\/a>\n\n<\/div>\n<\/div>\n<\/div>\n\n<div class=\"gb-container gb-container-435ad261\">\n<div class=\"gb-container gb-container-7dc79cc4\">\n\n<h2 class=\"gb-headline gb-headline-6fe5dee2 gb-headline-text\">Especifica\u00e7\u00f5es do secador de lodo<\/h2>\n\n\n\n<figure class=\"wp-block-table is-style-stripes\"><table class=\"has-fixed-layout\"><tbody><tr><td><strong>Modelo (m)<br>(di\u00e2metro \u00d7 comprimento)<\/strong><\/td><td><strong>Volume do Tambor<br>(m\u00b3)<\/strong><\/td><td><strong>Capacidade<br>(t\/h)<\/strong><\/td><td><strong>Inclina\u00e7\u00e3o de Instala\u00e7\u00e3o<br>(%)<\/strong><\/td><td><strong>Temperatura M\u00e1xima do Ar<br>(\u2103)<\/strong><\/td><td><strong>Motor<br>(kw)<\/strong><\/td><td><strong>Peso Total<br>(t)<\/strong><\/td><\/tr><tr><td>\u03a61,2\u00d78,0<\/td><td>9.0<\/td><td>1.9-2.4<\/td><td>3-5<\/td><td>700-800<\/td><td>7.5<\/td><td>9<\/td><\/tr><tr><td>\u03a61,2\u00d710<\/td><td>11.3<\/td><td>2.4-3.0<\/td><td>3-5<\/td><td>700-800<\/td><td>7.5<\/td><td>11<\/td><\/tr><tr><td>\u03a61,5\u00d712<\/td><td>21.2<\/td><td>4.5-5.7<\/td><td>3-5<\/td><td>700-800<\/td><td>15<\/td><td>18.5<\/td><\/tr><tr><td>\u03a61,5\u00d714<\/td><td>24.7<\/td><td>5.3-6.6<\/td><td>3-5<\/td><td>700-800<\/td><td>15<\/td><td>19.7<\/td><\/tr><tr><td>\u03a61,5\u00d715<\/td><td>26.5<\/td><td>5.7-7.1<\/td><td>3-5<\/td><td>700-800<\/td><td>15<\/td><td>20.5<\/td><\/tr><tr><td>\u03a61,8\u00d712<\/td><td>30.5<\/td><td>6.5-8.1<\/td><td>3-5<\/td><td>700-800<\/td><td>18.5<\/td><td>21.5<\/td><\/tr><tr><td>\u03a61,8\u00d714<\/td><td>35.6<\/td><td>7.6-9.5<\/td><td>3-5<\/td><td>700-800<\/td><td>18.5<\/td><td>23<\/td><\/tr><tr><td>\u03a62,2\u00d712<\/td><td>45.6<\/td><td>9.7-12.2<\/td><td>3-5<\/td><td>700-800<\/td><td>22<\/td><td>33.5<\/td><\/tr><tr><td>\u03a62,2\u00d714<\/td><td>53.2<\/td><td>11.4-14.2<\/td><td>3-5<\/td><td>700-800<\/td><td>22<\/td><td>36<\/td><\/tr><tr><td>\u03a62,2\u00d716<\/td><td>60.8<\/td><td>13.0-16.2<\/td><td>3-5<\/td><td>700-800<\/td><td>22<\/td><td>38<\/td><\/tr><tr><td>\u03a62,4\u00d714<\/td><td>63.3<\/td><td>13.5-16.9<\/td><td>3-5<\/td><td>700-800<\/td><td>37<\/td><td>45<\/td><\/tr><tr><td>\u03a62,4\u00d718<\/td><td>81.4<\/td><td>17.4-21.7<\/td><td>3-5<\/td><td>700-800<\/td><td>37<\/td><td>49<\/td><\/tr><tr><td>\u03a62,4\u00d720<\/td><td>90.4<\/td><td>19.3-24.1<\/td><td>3-5<\/td><td>700-800<\/td><td>45<\/td><td>54<\/td><\/tr><tr><td>\u03a62,4\u00d722<\/td><td>99.5<\/td><td>21.2-26.5<\/td><td>3-5<\/td><td>700-800<\/td><td>45<\/td><td>58<\/td><\/tr><tr><td>\u03a62,6\u00d724<\/td><td>127.4<\/td><td>27.2-34.0<\/td><td>3-5<\/td><td>700-800<\/td><td>55<\/td><td>73<\/td><\/tr><tr><td>\u03a63,0\u00d720<\/td><td>141.3<\/td><td>30.1-37.7<\/td><td>3-5<\/td><td>700-800<\/td><td>75<\/td><td>85<\/td><\/tr><tr><td>\u03a63,0\u00d725<\/td><td>176.6<\/td><td>37.7-47.1<\/td><td>3-5<\/td><td>700-800<\/td><td>75<\/td><td>95<\/td><\/tr><tr><td>\u03a63,2\u00d725<\/td><td>201<\/td><td>42.9-53.6<\/td><td>3-5<\/td><td>700-800<\/td><td>90<\/td><td>110<\/td><\/tr><tr><td>\u03a63,6\u00d728<\/td><td>285<\/td><td>60.8-76.0<\/td><td>3-5<\/td><td>700-800<\/td><td>160<\/td><td>135<\/td><\/tr><\/tbody><\/table><\/figure>\n\n\n<div class=\"gb-container gb-container-263d9700\">\n\n<a class=\"gb-button gb-button-a4cbb7be gb-button-text\" href=\"#popmake-622\">Obtenha uma cota\u00e7\u00e3o gratuita agora<\/a>\n\n<\/div>\n<\/div>\n<\/div>","protected":false},"excerpt":{"rendered":"<p>Fly ash dryer Structure of fly ash dryer The fly ash dryer mechanism is not just a simple dryer, but a dryer system. It consists of 3 parts, heating system, heat exchange system, ventilation and dust removal system. Each system realizes organic Combine and effectively exerts its better effect. the whole system integrates heat supply, &#8230; <\/p>\n<p class=\"read-more-container\"><a title=\"5-1. Secador de cinzas volantes\" class=\"read-more button\" href=\"https:\/\/hengxingmachinery.com\/pt\/fly-ash-dryer\/#more-1751\" aria-label=\"Leia mais sobre 5-1. Fly ash dryer\">Ler mais<\/a><\/p>","protected":false},"author":1,"featured_media":0,"parent":0,"menu_order":0,"comment_status":"closed","ping_status":"closed","template":"","meta":{"footnotes":""},"class_list":["post-1751","page","type-page","status-publish"],"yoast_head":"<!-- This site is optimized with the Yoast SEO plugin v27.4 - https:\/\/yoast.com\/product\/yoast-seo-wordpress\/ -->\n<title>5-1. Fly ash dryer - Hengxing Machinery<\/title>\n<meta name=\"robots\" content=\"index, follow, max-snippet:-1, max-image-preview:large, max-video-preview:-1\" \/>\n<link rel=\"canonical\" href=\"https:\/\/hengxingmachinery.com\/pt\/fly-ash-dryer\/\" \/>\n<meta property=\"og:locale\" content=\"pt_PT\" \/>\n<meta property=\"og:type\" content=\"article\" \/>\n<meta property=\"og:title\" content=\"5-1. Fly ash dryer - Hengxing Machinery\" \/>\n<meta property=\"og:description\" content=\"Fly ash dryer Structure of fly ash dryer The fly ash dryer mechanism is not just a simple dryer, but a dryer system. It consists of 3 parts, heating system, heat exchange system, ventilation and dust removal system. Each system realizes organic Combine and effectively exerts its better effect. the whole system integrates heat supply, ... Ler mais\" \/>\n<meta property=\"og:url\" content=\"https:\/\/hengxingmachinery.com\/pt\/fly-ash-dryer\/\" \/>\n<meta property=\"og:site_name\" content=\"Hengxing Machinery\" \/>\n<meta property=\"article:modified_time\" content=\"2025-01-24T02:16:31+00:00\" \/>\n<meta property=\"og:image\" content=\"https:\/\/hengxingmachinery.com\/wp-content\/uploads\/2025\/01\/fly-ash-drying-machine-1.jpg\" \/>\n<meta name=\"twitter:card\" content=\"summary_large_image\" \/>\n<meta name=\"twitter:label1\" content=\"Tempo estimado de leitura\" \/>\n\t<meta name=\"twitter:data1\" content=\"4 minutos\" \/>\n<script type=\"application\/ld+json\" class=\"yoast-schema-graph\">{\"@context\":\"https:\\\/\\\/schema.org\",\"@graph\":[{\"@type\":\"WebPage\",\"@id\":\"https:\\\/\\\/hengxingmachinery.com\\\/fly-ash-dryer\\\/\",\"url\":\"https:\\\/\\\/hengxingmachinery.com\\\/fly-ash-dryer\\\/\",\"name\":\"5-1. Fly ash dryer - Hengxing Machinery\",\"isPartOf\":{\"@id\":\"https:\\\/\\\/hengxingmachinery.com\\\/#website\"},\"primaryImageOfPage\":{\"@id\":\"https:\\\/\\\/hengxingmachinery.com\\\/fly-ash-dryer\\\/#primaryimage\"},\"image\":{\"@id\":\"https:\\\/\\\/hengxingmachinery.com\\\/fly-ash-dryer\\\/#primaryimage\"},\"thumbnailUrl\":\"https:\\\/\\\/hengxingmachinery.com\\\/wp-content\\\/uploads\\\/2025\\\/01\\\/fly-ash-drying-machine-1.jpg\",\"datePublished\":\"2025-01-24T01:48:46+00:00\",\"dateModified\":\"2025-01-24T02:16:31+00:00\",\"breadcrumb\":{\"@id\":\"https:\\\/\\\/hengxingmachinery.com\\\/fly-ash-dryer\\\/#breadcrumb\"},\"inLanguage\":\"pt-PT\",\"potentialAction\":[{\"@type\":\"ReadAction\",\"target\":[\"https:\\\/\\\/hengxingmachinery.com\\\/fly-ash-dryer\\\/\"]}]},{\"@type\":\"ImageObject\",\"inLanguage\":\"pt-PT\",\"@id\":\"https:\\\/\\\/hengxingmachinery.com\\\/fly-ash-dryer\\\/#primaryimage\",\"url\":\"https:\\\/\\\/hengxingmachinery.com\\\/wp-content\\\/uploads\\\/2025\\\/01\\\/fly-ash-drying-machine-1.jpg\",\"contentUrl\":\"https:\\\/\\\/hengxingmachinery.com\\\/wp-content\\\/uploads\\\/2025\\\/01\\\/fly-ash-drying-machine-1.jpg\"},{\"@type\":\"BreadcrumbList\",\"@id\":\"https:\\\/\\\/hengxingmachinery.com\\\/fly-ash-dryer\\\/#breadcrumb\",\"itemListElement\":[{\"@type\":\"ListItem\",\"position\":1,\"name\":\"Home\",\"item\":\"https:\\\/\\\/hengxingmachinery.com\\\/\"},{\"@type\":\"ListItem\",\"position\":2,\"name\":\"5-1. Fly ash dryer\"}]},{\"@type\":\"WebSite\",\"@id\":\"https:\\\/\\\/hengxingmachinery.com\\\/#website\",\"url\":\"https:\\\/\\\/hengxingmachinery.com\\\/\",\"name\":\"Hengxing Machinery\",\"description\":\"Leading Manufacturer of All Sorts of Mining Machinery\",\"publisher\":{\"@id\":\"https:\\\/\\\/hengxingmachinery.com\\\/#organization\"},\"potentialAction\":[{\"@type\":\"SearchAction\",\"target\":{\"@type\":\"EntryPoint\",\"urlTemplate\":\"https:\\\/\\\/hengxingmachinery.com\\\/?s={search_term_string}\"},\"query-input\":{\"@type\":\"PropertyValueSpecification\",\"valueRequired\":true,\"valueName\":\"search_term_string\"}}],\"inLanguage\":\"pt-PT\"},{\"@type\":\"Organization\",\"@id\":\"https:\\\/\\\/hengxingmachinery.com\\\/#organization\",\"name\":\"Hengxing Machinery\",\"url\":\"https:\\\/\\\/hengxingmachinery.com\\\/\",\"logo\":{\"@type\":\"ImageObject\",\"inLanguage\":\"pt-PT\",\"@id\":\"https:\\\/\\\/hengxingmachinery.com\\\/#\\\/schema\\\/logo\\\/image\\\/\",\"url\":\"https:\\\/\\\/hengxingmachinery.com\\\/wp-content\\\/uploads\\\/2024\\\/12\\\/logo.png\",\"contentUrl\":\"https:\\\/\\\/hengxingmachinery.com\\\/wp-content\\\/uploads\\\/2024\\\/12\\\/logo.png\",\"width\":400,\"height\":260,\"caption\":\"Hengxing Machinery\"},\"image\":{\"@id\":\"https:\\\/\\\/hengxingmachinery.com\\\/#\\\/schema\\\/logo\\\/image\\\/\"}}]}<\/script>\n<!-- \/ Yoast SEO plugin. -->","yoast_head_json":{"title":"5-1. Secador de cinzas volantes - Hengxing Machinery","robots":{"index":"index","follow":"follow","max-snippet":"max-snippet:-1","max-image-preview":"max-image-preview:large","max-video-preview":"max-video-preview:-1"},"canonical":"https:\/\/hengxingmachinery.com\/pt\/fly-ash-dryer\/","og_locale":"pt_PT","og_type":"article","og_title":"5-1. Fly ash dryer - Hengxing Machinery","og_description":"Fly ash dryer Structure of fly ash dryer The fly ash dryer mechanism is not just a simple dryer, but a dryer system. It consists of 3 parts, heating system, heat exchange system, ventilation and dust removal system. Each system realizes organic Combine and effectively exerts its better effect. the whole system integrates heat supply, ... Ler mais","og_url":"https:\/\/hengxingmachinery.com\/pt\/fly-ash-dryer\/","og_site_name":"Hengxing Machinery","article_modified_time":"2025-01-24T02:16:31+00:00","og_image":[{"url":"https:\/\/hengxingmachinery.com\/wp-content\/uploads\/2025\/01\/fly-ash-drying-machine-1.jpg","type":"","width":"","height":""}],"twitter_card":"summary_large_image","twitter_misc":{"Tempo estimado de leitura":"4 minutos"},"schema":{"@context":"https:\/\/schema.org","@graph":[{"@type":"WebPage","@id":"https:\/\/hengxingmachinery.com\/fly-ash-dryer\/","url":"https:\/\/hengxingmachinery.com\/fly-ash-dryer\/","name":"5-1. Secador de cinzas volantes - Hengxing Machinery","isPartOf":{"@id":"https:\/\/hengxingmachinery.com\/#website"},"primaryImageOfPage":{"@id":"https:\/\/hengxingmachinery.com\/fly-ash-dryer\/#primaryimage"},"image":{"@id":"https:\/\/hengxingmachinery.com\/fly-ash-dryer\/#primaryimage"},"thumbnailUrl":"https:\/\/hengxingmachinery.com\/wp-content\/uploads\/2025\/01\/fly-ash-drying-machine-1.jpg","datePublished":"2025-01-24T01:48:46+00:00","dateModified":"2025-01-24T02:16:31+00:00","breadcrumb":{"@id":"https:\/\/hengxingmachinery.com\/fly-ash-dryer\/#breadcrumb"},"inLanguage":"pt-PT","potentialAction":[{"@type":"ReadAction","target":["https:\/\/hengxingmachinery.com\/fly-ash-dryer\/"]}]},{"@type":"ImageObject","inLanguage":"pt-PT","@id":"https:\/\/hengxingmachinery.com\/fly-ash-dryer\/#primaryimage","url":"https:\/\/hengxingmachinery.com\/wp-content\/uploads\/2025\/01\/fly-ash-drying-machine-1.jpg","contentUrl":"https:\/\/hengxingmachinery.com\/wp-content\/uploads\/2025\/01\/fly-ash-drying-machine-1.jpg"},{"@type":"BreadcrumbList","@id":"https:\/\/hengxingmachinery.com\/fly-ash-dryer\/#breadcrumb","itemListElement":[{"@type":"ListItem","position":1,"name":"Home","item":"https:\/\/hengxingmachinery.com\/"},{"@type":"ListItem","position":2,"name":"5-1. Fly ash dryer"}]},{"@type":"WebSite","@id":"https:\/\/hengxingmachinery.com\/#website","url":"https:\/\/hengxingmachinery.com\/","name":"M\u00e1quinas Hengxing","description":"Fabricante l\u00edder de todos os tipos de m\u00e1quinas de minera\u00e7\u00e3o","publisher":{"@id":"https:\/\/hengxingmachinery.com\/#organization"},"potentialAction":[{"@type":"SearchAction","target":{"@type":"EntryPoint","urlTemplate":"https:\/\/hengxingmachinery.com\/?s={search_term_string}"},"query-input":{"@type":"PropertyValueSpecification","valueRequired":true,"valueName":"search_term_string"}}],"inLanguage":"pt-PT"},{"@type":"Organization","@id":"https:\/\/hengxingmachinery.com\/#organization","name":"M\u00e1quinas Hengxing","url":"https:\/\/hengxingmachinery.com\/","logo":{"@type":"ImageObject","inLanguage":"pt-PT","@id":"https:\/\/hengxingmachinery.com\/#\/schema\/logo\/image\/","url":"https:\/\/hengxingmachinery.com\/wp-content\/uploads\/2024\/12\/logo.png","contentUrl":"https:\/\/hengxingmachinery.com\/wp-content\/uploads\/2024\/12\/logo.png","width":400,"height":260,"caption":"Hengxing Machinery"},"image":{"@id":"https:\/\/hengxingmachinery.com\/#\/schema\/logo\/image\/"}}]}},"_links":{"self":[{"href":"https:\/\/hengxingmachinery.com\/pt\/wp-json\/wp\/v2\/pages\/1751","targetHints":{"allow":["GET"]}}],"collection":[{"href":"https:\/\/hengxingmachinery.com\/pt\/wp-json\/wp\/v2\/pages"}],"about":[{"href":"https:\/\/hengxingmachinery.com\/pt\/wp-json\/wp\/v2\/types\/page"}],"author":[{"embeddable":true,"href":"https:\/\/hengxingmachinery.com\/pt\/wp-json\/wp\/v2\/users\/1"}],"replies":[{"embeddable":true,"href":"https:\/\/hengxingmachinery.com\/pt\/wp-json\/wp\/v2\/comments?post=1751"}],"version-history":[{"count":3,"href":"https:\/\/hengxingmachinery.com\/pt\/wp-json\/wp\/v2\/pages\/1751\/revisions"}],"predecessor-version":[{"id":1763,"href":"https:\/\/hengxingmachinery.com\/pt\/wp-json\/wp\/v2\/pages\/1751\/revisions\/1763"}],"wp:attachment":[{"href":"https:\/\/hengxingmachinery.com\/pt\/wp-json\/wp\/v2\/media?parent=1751"}],"curies":[{"name":"wp","href":"https:\/\/api.w.org\/{rel}","templated":true}]}}