{"id":1764,"date":"2025-01-24T02:50:26","date_gmt":"2025-01-24T02:50:26","guid":{"rendered":"https:\/\/hengxingmachinery.com\/?page_id=1764"},"modified":"2025-01-24T02:59:20","modified_gmt":"2025-01-24T02:59:20","slug":"three-drum-rotary-dryer","status":"publish","type":"page","link":"https:\/\/hengxingmachinery.com\/pt\/three-drum-rotary-dryer\/","title":{"rendered":"5-1. Secador rotativo de tr\u00eas tambores"},"content":{"rendered":"<div class=\"gb-container gb-container-45165f5a\">\n<div class=\"gb-container gb-container-c2652eb4\">\n\n<h1 class=\"gb-headline gb-headline-62a8b2cc gb-headline-text\">Secador rotativo de tr\u00eas tambores<\/h1>\n\n<\/div>\n<\/div>\n\n<div class=\"gb-container gb-container-519cf624\">\n<div class=\"gb-container gb-container-71ca071e\">\n<div class=\"gb-grid-wrapper gb-grid-wrapper-8a5f0688\">\n<div class=\"gb-grid-column gb-grid-column-1e99b1c2\"><div class=\"gb-container gb-container-1e99b1c2\">\n\n<figure class=\"gb-block-image gb-block-image-e4eaba54\"><img decoding=\"async\" width=\"665\" height=\"545\" class=\"gb-image gb-image-e4eaba54\" src=\"https:\/\/hengxingmachinery.com\/wp-content\/uploads\/2025\/01\/three-drum-rotary-dryer-machine.jpg\" alt=\"\" title=\"m\u00e1quina secadora rotativa de tr\u00eas tambores\" srcset=\"https:\/\/hengxingmachinery.com\/wp-content\/uploads\/2025\/01\/three-drum-rotary-dryer-machine.jpg 665w, https:\/\/hengxingmachinery.com\/wp-content\/uploads\/2025\/01\/three-drum-rotary-dryer-machine-300x246.jpg 300w, https:\/\/hengxingmachinery.com\/wp-content\/uploads\/2025\/01\/three-drum-rotary-dryer-machine-15x12.jpg 15w\" sizes=\"(max-width: 665px) 100vw, 665px\" \/><\/figure>\n\n<\/div><\/div>\n\n<div class=\"gb-grid-column gb-grid-column-bcae065b\"><div class=\"gb-container gb-container-bcae065b\">\n\n<p class=\"gb-headline gb-headline-e419680e gb-headline-text\"><\/p>\n\n\n<div class=\"gb-grid-wrapper gb-grid-wrapper-eebec76e\">\n<div class=\"gb-grid-column gb-grid-column-e3ada2f0\"><div class=\"gb-container gb-container-e3ada2f0\">\n\n<p class=\"gb-headline gb-headline-4c79a90a gb-headline-text\"><mark style=\"background-color:rgba(0, 0, 0, 0)\" class=\"has-inline-color has-global-color-8-color\"><strong>Capacidade:<\/strong><\/mark> 8-100 t\/h<\/p>\n\n<\/div><\/div>\n\n<div class=\"gb-grid-column gb-grid-column-0bb00826\"><div class=\"gb-container gb-container-0bb00826\">\n\n<p class=\"gb-headline gb-headline-86d53f56 gb-headline-text\"><mark style=\"background-color:rgba(0, 0, 0, 0)\" class=\"has-inline-color has-global-color-8-color\"><strong><strong>Velocidade de Rota\u00e7\u00e3o (r\/min)<\/strong>:<\/strong><\/mark> 4-10<\/p>\n\n<\/div><\/div>\n<\/div>\n\n\n<p class=\"gb-headline gb-headline-2750f5a7 gb-headline-text\"><strong>Aplica\u00e7\u00e3o:<\/strong><\/p>\n\n\n\n<p>O secador rotativo de tr\u00eas cilindros \u00e9 principalmente aplicado para secagem de esc\u00f3ria, areia, carv\u00e3o, cinzas volantes, p\u00f3 de ferro, min\u00e9rio, areia de quartzo e outros materiais granulares.<\/p>\n\n\n<div class=\"gb-container gb-container-256e15f1\">\n\n<a class=\"gb-button gb-button-e8b73d89 gb-button-text\" href=\"#popmake-622\">Obtenha uma cota\u00e7\u00e3o gratuita agora<\/a>\n\n<\/div>\n<\/div><\/div>\n<\/div>\n<\/div>\n<\/div>\n\n<div class=\"gb-container gb-container-af5f8799\">\n<div class=\"gb-container gb-container-2298848b\">\n\n<h2 class=\"gb-headline gb-headline-9d27ad2c gb-headline-text\">Caracter\u00edsticas do secador rotativo de tr\u00eas tambores<\/h2>\n\n\n\n<p>1. O cilindro possui autoprote\u00e7\u00e3o, a efici\u00eancia t\u00e9rmica pode atingir at\u00e9 95%. O comprimento total do secador \u00e9 reduzido em aproximadamente 50% em compara\u00e7\u00e3o com o monocilindro, e o investimento em terreno \u00e9 reduzido em aproximadamente 50%.<\/p>\n\n\n\n<p>2. O cilindro \u00e9 fabricado por soldagem de chapas de a\u00e7o resistentes ao calor e ao desgaste, com longa vida \u00fatil e manuten\u00e7\u00e3o f\u00e1cil. Alta efici\u00eancia t\u00e9rmica, a temperatura do cilindro externo \u00e9 de 60\u00b0C ou abaixo (a temperatura do monocilindro externo pode chegar a 150\u00b0C).<\/p>\n\n\n\n<p>3. Baixa temperatura na sa\u00edda, longa vida \u00fatil do equipamento de remo\u00e7\u00e3o de poeira. Tamb\u00e9m pode ser conectado diretamente a um filtro de manga de pulso com caixa de ar.<\/p>\n\n\n\n<p>4. Sem transmiss\u00e3o por engrenagem e pinh\u00e3o, mas com rota\u00e7\u00e3o por rodas aplicada, a opera\u00e7\u00e3o nivelada da m\u00e1quina completa torna o sistema simples e racional.<\/p>\n\n\n\n<p>5. Um aquecedor de ar pode ser combinado com um forno de ebuli\u00e7\u00e3o ou um forno a \u00f3leo tamb\u00e9m pode ser aplicado, o que pode secar materiais com tamanho abaixo de 20mm.<\/p>\n\n\n\n<p>6. O \u00edndice de umidade final pode ser ajustado de acordo com os requisitos dos clientes.<\/p>\n\n\n<div class=\"gb-container gb-container-d7b7b595\">\n\n<a class=\"gb-button gb-button-c1312760 gb-button-text\" href=\"#popmake-622\">Obtenha uma cota\u00e7\u00e3o gratuita agora<\/a>\n\n<\/div>\n<\/div>\n<\/div>\n\n<div class=\"gb-container gb-container-ebd718b6\">\n<div class=\"gb-container gb-container-5c75b960\">\n\n<h2 class=\"gb-headline gb-headline-98859344 gb-headline-text\">Princ\u00edpio de funcionamento do secador rotativo de tr\u00eas tambores<\/h2>\n\n\n\n<figure class=\"gb-block-image gb-block-image-c486b36e\"><img decoding=\"async\" width=\"2164\" height=\"1456\" class=\"gb-image gb-image-c486b36e\" src=\"https:\/\/hengxingmachinery.com\/wp-content\/uploads\/2025\/01\/three-drum-rotary-dryer-working-principle.jpg\" alt=\"\" title=\"princ\u00edpio de funcionamento do secador rotativo de tr\u00eas tambores\" srcset=\"https:\/\/hengxingmachinery.com\/wp-content\/uploads\/2025\/01\/three-drum-rotary-dryer-working-principle.jpg 2164w, https:\/\/hengxingmachinery.com\/wp-content\/uploads\/2025\/01\/three-drum-rotary-dryer-working-principle-300x202.jpg 300w, https:\/\/hengxingmachinery.com\/wp-content\/uploads\/2025\/01\/three-drum-rotary-dryer-working-principle-1024x689.jpg 1024w, https:\/\/hengxingmachinery.com\/wp-content\/uploads\/2025\/01\/three-drum-rotary-dryer-working-principle-768x517.jpg 768w, https:\/\/hengxingmachinery.com\/wp-content\/uploads\/2025\/01\/three-drum-rotary-dryer-working-principle-1536x1033.jpg 1536w, https:\/\/hengxingmachinery.com\/wp-content\/uploads\/2025\/01\/three-drum-rotary-dryer-working-principle-2048x1378.jpg 2048w, https:\/\/hengxingmachinery.com\/wp-content\/uploads\/2025\/01\/three-drum-rotary-dryer-working-principle-18x12.jpg 18w\" sizes=\"(max-width: 2164px) 100vw, 2164px\" \/><\/figure>\n\n\n\n<p>1. O material primeiro entra no tambor interno, porque h\u00e1 placas em forma de espiral fixadas no tambor, quando o secador realiza trabalho rotativo, a placa em espiral ir\u00e1 agitar o material e faz\u00ea-lo se mover.<\/p>\n\n\n\n<p>2. Quando o material atinge o lado direito do tambor, ele entra no segundo tambor para secagem adicional.<\/p>\n\n\n\n<p>3. Com o mesmo princ\u00edpio de funcionamento, o material ent\u00e3o entra no tambor externo, durante o processo de secagem, o material ser\u00e1 submetido a tr\u00eas etapas de secagem, para que possa ser completamente seco neste processo.<\/p>\n\n\n<div class=\"gb-container gb-container-d6bbf16a\">\n\n<a class=\"gb-button gb-button-caa3f2bc gb-button-text\" href=\"#popmake-622\">Obtenha uma cota\u00e7\u00e3o gratuita agora<\/a>\n\n<\/div>\n<\/div>\n<\/div>\n\n<div class=\"gb-container gb-container-c21d7913\">\n<div class=\"gb-container gb-container-a7d3cbcf\">\n\n<h2 class=\"gb-headline gb-headline-27592be5 gb-headline-text\">Vantagens de desempenho do secador rotativo de tr\u00eas tambores<\/h2>\n\n\n\n<figure class=\"gb-block-image gb-block-image-2de2d338\"><img decoding=\"async\" width=\"920\" height=\"420\" class=\"gb-image gb-image-2de2d338\" src=\"https:\/\/hengxingmachinery.com\/wp-content\/uploads\/2025\/01\/three-drum-rotary-dryer-for-sale.jpg\" alt=\"\" title=\"secador rotativo de tr\u00eas tambores \u00e0 venda\" srcset=\"https:\/\/hengxingmachinery.com\/wp-content\/uploads\/2025\/01\/three-drum-rotary-dryer-for-sale.jpg 920w, https:\/\/hengxingmachinery.com\/wp-content\/uploads\/2025\/01\/three-drum-rotary-dryer-for-sale-300x137.jpg 300w, https:\/\/hengxingmachinery.com\/wp-content\/uploads\/2025\/01\/three-drum-rotary-dryer-for-sale-768x351.jpg 768w, https:\/\/hengxingmachinery.com\/wp-content\/uploads\/2025\/01\/three-drum-rotary-dryer-for-sale-18x8.jpg 18w\" sizes=\"(max-width: 920px) 100vw, 920px\" \/><\/figure>\n\n\n\n<p>1. Alto conte\u00fado t\u00e9cnico, autoprote\u00e7\u00e3o do cilindro, fritura e assamento simult\u00e2neos, efici\u00eancia t\u00e9rmica de at\u00e9 85%.<\/p>\n\n\n\n<p>2. O secador de ra\u00edzes \u00e9 60% mais curto que o secador de tr\u00eas tambores comum, o que auxilia no arranjo do processo. Reduz a \u00e1rea de constru\u00e7\u00e3o da f\u00e1brica e economiza cerca de 40% no investimento da obra.<\/p>\n\n\n\n<p>3. Utiliza a\u00e7o liga resistente ao calor e ao desgaste, quatro vezes mais resistente ao desgaste que o a\u00e7o comum. Longa vida \u00fatil, f\u00e1cil manuten\u00e7\u00e3o.<\/p>\n\n\n\n<p>4. Baixa temperatura na sa\u00edda, o que \u00e9 ben\u00e9fico para o equipamento de remo\u00e7\u00e3o de poeira a longo prazo, podendo ser conectado diretamente a um filtro de manga de jato de pulso.<\/p>\n\n\n\n<p>5. O investimento civil \u00e9 reduzido em cerca de 50%, e o consumo de energia \u00e9 reduzido em 60%.<\/p>\n\n\n\n<p>6. Possui estrutura compacta, simples e layout racional, aumentando a taxa de troca de calor entre material e energia t\u00e9rmica.<\/p>\n\n\n\n<p>7. \u00c9 f\u00e1cil realizar controle autom\u00e1tico, reduzindo o pessoal operacional e economizando recursos de m\u00e3o de obra.<\/p>\n\n\n<div class=\"gb-container gb-container-9a0d7095\">\n\n<a class=\"gb-button gb-button-5673f414 gb-button-text\" href=\"#popmake-622\">Obtenha uma cota\u00e7\u00e3o gratuita agora<\/a>\n\n<\/div>\n<\/div>\n<\/div>\n\n<div class=\"gb-container gb-container-435ad261\">\n<div class=\"gb-container gb-container-7dc79cc4\">\n\n<h2 class=\"gb-headline gb-headline-6fe5dee2 gb-headline-text\">Especifica\u00e7\u00f5es do secador rotativo de tr\u00eas tambores<\/h2>\n\n\n\n<figure class=\"wp-block-table is-style-stripes\"><table class=\"has-fixed-layout\"><tbody><tr><td><strong>Modelo<\/strong><strong><\/strong><\/td><td><strong>Di\u00e2metro do Cilindro Externo (m)<\/strong><\/td><td><strong>Comprimento do Cilindro Externo (m)<\/strong><\/td><td><strong>Volume do Tambor (m\u00b3)<\/strong><\/td><td><strong>Velocidade de Rota\u00e7\u00e3o (r\/min)<\/strong><\/td><td><strong>Temperatura M\u00e1xima do Fluxo de Ar<\/strong><br><strong>(\u2103)<\/strong><\/td><td><strong>Capacidade de Produ\u00e7\u00e3o (t\/h)<\/strong><\/td><td><strong>Pot\u00eancia (kW)<\/strong><strong><\/strong><\/td><\/tr><tr><td>2.0*4m<\/td><td>2<\/td><td>4<\/td><td>12.56<\/td><td>4-10<\/td><td>700-750<\/td><td>8-15<\/td><td>5.5\u00d72<\/td><\/tr><tr><td>2.2*5m<\/td><td>2.2<\/td><td>5<\/td><td>18.99<\/td><td>4-10<\/td><td>700-750<\/td><td>12-20<\/td><td>5.5\u00d72<\/td><\/tr><tr><td>2.5*6m<\/td><td>2.5<\/td><td>6<\/td><td>29.43<\/td><td>4-10<\/td><td>700-750<\/td><td>18-28<\/td><td>7.5\u00d72<\/td><\/tr><tr><td>2.8*6m<\/td><td>2.8<\/td><td>6<\/td><td>36.92<\/td><td>4-10<\/td><td>700-750<\/td><td>25-35<\/td><td>11\u00d72<\/td><\/tr><tr><td>3.0*6m<\/td><td>3<\/td><td>6<\/td><td>42.39<\/td><td>4-10<\/td><td>700-750<\/td><td>30-40<\/td><td>7.5\u00d74<\/td><\/tr><tr><td>3.0*7m<\/td><td>3<\/td><td>7<\/td><td>49.45<\/td><td>4-10<\/td><td>700-750<\/td><td>30-45<\/td><td>7.5\u00d74<\/td><\/tr><tr><td>3.2*7m<\/td><td>3.2<\/td><td>7<\/td><td>56.27<\/td><td>4-10<\/td><td>700-750<\/td><td>35-55<\/td><td>11\u00d74<\/td><\/tr><tr><td>3.6*8m<\/td><td>3.6<\/td><td>8<\/td><td>81.39<\/td><td>4-10<\/td><td>700-750<\/td><td>55-75<\/td><td>18.5\u00d74<\/td><\/tr><tr><td>4.0*10m<\/td><td>4<\/td><td>10<\/td><td>125.60<\/td><td>4-10<\/td><td>700-750<\/td><td>70-100<\/td><td>22\u00d74<\/td><\/tr><\/tbody><\/table><\/figure>\n\n\n<div class=\"gb-container gb-container-263d9700\">\n\n<a class=\"gb-button gb-button-a4cbb7be gb-button-text\" href=\"#popmake-622\">Obtenha uma cota\u00e7\u00e3o gratuita agora<\/a>\n\n<\/div>\n<\/div>\n<\/div>","protected":false},"excerpt":{"rendered":"<p>Three drum rotary dryer Characteristics of three drum rotary dryer 1. The cylinder protect itself, thermal efficiency can up to 95%.The whole length of the dryer reduced to 50% approximately than mono-cylinder and reduced land investment to 50% approximately 2. Cylinder adopts heat-resistant and wear-resistant steel plate welding with long service life and easy maintenance. &#8230; <\/p>\n<p class=\"read-more-container\"><a title=\"5-1. Secador rotativo de tr\u00eas tambores\" class=\"read-more button\" href=\"https:\/\/hengxingmachinery.com\/pt\/three-drum-rotary-dryer\/#more-1764\" aria-label=\"Leia mais sobre 5-1. Three drum rotary dryer\">Ler mais<\/a><\/p>","protected":false},"author":1,"featured_media":0,"parent":0,"menu_order":0,"comment_status":"closed","ping_status":"closed","template":"","meta":{"footnotes":""},"class_list":["post-1764","page","type-page","status-publish"],"yoast_head":"<!-- This site is optimized with the Yoast SEO plugin v27.4 - https:\/\/yoast.com\/product\/yoast-seo-wordpress\/ -->\n<title>5-1. Three drum rotary dryer - Hengxing Machinery<\/title>\n<meta name=\"robots\" content=\"index, follow, max-snippet:-1, max-image-preview:large, max-video-preview:-1\" \/>\n<link rel=\"canonical\" href=\"https:\/\/hengxingmachinery.com\/pt\/three-drum-rotary-dryer\/\" \/>\n<meta property=\"og:locale\" content=\"pt_PT\" \/>\n<meta property=\"og:type\" content=\"article\" \/>\n<meta property=\"og:title\" content=\"5-1. Three drum rotary dryer - Hengxing Machinery\" \/>\n<meta property=\"og:description\" content=\"Three drum rotary dryer Characteristics of three drum rotary dryer 1. The cylinder protect itself, thermal efficiency can up to 95%.The whole length of the dryer reduced to 50% approximately than mono-cylinder and reduced land investment to 50% approximately 2. Cylinder adopts heat-resistant and wear-resistant steel plate welding with long service life and easy maintenance. ... Ler mais\" \/>\n<meta property=\"og:url\" content=\"https:\/\/hengxingmachinery.com\/pt\/three-drum-rotary-dryer\/\" \/>\n<meta property=\"og:site_name\" content=\"Hengxing Machinery\" \/>\n<meta property=\"article:modified_time\" content=\"2025-01-24T02:59:20+00:00\" \/>\n<meta property=\"og:image\" content=\"https:\/\/hengxingmachinery.com\/wp-content\/uploads\/2025\/01\/three-drum-rotary-dryer-machine.jpg\" \/>\n<meta name=\"twitter:card\" content=\"summary_large_image\" \/>\n<meta name=\"twitter:label1\" content=\"Tempo estimado de leitura\" \/>\n\t<meta name=\"twitter:data1\" content=\"4 minutos\" \/>\n<script type=\"application\/ld+json\" class=\"yoast-schema-graph\">{\"@context\":\"https:\\\/\\\/schema.org\",\"@graph\":[{\"@type\":\"WebPage\",\"@id\":\"https:\\\/\\\/hengxingmachinery.com\\\/three-drum-rotary-dryer\\\/\",\"url\":\"https:\\\/\\\/hengxingmachinery.com\\\/three-drum-rotary-dryer\\\/\",\"name\":\"5-1. Three drum rotary dryer - Hengxing Machinery\",\"isPartOf\":{\"@id\":\"https:\\\/\\\/hengxingmachinery.com\\\/#website\"},\"primaryImageOfPage\":{\"@id\":\"https:\\\/\\\/hengxingmachinery.com\\\/three-drum-rotary-dryer\\\/#primaryimage\"},\"image\":{\"@id\":\"https:\\\/\\\/hengxingmachinery.com\\\/three-drum-rotary-dryer\\\/#primaryimage\"},\"thumbnailUrl\":\"https:\\\/\\\/hengxingmachinery.com\\\/wp-content\\\/uploads\\\/2025\\\/01\\\/three-drum-rotary-dryer-machine.jpg\",\"datePublished\":\"2025-01-24T02:50:26+00:00\",\"dateModified\":\"2025-01-24T02:59:20+00:00\",\"breadcrumb\":{\"@id\":\"https:\\\/\\\/hengxingmachinery.com\\\/three-drum-rotary-dryer\\\/#breadcrumb\"},\"inLanguage\":\"pt-PT\",\"potentialAction\":[{\"@type\":\"ReadAction\",\"target\":[\"https:\\\/\\\/hengxingmachinery.com\\\/three-drum-rotary-dryer\\\/\"]}]},{\"@type\":\"ImageObject\",\"inLanguage\":\"pt-PT\",\"@id\":\"https:\\\/\\\/hengxingmachinery.com\\\/three-drum-rotary-dryer\\\/#primaryimage\",\"url\":\"https:\\\/\\\/hengxingmachinery.com\\\/wp-content\\\/uploads\\\/2025\\\/01\\\/three-drum-rotary-dryer-machine.jpg\",\"contentUrl\":\"https:\\\/\\\/hengxingmachinery.com\\\/wp-content\\\/uploads\\\/2025\\\/01\\\/three-drum-rotary-dryer-machine.jpg\"},{\"@type\":\"BreadcrumbList\",\"@id\":\"https:\\\/\\\/hengxingmachinery.com\\\/three-drum-rotary-dryer\\\/#breadcrumb\",\"itemListElement\":[{\"@type\":\"ListItem\",\"position\":1,\"name\":\"Home\",\"item\":\"https:\\\/\\\/hengxingmachinery.com\\\/\"},{\"@type\":\"ListItem\",\"position\":2,\"name\":\"5-1. Three drum rotary dryer\"}]},{\"@type\":\"WebSite\",\"@id\":\"https:\\\/\\\/hengxingmachinery.com\\\/#website\",\"url\":\"https:\\\/\\\/hengxingmachinery.com\\\/\",\"name\":\"Hengxing Machinery\",\"description\":\"Leading Manufacturer of All Sorts of Mining Machinery\",\"publisher\":{\"@id\":\"https:\\\/\\\/hengxingmachinery.com\\\/#organization\"},\"potentialAction\":[{\"@type\":\"SearchAction\",\"target\":{\"@type\":\"EntryPoint\",\"urlTemplate\":\"https:\\\/\\\/hengxingmachinery.com\\\/?s={search_term_string}\"},\"query-input\":{\"@type\":\"PropertyValueSpecification\",\"valueRequired\":true,\"valueName\":\"search_term_string\"}}],\"inLanguage\":\"pt-PT\"},{\"@type\":\"Organization\",\"@id\":\"https:\\\/\\\/hengxingmachinery.com\\\/#organization\",\"name\":\"Hengxing Machinery\",\"url\":\"https:\\\/\\\/hengxingmachinery.com\\\/\",\"logo\":{\"@type\":\"ImageObject\",\"inLanguage\":\"pt-PT\",\"@id\":\"https:\\\/\\\/hengxingmachinery.com\\\/#\\\/schema\\\/logo\\\/image\\\/\",\"url\":\"https:\\\/\\\/hengxingmachinery.com\\\/wp-content\\\/uploads\\\/2024\\\/12\\\/logo.png\",\"contentUrl\":\"https:\\\/\\\/hengxingmachinery.com\\\/wp-content\\\/uploads\\\/2024\\\/12\\\/logo.png\",\"width\":400,\"height\":260,\"caption\":\"Hengxing Machinery\"},\"image\":{\"@id\":\"https:\\\/\\\/hengxingmachinery.com\\\/#\\\/schema\\\/logo\\\/image\\\/\"}}]}<\/script>\n<!-- \/ Yoast SEO plugin. -->","yoast_head_json":{"title":"5-1. Secador rotativo de tr\u00eas tambores - Hengxing Machinery","robots":{"index":"index","follow":"follow","max-snippet":"max-snippet:-1","max-image-preview":"max-image-preview:large","max-video-preview":"max-video-preview:-1"},"canonical":"https:\/\/hengxingmachinery.com\/pt\/three-drum-rotary-dryer\/","og_locale":"pt_PT","og_type":"article","og_title":"5-1. Three drum rotary dryer - Hengxing Machinery","og_description":"Three drum rotary dryer Characteristics of three drum rotary dryer 1. The cylinder protect itself, thermal efficiency can up to 95%.The whole length of the dryer reduced to 50% approximately than mono-cylinder and reduced land investment to 50% approximately 2. Cylinder adopts heat-resistant and wear-resistant steel plate welding with long service life and easy maintenance. ... Ler mais","og_url":"https:\/\/hengxingmachinery.com\/pt\/three-drum-rotary-dryer\/","og_site_name":"Hengxing Machinery","article_modified_time":"2025-01-24T02:59:20+00:00","og_image":[{"url":"https:\/\/hengxingmachinery.com\/wp-content\/uploads\/2025\/01\/three-drum-rotary-dryer-machine.jpg","type":"","width":"","height":""}],"twitter_card":"summary_large_image","twitter_misc":{"Tempo estimado de leitura":"4 minutos"},"schema":{"@context":"https:\/\/schema.org","@graph":[{"@type":"WebPage","@id":"https:\/\/hengxingmachinery.com\/three-drum-rotary-dryer\/","url":"https:\/\/hengxingmachinery.com\/three-drum-rotary-dryer\/","name":"5-1. Secador rotativo de tr\u00eas tambores - Hengxing Machinery","isPartOf":{"@id":"https:\/\/hengxingmachinery.com\/#website"},"primaryImageOfPage":{"@id":"https:\/\/hengxingmachinery.com\/three-drum-rotary-dryer\/#primaryimage"},"image":{"@id":"https:\/\/hengxingmachinery.com\/three-drum-rotary-dryer\/#primaryimage"},"thumbnailUrl":"https:\/\/hengxingmachinery.com\/wp-content\/uploads\/2025\/01\/three-drum-rotary-dryer-machine.jpg","datePublished":"2025-01-24T02:50:26+00:00","dateModified":"2025-01-24T02:59:20+00:00","breadcrumb":{"@id":"https:\/\/hengxingmachinery.com\/three-drum-rotary-dryer\/#breadcrumb"},"inLanguage":"pt-PT","potentialAction":[{"@type":"ReadAction","target":["https:\/\/hengxingmachinery.com\/three-drum-rotary-dryer\/"]}]},{"@type":"ImageObject","inLanguage":"pt-PT","@id":"https:\/\/hengxingmachinery.com\/three-drum-rotary-dryer\/#primaryimage","url":"https:\/\/hengxingmachinery.com\/wp-content\/uploads\/2025\/01\/three-drum-rotary-dryer-machine.jpg","contentUrl":"https:\/\/hengxingmachinery.com\/wp-content\/uploads\/2025\/01\/three-drum-rotary-dryer-machine.jpg"},{"@type":"BreadcrumbList","@id":"https:\/\/hengxingmachinery.com\/three-drum-rotary-dryer\/#breadcrumb","itemListElement":[{"@type":"ListItem","position":1,"name":"Home","item":"https:\/\/hengxingmachinery.com\/"},{"@type":"ListItem","position":2,"name":"5-1. Three drum rotary dryer"}]},{"@type":"WebSite","@id":"https:\/\/hengxingmachinery.com\/#website","url":"https:\/\/hengxingmachinery.com\/","name":"M\u00e1quinas Hengxing","description":"Fabricante l\u00edder de todos os tipos de m\u00e1quinas de minera\u00e7\u00e3o","publisher":{"@id":"https:\/\/hengxingmachinery.com\/#organization"},"potentialAction":[{"@type":"SearchAction","target":{"@type":"EntryPoint","urlTemplate":"https:\/\/hengxingmachinery.com\/?s={search_term_string}"},"query-input":{"@type":"PropertyValueSpecification","valueRequired":true,"valueName":"search_term_string"}}],"inLanguage":"pt-PT"},{"@type":"Organization","@id":"https:\/\/hengxingmachinery.com\/#organization","name":"M\u00e1quinas Hengxing","url":"https:\/\/hengxingmachinery.com\/","logo":{"@type":"ImageObject","inLanguage":"pt-PT","@id":"https:\/\/hengxingmachinery.com\/#\/schema\/logo\/image\/","url":"https:\/\/hengxingmachinery.com\/wp-content\/uploads\/2024\/12\/logo.png","contentUrl":"https:\/\/hengxingmachinery.com\/wp-content\/uploads\/2024\/12\/logo.png","width":400,"height":260,"caption":"Hengxing Machinery"},"image":{"@id":"https:\/\/hengxingmachinery.com\/#\/schema\/logo\/image\/"}}]}},"_links":{"self":[{"href":"https:\/\/hengxingmachinery.com\/pt\/wp-json\/wp\/v2\/pages\/1764","targetHints":{"allow":["GET"]}}],"collection":[{"href":"https:\/\/hengxingmachinery.com\/pt\/wp-json\/wp\/v2\/pages"}],"about":[{"href":"https:\/\/hengxingmachinery.com\/pt\/wp-json\/wp\/v2\/types\/page"}],"author":[{"embeddable":true,"href":"https:\/\/hengxingmachinery.com\/pt\/wp-json\/wp\/v2\/users\/1"}],"replies":[{"embeddable":true,"href":"https:\/\/hengxingmachinery.com\/pt\/wp-json\/wp\/v2\/comments?post=1764"}],"version-history":[{"count":4,"href":"https:\/\/hengxingmachinery.com\/pt\/wp-json\/wp\/v2\/pages\/1764\/revisions"}],"predecessor-version":[{"id":1772,"href":"https:\/\/hengxingmachinery.com\/pt\/wp-json\/wp\/v2\/pages\/1764\/revisions\/1772"}],"wp:attachment":[{"href":"https:\/\/hengxingmachinery.com\/pt\/wp-json\/wp\/v2\/media?parent=1764"}],"curies":[{"name":"wp","href":"https:\/\/api.w.org\/{rel}","templated":true}]}}