{"id":1773,"date":"2025-01-24T03:33:58","date_gmt":"2025-01-24T03:33:58","guid":{"rendered":"https:\/\/hengxingmachinery.com\/?page_id=1773"},"modified":"2025-01-24T03:35:29","modified_gmt":"2025-01-24T03:35:29","slug":"sand-dryer","status":"publish","type":"page","link":"https:\/\/hengxingmachinery.com\/pt\/sand-dryer\/","title":{"rendered":"5-1. Secador de areia"},"content":{"rendered":"<div class=\"gb-container gb-container-45165f5a\">\n<div class=\"gb-container gb-container-c2652eb4\">\n\n<h1 class=\"gb-headline gb-headline-62a8b2cc gb-headline-text\">Secador de areia<\/h1>\n\n<\/div>\n<\/div>\n\n<div class=\"gb-container gb-container-519cf624\">\n<div class=\"gb-container gb-container-71ca071e\">\n<div class=\"gb-grid-wrapper gb-grid-wrapper-8a5f0688\">\n<div class=\"gb-grid-column gb-grid-column-1e99b1c2\"><div class=\"gb-container gb-container-1e99b1c2\">\n\n<figure class=\"gb-block-image gb-block-image-e4eaba54\"><img decoding=\"async\" width=\"665\" height=\"545\" class=\"gb-image gb-image-e4eaba54\" src=\"https:\/\/hengxingmachinery.com\/wp-content\/uploads\/2025\/01\/sand-dryer-for-sale.jpg\" alt=\"\" title=\"secador de areia \u00e0 venda\" srcset=\"https:\/\/hengxingmachinery.com\/wp-content\/uploads\/2025\/01\/sand-dryer-for-sale.jpg 665w, https:\/\/hengxingmachinery.com\/wp-content\/uploads\/2025\/01\/sand-dryer-for-sale-300x246.jpg 300w, https:\/\/hengxingmachinery.com\/wp-content\/uploads\/2025\/01\/sand-dryer-for-sale-15x12.jpg 15w\" sizes=\"(max-width: 665px) 100vw, 665px\" \/><\/figure>\n\n<\/div><\/div>\n\n<div class=\"gb-grid-column gb-grid-column-bcae065b\"><div class=\"gb-container gb-container-bcae065b\">\n\n<p class=\"gb-headline gb-headline-e419680e gb-headline-text\">O secador de areia possui estrutura simples e configura\u00e7\u00e3o racional. O equipamento \u00e9 composto principalmente por um cilindro, uma calha de alimenta\u00e7\u00e3o, placas elevat\u00f3rias, uma caixa de engrenagens, engrenagem, anel de rolos, motor e uma parte de descarga. O equipamento opera de forma est\u00e1vel e possui um bom efeito de uso.<\/p>\n\n\n<div class=\"gb-grid-wrapper gb-grid-wrapper-eebec76e\">\n<div class=\"gb-grid-column gb-grid-column-e3ada2f0\"><div class=\"gb-container gb-container-e3ada2f0\">\n\n<p class=\"gb-headline gb-headline-4c79a90a gb-headline-text\"><mark style=\"background-color:rgba(0, 0, 0, 0)\" class=\"has-inline-color has-global-color-8-color\"><strong>Capacidade:<\/strong><\/mark> 1,9-76,0 t\/h<\/p>\n\n<\/div><\/div>\n\n<div class=\"gb-grid-column gb-grid-column-0bb00826\"><div class=\"gb-container gb-container-0bb00826\">\n\n<p class=\"gb-headline gb-headline-86d53f56 gb-headline-text\"><mark style=\"background-color:rgba(0, 0, 0, 0)\" class=\"has-inline-color has-global-color-8-color\"><strong>Pot\u00eancia (kW):<\/strong><\/mark> 7.5-160<\/p>\n\n<\/div><\/div>\n<\/div>\n\n\n<p class=\"gb-headline gb-headline-2750f5a7 gb-headline-text\"><\/p>\n\n\n<div class=\"gb-container gb-container-256e15f1\">\n\n<a class=\"gb-button gb-button-e8b73d89 gb-button-text\" href=\"#popmake-622\">Obtenha uma cota\u00e7\u00e3o gratuita agora<\/a>\n\n<\/div>\n<\/div><\/div>\n<\/div>\n<\/div>\n<\/div>\n\n<div class=\"gb-container gb-container-af5f8799\">\n<div class=\"gb-container gb-container-2298848b\">\n\n<h2 class=\"gb-headline gb-headline-9d27ad2c gb-headline-text\">Caracter\u00edsticas do secador de areia <\/h2>\n\n\n\n<p>1. O secador de areia possui excelente tecnologia de fabrica\u00e7\u00e3o, configura\u00e7\u00e3o de componentes racional e simples, e dimens\u00f5es gerais compactas com peso leve do equipamento. A opera\u00e7\u00e3o e utiliza\u00e7\u00e3o do equipamento pelos clientes \u00e9 muito simples e confi\u00e1vel.<\/p>\n\n\n\n<p>2. O secador \u00e9 fabricado com bons materiais, e o tambor e as pe\u00e7as do equipamento s\u00e3o feitos de novos materiais resistentes ao desgaste. A resist\u00eancia ao desgaste do equipamento \u00e9 melhorada e a vida \u00fatil \u00e9 prolongada.<\/p>\n\n\n\n<p>3. O cilindro do secador \u00e9 muito bem vedado e possui um efeito de isolamento t\u00e9rmico muito bom. O equipamento pode utilizar o calor de forma eficiente no processo de secagem dos materiais, o que reduz consideravelmente a perda de energia t\u00e9rmica.<\/p>\n\n\n\n<p>4. O equipamento pode secar materiais de areia com alta qualidade e alta quantidade. A produ\u00e7\u00e3o de secagem por unidade de tempo \u00e9 muito alta, e o efeito de secagem \u00e9 muito bom. O teor de umidade do material acabado \u00e9 muito baixo, e o efeito de uso \u00e9 excelente.<\/p>\n\n\n\n<p>5. O efeito de redu\u00e7\u00e3o de poeira e ru\u00eddo do equipamento tamb\u00e9m \u00e9 muito bom. Durante a opera\u00e7\u00e3o do equipamento, h\u00e1 menos poeira e menos ru\u00eddo, o que pode melhorar efetivamente o ambiente de trabalho da f\u00e1brica.<\/p>\n\n\n<div class=\"gb-container gb-container-d7b7b595\">\n\n<a class=\"gb-button gb-button-c1312760 gb-button-text\" href=\"#popmake-622\">Obtenha uma cota\u00e7\u00e3o gratuita agora<\/a>\n\n<\/div>\n<\/div>\n<\/div>\n\n<div class=\"gb-container gb-container-ebd718b6\">\n<div class=\"gb-container gb-container-5c75b960\">\n\n<h2 class=\"gb-headline gb-headline-98859344 gb-headline-text\">Princ\u00edpio de funcionamento do secador de lodo<\/h2>\n\n\n\n<figure class=\"gb-block-image gb-block-image-c486b36e\"><img decoding=\"async\" width=\"920\" height=\"420\" class=\"gb-image gb-image-c486b36e\" src=\"https:\/\/hengxingmachinery.com\/wp-content\/uploads\/2025\/01\/sand-dryer-structure-4.jpg\" alt=\"\" title=\"estrutura do secador de areia\" srcset=\"https:\/\/hengxingmachinery.com\/wp-content\/uploads\/2025\/01\/sand-dryer-structure-4.jpg 920w, https:\/\/hengxingmachinery.com\/wp-content\/uploads\/2025\/01\/sand-dryer-structure-4-300x137.jpg 300w, https:\/\/hengxingmachinery.com\/wp-content\/uploads\/2025\/01\/sand-dryer-structure-4-768x351.jpg 768w, https:\/\/hengxingmachinery.com\/wp-content\/uploads\/2025\/01\/sand-dryer-structure-4-18x8.jpg 18w\" sizes=\"(max-width: 920px) 100vw, 920px\" \/><\/figure>\n\n\n\n<p>O material de areia entra no cilindro do secador atrav\u00e9s da calha de alimenta\u00e7\u00e3o, e o cilindro se move lentamente em um certo \u00e2ngulo de inclina\u00e7\u00e3o em rela\u00e7\u00e3o \u00e0 linha horizontal, fazendo com que o material de areia se mova para a extremidade inferior a uma velocidade uniforme sob a a\u00e7\u00e3o da gravidade. Ele entrar\u00e1 em contato direto com o calor dentro do cilindro, e o material ser\u00e1 continuamente levantado e espalhado pela placa elevat\u00f3ria. O material de areia pode ser continuamente contactado e seco pelo ar quente em todas as dire\u00e7\u00f5es e em m\u00faltiplos \u00e2ngulos. Este processo \u00e9 realizado continuamente. Quando o material est\u00e1 completamente seco, a opera\u00e7\u00e3o de secagem \u00e9 conclu\u00edda.<\/p>\n\n\n<div class=\"gb-container gb-container-d6bbf16a\">\n\n<a class=\"gb-button gb-button-caa3f2bc gb-button-text\" href=\"#popmake-622\">Obtenha uma cota\u00e7\u00e3o gratuita agora<\/a>\n\n<\/div>\n<\/div>\n<\/div>\n\n<div class=\"gb-container gb-container-435ad261\">\n<div class=\"gb-container gb-container-7dc79cc4\">\n\n<h2 class=\"gb-headline gb-headline-6fe5dee2 gb-headline-text\">Especifica\u00e7\u00f5es do secador de areia<\/h2>\n\n\n\n<figure class=\"wp-block-table is-style-stripes\"><table class=\"has-fixed-layout\"><tbody><tr><td><strong>Modelo<\/strong><strong><\/strong><\/td><td><strong>Di\u00e2metro do Cilindro Externo (m)<\/strong><\/td><td><strong>Comprimento do Cilindro Externo (m)<\/strong><\/td><td><strong>Volume do Tambor (m\u00b3)<\/strong><\/td><td><strong>Velocidade de Rota\u00e7\u00e3o (r\/min)<\/strong><\/td><td><strong>Temperatura M\u00e1xima do Fluxo de Ar<\/strong><br><strong>(\u2103)<\/strong><\/td><td><strong>Capacidade de Produ\u00e7\u00e3o (t\/h)<\/strong><\/td><td><strong>Pot\u00eancia (kW)<\/strong><strong><\/strong><\/td><\/tr><tr><td>2.0*4m<\/td><td>2<\/td><td>4<\/td><td>12.56<\/td><td>4-10<\/td><td>700-750<\/td><td>8-15<\/td><td>5.5\u00d72<\/td><\/tr><tr><td>2.2*5m<\/td><td>2.2<\/td><td>5<\/td><td>18.99<\/td><td>4-10<\/td><td>700-750<\/td><td>12-20<\/td><td>5.5\u00d72<\/td><\/tr><tr><td>2.5*6m<\/td><td>2.5<\/td><td>6<\/td><td>29.43<\/td><td>4-10<\/td><td>700-750<\/td><td>18-28<\/td><td>7.5\u00d72<\/td><\/tr><tr><td>2.8*6m<\/td><td>2.8<\/td><td>6<\/td><td>36.92<\/td><td>4-10<\/td><td>700-750<\/td><td>25-35<\/td><td>11\u00d72<\/td><\/tr><tr><td>3.0*6m<\/td><td>3<\/td><td>6<\/td><td>42.39<\/td><td>4-10<\/td><td>700-750<\/td><td>30-40<\/td><td>7.5\u00d74<\/td><\/tr><tr><td>3.0*7m<\/td><td>3<\/td><td>7<\/td><td>49.45<\/td><td>4-10<\/td><td>700-750<\/td><td>30-45<\/td><td>7.5\u00d74<\/td><\/tr><tr><td>3.2*7m<\/td><td>3.2<\/td><td>7<\/td><td>56.27<\/td><td>4-10<\/td><td>700-750<\/td><td>35-55<\/td><td>11\u00d74<\/td><\/tr><tr><td>3.6*8m<\/td><td>3.6<\/td><td>8<\/td><td>81.39<\/td><td>4-10<\/td><td>700-750<\/td><td>55-75<\/td><td>18.5\u00d74<\/td><\/tr><tr><td>4.0*10m<\/td><td>4<\/td><td>10<\/td><td>125.60<\/td><td>4-10<\/td><td>700-750<\/td><td>70-100<\/td><td>22\u00d74<\/td><\/tr><\/tbody><\/table><\/figure>\n\n\n<div class=\"gb-container gb-container-263d9700\">\n\n<a class=\"gb-button gb-button-a4cbb7be gb-button-text\" href=\"#popmake-622\">Obtenha uma cota\u00e7\u00e3o gratuita agora<\/a>\n\n<\/div>\n<\/div>\n<\/div>","protected":false},"excerpt":{"rendered":"<p>Sand dryer Features of sand dryer 1. The sand dryer has excellent manufacturing technology, reasonable and simple component configuration, and the overall size and light weight of the equipment. The operation and use of the equipment by customers is very simple and reliable. 2. The dryer is made of good materials, and the barrel and &#8230; <\/p>\n<p class=\"read-more-container\"><a title=\"5-1. Secador de areia\" class=\"read-more button\" href=\"https:\/\/hengxingmachinery.com\/pt\/sand-dryer\/#more-1773\" aria-label=\"Leia mais sobre 5-1. Sand dryer\">Ler mais<\/a><\/p>","protected":false},"author":1,"featured_media":0,"parent":0,"menu_order":0,"comment_status":"closed","ping_status":"closed","template":"","meta":{"footnotes":""},"class_list":["post-1773","page","type-page","status-publish"],"yoast_head":"<!-- This site is optimized with the Yoast SEO plugin v27.4 - https:\/\/yoast.com\/product\/yoast-seo-wordpress\/ -->\n<title>5-1. Sand dryer - Hengxing Machinery<\/title>\n<meta name=\"robots\" content=\"index, follow, max-snippet:-1, max-image-preview:large, max-video-preview:-1\" \/>\n<link rel=\"canonical\" href=\"https:\/\/hengxingmachinery.com\/pt\/sand-dryer\/\" \/>\n<meta property=\"og:locale\" content=\"pt_PT\" \/>\n<meta property=\"og:type\" content=\"article\" \/>\n<meta property=\"og:title\" content=\"5-1. Sand dryer - Hengxing Machinery\" \/>\n<meta property=\"og:description\" content=\"Sand dryer Features of sand dryer 1. The sand dryer has excellent manufacturing technology, reasonable and simple component configuration, and the overall size and light weight of the equipment. The operation and use of the equipment by customers is very simple and reliable. 2. The dryer is made of good materials, and the barrel and ... Ler mais\" \/>\n<meta property=\"og:url\" content=\"https:\/\/hengxingmachinery.com\/pt\/sand-dryer\/\" \/>\n<meta property=\"og:site_name\" content=\"Hengxing Machinery\" \/>\n<meta property=\"article:modified_time\" content=\"2025-01-24T03:35:29+00:00\" \/>\n<meta property=\"og:image\" content=\"https:\/\/hengxingmachinery.com\/wp-content\/uploads\/2025\/01\/sand-dryer-for-sale.jpg\" \/>\n<meta name=\"twitter:card\" content=\"summary_large_image\" \/>\n<meta name=\"twitter:label1\" content=\"Tempo estimado de leitura\" \/>\n\t<meta name=\"twitter:data1\" content=\"3 minutos\" \/>\n<script type=\"application\/ld+json\" class=\"yoast-schema-graph\">{\"@context\":\"https:\\\/\\\/schema.org\",\"@graph\":[{\"@type\":\"WebPage\",\"@id\":\"https:\\\/\\\/hengxingmachinery.com\\\/sand-dryer\\\/\",\"url\":\"https:\\\/\\\/hengxingmachinery.com\\\/sand-dryer\\\/\",\"name\":\"5-1. Sand dryer - Hengxing Machinery\",\"isPartOf\":{\"@id\":\"https:\\\/\\\/hengxingmachinery.com\\\/#website\"},\"primaryImageOfPage\":{\"@id\":\"https:\\\/\\\/hengxingmachinery.com\\\/sand-dryer\\\/#primaryimage\"},\"image\":{\"@id\":\"https:\\\/\\\/hengxingmachinery.com\\\/sand-dryer\\\/#primaryimage\"},\"thumbnailUrl\":\"https:\\\/\\\/hengxingmachinery.com\\\/wp-content\\\/uploads\\\/2025\\\/01\\\/sand-dryer-for-sale.jpg\",\"datePublished\":\"2025-01-24T03:33:58+00:00\",\"dateModified\":\"2025-01-24T03:35:29+00:00\",\"breadcrumb\":{\"@id\":\"https:\\\/\\\/hengxingmachinery.com\\\/sand-dryer\\\/#breadcrumb\"},\"inLanguage\":\"pt-PT\",\"potentialAction\":[{\"@type\":\"ReadAction\",\"target\":[\"https:\\\/\\\/hengxingmachinery.com\\\/sand-dryer\\\/\"]}]},{\"@type\":\"ImageObject\",\"inLanguage\":\"pt-PT\",\"@id\":\"https:\\\/\\\/hengxingmachinery.com\\\/sand-dryer\\\/#primaryimage\",\"url\":\"https:\\\/\\\/hengxingmachinery.com\\\/wp-content\\\/uploads\\\/2025\\\/01\\\/sand-dryer-for-sale.jpg\",\"contentUrl\":\"https:\\\/\\\/hengxingmachinery.com\\\/wp-content\\\/uploads\\\/2025\\\/01\\\/sand-dryer-for-sale.jpg\"},{\"@type\":\"BreadcrumbList\",\"@id\":\"https:\\\/\\\/hengxingmachinery.com\\\/sand-dryer\\\/#breadcrumb\",\"itemListElement\":[{\"@type\":\"ListItem\",\"position\":1,\"name\":\"Home\",\"item\":\"https:\\\/\\\/hengxingmachinery.com\\\/\"},{\"@type\":\"ListItem\",\"position\":2,\"name\":\"5-1. Sand dryer\"}]},{\"@type\":\"WebSite\",\"@id\":\"https:\\\/\\\/hengxingmachinery.com\\\/#website\",\"url\":\"https:\\\/\\\/hengxingmachinery.com\\\/\",\"name\":\"Hengxing Machinery\",\"description\":\"Leading Manufacturer of All Sorts of Mining Machinery\",\"publisher\":{\"@id\":\"https:\\\/\\\/hengxingmachinery.com\\\/#organization\"},\"potentialAction\":[{\"@type\":\"SearchAction\",\"target\":{\"@type\":\"EntryPoint\",\"urlTemplate\":\"https:\\\/\\\/hengxingmachinery.com\\\/?s={search_term_string}\"},\"query-input\":{\"@type\":\"PropertyValueSpecification\",\"valueRequired\":true,\"valueName\":\"search_term_string\"}}],\"inLanguage\":\"pt-PT\"},{\"@type\":\"Organization\",\"@id\":\"https:\\\/\\\/hengxingmachinery.com\\\/#organization\",\"name\":\"Hengxing Machinery\",\"url\":\"https:\\\/\\\/hengxingmachinery.com\\\/\",\"logo\":{\"@type\":\"ImageObject\",\"inLanguage\":\"pt-PT\",\"@id\":\"https:\\\/\\\/hengxingmachinery.com\\\/#\\\/schema\\\/logo\\\/image\\\/\",\"url\":\"https:\\\/\\\/hengxingmachinery.com\\\/wp-content\\\/uploads\\\/2024\\\/12\\\/logo.png\",\"contentUrl\":\"https:\\\/\\\/hengxingmachinery.com\\\/wp-content\\\/uploads\\\/2024\\\/12\\\/logo.png\",\"width\":400,\"height\":260,\"caption\":\"Hengxing Machinery\"},\"image\":{\"@id\":\"https:\\\/\\\/hengxingmachinery.com\\\/#\\\/schema\\\/logo\\\/image\\\/\"}}]}<\/script>\n<!-- \/ Yoast SEO plugin. -->","yoast_head_json":{"title":"5-1. Secador de areia - Hengxing Machinery","robots":{"index":"index","follow":"follow","max-snippet":"max-snippet:-1","max-image-preview":"max-image-preview:large","max-video-preview":"max-video-preview:-1"},"canonical":"https:\/\/hengxingmachinery.com\/pt\/sand-dryer\/","og_locale":"pt_PT","og_type":"article","og_title":"5-1. Sand dryer - Hengxing Machinery","og_description":"Sand dryer Features of sand dryer 1. The sand dryer has excellent manufacturing technology, reasonable and simple component configuration, and the overall size and light weight of the equipment. The operation and use of the equipment by customers is very simple and reliable. 2. The dryer is made of good materials, and the barrel and ... Ler mais","og_url":"https:\/\/hengxingmachinery.com\/pt\/sand-dryer\/","og_site_name":"Hengxing Machinery","article_modified_time":"2025-01-24T03:35:29+00:00","og_image":[{"url":"https:\/\/hengxingmachinery.com\/wp-content\/uploads\/2025\/01\/sand-dryer-for-sale.jpg","type":"","width":"","height":""}],"twitter_card":"summary_large_image","twitter_misc":{"Tempo estimado de leitura":"3 minutos"},"schema":{"@context":"https:\/\/schema.org","@graph":[{"@type":"WebPage","@id":"https:\/\/hengxingmachinery.com\/sand-dryer\/","url":"https:\/\/hengxingmachinery.com\/sand-dryer\/","name":"5-1. Secador de areia - Hengxing Machinery","isPartOf":{"@id":"https:\/\/hengxingmachinery.com\/#website"},"primaryImageOfPage":{"@id":"https:\/\/hengxingmachinery.com\/sand-dryer\/#primaryimage"},"image":{"@id":"https:\/\/hengxingmachinery.com\/sand-dryer\/#primaryimage"},"thumbnailUrl":"https:\/\/hengxingmachinery.com\/wp-content\/uploads\/2025\/01\/sand-dryer-for-sale.jpg","datePublished":"2025-01-24T03:33:58+00:00","dateModified":"2025-01-24T03:35:29+00:00","breadcrumb":{"@id":"https:\/\/hengxingmachinery.com\/sand-dryer\/#breadcrumb"},"inLanguage":"pt-PT","potentialAction":[{"@type":"ReadAction","target":["https:\/\/hengxingmachinery.com\/sand-dryer\/"]}]},{"@type":"ImageObject","inLanguage":"pt-PT","@id":"https:\/\/hengxingmachinery.com\/sand-dryer\/#primaryimage","url":"https:\/\/hengxingmachinery.com\/wp-content\/uploads\/2025\/01\/sand-dryer-for-sale.jpg","contentUrl":"https:\/\/hengxingmachinery.com\/wp-content\/uploads\/2025\/01\/sand-dryer-for-sale.jpg"},{"@type":"BreadcrumbList","@id":"https:\/\/hengxingmachinery.com\/sand-dryer\/#breadcrumb","itemListElement":[{"@type":"ListItem","position":1,"name":"Home","item":"https:\/\/hengxingmachinery.com\/"},{"@type":"ListItem","position":2,"name":"5-1. Sand dryer"}]},{"@type":"WebSite","@id":"https:\/\/hengxingmachinery.com\/#website","url":"https:\/\/hengxingmachinery.com\/","name":"M\u00e1quinas Hengxing","description":"Fabricante l\u00edder de todos os tipos de m\u00e1quinas de minera\u00e7\u00e3o","publisher":{"@id":"https:\/\/hengxingmachinery.com\/#organization"},"potentialAction":[{"@type":"SearchAction","target":{"@type":"EntryPoint","urlTemplate":"https:\/\/hengxingmachinery.com\/?s={search_term_string}"},"query-input":{"@type":"PropertyValueSpecification","valueRequired":true,"valueName":"search_term_string"}}],"inLanguage":"pt-PT"},{"@type":"Organization","@id":"https:\/\/hengxingmachinery.com\/#organization","name":"M\u00e1quinas Hengxing","url":"https:\/\/hengxingmachinery.com\/","logo":{"@type":"ImageObject","inLanguage":"pt-PT","@id":"https:\/\/hengxingmachinery.com\/#\/schema\/logo\/image\/","url":"https:\/\/hengxingmachinery.com\/wp-content\/uploads\/2024\/12\/logo.png","contentUrl":"https:\/\/hengxingmachinery.com\/wp-content\/uploads\/2024\/12\/logo.png","width":400,"height":260,"caption":"Hengxing Machinery"},"image":{"@id":"https:\/\/hengxingmachinery.com\/#\/schema\/logo\/image\/"}}]}},"_links":{"self":[{"href":"https:\/\/hengxingmachinery.com\/pt\/wp-json\/wp\/v2\/pages\/1773","targetHints":{"allow":["GET"]}}],"collection":[{"href":"https:\/\/hengxingmachinery.com\/pt\/wp-json\/wp\/v2\/pages"}],"about":[{"href":"https:\/\/hengxingmachinery.com\/pt\/wp-json\/wp\/v2\/types\/page"}],"author":[{"embeddable":true,"href":"https:\/\/hengxingmachinery.com\/pt\/wp-json\/wp\/v2\/users\/1"}],"replies":[{"embeddable":true,"href":"https:\/\/hengxingmachinery.com\/pt\/wp-json\/wp\/v2\/comments?post=1773"}],"version-history":[{"count":2,"href":"https:\/\/hengxingmachinery.com\/pt\/wp-json\/wp\/v2\/pages\/1773\/revisions"}],"predecessor-version":[{"id":1781,"href":"https:\/\/hengxingmachinery.com\/pt\/wp-json\/wp\/v2\/pages\/1773\/revisions\/1781"}],"wp:attachment":[{"href":"https:\/\/hengxingmachinery.com\/pt\/wp-json\/wp\/v2\/media?parent=1773"}],"curies":[{"name":"wp","href":"https:\/\/api.w.org\/{rel}","templated":true}]}}