{"id":1806,"date":"2025-01-24T06:17:25","date_gmt":"2025-01-24T06:17:25","guid":{"rendered":"https:\/\/hengxingmachinery.com\/?page_id=1806"},"modified":"2025-03-13T03:20:41","modified_gmt":"2025-03-13T03:20:41","slug":"rotary-dryers","status":"publish","type":"page","link":"https:\/\/hengxingmachinery.com\/pt\/rotary-dryers\/","title":{"rendered":"5-1. Secador rotativo"},"content":{"rendered":"<div class=\"gb-container gb-container-45165f5a\">\n<div class=\"gb-container gb-container-c2652eb4\">\n\n<h1 class=\"gb-headline gb-headline-62a8b2cc gb-headline-text\">Secador rotativo<\/h1>\n\n<\/div>\n<\/div>\n\n<div class=\"gb-container gb-container-519cf624\">\n<div class=\"gb-container gb-container-71ca071e\">\n<div class=\"gb-grid-wrapper gb-grid-wrapper-8a5f0688\">\n<div class=\"gb-grid-column gb-grid-column-1e99b1c2\"><div class=\"gb-container gb-container-1e99b1c2\">\n\n<figure class=\"gb-block-image gb-block-image-e4eaba54\"><img decoding=\"async\" width=\"665\" height=\"545\" class=\"gb-image gb-image-e4eaba54\" src=\"https:\/\/hengxingmachinery.com\/wp-content\/uploads\/2025\/01\/rotary-dryer-equipment.jpg\" alt=\"\" title=\"equipamento de secador rotativo\" srcset=\"https:\/\/hengxingmachinery.com\/wp-content\/uploads\/2025\/01\/rotary-dryer-equipment.jpg 665w, https:\/\/hengxingmachinery.com\/wp-content\/uploads\/2025\/01\/rotary-dryer-equipment-300x246.jpg 300w, https:\/\/hengxingmachinery.com\/wp-content\/uploads\/2025\/01\/rotary-dryer-equipment-15x12.jpg 15w\" sizes=\"(max-width: 665px) 100vw, 665px\" \/><\/figure>\n\n<\/div><\/div>\n\n<div class=\"gb-grid-column gb-grid-column-bcae065b\"><div class=\"gb-container gb-container-bcae065b\">\n\n<p><\/p>\n\n\n<div class=\"gb-grid-wrapper gb-grid-wrapper-eebec76e\">\n<div class=\"gb-grid-column gb-grid-column-e3ada2f0\"><div class=\"gb-container gb-container-e3ada2f0\">\n\n<p class=\"gb-headline gb-headline-4c79a90a gb-headline-text\"><mark style=\"background-color:rgba(0, 0, 0, 0)\" class=\"has-inline-color has-global-color-8-color\"><strong>Capacidade:<\/strong><\/mark> 1,9-76,0 t\/h<\/p>\n\n<\/div><\/div>\n\n<div class=\"gb-grid-column gb-grid-column-0bb00826\"><div class=\"gb-container gb-container-0bb00826\">\n\n<p class=\"gb-headline gb-headline-86d53f56 gb-headline-text\"><mark style=\"background-color:rgba(0, 0, 0, 0)\" class=\"has-inline-color has-global-color-8-color\"><strong>Pot\u00eancia (kW):<\/strong><\/mark> 7.5-160<\/p>\n\n<\/div><\/div>\n<\/div>\n\n\n<p class=\"gb-headline gb-headline-2750f5a7 gb-headline-text\"><strong>Aplica\u00e7\u00e3o:<\/strong><\/p>\n\n\n\n<p class=\"gb-headline gb-headline-28231626 gb-headline-text\">Os secadores rotativos s\u00e3o amplamente utilizados na ind\u00fastria de materiais de constru\u00e7\u00e3o, metalurgia, ind\u00fastria qu\u00edmica e f\u00e1bricas de cimento para secagem de areia, esc\u00f3ria, argila, pedra, etc. <\/p>\n\n\n\n<p>O secador rotativo de tambor \u00e9 composto principalmente por um corpo do secador, placa de alimenta\u00e7\u00e3o de mat\u00e9ria-prima, dispositivo de acionamento e suporte, anel de veda\u00e7\u00e3o, etc.<\/p>\n\n\n<div class=\"gb-container gb-container-256e15f1\">\n\n<a class=\"gb-button gb-button-e8b73d89 gb-button-text\" href=\"#popmake-622\">Obtenha uma cota\u00e7\u00e3o gratuita agora<\/a>\n\n<\/div>\n<\/div><\/div>\n<\/div>\n<\/div>\n<\/div>\n\n<div class=\"gb-container gb-container-6fce0835\">\n<div class=\"gb-container gb-container-cde6238f\">\n\n<h2 class=\"gb-headline gb-headline-f6d03568 gb-headline-text\">Vantagens do secador rotativo<\/h2>\n\n\n\n<figure class=\"gb-block-image gb-block-image-5d280300\"><img decoding=\"async\" width=\"920\" height=\"420\" class=\"gb-image gb-image-5d280300\" src=\"https:\/\/hengxingmachinery.com\/wp-content\/uploads\/2025\/01\/rotary-dryer-for-sale.jpg\" alt=\"\" title=\"secador rotativo \u00e0 venda\" srcset=\"https:\/\/hengxingmachinery.com\/wp-content\/uploads\/2025\/01\/rotary-dryer-for-sale.jpg 920w, https:\/\/hengxingmachinery.com\/wp-content\/uploads\/2025\/01\/rotary-dryer-for-sale-300x137.jpg 300w, https:\/\/hengxingmachinery.com\/wp-content\/uploads\/2025\/01\/rotary-dryer-for-sale-768x351.jpg 768w, https:\/\/hengxingmachinery.com\/wp-content\/uploads\/2025\/01\/rotary-dryer-for-sale-18x8.jpg 18w\" sizes=\"(max-width: 920px) 100vw, 920px\" \/><\/figure>\n\n\n\n<p>1. Alta efici\u00eancia t\u00e9rmica. O princ\u00edpio de transfer\u00eancia de calor do secador de cilindro \u00e9 a condu\u00e7\u00e3o t\u00e9rmica, e a dire\u00e7\u00e3o de condu\u00e7\u00e3o mant\u00e9m-se id\u00eantica em todo o ciclo operacional. Exceto pela perda de calor da tampa lateral e perda por radia\u00e7\u00e3o, todo o calor pode ser utilizado para a evapora\u00e7\u00e3o dos materiais \u00famidos na parede do cilindro. A efici\u00eancia pode atingir 70-80%.<\/p>\n\n\n\n<p>2. Grande flexibilidade operacional e ampla aplica\u00e7\u00e3o. V\u00e1rios fatores de secagem do secador podem ser ajustados, como concentra\u00e7\u00e3o do l\u00edquido de alimenta\u00e7\u00e3o\/espessura do filme de material, temperatura do meio de aquecimento, velocidade de rota\u00e7\u00e3o do tambor, etc., o que pode alterar a velocidade de secagem do secador. Como esses fatores n\u00e3o t\u00eam inter-rela\u00e7\u00f5es, trazem grande conveni\u00eancia \u00e0 opera\u00e7\u00e3o de secagem e tornam o equipamento aplic\u00e1vel para secar diversos materiais e atender a diferentes requisitos de produ\u00e7\u00e3o.<\/p>\n\n\n\n<p>3. Per\u00edodo de secagem curto. O per\u00edodo de secagem dos materiais \u00e9 normalmente de 10 a 300 segundos, portanto \u00e9 adequado para materiais termossens\u00edveis. Tamb\u00e9m pode operar com redu\u00e7\u00e3o de press\u00e3o se colocado em um recipiente a v\u00e1cuo.<\/p>\n\n\n<div class=\"gb-container gb-container-14a39c7f\">\n\n<a class=\"gb-button gb-button-950a79fa gb-button-text\" href=\"#popmake-622\">Obtenha uma cota\u00e7\u00e3o gratuita agora<\/a>\n\n<\/div>\n<\/div>\n<\/div>\n\n<div class=\"gb-container gb-container-ebd718b6\">\n<div class=\"gb-container gb-container-5c75b960\">\n\n<h2 class=\"gb-headline gb-headline-98859344 gb-headline-text\">Princ\u00edpio de funcionamento do secador rotativo<\/h2>\n\n\n\n<figure class=\"gb-block-image gb-block-image-c486b36e\"><img decoding=\"async\" width=\"2560\" height=\"1169\" class=\"gb-image gb-image-c486b36e\" src=\"https:\/\/hengxingmachinery.com\/wp-content\/uploads\/2025\/01\/rotary-dryer-working-principle-1-scaled.jpg\" alt=\"\" title=\"princ\u00edpio de funcionamento do secador rotativo\" srcset=\"https:\/\/hengxingmachinery.com\/wp-content\/uploads\/2025\/01\/rotary-dryer-working-principle-1-scaled.jpg 2560w, https:\/\/hengxingmachinery.com\/wp-content\/uploads\/2025\/01\/rotary-dryer-working-principle-1-300x137.jpg 300w, https:\/\/hengxingmachinery.com\/wp-content\/uploads\/2025\/01\/rotary-dryer-working-principle-1-1024x467.jpg 1024w, https:\/\/hengxingmachinery.com\/wp-content\/uploads\/2025\/01\/rotary-dryer-working-principle-1-768x351.jpg 768w, https:\/\/hengxingmachinery.com\/wp-content\/uploads\/2025\/01\/rotary-dryer-working-principle-1-1536x701.jpg 1536w, https:\/\/hengxingmachinery.com\/wp-content\/uploads\/2025\/01\/rotary-dryer-working-principle-1-2048x935.jpg 2048w, https:\/\/hengxingmachinery.com\/wp-content\/uploads\/2025\/01\/rotary-dryer-working-principle-1-18x8.jpg 18w\" sizes=\"(max-width: 2560px) 100vw, 2560px\" \/><\/figure>\n\n\n\n<p>1. O secador rotativo adota fontes de calor de fluxo direto da unidade de aquecimento ap\u00f3s a inser\u00e7\u00e3o dos materiais no cilindro.<\/p>\n\n\n\n<p>2. Os materiais fluem para dentro do secador suavemente, enquanto a m\u00e1quina secadora gira, os materiais s\u00e3o dispersos consistentemente pela placa espiral, no interior do cilindro.<\/p>\n\n\n\n<p>3. Os materiais s\u00e3o lan\u00e7ados de cima para baixo e de baixo para cima para garantir que o ar quente passe atrav\u00e9s deles devido \u00e0 alta temperatura.<\/p>\n\n\n\n<p>4. A \u00e1gua dentro dos materiais lenhosos evapora o mais r\u00e1pido poss\u00edvel; no final, os materiais s\u00e3o efetivamente secos.<\/p>\n\n\n<div class=\"gb-container gb-container-d6bbf16a\">\n\n<a class=\"gb-button gb-button-caa3f2bc gb-button-text\" href=\"#popmake-622\">Obtenha uma cota\u00e7\u00e3o gratuita agora<\/a>\n\n<\/div>\n<\/div>\n<\/div>\n\n<div class=\"gb-container gb-container-435ad261\">\n<div class=\"gb-container gb-container-7dc79cc4\">\n\n<h2 class=\"gb-headline gb-headline-6fe5dee2 gb-headline-text\">Especifica\u00e7\u00f5es do secador rotativo<\/h2>\n\n\n\n<figure class=\"wp-block-table is-style-stripes\"><table class=\"has-fixed-layout\"><tbody><tr><td><strong>Modelo (m)<br>(di\u00e2metro \u00d7 comprimento)<\/strong><\/td><td><strong>Volume do Tambor<br>(m\u00b3)<\/strong><\/td><td><strong>Capacidade<br>(t\/h)<\/strong><\/td><td><strong>Inclina\u00e7\u00e3o de Instala\u00e7\u00e3o<br>(%)<\/strong><\/td><td><strong>Temperatura M\u00e1xima do Ar<br>(\u2103)<\/strong><\/td><td><strong>Motor<br>(kw)<\/strong><\/td><td><strong>Peso Total<br>(t)<\/strong><\/td><\/tr><tr><td>\u03a61,2\u00d78,0<\/td><td>9.0<\/td><td>1.9-2.4<\/td><td>3-5<\/td><td>700-800<\/td><td>7.5<\/td><td>9<\/td><\/tr><tr><td>\u03a61,2\u00d710<\/td><td>11.3<\/td><td>2.4-3.0<\/td><td>3-5<\/td><td>700-800<\/td><td>7.5<\/td><td>11<\/td><\/tr><tr><td>\u03a61,5\u00d712<\/td><td>21.2<\/td><td>4.5-5.7<\/td><td>3-5<\/td><td>700-800<\/td><td>15<\/td><td>18.5<\/td><\/tr><tr><td>\u03a61,5\u00d714<\/td><td>24.7<\/td><td>5.3-6.6<\/td><td>3-5<\/td><td>700-800<\/td><td>15<\/td><td>19.7<\/td><\/tr><tr><td>\u03a61,5\u00d715<\/td><td>26.5<\/td><td>5.7-7.1<\/td><td>3-5<\/td><td>700-800<\/td><td>15<\/td><td>20.5<\/td><\/tr><tr><td>\u03a61,8\u00d712<\/td><td>30.5<\/td><td>6.5-8.1<\/td><td>3-5<\/td><td>700-800<\/td><td>18.5<\/td><td>21.5<\/td><\/tr><tr><td>\u03a61,8\u00d714<\/td><td>35.6<\/td><td>7.6-9.5<\/td><td>3-5<\/td><td>700-800<\/td><td>18.5<\/td><td>23<\/td><\/tr><tr><td>\u03a62,2\u00d712<\/td><td>45.6<\/td><td>9.7-12.2<\/td><td>3-5<\/td><td>700-800<\/td><td>22<\/td><td>33.5<\/td><\/tr><tr><td>\u03a62,2\u00d714<\/td><td>53.2<\/td><td>11.4-14.2<\/td><td>3-5<\/td><td>700-800<\/td><td>22<\/td><td>36<\/td><\/tr><tr><td>\u03a62,2\u00d716<\/td><td>60.8<\/td><td>13.0-16.2<\/td><td>3-5<\/td><td>700-800<\/td><td>22<\/td><td>38<\/td><\/tr><tr><td>\u03a62,4\u00d714<\/td><td>63.3<\/td><td>13.5-16.9<\/td><td>3-5<\/td><td>700-800<\/td><td>37<\/td><td>45<\/td><\/tr><tr><td>\u03a62,4\u00d718<\/td><td>81.4<\/td><td>17.4-21.7<\/td><td>3-5<\/td><td>700-800<\/td><td>37<\/td><td>49<\/td><\/tr><tr><td>\u03a62,4\u00d720<\/td><td>90.4<\/td><td>19.3-24.1<\/td><td>3-5<\/td><td>700-800<\/td><td>45<\/td><td>54<\/td><\/tr><tr><td>\u03a62,4\u00d722<\/td><td>99.5<\/td><td>21.2-26.5<\/td><td>3-5<\/td><td>700-800<\/td><td>45<\/td><td>58<\/td><\/tr><tr><td>\u03a62,6\u00d724<\/td><td>127.4<\/td><td>27.2-34.0<\/td><td>3-5<\/td><td>700-800<\/td><td>55<\/td><td>73<\/td><\/tr><tr><td>\u03a63,0\u00d720<\/td><td>141.3<\/td><td>30.1-37.7<\/td><td>3-5<\/td><td>700-800<\/td><td>75<\/td><td>85<\/td><\/tr><tr><td>\u03a63,0\u00d725<\/td><td>176.6<\/td><td>37.7-47.1<\/td><td>3-5<\/td><td>700-800<\/td><td>75<\/td><td>95<\/td><\/tr><tr><td>\u03a63,2\u00d725<\/td><td>201<\/td><td>42.9-53.6<\/td><td>3-5<\/td><td>700-800<\/td><td>90<\/td><td>110<\/td><\/tr><tr><td>\u03a63,6\u00d728<\/td><td>285<\/td><td>60.8-76.0<\/td><td>3-5<\/td><td>700-800<\/td><td>160<\/td><td>135<\/td><\/tr><\/tbody><\/table><\/figure>\n\n\n<div class=\"gb-container gb-container-263d9700\">\n\n<a class=\"gb-button gb-button-a4cbb7be gb-button-text\" href=\"#popmake-622\">Obtenha uma cota\u00e7\u00e3o gratuita agora<\/a>\n\n<\/div>\n<\/div>\n<\/div>","protected":false},"excerpt":{"rendered":"<p>Rotary dryer Rotary dryer advantages 1. High heat efficiency. The principle of heat transfer of the cylinder dryer is heat conduction, and the conducting direction keeps identical in the whole operation circle. Except for heat loss of end cover and radiation loss, all heat can be used for the evaporation of wet materials on the &#8230; <\/p>\n<p class=\"read-more-container\"><a title=\"5-1. Secador rotativo\" class=\"read-more button\" href=\"https:\/\/hengxingmachinery.com\/pt\/rotary-dryers\/#more-1806\" aria-label=\"Leia mais sobre 5-1. Rotary dryer\">Ler mais<\/a><\/p>","protected":false},"author":1,"featured_media":0,"parent":0,"menu_order":0,"comment_status":"closed","ping_status":"closed","template":"","meta":{"footnotes":""},"class_list":["post-1806","page","type-page","status-publish"],"yoast_head":"<!-- This site is optimized with the Yoast SEO plugin v27.4 - https:\/\/yoast.com\/product\/yoast-seo-wordpress\/ -->\n<title>5-1. Rotary dryer - Hengxing Machinery<\/title>\n<meta name=\"robots\" content=\"index, follow, max-snippet:-1, max-image-preview:large, max-video-preview:-1\" \/>\n<link rel=\"canonical\" href=\"https:\/\/hengxingmachinery.com\/pt\/rotary-dryers\/\" \/>\n<meta property=\"og:locale\" content=\"pt_PT\" \/>\n<meta property=\"og:type\" content=\"article\" \/>\n<meta property=\"og:title\" content=\"5-1. Rotary dryer - Hengxing Machinery\" \/>\n<meta property=\"og:description\" content=\"Rotary dryer Rotary dryer advantages 1. High heat efficiency. The principle of heat transfer of the cylinder dryer is heat conduction, and the conducting direction keeps identical in the whole operation circle. Except for heat loss of end cover and radiation loss, all heat can be used for the evaporation of wet materials on the ... Ler mais\" \/>\n<meta property=\"og:url\" content=\"https:\/\/hengxingmachinery.com\/pt\/rotary-dryers\/\" \/>\n<meta property=\"og:site_name\" content=\"Hengxing Machinery\" \/>\n<meta property=\"article:modified_time\" content=\"2025-03-13T03:20:41+00:00\" \/>\n<meta property=\"og:image\" content=\"https:\/\/hengxingmachinery.com\/wp-content\/uploads\/2025\/01\/rotary-dryer-equipment.jpg\" \/>\n<meta name=\"twitter:card\" content=\"summary_large_image\" \/>\n<meta name=\"twitter:label1\" content=\"Tempo estimado de leitura\" \/>\n\t<meta name=\"twitter:data1\" content=\"3 minutos\" \/>\n<script type=\"application\/ld+json\" class=\"yoast-schema-graph\">{\"@context\":\"https:\\\/\\\/schema.org\",\"@graph\":[{\"@type\":\"WebPage\",\"@id\":\"https:\\\/\\\/hengxingmachinery.com\\\/rotary-dryers\\\/\",\"url\":\"https:\\\/\\\/hengxingmachinery.com\\\/rotary-dryers\\\/\",\"name\":\"5-1. Rotary dryer - Hengxing Machinery\",\"isPartOf\":{\"@id\":\"https:\\\/\\\/hengxingmachinery.com\\\/#website\"},\"primaryImageOfPage\":{\"@id\":\"https:\\\/\\\/hengxingmachinery.com\\\/rotary-dryers\\\/#primaryimage\"},\"image\":{\"@id\":\"https:\\\/\\\/hengxingmachinery.com\\\/rotary-dryers\\\/#primaryimage\"},\"thumbnailUrl\":\"https:\\\/\\\/hengxingmachinery.com\\\/wp-content\\\/uploads\\\/2025\\\/01\\\/rotary-dryer-equipment.jpg\",\"datePublished\":\"2025-01-24T06:17:25+00:00\",\"dateModified\":\"2025-03-13T03:20:41+00:00\",\"breadcrumb\":{\"@id\":\"https:\\\/\\\/hengxingmachinery.com\\\/rotary-dryers\\\/#breadcrumb\"},\"inLanguage\":\"pt-PT\",\"potentialAction\":[{\"@type\":\"ReadAction\",\"target\":[\"https:\\\/\\\/hengxingmachinery.com\\\/rotary-dryers\\\/\"]}]},{\"@type\":\"ImageObject\",\"inLanguage\":\"pt-PT\",\"@id\":\"https:\\\/\\\/hengxingmachinery.com\\\/rotary-dryers\\\/#primaryimage\",\"url\":\"https:\\\/\\\/hengxingmachinery.com\\\/wp-content\\\/uploads\\\/2025\\\/01\\\/rotary-dryer-equipment.jpg\",\"contentUrl\":\"https:\\\/\\\/hengxingmachinery.com\\\/wp-content\\\/uploads\\\/2025\\\/01\\\/rotary-dryer-equipment.jpg\"},{\"@type\":\"BreadcrumbList\",\"@id\":\"https:\\\/\\\/hengxingmachinery.com\\\/rotary-dryers\\\/#breadcrumb\",\"itemListElement\":[{\"@type\":\"ListItem\",\"position\":1,\"name\":\"Home\",\"item\":\"https:\\\/\\\/hengxingmachinery.com\\\/\"},{\"@type\":\"ListItem\",\"position\":2,\"name\":\"5-1. Rotary dryer\"}]},{\"@type\":\"WebSite\",\"@id\":\"https:\\\/\\\/hengxingmachinery.com\\\/#website\",\"url\":\"https:\\\/\\\/hengxingmachinery.com\\\/\",\"name\":\"Hengxing Machinery\",\"description\":\"Leading Manufacturer of All Sorts of Mining Machinery\",\"publisher\":{\"@id\":\"https:\\\/\\\/hengxingmachinery.com\\\/#organization\"},\"potentialAction\":[{\"@type\":\"SearchAction\",\"target\":{\"@type\":\"EntryPoint\",\"urlTemplate\":\"https:\\\/\\\/hengxingmachinery.com\\\/?s={search_term_string}\"},\"query-input\":{\"@type\":\"PropertyValueSpecification\",\"valueRequired\":true,\"valueName\":\"search_term_string\"}}],\"inLanguage\":\"pt-PT\"},{\"@type\":\"Organization\",\"@id\":\"https:\\\/\\\/hengxingmachinery.com\\\/#organization\",\"name\":\"Hengxing Machinery\",\"url\":\"https:\\\/\\\/hengxingmachinery.com\\\/\",\"logo\":{\"@type\":\"ImageObject\",\"inLanguage\":\"pt-PT\",\"@id\":\"https:\\\/\\\/hengxingmachinery.com\\\/#\\\/schema\\\/logo\\\/image\\\/\",\"url\":\"https:\\\/\\\/hengxingmachinery.com\\\/wp-content\\\/uploads\\\/2024\\\/12\\\/logo.png\",\"contentUrl\":\"https:\\\/\\\/hengxingmachinery.com\\\/wp-content\\\/uploads\\\/2024\\\/12\\\/logo.png\",\"width\":400,\"height\":260,\"caption\":\"Hengxing Machinery\"},\"image\":{\"@id\":\"https:\\\/\\\/hengxingmachinery.com\\\/#\\\/schema\\\/logo\\\/image\\\/\"}}]}<\/script>\n<!-- \/ Yoast SEO plugin. -->","yoast_head_json":{"title":"5-1. Secador rotativo - Hengxing Machinery","robots":{"index":"index","follow":"follow","max-snippet":"max-snippet:-1","max-image-preview":"max-image-preview:large","max-video-preview":"max-video-preview:-1"},"canonical":"https:\/\/hengxingmachinery.com\/pt\/rotary-dryers\/","og_locale":"pt_PT","og_type":"article","og_title":"5-1. Rotary dryer - Hengxing Machinery","og_description":"Rotary dryer Rotary dryer advantages 1. High heat efficiency. The principle of heat transfer of the cylinder dryer is heat conduction, and the conducting direction keeps identical in the whole operation circle. Except for heat loss of end cover and radiation loss, all heat can be used for the evaporation of wet materials on the ... Ler mais","og_url":"https:\/\/hengxingmachinery.com\/pt\/rotary-dryers\/","og_site_name":"Hengxing Machinery","article_modified_time":"2025-03-13T03:20:41+00:00","og_image":[{"url":"https:\/\/hengxingmachinery.com\/wp-content\/uploads\/2025\/01\/rotary-dryer-equipment.jpg","type":"","width":"","height":""}],"twitter_card":"summary_large_image","twitter_misc":{"Tempo estimado de leitura":"3 minutos"},"schema":{"@context":"https:\/\/schema.org","@graph":[{"@type":"WebPage","@id":"https:\/\/hengxingmachinery.com\/rotary-dryers\/","url":"https:\/\/hengxingmachinery.com\/rotary-dryers\/","name":"5-1. Secador rotativo - Hengxing Machinery","isPartOf":{"@id":"https:\/\/hengxingmachinery.com\/#website"},"primaryImageOfPage":{"@id":"https:\/\/hengxingmachinery.com\/rotary-dryers\/#primaryimage"},"image":{"@id":"https:\/\/hengxingmachinery.com\/rotary-dryers\/#primaryimage"},"thumbnailUrl":"https:\/\/hengxingmachinery.com\/wp-content\/uploads\/2025\/01\/rotary-dryer-equipment.jpg","datePublished":"2025-01-24T06:17:25+00:00","dateModified":"2025-03-13T03:20:41+00:00","breadcrumb":{"@id":"https:\/\/hengxingmachinery.com\/rotary-dryers\/#breadcrumb"},"inLanguage":"pt-PT","potentialAction":[{"@type":"ReadAction","target":["https:\/\/hengxingmachinery.com\/rotary-dryers\/"]}]},{"@type":"ImageObject","inLanguage":"pt-PT","@id":"https:\/\/hengxingmachinery.com\/rotary-dryers\/#primaryimage","url":"https:\/\/hengxingmachinery.com\/wp-content\/uploads\/2025\/01\/rotary-dryer-equipment.jpg","contentUrl":"https:\/\/hengxingmachinery.com\/wp-content\/uploads\/2025\/01\/rotary-dryer-equipment.jpg"},{"@type":"BreadcrumbList","@id":"https:\/\/hengxingmachinery.com\/rotary-dryers\/#breadcrumb","itemListElement":[{"@type":"ListItem","position":1,"name":"Home","item":"https:\/\/hengxingmachinery.com\/"},{"@type":"ListItem","position":2,"name":"5-1. Rotary dryer"}]},{"@type":"WebSite","@id":"https:\/\/hengxingmachinery.com\/#website","url":"https:\/\/hengxingmachinery.com\/","name":"M\u00e1quinas Hengxing","description":"Fabricante l\u00edder de todos os tipos de m\u00e1quinas de minera\u00e7\u00e3o","publisher":{"@id":"https:\/\/hengxingmachinery.com\/#organization"},"potentialAction":[{"@type":"SearchAction","target":{"@type":"EntryPoint","urlTemplate":"https:\/\/hengxingmachinery.com\/?s={search_term_string}"},"query-input":{"@type":"PropertyValueSpecification","valueRequired":true,"valueName":"search_term_string"}}],"inLanguage":"pt-PT"},{"@type":"Organization","@id":"https:\/\/hengxingmachinery.com\/#organization","name":"M\u00e1quinas Hengxing","url":"https:\/\/hengxingmachinery.com\/","logo":{"@type":"ImageObject","inLanguage":"pt-PT","@id":"https:\/\/hengxingmachinery.com\/#\/schema\/logo\/image\/","url":"https:\/\/hengxingmachinery.com\/wp-content\/uploads\/2024\/12\/logo.png","contentUrl":"https:\/\/hengxingmachinery.com\/wp-content\/uploads\/2024\/12\/logo.png","width":400,"height":260,"caption":"Hengxing Machinery"},"image":{"@id":"https:\/\/hengxingmachinery.com\/#\/schema\/logo\/image\/"}}]}},"_links":{"self":[{"href":"https:\/\/hengxingmachinery.com\/pt\/wp-json\/wp\/v2\/pages\/1806","targetHints":{"allow":["GET"]}}],"collection":[{"href":"https:\/\/hengxingmachinery.com\/pt\/wp-json\/wp\/v2\/pages"}],"about":[{"href":"https:\/\/hengxingmachinery.com\/pt\/wp-json\/wp\/v2\/types\/page"}],"author":[{"embeddable":true,"href":"https:\/\/hengxingmachinery.com\/pt\/wp-json\/wp\/v2\/users\/1"}],"replies":[{"embeddable":true,"href":"https:\/\/hengxingmachinery.com\/pt\/wp-json\/wp\/v2\/comments?post=1806"}],"version-history":[{"count":4,"href":"https:\/\/hengxingmachinery.com\/pt\/wp-json\/wp\/v2\/pages\/1806\/revisions"}],"predecessor-version":[{"id":2105,"href":"https:\/\/hengxingmachinery.com\/pt\/wp-json\/wp\/v2\/pages\/1806\/revisions\/2105"}],"wp:attachment":[{"href":"https:\/\/hengxingmachinery.com\/pt\/wp-json\/wp\/v2\/media?parent=1806"}],"curies":[{"name":"wp","href":"https:\/\/api.w.org\/{rel}","templated":true}]}}