{"id":1832,"date":"2025-01-24T09:24:17","date_gmt":"2025-01-24T09:24:17","guid":{"rendered":"https:\/\/hengxingmachinery.com\/?page_id=1832"},"modified":"2025-01-25T01:11:46","modified_gmt":"2025-01-25T01:11:46","slug":"aac-block-making-machine-line","status":"publish","type":"page","link":"https:\/\/hengxingmachinery.com\/pt\/aac-block-making-machine-line\/","title":{"rendered":"7-1. Linha de m\u00e1quinas para fabrica\u00e7\u00e3o de blocos AAC"},"content":{"rendered":"<div class=\"gb-container gb-container-45165f5a\">\n<div class=\"gb-container gb-container-c2652eb4\">\n\n<h1 class=\"gb-headline gb-headline-62a8b2cc gb-headline-text\">Linha de m\u00e1quina de fabrica\u00e7\u00e3o de blocos AAC<\/h1>\n\n<\/div>\n<\/div>\n\n<div class=\"gb-container gb-container-519cf624\">\n<div class=\"gb-container gb-container-71ca071e\">\n<div class=\"gb-grid-wrapper gb-grid-wrapper-8a5f0688\">\n<div class=\"gb-grid-column gb-grid-column-1e99b1c2\"><div class=\"gb-container gb-container-1e99b1c2\">\n\n<figure class=\"gb-block-image gb-block-image-e4eaba54\"><img decoding=\"async\" width=\"665\" height=\"545\" class=\"gb-image gb-image-e4eaba54\" src=\"https:\/\/hengxingmachinery.com\/wp-content\/uploads\/2025\/01\/aac-block-making-for-sale.jpg\" alt=\"\" title=\"Introdu\u00e7\u00e3o da linha de m\u00e1quinas para fabrica\u00e7\u00e3o de blocos AAC\" srcset=\"https:\/\/hengxingmachinery.com\/wp-content\/uploads\/2025\/01\/aac-block-making-for-sale.jpg 665w, https:\/\/hengxingmachinery.com\/wp-content\/uploads\/2025\/01\/aac-block-making-for-sale-300x246.jpg 300w, https:\/\/hengxingmachinery.com\/wp-content\/uploads\/2025\/01\/aac-block-making-for-sale-15x12.jpg 15w\" sizes=\"(max-width: 665px) 100vw, 665px\" \/><\/figure>\n\n<\/div><\/div>\n\n<div class=\"gb-grid-column gb-grid-column-bcae065b\"><div class=\"gb-container gb-container-bcae065b\">\n\n<p><\/p>\n\n\n\n<p class=\"gb-headline gb-headline-e419680e gb-headline-text\">Armazenamento e fornecimento de mat\u00e9rias-primas dos blocos AAC: Todas as mat\u00e9rias-primas s\u00e3o transportadas para a f\u00e1brica por caminh\u00f5es, como cinza volante, areia ou cal, que s\u00e3o reunidas em \u00e1reas espec\u00edficas de mat\u00e9rias-primas aguardando uso. Sacos de cimento e cimento a granel s\u00e3o ... Ler mais.<\/p>\n\n\n<div class=\"gb-container gb-container-256e15f1\">\n\n<a class=\"gb-button gb-button-e8b73d89 gb-button-text\" href=\"#popmake-622\">Obtenha uma cota\u00e7\u00e3o gratuita agora<\/a>\n\n<\/div>\n<\/div><\/div>\n<\/div>\n<\/div>\n<\/div>\n\n<div class=\"gb-container gb-container-af5f8799\">\n<div class=\"gb-container gb-container-2298848b\">\n\n<h2 class=\"gb-headline gb-headline-9d27ad2c gb-headline-text\">Introdu\u00e7\u00e3o da linha de produ\u00e7\u00e3o de blocos AAC&nbsp;<\/h2>\n\n\n\n<p>1.<strong><strong> <\/strong><\/strong>Armazenamento e fornecimento de mat\u00e9rias-primas dos blocos AAC: Todas as mat\u00e9rias-primas s\u00e3o transportadas para a f\u00e1brica por caminh\u00f5es, como cinza volante, areia ou cal, que s\u00e3o reunidas em \u00e1reas espec\u00edficas de mat\u00e9rias-primas aguardando uso. Sacos de cimento e cimento a granel s\u00e3o armazenados no armaz\u00e9m de cimento. Produtos qu\u00edmicos e p\u00f3 de alum\u00ednio s\u00e3o mantidos separadamente em armaz\u00e9ns qu\u00edmicos e armaz\u00e9ns de alum\u00ednio. Quando utilizadas, essas mat\u00e9rias-primas s\u00e3o transportadas para a oficina respectivamente.<\/p>\n\n\n\n<p>2. Processamento das mat\u00e9rias-primas: A cinza volante, areia ou calc\u00e1rio \u00e9 enviada para moinhos de bolas por alimentadores vibrat\u00f3rios e transportadores de correia. Em seguida, os p\u00f3s finos de cinza volante, areia ou cal s\u00e3o bombeados para um tanque de lama. A cal virgem \u00e9 enviada por alimentador vibrat\u00f3rio e transportador de correia para britadores de mand\u00edbula para tritura\u00e7\u00e3o. A cal triturada \u00e9 enviada para o silo de cal por elevador de caneca e depois transportada para moinhos de bolas por transportador de parafuso. Os materiais finos s\u00e3o enviados para uma caixa de dosagem por transportador de parafuso e elevador de caneca. <\/p>\n\n\n\n<p>3.<strong><strong> <\/strong><\/strong>Dosagem, agita\u00e7\u00e3o e vazamento do bloco aerado: A cinza volante (ou areia ou p\u00f3 de pedra) e a lama residual s\u00e3o medidas em um tanque de medi\u00e7\u00e3o. Ap\u00f3s a medi\u00e7\u00e3o e o molde estarem em seus lugares, inicia-se a agita\u00e7\u00e3o da lama. A temperatura da lama deve atingir cerca de 40\u00b0C.<\/p>\n\n\n<div class=\"gb-container gb-container-d7b7b595\">\n\n<a class=\"gb-button gb-button-c1312760 gb-button-text\" href=\"#popmake-622\">Obtenha uma cota\u00e7\u00e3o gratuita agora<\/a>\n\n<\/div>\n<\/div>\n<\/div>\n\n<div class=\"gb-container gb-container-9426c937\">\n<div class=\"gb-container gb-container-b3eaf8c4\">\n\n<h2 class=\"gb-headline gb-headline-610ec7d7 gb-headline-text\">Processamento de mat\u00e9ria-prima&nbsp;<\/h2>\n\n\n\n<p>1. O cimento \u00e9 cimento a granel, que \u00e9 transportado pneumaticamente para o silo de armazenamento de cimento por um caminh\u00e3o de cimento a granel. A capacidade de armazenamento de cimento considerada neste projeto \u00e9 de 90t.<\/p>\n\n\n\n<p>2. Ap\u00f3s a cal e o gesso serem triturados pelo britador de mand\u00edbula mediante c\u00e1lculo, o elevador entra no silo de armazenamento, \u00e9 alimentado por vibra\u00e7\u00e3o eletromagn\u00e9tica, entra no moinho, e a cinza finamente misturada \u00e9 transportada pelo elevador para o silo de cinzas para reserva.<\/p>\n\n\n\n<p>3. A areia \u00e9 transportada para o tanque de armazenamento de lama atrav\u00e9s da moagem em moinho de bolas e moagem \u00famida com \u00e1gua, e ap\u00f3s atingir a gravidade espec\u00edfica da lama necess\u00e1ria para a produ\u00e7\u00e3o, \u00e9 bombeada para uma m\u00e1quina de agita\u00e7\u00e3o e vazamento por uma bomba de lama.<\/p>\n\n\n\n<p>4. Pr\u00e9-cura e corte do bloco aerado<\/p>\n\n\n\n<p>(1) Dosagem e vazamento: Ap\u00f3s os materiais estarem prontos, me\u00e7a-os separadamente, misture e agite com uma m\u00e1quina de agita\u00e7\u00e3o e vazamento, adicione a suspens\u00e3o de p\u00f3 de alum\u00ednio dosada e agitada, agite por 30-45 segundos e, em seguida, despeje no molde.<\/p>\n\n\n\n<p>(2) Se\u00e7\u00e3o de corte: Ap\u00f3s o vazamento e a espuma\u00e7\u00e3o, o corpo verde \u00e9 parado estaticamente at\u00e9 uma certa dureza (cerca de 1,2-2h), ou seja, \u00e9 realizado o corte, e o corpo verde \u00e9 levantado para um carro de vapor por um espalhador de forma\u00e7\u00e3o, e ent\u00e3o marcado para entrar em uma autoclave.<\/p>\n\n\n\n<p>(3) Autoclave:<strong> <\/strong>Ap\u00f3s o corte dos corpos verdes, eles podem ser agrupados em um certo n\u00famero por condu\u00e7\u00e3o e depois entrar na autoclave para autoclavagem.<\/p>\n\n\n<div class=\"gb-container gb-container-eb39e1ac\">\n\n<a class=\"gb-button gb-button-690a5e06 gb-button-text\" href=\"#popmake-622\">Obtenha uma cota\u00e7\u00e3o gratuita agora<\/a>\n\n<\/div>\n<\/div>\n<\/div>\n\n<div class=\"gb-container gb-container-ebd718b6\">\n<div class=\"gb-container gb-container-5c75b960\">\n\n<h2 class=\"gb-headline gb-headline-98859344 gb-headline-text\">Vantagens da linha de produ\u00e7\u00e3o de blocos AAC<\/h2>\n\n\n\n<p><strong>1. Leveza<\/strong><\/p>\n\n\n\n<p>A densidade aparente seca do concreto aerado \u00e9 geralmente 400-800kg\/m\u00b3, equivalente a 1\/3 do tijolo de argila, 1\/5 do concreto normal, inferior ao concreto leve de agregado normal e ao tijolo vazado, tijolo de argila vazado. Portanto, usar concreto aerado como material de parede pode aliviar o peso do edif\u00edcio e, consequentemente, reduzir o tamanho da funda\u00e7\u00e3o, viga, pilar etc. da estrutura, economizar material de constru\u00e7\u00e3o e custo do projeto, e melhorar a resist\u00eancia a choques do edif\u00edcio.<\/p>\n\n\n\n<p><strong>2. Bom desempenho de isolamento t\u00e9rmico<\/strong><\/p>\n\n\n\n<p>O interior do concreto aerado possui uma abund\u00e2ncia de min\u00fasculos orif\u00edcios de ar, por isso tem bom desempenho de isolamento t\u00e9rmico, seu coeficiente de condutividade t\u00e9rmica geralmente \u00e9 0,09-0,22W\/(m\u00b7K), apenas 1\/4-1\/5 do tijolo de argila, 1\/5-1\/10 do concreto normal. Normalmente, o desempenho de isolamento t\u00e9rmico de uma parede de concreto aerado com 20cm de espessura corresponde a uma parede de tijolo de argila normal de 49cm, assim n\u00e3o apenas economizando energia de aquecimento e resfriamento, mas tamb\u00e9m melhorando muito o coeficiente de utiliza\u00e7\u00e3o do plano do edif\u00edcio.<\/p>\n\n\n\n<p><strong>3. Processabilidade<\/strong><\/p>\n\n\n\n<p>O concreto aerado n\u00e3o utiliza agregado gra\u00fado, tem boa processabilidade, pode ser serrado, escavado, perfurado e fixado com pinos, e tamb\u00e9m pode ser revestido com material de liga\u00e7\u00e3o adequado, o que oferece condi\u00e7\u00f5es favor\u00e1veis para as opera\u00e7\u00f5es de constru\u00e7\u00e3o.<\/p>\n\n\n\n<p><strong>4. Fonte ampla de mat\u00e9ria-prima, alta efici\u00eancia de produ\u00e7\u00e3o, baixo consumo de energia<\/strong><\/p>\n\n\n\n<p>O concreto aerado pode ser produzido com areia, esc\u00f3ria de min\u00e9rio, cinza volante, min\u00e9rio de rejeito, ganga de carv\u00e3o, cal virgem, cimento etc. De acordo com as condi\u00e7\u00f5es reais locais para determinar variedade e processo, e pode utilizar amplamente res\u00edduos industriais. O concreto aerado tem alta efici\u00eancia de produ\u00e7\u00e3o, uma planta AAC de m\u00e9dio porte, a efici\u00eancia de trabalho anual per capita pode atingir 600m\u00b3, e alguns com alto grau de automa\u00e7\u00e3o podem atingir 900-1000m\u00b3, superior ao tijolo de argila (180m\u00b3) e ao tijolo de concreto (500-800m\u00b3).<\/p>\n\n\n\n<p>Seu consumo de energia de produ\u00e7\u00e3o \u00e9 baixo, e o consumo de energia unit\u00e1rio do produto \u00e9 de apenas 50% para o mesmo volume de tijolo de argila. Embora a hist\u00f3ria de produ\u00e7\u00e3o industrial do concreto aerado na China tenha apenas 40 anos, sua classifica\u00e7\u00e3o j\u00e1 desenvolveu bloco n\u00e3o estrutural, bloco estrutural, bloco de isolamento t\u00e9rmico, painel de parede e telhado, amplamente utilizado em constru\u00e7\u00e3o industrial e civil, tornou-se um novo tipo de material de constru\u00e7\u00e3o rico em vitalidade.<\/p>\n\n\n<div class=\"gb-container gb-container-d6bbf16a\">\n\n<a class=\"gb-button gb-button-caa3f2bc gb-button-text\" href=\"#popmake-622\">Obtenha uma cota\u00e7\u00e3o gratuita agora<\/a>\n\n<\/div>\n<\/div>\n<\/div>\n\n<div class=\"gb-container gb-container-435ad261\">\n<div class=\"gb-container gb-container-7dc79cc4\">\n\n<h2 class=\"gb-headline gb-headline-6fe5dee2 gb-headline-text\">Propor\u00e7\u00e3o da mat\u00e9ria-prima:<\/h2>\n\n\n\n<figure class=\"wp-block-table is-style-stripes\"><table class=\"has-fixed-layout\"><tbody><tr><td><strong>Nome<\/strong><\/td><td><strong>Unidade<\/strong><\/td><td><strong>Propor\u00e7\u00e3o<\/strong><\/td><\/tr><tr><td><strong>Cinzas volantes<\/strong><\/td><td>%<\/td><td>65-70<\/td><\/tr><tr><td><strong>Cimento<\/strong><\/td><td>%<\/td><td>6-15<\/td><\/tr><tr><td><strong>Lima<\/strong><\/td><td>%<\/td><td>18-25<\/td><\/tr><tr><td><strong>Gesso<\/strong><\/td><td>%<\/td><td>3-5<\/td><\/tr><tr><td><strong>Pasta de p\u00f3 de alum\u00ednio (600kg\/m\u00b3)<\/strong><\/td><td>1\/10000<\/td><td>8<\/td><\/tr><tr><td><strong>Taxa de \u00e1gua e material<\/strong><\/td><td>&nbsp;<\/td><td>0.60-0.65<\/td><\/tr><tr><td><strong>Temperatura de cura<\/strong><\/td><td>\u00b0C<\/td><td>36-40<\/td><\/tr><\/tbody><\/table><\/figure>\n\n\n\n<figure class=\"wp-block-table is-style-stripes\"><table class=\"has-fixed-layout\"><tbody><tr><td><strong>Nome<\/strong>Tempo de mistura do alum\u00ednio<\/td><td><strong>Unidade<\/strong><\/td><td><strong>Propor\u00e7\u00e3o<\/strong><\/td><\/tr><tr><td><strong>Areia<\/strong><\/td><td>%<\/td><td>55-65<\/td><\/tr><tr><td><strong>Cimento<\/strong><\/td><td>%<\/td><td>10-20<\/td><\/tr><tr><td><strong>Lima<\/strong><\/td><td>%<\/td><td>20-30<\/td><\/tr><tr><td><strong>Gesso<\/strong><\/td><td>%<\/td><td>2-3<\/td><\/tr><tr><td><strong>Pasta de p\u00f3 de alum\u00ednio (600kg\/m\u00b3)<\/strong><\/td><td>1\/10000<\/td><td>8<\/td><\/tr><tr><td>Taxa de \u00e1gua e material<\/td><td>&nbsp;<\/td><td>0.65-0.75<\/td><\/tr><tr><td><strong>Sistema de fundi\u00e7\u00e3o<\/strong><\/td><td>\u00b0C<\/td><td>35-38<\/td><\/tr><tr><td><strong>M\u00e1quina de fabrica\u00e7\u00e3o de blocos AAC \u00e0 venda<\/strong><\/td><td>S<\/td><td>30-40<\/td><\/tr><\/tbody><\/table><\/figure>\n\n\n<div class=\"gb-container gb-container-263d9700\">\n\n<a class=\"gb-button gb-button-a4cbb7be gb-button-text\" href=\"#popmake-622\">Obtenha uma cota\u00e7\u00e3o gratuita agora<\/a>\n\n<\/div>\n<\/div>\n<\/div>","protected":false},"excerpt":{"rendered":"<p>AAC block making machine line Introduction of AAC block production line&nbsp; 1. Storing and supplying of raw materials of AAC blocks:&nbsp;All raw materials are carried into the factory by trucks, such as Fly ash, sand or lime, which are gathered in specified raw materials fields waiting for use. Sacks of cement and bulk cement are &#8230; <\/p>\n<p class=\"read-more-container\"><a title=\"7-1. Linha de m\u00e1quinas para fabrica\u00e7\u00e3o de blocos AAC\" class=\"read-more button\" href=\"https:\/\/hengxingmachinery.com\/pt\/aac-block-making-machine-line\/#more-1832\" aria-label=\"Leia mais sobre 7-1. AAC block making machine line\">Ler mais<\/a><\/p>","protected":false},"author":1,"featured_media":0,"parent":0,"menu_order":0,"comment_status":"closed","ping_status":"closed","template":"","meta":{"footnotes":""},"class_list":["post-1832","page","type-page","status-publish"],"yoast_head":"<!-- This site is optimized with the Yoast SEO plugin v27.4 - https:\/\/yoast.com\/product\/yoast-seo-wordpress\/ -->\n<title>7-1. AAC block making machine line - Hengxing Machinery<\/title>\n<meta name=\"robots\" content=\"index, follow, max-snippet:-1, max-image-preview:large, max-video-preview:-1\" \/>\n<link rel=\"canonical\" href=\"https:\/\/hengxingmachinery.com\/pt\/aac-block-making-machine-line\/\" \/>\n<meta property=\"og:locale\" content=\"pt_PT\" \/>\n<meta property=\"og:type\" content=\"article\" \/>\n<meta property=\"og:title\" content=\"7-1. AAC block making machine line - Hengxing Machinery\" \/>\n<meta property=\"og:description\" content=\"AAC block making machine line Introduction of AAC block production line&nbsp; 1. Storing and supplying of raw materials of AAC blocks:&nbsp;All raw materials are carried into the factory by trucks, such as Fly ash, sand or lime, which are gathered in specified raw materials fields waiting for use. Sacks of cement and bulk cement are ... Ler mais\" \/>\n<meta property=\"og:url\" content=\"https:\/\/hengxingmachinery.com\/pt\/aac-block-making-machine-line\/\" \/>\n<meta property=\"og:site_name\" content=\"Hengxing Machinery\" \/>\n<meta property=\"article:modified_time\" content=\"2025-01-25T01:11:46+00:00\" \/>\n<meta property=\"og:image\" content=\"https:\/\/hengxingmachinery.com\/wp-content\/uploads\/2025\/01\/aac-block-making-for-sale.jpg\" \/>\n<meta name=\"twitter:card\" content=\"summary_large_image\" \/>\n<meta name=\"twitter:label1\" content=\"Tempo estimado de leitura\" \/>\n\t<meta name=\"twitter:data1\" content=\"5 minutos\" \/>\n<script type=\"application\/ld+json\" class=\"yoast-schema-graph\">{\"@context\":\"https:\\\/\\\/schema.org\",\"@graph\":[{\"@type\":\"WebPage\",\"@id\":\"https:\\\/\\\/hengxingmachinery.com\\\/aac-block-making-machine-line\\\/\",\"url\":\"https:\\\/\\\/hengxingmachinery.com\\\/aac-block-making-machine-line\\\/\",\"name\":\"7-1. AAC block making machine line - Hengxing Machinery\",\"isPartOf\":{\"@id\":\"https:\\\/\\\/hengxingmachinery.com\\\/#website\"},\"primaryImageOfPage\":{\"@id\":\"https:\\\/\\\/hengxingmachinery.com\\\/aac-block-making-machine-line\\\/#primaryimage\"},\"image\":{\"@id\":\"https:\\\/\\\/hengxingmachinery.com\\\/aac-block-making-machine-line\\\/#primaryimage\"},\"thumbnailUrl\":\"https:\\\/\\\/hengxingmachinery.com\\\/wp-content\\\/uploads\\\/2025\\\/01\\\/aac-block-making-for-sale.jpg\",\"datePublished\":\"2025-01-24T09:24:17+00:00\",\"dateModified\":\"2025-01-25T01:11:46+00:00\",\"breadcrumb\":{\"@id\":\"https:\\\/\\\/hengxingmachinery.com\\\/aac-block-making-machine-line\\\/#breadcrumb\"},\"inLanguage\":\"pt-PT\",\"potentialAction\":[{\"@type\":\"ReadAction\",\"target\":[\"https:\\\/\\\/hengxingmachinery.com\\\/aac-block-making-machine-line\\\/\"]}]},{\"@type\":\"ImageObject\",\"inLanguage\":\"pt-PT\",\"@id\":\"https:\\\/\\\/hengxingmachinery.com\\\/aac-block-making-machine-line\\\/#primaryimage\",\"url\":\"https:\\\/\\\/hengxingmachinery.com\\\/wp-content\\\/uploads\\\/2025\\\/01\\\/aac-block-making-for-sale.jpg\",\"contentUrl\":\"https:\\\/\\\/hengxingmachinery.com\\\/wp-content\\\/uploads\\\/2025\\\/01\\\/aac-block-making-for-sale.jpg\"},{\"@type\":\"BreadcrumbList\",\"@id\":\"https:\\\/\\\/hengxingmachinery.com\\\/aac-block-making-machine-line\\\/#breadcrumb\",\"itemListElement\":[{\"@type\":\"ListItem\",\"position\":1,\"name\":\"Home\",\"item\":\"https:\\\/\\\/hengxingmachinery.com\\\/\"},{\"@type\":\"ListItem\",\"position\":2,\"name\":\"7-1. AAC block making machine line\"}]},{\"@type\":\"WebSite\",\"@id\":\"https:\\\/\\\/hengxingmachinery.com\\\/#website\",\"url\":\"https:\\\/\\\/hengxingmachinery.com\\\/\",\"name\":\"Hengxing Machinery\",\"description\":\"Leading Manufacturer of All Sorts of Mining Machinery\",\"publisher\":{\"@id\":\"https:\\\/\\\/hengxingmachinery.com\\\/#organization\"},\"potentialAction\":[{\"@type\":\"SearchAction\",\"target\":{\"@type\":\"EntryPoint\",\"urlTemplate\":\"https:\\\/\\\/hengxingmachinery.com\\\/?s={search_term_string}\"},\"query-input\":{\"@type\":\"PropertyValueSpecification\",\"valueRequired\":true,\"valueName\":\"search_term_string\"}}],\"inLanguage\":\"pt-PT\"},{\"@type\":\"Organization\",\"@id\":\"https:\\\/\\\/hengxingmachinery.com\\\/#organization\",\"name\":\"Hengxing Machinery\",\"url\":\"https:\\\/\\\/hengxingmachinery.com\\\/\",\"logo\":{\"@type\":\"ImageObject\",\"inLanguage\":\"pt-PT\",\"@id\":\"https:\\\/\\\/hengxingmachinery.com\\\/#\\\/schema\\\/logo\\\/image\\\/\",\"url\":\"https:\\\/\\\/hengxingmachinery.com\\\/wp-content\\\/uploads\\\/2024\\\/12\\\/logo.png\",\"contentUrl\":\"https:\\\/\\\/hengxingmachinery.com\\\/wp-content\\\/uploads\\\/2024\\\/12\\\/logo.png\",\"width\":400,\"height\":260,\"caption\":\"Hengxing Machinery\"},\"image\":{\"@id\":\"https:\\\/\\\/hengxingmachinery.com\\\/#\\\/schema\\\/logo\\\/image\\\/\"}}]}<\/script>\n<!-- \/ Yoast SEO plugin. -->","yoast_head_json":{"title":"7-1. Linha de m\u00e1quina para fabrica\u00e7\u00e3o de blocos AAC - Hengxing Machinery","robots":{"index":"index","follow":"follow","max-snippet":"max-snippet:-1","max-image-preview":"max-image-preview:large","max-video-preview":"max-video-preview:-1"},"canonical":"https:\/\/hengxingmachinery.com\/pt\/aac-block-making-machine-line\/","og_locale":"pt_PT","og_type":"article","og_title":"7-1. AAC block making machine line - Hengxing Machinery","og_description":"AAC block making machine line Introduction of AAC block production line&nbsp; 1. Storing and supplying of raw materials of AAC blocks:&nbsp;All raw materials are carried into the factory by trucks, such as Fly ash, sand or lime, which are gathered in specified raw materials fields waiting for use. Sacks of cement and bulk cement are ... Ler mais","og_url":"https:\/\/hengxingmachinery.com\/pt\/aac-block-making-machine-line\/","og_site_name":"Hengxing Machinery","article_modified_time":"2025-01-25T01:11:46+00:00","og_image":[{"url":"https:\/\/hengxingmachinery.com\/wp-content\/uploads\/2025\/01\/aac-block-making-for-sale.jpg","type":"","width":"","height":""}],"twitter_card":"summary_large_image","twitter_misc":{"Tempo estimado de leitura":"5 minutos"},"schema":{"@context":"https:\/\/schema.org","@graph":[{"@type":"WebPage","@id":"https:\/\/hengxingmachinery.com\/aac-block-making-machine-line\/","url":"https:\/\/hengxingmachinery.com\/aac-block-making-machine-line\/","name":"7-1. Linha de m\u00e1quina para fabrica\u00e7\u00e3o de blocos AAC - Hengxing Machinery","isPartOf":{"@id":"https:\/\/hengxingmachinery.com\/#website"},"primaryImageOfPage":{"@id":"https:\/\/hengxingmachinery.com\/aac-block-making-machine-line\/#primaryimage"},"image":{"@id":"https:\/\/hengxingmachinery.com\/aac-block-making-machine-line\/#primaryimage"},"thumbnailUrl":"https:\/\/hengxingmachinery.com\/wp-content\/uploads\/2025\/01\/aac-block-making-for-sale.jpg","datePublished":"2025-01-24T09:24:17+00:00","dateModified":"2025-01-25T01:11:46+00:00","breadcrumb":{"@id":"https:\/\/hengxingmachinery.com\/aac-block-making-machine-line\/#breadcrumb"},"inLanguage":"pt-PT","potentialAction":[{"@type":"ReadAction","target":["https:\/\/hengxingmachinery.com\/aac-block-making-machine-line\/"]}]},{"@type":"ImageObject","inLanguage":"pt-PT","@id":"https:\/\/hengxingmachinery.com\/aac-block-making-machine-line\/#primaryimage","url":"https:\/\/hengxingmachinery.com\/wp-content\/uploads\/2025\/01\/aac-block-making-for-sale.jpg","contentUrl":"https:\/\/hengxingmachinery.com\/wp-content\/uploads\/2025\/01\/aac-block-making-for-sale.jpg"},{"@type":"BreadcrumbList","@id":"https:\/\/hengxingmachinery.com\/aac-block-making-machine-line\/#breadcrumb","itemListElement":[{"@type":"ListItem","position":1,"name":"Home","item":"https:\/\/hengxingmachinery.com\/"},{"@type":"ListItem","position":2,"name":"7-1. AAC block making machine line"}]},{"@type":"WebSite","@id":"https:\/\/hengxingmachinery.com\/#website","url":"https:\/\/hengxingmachinery.com\/","name":"M\u00e1quinas Hengxing","description":"Fabricante l\u00edder de todos os tipos de m\u00e1quinas de minera\u00e7\u00e3o","publisher":{"@id":"https:\/\/hengxingmachinery.com\/#organization"},"potentialAction":[{"@type":"SearchAction","target":{"@type":"EntryPoint","urlTemplate":"https:\/\/hengxingmachinery.com\/?s={search_term_string}"},"query-input":{"@type":"PropertyValueSpecification","valueRequired":true,"valueName":"search_term_string"}}],"inLanguage":"pt-PT"},{"@type":"Organization","@id":"https:\/\/hengxingmachinery.com\/#organization","name":"M\u00e1quinas Hengxing","url":"https:\/\/hengxingmachinery.com\/","logo":{"@type":"ImageObject","inLanguage":"pt-PT","@id":"https:\/\/hengxingmachinery.com\/#\/schema\/logo\/image\/","url":"https:\/\/hengxingmachinery.com\/wp-content\/uploads\/2024\/12\/logo.png","contentUrl":"https:\/\/hengxingmachinery.com\/wp-content\/uploads\/2024\/12\/logo.png","width":400,"height":260,"caption":"Hengxing Machinery"},"image":{"@id":"https:\/\/hengxingmachinery.com\/#\/schema\/logo\/image\/"}}]}},"_links":{"self":[{"href":"https:\/\/hengxingmachinery.com\/pt\/wp-json\/wp\/v2\/pages\/1832","targetHints":{"allow":["GET"]}}],"collection":[{"href":"https:\/\/hengxingmachinery.com\/pt\/wp-json\/wp\/v2\/pages"}],"about":[{"href":"https:\/\/hengxingmachinery.com\/pt\/wp-json\/wp\/v2\/types\/page"}],"author":[{"embeddable":true,"href":"https:\/\/hengxingmachinery.com\/pt\/wp-json\/wp\/v2\/users\/1"}],"replies":[{"embeddable":true,"href":"https:\/\/hengxingmachinery.com\/pt\/wp-json\/wp\/v2\/comments?post=1832"}],"version-history":[{"count":4,"href":"https:\/\/hengxingmachinery.com\/pt\/wp-json\/wp\/v2\/pages\/1832\/revisions"}],"predecessor-version":[{"id":1838,"href":"https:\/\/hengxingmachinery.com\/pt\/wp-json\/wp\/v2\/pages\/1832\/revisions\/1838"}],"wp:attachment":[{"href":"https:\/\/hengxingmachinery.com\/pt\/wp-json\/wp\/v2\/media?parent=1832"}],"curies":[{"name":"wp","href":"https:\/\/api.w.org\/{rel}","templated":true}]}}