{"id":1839,"date":"2025-01-25T01:50:20","date_gmt":"2025-01-25T01:50:20","guid":{"rendered":"https:\/\/hengxingmachinery.com\/?page_id=1839"},"modified":"2025-01-25T02:30:11","modified_gmt":"2025-01-25T02:30:11","slug":"air-turnover-cutting-machines","status":"publish","type":"page","link":"https:\/\/hengxingmachinery.com\/pt\/air-turnover-cutting-machines\/","title":{"rendered":"7-1. M\u00e1quina de corte por renova\u00e7\u00e3o de ar"},"content":{"rendered":"<div class=\"gb-container gb-container-45165f5a\">\n<div class=\"gb-container gb-container-c2652eb4\">\n\n<h1 class=\"gb-headline gb-headline-62a8b2cc gb-headline-text\">M\u00e1quina de corte por rota\u00e7\u00e3o de ar<\/h1>\n\n<\/div>\n<\/div>\n\n<div class=\"gb-container gb-container-519cf624\">\n<div class=\"gb-container gb-container-71ca071e\">\n<div class=\"gb-grid-wrapper gb-grid-wrapper-8a5f0688\">\n<div class=\"gb-grid-column gb-grid-column-1e99b1c2\"><div class=\"gb-container gb-container-1e99b1c2\">\n\n<figure class=\"gb-block-image gb-block-image-e4eaba54\"><img decoding=\"async\" width=\"665\" height=\"545\" class=\"gb-image gb-image-e4eaba54\" src=\"https:\/\/hengxingmachinery.com\/wp-content\/uploads\/2025\/01\/Air-turnover-cutting-machine-for-sale.jpg\" alt=\"\" title=\"M\u00e1quina de corte por viragem de ar \u00e0 venda\" srcset=\"https:\/\/hengxingmachinery.com\/wp-content\/uploads\/2025\/01\/Air-turnover-cutting-machine-for-sale.jpg 665w, https:\/\/hengxingmachinery.com\/wp-content\/uploads\/2025\/01\/Air-turnover-cutting-machine-for-sale-300x246.jpg 300w, https:\/\/hengxingmachinery.com\/wp-content\/uploads\/2025\/01\/Air-turnover-cutting-machine-for-sale-15x12.jpg 15w\" sizes=\"(max-width: 665px) 100vw, 665px\" \/><\/figure>\n\n<\/div><\/div>\n\n<div class=\"gb-grid-column gb-grid-column-bcae065b\"><div class=\"gb-container gb-container-bcae065b\">\n\n<p><\/p>\n\n\n\n<p class=\"gb-headline gb-headline-e419680e gb-headline-text\">Uma m\u00e1quina de corte por viragem de ar \u00e9 um tipo de m\u00e1quina de corte com estrutura simples, pr\u00e1tica, e de f\u00e1cil instala\u00e7\u00e3o e manuten\u00e7\u00e3o.<\/p>\n\n\n\n<p><mark style=\"background-color:rgba(0, 0, 0, 0)\" class=\"has-inline-color has-global-color-8-color\"><strong>Molde de corte (corte longitudinal\/corte transversal): <\/strong><\/mark> <mark style=\"background-color:rgba(0, 0, 0, 0)\" class=\"has-inline-color has-contrast-color\">5\/10mm<\/mark><\/p>\n\n\n\n<p><strong><mark style=\"background-color:rgba(0, 0, 0, 0)\" class=\"has-inline-color has-global-color-8-color\">Ciclo de produ\u00e7\u00e3o:<\/mark><\/strong> 6 min\/molde<\/p>\n\n\n\n<p><strong><mark style=\"background-color:rgba(0, 0, 0, 0)\" class=\"has-inline-color has-global-color-8-color\">Produ\u00e7\u00e3o: <\/mark><\/strong>100.000\u2013300.000 m\u00b3\/ano<\/p>\n\n\n<div class=\"gb-container gb-container-256e15f1\">\n\n<a class=\"gb-button gb-button-e8b73d89 gb-button-text\" href=\"#popmake-622\">Obtenha uma cota\u00e7\u00e3o gratuita agora<\/a>\n\n<\/div>\n<\/div><\/div>\n<\/div>\n<\/div>\n<\/div>\n\n<div class=\"gb-container gb-container-af5f8799\">\n<div class=\"gb-container gb-container-2298848b\">\n\n<h2 class=\"gb-headline gb-headline-9d27ad2c gb-headline-text\">Caracter\u00edsticas de desempenho da m\u00e1quina de corte por viragem de ar<\/h2>\n\n\n\n<p>1. A estrutura do modelo \u00e9 simples e pr\u00e1tica, o que facilita a instala\u00e7\u00e3o e a manuten\u00e7\u00e3o.<\/p>\n\n\n\n<p>2. O dispositivo de corte longitudinal \u00e9 fixo, o bloco \u00e9 colocado de lado para que a largura do bloco seja 600 mm. O fio de corte \u00e9 curto, n\u00e3o se parte nem desvia facilmente, a precis\u00e3o de corte \u00e9 alta e o tempo do carrinho de corte \u00e9 reduzido.<\/p>\n\n\n\n<p>3. O dispositivo de corte transversal utiliza fio de a\u00e7o com movimento oscilat\u00f3rio semelhante a uma serra e corte vertical descendente, o que aumenta a tenacidade do fio de a\u00e7o, reduz a intensidade de trabalho do fio e evita quebras e desvios.<\/p>\n\n\n\n<p>4. Ap\u00f3s o bloco ser erguido de lado, pode completar a fresagem de ranhuras durante o corte longitudinal, sem necessidade de equipamento adicional de processamento de ranhuras.<\/p>\n\n\n\n<p>5. Este modelo corta o bloco em seis lados, e o \u00f3leo do molde ou a deforma\u00e7\u00e3o do molde n\u00e3o afetam a qualidade do produto.<\/p>\n\n\n\n<p>6. Al\u00e9m da produ\u00e7\u00e3o de blocos, esta m\u00e1quina tamb\u00e9m pode produzir placas.<\/p>\n\n\n\n<p>7. O processo de corte desta m\u00e1quina \u00e9 dividido em diferentes esta\u00e7\u00f5es. Quando o corte longitudinal \u00e9 escalonado, a dist\u00e2ncia entre os fios de corte superior e inferior \u00e9 grande, o que facilita o assentamento da folga do fio. Os fios tamb\u00e9m n\u00e3o se partem facilmente ao cortar placas, melhorando o rendimento.<\/p>\n\n\n<div class=\"gb-container gb-container-d7b7b595\">\n\n<a class=\"gb-button gb-button-c1312760 gb-button-text\" href=\"#popmake-622\">Obtenha uma cota\u00e7\u00e3o gratuita agora<\/a>\n\n<\/div>\n<\/div>\n<\/div>\n\n<div class=\"gb-container gb-container-435ad261\">\n<div class=\"gb-container gb-container-7dc79cc4\">\n\n<h2 class=\"gb-headline gb-headline-6fe5dee2 gb-headline-text\">Especifica\u00e7\u00f5es da m\u00e1quina de corte por viragem de ar<\/h2>\n\n\n\n<figure class=\"wp-block-table is-style-stripes\"><table class=\"has-fixed-layout\"><tbody><tr><td><strong>N\u00famero<\/strong><\/td><td><strong>Dimens\u00e3o<\/strong><\/td><td><strong>Bruto antes do corte (mm)<\/strong><\/td><td><strong>Ciclo de corte<\/strong><\/td><td><strong>Capacidade de corte (m\u00b3\/ano)<\/strong><\/td><td><strong>Precis\u00e3o de corte<\/strong><\/td><td><strong>Pot\u00eancia total (kW)<\/strong><\/td><td><strong>Dimens\u00f5es (mm)<\/strong><\/td><\/tr><tr><td>1<\/td><td>4,2 m<\/td><td>4250*1240*650<\/td><td>4\u20136 min\/bloco<\/td><td>Acima de 150.000<\/td><td>&lt;= \u00b11 mm<\/td><td>25.5<\/td><td>12200*4200*5600<\/td><\/tr><tr><td>2<\/td><td>4,8 m<\/td><td>4860*1560*650<\/td><td>4\u20136 min\/bloco<\/td><td>Acima de 250.000<\/td><td>&lt;= \u00b11 mm<\/td><td>30<\/td><td>16000*6000*5500<\/td><\/tr><tr><td>3<\/td><td>6 m<\/td><td>6050*1540*650<\/td><td>6\u20138 min\/bloco<\/td><td>Acima de 300.000<\/td><td>&lt;= \u00b11 mm<\/td><td>30<\/td><td>18500*6000*5800<\/td><\/tr><\/tbody><\/table><\/figure>\n\n\n<div class=\"gb-container gb-container-263d9700\">\n\n<a class=\"gb-button gb-button-a4cbb7be gb-button-text\" href=\"#popmake-622\">Obtenha uma cota\u00e7\u00e3o gratuita agora<\/a>\n\n<\/div>\n<\/div>\n<\/div>","protected":false},"excerpt":{"rendered":"<p>Air turnover cutting machine Performance characteristics of \u00a0air turnover cutting machine 1. The structure of the model is simple and practical, which is convenient for installation and maintenance. 2. The longitudinal cutting device is fixed, the blank is placed on its side to make the blank width 600mm, the cutting wire is short, not easy &#8230; <\/p>\n<p class=\"read-more-container\"><a title=\"7-1. M\u00e1quina de corte por renova\u00e7\u00e3o de ar\" class=\"read-more button\" href=\"https:\/\/hengxingmachinery.com\/pt\/air-turnover-cutting-machines\/#more-1839\" aria-label=\"Leia mais sobre 7-1. Air turnover cutting machine\">Ler mais<\/a><\/p>","protected":false},"author":1,"featured_media":0,"parent":0,"menu_order":0,"comment_status":"closed","ping_status":"closed","template":"","meta":{"footnotes":""},"class_list":["post-1839","page","type-page","status-publish"],"yoast_head":"<!-- This site is optimized with the Yoast SEO plugin v27.4 - https:\/\/yoast.com\/product\/yoast-seo-wordpress\/ -->\n<title>7-1. Air turnover cutting machine - Hengxing Machinery<\/title>\n<meta name=\"robots\" content=\"index, follow, max-snippet:-1, max-image-preview:large, max-video-preview:-1\" \/>\n<link rel=\"canonical\" href=\"https:\/\/hengxingmachinery.com\/pt\/air-turnover-cutting-machines\/\" \/>\n<meta property=\"og:locale\" content=\"pt_PT\" \/>\n<meta property=\"og:type\" content=\"article\" \/>\n<meta property=\"og:title\" content=\"7-1. Air turnover cutting machine - Hengxing Machinery\" \/>\n<meta property=\"og:description\" content=\"Air turnover cutting machine Performance characteristics of \u00a0air turnover cutting machine 1. The structure of the model is simple and practical, which is convenient for installation and maintenance. 2. The longitudinal cutting device is fixed, the blank is placed on its side to make the blank width 600mm, the cutting wire is short, not easy ... Ler mais\" \/>\n<meta property=\"og:url\" content=\"https:\/\/hengxingmachinery.com\/pt\/air-turnover-cutting-machines\/\" \/>\n<meta property=\"og:site_name\" content=\"Hengxing Machinery\" \/>\n<meta property=\"article:modified_time\" content=\"2025-01-25T02:30:11+00:00\" \/>\n<meta property=\"og:image\" content=\"https:\/\/hengxingmachinery.com\/wp-content\/uploads\/2025\/01\/Air-turnover-cutting-machine-for-sale.jpg\" \/>\n<meta name=\"twitter:card\" content=\"summary_large_image\" \/>\n<meta name=\"twitter:label1\" content=\"Tempo estimado de leitura\" \/>\n\t<meta name=\"twitter:data1\" content=\"2 minutos\" \/>\n<script type=\"application\/ld+json\" class=\"yoast-schema-graph\">{\"@context\":\"https:\\\/\\\/schema.org\",\"@graph\":[{\"@type\":\"WebPage\",\"@id\":\"https:\\\/\\\/hengxingmachinery.com\\\/air-turnover-cutting-machines\\\/\",\"url\":\"https:\\\/\\\/hengxingmachinery.com\\\/air-turnover-cutting-machines\\\/\",\"name\":\"7-1. Air turnover cutting machine - Hengxing Machinery\",\"isPartOf\":{\"@id\":\"https:\\\/\\\/hengxingmachinery.com\\\/#website\"},\"primaryImageOfPage\":{\"@id\":\"https:\\\/\\\/hengxingmachinery.com\\\/air-turnover-cutting-machines\\\/#primaryimage\"},\"image\":{\"@id\":\"https:\\\/\\\/hengxingmachinery.com\\\/air-turnover-cutting-machines\\\/#primaryimage\"},\"thumbnailUrl\":\"https:\\\/\\\/hengxingmachinery.com\\\/wp-content\\\/uploads\\\/2025\\\/01\\\/Air-turnover-cutting-machine-for-sale.jpg\",\"datePublished\":\"2025-01-25T01:50:20+00:00\",\"dateModified\":\"2025-01-25T02:30:11+00:00\",\"breadcrumb\":{\"@id\":\"https:\\\/\\\/hengxingmachinery.com\\\/air-turnover-cutting-machines\\\/#breadcrumb\"},\"inLanguage\":\"pt-PT\",\"potentialAction\":[{\"@type\":\"ReadAction\",\"target\":[\"https:\\\/\\\/hengxingmachinery.com\\\/air-turnover-cutting-machines\\\/\"]}]},{\"@type\":\"ImageObject\",\"inLanguage\":\"pt-PT\",\"@id\":\"https:\\\/\\\/hengxingmachinery.com\\\/air-turnover-cutting-machines\\\/#primaryimage\",\"url\":\"https:\\\/\\\/hengxingmachinery.com\\\/wp-content\\\/uploads\\\/2025\\\/01\\\/Air-turnover-cutting-machine-for-sale.jpg\",\"contentUrl\":\"https:\\\/\\\/hengxingmachinery.com\\\/wp-content\\\/uploads\\\/2025\\\/01\\\/Air-turnover-cutting-machine-for-sale.jpg\"},{\"@type\":\"BreadcrumbList\",\"@id\":\"https:\\\/\\\/hengxingmachinery.com\\\/air-turnover-cutting-machines\\\/#breadcrumb\",\"itemListElement\":[{\"@type\":\"ListItem\",\"position\":1,\"name\":\"Home\",\"item\":\"https:\\\/\\\/hengxingmachinery.com\\\/\"},{\"@type\":\"ListItem\",\"position\":2,\"name\":\"7-1. Air turnover cutting machine\"}]},{\"@type\":\"WebSite\",\"@id\":\"https:\\\/\\\/hengxingmachinery.com\\\/#website\",\"url\":\"https:\\\/\\\/hengxingmachinery.com\\\/\",\"name\":\"Hengxing Machinery\",\"description\":\"Leading Manufacturer of All Sorts of Mining Machinery\",\"publisher\":{\"@id\":\"https:\\\/\\\/hengxingmachinery.com\\\/#organization\"},\"potentialAction\":[{\"@type\":\"SearchAction\",\"target\":{\"@type\":\"EntryPoint\",\"urlTemplate\":\"https:\\\/\\\/hengxingmachinery.com\\\/?s={search_term_string}\"},\"query-input\":{\"@type\":\"PropertyValueSpecification\",\"valueRequired\":true,\"valueName\":\"search_term_string\"}}],\"inLanguage\":\"pt-PT\"},{\"@type\":\"Organization\",\"@id\":\"https:\\\/\\\/hengxingmachinery.com\\\/#organization\",\"name\":\"Hengxing Machinery\",\"url\":\"https:\\\/\\\/hengxingmachinery.com\\\/\",\"logo\":{\"@type\":\"ImageObject\",\"inLanguage\":\"pt-PT\",\"@id\":\"https:\\\/\\\/hengxingmachinery.com\\\/#\\\/schema\\\/logo\\\/image\\\/\",\"url\":\"https:\\\/\\\/hengxingmachinery.com\\\/wp-content\\\/uploads\\\/2024\\\/12\\\/logo.png\",\"contentUrl\":\"https:\\\/\\\/hengxingmachinery.com\\\/wp-content\\\/uploads\\\/2024\\\/12\\\/logo.png\",\"width\":400,\"height\":260,\"caption\":\"Hengxing Machinery\"},\"image\":{\"@id\":\"https:\\\/\\\/hengxingmachinery.com\\\/#\\\/schema\\\/logo\\\/image\\\/\"}}]}<\/script>\n<!-- \/ Yoast SEO plugin. -->","yoast_head_json":{"title":"7-1. M\u00e1quina de corte por rota\u00e7\u00e3o de ar - Hengxing Machinery","robots":{"index":"index","follow":"follow","max-snippet":"max-snippet:-1","max-image-preview":"max-image-preview:large","max-video-preview":"max-video-preview:-1"},"canonical":"https:\/\/hengxingmachinery.com\/pt\/air-turnover-cutting-machines\/","og_locale":"pt_PT","og_type":"article","og_title":"7-1. Air turnover cutting machine - Hengxing Machinery","og_description":"Air turnover cutting machine Performance characteristics of \u00a0air turnover cutting machine 1. The structure of the model is simple and practical, which is convenient for installation and maintenance. 2. The longitudinal cutting device is fixed, the blank is placed on its side to make the blank width 600mm, the cutting wire is short, not easy ... Ler mais","og_url":"https:\/\/hengxingmachinery.com\/pt\/air-turnover-cutting-machines\/","og_site_name":"Hengxing Machinery","article_modified_time":"2025-01-25T02:30:11+00:00","og_image":[{"url":"https:\/\/hengxingmachinery.com\/wp-content\/uploads\/2025\/01\/Air-turnover-cutting-machine-for-sale.jpg","type":"","width":"","height":""}],"twitter_card":"summary_large_image","twitter_misc":{"Tempo estimado de leitura":"2 minutos"},"schema":{"@context":"https:\/\/schema.org","@graph":[{"@type":"WebPage","@id":"https:\/\/hengxingmachinery.com\/air-turnover-cutting-machines\/","url":"https:\/\/hengxingmachinery.com\/air-turnover-cutting-machines\/","name":"7-1. M\u00e1quina de corte por rota\u00e7\u00e3o de ar - Hengxing Machinery","isPartOf":{"@id":"https:\/\/hengxingmachinery.com\/#website"},"primaryImageOfPage":{"@id":"https:\/\/hengxingmachinery.com\/air-turnover-cutting-machines\/#primaryimage"},"image":{"@id":"https:\/\/hengxingmachinery.com\/air-turnover-cutting-machines\/#primaryimage"},"thumbnailUrl":"https:\/\/hengxingmachinery.com\/wp-content\/uploads\/2025\/01\/Air-turnover-cutting-machine-for-sale.jpg","datePublished":"2025-01-25T01:50:20+00:00","dateModified":"2025-01-25T02:30:11+00:00","breadcrumb":{"@id":"https:\/\/hengxingmachinery.com\/air-turnover-cutting-machines\/#breadcrumb"},"inLanguage":"pt-PT","potentialAction":[{"@type":"ReadAction","target":["https:\/\/hengxingmachinery.com\/air-turnover-cutting-machines\/"]}]},{"@type":"ImageObject","inLanguage":"pt-PT","@id":"https:\/\/hengxingmachinery.com\/air-turnover-cutting-machines\/#primaryimage","url":"https:\/\/hengxingmachinery.com\/wp-content\/uploads\/2025\/01\/Air-turnover-cutting-machine-for-sale.jpg","contentUrl":"https:\/\/hengxingmachinery.com\/wp-content\/uploads\/2025\/01\/Air-turnover-cutting-machine-for-sale.jpg"},{"@type":"BreadcrumbList","@id":"https:\/\/hengxingmachinery.com\/air-turnover-cutting-machines\/#breadcrumb","itemListElement":[{"@type":"ListItem","position":1,"name":"Home","item":"https:\/\/hengxingmachinery.com\/"},{"@type":"ListItem","position":2,"name":"7-1. Air turnover cutting machine"}]},{"@type":"WebSite","@id":"https:\/\/hengxingmachinery.com\/#website","url":"https:\/\/hengxingmachinery.com\/","name":"M\u00e1quinas Hengxing","description":"Fabricante l\u00edder de todos os tipos de m\u00e1quinas de minera\u00e7\u00e3o","publisher":{"@id":"https:\/\/hengxingmachinery.com\/#organization"},"potentialAction":[{"@type":"SearchAction","target":{"@type":"EntryPoint","urlTemplate":"https:\/\/hengxingmachinery.com\/?s={search_term_string}"},"query-input":{"@type":"PropertyValueSpecification","valueRequired":true,"valueName":"search_term_string"}}],"inLanguage":"pt-PT"},{"@type":"Organization","@id":"https:\/\/hengxingmachinery.com\/#organization","name":"M\u00e1quinas Hengxing","url":"https:\/\/hengxingmachinery.com\/","logo":{"@type":"ImageObject","inLanguage":"pt-PT","@id":"https:\/\/hengxingmachinery.com\/#\/schema\/logo\/image\/","url":"https:\/\/hengxingmachinery.com\/wp-content\/uploads\/2024\/12\/logo.png","contentUrl":"https:\/\/hengxingmachinery.com\/wp-content\/uploads\/2024\/12\/logo.png","width":400,"height":260,"caption":"Hengxing Machinery"},"image":{"@id":"https:\/\/hengxingmachinery.com\/#\/schema\/logo\/image\/"}}]}},"_links":{"self":[{"href":"https:\/\/hengxingmachinery.com\/pt\/wp-json\/wp\/v2\/pages\/1839","targetHints":{"allow":["GET"]}}],"collection":[{"href":"https:\/\/hengxingmachinery.com\/pt\/wp-json\/wp\/v2\/pages"}],"about":[{"href":"https:\/\/hengxingmachinery.com\/pt\/wp-json\/wp\/v2\/types\/page"}],"author":[{"embeddable":true,"href":"https:\/\/hengxingmachinery.com\/pt\/wp-json\/wp\/v2\/users\/1"}],"replies":[{"embeddable":true,"href":"https:\/\/hengxingmachinery.com\/pt\/wp-json\/wp\/v2\/comments?post=1839"}],"version-history":[{"count":4,"href":"https:\/\/hengxingmachinery.com\/pt\/wp-json\/wp\/v2\/pages\/1839\/revisions"}],"predecessor-version":[{"id":1844,"href":"https:\/\/hengxingmachinery.com\/pt\/wp-json\/wp\/v2\/pages\/1839\/revisions\/1844"}],"wp:attachment":[{"href":"https:\/\/hengxingmachinery.com\/pt\/wp-json\/wp\/v2\/media?parent=1839"}],"curies":[{"name":"wp","href":"https:\/\/api.w.org\/{rel}","templated":true}]}}