{"id":1845,"date":"2025-01-25T02:20:45","date_gmt":"2025-01-25T02:20:45","guid":{"rendered":"https:\/\/hengxingmachinery.com\/?page_id=1845"},"modified":"2025-01-25T02:29:14","modified_gmt":"2025-01-25T02:29:14","slug":"ground-turnover-cutting-machines","status":"publish","type":"page","link":"https:\/\/hengxingmachinery.com\/pt\/ground-turnover-cutting-machines\/","title":{"rendered":"7-1. M\u00e1quina de corte de reviramento de solo"},"content":{"rendered":"<div class=\"gb-container gb-container-45165f5a\">\n<div class=\"gb-container gb-container-c2652eb4\">\n\n<h1 class=\"gb-headline gb-headline-62a8b2cc gb-headline-text\">M\u00e1quina de corte de revolvimento de solo<\/h1>\n\n<\/div>\n<\/div>\n\n<div class=\"gb-container gb-container-519cf624\">\n<div class=\"gb-container gb-container-71ca071e\">\n<div class=\"gb-grid-wrapper gb-grid-wrapper-8a5f0688\">\n<div class=\"gb-grid-column gb-grid-column-1e99b1c2\"><div class=\"gb-container gb-container-1e99b1c2\">\n\n<figure class=\"gb-block-image gb-block-image-e4eaba54\"><img decoding=\"async\" width=\"665\" height=\"545\" class=\"gb-image gb-image-e4eaba54\" src=\"https:\/\/hengxingmachinery.com\/wp-content\/uploads\/2025\/01\/Ground-Turnover-Cutting-Machine-for-sale.jpg\" alt=\"\" title=\"M\u00e1quina de corte com viragem no solo \u00e0 venda\" srcset=\"https:\/\/hengxingmachinery.com\/wp-content\/uploads\/2025\/01\/Ground-Turnover-Cutting-Machine-for-sale.jpg 665w, https:\/\/hengxingmachinery.com\/wp-content\/uploads\/2025\/01\/Ground-Turnover-Cutting-Machine-for-sale-300x246.jpg 300w, https:\/\/hengxingmachinery.com\/wp-content\/uploads\/2025\/01\/Ground-Turnover-Cutting-Machine-for-sale-15x12.jpg 15w\" sizes=\"(max-width: 665px) 100vw, 665px\" \/><\/figure>\n\n<\/div><\/div>\n\n<div class=\"gb-grid-column gb-grid-column-bcae065b\"><div class=\"gb-container gb-container-bcae065b\">\n\n<p><\/p>\n\n\n\n<p>O AAC pode seguir a classifica\u00e7\u00e3o de mat\u00e9rias-primas, caracter\u00edsticas do processo e qualidade do equipamento para adotar diferentes t\u00e9cnicas de produ\u00e7\u00e3o. Geralmente, cinzas volantes ou areia com \u00e1gua s\u00e3o mo\u00eddas em lama, depois cal em p\u00f3, cimento, agente vesicante e estabilizante de espuma s\u00e3o misturados e despejados em um autoclave para serem vaporizados em AAC poroso e leve sob alta press\u00e3o e alta temperatura.<\/p>\n\n\n<div class=\"gb-container gb-container-256e15f1\">\n\n<a class=\"gb-button gb-button-e8b73d89 gb-button-text\" href=\"#popmake-622\">Obtenha uma cota\u00e7\u00e3o gratuita agora<\/a>\n\n<\/div>\n<\/div><\/div>\n<\/div>\n<\/div>\n<\/div>\n\n<div class=\"gb-container gb-container-af5f8799\">\n<div class=\"gb-container gb-container-2298848b\">\n\n<h2 class=\"gb-headline gb-headline-9d27ad2c gb-headline-text\">M\u00e1quina de corte com viragem no solo para f\u00e1brica de AAC:<\/h2>\n\n\n\n<p>A m\u00e1quina de corte \u00e9 o principal equipamento da linha de produ\u00e7\u00e3o de AAC, bem como a m\u00e1quina central da linha de produ\u00e7\u00e3o de AAC com capacidade anual superior a 50.000 m\u00b3. \u00c9 o equipamento necess\u00e1rio para melhorar o rendimento e a qualidade. A S\u00e9rie JQF de M\u00e1quina de Corte que produzimos pode virar o bloco cru duas vezes e realizar o corte de seis lados. Com alta tecnologia, a viragem pode ser conclu\u00edda apenas uma vez, o que protege os blocos crus de danos devido a m\u00faltiplas eleva\u00e7\u00f5es. Nossos produtos s\u00e3o bem vendidos em nosso pa\u00eds e conquistaram honras de muitos clientes. Ap\u00f3s muitos anos de reforma t\u00e9cnica, agora desenvolvemos muitos modelos de m\u00e1quinas de corte de concreto.<\/p>\n\n\n<div class=\"gb-container gb-container-d7b7b595\">\n\n<a class=\"gb-button gb-button-c1312760 gb-button-text\" href=\"#popmake-622\">Obtenha uma cota\u00e7\u00e3o gratuita agora<\/a>\n\n<\/div>\n<\/div>\n<\/div>\n\n<div class=\"gb-container gb-container-a9b5bf28\">\n<div class=\"gb-container gb-container-ef36d4a0\">\n\n<h2 class=\"gb-headline gb-headline-8b90eda0 gb-headline-text\">A m\u00e1quina de corte com viragem no solo tem as seguintes vantagens:<\/h2>\n\n\n\n<p>1. Estrutura compacta, opera\u00e7\u00e3o f\u00e1cil e pouca manuten\u00e7\u00e3o.<\/p>\n\n\n\n<p>2. Corte transversal e vertical conclu\u00eddos de uma vez.<\/p>\n\n\n\n<p>3. Corte hexa\u00e9drico do bloco cru, precis\u00e3o do produto em conformidade com GB\/T 11969-1997.<\/p>\n\n\n\n<p>4. Todos os materiais residuais ser\u00e3o recuperados, sem causar polui\u00e7\u00e3o secund\u00e1ria.<\/p>\n\n\n\n<p>5. Bloco cru n\u00e3o aderido.<\/p>\n\n\n\n<p>6. Acionamento por parafuso usado no corte transversal, resolvendo dessincroniza\u00e7\u00e3o de acionamento flu\u00eddico.<\/p>\n\n\n\n<p>7. Carrinho com polia grande e carrinho com polia pequena usados para promover e instalar engrenagens, solu\u00e7\u00e3o de cremalheira para problema de sincroniza\u00e7\u00e3o.<\/p>\n\n\n\n<p>8. Com tipos de equipamento para substituir o arame de a\u00e7o rapidamente.<\/p>\n\n\n\n<p>9. Sem gravata-borboleta e sem rachaduras.<\/p>\n\n\n<div class=\"gb-container gb-container-a104f208\">\n\n<a class=\"gb-button gb-button-64e88793 gb-button-text\" href=\"#popmake-622\">Obtenha uma cota\u00e7\u00e3o gratuita agora<\/a>\n\n<\/div>\n<\/div>\n<\/div>\n\n<div class=\"gb-container gb-container-435ad261\">\n<div class=\"gb-container gb-container-7dc79cc4\">\n\n<h2 class=\"gb-headline gb-headline-6fe5dee2 gb-headline-text\">Principais par\u00e2metros t\u00e9cnicos da m\u00e1quina de corte com viragem no solo:<\/h2>\n\n\n\n<figure class=\"wp-block-table is-style-stripes\"><table class=\"has-fixed-layout\"><tbody><tr><td>N\u00famero<\/td><td>Tamanho<\/td><td>Bruto antes do corte (mm)<\/td><td>Ciclo de corte<\/td><td>&nbsp;Capacidade de corte (m\u00b3\/ano)<\/td><td>&nbsp;Precis\u00e3o de corte<\/td><td>&nbsp;Pot\u00eancia Total (kW)<\/td><td>&nbsp;Dimens\u00f5es (mm)<\/td><\/tr><tr><td>1<\/td><td>4,2 m<\/td><td>4250*1240*650<\/td><td>6\u20138 min\/bloco<\/td><td>&nbsp;Acima de 100.000<\/td><td>&nbsp;&lt;= \u00b11 mm<\/td><td>&nbsp;25.5<\/td><td>&nbsp;12200*4200*5600<\/td><\/tr><tr><td>2<\/td><td>4,8 m<\/td><td>4860*1560*650<\/td><td>6\u20138 min\/bloco<\/td><td>&nbsp;Acima de 200.000<\/td><td>&nbsp;&lt;= \u00b11 mm<\/td><td>&nbsp;30<\/td><td>&nbsp; &nbsp; 16000*6000*5500<\/td><\/tr><tr><td>3<\/td><td>6 m<\/td><td>6050*1540*650<\/td><td>6\u20138 min\/bloco<\/td><td>&nbsp;Acima de 200.000<\/td><td>&nbsp;&lt;= \u00b11 mm<\/td><td>&nbsp;30<\/td><td>&nbsp;18500*6000*5800<\/td><\/tr><\/tbody><\/table><\/figure>\n\n\n<div class=\"gb-container gb-container-263d9700\">\n\n<a class=\"gb-button gb-button-a4cbb7be gb-button-text\" href=\"#popmake-622\">Obtenha uma cota\u00e7\u00e3o gratuita agora<\/a>\n\n<\/div>\n<\/div>\n<\/div>","protected":false},"excerpt":{"rendered":"<p>Ground turnover cutting machine Ground turnover cutting machine used for AAC plant: The cutting machine is the main equipment of the AAC production line as well as the core machine of the AAC production line with an annual production capacity of over 50000m3. It&#8217;s the necessary equipment to improve yield and quality. JQF Series Cutting &#8230; <\/p>\n<p class=\"read-more-container\"><a title=\"7-1. M\u00e1quina de corte de reviramento de solo\" class=\"read-more button\" href=\"https:\/\/hengxingmachinery.com\/pt\/ground-turnover-cutting-machines\/#more-1845\" aria-label=\"Leia mais sobre 7-1. Ground turnover cutting machine\">Ler mais<\/a><\/p>","protected":false},"author":1,"featured_media":0,"parent":0,"menu_order":0,"comment_status":"closed","ping_status":"closed","template":"","meta":{"footnotes":""},"class_list":["post-1845","page","type-page","status-publish"],"yoast_head":"<!-- This site is optimized with the Yoast SEO plugin v27.4 - https:\/\/yoast.com\/product\/yoast-seo-wordpress\/ -->\n<title>7-1. Ground turnover cutting machine - Hengxing Machinery<\/title>\n<meta name=\"robots\" content=\"index, follow, max-snippet:-1, max-image-preview:large, max-video-preview:-1\" \/>\n<link rel=\"canonical\" href=\"https:\/\/hengxingmachinery.com\/pt\/ground-turnover-cutting-machines\/\" \/>\n<meta property=\"og:locale\" content=\"pt_PT\" \/>\n<meta property=\"og:type\" content=\"article\" \/>\n<meta property=\"og:title\" content=\"7-1. Ground turnover cutting machine - Hengxing Machinery\" \/>\n<meta property=\"og:description\" content=\"Ground turnover cutting machine Ground turnover cutting machine used for AAC plant: The cutting machine is the main equipment of the AAC production line as well as the core machine of the AAC production line with an annual production capacity of over 50000m3. It&#8217;s the necessary equipment to improve yield and quality. JQF Series Cutting ... Ler mais\" \/>\n<meta property=\"og:url\" content=\"https:\/\/hengxingmachinery.com\/pt\/ground-turnover-cutting-machines\/\" \/>\n<meta property=\"og:site_name\" content=\"Hengxing Machinery\" \/>\n<meta property=\"article:modified_time\" content=\"2025-01-25T02:29:14+00:00\" \/>\n<meta property=\"og:image\" content=\"https:\/\/hengxingmachinery.com\/wp-content\/uploads\/2025\/01\/Ground-Turnover-Cutting-Machine-for-sale.jpg\" \/>\n<meta name=\"twitter:card\" content=\"summary_large_image\" \/>\n<meta name=\"twitter:label1\" content=\"Tempo estimado de leitura\" \/>\n\t<meta name=\"twitter:data1\" content=\"2 minutos\" \/>\n<script type=\"application\/ld+json\" class=\"yoast-schema-graph\">{\"@context\":\"https:\\\/\\\/schema.org\",\"@graph\":[{\"@type\":\"WebPage\",\"@id\":\"https:\\\/\\\/hengxingmachinery.com\\\/ground-turnover-cutting-machines\\\/\",\"url\":\"https:\\\/\\\/hengxingmachinery.com\\\/ground-turnover-cutting-machines\\\/\",\"name\":\"7-1. Ground turnover cutting machine - Hengxing Machinery\",\"isPartOf\":{\"@id\":\"https:\\\/\\\/hengxingmachinery.com\\\/#website\"},\"primaryImageOfPage\":{\"@id\":\"https:\\\/\\\/hengxingmachinery.com\\\/ground-turnover-cutting-machines\\\/#primaryimage\"},\"image\":{\"@id\":\"https:\\\/\\\/hengxingmachinery.com\\\/ground-turnover-cutting-machines\\\/#primaryimage\"},\"thumbnailUrl\":\"https:\\\/\\\/hengxingmachinery.com\\\/wp-content\\\/uploads\\\/2025\\\/01\\\/Ground-Turnover-Cutting-Machine-for-sale.jpg\",\"datePublished\":\"2025-01-25T02:20:45+00:00\",\"dateModified\":\"2025-01-25T02:29:14+00:00\",\"breadcrumb\":{\"@id\":\"https:\\\/\\\/hengxingmachinery.com\\\/ground-turnover-cutting-machines\\\/#breadcrumb\"},\"inLanguage\":\"pt-PT\",\"potentialAction\":[{\"@type\":\"ReadAction\",\"target\":[\"https:\\\/\\\/hengxingmachinery.com\\\/ground-turnover-cutting-machines\\\/\"]}]},{\"@type\":\"ImageObject\",\"inLanguage\":\"pt-PT\",\"@id\":\"https:\\\/\\\/hengxingmachinery.com\\\/ground-turnover-cutting-machines\\\/#primaryimage\",\"url\":\"https:\\\/\\\/hengxingmachinery.com\\\/wp-content\\\/uploads\\\/2025\\\/01\\\/Ground-Turnover-Cutting-Machine-for-sale.jpg\",\"contentUrl\":\"https:\\\/\\\/hengxingmachinery.com\\\/wp-content\\\/uploads\\\/2025\\\/01\\\/Ground-Turnover-Cutting-Machine-for-sale.jpg\"},{\"@type\":\"BreadcrumbList\",\"@id\":\"https:\\\/\\\/hengxingmachinery.com\\\/ground-turnover-cutting-machines\\\/#breadcrumb\",\"itemListElement\":[{\"@type\":\"ListItem\",\"position\":1,\"name\":\"Home\",\"item\":\"https:\\\/\\\/hengxingmachinery.com\\\/\"},{\"@type\":\"ListItem\",\"position\":2,\"name\":\"7-1. Ground turnover cutting machine\"}]},{\"@type\":\"WebSite\",\"@id\":\"https:\\\/\\\/hengxingmachinery.com\\\/#website\",\"url\":\"https:\\\/\\\/hengxingmachinery.com\\\/\",\"name\":\"Hengxing Machinery\",\"description\":\"Leading Manufacturer of All Sorts of Mining Machinery\",\"publisher\":{\"@id\":\"https:\\\/\\\/hengxingmachinery.com\\\/#organization\"},\"potentialAction\":[{\"@type\":\"SearchAction\",\"target\":{\"@type\":\"EntryPoint\",\"urlTemplate\":\"https:\\\/\\\/hengxingmachinery.com\\\/?s={search_term_string}\"},\"query-input\":{\"@type\":\"PropertyValueSpecification\",\"valueRequired\":true,\"valueName\":\"search_term_string\"}}],\"inLanguage\":\"pt-PT\"},{\"@type\":\"Organization\",\"@id\":\"https:\\\/\\\/hengxingmachinery.com\\\/#organization\",\"name\":\"Hengxing Machinery\",\"url\":\"https:\\\/\\\/hengxingmachinery.com\\\/\",\"logo\":{\"@type\":\"ImageObject\",\"inLanguage\":\"pt-PT\",\"@id\":\"https:\\\/\\\/hengxingmachinery.com\\\/#\\\/schema\\\/logo\\\/image\\\/\",\"url\":\"https:\\\/\\\/hengxingmachinery.com\\\/wp-content\\\/uploads\\\/2024\\\/12\\\/logo.png\",\"contentUrl\":\"https:\\\/\\\/hengxingmachinery.com\\\/wp-content\\\/uploads\\\/2024\\\/12\\\/logo.png\",\"width\":400,\"height\":260,\"caption\":\"Hengxing Machinery\"},\"image\":{\"@id\":\"https:\\\/\\\/hengxingmachinery.com\\\/#\\\/schema\\\/logo\\\/image\\\/\"}}]}<\/script>\n<!-- \/ Yoast SEO plugin. -->","yoast_head_json":{"title":"7-1. M\u00e1quina de corte de reviravolta de solo - Hengxing Machinery","robots":{"index":"index","follow":"follow","max-snippet":"max-snippet:-1","max-image-preview":"max-image-preview:large","max-video-preview":"max-video-preview:-1"},"canonical":"https:\/\/hengxingmachinery.com\/pt\/ground-turnover-cutting-machines\/","og_locale":"pt_PT","og_type":"article","og_title":"7-1. Ground turnover cutting machine - Hengxing Machinery","og_description":"Ground turnover cutting machine Ground turnover cutting machine used for AAC plant: The cutting machine is the main equipment of the AAC production line as well as the core machine of the AAC production line with an annual production capacity of over 50000m3. It&#8217;s the necessary equipment to improve yield and quality. JQF Series Cutting ... Ler mais","og_url":"https:\/\/hengxingmachinery.com\/pt\/ground-turnover-cutting-machines\/","og_site_name":"Hengxing Machinery","article_modified_time":"2025-01-25T02:29:14+00:00","og_image":[{"url":"https:\/\/hengxingmachinery.com\/wp-content\/uploads\/2025\/01\/Ground-Turnover-Cutting-Machine-for-sale.jpg","type":"","width":"","height":""}],"twitter_card":"summary_large_image","twitter_misc":{"Tempo estimado de leitura":"2 minutos"},"schema":{"@context":"https:\/\/schema.org","@graph":[{"@type":"WebPage","@id":"https:\/\/hengxingmachinery.com\/ground-turnover-cutting-machines\/","url":"https:\/\/hengxingmachinery.com\/ground-turnover-cutting-machines\/","name":"7-1. M\u00e1quina de corte de reviravolta de solo - Hengxing Machinery","isPartOf":{"@id":"https:\/\/hengxingmachinery.com\/#website"},"primaryImageOfPage":{"@id":"https:\/\/hengxingmachinery.com\/ground-turnover-cutting-machines\/#primaryimage"},"image":{"@id":"https:\/\/hengxingmachinery.com\/ground-turnover-cutting-machines\/#primaryimage"},"thumbnailUrl":"https:\/\/hengxingmachinery.com\/wp-content\/uploads\/2025\/01\/Ground-Turnover-Cutting-Machine-for-sale.jpg","datePublished":"2025-01-25T02:20:45+00:00","dateModified":"2025-01-25T02:29:14+00:00","breadcrumb":{"@id":"https:\/\/hengxingmachinery.com\/ground-turnover-cutting-machines\/#breadcrumb"},"inLanguage":"pt-PT","potentialAction":[{"@type":"ReadAction","target":["https:\/\/hengxingmachinery.com\/ground-turnover-cutting-machines\/"]}]},{"@type":"ImageObject","inLanguage":"pt-PT","@id":"https:\/\/hengxingmachinery.com\/ground-turnover-cutting-machines\/#primaryimage","url":"https:\/\/hengxingmachinery.com\/wp-content\/uploads\/2025\/01\/Ground-Turnover-Cutting-Machine-for-sale.jpg","contentUrl":"https:\/\/hengxingmachinery.com\/wp-content\/uploads\/2025\/01\/Ground-Turnover-Cutting-Machine-for-sale.jpg"},{"@type":"BreadcrumbList","@id":"https:\/\/hengxingmachinery.com\/ground-turnover-cutting-machines\/#breadcrumb","itemListElement":[{"@type":"ListItem","position":1,"name":"Home","item":"https:\/\/hengxingmachinery.com\/"},{"@type":"ListItem","position":2,"name":"7-1. Ground turnover cutting machine"}]},{"@type":"WebSite","@id":"https:\/\/hengxingmachinery.com\/#website","url":"https:\/\/hengxingmachinery.com\/","name":"M\u00e1quinas Hengxing","description":"Fabricante l\u00edder de todos os tipos de m\u00e1quinas de minera\u00e7\u00e3o","publisher":{"@id":"https:\/\/hengxingmachinery.com\/#organization"},"potentialAction":[{"@type":"SearchAction","target":{"@type":"EntryPoint","urlTemplate":"https:\/\/hengxingmachinery.com\/?s={search_term_string}"},"query-input":{"@type":"PropertyValueSpecification","valueRequired":true,"valueName":"search_term_string"}}],"inLanguage":"pt-PT"},{"@type":"Organization","@id":"https:\/\/hengxingmachinery.com\/#organization","name":"M\u00e1quinas Hengxing","url":"https:\/\/hengxingmachinery.com\/","logo":{"@type":"ImageObject","inLanguage":"pt-PT","@id":"https:\/\/hengxingmachinery.com\/#\/schema\/logo\/image\/","url":"https:\/\/hengxingmachinery.com\/wp-content\/uploads\/2024\/12\/logo.png","contentUrl":"https:\/\/hengxingmachinery.com\/wp-content\/uploads\/2024\/12\/logo.png","width":400,"height":260,"caption":"Hengxing Machinery"},"image":{"@id":"https:\/\/hengxingmachinery.com\/#\/schema\/logo\/image\/"}}]}},"_links":{"self":[{"href":"https:\/\/hengxingmachinery.com\/pt\/wp-json\/wp\/v2\/pages\/1845","targetHints":{"allow":["GET"]}}],"collection":[{"href":"https:\/\/hengxingmachinery.com\/pt\/wp-json\/wp\/v2\/pages"}],"about":[{"href":"https:\/\/hengxingmachinery.com\/pt\/wp-json\/wp\/v2\/types\/page"}],"author":[{"embeddable":true,"href":"https:\/\/hengxingmachinery.com\/pt\/wp-json\/wp\/v2\/users\/1"}],"replies":[{"embeddable":true,"href":"https:\/\/hengxingmachinery.com\/pt\/wp-json\/wp\/v2\/comments?post=1845"}],"version-history":[{"count":4,"href":"https:\/\/hengxingmachinery.com\/pt\/wp-json\/wp\/v2\/pages\/1845\/revisions"}],"predecessor-version":[{"id":1851,"href":"https:\/\/hengxingmachinery.com\/pt\/wp-json\/wp\/v2\/pages\/1845\/revisions\/1851"}],"wp:attachment":[{"href":"https:\/\/hengxingmachinery.com\/pt\/wp-json\/wp\/v2\/media?parent=1845"}],"curies":[{"name":"wp","href":"https:\/\/api.w.org\/{rel}","templated":true}]}}