{"id":1852,"date":"2025-01-25T03:12:48","date_gmt":"2025-01-25T03:12:48","guid":{"rendered":"https:\/\/hengxingmachinery.com\/?page_id=1852"},"modified":"2025-01-25T03:12:49","modified_gmt":"2025-01-25T03:12:49","slug":"pouring-mixer","status":"publish","type":"page","link":"https:\/\/hengxingmachinery.com\/pt\/pouring-mixer\/","title":{"rendered":"7-1. Misturador de despejo"},"content":{"rendered":"<div class=\"gb-container gb-container-45165f5a\">\n<div class=\"gb-container gb-container-c2652eb4\">\n\n<h1 class=\"gb-headline gb-headline-62a8b2cc gb-headline-text\">Misturador de vazamento<\/h1>\n\n<\/div>\n<\/div>\n\n<div class=\"gb-container gb-container-519cf624\">\n<div class=\"gb-container gb-container-71ca071e\">\n<div class=\"gb-grid-wrapper gb-grid-wrapper-8a5f0688\">\n<div class=\"gb-grid-column gb-grid-column-1e99b1c2\"><div class=\"gb-container gb-container-1e99b1c2\">\n\n<figure class=\"gb-block-image gb-block-image-e4eaba54\"><img decoding=\"async\" width=\"665\" height=\"545\" class=\"gb-image gb-image-e4eaba54\" src=\"https:\/\/hengxingmachinery.com\/wp-content\/uploads\/2025\/01\/pouring-mixer-for-sale.jpg\" alt=\"\" title=\"misturador de vazamento \u00e0 venda\" srcset=\"https:\/\/hengxingmachinery.com\/wp-content\/uploads\/2025\/01\/pouring-mixer-for-sale.jpg 665w, https:\/\/hengxingmachinery.com\/wp-content\/uploads\/2025\/01\/pouring-mixer-for-sale-300x246.jpg 300w, https:\/\/hengxingmachinery.com\/wp-content\/uploads\/2025\/01\/pouring-mixer-for-sale-15x12.jpg 15w\" sizes=\"(max-width: 665px) 100vw, 665px\" \/><\/figure>\n\n<\/div><\/div>\n\n<div class=\"gb-grid-column gb-grid-column-bcae065b\"><div class=\"gb-container gb-container-bcae065b\">\n\n<p>A m\u00e1quina de vazamento \u00e9 principalmente utilizada para agitar a suspens\u00e3o de pasta de argamassa, cimento, cal virgem, gesso e p\u00f3 de alum\u00ednio injetada no tanque em uma propor\u00e7\u00e3o espec\u00edfica, garantindo sua mistura uniforme, rea\u00e7\u00e3o completa e o vazamento oportuno da argamassa misturada no molde.<\/p>\n\n\n\n<p><strong><mark style=\"background-color:rgba(0, 0, 0, 0)\" class=\"has-inline-color has-global-color-8-color\">Pot\u00eancia do motor:<\/mark><\/strong> 18,5-45 KW<\/p>\n\n\n\n<p><strong><mark style=\"background-color:rgba(0, 0, 0, 0)\" class=\"has-inline-color has-global-color-8-color\">Volume do misturador de vazamento:<\/mark><\/strong> 4-4,8 m\u00b3<\/p>\n\n\n\n<p><mark style=\"background-color:rgba(0, 0, 0, 0)\" class=\"has-inline-color has-global-color-8-color\"><strong>Campo de aplica\u00e7\u00e3o:<\/strong><\/mark> \u00c9 amplamente utilizado na mistura de cimento, cinzas volantes e outros materiais pulverulentos em diversas constru\u00e7\u00f5es de engenharia.<\/p>\n\n\n<div class=\"gb-container gb-container-256e15f1\">\n\n<a class=\"gb-button gb-button-e8b73d89 gb-button-text\" href=\"#popmake-622\">Obtenha uma cota\u00e7\u00e3o gratuita agora<\/a>\n\n<\/div>\n<\/div><\/div>\n<\/div>\n<\/div>\n<\/div>\n\n<div class=\"gb-container gb-container-af5f8799\">\n<div class=\"gb-container gb-container-2298848b\">\n\n<h2 class=\"gb-headline gb-headline-9d27ad2c gb-headline-text\">Caracter\u00edsticas de desempenho do misturador de vazamento<\/h2>\n\n\n\n<p>1. Os diversos materiais medidos foram totalmente e uniformemente agitados, atingindo os v\u00e1rios \u00edndices f\u00edsico-qu\u00edmicos de vazamento. O equipamento \u00e9 dividido em: tipo fixo e tipo m\u00f3vel, atendendo a diversos requisitos do usu\u00e1rio.<\/p>\n\n\n\n<p>2. Design integrado de veda\u00e7\u00e3o e i\u00e7amento, facilitando o transporte e instala\u00e7\u00e3o, com alta mobilidade. Adota um design de veda\u00e7\u00e3o tipo cont\u00eainer, podendo ser utilizado tanto em esta\u00e7\u00f5es de inje\u00e7\u00e3o fixas quanto tempor\u00e1rias, o que facilita o transporte e a instala\u00e7\u00e3o.<\/p>\n\n\n\n<p>3. A m\u00e1quina de polpa possui seu pr\u00f3prio sistema de controle el\u00e9trico, n\u00e3o necessitando de painel de distribui\u00e7\u00e3o adicional. A produ\u00e7\u00e3o autom\u00e1tica de polpa pode ser iniciada conectando o cabo principal, e a instala\u00e7\u00e3o e ajuste s\u00e3o simples. Tamb\u00e9m pode ser conectada em rede com o computador principal na sala de controle central, possuindo fun\u00e7\u00f5es de controle remoto e local.<\/p>\n\n\n\n<p>4. A parte de transmiss\u00e3o da m\u00e1quina de polpa utiliza veda\u00e7\u00e3o mec\u00e2nica, que possui longa vida \u00fatil, manuten\u00e7\u00e3o simples e bom efeito de veda\u00e7\u00e3o. Todo o processo de produ\u00e7\u00e3o de polpa n\u00e3o gera fen\u00f4menos de gotejamento ou vazamento de argamassa. \u00c9 ambientalmente correto e higi\u00eanico, mantendo o local de trabalho muito organizado.<\/p>\n\n\n<div class=\"gb-container gb-container-d7b7b595\">\n\n<a class=\"gb-button gb-button-c1312760 gb-button-text\" href=\"#popmake-622\">Obtenha uma cota\u00e7\u00e3o gratuita agora<\/a>\n\n<\/div>\n<\/div>\n<\/div>\n\n<div class=\"gb-container gb-container-fea8d83e\">\n<div class=\"gb-container gb-container-95f0e36f\">\n\n<h2 class=\"gb-headline gb-headline-d8cd1550 gb-headline-text\">Princ\u00edpio de funcionamento do misturador de despejo<\/h2>\n\n\n\n<p>Alimente a lama de cinzas volantes ou lama mista pela bomba de lama na caixa de mistura e ligue o motor de mistura; as p\u00e1s come\u00e7am a girar em alta velocidade, pois est\u00e3o inclinadas em um determinado \u00e2ngulo, pressionando a lama e outros materiais secos em p\u00f3 para o fundo da caixa durante a rota\u00e7\u00e3o. Eles s\u00e3o elevados a partir da parede circunferencial da caixa. <\/p>\n\n\n\n<p>Para evitar que a lama gire na parede da caixa, s\u00e3o instaladas 4 placas de amortecimento na parede interna da caixa, impedindo o fluxo circular da lama e for\u00e7ando a lama e outros materiais secos em p\u00f3 a rolarem para cima e para baixo. O fluxo circulat\u00f3rio atinge o objetivo de mistura uniforme. <\/p>\n\n\n\n<p>Quando a lama na caixa de material estiver uniformemente misturada, ligue o motor de deslocamento; o redutor cicloidal planet\u00e1rio aciona a corrente para girar o eixo ativo, fazendo com que a m\u00e1quina de despejo se desloque at\u00e9 o molde montado. Abra a v\u00e1lvula borboleta para iniciar o despejo e, ap\u00f3s a conclus\u00e3o, o carro retorna \u00e0 posi\u00e7\u00e3o fixa original, completando um ciclo de despejo.<\/p>\n\n\n<div class=\"gb-container gb-container-71e5456e\">\n\n<a class=\"gb-button gb-button-eb8722a3 gb-button-text\" href=\"#popmake-622\">Obtenha uma cota\u00e7\u00e3o gratuita agora<\/a>\n\n<\/div>\n<\/div>\n<\/div>\n\n<div class=\"gb-container gb-container-435ad261\">\n<div class=\"gb-container gb-container-7dc79cc4\">\n\n<h2 class=\"gb-headline gb-headline-6fe5dee2 gb-headline-text\">Especifica\u00e7\u00e3o do misturador de vazamento<\/h2>\n\n\n\n<figure class=\"wp-block-table is-style-stripes\"><table class=\"has-fixed-layout\"><tbody><tr><td><strong>Nome<\/strong><\/td><td><strong>Unidade<\/strong><\/td><td><strong>Par\u00e2metro t\u00e9cnico<\/strong><\/td><\/tr><tr><td><strong>Volume do misturador<\/strong><\/td><td>m\u00b3<\/td><td>4\/4.8<\/td><\/tr><tr><td><strong>Velocidade de rota\u00e7\u00e3o do eixo<\/strong><\/td><td>r\/min<\/td><td>210\/312<\/td><\/tr><tr><td><strong>Velocidade do guindaste ponte<\/strong><\/td><td>m\/min<\/td><td>10-20<\/td><\/tr><tr><td><strong>Pot\u00eancia do motor<\/strong><\/td><td>kW<\/td><td>Velocidade de rota\u00e7\u00e3o do eixo<\/td><\/tr><\/tbody><\/table><\/figure>\n\n\n<div class=\"gb-container gb-container-263d9700\">\n\n<a class=\"gb-button gb-button-a4cbb7be gb-button-text\" href=\"#popmake-622\">Obtenha uma cota\u00e7\u00e3o gratuita agora<\/a>\n\n<\/div>\n<\/div>\n<\/div>","protected":false},"excerpt":{"rendered":"<p>Pouring mixer Performance characteristics of \u00a0pouring mixer 1. The measured various materials were fully stirred evenly to reach various physical and chemical indexes of pouring. The equipment is divided into: fixed type and mobile type various requirements user requirements. 2. Integrated sealing and hoisting design, convenient transportation and installation, and strong mobility. It adopts a &#8230; <\/p>\n<p class=\"read-more-container\"><a title=\"7-1. Misturador de despejo\" class=\"read-more button\" href=\"https:\/\/hengxingmachinery.com\/pt\/pouring-mixer\/#more-1852\" aria-label=\"Leia mais sobre 7-1. Pouring mixer\">Ler mais<\/a><\/p>","protected":false},"author":1,"featured_media":0,"parent":0,"menu_order":0,"comment_status":"closed","ping_status":"closed","template":"","meta":{"footnotes":""},"class_list":["post-1852","page","type-page","status-publish"],"yoast_head":"<!-- This site is optimized with the Yoast SEO plugin v27.4 - https:\/\/yoast.com\/product\/yoast-seo-wordpress\/ -->\n<title>7-1. Pouring mixer - Hengxing Machinery<\/title>\n<meta name=\"robots\" content=\"index, follow, max-snippet:-1, max-image-preview:large, max-video-preview:-1\" \/>\n<link rel=\"canonical\" href=\"https:\/\/hengxingmachinery.com\/pt\/pouring-mixer\/\" \/>\n<meta property=\"og:locale\" content=\"pt_PT\" \/>\n<meta property=\"og:type\" content=\"article\" \/>\n<meta property=\"og:title\" content=\"7-1. Pouring mixer - Hengxing Machinery\" \/>\n<meta property=\"og:description\" content=\"Pouring mixer Performance characteristics of \u00a0pouring mixer 1. The measured various materials were fully stirred evenly to reach various physical and chemical indexes of pouring. The equipment is divided into: fixed type and mobile type various requirements user requirements. 2. Integrated sealing and hoisting design, convenient transportation and installation, and strong mobility. It adopts a ... Ler mais\" \/>\n<meta property=\"og:url\" content=\"https:\/\/hengxingmachinery.com\/pt\/pouring-mixer\/\" \/>\n<meta property=\"og:site_name\" content=\"Hengxing Machinery\" \/>\n<meta property=\"article:modified_time\" content=\"2025-01-25T03:12:49+00:00\" \/>\n<meta property=\"og:image\" content=\"https:\/\/hengxingmachinery.com\/wp-content\/uploads\/2025\/01\/pouring-mixer-for-sale.jpg\" \/>\n<meta name=\"twitter:card\" content=\"summary_large_image\" \/>\n<meta name=\"twitter:label1\" content=\"Tempo estimado de leitura\" \/>\n\t<meta name=\"twitter:data1\" content=\"3 minutos\" \/>\n<script type=\"application\/ld+json\" class=\"yoast-schema-graph\">{\"@context\":\"https:\\\/\\\/schema.org\",\"@graph\":[{\"@type\":\"WebPage\",\"@id\":\"https:\\\/\\\/hengxingmachinery.com\\\/pouring-mixer\\\/\",\"url\":\"https:\\\/\\\/hengxingmachinery.com\\\/pouring-mixer\\\/\",\"name\":\"7-1. Pouring mixer - Hengxing Machinery\",\"isPartOf\":{\"@id\":\"https:\\\/\\\/hengxingmachinery.com\\\/#website\"},\"primaryImageOfPage\":{\"@id\":\"https:\\\/\\\/hengxingmachinery.com\\\/pouring-mixer\\\/#primaryimage\"},\"image\":{\"@id\":\"https:\\\/\\\/hengxingmachinery.com\\\/pouring-mixer\\\/#primaryimage\"},\"thumbnailUrl\":\"https:\\\/\\\/hengxingmachinery.com\\\/wp-content\\\/uploads\\\/2025\\\/01\\\/pouring-mixer-for-sale.jpg\",\"datePublished\":\"2025-01-25T03:12:48+00:00\",\"dateModified\":\"2025-01-25T03:12:49+00:00\",\"breadcrumb\":{\"@id\":\"https:\\\/\\\/hengxingmachinery.com\\\/pouring-mixer\\\/#breadcrumb\"},\"inLanguage\":\"pt-PT\",\"potentialAction\":[{\"@type\":\"ReadAction\",\"target\":[\"https:\\\/\\\/hengxingmachinery.com\\\/pouring-mixer\\\/\"]}]},{\"@type\":\"ImageObject\",\"inLanguage\":\"pt-PT\",\"@id\":\"https:\\\/\\\/hengxingmachinery.com\\\/pouring-mixer\\\/#primaryimage\",\"url\":\"https:\\\/\\\/hengxingmachinery.com\\\/wp-content\\\/uploads\\\/2025\\\/01\\\/pouring-mixer-for-sale.jpg\",\"contentUrl\":\"https:\\\/\\\/hengxingmachinery.com\\\/wp-content\\\/uploads\\\/2025\\\/01\\\/pouring-mixer-for-sale.jpg\"},{\"@type\":\"BreadcrumbList\",\"@id\":\"https:\\\/\\\/hengxingmachinery.com\\\/pouring-mixer\\\/#breadcrumb\",\"itemListElement\":[{\"@type\":\"ListItem\",\"position\":1,\"name\":\"Home\",\"item\":\"https:\\\/\\\/hengxingmachinery.com\\\/\"},{\"@type\":\"ListItem\",\"position\":2,\"name\":\"7-1. Pouring mixer\"}]},{\"@type\":\"WebSite\",\"@id\":\"https:\\\/\\\/hengxingmachinery.com\\\/#website\",\"url\":\"https:\\\/\\\/hengxingmachinery.com\\\/\",\"name\":\"Hengxing Machinery\",\"description\":\"Leading Manufacturer of All Sorts of Mining Machinery\",\"publisher\":{\"@id\":\"https:\\\/\\\/hengxingmachinery.com\\\/#organization\"},\"potentialAction\":[{\"@type\":\"SearchAction\",\"target\":{\"@type\":\"EntryPoint\",\"urlTemplate\":\"https:\\\/\\\/hengxingmachinery.com\\\/?s={search_term_string}\"},\"query-input\":{\"@type\":\"PropertyValueSpecification\",\"valueRequired\":true,\"valueName\":\"search_term_string\"}}],\"inLanguage\":\"pt-PT\"},{\"@type\":\"Organization\",\"@id\":\"https:\\\/\\\/hengxingmachinery.com\\\/#organization\",\"name\":\"Hengxing Machinery\",\"url\":\"https:\\\/\\\/hengxingmachinery.com\\\/\",\"logo\":{\"@type\":\"ImageObject\",\"inLanguage\":\"pt-PT\",\"@id\":\"https:\\\/\\\/hengxingmachinery.com\\\/#\\\/schema\\\/logo\\\/image\\\/\",\"url\":\"https:\\\/\\\/hengxingmachinery.com\\\/wp-content\\\/uploads\\\/2024\\\/12\\\/logo.png\",\"contentUrl\":\"https:\\\/\\\/hengxingmachinery.com\\\/wp-content\\\/uploads\\\/2024\\\/12\\\/logo.png\",\"width\":400,\"height\":260,\"caption\":\"Hengxing Machinery\"},\"image\":{\"@id\":\"https:\\\/\\\/hengxingmachinery.com\\\/#\\\/schema\\\/logo\\\/image\\\/\"}}]}<\/script>\n<!-- \/ Yoast SEO plugin. -->","yoast_head_json":{"title":"7-1. Misturador de despejo - Hengxing Machinery","robots":{"index":"index","follow":"follow","max-snippet":"max-snippet:-1","max-image-preview":"max-image-preview:large","max-video-preview":"max-video-preview:-1"},"canonical":"https:\/\/hengxingmachinery.com\/pt\/pouring-mixer\/","og_locale":"pt_PT","og_type":"article","og_title":"7-1. Pouring mixer - Hengxing Machinery","og_description":"Pouring mixer Performance characteristics of \u00a0pouring mixer 1. The measured various materials were fully stirred evenly to reach various physical and chemical indexes of pouring. The equipment is divided into: fixed type and mobile type various requirements user requirements. 2. Integrated sealing and hoisting design, convenient transportation and installation, and strong mobility. It adopts a ... Ler mais","og_url":"https:\/\/hengxingmachinery.com\/pt\/pouring-mixer\/","og_site_name":"Hengxing Machinery","article_modified_time":"2025-01-25T03:12:49+00:00","og_image":[{"url":"https:\/\/hengxingmachinery.com\/wp-content\/uploads\/2025\/01\/pouring-mixer-for-sale.jpg","type":"","width":"","height":""}],"twitter_card":"summary_large_image","twitter_misc":{"Tempo estimado de leitura":"3 minutos"},"schema":{"@context":"https:\/\/schema.org","@graph":[{"@type":"WebPage","@id":"https:\/\/hengxingmachinery.com\/pouring-mixer\/","url":"https:\/\/hengxingmachinery.com\/pouring-mixer\/","name":"7-1. Misturador de despejo - Hengxing Machinery","isPartOf":{"@id":"https:\/\/hengxingmachinery.com\/#website"},"primaryImageOfPage":{"@id":"https:\/\/hengxingmachinery.com\/pouring-mixer\/#primaryimage"},"image":{"@id":"https:\/\/hengxingmachinery.com\/pouring-mixer\/#primaryimage"},"thumbnailUrl":"https:\/\/hengxingmachinery.com\/wp-content\/uploads\/2025\/01\/pouring-mixer-for-sale.jpg","datePublished":"2025-01-25T03:12:48+00:00","dateModified":"2025-01-25T03:12:49+00:00","breadcrumb":{"@id":"https:\/\/hengxingmachinery.com\/pouring-mixer\/#breadcrumb"},"inLanguage":"pt-PT","potentialAction":[{"@type":"ReadAction","target":["https:\/\/hengxingmachinery.com\/pouring-mixer\/"]}]},{"@type":"ImageObject","inLanguage":"pt-PT","@id":"https:\/\/hengxingmachinery.com\/pouring-mixer\/#primaryimage","url":"https:\/\/hengxingmachinery.com\/wp-content\/uploads\/2025\/01\/pouring-mixer-for-sale.jpg","contentUrl":"https:\/\/hengxingmachinery.com\/wp-content\/uploads\/2025\/01\/pouring-mixer-for-sale.jpg"},{"@type":"BreadcrumbList","@id":"https:\/\/hengxingmachinery.com\/pouring-mixer\/#breadcrumb","itemListElement":[{"@type":"ListItem","position":1,"name":"Home","item":"https:\/\/hengxingmachinery.com\/"},{"@type":"ListItem","position":2,"name":"7-1. Pouring mixer"}]},{"@type":"WebSite","@id":"https:\/\/hengxingmachinery.com\/#website","url":"https:\/\/hengxingmachinery.com\/","name":"M\u00e1quinas Hengxing","description":"Fabricante l\u00edder de todos os tipos de m\u00e1quinas de minera\u00e7\u00e3o","publisher":{"@id":"https:\/\/hengxingmachinery.com\/#organization"},"potentialAction":[{"@type":"SearchAction","target":{"@type":"EntryPoint","urlTemplate":"https:\/\/hengxingmachinery.com\/?s={search_term_string}"},"query-input":{"@type":"PropertyValueSpecification","valueRequired":true,"valueName":"search_term_string"}}],"inLanguage":"pt-PT"},{"@type":"Organization","@id":"https:\/\/hengxingmachinery.com\/#organization","name":"M\u00e1quinas Hengxing","url":"https:\/\/hengxingmachinery.com\/","logo":{"@type":"ImageObject","inLanguage":"pt-PT","@id":"https:\/\/hengxingmachinery.com\/#\/schema\/logo\/image\/","url":"https:\/\/hengxingmachinery.com\/wp-content\/uploads\/2024\/12\/logo.png","contentUrl":"https:\/\/hengxingmachinery.com\/wp-content\/uploads\/2024\/12\/logo.png","width":400,"height":260,"caption":"Hengxing Machinery"},"image":{"@id":"https:\/\/hengxingmachinery.com\/#\/schema\/logo\/image\/"}}]}},"_links":{"self":[{"href":"https:\/\/hengxingmachinery.com\/pt\/wp-json\/wp\/v2\/pages\/1852","targetHints":{"allow":["GET"]}}],"collection":[{"href":"https:\/\/hengxingmachinery.com\/pt\/wp-json\/wp\/v2\/pages"}],"about":[{"href":"https:\/\/hengxingmachinery.com\/pt\/wp-json\/wp\/v2\/types\/page"}],"author":[{"embeddable":true,"href":"https:\/\/hengxingmachinery.com\/pt\/wp-json\/wp\/v2\/users\/1"}],"replies":[{"embeddable":true,"href":"https:\/\/hengxingmachinery.com\/pt\/wp-json\/wp\/v2\/comments?post=1852"}],"version-history":[{"count":3,"href":"https:\/\/hengxingmachinery.com\/pt\/wp-json\/wp\/v2\/pages\/1852\/revisions"}],"predecessor-version":[{"id":1856,"href":"https:\/\/hengxingmachinery.com\/pt\/wp-json\/wp\/v2\/pages\/1852\/revisions\/1856"}],"wp:attachment":[{"href":"https:\/\/hengxingmachinery.com\/pt\/wp-json\/wp\/v2\/media?parent=1852"}],"curies":[{"name":"wp","href":"https:\/\/api.w.org\/{rel}","templated":true}]}}