{"id":1974,"date":"2025-03-07T03:00:19","date_gmt":"2025-03-07T03:00:19","guid":{"rendered":"https:\/\/hengxingmachinery.com\/?page_id=1974"},"modified":"2025-03-07T03:00:20","modified_gmt":"2025-03-07T03:00:20","slug":"coke-powder-briquette-machine","status":"publish","type":"page","link":"https:\/\/hengxingmachinery.com\/pt\/coke-powder-briquette-machine\/","title":{"rendered":"8-1. M\u00e1quina de briquetagem de p\u00f3 de coque"},"content":{"rendered":"<div class=\"gb-container gb-container-45165f5a\">\n<div class=\"gb-container gb-container-c2652eb4\">\n\n<h1 class=\"gb-headline gb-headline-62a8b2cc gb-headline-text\">M\u00e1quina de briquete de p\u00f3 de coque<\/h1>\n\n<\/div>\n<\/div>\n\n<div class=\"gb-container gb-container-519cf624\">\n<div class=\"gb-container gb-container-71ca071e\">\n<div class=\"gb-grid-wrapper gb-grid-wrapper-8a5f0688\">\n<div class=\"gb-grid-column gb-grid-column-1e99b1c2\"><div class=\"gb-container gb-container-1e99b1c2\">\n\n<figure class=\"gb-block-image gb-block-image-e4eaba54\"><img decoding=\"async\" width=\"665\" height=\"545\" class=\"gb-image gb-image-e4eaba54\" src=\"https:\/\/hengxingmachinery.com\/wp-content\/uploads\/2025\/03\/coke-powder-briquette-machine-forsale.jpg\" alt=\"\" title=\"M\u00e1quina de briquetagem de p\u00f3 de coque \u00e0 venda\" srcset=\"https:\/\/hengxingmachinery.com\/wp-content\/uploads\/2025\/03\/coke-powder-briquette-machine-forsale.jpg 665w, https:\/\/hengxingmachinery.com\/wp-content\/uploads\/2025\/03\/coke-powder-briquette-machine-forsale-300x246.jpg 300w, https:\/\/hengxingmachinery.com\/wp-content\/uploads\/2025\/03\/coke-powder-briquette-machine-forsale-15x12.jpg 15w\" sizes=\"(max-width: 665px) 100vw, 665px\" \/><\/figure>\n\n<\/div><\/div>\n\n<div class=\"gb-grid-column gb-grid-column-bcae065b\"><div class=\"gb-container gb-container-bcae065b\">\n\n<p><\/p>\n\n\n<div class=\"gb-grid-wrapper gb-grid-wrapper-eebec76e\">\n<div class=\"gb-grid-column gb-grid-column-e3ada2f0\"><div class=\"gb-container gb-container-e3ada2f0\">\n\n<p class=\"gb-headline gb-headline-4c79a90a gb-headline-text\"><mark style=\"background-color:rgba(0, 0, 0, 0)\" class=\"has-inline-color has-global-color-8-color\"><strong>Poder:<\/strong><\/mark> 5,5-10 Kw<\/p>\n\n\n\n<p><\/p>\n\n<\/div><\/div>\n\n<div class=\"gb-grid-column gb-grid-column-0bb00826\"><div class=\"gb-container gb-container-0bb00826\">\n\n<p class=\"gb-headline gb-headline-86d53f56 gb-headline-text\"><strong><mark style=\"background-color:rgba(0, 0, 0, 0)\" class=\"has-inline-color has-global-color-8-color\">Produ\u00e7\u00e3o: <\/mark><\/strong>0,8-30t\/h<\/p>\n\n\n\n<p><\/p>\n\n<\/div><\/div>\n<\/div>\n\n\n<p class=\"gb-headline gb-headline-2750f5a7 gb-headline-text\"><strong>Materiais aplic\u00e1veis: <\/strong><\/p>\n\n\n\n<p>P\u00f3 de carv\u00e3o, p\u00f3 de coque, v\u00e1rios min\u00e9rios em p\u00f3 de metais n\u00e3o ferrosos pretos, esc\u00f3ria de \u00f3xido de ferro, cinzas de despoeiramento, lodo, materiais refrat\u00e1rios, etc.<\/p>\n\n\n<div class=\"gb-container gb-container-256e15f1\">\n\n<a class=\"gb-button gb-button-e8b73d89 gb-button-text\" href=\"#popmake-622\">Obtenha uma cota\u00e7\u00e3o gratuita agora<\/a>\n\n<\/div>\n<\/div><\/div>\n<\/div>\n<\/div>\n<\/div>\n\n<div class=\"gb-container gb-container-af5f8799\">\n<div class=\"gb-container gb-container-2298848b\">\n\n<h2 class=\"gb-headline gb-headline-9d27ad2c gb-headline-text\">Estrutura da m\u00e1quina de briquetagem de p\u00f3 de coque<\/h2>\n\n\n\n<figure class=\"gb-block-image gb-block-image-8196b82f\"><img decoding=\"async\" width=\"2560\" height=\"476\" class=\"gb-image gb-image-8196b82f\" src=\"https:\/\/hengxingmachinery.com\/wp-content\/uploads\/2025\/03\/structure-of-coke-powder-briquette-machine-scaled.jpg\" alt=\"\" title=\"Estrutura da m\u00e1quina de briquetagem de p\u00f3 de coque\" srcset=\"https:\/\/hengxingmachinery.com\/wp-content\/uploads\/2025\/03\/structure-of-coke-powder-briquette-machine-scaled.jpg 2560w, https:\/\/hengxingmachinery.com\/wp-content\/uploads\/2025\/03\/structure-of-coke-powder-briquette-machine-300x56.jpg 300w, https:\/\/hengxingmachinery.com\/wp-content\/uploads\/2025\/03\/structure-of-coke-powder-briquette-machine-1024x190.jpg 1024w, https:\/\/hengxingmachinery.com\/wp-content\/uploads\/2025\/03\/structure-of-coke-powder-briquette-machine-768x143.jpg 768w, https:\/\/hengxingmachinery.com\/wp-content\/uploads\/2025\/03\/structure-of-coke-powder-briquette-machine-1536x286.jpg 1536w, https:\/\/hengxingmachinery.com\/wp-content\/uploads\/2025\/03\/structure-of-coke-powder-briquette-machine-2048x381.jpg 2048w, https:\/\/hengxingmachinery.com\/wp-content\/uploads\/2025\/03\/structure-of-coke-powder-briquette-machine-18x3.jpg 18w\" sizes=\"(max-width: 2560px) 100vw, 2560px\" \/><\/figure>\n\n\n\n<p>1. A parte de alimenta\u00e7\u00e3o \u00e9 utilizada para introduzir o material, permitindo que este seja distribu\u00eddo uniformemente para os rolos, sendo acionada por uma espiral que inclui um motor eletromagn\u00e9tico.<\/p>\n\n\n\n<p>2. A parte de transmiss\u00e3o, cujo sistema principal de transmiss\u00e3o \u00e9: Motor \u2013 correia em V \u2013 redutor \u2013 engrenagem aberta \u2013 rolo.<\/p>\n\n\n\n<p>3. Parte de moldagem, refere-se principalmente \u00e0 se\u00e7\u00e3o da m\u00e1quina principal, cujo componente central \u00e9 o rolo.<\/p>\n\n\n<div class=\"gb-container gb-container-d7b7b595\">\n\n<a class=\"gb-button gb-button-c1312760 gb-button-text\" href=\"#popmake-622\">Obtenha uma cota\u00e7\u00e3o gratuita agora<\/a>\n\n<\/div>\n<\/div>\n<\/div>\n\n<div class=\"gb-container gb-container-ebd718b6\">\n<div class=\"gb-container gb-container-ae7c516c\">\n<div class=\"gb-container gb-container-5c75b960\">\n\n<h2 class=\"gb-headline gb-headline-98859344 gb-headline-text\">Caracter\u00edsticas de desempenho da m\u00e1quina de briquetagem de p\u00f3 de coque<\/h2>\n\n\n\n<figure class=\"gb-block-image gb-block-image-56f3f481\"><img decoding=\"async\" width=\"600\" height=\"500\" class=\"gb-image gb-image-56f3f481\" src=\"https:\/\/hengxingmachinery.com\/wp-content\/uploads\/2025\/03\/Industrial-Coal-Briquetting-Equipment-For-Coal-Dust-Coal-Fines.jpg\" alt=\"\" title=\"Equipamento Industrial de Briquetagem de Carv\u00e3o para P\u00f3 de Carv\u00e3o e Finos de Carv\u00e3o\" srcset=\"https:\/\/hengxingmachinery.com\/wp-content\/uploads\/2025\/03\/Industrial-Coal-Briquetting-Equipment-For-Coal-Dust-Coal-Fines.jpg 600w, https:\/\/hengxingmachinery.com\/wp-content\/uploads\/2025\/03\/Industrial-Coal-Briquetting-Equipment-For-Coal-Dust-Coal-Fines-300x250.jpg 300w, https:\/\/hengxingmachinery.com\/wp-content\/uploads\/2025\/03\/Industrial-Coal-Briquetting-Equipment-For-Coal-Dust-Coal-Fines-14x12.jpg 14w\" sizes=\"(max-width: 600px) 100vw, 600px\" \/><\/figure>\n\n\n\n<p><\/p>\n\n\n\n<p>1. Pode prensar diferentes formatos de produtos acabados conforme as necessidades dos clientes.<\/p>\n\n\n\n<p>2. Velocidade est\u00e1vel, alta taxa de moldagem e excelente apar\u00eancia do produto prensado.<\/p>\n\n\n\n<p>3. Com maior press\u00e3o de moldagem, a qualidade dos produtos prensados \u00e9 significativamente melhorada.<\/p>\n\n\n\n<p>4. Desmoldagem suave, menos poeira e menor ru\u00eddo.<\/p>\n\n\n\n<p>5. O sistema de moldagem \u00e9 est\u00e1vel e seguro, a manuten\u00e7\u00e3o posterior \u00e9 reduzida e a substitui\u00e7\u00e3o das diversas pe\u00e7as \u00e9 de f\u00e1cil opera\u00e7\u00e3o.<\/p>\n\n\n\n<p>6. Como a estrutura \u00e9 relativamente compacta, simples e ocupa pouco espa\u00e7o, pode trabalhar de forma est\u00e1vel e cont\u00ednua.<\/p>\n\n\n<div class=\"gb-container gb-container-d6bbf16a\">\n\n<a class=\"gb-button gb-button-caa3f2bc gb-button-text\" href=\"#popmake-622\">Obtenha uma cota\u00e7\u00e3o gratuita agora<\/a>\n\n<\/div>\n<\/div>\n<\/div>\n<\/div>\n\n<div class=\"gb-container gb-container-435ad261\">\n<div class=\"gb-container gb-container-7dc79cc4\">\n\n<h2 class=\"gb-headline gb-headline-6fe5dee2 gb-headline-text\">Especifica\u00e7\u00f5es da m\u00e1quina de briquetagem de p\u00f3 de coque<\/h2>\n\n\n\n<figure class=\"wp-block-table is-style-stripes\"><table class=\"has-fixed-layout\"><tbody><tr><td><strong>Modelo<\/strong>&nbsp;<\/td><td><strong>Redutor&nbsp;<\/strong><\/td><td><strong>Tamanho do rolo&nbsp;<\/strong><\/td><td><strong>Pot\u00eancia (Kw)<\/strong><\/td><td><strong>Produ\u00e7\u00e3o (t\/h)<\/strong><\/td><td><strong>Material do rolo<\/strong><\/td><td><strong>Press\u00e3o do rolo (t\/cm)<\/strong><\/td><\/tr><tr><td>HX290<\/td><td>ZQ300<\/td><td>\u03a6290<\/td><td>5.5<\/td><td>0.8-2<\/td><td>65Mn<\/td><td>1<\/td><\/tr><tr><td>HX 360<\/td><td>ZQ350<\/td><td>\u03a6360<\/td><td>7.5<\/td><td>2-3.5<\/td><td>65Mn\/9Cr2Mo<\/td><td>1<\/td><\/tr><tr><td>HX 400<\/td><td>ZQ400<\/td><td>\u03a6400<\/td><td>11<\/td><td>4-5<\/td><td>65Mn\/9Cr2Mo<\/td><td>1<\/td><\/tr><tr><td>HX 430<\/td><td>ZQ400<\/td><td>\u03a6430<\/td><td>11<\/td><td>5-7<\/td><td>65Mn\/9Cr2Mo<\/td><td>1-2<\/td><\/tr><tr><td>HX 500<\/td><td>ZQ500<\/td><td>\u03a6500<\/td><td>18.5-30<\/td><td>6-8<\/td><td>65Mn\/9Cr2Mo<\/td><td>1-2.5<\/td><\/tr><tr><td>HX 650<\/td><td>ZQ650<\/td><td>\u03a6650<\/td><td>22<\/td><td>8-12<\/td><td>65Mn\/9Cr2Mo<\/td><td>1-2.5<\/td><\/tr><tr><td>HX 750<\/td><td>ZQ750<\/td><td>\u03a6750<\/td><td>30-75<\/td><td>12-18<\/td><td>65Mn\/9Cr2Mo<\/td><td>1-2.5<\/td><\/tr><tr><td>HX 850<\/td><td>ZQ850<\/td><td>\u03a6850<\/td><td>55-90<\/td><td>18-25<\/td><td>65Mn\/9Cr2Mo<\/td><td>1-2.5<\/td><\/tr><tr><td>HX 1000<\/td><td>ZQ1000<\/td><td>\u03a61000<\/td><td>75-130<\/td><td>25-30<\/td><td>65Mn\/9Cr2Mo<\/td><td>2-2.5<\/td><\/tr><\/tbody><\/table><\/figure>\n\n\n<div class=\"gb-container gb-container-263d9700\">\n\n<a class=\"gb-button gb-button-a4cbb7be gb-button-text\" href=\"#popmake-622\">Obtenha uma cota\u00e7\u00e3o gratuita agora<\/a>\n\n<\/div>\n<\/div>\n<\/div>","protected":false},"excerpt":{"rendered":"<p>Coke powder briquette machine Structure of coke powder briquette machine 1. The feeding part is used to feed material so that the material can feed to roller evenly, it is drived by Spiral comprises electromagnetic motor. 2. The transmission part, main transmission system is: Motor &#8211; triangle belt &#8211; reducer &#8211; Open Gear &#8211; roll. &#8230; <\/p>\n<p class=\"read-more-container\"><a title=\"8-1. M\u00e1quina de briquetagem de p\u00f3 de coque\" class=\"read-more button\" href=\"https:\/\/hengxingmachinery.com\/pt\/coke-powder-briquette-machine\/#more-1974\" aria-label=\"Leia mais sobre 8-1. Coke powder briquette machine\">Ler mais<\/a><\/p>","protected":false},"author":1,"featured_media":0,"parent":0,"menu_order":0,"comment_status":"closed","ping_status":"closed","template":"","meta":{"footnotes":""},"class_list":["post-1974","page","type-page","status-publish"],"yoast_head":"<!-- This site is optimized with the Yoast SEO plugin v27.5 - https:\/\/yoast.com\/product\/yoast-seo-wordpress\/ -->\n<title>8-1. Coke powder briquette machine - Hengxing Machinery<\/title>\n<meta name=\"robots\" content=\"index, follow, max-snippet:-1, max-image-preview:large, max-video-preview:-1\" \/>\n<link rel=\"canonical\" href=\"https:\/\/hengxingmachinery.com\/pt\/coke-powder-briquette-machine\/\" \/>\n<meta property=\"og:locale\" content=\"pt_PT\" \/>\n<meta property=\"og:type\" content=\"article\" \/>\n<meta property=\"og:title\" content=\"8-1. Coke powder briquette machine - Hengxing Machinery\" \/>\n<meta property=\"og:description\" content=\"Coke powder briquette machine Structure of coke powder briquette machine 1. The feeding part is used to feed material so that the material can feed to roller evenly, it is drived by Spiral comprises electromagnetic motor. 2. The transmission part, main transmission system is: Motor &#8211; triangle belt &#8211; reducer &#8211; Open Gear &#8211; roll. ... Ler mais\" \/>\n<meta property=\"og:url\" content=\"https:\/\/hengxingmachinery.com\/pt\/coke-powder-briquette-machine\/\" \/>\n<meta property=\"og:site_name\" content=\"Hengxing Machinery\" \/>\n<meta property=\"article:modified_time\" content=\"2025-03-07T03:00:20+00:00\" \/>\n<meta property=\"og:image\" content=\"https:\/\/hengxingmachinery.com\/wp-content\/uploads\/2025\/03\/coke-powder-briquette-machine-forsale.jpg\" \/>\n<meta name=\"twitter:card\" content=\"summary_large_image\" \/>\n<meta name=\"twitter:label1\" content=\"Tempo estimado de leitura\" \/>\n\t<meta name=\"twitter:data1\" content=\"2 minutos\" \/>\n<script type=\"application\/ld+json\" class=\"yoast-schema-graph\">{\"@context\":\"https:\\\/\\\/schema.org\",\"@graph\":[{\"@type\":\"WebPage\",\"@id\":\"https:\\\/\\\/hengxingmachinery.com\\\/coke-powder-briquette-machine\\\/\",\"url\":\"https:\\\/\\\/hengxingmachinery.com\\\/coke-powder-briquette-machine\\\/\",\"name\":\"8-1. Coke powder briquette machine - Hengxing Machinery\",\"isPartOf\":{\"@id\":\"https:\\\/\\\/hengxingmachinery.com\\\/#website\"},\"primaryImageOfPage\":{\"@id\":\"https:\\\/\\\/hengxingmachinery.com\\\/coke-powder-briquette-machine\\\/#primaryimage\"},\"image\":{\"@id\":\"https:\\\/\\\/hengxingmachinery.com\\\/coke-powder-briquette-machine\\\/#primaryimage\"},\"thumbnailUrl\":\"https:\\\/\\\/hengxingmachinery.com\\\/wp-content\\\/uploads\\\/2025\\\/03\\\/coke-powder-briquette-machine-forsale.jpg\",\"datePublished\":\"2025-03-07T03:00:19+00:00\",\"dateModified\":\"2025-03-07T03:00:20+00:00\",\"breadcrumb\":{\"@id\":\"https:\\\/\\\/hengxingmachinery.com\\\/coke-powder-briquette-machine\\\/#breadcrumb\"},\"inLanguage\":\"pt-PT\",\"potentialAction\":[{\"@type\":\"ReadAction\",\"target\":[\"https:\\\/\\\/hengxingmachinery.com\\\/coke-powder-briquette-machine\\\/\"]}]},{\"@type\":\"ImageObject\",\"inLanguage\":\"pt-PT\",\"@id\":\"https:\\\/\\\/hengxingmachinery.com\\\/coke-powder-briquette-machine\\\/#primaryimage\",\"url\":\"https:\\\/\\\/hengxingmachinery.com\\\/wp-content\\\/uploads\\\/2025\\\/03\\\/coke-powder-briquette-machine-forsale.jpg\",\"contentUrl\":\"https:\\\/\\\/hengxingmachinery.com\\\/wp-content\\\/uploads\\\/2025\\\/03\\\/coke-powder-briquette-machine-forsale.jpg\"},{\"@type\":\"BreadcrumbList\",\"@id\":\"https:\\\/\\\/hengxingmachinery.com\\\/coke-powder-briquette-machine\\\/#breadcrumb\",\"itemListElement\":[{\"@type\":\"ListItem\",\"position\":1,\"name\":\"Home\",\"item\":\"https:\\\/\\\/hengxingmachinery.com\\\/\"},{\"@type\":\"ListItem\",\"position\":2,\"name\":\"8-1. Coke powder briquette machine\"}]},{\"@type\":\"WebSite\",\"@id\":\"https:\\\/\\\/hengxingmachinery.com\\\/#website\",\"url\":\"https:\\\/\\\/hengxingmachinery.com\\\/\",\"name\":\"Hengxing Machinery\",\"description\":\"Leading Manufacturer of All Sorts of Mining Machinery\",\"publisher\":{\"@id\":\"https:\\\/\\\/hengxingmachinery.com\\\/#organization\"},\"potentialAction\":[{\"@type\":\"SearchAction\",\"target\":{\"@type\":\"EntryPoint\",\"urlTemplate\":\"https:\\\/\\\/hengxingmachinery.com\\\/?s={search_term_string}\"},\"query-input\":{\"@type\":\"PropertyValueSpecification\",\"valueRequired\":true,\"valueName\":\"search_term_string\"}}],\"inLanguage\":\"pt-PT\"},{\"@type\":\"Organization\",\"@id\":\"https:\\\/\\\/hengxingmachinery.com\\\/#organization\",\"name\":\"Hengxing Machinery\",\"url\":\"https:\\\/\\\/hengxingmachinery.com\\\/\",\"logo\":{\"@type\":\"ImageObject\",\"inLanguage\":\"pt-PT\",\"@id\":\"https:\\\/\\\/hengxingmachinery.com\\\/#\\\/schema\\\/logo\\\/image\\\/\",\"url\":\"https:\\\/\\\/hengxingmachinery.com\\\/wp-content\\\/uploads\\\/2024\\\/12\\\/logo.png\",\"contentUrl\":\"https:\\\/\\\/hengxingmachinery.com\\\/wp-content\\\/uploads\\\/2024\\\/12\\\/logo.png\",\"width\":400,\"height\":260,\"caption\":\"Hengxing Machinery\"},\"image\":{\"@id\":\"https:\\\/\\\/hengxingmachinery.com\\\/#\\\/schema\\\/logo\\\/image\\\/\"}}]}<\/script>\n<!-- \/ Yoast SEO plugin. -->","yoast_head_json":{"title":"8-1. M\u00e1quina de briquetagem de p\u00f3 de coque - Hengxing Machinery","robots":{"index":"index","follow":"follow","max-snippet":"max-snippet:-1","max-image-preview":"max-image-preview:large","max-video-preview":"max-video-preview:-1"},"canonical":"https:\/\/hengxingmachinery.com\/pt\/coke-powder-briquette-machine\/","og_locale":"pt_PT","og_type":"article","og_title":"8-1. Coke powder briquette machine - Hengxing Machinery","og_description":"Coke powder briquette machine Structure of coke powder briquette machine 1. The feeding part is used to feed material so that the material can feed to roller evenly, it is drived by Spiral comprises electromagnetic motor. 2. The transmission part, main transmission system is: Motor &#8211; triangle belt &#8211; reducer &#8211; Open Gear &#8211; roll. ... Ler mais","og_url":"https:\/\/hengxingmachinery.com\/pt\/coke-powder-briquette-machine\/","og_site_name":"Hengxing Machinery","article_modified_time":"2025-03-07T03:00:20+00:00","og_image":[{"url":"https:\/\/hengxingmachinery.com\/wp-content\/uploads\/2025\/03\/coke-powder-briquette-machine-forsale.jpg","type":"","width":"","height":""}],"twitter_card":"summary_large_image","twitter_misc":{"Tempo estimado de leitura":"2 minutos"},"schema":{"@context":"https:\/\/schema.org","@graph":[{"@type":"WebPage","@id":"https:\/\/hengxingmachinery.com\/coke-powder-briquette-machine\/","url":"https:\/\/hengxingmachinery.com\/coke-powder-briquette-machine\/","name":"8-1. M\u00e1quina de briquetagem de p\u00f3 de coque - Hengxing Machinery","isPartOf":{"@id":"https:\/\/hengxingmachinery.com\/#website"},"primaryImageOfPage":{"@id":"https:\/\/hengxingmachinery.com\/coke-powder-briquette-machine\/#primaryimage"},"image":{"@id":"https:\/\/hengxingmachinery.com\/coke-powder-briquette-machine\/#primaryimage"},"thumbnailUrl":"https:\/\/hengxingmachinery.com\/wp-content\/uploads\/2025\/03\/coke-powder-briquette-machine-forsale.jpg","datePublished":"2025-03-07T03:00:19+00:00","dateModified":"2025-03-07T03:00:20+00:00","breadcrumb":{"@id":"https:\/\/hengxingmachinery.com\/coke-powder-briquette-machine\/#breadcrumb"},"inLanguage":"pt-PT","potentialAction":[{"@type":"ReadAction","target":["https:\/\/hengxingmachinery.com\/coke-powder-briquette-machine\/"]}]},{"@type":"ImageObject","inLanguage":"pt-PT","@id":"https:\/\/hengxingmachinery.com\/coke-powder-briquette-machine\/#primaryimage","url":"https:\/\/hengxingmachinery.com\/wp-content\/uploads\/2025\/03\/coke-powder-briquette-machine-forsale.jpg","contentUrl":"https:\/\/hengxingmachinery.com\/wp-content\/uploads\/2025\/03\/coke-powder-briquette-machine-forsale.jpg"},{"@type":"BreadcrumbList","@id":"https:\/\/hengxingmachinery.com\/coke-powder-briquette-machine\/#breadcrumb","itemListElement":[{"@type":"ListItem","position":1,"name":"Home","item":"https:\/\/hengxingmachinery.com\/"},{"@type":"ListItem","position":2,"name":"8-1. Coke powder briquette machine"}]},{"@type":"WebSite","@id":"https:\/\/hengxingmachinery.com\/#website","url":"https:\/\/hengxingmachinery.com\/","name":"M\u00e1quinas Hengxing","description":"Fabricante l\u00edder de todos os tipos de m\u00e1quinas de minera\u00e7\u00e3o","publisher":{"@id":"https:\/\/hengxingmachinery.com\/#organization"},"potentialAction":[{"@type":"SearchAction","target":{"@type":"EntryPoint","urlTemplate":"https:\/\/hengxingmachinery.com\/?s={search_term_string}"},"query-input":{"@type":"PropertyValueSpecification","valueRequired":true,"valueName":"search_term_string"}}],"inLanguage":"pt-PT"},{"@type":"Organization","@id":"https:\/\/hengxingmachinery.com\/#organization","name":"M\u00e1quinas Hengxing","url":"https:\/\/hengxingmachinery.com\/","logo":{"@type":"ImageObject","inLanguage":"pt-PT","@id":"https:\/\/hengxingmachinery.com\/#\/schema\/logo\/image\/","url":"https:\/\/hengxingmachinery.com\/wp-content\/uploads\/2024\/12\/logo.png","contentUrl":"https:\/\/hengxingmachinery.com\/wp-content\/uploads\/2024\/12\/logo.png","width":400,"height":260,"caption":"Hengxing Machinery"},"image":{"@id":"https:\/\/hengxingmachinery.com\/#\/schema\/logo\/image\/"}}]}},"_links":{"self":[{"href":"https:\/\/hengxingmachinery.com\/pt\/wp-json\/wp\/v2\/pages\/1974","targetHints":{"allow":["GET"]}}],"collection":[{"href":"https:\/\/hengxingmachinery.com\/pt\/wp-json\/wp\/v2\/pages"}],"about":[{"href":"https:\/\/hengxingmachinery.com\/pt\/wp-json\/wp\/v2\/types\/page"}],"author":[{"embeddable":true,"href":"https:\/\/hengxingmachinery.com\/pt\/wp-json\/wp\/v2\/users\/1"}],"replies":[{"embeddable":true,"href":"https:\/\/hengxingmachinery.com\/pt\/wp-json\/wp\/v2\/comments?post=1974"}],"version-history":[{"count":2,"href":"https:\/\/hengxingmachinery.com\/pt\/wp-json\/wp\/v2\/pages\/1974\/revisions"}],"predecessor-version":[{"id":1979,"href":"https:\/\/hengxingmachinery.com\/pt\/wp-json\/wp\/v2\/pages\/1974\/revisions\/1979"}],"wp:attachment":[{"href":"https:\/\/hengxingmachinery.com\/pt\/wp-json\/wp\/v2\/media?parent=1974"}],"curies":[{"name":"wp","href":"https:\/\/api.w.org\/{rel}","templated":true}]}}