{"id":2015,"date":"2025-03-11T09:28:07","date_gmt":"2025-03-11T09:28:07","guid":{"rendered":"https:\/\/hengxingmachinery.com\/?page_id=2015"},"modified":"2025-03-11T09:29:15","modified_gmt":"2025-03-11T09:29:15","slug":"dry-powder-briquette-press-machine","status":"publish","type":"page","link":"https:\/\/hengxingmachinery.com\/pt\/dry-powder-briquette-press-machine\/","title":{"rendered":"8-1. M\u00e1quina de prensagem de briquetes de p\u00f3 seco"},"content":{"rendered":"<div class=\"gb-container gb-container-45165f5a\">\n<div class=\"gb-container gb-container-c2652eb4\">\n\n<h1 class=\"gb-headline gb-headline-62a8b2cc gb-headline-text\">M\u00e1quina de prensagem de briquetes de p\u00f3 seco<\/h1>\n\n<\/div>\n<\/div>\n\n<div class=\"gb-container gb-container-519cf624\">\n<div class=\"gb-container gb-container-71ca071e\">\n<div class=\"gb-grid-wrapper gb-grid-wrapper-8a5f0688\">\n<div class=\"gb-grid-column gb-grid-column-1e99b1c2\"><div class=\"gb-container gb-container-1e99b1c2\">\n\n<figure class=\"gb-block-image gb-block-image-e4eaba54\"><img decoding=\"async\" width=\"665\" height=\"545\" class=\"gb-image gb-image-e4eaba54\" src=\"https:\/\/hengxingmachinery.com\/wp-content\/uploads\/2025\/03\/Dry-Powder-Briquette-Pressing-Equipment.jpg\" alt=\"\" title=\"Equipamento de Prensa para Briquetagem de P\u00f3 Seco\" srcset=\"https:\/\/hengxingmachinery.com\/wp-content\/uploads\/2025\/03\/Dry-Powder-Briquette-Pressing-Equipment.jpg 665w, https:\/\/hengxingmachinery.com\/wp-content\/uploads\/2025\/03\/Dry-Powder-Briquette-Pressing-Equipment-300x246.jpg 300w, https:\/\/hengxingmachinery.com\/wp-content\/uploads\/2025\/03\/Dry-Powder-Briquette-Pressing-Equipment-15x12.jpg 15w\" sizes=\"(max-width: 665px) 100vw, 665px\" \/><\/figure>\n\n<\/div><\/div>\n\n<div class=\"gb-grid-column gb-grid-column-bcae065b\"><div class=\"gb-container gb-container-bcae065b\">\n\n<p><\/p>\n\n\n<div class=\"gb-grid-wrapper gb-grid-wrapper-eebec76e\">\n<div class=\"gb-grid-column gb-grid-column-e3ada2f0\"><div class=\"gb-container gb-container-e3ada2f0\">\n\n<p class=\"gb-headline gb-headline-4c79a90a gb-headline-text\"><mark style=\"background-color:rgba(0, 0, 0, 0)\" class=\"has-inline-color has-global-color-8-color\"><strong>Poder:<\/strong><\/mark> 45-90 Kw<\/p>\n\n\n\n<p><\/p>\n\n<\/div><\/div>\n\n<div class=\"gb-grid-column gb-grid-column-0bb00826\"><div class=\"gb-container gb-container-0bb00826\">\n\n<p class=\"gb-headline gb-headline-86d53f56 gb-headline-text\"><strong><mark style=\"background-color:rgba(0, 0, 0, 0)\" class=\"has-inline-color has-global-color-8-color\">Produ\u00e7\u00e3o: <\/mark><\/strong>2-15t\/h<\/p>\n\n\n\n<p><\/p>\n\n<\/div><\/div>\n<\/div>\n\n\n<p class=\"gb-headline gb-headline-2750f5a7 gb-headline-text\"><strong>Aplica\u00e7\u00e3o: <\/strong><\/p>\n\n\n\n<p>Uma prensa hidr\u00e1ulica para briquetagem de p\u00f3 seco \u00e9 utilizada para produzir briquetes a partir de p\u00f3 de cal, p\u00f3 de ferrossil\u00edcio, p\u00f3 de cromo, materiais refrat\u00e1rios e outros finos diversos que contenham baixo teor de \u00e1gua ou sejam isentos de \u00e1gua. Esta m\u00e1quina \u00e9 amplamente utilizada nas ind\u00fastrias de minera\u00e7\u00e3o e metalurgia.<\/p>\n\n\n<div class=\"gb-container gb-container-256e15f1\">\n\n<a class=\"gb-button gb-button-e8b73d89 gb-button-text\" href=\"#popmake-622\">Obtenha uma cota\u00e7\u00e3o gratuita agora<\/a>\n\n<\/div>\n<\/div><\/div>\n<\/div>\n<\/div>\n<\/div>\n\n<div class=\"gb-container gb-container-af5f8799\">\n<div class=\"gb-container gb-container-2298848b\">\n\n<h2 class=\"gb-headline gb-headline-9d27ad2c gb-headline-text\">Princ\u00edpio de funcionamento da prensa para briquetagem de p\u00f3 seco<\/h2>\n\n\n\n<figure class=\"gb-block-image gb-block-image-8196b82f\"><img decoding=\"async\" width=\"800\" height=\"600\" class=\"gb-image gb-image-8196b82f\" src=\"https:\/\/hengxingmachinery.com\/wp-content\/uploads\/2025\/03\/dry-powder-briquette-press-machine.jpg\" alt=\"\" title=\"prensa para briquetagem de p\u00f3 seco\" srcset=\"https:\/\/hengxingmachinery.com\/wp-content\/uploads\/2025\/03\/dry-powder-briquette-press-machine.jpg 800w, https:\/\/hengxingmachinery.com\/wp-content\/uploads\/2025\/03\/dry-powder-briquette-press-machine-300x225.jpg 300w, https:\/\/hengxingmachinery.com\/wp-content\/uploads\/2025\/03\/dry-powder-briquette-press-machine-768x576.jpg 768w, https:\/\/hengxingmachinery.com\/wp-content\/uploads\/2025\/03\/dry-powder-briquette-press-machine-16x12.jpg 16w\" sizes=\"(max-width: 800px) 100vw, 800px\" \/><\/figure>\n\n\n\n<p>1. Parte de Alimenta\u00e7\u00e3o: A parte de alimenta\u00e7\u00e3o \u00e9 utilizada principalmente para realizar a dosagem do material, garantindo que este seja alimentado uniformemente nos rolos. Especificamente, o alimentador de parafuso, acionado por motor eletromagn\u00e9tico de velocidade ajust\u00e1vel, pressiona o material para dentro da abertura principal de alimenta\u00e7\u00e3o por meio da polia e do redutor de rosca sem-fim. Devido ao torque constante, o motor mant\u00e9m uma press\u00e3o de alimenta\u00e7\u00e3o uniforme, assegurando uma qualidade est\u00e1vel dos briquetes.<\/p>\n\n\n\n<p>2. Parte de Acionamento: O sistema principal de acionamento da prensa de briquetagem \u00e9 composto por um motor, correia em V, redutor, engrenagem exposta e rolos. A pot\u00eancia gerada pelo motor eletromagn\u00e9tico de velocidade ajust\u00e1vel \u00e9 transmitida ao eixo de acionamento atrav\u00e9s de uma polia, redutor e acoplamento, e o eixo de acionamento gira sincronizadamente com o eixo acionado por meio da engrenagem exposta.<\/p>\n\n\n\n<p>3. Parte de Moldagem dos Briquetes: O n\u00facleo da parte de moldagem dos briquetes s\u00e3o os rolos. Atrav\u00e9s dos rolos, as mat\u00e9rias-primas s\u00e3o comprimidas em briquetes de v\u00e1rias formas. Al\u00e9m disso, os rolos possuem prote\u00e7\u00e3o contra sobrecarga, garantindo assim uma boa qualidade.<\/p>\n\n\n<div class=\"gb-container gb-container-d7b7b595\">\n\n<a class=\"gb-button gb-button-c1312760 gb-button-text\" href=\"#popmake-622\">Obtenha uma cota\u00e7\u00e3o gratuita agora<\/a>\n\n<\/div>\n<\/div>\n<\/div>\n\n<div class=\"gb-container gb-container-ebd718b6\">\n<div class=\"gb-container gb-container-ae7c516c\">\n<div class=\"gb-container gb-container-5c75b960\">\n\n<h2 class=\"gb-headline gb-headline-98859344 gb-headline-text\">Caracter\u00edsticas da prensa para briquetagem de p\u00f3 seco<\/h2>\n\n\n\n<figure class=\"gb-block-image gb-block-image-56f3f481\"><img decoding=\"async\" width=\"600\" height=\"500\" class=\"gb-image gb-image-56f3f481\" src=\"https:\/\/hengxingmachinery.com\/wp-content\/uploads\/2025\/03\/Dry-Powder-Briquette-Press-Machine-for-Sale-5.jpg\" alt=\"\" title=\"Prensa para Briquetagem de P\u00f3 Seco \u00e0 Venda\" srcset=\"https:\/\/hengxingmachinery.com\/wp-content\/uploads\/2025\/03\/Dry-Powder-Briquette-Press-Machine-for-Sale-5.jpg 600w, https:\/\/hengxingmachinery.com\/wp-content\/uploads\/2025\/03\/Dry-Powder-Briquette-Press-Machine-for-Sale-5-300x250.jpg 300w, https:\/\/hengxingmachinery.com\/wp-content\/uploads\/2025\/03\/Dry-Powder-Briquette-Press-Machine-for-Sale-5-14x12.jpg 14w\" sizes=\"(max-width: 600px) 100vw, 600px\" \/><\/figure>\n\n\n\n<p><\/p>\n\n\n\n<p>1. Bom efeito de extrus\u00e3o do material, alta taxa de briquetagem e alta resist\u00eancia dos briquetes;<\/p>\n\n\n\n<p>2. Bom efeito de utiliza\u00e7\u00e3o da superf\u00edcie dos rolos, vida \u00fatil longa;<\/p>\n\n\n\n<p>3. Adota estrutura de redutor com duplo eixo, melhora a precis\u00e3o dos rolos;,<\/p>\n\n\n\n<p>4. Adota caixa de redutor totalmente em a\u00e7o, boa propriedade de veda\u00e7\u00e3o;<\/p>\n\n\n\n<p>5. Utiliza engrenagem de dentes endurecidos, melhora o desempenho e a vida \u00fatil;<\/p>\n\n\n\n<p>6. O dispositivo de pr\u00e9-press\u00e3o utiliza um motor de velocidade ajust\u00e1vel;,<\/p>\n\n\n\n<p>7. Todas as pe\u00e7as sujeitas a desgaste s\u00e3o soldadas com liga resistente ao desgaste, melhorando o desempenho e a vida \u00fatil;<\/p>\n\n\n\n<p>8. A esta\u00e7\u00e3o hidr\u00e1ulica \u00e9 posicionada de forma independente, permite ajustar a press\u00e3o e possui fun\u00e7\u00e3o de prote\u00e7\u00e3o contra sobrepress\u00e3o.<\/p>\n\n\n<div class=\"gb-container gb-container-d6bbf16a\">\n\n<a class=\"gb-button gb-button-caa3f2bc gb-button-text\" href=\"#popmake-622\">Obtenha uma cota\u00e7\u00e3o gratuita agora<\/a>\n\n<\/div>\n<\/div>\n<\/div>\n<\/div>\n\n<div class=\"gb-container gb-container-435ad261\">\n<div class=\"gb-container gb-container-7dc79cc4\">\n\n<h2 class=\"gb-headline gb-headline-6fe5dee2 gb-headline-text\">Especifica\u00e7\u00f5es da prensa para briquetagem de p\u00f3 seco<\/h2>\n\n\n\n<figure class=\"wp-block-table is-style-stripes\"><table class=\"has-fixed-layout\"><tbody><tr><td><strong>Modelo<\/strong><\/td><td><strong>530<\/strong><\/td><td><strong>650<\/strong><\/td><td><strong>750<\/strong><\/td><td><strong>850<\/strong><\/td><\/tr><tr><td><strong>Di\u00e2metro (mm)<\/strong><\/td><td>530<\/td><td>650<\/td><td>750<\/td><td>850<\/td><\/tr><tr><td><strong>Largura (mm)<\/strong><\/td><td>196<\/td><td>196<br>250<\/td><td>196<br>250<\/td><td>196<br>250<\/td><\/tr><tr><td><strong>Raz\u00e3o de press\u00e3o linear m\u00e1xima (t\/cm)<\/strong><\/td><td>5<\/td><td>6<\/td><td>6<\/td><td>8<\/td><\/tr><tr><td><strong>Press\u00e3o total (t)<\/strong><\/td><td>100<\/td><td>110<\/td><td>120<\/td><td>300<\/td><\/tr><tr><td><strong>Pot\u00eancia (kW)<\/strong><\/td><td>45<\/td><td>55<br>75<\/td><td>75<br>90<\/td><td>75<br>90<\/td><\/tr><tr><td><strong>Pot\u00eancia de pr\u00e9-compress\u00e3o (kw)<\/strong><\/td><td>11<\/td><td>15<\/td><td>18.5<\/td><td>18.5<\/td><\/tr><tr><td><strong>Pot\u00eancia da bomba de \u00f3leo (kw)<\/strong><\/td><td>1.5<\/td><td>1.5<\/td><td>2.2<\/td><td>3<\/td><\/tr><tr><td><strong>Velocidade (r\/min)<\/strong><\/td><td>9<\/td><td>9<\/td><td>9<\/td><td>9<\/td><\/tr><tr><td><strong>Capacidade (t\/h)<\/strong><\/td><td>2-4<\/td><td>5-8<\/td><td>8-12<\/td><td>9-15<\/td><\/tr><tr><td><strong>Tamanho da esfera (mm)<\/strong><\/td><td colspan=\"4\">38x25x13&nbsp; &nbsp; &nbsp;<strong>Definido pelos usu\u00e1rios<\/strong><\/td><\/tr><\/tbody><\/table><\/figure>\n\n\n<div class=\"gb-container gb-container-263d9700\">\n\n<a class=\"gb-button gb-button-a4cbb7be gb-button-text\" href=\"#popmake-622\">Obtenha uma cota\u00e7\u00e3o gratuita agora<\/a>\n\n<\/div>\n<\/div>\n<\/div>","protected":false},"excerpt":{"rendered":"<p>Dry powder briquette press machine Working principle of dry powder briquette press machine 1. Feeding Part: The feeding part is mainly used to achieve ration feeding so as to ensure that the materials can be fed into the rollers uniformly. Specifically, the screw feeder, driven by electromagnetic speed adjustable motor, presses materials into the main &#8230; <\/p>\n<p class=\"read-more-container\"><a title=\"8-1. M\u00e1quina de prensagem de briquetes de p\u00f3 seco\" class=\"read-more button\" href=\"https:\/\/hengxingmachinery.com\/pt\/dry-powder-briquette-press-machine\/#more-2015\" aria-label=\"Leia mais sobre 8-1. Dry powder briquette press machine\">Ler mais<\/a><\/p>","protected":false},"author":1,"featured_media":0,"parent":0,"menu_order":0,"comment_status":"closed","ping_status":"closed","template":"","meta":{"footnotes":""},"class_list":["post-2015","page","type-page","status-publish"],"yoast_head":"<!-- This site is optimized with the Yoast SEO plugin v27.4 - https:\/\/yoast.com\/product\/yoast-seo-wordpress\/ -->\n<title>8-1. Dry powder briquette press machine - Hengxing Machinery<\/title>\n<meta name=\"robots\" content=\"index, follow, max-snippet:-1, max-image-preview:large, max-video-preview:-1\" \/>\n<link rel=\"canonical\" href=\"https:\/\/hengxingmachinery.com\/pt\/dry-powder-briquette-press-machine\/\" \/>\n<meta property=\"og:locale\" content=\"pt_PT\" \/>\n<meta property=\"og:type\" content=\"article\" \/>\n<meta property=\"og:title\" content=\"8-1. Dry powder briquette press machine - Hengxing Machinery\" \/>\n<meta property=\"og:description\" content=\"Dry powder briquette press machine Working principle of dry powder briquette press machine 1. Feeding Part: The feeding part is mainly used to achieve ration feeding so as to ensure that the materials can be fed into the rollers uniformly. Specifically, the screw feeder, driven by electromagnetic speed adjustable motor, presses materials into the main ... Ler mais\" \/>\n<meta property=\"og:url\" content=\"https:\/\/hengxingmachinery.com\/pt\/dry-powder-briquette-press-machine\/\" \/>\n<meta property=\"og:site_name\" content=\"Hengxing Machinery\" \/>\n<meta property=\"article:modified_time\" content=\"2025-03-11T09:29:15+00:00\" \/>\n<meta property=\"og:image\" content=\"https:\/\/hengxingmachinery.com\/wp-content\/uploads\/2025\/03\/Dry-Powder-Briquette-Pressing-Equipment.jpg\" \/>\n<meta name=\"twitter:card\" content=\"summary_large_image\" \/>\n<meta name=\"twitter:label1\" content=\"Tempo estimado de leitura\" \/>\n\t<meta name=\"twitter:data1\" content=\"3 minutos\" \/>\n<script type=\"application\/ld+json\" class=\"yoast-schema-graph\">{\"@context\":\"https:\\\/\\\/schema.org\",\"@graph\":[{\"@type\":\"WebPage\",\"@id\":\"https:\\\/\\\/hengxingmachinery.com\\\/dry-powder-briquette-press-machine\\\/\",\"url\":\"https:\\\/\\\/hengxingmachinery.com\\\/dry-powder-briquette-press-machine\\\/\",\"name\":\"8-1. Dry powder briquette press machine - Hengxing Machinery\",\"isPartOf\":{\"@id\":\"https:\\\/\\\/hengxingmachinery.com\\\/#website\"},\"primaryImageOfPage\":{\"@id\":\"https:\\\/\\\/hengxingmachinery.com\\\/dry-powder-briquette-press-machine\\\/#primaryimage\"},\"image\":{\"@id\":\"https:\\\/\\\/hengxingmachinery.com\\\/dry-powder-briquette-press-machine\\\/#primaryimage\"},\"thumbnailUrl\":\"https:\\\/\\\/hengxingmachinery.com\\\/wp-content\\\/uploads\\\/2025\\\/03\\\/Dry-Powder-Briquette-Pressing-Equipment.jpg\",\"datePublished\":\"2025-03-11T09:28:07+00:00\",\"dateModified\":\"2025-03-11T09:29:15+00:00\",\"breadcrumb\":{\"@id\":\"https:\\\/\\\/hengxingmachinery.com\\\/dry-powder-briquette-press-machine\\\/#breadcrumb\"},\"inLanguage\":\"pt-PT\",\"potentialAction\":[{\"@type\":\"ReadAction\",\"target\":[\"https:\\\/\\\/hengxingmachinery.com\\\/dry-powder-briquette-press-machine\\\/\"]}]},{\"@type\":\"ImageObject\",\"inLanguage\":\"pt-PT\",\"@id\":\"https:\\\/\\\/hengxingmachinery.com\\\/dry-powder-briquette-press-machine\\\/#primaryimage\",\"url\":\"https:\\\/\\\/hengxingmachinery.com\\\/wp-content\\\/uploads\\\/2025\\\/03\\\/Dry-Powder-Briquette-Pressing-Equipment.jpg\",\"contentUrl\":\"https:\\\/\\\/hengxingmachinery.com\\\/wp-content\\\/uploads\\\/2025\\\/03\\\/Dry-Powder-Briquette-Pressing-Equipment.jpg\"},{\"@type\":\"BreadcrumbList\",\"@id\":\"https:\\\/\\\/hengxingmachinery.com\\\/dry-powder-briquette-press-machine\\\/#breadcrumb\",\"itemListElement\":[{\"@type\":\"ListItem\",\"position\":1,\"name\":\"Home\",\"item\":\"https:\\\/\\\/hengxingmachinery.com\\\/\"},{\"@type\":\"ListItem\",\"position\":2,\"name\":\"8-1. Dry powder briquette press machine\"}]},{\"@type\":\"WebSite\",\"@id\":\"https:\\\/\\\/hengxingmachinery.com\\\/#website\",\"url\":\"https:\\\/\\\/hengxingmachinery.com\\\/\",\"name\":\"Hengxing Machinery\",\"description\":\"Leading Manufacturer of All Sorts of Mining Machinery\",\"publisher\":{\"@id\":\"https:\\\/\\\/hengxingmachinery.com\\\/#organization\"},\"potentialAction\":[{\"@type\":\"SearchAction\",\"target\":{\"@type\":\"EntryPoint\",\"urlTemplate\":\"https:\\\/\\\/hengxingmachinery.com\\\/?s={search_term_string}\"},\"query-input\":{\"@type\":\"PropertyValueSpecification\",\"valueRequired\":true,\"valueName\":\"search_term_string\"}}],\"inLanguage\":\"pt-PT\"},{\"@type\":\"Organization\",\"@id\":\"https:\\\/\\\/hengxingmachinery.com\\\/#organization\",\"name\":\"Hengxing Machinery\",\"url\":\"https:\\\/\\\/hengxingmachinery.com\\\/\",\"logo\":{\"@type\":\"ImageObject\",\"inLanguage\":\"pt-PT\",\"@id\":\"https:\\\/\\\/hengxingmachinery.com\\\/#\\\/schema\\\/logo\\\/image\\\/\",\"url\":\"https:\\\/\\\/hengxingmachinery.com\\\/wp-content\\\/uploads\\\/2024\\\/12\\\/logo.png\",\"contentUrl\":\"https:\\\/\\\/hengxingmachinery.com\\\/wp-content\\\/uploads\\\/2024\\\/12\\\/logo.png\",\"width\":400,\"height\":260,\"caption\":\"Hengxing Machinery\"},\"image\":{\"@id\":\"https:\\\/\\\/hengxingmachinery.com\\\/#\\\/schema\\\/logo\\\/image\\\/\"}}]}<\/script>\n<!-- \/ Yoast SEO plugin. -->","yoast_head_json":{"title":"8-1. Prensa de briquetas de p\u00f3 seco - Hengxing Machinery","robots":{"index":"index","follow":"follow","max-snippet":"max-snippet:-1","max-image-preview":"max-image-preview:large","max-video-preview":"max-video-preview:-1"},"canonical":"https:\/\/hengxingmachinery.com\/pt\/dry-powder-briquette-press-machine\/","og_locale":"pt_PT","og_type":"article","og_title":"8-1. Dry powder briquette press machine - Hengxing Machinery","og_description":"Dry powder briquette press machine Working principle of dry powder briquette press machine 1. Feeding Part: The feeding part is mainly used to achieve ration feeding so as to ensure that the materials can be fed into the rollers uniformly. Specifically, the screw feeder, driven by electromagnetic speed adjustable motor, presses materials into the main ... Ler mais","og_url":"https:\/\/hengxingmachinery.com\/pt\/dry-powder-briquette-press-machine\/","og_site_name":"Hengxing Machinery","article_modified_time":"2025-03-11T09:29:15+00:00","og_image":[{"url":"https:\/\/hengxingmachinery.com\/wp-content\/uploads\/2025\/03\/Dry-Powder-Briquette-Pressing-Equipment.jpg","type":"","width":"","height":""}],"twitter_card":"summary_large_image","twitter_misc":{"Tempo estimado de leitura":"3 minutos"},"schema":{"@context":"https:\/\/schema.org","@graph":[{"@type":"WebPage","@id":"https:\/\/hengxingmachinery.com\/dry-powder-briquette-press-machine\/","url":"https:\/\/hengxingmachinery.com\/dry-powder-briquette-press-machine\/","name":"8-1. Prensa de briquetas de p\u00f3 seco - Hengxing Machinery","isPartOf":{"@id":"https:\/\/hengxingmachinery.com\/#website"},"primaryImageOfPage":{"@id":"https:\/\/hengxingmachinery.com\/dry-powder-briquette-press-machine\/#primaryimage"},"image":{"@id":"https:\/\/hengxingmachinery.com\/dry-powder-briquette-press-machine\/#primaryimage"},"thumbnailUrl":"https:\/\/hengxingmachinery.com\/wp-content\/uploads\/2025\/03\/Dry-Powder-Briquette-Pressing-Equipment.jpg","datePublished":"2025-03-11T09:28:07+00:00","dateModified":"2025-03-11T09:29:15+00:00","breadcrumb":{"@id":"https:\/\/hengxingmachinery.com\/dry-powder-briquette-press-machine\/#breadcrumb"},"inLanguage":"pt-PT","potentialAction":[{"@type":"ReadAction","target":["https:\/\/hengxingmachinery.com\/dry-powder-briquette-press-machine\/"]}]},{"@type":"ImageObject","inLanguage":"pt-PT","@id":"https:\/\/hengxingmachinery.com\/dry-powder-briquette-press-machine\/#primaryimage","url":"https:\/\/hengxingmachinery.com\/wp-content\/uploads\/2025\/03\/Dry-Powder-Briquette-Pressing-Equipment.jpg","contentUrl":"https:\/\/hengxingmachinery.com\/wp-content\/uploads\/2025\/03\/Dry-Powder-Briquette-Pressing-Equipment.jpg"},{"@type":"BreadcrumbList","@id":"https:\/\/hengxingmachinery.com\/dry-powder-briquette-press-machine\/#breadcrumb","itemListElement":[{"@type":"ListItem","position":1,"name":"Home","item":"https:\/\/hengxingmachinery.com\/"},{"@type":"ListItem","position":2,"name":"8-1. Dry powder briquette press machine"}]},{"@type":"WebSite","@id":"https:\/\/hengxingmachinery.com\/#website","url":"https:\/\/hengxingmachinery.com\/","name":"M\u00e1quinas Hengxing","description":"Fabricante l\u00edder de todos os tipos de m\u00e1quinas de minera\u00e7\u00e3o","publisher":{"@id":"https:\/\/hengxingmachinery.com\/#organization"},"potentialAction":[{"@type":"SearchAction","target":{"@type":"EntryPoint","urlTemplate":"https:\/\/hengxingmachinery.com\/?s={search_term_string}"},"query-input":{"@type":"PropertyValueSpecification","valueRequired":true,"valueName":"search_term_string"}}],"inLanguage":"pt-PT"},{"@type":"Organization","@id":"https:\/\/hengxingmachinery.com\/#organization","name":"M\u00e1quinas Hengxing","url":"https:\/\/hengxingmachinery.com\/","logo":{"@type":"ImageObject","inLanguage":"pt-PT","@id":"https:\/\/hengxingmachinery.com\/#\/schema\/logo\/image\/","url":"https:\/\/hengxingmachinery.com\/wp-content\/uploads\/2024\/12\/logo.png","contentUrl":"https:\/\/hengxingmachinery.com\/wp-content\/uploads\/2024\/12\/logo.png","width":400,"height":260,"caption":"Hengxing Machinery"},"image":{"@id":"https:\/\/hengxingmachinery.com\/#\/schema\/logo\/image\/"}}]}},"_links":{"self":[{"href":"https:\/\/hengxingmachinery.com\/pt\/wp-json\/wp\/v2\/pages\/2015","targetHints":{"allow":["GET"]}}],"collection":[{"href":"https:\/\/hengxingmachinery.com\/pt\/wp-json\/wp\/v2\/pages"}],"about":[{"href":"https:\/\/hengxingmachinery.com\/pt\/wp-json\/wp\/v2\/types\/page"}],"author":[{"embeddable":true,"href":"https:\/\/hengxingmachinery.com\/pt\/wp-json\/wp\/v2\/users\/1"}],"replies":[{"embeddable":true,"href":"https:\/\/hengxingmachinery.com\/pt\/wp-json\/wp\/v2\/comments?post=2015"}],"version-history":[{"count":8,"href":"https:\/\/hengxingmachinery.com\/pt\/wp-json\/wp\/v2\/pages\/2015\/revisions"}],"predecessor-version":[{"id":2052,"href":"https:\/\/hengxingmachinery.com\/pt\/wp-json\/wp\/v2\/pages\/2015\/revisions\/2052"}],"wp:attachment":[{"href":"https:\/\/hengxingmachinery.com\/pt\/wp-json\/wp\/v2\/media?parent=2015"}],"curies":[{"name":"wp","href":"https:\/\/api.w.org\/{rel}","templated":true}]}}