{"id":2023,"date":"2025-03-11T08:52:24","date_gmt":"2025-03-11T08:52:24","guid":{"rendered":"https:\/\/hengxingmachinery.com\/?page_id=2023"},"modified":"2025-03-11T08:54:51","modified_gmt":"2025-03-11T08:54:51","slug":"chain-plate-dryer","status":"publish","type":"page","link":"https:\/\/hengxingmachinery.com\/pt\/chain-plate-dryer\/","title":{"rendered":"8-1. Secador de placas em cadeia"},"content":{"rendered":"<div class=\"gb-container gb-container-45165f5a\">\n<div class=\"gb-container gb-container-c2652eb4\">\n\n<h1 class=\"gb-headline gb-headline-62a8b2cc gb-headline-text\">Secador de placa de corrente<\/h1>\n\n<\/div>\n<\/div>\n\n<div class=\"gb-container gb-container-519cf624\">\n<div class=\"gb-container gb-container-71ca071e\">\n<div class=\"gb-grid-wrapper gb-grid-wrapper-8a5f0688\">\n<div class=\"gb-grid-column gb-grid-column-1e99b1c2\"><div class=\"gb-container gb-container-1e99b1c2\">\n\n<figure class=\"gb-block-image gb-block-image-e4eaba54\"><img decoding=\"async\" width=\"665\" height=\"545\" class=\"gb-image gb-image-e4eaba54\" src=\"https:\/\/hengxingmachinery.com\/wp-content\/uploads\/2025\/03\/Chain-plate-drying-machine.png\" alt=\"\" title=\"M\u00e1quina de secagem de placa em cadeia\" srcset=\"https:\/\/hengxingmachinery.com\/wp-content\/uploads\/2025\/03\/Chain-plate-drying-machine.png 665w, https:\/\/hengxingmachinery.com\/wp-content\/uploads\/2025\/03\/Chain-plate-drying-machine-300x246.png 300w, https:\/\/hengxingmachinery.com\/wp-content\/uploads\/2025\/03\/Chain-plate-drying-machine-15x12.png 15w\" sizes=\"(max-width: 665px) 100vw, 665px\" \/><\/figure>\n\n<\/div><\/div>\n\n<div class=\"gb-grid-column gb-grid-column-bcae065b\"><div class=\"gb-container gb-container-bcae065b\">\n\n<p><\/p>\n\n\n<div class=\"gb-grid-wrapper gb-grid-wrapper-eebec76e\">\n<div class=\"gb-grid-column gb-grid-column-e3ada2f0\"><div class=\"gb-container gb-container-e3ada2f0\">\n\n<p class=\"gb-headline gb-headline-4c79a90a gb-headline-text\"><mark style=\"background-color:rgba(0, 0, 0, 0)\" class=\"has-inline-color has-global-color-8-color\"><strong>Poder:<\/strong><\/mark> 2-4 Kw<\/p>\n\n<\/div><\/div>\n\n<div class=\"gb-grid-column gb-grid-column-0bb00826\"><div class=\"gb-container gb-container-0bb00826\">\n\n<p class=\"gb-headline gb-headline-86d53f56 gb-headline-text\"><strong><mark style=\"background-color:rgba(0, 0, 0, 0)\" class=\"has-inline-color has-global-color-8-color\">Produ\u00e7\u00e3o: <\/mark><\/strong>1-25t\/h<\/p>\n\n<\/div><\/div>\n<\/div>\n\n\n<p class=\"gb-headline gb-headline-2750f5a7 gb-headline-text\"><strong>Aplica\u00e7\u00e3o: <\/strong><\/p>\n\n\n\n<p>Secador de Placa em Cadeia, tamb\u00e9m chamado de Secador de Placa, foi redesenhado com base no tradicional secador de correia em malha e secador transportador pela SINOLION MACHINERY, fabricante profissional de m\u00e1quinas e secadores para briquetes. Os secadores de placa em cadeia s\u00e3o amplamente bem recebidos por f\u00e1bricas de briquetes ap\u00f3s seu design bem-sucedido. Substitu\u00edmos a malha tradicional por uma placa de a\u00e7o de novo design, que \u00e9 acionada pelo motor atrav\u00e9s da corrente conectada \u00e0 placa.<\/p>\n\n\n\n<p><mark style=\"background-color:rgba(0, 0, 0, 0)\" class=\"has-inline-color has-global-color-8-color\"><strong>Aplic\u00e1vel: <\/strong><\/mark>Briquetes de carv\u00e3o, briquetes de carv\u00e3o vegetal, briquetes minerais e outros briquetes industriais que necessitam de secagem.<\/p>\n\n\n<div class=\"gb-container gb-container-256e15f1\">\n\n<a class=\"gb-button gb-button-e8b73d89 gb-button-text\" href=\"#popmake-622\">Obtenha uma cota\u00e7\u00e3o gratuita agora<\/a>\n\n<\/div>\n<\/div><\/div>\n<\/div>\n<\/div>\n<\/div>\n\n<div class=\"gb-container gb-container-af5f8799\">\n<div class=\"gb-container gb-container-2298848b\">\n\n<h2 class=\"gb-headline gb-headline-9d27ad2c gb-headline-text\">Princ\u00edpio de funcionamento do secador de placa em cadeia<\/h2>\n\n\n\n<figure class=\"gb-block-image gb-block-image-8196b82f\"><img decoding=\"async\" width=\"2560\" height=\"813\" class=\"gb-image gb-image-8196b82f\" src=\"https:\/\/hengxingmachinery.com\/wp-content\/uploads\/2025\/03\/Chain-plate-dryer-working-principle-scaled.jpg\" alt=\"\" title=\"Princ\u00edpio de funcionamento do secador de placa em cadeia\" srcset=\"https:\/\/hengxingmachinery.com\/wp-content\/uploads\/2025\/03\/Chain-plate-dryer-working-principle-scaled.jpg 2560w, https:\/\/hengxingmachinery.com\/wp-content\/uploads\/2025\/03\/Chain-plate-dryer-working-principle-300x95.jpg 300w, https:\/\/hengxingmachinery.com\/wp-content\/uploads\/2025\/03\/Chain-plate-dryer-working-principle-1024x325.jpg 1024w, https:\/\/hengxingmachinery.com\/wp-content\/uploads\/2025\/03\/Chain-plate-dryer-working-principle-768x244.jpg 768w, https:\/\/hengxingmachinery.com\/wp-content\/uploads\/2025\/03\/Chain-plate-dryer-working-principle-1536x488.jpg 1536w, https:\/\/hengxingmachinery.com\/wp-content\/uploads\/2025\/03\/Chain-plate-dryer-working-principle-2048x651.jpg 2048w, https:\/\/hengxingmachinery.com\/wp-content\/uploads\/2025\/03\/Chain-plate-dryer-working-principle-18x6.jpg 18w\" sizes=\"(max-width: 2560px) 100vw, 2560px\" \/><\/figure>\n\n\n\n<p>Os briquetes finais, provenientes da prensa de briquetes com teor de umidade em torno de 25% -40%, s\u00e3o alimentados uniformemente no secador de placa em cadeia a partir do topo de alimenta\u00e7\u00e3o montado na parte superior do secador. <\/p>\n\n\n\n<p>Os briquetes seguir\u00e3o o movimento da placa em cadeia at\u00e9 o final da primeira camada; seguindo o giro da placa em cadeia, os briquetes cair\u00e3o no centro da primeira camada, movendo-se com a placa em cadeia at\u00e9 o in\u00edcio da primeira camada e, em seguida, cair\u00e3o para o topo da segunda camada seguindo o giro da placa em cadeia. Os briquetes se mover\u00e3o da mesma forma at\u00e9 o final do secador e ser\u00e3o descarregados pela porta de descarga! &nbsp;&nbsp;<\/p>\n\n\n\n<p>Durante o movimento com a placa em cadeia, o ar quente bombeado do forno ser\u00e1 injetado no secador pelos dois lados do secador pelo forte ventilador centr\u00edfugo at\u00e9 o fundo do secador; o ar quente passar\u00e1 pelos briquetes em movimento e remover\u00e1 a umidade at\u00e9 que o teor de umidade dos briquetes atinja o valor desejado.<\/p>\n\n\n\n<p>Normalmente, a \u00faltima camada ser\u00e1 montada na placa em cadeia sem furos para coletar a poeira gerada durante o processo e conduzi-la para fora.<\/p>\n\n\n<div class=\"gb-container gb-container-d7b7b595\">\n\n<a class=\"gb-button gb-button-c1312760 gb-button-text\" href=\"#popmake-622\">Obtenha uma cota\u00e7\u00e3o gratuita agora<\/a>\n\n<\/div>\n<\/div>\n<\/div>\n\n<div class=\"gb-container gb-container-ebd718b6\">\n<div class=\"gb-container gb-container-ae7c516c\">\n<div class=\"gb-container gb-container-5c75b960\">\n\n<h2 class=\"gb-headline gb-headline-98859344 gb-headline-text\">Caracter\u00edsticas do secador de placa em cadeia<\/h2>\n\n\n\n<figure class=\"gb-block-image gb-block-image-56f3f481\"><img decoding=\"async\" width=\"800\" height=\"369\" class=\"gb-image gb-image-56f3f481\" src=\"https:\/\/hengxingmachinery.com\/wp-content\/uploads\/2025\/03\/Chain-plate-dryer-for-sale-1.jpg\" alt=\"\" title=\"Secador de placa em cadeia \u00e0 venda\" srcset=\"https:\/\/hengxingmachinery.com\/wp-content\/uploads\/2025\/03\/Chain-plate-dryer-for-sale-1.jpg 800w, https:\/\/hengxingmachinery.com\/wp-content\/uploads\/2025\/03\/Chain-plate-dryer-for-sale-1-300x138.jpg 300w, https:\/\/hengxingmachinery.com\/wp-content\/uploads\/2025\/03\/Chain-plate-dryer-for-sale-1-768x354.jpg 768w, https:\/\/hengxingmachinery.com\/wp-content\/uploads\/2025\/03\/Chain-plate-dryer-for-sale-1-18x8.jpg 18w\" sizes=\"(max-width: 800px) 100vw, 800px\" \/><\/figure>\n\n\n\n<p><\/p>\n\n\n\n<p>1. Alta efici\u00eancia de secagem<\/p>\n\n\n\n<p>2. Requer menos espa\u00e7o<\/p>\n\n\n\n<p>3. Menor taxa de danos aos briquetes finais<\/p>\n\n\n\n<p>4. Estabilidade operacional e menos pe\u00e7as de reposi\u00e7\u00e3o<\/p>\n\n\n\n<p>5. Dispositivo autom\u00e1tico de remo\u00e7\u00e3o de poeira.<\/p>\n\n\n<div class=\"gb-container gb-container-d6bbf16a\">\n\n<a class=\"gb-button gb-button-caa3f2bc gb-button-text\" href=\"#popmake-622\">Obtenha uma cota\u00e7\u00e3o gratuita agora<\/a>\n\n<\/div>\n<\/div>\n<\/div>\n<\/div>\n\n<div class=\"gb-container gb-container-435ad261\">\n<div class=\"gb-container gb-container-7dc79cc4\">\n\n<h2 class=\"gb-headline gb-headline-6fe5dee2 gb-headline-text\">Especifica\u00e7\u00f5es do secador de placa em cadeia<\/h2>\n\n\n\n<figure class=\"wp-block-table is-style-stripes\"><table class=\"has-fixed-layout\"><tbody><tr><td><strong>Modelo<\/strong><\/td><td><strong>1001<\/strong><\/td><td><strong>1503<\/strong><\/td><td><strong>2203<\/strong><\/td><td><strong>2205<\/strong><\/td><td><strong>2208<\/strong><\/td><\/tr><tr><td><strong>Comprimento \u00fatil de trabalho \u00fanico (m)<\/strong><\/td><td>25.5<\/td><td>30.5<\/td><td>36.5<\/td><td>36.5<\/td><td>36.5<\/td><\/tr><tr><td><strong>Pisos\/Camadas<\/strong><\/td><td>1<\/td><td>3<\/td><td>3<\/td><td>5<\/td><td>8<\/td><\/tr><tr><td><strong>Largura \u00fatil de trabalho (m)<\/strong><\/td><td>50<\/td><td>105<\/td><td>180<\/td><td>180<\/td><td>180<\/td><\/tr><tr><td><strong>Espessura m\u00e9dia do ac\u00famulo de material (mm)<\/strong><\/td><td>100-200<\/td><td>100-200<\/td><td>100-200<\/td><td>100-200<\/td><td>100-200<\/td><\/tr><tr><td><strong>Capacidade de secagem (t\/h)<\/strong><\/td><td>1-2<\/td><td>2-3<\/td><td>8-10<\/td><td>10-15<\/td><td>20-25<\/td><\/tr><tr><td><strong>Teor de umidade antes da secagem (%)<\/strong><\/td><td>8-12<\/td><td>8-12<\/td><td>8-12<\/td><td>8-12<\/td><td>8-12<\/td><\/tr><tr><td><strong>Teor de umidade ap\u00f3s a secagem (%)<\/strong><\/td><td>1.5-3<\/td><td>1.5-3<\/td><td>1.5-3<\/td><td>1.5-3<\/td><td>1.5-3<\/td><\/tr><tr><td><strong>Pot\u00eancia de transmiss\u00e3o (kw)<\/strong><\/td><td>2<\/td><td>2<\/td><td>3\u00d73<\/td><td>5.5\u00d75<\/td><td>5.5\u00d74<\/td><\/tr><tr><td><strong>Requisitos de temperatura do ar (\u2103)<\/strong><\/td><td>180-250<\/td><td>180-250<\/td><td>180-250<\/td><td>180-250<\/td><td>180-250<\/td><\/tr><tr><td><strong>Requisitos de temperatura e conte\u00fado do ar quente<\/strong><\/td><td colspan=\"5\">\u22640,01kg\/kg de ar seco<\/td><\/tr><\/tbody><\/table><\/figure>\n\n\n<div class=\"gb-container gb-container-263d9700\">\n\n<a class=\"gb-button gb-button-a4cbb7be gb-button-text\" href=\"#popmake-622\">Obtenha uma cota\u00e7\u00e3o gratuita agora<\/a>\n\n<\/div>\n<\/div>\n<\/div>","protected":false},"excerpt":{"rendered":"<p>Chain plate dryer Working principle of chain plate dryer Final briquettes, from the briquettes press machine with moisture content around 25%-40%, are fed into chain plate dryer evenly from the feeding top assembled at the top of dryer. The briquettes will follow the chain plate moving until to the end of first layer, following the &#8230; <\/p>\n<p class=\"read-more-container\"><a title=\"8-1. Secador de placas em cadeia\" class=\"read-more button\" href=\"https:\/\/hengxingmachinery.com\/pt\/chain-plate-dryer\/#more-2023\" aria-label=\"Leia mais sobre 8-1. Chain plate dryer\">Ler mais<\/a><\/p>","protected":false},"author":1,"featured_media":0,"parent":0,"menu_order":0,"comment_status":"closed","ping_status":"closed","template":"","meta":{"footnotes":""},"class_list":["post-2023","page","type-page","status-publish"],"yoast_head":"<!-- This site is optimized with the Yoast SEO plugin v27.4 - https:\/\/yoast.com\/product\/yoast-seo-wordpress\/ -->\n<title>8-1. Chain plate dryer - Hengxing Machinery<\/title>\n<meta name=\"robots\" content=\"index, follow, max-snippet:-1, max-image-preview:large, max-video-preview:-1\" \/>\n<link rel=\"canonical\" href=\"https:\/\/hengxingmachinery.com\/pt\/chain-plate-dryer\/\" \/>\n<meta property=\"og:locale\" content=\"pt_PT\" \/>\n<meta property=\"og:type\" content=\"article\" \/>\n<meta property=\"og:title\" content=\"8-1. Chain plate dryer - Hengxing Machinery\" \/>\n<meta property=\"og:description\" content=\"Chain plate dryer Working principle of chain plate dryer Final briquettes, from the briquettes press machine with moisture content around 25%-40%, are fed into chain plate dryer evenly from the feeding top assembled at the top of dryer. The briquettes will follow the chain plate moving until to the end of first layer, following the ... Ler mais\" \/>\n<meta property=\"og:url\" content=\"https:\/\/hengxingmachinery.com\/pt\/chain-plate-dryer\/\" \/>\n<meta property=\"og:site_name\" content=\"Hengxing Machinery\" \/>\n<meta property=\"article:modified_time\" content=\"2025-03-11T08:54:51+00:00\" \/>\n<meta property=\"og:image\" content=\"https:\/\/hengxingmachinery.com\/wp-content\/uploads\/2025\/03\/Chain-plate-drying-machine.png\" \/>\n<meta name=\"twitter:card\" content=\"summary_large_image\" \/>\n<meta name=\"twitter:label1\" content=\"Tempo estimado de leitura\" \/>\n\t<meta name=\"twitter:data1\" content=\"3 minutos\" \/>\n<script type=\"application\/ld+json\" class=\"yoast-schema-graph\">{\"@context\":\"https:\\\/\\\/schema.org\",\"@graph\":[{\"@type\":\"WebPage\",\"@id\":\"https:\\\/\\\/hengxingmachinery.com\\\/chain-plate-dryer\\\/\",\"url\":\"https:\\\/\\\/hengxingmachinery.com\\\/chain-plate-dryer\\\/\",\"name\":\"8-1. Chain plate dryer - Hengxing Machinery\",\"isPartOf\":{\"@id\":\"https:\\\/\\\/hengxingmachinery.com\\\/#website\"},\"primaryImageOfPage\":{\"@id\":\"https:\\\/\\\/hengxingmachinery.com\\\/chain-plate-dryer\\\/#primaryimage\"},\"image\":{\"@id\":\"https:\\\/\\\/hengxingmachinery.com\\\/chain-plate-dryer\\\/#primaryimage\"},\"thumbnailUrl\":\"https:\\\/\\\/hengxingmachinery.com\\\/wp-content\\\/uploads\\\/2025\\\/03\\\/Chain-plate-drying-machine.png\",\"datePublished\":\"2025-03-11T08:52:24+00:00\",\"dateModified\":\"2025-03-11T08:54:51+00:00\",\"breadcrumb\":{\"@id\":\"https:\\\/\\\/hengxingmachinery.com\\\/chain-plate-dryer\\\/#breadcrumb\"},\"inLanguage\":\"pt-PT\",\"potentialAction\":[{\"@type\":\"ReadAction\",\"target\":[\"https:\\\/\\\/hengxingmachinery.com\\\/chain-plate-dryer\\\/\"]}]},{\"@type\":\"ImageObject\",\"inLanguage\":\"pt-PT\",\"@id\":\"https:\\\/\\\/hengxingmachinery.com\\\/chain-plate-dryer\\\/#primaryimage\",\"url\":\"https:\\\/\\\/hengxingmachinery.com\\\/wp-content\\\/uploads\\\/2025\\\/03\\\/Chain-plate-drying-machine.png\",\"contentUrl\":\"https:\\\/\\\/hengxingmachinery.com\\\/wp-content\\\/uploads\\\/2025\\\/03\\\/Chain-plate-drying-machine.png\"},{\"@type\":\"BreadcrumbList\",\"@id\":\"https:\\\/\\\/hengxingmachinery.com\\\/chain-plate-dryer\\\/#breadcrumb\",\"itemListElement\":[{\"@type\":\"ListItem\",\"position\":1,\"name\":\"Home\",\"item\":\"https:\\\/\\\/hengxingmachinery.com\\\/\"},{\"@type\":\"ListItem\",\"position\":2,\"name\":\"8-1. Chain plate dryer\"}]},{\"@type\":\"WebSite\",\"@id\":\"https:\\\/\\\/hengxingmachinery.com\\\/#website\",\"url\":\"https:\\\/\\\/hengxingmachinery.com\\\/\",\"name\":\"Hengxing Machinery\",\"description\":\"Leading Manufacturer of All Sorts of Mining Machinery\",\"publisher\":{\"@id\":\"https:\\\/\\\/hengxingmachinery.com\\\/#organization\"},\"potentialAction\":[{\"@type\":\"SearchAction\",\"target\":{\"@type\":\"EntryPoint\",\"urlTemplate\":\"https:\\\/\\\/hengxingmachinery.com\\\/?s={search_term_string}\"},\"query-input\":{\"@type\":\"PropertyValueSpecification\",\"valueRequired\":true,\"valueName\":\"search_term_string\"}}],\"inLanguage\":\"pt-PT\"},{\"@type\":\"Organization\",\"@id\":\"https:\\\/\\\/hengxingmachinery.com\\\/#organization\",\"name\":\"Hengxing Machinery\",\"url\":\"https:\\\/\\\/hengxingmachinery.com\\\/\",\"logo\":{\"@type\":\"ImageObject\",\"inLanguage\":\"pt-PT\",\"@id\":\"https:\\\/\\\/hengxingmachinery.com\\\/#\\\/schema\\\/logo\\\/image\\\/\",\"url\":\"https:\\\/\\\/hengxingmachinery.com\\\/wp-content\\\/uploads\\\/2024\\\/12\\\/logo.png\",\"contentUrl\":\"https:\\\/\\\/hengxingmachinery.com\\\/wp-content\\\/uploads\\\/2024\\\/12\\\/logo.png\",\"width\":400,\"height\":260,\"caption\":\"Hengxing Machinery\"},\"image\":{\"@id\":\"https:\\\/\\\/hengxingmachinery.com\\\/#\\\/schema\\\/logo\\\/image\\\/\"}}]}<\/script>\n<!-- \/ Yoast SEO plugin. -->","yoast_head_json":{"title":"8-1. Secadora de placas em cadeia - Hengxing Machinery","robots":{"index":"index","follow":"follow","max-snippet":"max-snippet:-1","max-image-preview":"max-image-preview:large","max-video-preview":"max-video-preview:-1"},"canonical":"https:\/\/hengxingmachinery.com\/pt\/chain-plate-dryer\/","og_locale":"pt_PT","og_type":"article","og_title":"8-1. Chain plate dryer - Hengxing Machinery","og_description":"Chain plate dryer Working principle of chain plate dryer Final briquettes, from the briquettes press machine with moisture content around 25%-40%, are fed into chain plate dryer evenly from the feeding top assembled at the top of dryer. The briquettes will follow the chain plate moving until to the end of first layer, following the ... Ler mais","og_url":"https:\/\/hengxingmachinery.com\/pt\/chain-plate-dryer\/","og_site_name":"Hengxing Machinery","article_modified_time":"2025-03-11T08:54:51+00:00","og_image":[{"url":"https:\/\/hengxingmachinery.com\/wp-content\/uploads\/2025\/03\/Chain-plate-drying-machine.png","type":"","width":"","height":""}],"twitter_card":"summary_large_image","twitter_misc":{"Tempo estimado de leitura":"3 minutos"},"schema":{"@context":"https:\/\/schema.org","@graph":[{"@type":"WebPage","@id":"https:\/\/hengxingmachinery.com\/chain-plate-dryer\/","url":"https:\/\/hengxingmachinery.com\/chain-plate-dryer\/","name":"8-1. Secadora de placas em cadeia - Hengxing Machinery","isPartOf":{"@id":"https:\/\/hengxingmachinery.com\/#website"},"primaryImageOfPage":{"@id":"https:\/\/hengxingmachinery.com\/chain-plate-dryer\/#primaryimage"},"image":{"@id":"https:\/\/hengxingmachinery.com\/chain-plate-dryer\/#primaryimage"},"thumbnailUrl":"https:\/\/hengxingmachinery.com\/wp-content\/uploads\/2025\/03\/Chain-plate-drying-machine.png","datePublished":"2025-03-11T08:52:24+00:00","dateModified":"2025-03-11T08:54:51+00:00","breadcrumb":{"@id":"https:\/\/hengxingmachinery.com\/chain-plate-dryer\/#breadcrumb"},"inLanguage":"pt-PT","potentialAction":[{"@type":"ReadAction","target":["https:\/\/hengxingmachinery.com\/chain-plate-dryer\/"]}]},{"@type":"ImageObject","inLanguage":"pt-PT","@id":"https:\/\/hengxingmachinery.com\/chain-plate-dryer\/#primaryimage","url":"https:\/\/hengxingmachinery.com\/wp-content\/uploads\/2025\/03\/Chain-plate-drying-machine.png","contentUrl":"https:\/\/hengxingmachinery.com\/wp-content\/uploads\/2025\/03\/Chain-plate-drying-machine.png"},{"@type":"BreadcrumbList","@id":"https:\/\/hengxingmachinery.com\/chain-plate-dryer\/#breadcrumb","itemListElement":[{"@type":"ListItem","position":1,"name":"Home","item":"https:\/\/hengxingmachinery.com\/"},{"@type":"ListItem","position":2,"name":"8-1. Chain plate dryer"}]},{"@type":"WebSite","@id":"https:\/\/hengxingmachinery.com\/#website","url":"https:\/\/hengxingmachinery.com\/","name":"M\u00e1quinas Hengxing","description":"Fabricante l\u00edder de todos os tipos de m\u00e1quinas de minera\u00e7\u00e3o","publisher":{"@id":"https:\/\/hengxingmachinery.com\/#organization"},"potentialAction":[{"@type":"SearchAction","target":{"@type":"EntryPoint","urlTemplate":"https:\/\/hengxingmachinery.com\/?s={search_term_string}"},"query-input":{"@type":"PropertyValueSpecification","valueRequired":true,"valueName":"search_term_string"}}],"inLanguage":"pt-PT"},{"@type":"Organization","@id":"https:\/\/hengxingmachinery.com\/#organization","name":"M\u00e1quinas Hengxing","url":"https:\/\/hengxingmachinery.com\/","logo":{"@type":"ImageObject","inLanguage":"pt-PT","@id":"https:\/\/hengxingmachinery.com\/#\/schema\/logo\/image\/","url":"https:\/\/hengxingmachinery.com\/wp-content\/uploads\/2024\/12\/logo.png","contentUrl":"https:\/\/hengxingmachinery.com\/wp-content\/uploads\/2024\/12\/logo.png","width":400,"height":260,"caption":"Hengxing Machinery"},"image":{"@id":"https:\/\/hengxingmachinery.com\/#\/schema\/logo\/image\/"}}]}},"_links":{"self":[{"href":"https:\/\/hengxingmachinery.com\/pt\/wp-json\/wp\/v2\/pages\/2023","targetHints":{"allow":["GET"]}}],"collection":[{"href":"https:\/\/hengxingmachinery.com\/pt\/wp-json\/wp\/v2\/pages"}],"about":[{"href":"https:\/\/hengxingmachinery.com\/pt\/wp-json\/wp\/v2\/types\/page"}],"author":[{"embeddable":true,"href":"https:\/\/hengxingmachinery.com\/pt\/wp-json\/wp\/v2\/users\/1"}],"replies":[{"embeddable":true,"href":"https:\/\/hengxingmachinery.com\/pt\/wp-json\/wp\/v2\/comments?post=2023"}],"version-history":[{"count":5,"href":"https:\/\/hengxingmachinery.com\/pt\/wp-json\/wp\/v2\/pages\/2023\/revisions"}],"predecessor-version":[{"id":2036,"href":"https:\/\/hengxingmachinery.com\/pt\/wp-json\/wp\/v2\/pages\/2023\/revisions\/2036"}],"wp:attachment":[{"href":"https:\/\/hengxingmachinery.com\/pt\/wp-json\/wp\/v2\/media?parent=2023"}],"curies":[{"name":"wp","href":"https:\/\/api.w.org\/{rel}","templated":true}]}}