{"id":2066,"date":"2025-03-12T01:32:23","date_gmt":"2025-03-12T01:32:23","guid":{"rendered":"https:\/\/hengxingmachinery.com\/?page_id=2066"},"modified":"2025-03-12T01:32:24","modified_gmt":"2025-03-12T01:32:24","slug":"sand-mixer","status":"publish","type":"page","link":"https:\/\/hengxingmachinery.com\/pt\/sand-mixer\/","title":{"rendered":"8-1. Misturador de areia"},"content":{"rendered":"<div class=\"gb-container gb-container-45165f5a\">\n<div class=\"gb-container gb-container-c2652eb4\">\n\n<h1 class=\"gb-headline gb-headline-62a8b2cc gb-headline-text\">Misturador de areia<\/h1>\n\n<\/div>\n<\/div>\n\n<div class=\"gb-container gb-container-519cf624\">\n<div class=\"gb-container gb-container-71ca071e\">\n<div class=\"gb-grid-wrapper gb-grid-wrapper-8a5f0688\">\n<div class=\"gb-grid-column gb-grid-column-1e99b1c2\"><div class=\"gb-container gb-container-1e99b1c2\">\n\n<figure class=\"gb-block-image gb-block-image-e4eaba54\"><img decoding=\"async\" width=\"665\" height=\"545\" class=\"gb-image gb-image-e4eaba54\" src=\"https:\/\/hengxingmachinery.com\/wp-content\/uploads\/2025\/03\/sand-mixer-for-sale.jpg\" alt=\"\" title=\"misturador de areia \u00e0 venda\" srcset=\"https:\/\/hengxingmachinery.com\/wp-content\/uploads\/2025\/03\/sand-mixer-for-sale.jpg 665w, https:\/\/hengxingmachinery.com\/wp-content\/uploads\/2025\/03\/sand-mixer-for-sale-300x246.jpg 300w, https:\/\/hengxingmachinery.com\/wp-content\/uploads\/2025\/03\/sand-mixer-for-sale-15x12.jpg 15w\" sizes=\"(max-width: 665px) 100vw, 665px\" \/><\/figure>\n\n<\/div><\/div>\n\n<div class=\"gb-grid-column gb-grid-column-bcae065b\"><div class=\"gb-container gb-container-bcae065b\">\n\n<p><\/p>\n\n\n\n<p>Com base nas vantagens dos novos equipamentos estrangeiros de fresagem e mistura por rodas, foi projetado para combinar fresagem e mistura. Possui um bom efeito de mistura e efeito de economia de energia not\u00e1vel. \u00c9 adequado para misturar materiais em p\u00f3 e granulares.<\/p>\n\n\n<div class=\"gb-grid-wrapper gb-grid-wrapper-eebec76e\">\n<div class=\"gb-grid-column gb-grid-column-e3ada2f0\"><div class=\"gb-container gb-container-e3ada2f0\">\n\n<p><\/p>\n\n\n\n<p class=\"gb-headline gb-headline-4c79a90a gb-headline-text\"><mark style=\"background-color:rgba(0, 0, 0, 0)\" class=\"has-inline-color has-global-color-8-color\"><strong><strong>Quantidade de Mistura de Areia (t\/h)<\/strong>:<\/strong><\/mark> 1.5-20<\/p>\n\n\n\n<p> <\/p>\n\n<\/div><\/div>\n\n<div class=\"gb-grid-column gb-grid-column-0bb00826\"><div class=\"gb-container gb-container-0bb00826\">\n\n<p><\/p>\n\n\n\n<p class=\"gb-headline gb-headline-86d53f56 gb-headline-text\"><mark style=\"background-color:rgba(0, 0, 0, 0)\" class=\"has-inline-color has-global-color-8-color\"><strong><strong><strong>Pot\u00eancia (Kw)<\/strong><\/strong>:<\/strong><\/mark> 4-37<\/p>\n\n<\/div><\/div>\n<\/div>\n\n<div class=\"gb-container gb-container-256e15f1\">\n\n<a class=\"gb-button gb-button-e8b73d89 gb-button-text\" href=\"#popmake-622\">Obtenha uma cota\u00e7\u00e3o gratuita agora<\/a>\n\n<\/div>\n<\/div><\/div>\n<\/div>\n<\/div>\n<\/div>\n\n<div class=\"gb-container gb-container-af5f8799\">\n<div class=\"gb-container gb-container-2298848b\">\n\n<h2 class=\"gb-headline gb-headline-9d27ad2c gb-headline-text\">Caracter\u00edsticas do misturador de areia<\/h2>\n\n\n\n<p>1. Alta produtividade, manuten\u00e7\u00e3o f\u00e1cil, baixo consumo de energia, alta efici\u00eancia, e a m\u00e1quina inteira pode ser i\u00e7ada.<\/p>\n\n\n\n<p>2. Bom efeito de mistura, alta produtividade, sem forma\u00e7\u00e3o de grumos, opera\u00e7\u00e3o conveniente e manuten\u00e7\u00e3o f\u00e1cil.<\/p>\n\n\n\n<p>3. Boa estanqueidade, sem polui\u00e7\u00e3o ambiental e forte adaptabilidade.<\/p>\n\n\n<div class=\"gb-container gb-container-d7b7b595\">\n\n<a class=\"gb-button gb-button-c1312760 gb-button-text\" href=\"#popmake-622\">Obtenha uma cota\u00e7\u00e3o gratuita agora<\/a>\n\n<\/div>\n<\/div>\n<\/div>\n\n<div class=\"gb-container gb-container-ebd718b6\">\n<div class=\"gb-container gb-container-ae7c516c\">\n<div class=\"gb-container gb-container-5c75b960\">\n\n<h2 class=\"gb-headline gb-headline-98859344 gb-headline-text\">Princ\u00edpio de funcionamento do misturador de areia<\/h2>\n\n\n\n<p><\/p>\n\n\n\n<p>Durante o trabalho, o material \u00e9 alimentado pelo centro do prato de moagem e, sob o impulso do raspador ou de sua pr\u00f3pria for\u00e7a centr\u00edfuga, entra sob o rolo para ser triturado. <\/p>\n\n\n\n<p>Ap\u00f3s ser triturado v\u00e1rias vezes, as part\u00edculas que atendem ao tamanho necess\u00e1rio vazam pelos orif\u00edcios da peneira ao redor do prato de moagem, e as part\u00edculas grossas retornam aos rolos para serem trituradas novamente. <\/p>\n\n\n\n<p>O misturador de moinho de rodas \u00e9 adequado para triturar materiais de dureza m\u00e9dia ou inferior, como s\u00edlica e argila, ou como uma mistura de materiais.<\/p>\n\n\n<div class=\"gb-container gb-container-d6bbf16a\">\n\n<a class=\"gb-button gb-button-caa3f2bc gb-button-text\" href=\"#popmake-622\">Obtenha uma cota\u00e7\u00e3o gratuita agora<\/a>\n\n<\/div>\n<\/div>\n<\/div>\n<\/div>\n\n<div class=\"gb-container gb-container-435ad261\">\n<div class=\"gb-container gb-container-7dc79cc4\">\n\n<h2 class=\"gb-headline gb-headline-6fe5dee2 gb-headline-text\">Especifica\u00e7\u00f5es do misturador de areia<\/h2>\n\n\n\n<figure class=\"wp-block-table is-style-stripes\"><table class=\"has-fixed-layout\"><tbody><tr><td><strong>Modelo<\/strong><\/td><td><strong>Di\u00e2metro do Prato (mm)<\/strong><\/td><td><strong>Quantidade de Mistura de Areia (t\/h)<\/strong><\/td><td><strong>Quantidade de Adi\u00e7\u00e3o de Material (kg)<\/strong><\/td><td><strong>Pot\u00eancia (kW)<\/strong><\/td><\/tr><tr><td><strong>S1110<\/strong><\/td><td>1000<\/td><td>1.5-2.5<\/td><td>110<\/td><td>4<\/td><\/tr><tr><td><strong>S1111A<\/strong><\/td><td>1250<\/td><td>2-4<\/td><td>150<\/td><td>4<\/td><\/tr><tr><td><strong>S1112<\/strong><\/td><td>1250<\/td><td>3-5<\/td><td>150<\/td><td>5.5<\/td><\/tr><tr><td><strong>S1113<\/strong><\/td><td>1400<\/td><td>4-6<\/td><td>300<\/td><td>7.5<\/td><\/tr><tr><td><strong>S114C<\/strong><\/td><td>1800<\/td><td>7-8<\/td><td>500<\/td><td>15<\/td><\/tr><tr><td><strong>S114D<\/strong><\/td><td>1800<\/td><td>7-8<\/td><td>500<\/td><td>15<\/td><\/tr><tr><td><strong>S118<\/strong><\/td><td>1800<\/td><td>15<\/td><td>650<\/td><td>22<\/td><\/tr><tr><td><strong>S1120<\/strong><\/td><td>2000<\/td><td>20<\/td><td>900<\/td><td>37<\/td><\/tr><\/tbody><\/table><\/figure>\n\n\n<div class=\"gb-container gb-container-263d9700\">\n\n<a class=\"gb-button gb-button-a4cbb7be gb-button-text\" href=\"#popmake-622\">Obtenha uma cota\u00e7\u00e3o gratuita agora<\/a>\n\n<\/div>\n<\/div>\n<\/div>","protected":false},"excerpt":{"rendered":"<p>Sand mixer Characteristics of sand mixer 1. High production efficiency, easy maintenance, low power consumption, high efficiency, and the whole machine can be hoisted. 2. Good mixing effect, high production efficiency, no lump formation, convenient operation and easy maintenance. 3. Good airtightness, no environmental pollution, and strong adaptability. Sand mixer working principle When working, the &#8230; <\/p>\n<p class=\"read-more-container\"><a title=\"8-1. Misturador de areia\" class=\"read-more button\" href=\"https:\/\/hengxingmachinery.com\/pt\/sand-mixer\/#more-2066\" aria-label=\"Leia mais sobre 8-1. Sand mixer\">Ler mais<\/a><\/p>","protected":false},"author":1,"featured_media":0,"parent":0,"menu_order":0,"comment_status":"closed","ping_status":"closed","template":"","meta":{"footnotes":""},"class_list":["post-2066","page","type-page","status-publish"],"yoast_head":"<!-- This site is optimized with the Yoast SEO plugin v27.4 - https:\/\/yoast.com\/product\/yoast-seo-wordpress\/ -->\n<title>8-1. Sand mixer - Hengxing Machinery<\/title>\n<meta name=\"robots\" content=\"index, follow, max-snippet:-1, max-image-preview:large, max-video-preview:-1\" \/>\n<link rel=\"canonical\" href=\"https:\/\/hengxingmachinery.com\/pt\/sand-mixer\/\" \/>\n<meta property=\"og:locale\" content=\"pt_PT\" \/>\n<meta property=\"og:type\" content=\"article\" \/>\n<meta property=\"og:title\" content=\"8-1. Sand mixer - Hengxing Machinery\" \/>\n<meta property=\"og:description\" content=\"Sand mixer Characteristics of sand mixer 1. High production efficiency, easy maintenance, low power consumption, high efficiency, and the whole machine can be hoisted. 2. Good mixing effect, high production efficiency, no lump formation, convenient operation and easy maintenance. 3. Good airtightness, no environmental pollution, and strong adaptability. Sand mixer working principle When working, the ... Ler mais\" \/>\n<meta property=\"og:url\" content=\"https:\/\/hengxingmachinery.com\/pt\/sand-mixer\/\" \/>\n<meta property=\"og:site_name\" content=\"Hengxing Machinery\" \/>\n<meta property=\"article:modified_time\" content=\"2025-03-12T01:32:24+00:00\" \/>\n<meta property=\"og:image\" content=\"https:\/\/hengxingmachinery.com\/wp-content\/uploads\/2025\/03\/sand-mixer-for-sale.jpg\" \/>\n<meta name=\"twitter:card\" content=\"summary_large_image\" \/>\n<meta name=\"twitter:label1\" content=\"Tempo estimado de leitura\" \/>\n\t<meta name=\"twitter:data1\" content=\"2 minutos\" \/>\n<script type=\"application\/ld+json\" class=\"yoast-schema-graph\">{\"@context\":\"https:\\\/\\\/schema.org\",\"@graph\":[{\"@type\":\"WebPage\",\"@id\":\"https:\\\/\\\/hengxingmachinery.com\\\/sand-mixer\\\/\",\"url\":\"https:\\\/\\\/hengxingmachinery.com\\\/sand-mixer\\\/\",\"name\":\"8-1. Sand mixer - Hengxing Machinery\",\"isPartOf\":{\"@id\":\"https:\\\/\\\/hengxingmachinery.com\\\/#website\"},\"primaryImageOfPage\":{\"@id\":\"https:\\\/\\\/hengxingmachinery.com\\\/sand-mixer\\\/#primaryimage\"},\"image\":{\"@id\":\"https:\\\/\\\/hengxingmachinery.com\\\/sand-mixer\\\/#primaryimage\"},\"thumbnailUrl\":\"https:\\\/\\\/hengxingmachinery.com\\\/wp-content\\\/uploads\\\/2025\\\/03\\\/sand-mixer-for-sale.jpg\",\"datePublished\":\"2025-03-12T01:32:23+00:00\",\"dateModified\":\"2025-03-12T01:32:24+00:00\",\"breadcrumb\":{\"@id\":\"https:\\\/\\\/hengxingmachinery.com\\\/sand-mixer\\\/#breadcrumb\"},\"inLanguage\":\"pt-PT\",\"potentialAction\":[{\"@type\":\"ReadAction\",\"target\":[\"https:\\\/\\\/hengxingmachinery.com\\\/sand-mixer\\\/\"]}]},{\"@type\":\"ImageObject\",\"inLanguage\":\"pt-PT\",\"@id\":\"https:\\\/\\\/hengxingmachinery.com\\\/sand-mixer\\\/#primaryimage\",\"url\":\"https:\\\/\\\/hengxingmachinery.com\\\/wp-content\\\/uploads\\\/2025\\\/03\\\/sand-mixer-for-sale.jpg\",\"contentUrl\":\"https:\\\/\\\/hengxingmachinery.com\\\/wp-content\\\/uploads\\\/2025\\\/03\\\/sand-mixer-for-sale.jpg\"},{\"@type\":\"BreadcrumbList\",\"@id\":\"https:\\\/\\\/hengxingmachinery.com\\\/sand-mixer\\\/#breadcrumb\",\"itemListElement\":[{\"@type\":\"ListItem\",\"position\":1,\"name\":\"Home\",\"item\":\"https:\\\/\\\/hengxingmachinery.com\\\/\"},{\"@type\":\"ListItem\",\"position\":2,\"name\":\"8-1. Sand mixer\"}]},{\"@type\":\"WebSite\",\"@id\":\"https:\\\/\\\/hengxingmachinery.com\\\/#website\",\"url\":\"https:\\\/\\\/hengxingmachinery.com\\\/\",\"name\":\"Hengxing Machinery\",\"description\":\"Leading Manufacturer of All Sorts of Mining Machinery\",\"publisher\":{\"@id\":\"https:\\\/\\\/hengxingmachinery.com\\\/#organization\"},\"potentialAction\":[{\"@type\":\"SearchAction\",\"target\":{\"@type\":\"EntryPoint\",\"urlTemplate\":\"https:\\\/\\\/hengxingmachinery.com\\\/?s={search_term_string}\"},\"query-input\":{\"@type\":\"PropertyValueSpecification\",\"valueRequired\":true,\"valueName\":\"search_term_string\"}}],\"inLanguage\":\"pt-PT\"},{\"@type\":\"Organization\",\"@id\":\"https:\\\/\\\/hengxingmachinery.com\\\/#organization\",\"name\":\"Hengxing Machinery\",\"url\":\"https:\\\/\\\/hengxingmachinery.com\\\/\",\"logo\":{\"@type\":\"ImageObject\",\"inLanguage\":\"pt-PT\",\"@id\":\"https:\\\/\\\/hengxingmachinery.com\\\/#\\\/schema\\\/logo\\\/image\\\/\",\"url\":\"https:\\\/\\\/hengxingmachinery.com\\\/wp-content\\\/uploads\\\/2024\\\/12\\\/logo.png\",\"contentUrl\":\"https:\\\/\\\/hengxingmachinery.com\\\/wp-content\\\/uploads\\\/2024\\\/12\\\/logo.png\",\"width\":400,\"height\":260,\"caption\":\"Hengxing Machinery\"},\"image\":{\"@id\":\"https:\\\/\\\/hengxingmachinery.com\\\/#\\\/schema\\\/logo\\\/image\\\/\"}}]}<\/script>\n<!-- \/ Yoast SEO plugin. -->","yoast_head_json":{"title":"8-1. Misturador de areia - Hengxing Machinery","robots":{"index":"index","follow":"follow","max-snippet":"max-snippet:-1","max-image-preview":"max-image-preview:large","max-video-preview":"max-video-preview:-1"},"canonical":"https:\/\/hengxingmachinery.com\/pt\/sand-mixer\/","og_locale":"pt_PT","og_type":"article","og_title":"8-1. Sand mixer - Hengxing Machinery","og_description":"Sand mixer Characteristics of sand mixer 1. High production efficiency, easy maintenance, low power consumption, high efficiency, and the whole machine can be hoisted. 2. Good mixing effect, high production efficiency, no lump formation, convenient operation and easy maintenance. 3. Good airtightness, no environmental pollution, and strong adaptability. Sand mixer working principle When working, the ... Ler mais","og_url":"https:\/\/hengxingmachinery.com\/pt\/sand-mixer\/","og_site_name":"Hengxing Machinery","article_modified_time":"2025-03-12T01:32:24+00:00","og_image":[{"url":"https:\/\/hengxingmachinery.com\/wp-content\/uploads\/2025\/03\/sand-mixer-for-sale.jpg","type":"","width":"","height":""}],"twitter_card":"summary_large_image","twitter_misc":{"Tempo estimado de leitura":"2 minutos"},"schema":{"@context":"https:\/\/schema.org","@graph":[{"@type":"WebPage","@id":"https:\/\/hengxingmachinery.com\/sand-mixer\/","url":"https:\/\/hengxingmachinery.com\/sand-mixer\/","name":"8-1. Misturador de areia - Hengxing Machinery","isPartOf":{"@id":"https:\/\/hengxingmachinery.com\/#website"},"primaryImageOfPage":{"@id":"https:\/\/hengxingmachinery.com\/sand-mixer\/#primaryimage"},"image":{"@id":"https:\/\/hengxingmachinery.com\/sand-mixer\/#primaryimage"},"thumbnailUrl":"https:\/\/hengxingmachinery.com\/wp-content\/uploads\/2025\/03\/sand-mixer-for-sale.jpg","datePublished":"2025-03-12T01:32:23+00:00","dateModified":"2025-03-12T01:32:24+00:00","breadcrumb":{"@id":"https:\/\/hengxingmachinery.com\/sand-mixer\/#breadcrumb"},"inLanguage":"pt-PT","potentialAction":[{"@type":"ReadAction","target":["https:\/\/hengxingmachinery.com\/sand-mixer\/"]}]},{"@type":"ImageObject","inLanguage":"pt-PT","@id":"https:\/\/hengxingmachinery.com\/sand-mixer\/#primaryimage","url":"https:\/\/hengxingmachinery.com\/wp-content\/uploads\/2025\/03\/sand-mixer-for-sale.jpg","contentUrl":"https:\/\/hengxingmachinery.com\/wp-content\/uploads\/2025\/03\/sand-mixer-for-sale.jpg"},{"@type":"BreadcrumbList","@id":"https:\/\/hengxingmachinery.com\/sand-mixer\/#breadcrumb","itemListElement":[{"@type":"ListItem","position":1,"name":"Home","item":"https:\/\/hengxingmachinery.com\/"},{"@type":"ListItem","position":2,"name":"8-1. Sand mixer"}]},{"@type":"WebSite","@id":"https:\/\/hengxingmachinery.com\/#website","url":"https:\/\/hengxingmachinery.com\/","name":"M\u00e1quinas Hengxing","description":"Fabricante l\u00edder de todos os tipos de m\u00e1quinas de minera\u00e7\u00e3o","publisher":{"@id":"https:\/\/hengxingmachinery.com\/#organization"},"potentialAction":[{"@type":"SearchAction","target":{"@type":"EntryPoint","urlTemplate":"https:\/\/hengxingmachinery.com\/?s={search_term_string}"},"query-input":{"@type":"PropertyValueSpecification","valueRequired":true,"valueName":"search_term_string"}}],"inLanguage":"pt-PT"},{"@type":"Organization","@id":"https:\/\/hengxingmachinery.com\/#organization","name":"M\u00e1quinas Hengxing","url":"https:\/\/hengxingmachinery.com\/","logo":{"@type":"ImageObject","inLanguage":"pt-PT","@id":"https:\/\/hengxingmachinery.com\/#\/schema\/logo\/image\/","url":"https:\/\/hengxingmachinery.com\/wp-content\/uploads\/2024\/12\/logo.png","contentUrl":"https:\/\/hengxingmachinery.com\/wp-content\/uploads\/2024\/12\/logo.png","width":400,"height":260,"caption":"Hengxing Machinery"},"image":{"@id":"https:\/\/hengxingmachinery.com\/#\/schema\/logo\/image\/"}}]}},"_links":{"self":[{"href":"https:\/\/hengxingmachinery.com\/pt\/wp-json\/wp\/v2\/pages\/2066","targetHints":{"allow":["GET"]}}],"collection":[{"href":"https:\/\/hengxingmachinery.com\/pt\/wp-json\/wp\/v2\/pages"}],"about":[{"href":"https:\/\/hengxingmachinery.com\/pt\/wp-json\/wp\/v2\/types\/page"}],"author":[{"embeddable":true,"href":"https:\/\/hengxingmachinery.com\/pt\/wp-json\/wp\/v2\/users\/1"}],"replies":[{"embeddable":true,"href":"https:\/\/hengxingmachinery.com\/pt\/wp-json\/wp\/v2\/comments?post=2066"}],"version-history":[{"count":5,"href":"https:\/\/hengxingmachinery.com\/pt\/wp-json\/wp\/v2\/pages\/2066\/revisions"}],"predecessor-version":[{"id":2072,"href":"https:\/\/hengxingmachinery.com\/pt\/wp-json\/wp\/v2\/pages\/2066\/revisions\/2072"}],"wp:attachment":[{"href":"https:\/\/hengxingmachinery.com\/pt\/wp-json\/wp\/v2\/media?parent=2066"}],"curies":[{"name":"wp","href":"https:\/\/api.w.org\/{rel}","templated":true}]}}