{"id":2115,"date":"2025-03-13T07:44:19","date_gmt":"2025-03-13T07:44:19","guid":{"rendered":"https:\/\/hengxingmachinery.com\/?page_id=2115"},"modified":"2025-03-14T03:39:19","modified_gmt":"2025-03-14T03:39:19","slug":"kaolin-rotary-kiln","status":"publish","type":"page","link":"https:\/\/hengxingmachinery.com\/pt\/kaolin-rotary-kiln\/","title":{"rendered":"6-1. Forno rotativo de caulino"},"content":{"rendered":"<div class=\"gb-container gb-container-45165f5a\">\n<div class=\"gb-container gb-container-c2652eb4\">\n\n<h1 class=\"gb-headline gb-headline-62a8b2cc gb-headline-text\">Forno rotativo de caulim<\/h1>\n\n<\/div>\n<\/div>\n\n<div class=\"gb-container gb-container-519cf624\">\n<div class=\"gb-container gb-container-71ca071e\">\n<div class=\"gb-grid-wrapper gb-grid-wrapper-8a5f0688\">\n<div class=\"gb-grid-column gb-grid-column-1e99b1c2\"><div class=\"gb-container gb-container-1e99b1c2\">\n\n<figure class=\"gb-block-image gb-block-image-e4eaba54\"><img decoding=\"async\" width=\"665\" height=\"545\" class=\"gb-image gb-image-e4eaba54\" src=\"https:\/\/hengxingmachinery.com\/wp-content\/uploads\/2025\/03\/kaolin-rotary-kiln.jpg\" alt=\"\" title=\"forno-rotativo-de-caulim\" srcset=\"https:\/\/hengxingmachinery.com\/wp-content\/uploads\/2025\/03\/kaolin-rotary-kiln.jpg 665w, https:\/\/hengxingmachinery.com\/wp-content\/uploads\/2025\/03\/kaolin-rotary-kiln-300x246.jpg 300w, https:\/\/hengxingmachinery.com\/wp-content\/uploads\/2025\/03\/kaolin-rotary-kiln-15x12.jpg 15w\" sizes=\"(max-width: 665px) 100vw, 665px\" \/><\/figure>\n\n<\/div><\/div>\n\n<div class=\"gb-grid-column gb-grid-column-bcae065b\"><div class=\"gb-container gb-container-bcae065b\">\n\n<p class=\"gb-headline gb-headline-e419680e gb-headline-text\">Um forno rotativo de caulim \u00e9 um equipamento importante na produ\u00e7\u00e3o e sinteriza\u00e7\u00e3o de caulim. Geralmente, a temperatura do forno rotativo deve estar acima de 950\u00b0C. Um forno rotativo de caulim tamb\u00e9m \u00e9 chamado de forno de calcina\u00e7\u00e3o de caulim e tamb\u00e9m pode ser utilizado para calcina\u00e7\u00e3o de bauxita, calcina\u00e7\u00e3o de magn\u00e9sia, calcina\u00e7\u00e3o de \u00f3xido de zinco, etc.<\/p>\n\n\n<div class=\"gb-grid-wrapper gb-grid-wrapper-eebec76e\">\n<div class=\"gb-grid-column gb-grid-column-e3ada2f0\"><div class=\"gb-container gb-container-e3ada2f0\">\n\n<p class=\"gb-headline gb-headline-4c79a90a gb-headline-text\"><mark style=\"background-color:rgba(0, 0, 0, 0)\" class=\"has-inline-color has-global-color-8-color\"><strong>Capacidade:<\/strong><\/mark> 2-20t\/h<\/p>\n\n<\/div><\/div>\n\n<div class=\"gb-grid-column gb-grid-column-0bb00826\"><div class=\"gb-container gb-container-0bb00826\">\n\n<p class=\"gb-headline gb-headline-86d53f56 gb-headline-text\"><mark style=\"background-color:rgba(0, 0, 0, 0)\" class=\"has-inline-color has-global-color-8-color\"><strong><strong>Modelo<\/strong>:<\/strong><\/mark> \u00d81,6\u00d732m - \u00d84\u00d780m<\/p>\n\n<\/div><\/div>\n<\/div>\n\n\n<p class=\"gb-headline gb-headline-2750f5a7 gb-headline-text\"><strong>Peso do equipamento:<\/strong><\/p>\n\n\n\n<p>&nbsp;46,8-564,8 toneladas<\/p>\n\n\n\n<p class=\"gb-headline gb-headline-90e9c23c gb-headline-text\"><strong>Aplica\u00e7\u00e3o:<\/strong><\/p>\n\n\n\n<p>Adequado para metalurgia, ind\u00fastria qu\u00edmica e de materiais de constru\u00e7\u00e3o, etc.<\/p>\n\n\n<div class=\"gb-container gb-container-256e15f1\">\n\n<a class=\"gb-button gb-button-e8b73d89 gb-button-text\" href=\"#popmake-622\">Obtenha uma cota\u00e7\u00e3o gratuita agora<\/a>\n\n<\/div>\n<\/div><\/div>\n<\/div>\n<\/div>\n<\/div>\n\n<div class=\"gb-container gb-container-af5f8799\">\n<div class=\"gb-container gb-container-2298848b\">\n\n<h2 class=\"gb-headline gb-headline-9d27ad2c gb-headline-text\">Caracter\u00edsticas destacadas do forno rotativo de caulim<\/h2>\n\n\n\n<figure class=\"gb-block-image gb-block-image-d3dc0db2\"><img decoding=\"async\" width=\"665\" height=\"545\" class=\"gb-image gb-image-d3dc0db2\" src=\"https:\/\/hengxingmachinery.com\/wp-content\/uploads\/2025\/03\/features-of-kaolin-rotary-kiln.jpg\" alt=\"\" title=\"caracter\u00edsticas-do-forno-rotativo-de-caulim\" srcset=\"https:\/\/hengxingmachinery.com\/wp-content\/uploads\/2025\/03\/features-of-kaolin-rotary-kiln.jpg 665w, https:\/\/hengxingmachinery.com\/wp-content\/uploads\/2025\/03\/features-of-kaolin-rotary-kiln-300x246.jpg 300w, https:\/\/hengxingmachinery.com\/wp-content\/uploads\/2025\/03\/features-of-kaolin-rotary-kiln-15x12.jpg 15w\" sizes=\"(max-width: 665px) 100vw, 665px\" \/><\/figure>\n\n\n\n<p>1. O forno rotativo de caulim possui estrutura externa simples e estrutura interna racional, sendo f\u00e1cil de instalar, operar e manter;<\/p>\n\n\n\n<p>2. O cilindro interno do forno opera de forma muito uniforme, com baixo consumo de energia t\u00e9rmica, baixo consumo de energia el\u00e9trica e baixa taxa de falhas, o que n\u00e3o apenas realiza efetivamente a reciclagem da energia t\u00e9rmica, mas tamb\u00e9m reduz os custos de produ\u00e7\u00e3o;<\/p>\n\n\n\n<p>3. A veda\u00e7\u00e3o interna do forno \u00e9 relativamente racional, impedindo efetivamente a entrada de corpos estranhos e ar frio do exterior e, ao mesmo tempo, reduzindo o derramamento de poeira, diminuindo a polui\u00e7\u00e3o por poeira e melhorando o ambiente de produ\u00e7\u00e3o;<\/p>\n\n\n\n<p>4. O equipamento est\u00e1 equipado com um dispositivo de resfriamento autom\u00e1tico. O caulim calcinado entrar\u00e1 automaticamente no dispositivo de resfriamento para realizar o resfriamento autom\u00e1tico, o que pode efetivamente melhorar a taxa de reciclagem dos materiais de caulim e aumentar a produ\u00e7\u00e3o do produto.<\/p>\n\n\n<div class=\"gb-container gb-container-d7b7b595\">\n\n<a class=\"gb-button gb-button-c1312760 gb-button-text\" href=\"#popmake-622\">Obtenha uma cota\u00e7\u00e3o gratuita agora<\/a>\n\n<\/div>\n<\/div>\n<\/div>\n\n<div class=\"gb-container gb-container-ebd718b6\">\n<div class=\"gb-container gb-container-5c75b960\">\n\n<h2 class=\"gb-headline gb-headline-98859344 gb-headline-text\">Princ\u00edpio de funcionamento do forno rotativo de caulim<\/h2>\n\n\n\n<figure class=\"gb-block-image gb-block-image-c486b36e\"><img decoding=\"async\" width=\"1450\" height=\"600\" class=\"gb-image gb-image-c486b36e\" src=\"https:\/\/hengxingmachinery.com\/wp-content\/uploads\/2025\/03\/components-of-kaolin-rotary-kiln.jpg\" alt=\"\" title=\"componentes-do-forno-rotativo-de-caulim\" srcset=\"https:\/\/hengxingmachinery.com\/wp-content\/uploads\/2025\/03\/components-of-kaolin-rotary-kiln.jpg 1450w, https:\/\/hengxingmachinery.com\/wp-content\/uploads\/2025\/03\/components-of-kaolin-rotary-kiln-300x124.jpg 300w, https:\/\/hengxingmachinery.com\/wp-content\/uploads\/2025\/03\/components-of-kaolin-rotary-kiln-1024x424.jpg 1024w, https:\/\/hengxingmachinery.com\/wp-content\/uploads\/2025\/03\/components-of-kaolin-rotary-kiln-768x318.jpg 768w, https:\/\/hengxingmachinery.com\/wp-content\/uploads\/2025\/03\/components-of-kaolin-rotary-kiln-18x7.jpg 18w\" sizes=\"(max-width: 1450px) 100vw, 1450px\" \/><\/figure>\n\n\n\n<p>Quando o forno rotativo de caulim come\u00e7a a funcionar, a mat\u00e9ria-prima de caulim entra no cilindro atrav\u00e9s do pr\u00e9-aquecedor a partir da extremidade do forno. Devido \u00e0 instala\u00e7\u00e3o inclinada do cilindro e \u00e0 rota\u00e7\u00e3o lenta, o material de caulim produz um movimento de rota\u00e7\u00e3o na dire\u00e7\u00e3o circunferencial e um movimento. <\/p>\n\n\n\n<p>composto na dire\u00e7\u00e3o axial, deslocando-se da extremidade superior para a inferior. O material de caulim \u00e9 decomposto e queimado no forno, e o cl\u00ednquer \u00e9 descarregado da cabe\u00e7a do forno (extremidade inferior) e entra no resfriador.<\/p>\n\n\n<div class=\"gb-container gb-container-d6bbf16a\">\n\n<a class=\"gb-button gb-button-caa3f2bc gb-button-text\" href=\"#popmake-622\">Obtenha uma cota\u00e7\u00e3o gratuita agora<\/a>\n\n<\/div>\n<\/div>\n<\/div>\n\n<div class=\"gb-container gb-container-435ad261\">\n<div class=\"gb-container gb-container-7dc79cc4\">\n\n<h2 class=\"gb-headline gb-headline-6fe5dee2 gb-headline-text\">Especifica\u00e7\u00f5es do forno rotativo de caulim<\/h2>\n\n\n\n<figure class=\"wp-block-table is-style-regular\"><table class=\"has-fixed-layout\"><tbody><tr><td rowspan=\"2\"><strong>Tipo<\/strong><\/td><td rowspan=\"2\"><strong>Tipo de especifica\u00e7\u00e3o (m)<\/strong><\/td><td class=\"has-text-align-center\" data-align=\"center\" colspan=\"3\"><strong>Dimens\u00e3o do corpo<\/strong><\/td><td rowspan=\"2\">&nbsp;<strong>Produ\u00e7\u00e3o (t\/h)<\/strong><\/td><td rowspan=\"2\">&nbsp;<strong>Rota\u00e7\u00e3o (rpm)<\/strong><\/td><td rowspan=\"2\">&nbsp;<strong>Pot\u00eancia do motor (kw)<\/strong><\/td><td rowspan=\"2\">&nbsp;<strong>Peso (t)<\/strong><\/td><\/tr><tr><td><strong>Di\u00e2metro (m)<\/strong><\/td><td>&nbsp;<strong>Comprimento (m)<\/strong><\/td><td class=\"has-text-align-center\" data-align=\"center\">&nbsp;<strong>Inclina\u00e7\u00e3o<\/strong> <strong>(%)<\/strong><\/td><\/tr><tr><td rowspan=\"12\">Forno rotativo de tubo reto<\/td><td>\u04241.8\u00d745<\/td><td class=\"has-text-align-center\" data-align=\"center\">1.8<\/td><td>45<\/td><td>4<\/td><td>1.9-2.4<\/td><td>0.16-1.62<\/td><td>30<\/td><td>78.2<\/td><\/tr><tr><td>\u04241.9\u00d739<\/td><td>1.9<\/td><td class=\"has-text-align-center\" data-align=\"center\">39<\/td><td>4<\/td><td>1.65-3<\/td><td>0.29-2.93<\/td><td>30<\/td><td>77.59<\/td><\/tr><tr><td>\u04242.0\u00d740<\/td><td>2<\/td><td class=\"has-text-align-center\" data-align=\"center\">40<\/td><td>3<\/td><td>2.5-4<\/td><td>0.23-2.26<\/td><td>37<\/td><td>119.1<\/td><\/tr><tr><td>\u04242.2\u00d745<\/td><td>2.2<\/td><td class=\"has-text-align-center\" data-align=\"center\">45<\/td><td>3.5<\/td><td>3.4-5.4<\/td><td>0.21-2.44<\/td><td>45<\/td><td>128.3<\/td><\/tr><tr><td>\u04242.5\u00d740<\/td><td>2.5<\/td><td class=\"has-text-align-center\" data-align=\"center\">40<\/td><td>3.5<\/td><td>9.0-10.5<\/td><td>0.44-2.44<\/td><td>55<\/td><td>149.61<\/td><\/tr><tr><td>\u04242.5\u00d750<\/td><td>2.5<\/td><td class=\"has-text-align-center\" data-align=\"center\">50<\/td><td>3<\/td><td>6.25-7.4<\/td><td>0.62-1.86<\/td><td>55<\/td><td>187.37<\/td><\/tr><tr><td>\u04242.5\u00d754<\/td><td>2.5<\/td><td class=\"has-text-align-center\" data-align=\"center\">54<\/td><td>3.5<\/td><td>6.9-8.5<\/td><td>0.48-1.45<\/td><td>55<\/td><td>196.29<\/td><\/tr><tr><td>\u04242.7\u00d742<\/td><td>2.7<\/td><td class=\"has-text-align-center\" data-align=\"center\">42<\/td><td>3.5<\/td><td>10.0-11.0<\/td><td>0.10-1.52<\/td><td>55<\/td><td>198.5<\/td><\/tr><tr><td>\u04242.8\u00d744<\/td><td>2.8<\/td><td class=\"has-text-align-center\" data-align=\"center\">44<\/td><td>3.5<\/td><td>12.5-13.5<\/td><td>0.437-2.47<\/td><td>55<\/td><td>201.58<\/td><\/tr><tr><td>\u04243.0\u00d745<\/td><td>3<\/td><td class=\"has-text-align-center\" data-align=\"center\">45<\/td><td>3.5<\/td><td>12.8-14.5<\/td><td>0.5-2.47<\/td><td>75<\/td><td>210.94<\/td><\/tr><tr><td>\u04243.0\u00d748<\/td><td>3<\/td><td class=\"has-text-align-center\" data-align=\"center\">48<\/td><td>3.5<\/td><td>25.6-29.3<\/td><td>0.6-3.48<\/td><td>90<\/td><td>237<\/td><\/tr><tr><td>\u04243.2\u00d750<\/td><td>3.2<\/td><td class=\"has-text-align-center\" data-align=\"center\">50<\/td><td>4<\/td><td>40.5-42<\/td><td>0.6-3<\/td><td>100<\/td><td>278<\/td><\/tr><\/tbody><\/table><\/figure>\n\n\n<div class=\"gb-container gb-container-263d9700\">\n\n<a class=\"gb-button gb-button-a4cbb7be gb-button-text\" href=\"#popmake-622\">Obtenha uma cota\u00e7\u00e3o gratuita agora<\/a>\n\n<\/div>\n<\/div>\n<\/div>","protected":false},"excerpt":{"rendered":"<p>Kaolin rotary kiln Outstanding features of kaolin rotary kiln 1. Kaolin rotary kiln has a simple external structure and reasonable internal structure, which is easy to install, operate and maintain; 2. The cylinder inside the kiln runs very uniformly, with low heat energy consumption, low power consumption and low failure rate, which not only effectively &#8230; <\/p>\n<p class=\"read-more-container\"><a title=\"6-1. Forno rotativo de caulino\" class=\"read-more button\" href=\"https:\/\/hengxingmachinery.com\/pt\/kaolin-rotary-kiln\/#more-2115\" aria-label=\"Leia mais sobre 6-1. Kaolin rotary kiln\">Ler mais<\/a><\/p>","protected":false},"author":1,"featured_media":0,"parent":0,"menu_order":0,"comment_status":"closed","ping_status":"closed","template":"","meta":{"footnotes":""},"class_list":["post-2115","page","type-page","status-publish"],"yoast_head":"<!-- This site is optimized with the Yoast SEO plugin v27.4 - https:\/\/yoast.com\/product\/yoast-seo-wordpress\/ -->\n<title>6-1. Kaolin rotary kiln - Hengxing Machinery<\/title>\n<meta name=\"robots\" content=\"index, follow, max-snippet:-1, max-image-preview:large, max-video-preview:-1\" \/>\n<link rel=\"canonical\" href=\"https:\/\/hengxingmachinery.com\/pt\/kaolin-rotary-kiln\/\" \/>\n<meta property=\"og:locale\" content=\"pt_PT\" \/>\n<meta property=\"og:type\" content=\"article\" \/>\n<meta property=\"og:title\" content=\"6-1. Kaolin rotary kiln - Hengxing Machinery\" \/>\n<meta property=\"og:description\" content=\"Kaolin rotary kiln Outstanding features of kaolin rotary kiln 1. Kaolin rotary kiln has a simple external structure and reasonable internal structure, which is easy to install, operate and maintain; 2. The cylinder inside the kiln runs very uniformly, with low heat energy consumption, low power consumption and low failure rate, which not only effectively ... Ler mais\" \/>\n<meta property=\"og:url\" content=\"https:\/\/hengxingmachinery.com\/pt\/kaolin-rotary-kiln\/\" \/>\n<meta property=\"og:site_name\" content=\"Hengxing Machinery\" \/>\n<meta property=\"article:modified_time\" content=\"2025-03-14T03:39:19+00:00\" \/>\n<meta property=\"og:image\" content=\"https:\/\/hengxingmachinery.com\/wp-content\/uploads\/2025\/03\/kaolin-rotary-kiln.jpg\" \/>\n<meta name=\"twitter:card\" content=\"summary_large_image\" \/>\n<meta name=\"twitter:label1\" content=\"Tempo estimado de leitura\" \/>\n\t<meta name=\"twitter:data1\" content=\"3 minutos\" \/>\n<script type=\"application\/ld+json\" class=\"yoast-schema-graph\">{\"@context\":\"https:\\\/\\\/schema.org\",\"@graph\":[{\"@type\":\"WebPage\",\"@id\":\"https:\\\/\\\/hengxingmachinery.com\\\/kaolin-rotary-kiln\\\/\",\"url\":\"https:\\\/\\\/hengxingmachinery.com\\\/kaolin-rotary-kiln\\\/\",\"name\":\"6-1. Kaolin rotary kiln - Hengxing Machinery\",\"isPartOf\":{\"@id\":\"https:\\\/\\\/hengxingmachinery.com\\\/#website\"},\"primaryImageOfPage\":{\"@id\":\"https:\\\/\\\/hengxingmachinery.com\\\/kaolin-rotary-kiln\\\/#primaryimage\"},\"image\":{\"@id\":\"https:\\\/\\\/hengxingmachinery.com\\\/kaolin-rotary-kiln\\\/#primaryimage\"},\"thumbnailUrl\":\"https:\\\/\\\/hengxingmachinery.com\\\/wp-content\\\/uploads\\\/2025\\\/03\\\/kaolin-rotary-kiln.jpg\",\"datePublished\":\"2025-03-13T07:44:19+00:00\",\"dateModified\":\"2025-03-14T03:39:19+00:00\",\"breadcrumb\":{\"@id\":\"https:\\\/\\\/hengxingmachinery.com\\\/kaolin-rotary-kiln\\\/#breadcrumb\"},\"inLanguage\":\"pt-PT\",\"potentialAction\":[{\"@type\":\"ReadAction\",\"target\":[\"https:\\\/\\\/hengxingmachinery.com\\\/kaolin-rotary-kiln\\\/\"]}]},{\"@type\":\"ImageObject\",\"inLanguage\":\"pt-PT\",\"@id\":\"https:\\\/\\\/hengxingmachinery.com\\\/kaolin-rotary-kiln\\\/#primaryimage\",\"url\":\"https:\\\/\\\/hengxingmachinery.com\\\/wp-content\\\/uploads\\\/2025\\\/03\\\/kaolin-rotary-kiln.jpg\",\"contentUrl\":\"https:\\\/\\\/hengxingmachinery.com\\\/wp-content\\\/uploads\\\/2025\\\/03\\\/kaolin-rotary-kiln.jpg\"},{\"@type\":\"BreadcrumbList\",\"@id\":\"https:\\\/\\\/hengxingmachinery.com\\\/kaolin-rotary-kiln\\\/#breadcrumb\",\"itemListElement\":[{\"@type\":\"ListItem\",\"position\":1,\"name\":\"Home\",\"item\":\"https:\\\/\\\/hengxingmachinery.com\\\/\"},{\"@type\":\"ListItem\",\"position\":2,\"name\":\"6-1. Kaolin rotary kiln\"}]},{\"@type\":\"WebSite\",\"@id\":\"https:\\\/\\\/hengxingmachinery.com\\\/#website\",\"url\":\"https:\\\/\\\/hengxingmachinery.com\\\/\",\"name\":\"Hengxing Machinery\",\"description\":\"Leading Manufacturer of All Sorts of Mining Machinery\",\"publisher\":{\"@id\":\"https:\\\/\\\/hengxingmachinery.com\\\/#organization\"},\"potentialAction\":[{\"@type\":\"SearchAction\",\"target\":{\"@type\":\"EntryPoint\",\"urlTemplate\":\"https:\\\/\\\/hengxingmachinery.com\\\/?s={search_term_string}\"},\"query-input\":{\"@type\":\"PropertyValueSpecification\",\"valueRequired\":true,\"valueName\":\"search_term_string\"}}],\"inLanguage\":\"pt-PT\"},{\"@type\":\"Organization\",\"@id\":\"https:\\\/\\\/hengxingmachinery.com\\\/#organization\",\"name\":\"Hengxing Machinery\",\"url\":\"https:\\\/\\\/hengxingmachinery.com\\\/\",\"logo\":{\"@type\":\"ImageObject\",\"inLanguage\":\"pt-PT\",\"@id\":\"https:\\\/\\\/hengxingmachinery.com\\\/#\\\/schema\\\/logo\\\/image\\\/\",\"url\":\"https:\\\/\\\/hengxingmachinery.com\\\/wp-content\\\/uploads\\\/2024\\\/12\\\/logo.png\",\"contentUrl\":\"https:\\\/\\\/hengxingmachinery.com\\\/wp-content\\\/uploads\\\/2024\\\/12\\\/logo.png\",\"width\":400,\"height\":260,\"caption\":\"Hengxing Machinery\"},\"image\":{\"@id\":\"https:\\\/\\\/hengxingmachinery.com\\\/#\\\/schema\\\/logo\\\/image\\\/\"}}]}<\/script>\n<!-- \/ Yoast SEO plugin. -->","yoast_head_json":{"title":"6-1. Forno rotativo de caulino - Hengxing Machinery","robots":{"index":"index","follow":"follow","max-snippet":"max-snippet:-1","max-image-preview":"max-image-preview:large","max-video-preview":"max-video-preview:-1"},"canonical":"https:\/\/hengxingmachinery.com\/pt\/kaolin-rotary-kiln\/","og_locale":"pt_PT","og_type":"article","og_title":"6-1. Kaolin rotary kiln - Hengxing Machinery","og_description":"Kaolin rotary kiln Outstanding features of kaolin rotary kiln 1. Kaolin rotary kiln has a simple external structure and reasonable internal structure, which is easy to install, operate and maintain; 2. The cylinder inside the kiln runs very uniformly, with low heat energy consumption, low power consumption and low failure rate, which not only effectively ... Ler mais","og_url":"https:\/\/hengxingmachinery.com\/pt\/kaolin-rotary-kiln\/","og_site_name":"Hengxing Machinery","article_modified_time":"2025-03-14T03:39:19+00:00","og_image":[{"url":"https:\/\/hengxingmachinery.com\/wp-content\/uploads\/2025\/03\/kaolin-rotary-kiln.jpg","type":"","width":"","height":""}],"twitter_card":"summary_large_image","twitter_misc":{"Tempo estimado de leitura":"3 minutos"},"schema":{"@context":"https:\/\/schema.org","@graph":[{"@type":"WebPage","@id":"https:\/\/hengxingmachinery.com\/kaolin-rotary-kiln\/","url":"https:\/\/hengxingmachinery.com\/kaolin-rotary-kiln\/","name":"6-1. Forno rotativo de caulino - Hengxing Machinery","isPartOf":{"@id":"https:\/\/hengxingmachinery.com\/#website"},"primaryImageOfPage":{"@id":"https:\/\/hengxingmachinery.com\/kaolin-rotary-kiln\/#primaryimage"},"image":{"@id":"https:\/\/hengxingmachinery.com\/kaolin-rotary-kiln\/#primaryimage"},"thumbnailUrl":"https:\/\/hengxingmachinery.com\/wp-content\/uploads\/2025\/03\/kaolin-rotary-kiln.jpg","datePublished":"2025-03-13T07:44:19+00:00","dateModified":"2025-03-14T03:39:19+00:00","breadcrumb":{"@id":"https:\/\/hengxingmachinery.com\/kaolin-rotary-kiln\/#breadcrumb"},"inLanguage":"pt-PT","potentialAction":[{"@type":"ReadAction","target":["https:\/\/hengxingmachinery.com\/kaolin-rotary-kiln\/"]}]},{"@type":"ImageObject","inLanguage":"pt-PT","@id":"https:\/\/hengxingmachinery.com\/kaolin-rotary-kiln\/#primaryimage","url":"https:\/\/hengxingmachinery.com\/wp-content\/uploads\/2025\/03\/kaolin-rotary-kiln.jpg","contentUrl":"https:\/\/hengxingmachinery.com\/wp-content\/uploads\/2025\/03\/kaolin-rotary-kiln.jpg"},{"@type":"BreadcrumbList","@id":"https:\/\/hengxingmachinery.com\/kaolin-rotary-kiln\/#breadcrumb","itemListElement":[{"@type":"ListItem","position":1,"name":"Home","item":"https:\/\/hengxingmachinery.com\/"},{"@type":"ListItem","position":2,"name":"6-1. Kaolin rotary kiln"}]},{"@type":"WebSite","@id":"https:\/\/hengxingmachinery.com\/#website","url":"https:\/\/hengxingmachinery.com\/","name":"M\u00e1quinas Hengxing","description":"Fabricante l\u00edder de todos os tipos de m\u00e1quinas de minera\u00e7\u00e3o","publisher":{"@id":"https:\/\/hengxingmachinery.com\/#organization"},"potentialAction":[{"@type":"SearchAction","target":{"@type":"EntryPoint","urlTemplate":"https:\/\/hengxingmachinery.com\/?s={search_term_string}"},"query-input":{"@type":"PropertyValueSpecification","valueRequired":true,"valueName":"search_term_string"}}],"inLanguage":"pt-PT"},{"@type":"Organization","@id":"https:\/\/hengxingmachinery.com\/#organization","name":"M\u00e1quinas Hengxing","url":"https:\/\/hengxingmachinery.com\/","logo":{"@type":"ImageObject","inLanguage":"pt-PT","@id":"https:\/\/hengxingmachinery.com\/#\/schema\/logo\/image\/","url":"https:\/\/hengxingmachinery.com\/wp-content\/uploads\/2024\/12\/logo.png","contentUrl":"https:\/\/hengxingmachinery.com\/wp-content\/uploads\/2024\/12\/logo.png","width":400,"height":260,"caption":"Hengxing Machinery"},"image":{"@id":"https:\/\/hengxingmachinery.com\/#\/schema\/logo\/image\/"}}]}},"_links":{"self":[{"href":"https:\/\/hengxingmachinery.com\/pt\/wp-json\/wp\/v2\/pages\/2115","targetHints":{"allow":["GET"]}}],"collection":[{"href":"https:\/\/hengxingmachinery.com\/pt\/wp-json\/wp\/v2\/pages"}],"about":[{"href":"https:\/\/hengxingmachinery.com\/pt\/wp-json\/wp\/v2\/types\/page"}],"author":[{"embeddable":true,"href":"https:\/\/hengxingmachinery.com\/pt\/wp-json\/wp\/v2\/users\/1"}],"replies":[{"embeddable":true,"href":"https:\/\/hengxingmachinery.com\/pt\/wp-json\/wp\/v2\/comments?post=2115"}],"version-history":[{"count":3,"href":"https:\/\/hengxingmachinery.com\/pt\/wp-json\/wp\/v2\/pages\/2115\/revisions"}],"predecessor-version":[{"id":2209,"href":"https:\/\/hengxingmachinery.com\/pt\/wp-json\/wp\/v2\/pages\/2115\/revisions\/2209"}],"wp:attachment":[{"href":"https:\/\/hengxingmachinery.com\/pt\/wp-json\/wp\/v2\/media?parent=2115"}],"curies":[{"name":"wp","href":"https:\/\/api.w.org\/{rel}","templated":true}]}}